{"id":6013,"date":"2021-05-20T19:10:28","date_gmt":"2021-05-20T16:10:28","guid":{"rendered":"https:\/\/msakademija.com\/?page_id=6013"},"modified":"2023-09-23T23:44:01","modified_gmt":"2023-09-23T20:44:01","slug":"individual-make-up-courses","status":"publish","type":"page","link":"https:\/\/msakademija.com\/en\/individualus-makiazo-kursai\/","title":{"rendered":"Individual make-up courses"},"content":{"rendered":"<div data-elementor-type=\"wp-page\" data-elementor-id=\"6013\" class=\"elementor elementor-6013\" data-elementor-post-type=\"page\">\n\t\t\t\t\t\t<section class=\"elementor-section elementor-top-section elementor-element elementor-element-2517384 elementor-section-boxed elementor-section-height-default elementor-section-height-default\" data-id=\"2517384\" data-element_type=\"section\" data-e-type=\"section\" data-settings=\"{&quot;background_background&quot;:&quot;classic&quot;,&quot;ekit_has_onepagescroll_dot&quot;:&quot;yes&quot;}\">\n\t\t\t\t\t\t<div class=\"elementor-container elementor-column-gap-default\">\n\t\t\t\t\t<div class=\"elementor-column elementor-col-100 elementor-top-column elementor-element elementor-element-a511554\" data-id=\"a511554\" data-element_type=\"column\" data-e-type=\"column\">\n\t\t\t<div class=\"elementor-widget-wrap elementor-element-populated\">\n\t\t\t\t\t\t<div class=\"elementor-element elementor-element-6f45f51 elementor-widget elementor-widget-spacer\" data-id=\"6f45f51\" data-element_type=\"widget\" data-e-type=\"widget\" data-settings=\"{&quot;ekit_we_effect_on&quot;:&quot;none&quot;}\" data-widget_type=\"spacer.default\">\n\t\t\t\t<div class=\"elementor-widget-container\">\n\t\t\t\t\t\t\t<div class=\"elementor-spacer\">\n\t\t\t<div class=\"elementor-spacer-inner\"><\/div>\n\t\t<\/div>\n\t\t\t\t\t\t<\/div>\n\t\t\t\t<\/div>\n\t\t\t\t<div class=\"elementor-element elementor-element-9b88df6 elementor-widget elementor-widget-heading\" data-id=\"9b88df6\" data-element_type=\"widget\" data-e-type=\"widget\" data-settings=\"{&quot;ekit_we_effect_on&quot;:&quot;none&quot;}\" data-widget_type=\"heading.default\">\n\t\t\t\t<div class=\"elementor-widget-container\">\n\t\t\t\t\t<h2 class=\"elementor-heading-title elementor-size-default\">Information in preparation<\/h2>\t\t\t\t<\/div>\n\t\t\t\t<\/div>\n\t\t\t\t\t<\/div>\n\t\t<\/div>\n\t\t\t\t\t<\/div>\n\t\t<\/section>\n\t\t\t\t<section class=\"elementor-section elementor-top-section elementor-element elementor-element-f68a09a elementor-section-full_width elementor-section-height-default elementor-section-height-default\" data-id=\"f68a09a\" data-element_type=\"section\" data-e-type=\"section\" data-settings=\"{&quot;background_background&quot;:&quot;classic&quot;,&quot;ekit_has_onepagescroll_dot&quot;:&quot;yes&quot;}\">\n\t\t\t\t\t\t<div class=\"elementor-container elementor-column-gap-default\">\n\t\t\t\t\t<div class=\"elementor-column elementor-col-100 elementor-top-column elementor-element elementor-element-2b2bea38\" data-id=\"2b2bea38\" data-element_type=\"column\" data-e-type=\"column\">\n\t\t\t<div class=\"elementor-widget-wrap elementor-element-populated\">\n\t\t\t\t\t\t<div class=\"elementor-element elementor-element-2799c345 elementor-widget elementor-widget-heading\" data-id=\"2799c345\" data-element_type=\"widget\" data-e-type=\"widget\" data-settings=\"{&quot;ekit_we_effect_on&quot;:&quot;none&quot;}\" data-widget_type=\"heading.default\">\n\t\t\t\t<div class=\"elementor-widget-container\">\n\t\t\t\t\t<h4 class=\"elementor-heading-title elementor-size-default\">Individual make-up courses<\/h4>\t\t\t\t<\/div>\n\t\t\t\t<\/div>\n\t\t\t\t<section class=\"elementor-section elementor-inner-section elementor-element elementor-element-75898818 elementor-section-boxed elementor-section-height-default elementor-section-height-default\" data-id=\"75898818\" data-element_type=\"section\" data-e-type=\"section\" data-settings=\"{&quot;ekit_has_onepagescroll_dot&quot;:&quot;yes&quot;}\">\n\t\t\t\t\t\t<div class=\"elementor-container elementor-column-gap-default\">\n\t\t\t\t\t<div class=\"elementor-column elementor-col-50 elementor-inner-column elementor-element elementor-element-68582876\" data-id=\"68582876\" data-element_type=\"column\" data-e-type=\"column\">\n\t\t\t<div class=\"elementor-widget-wrap elementor-element-populated\">\n\t\t\t\t\t\t<div class=\"elementor-element elementor-element-6030d0d elementor-widget elementor-widget-text-editor\" data-id=\"6030d0d\" data-element_type=\"widget\" data-e-type=\"widget\" data-settings=\"{&quot;ekit_we_effect_on&quot;:&quot;none&quot;}\" data-widget_type=\"text-editor.default\">\n\t\t\t\t<div class=\"elementor-widget-container\">\n\t\t\t\t\t\t\t\t\t<p>Individual make-up courses are a great way to learn and improve your make-up skills. With the popularity of make-up and the beauty industry, many people want to improve their skills and knowledge in this area. Make-up courses are designed for all levels of professionals, from beginners to advanced professionals. The advantage of these courses is that they can be tailored to the individual's specific needs and preferences, making them a great choice for those who want to learn at their own pace and in their own time.<\/p><p>One of the main advantages of individual make-up courses is the personal attention that students receive. Unlike group courses, where the teacher has to divide his\/her time and attention between several students, in individual courses the student and the teacher can interact one-to-one. This means that the tutor can take into account the specific needs of the student and help them to overcome any difficulties they may be facing.<\/p>\t\t\t\t\t\t\t\t<\/div>\n\t\t\t\t<\/div>\n\t\t\t\t\t<\/div>\n\t\t<\/div>\n\t\t\t\t<div class=\"elementor-column elementor-col-50 elementor-inner-column elementor-element elementor-element-3c799622\" data-id=\"3c799622\" data-element_type=\"column\" data-e-type=\"column\">\n\t\t\t<div class=\"elementor-widget-wrap elementor-element-populated\">\n\t\t\t\t\t\t\t<\/div>\n\t\t<\/div>\n\t\t\t\t\t<\/div>\n\t\t<\/section>\n\t\t\t\t\t<\/div>\n\t\t<\/div>\n\t\t\t\t\t<\/div>\n\t\t<\/section>\n\t\t\t\t<\/div>","protected":false},"excerpt":{"rendered":"<p>Informacija ruo\u0161iama Individual\u016bs makia\u017eo kursai Individual\u016bs makia\u017eo kursai yra puikus b\u016bdas mokytis ir tobulinti makia\u017eo \u012fg\u016bd\u017eius. Populiar\u0117jant makia\u017eui ir gro\u017eio pramonei, daugelis \u017emoni\u0173 nori patobulinti savo \u012fg\u016bd\u017eius ir \u017einias \u0161ioje srityje. Makia\u017eo kursai skirti \u012fvairaus lygio specialistams &#8211; nuo pradedan\u010di\u0173j\u0173 iki pa\u017eengusi\u0173 profesional\u0173. \u0160i\u0173 kurs\u0173 privalumas tas, kad juos galima pritaikyti prie konkre\u010di\u0173 asmens poreiki\u0173 [&#8230;]\n","protected":false},"author":1,"featured_media":0,"parent":0,"menu_order":0,"comment_status":"closed","ping_status":"closed","template":"elementor_header_footer","meta":{"footnotes":""},"class_list":["post-6013","page","type-page","status-publish","hentry"],"yoast_head":"<!-- This site is optimized with the Yoast SEO Premium plugin v27.4 (Yoast SEO v27.4) - https:\/\/yoast.com\/product\/yoast-seo-premium-wordpress\/ -->\n<title>Individual\u016bs makia\u017eo kursai - MS akademija<\/title>\n<meta name=\"robots\" content=\"index, follow, max-snippet:-1, max-image-preview:large, max-video-preview:-1\" \/>\n<link rel=\"canonical\" href=\"https:\/\/msakademija.com\/en\/individual-make-up-courses\/\" \/>\n<meta property=\"og:locale\" content=\"en_US\" \/>\n<meta property=\"og:type\" content=\"article\" \/>\n<meta property=\"og:title\" content=\"Individual\u016bs makia\u017eo kursai\" \/>\n<meta property=\"og:description\" content=\"Informacija ruo\u0161iama Individual\u016bs makia\u017eo kursai Individual\u016bs makia\u017eo kursai yra puikus b\u016bdas mokytis ir tobulinti makia\u017eo \u012fg\u016bd\u017eius. Populiar\u0117jant makia\u017eui ir gro\u017eio pramonei, daugelis \u017emoni\u0173 nori patobulinti savo \u012fg\u016bd\u017eius ir \u017einias \u0161ioje srityje. Makia\u017eo kursai skirti \u012fvairaus lygio specialistams &#8211; nuo pradedan\u010di\u0173j\u0173 iki pa\u017eengusi\u0173 profesional\u0173. \u0160i\u0173 kurs\u0173 privalumas tas, kad juos galima pritaikyti prie konkre\u010di\u0173 asmens poreiki\u0173 [...]\" \/>\n<meta property=\"og:url\" content=\"https:\/\/msakademija.com\/en\/individual-make-up-courses\/\" \/>\n<meta property=\"og:site_name\" content=\"MS akademija\" \/>\n<meta property=\"article:publisher\" content=\"https:\/\/www.facebook.com\/msakademijavilnius\/\" \/>\n<meta property=\"article:modified_time\" content=\"2023-09-23T20:44:01+00:00\" \/>\n<meta property=\"og:image\" content=\"https:\/\/msakademija.com\/wp-content\/uploads\/2023\/05\/242E00F0-6FD2-4C16-B71F-0CD992368353-scaled.jpeg\" \/>\n<meta name=\"twitter:card\" content=\"summary_large_image\" \/>\n<meta name=\"twitter:label1\" content=\"Est. reading time\" \/>\n\t<meta name=\"twitter:data1\" content=\"1 minute\" \/>\n<script type=\"application\/ld+json\" class=\"yoast-schema-graph\">{\"@context\":\"https:\\\/\\\/schema.org\",\"@graph\":[{\"@type\":\"WebPage\",\"@id\":\"https:\\\/\\\/msakademija.com\\\/individualus-makiazo-kursai\\\/\",\"url\":\"https:\\\/\\\/msakademija.com\\\/individualus-makiazo-kursai\\\/\",\"name\":\"Individual\u016bs makia\u017eo kursai - MS akademija\",\"isPartOf\":{\"@id\":\"https:\\\/\\\/msakademija.com\\\/#website\"},\"primaryImageOfPage\":{\"@id\":\"https:\\\/\\\/msakademija.com\\\/individualus-makiazo-kursai\\\/#primaryimage\"},\"image\":{\"@id\":\"https:\\\/\\\/msakademija.com\\\/individualus-makiazo-kursai\\\/#primaryimage\"},\"thumbnailUrl\":\"https:\\\/\\\/msakademija.com\\\/wp-content\\\/uploads\\\/2023\\\/05\\\/242E00F0-6FD2-4C16-B71F-0CD992368353-scaled.jpeg\",\"datePublished\":\"2021-05-20T16:10:28+00:00\",\"dateModified\":\"2023-09-23T20:44:01+00:00\",\"breadcrumb\":{\"@id\":\"https:\\\/\\\/msakademija.com\\\/individualus-makiazo-kursai\\\/#breadcrumb\"},\"inLanguage\":\"en-US\",\"potentialAction\":[{\"@type\":\"ReadAction\",\"target\":[\"https:\\\/\\\/msakademija.com\\\/individualus-makiazo-kursai\\\/\"]}]},{\"@type\":\"ImageObject\",\"inLanguage\":\"en-US\",\"@id\":\"https:\\\/\\\/msakademija.com\\\/individualus-makiazo-kursai\\\/#primaryimage\",\"url\":\"https:\\\/\\\/msakademija.com\\\/wp-content\\\/uploads\\\/2023\\\/05\\\/242E00F0-6FD2-4C16-B71F-0CD992368353-scaled.jpeg\",\"contentUrl\":\"https:\\\/\\\/msakademija.com\\\/wp-content\\\/uploads\\\/2023\\\/05\\\/242E00F0-6FD2-4C16-B71F-0CD992368353-scaled.jpeg\"},{\"@type\":\"BreadcrumbList\",\"@id\":\"https:\\\/\\\/msakademija.com\\\/individualus-makiazo-kursai\\\/#breadcrumb\",\"itemListElement\":[{\"@type\":\"ListItem\",\"position\":1,\"name\":\"Home\",\"item\":\"https:\\\/\\\/msakademija.com\\\/\"},{\"@type\":\"ListItem\",\"position\":2,\"name\":\"Individual\u016bs makia\u017eo kursai\"}]},{\"@type\":\"WebSite\",\"@id\":\"https:\\\/\\\/msakademija.com\\\/#website\",\"url\":\"https:\\\/\\\/msakademija.com\\\/\",\"name\":\"MS akademija\",\"description\":\"Makia\u017eo ir \u0161ukuosenos akademija\",\"publisher\":{\"@id\":\"https:\\\/\\\/msakademija.com\\\/#organization\"},\"potentialAction\":[{\"@type\":\"SearchAction\",\"target\":{\"@type\":\"EntryPoint\",\"urlTemplate\":\"https:\\\/\\\/msakademija.com\\\/?s={search_term_string}\"},\"query-input\":{\"@type\":\"PropertyValueSpecification\",\"valueRequired\":true,\"valueName\":\"search_term_string\"}}],\"inLanguage\":\"en-US\"},{\"@type\":\"Organization\",\"@id\":\"https:\\\/\\\/msakademija.com\\\/#organization\",\"name\":\"MS akademija\",\"url\":\"https:\\\/\\\/msakademija.com\\\/\",\"logo\":{\"@type\":\"ImageObject\",\"inLanguage\":\"en-US\",\"@id\":\"https:\\\/\\\/msakademija.com\\\/#\\\/schema\\\/logo\\\/image\\\/\",\"url\":\"https:\\\/\\\/msakademija.com\\\/wp-content\\\/uploads\\\/2021\\\/05\\\/logo_juodas_HEADERMS.png\",\"contentUrl\":\"https:\\\/\\\/msakademija.com\\\/wp-content\\\/uploads\\\/2021\\\/05\\\/logo_juodas_HEADERMS.png\",\"width\":500,\"height\":210,\"caption\":\"MS akademija\"},\"image\":{\"@id\":\"https:\\\/\\\/msakademija.com\\\/#\\\/schema\\\/logo\\\/image\\\/\"},\"sameAs\":[\"https:\\\/\\\/www.facebook.com\\\/msakademijavilnius\\\/\",\"https:\\\/\\\/www.instagram.com\\\/msakademija\\\/\"]}]}<\/script>\n<!-- \/ Yoast SEO Premium plugin. -->","yoast_head_json":{"title":"Individual make-up courses - MS akademija","robots":{"index":"index","follow":"follow","max-snippet":"max-snippet:-1","max-image-preview":"max-image-preview:large","max-video-preview":"max-video-preview:-1"},"canonical":"https:\/\/msakademija.com\/en\/individual-make-up-courses\/","og_locale":"en_US","og_type":"article","og_title":"Individual\u016bs makia\u017eo kursai","og_description":"Informacija ruo\u0161iama Individual\u016bs makia\u017eo kursai Individual\u016bs makia\u017eo kursai yra puikus b\u016bdas mokytis ir tobulinti makia\u017eo \u012fg\u016bd\u017eius. Populiar\u0117jant makia\u017eui ir gro\u017eio pramonei, daugelis \u017emoni\u0173 nori patobulinti savo \u012fg\u016bd\u017eius ir \u017einias \u0161ioje srityje. Makia\u017eo kursai skirti \u012fvairaus lygio specialistams &#8211; nuo pradedan\u010di\u0173j\u0173 iki pa\u017eengusi\u0173 profesional\u0173. \u0160i\u0173 kurs\u0173 privalumas tas, kad juos galima pritaikyti prie konkre\u010di\u0173 asmens poreiki\u0173 [...]","og_url":"https:\/\/msakademija.com\/en\/individual-make-up-courses\/","og_site_name":"MS akademija","article_publisher":"https:\/\/www.facebook.com\/msakademijavilnius\/","article_modified_time":"2023-09-23T20:44:01+00:00","og_image":[{"url":"https:\/\/msakademija.com\/wp-content\/uploads\/2023\/05\/242E00F0-6FD2-4C16-B71F-0CD992368353-scaled.jpeg","type":"","width":"","height":""}],"twitter_card":"summary_large_image","twitter_misc":{"Est. reading time":"1 minute"},"schema":{"@context":"https:\/\/schema.org","@graph":[{"@type":"WebPage","@id":"https:\/\/msakademija.com\/individualus-makiazo-kursai\/","url":"https:\/\/msakademija.com\/individualus-makiazo-kursai\/","name":"Individual make-up courses - MS akademija","isPartOf":{"@id":"https:\/\/msakademija.com\/#website"},"primaryImageOfPage":{"@id":"https:\/\/msakademija.com\/individualus-makiazo-kursai\/#primaryimage"},"image":{"@id":"https:\/\/msakademija.com\/individualus-makiazo-kursai\/#primaryimage"},"thumbnailUrl":"https:\/\/msakademija.com\/wp-content\/uploads\/2023\/05\/242E00F0-6FD2-4C16-B71F-0CD992368353-scaled.jpeg","datePublished":"2021-05-20T16:10:28+00:00","dateModified":"2023-09-23T20:44:01+00:00","breadcrumb":{"@id":"https:\/\/msakademija.com\/individualus-makiazo-kursai\/#breadcrumb"},"inLanguage":"en-US","potentialAction":[{"@type":"ReadAction","target":["https:\/\/msakademija.com\/individualus-makiazo-kursai\/"]}]},{"@type":"ImageObject","inLanguage":"en-US","@id":"https:\/\/msakademija.com\/individualus-makiazo-kursai\/#primaryimage","url":"https:\/\/msakademija.com\/wp-content\/uploads\/2023\/05\/242E00F0-6FD2-4C16-B71F-0CD992368353-scaled.jpeg","contentUrl":"https:\/\/msakademija.com\/wp-content\/uploads\/2023\/05\/242E00F0-6FD2-4C16-B71F-0CD992368353-scaled.jpeg"},{"@type":"BreadcrumbList","@id":"https:\/\/msakademija.com\/individualus-makiazo-kursai\/#breadcrumb","itemListElement":[{"@type":"ListItem","position":1,"name":"Home","item":"https:\/\/msakademija.com\/"},{"@type":"ListItem","position":2,"name":"Individual\u016bs makia\u017eo kursai"}]},{"@type":"WebSite","@id":"https:\/\/msakademija.com\/#website","url":"https:\/\/msakademija.com\/","name":"MS Academy","description":"Make-up and Hair Academy","publisher":{"@id":"https:\/\/msakademija.com\/#organization"},"potentialAction":[{"@type":"SearchAction","target":{"@type":"EntryPoint","urlTemplate":"https:\/\/msakademija.com\/?s={search_term_string}"},"query-input":{"@type":"PropertyValueSpecification","valueRequired":true,"valueName":"search_term_string"}}],"inLanguage":"en-US"},{"@type":"Organization","@id":"https:\/\/msakademija.com\/#organization","name":"MS Academy","url":"https:\/\/msakademija.com\/","logo":{"@type":"ImageObject","inLanguage":"en-US","@id":"https:\/\/msakademija.com\/#\/schema\/logo\/image\/","url":"https:\/\/msakademija.com\/wp-content\/uploads\/2021\/05\/logo_juodas_HEADERMS.png","contentUrl":"https:\/\/msakademija.com\/wp-content\/uploads\/2021\/05\/logo_juodas_HEADERMS.png","width":500,"height":210,"caption":"MS akademija"},"image":{"@id":"https:\/\/msakademija.com\/#\/schema\/logo\/image\/"},"sameAs":["https:\/\/www.facebook.com\/msakademijavilnius\/","https:\/\/www.instagram.com\/msakademija\/"]}]}},"jetpack_sharing_enabled":true,"_links":{"self":[{"href":"https:\/\/msakademija.com\/en\/wp-json\/wp\/v2\/pages\/6013","targetHints":{"allow":["GET"]}}],"collection":[{"href":"https:\/\/msakademija.com\/en\/wp-json\/wp\/v2\/pages"}],"about":[{"href":"https:\/\/msakademija.com\/en\/wp-json\/wp\/v2\/types\/page"}],"author":[{"embeddable":true,"href":"https:\/\/msakademija.com\/en\/wp-json\/wp\/v2\/users\/1"}],"replies":[{"embeddable":true,"href":"https:\/\/msakademija.com\/en\/wp-json\/wp\/v2\/comments?post=6013"}],"version-history":[{"count":0,"href":"https:\/\/msakademija.com\/en\/wp-json\/wp\/v2\/pages\/6013\/revisions"}],"wp:attachment":[{"href":"https:\/\/msakademija.com\/en\/wp-json\/wp\/v2\/media?parent=6013"}],"curies":[{"name":"wp","href":"https:\/\/api.w.org\/{rel}","templated":true}]}}