{"id":7177,"date":"2021-07-16T10:04:43","date_gmt":"2021-07-16T07:04:43","guid":{"rendered":"https:\/\/msakademija.com\/?page_id=7177"},"modified":"2021-07-16T10:04:44","modified_gmt":"2021-07-16T07:04:44","slug":"delivery-of-goods","status":"publish","type":"page","link":"https:\/\/msakademija.com\/en\/prekiu-pristatymas\/","title":{"rendered":"Delivery of goods"},"content":{"rendered":"<p><br>Your goods will be delivered to your address within&nbsp;<strong>3-5 working days<\/strong>&nbsp;on receipt of payment for the goods.&nbsp;<\/p>\n\n\n\n<p>Orders with a price&nbsp;<strong>over \u20ac100 are delivered free of charge.&nbsp;<\/strong>For purchases of less than \u20ac100, delivery costs:<\/p>\n\n\n\n<p>Post office - 3,50 \u20ac<br>By courier - 4,00 \u20ac<\/p>\n\n\n\n<p>Orders are delivered by your chosen courier service or to a post office.<\/p>\n\n\n\n<p>You can specify your home or work address where you would like to receive the goods you have ordered. If you wish to receive the goods at your place of work, please indicate the opening hours in the Additional information box.<\/p>\n\n\n\n<p>The shipping cost will be automatically added to your checkout page.<br>The delivery fee to Curonian Spit is \u20ac29.<br>At the moment, we deliver only within the territory of Lithuania.<\/p>","protected":false},"excerpt":{"rendered":"<p>J\u016bs\u0173 prek\u0117s bus pristatytos nurodytu adresu per&nbsp;3-5 darbo dienas&nbsp;nuo gauto apmok\u0117jimo u\u017e prekes.&nbsp; U\u017esakymai, kuri\u0173 kaina&nbsp;daugiau kaip \u20ac100, pristatomi&nbsp;nemokamai.&nbsp;Perkant u\u017e ma\u017eiau nei \u20ac100, pristatymo kainos: Pa\u0161tomatu \u2013 3,50 \u20acKurjeriu \u2013 4,00 \u20ac U\u017esakymai pristatomi naudojantis J\u016bs\u0173 pasirinkt\u0173 kurjeri\u0173 paslaugomis arba \u012f pa\u0161tomat\u0105. Galite nurodyti savo nam\u0173 ar darboviet\u0117s adres\u0105, kuriuo nor\u0117tum\u0117te gauti u\u017esakytas prekes. Jei [&#8230;]\n","protected":false},"author":1,"featured_media":0,"parent":0,"menu_order":0,"comment_status":"closed","ping_status":"closed","template":"","meta":{"footnotes":""},"class_list":["post-7177","page","type-page","status-publish","hentry"],"yoast_head":"<!-- This site is optimized with the Yoast SEO Premium plugin v27.5 (Yoast SEO v27.5) - https:\/\/yoast.com\/product\/yoast-seo-premium-wordpress\/ -->\n<title>Preki\u0173 pristatymas - MS akademija<\/title>\n<meta name=\"robots\" content=\"index, follow, max-snippet:-1, max-image-preview:large, max-video-preview:-1\" \/>\n<link rel=\"canonical\" href=\"https:\/\/msakademija.com\/en\/delivery-of-goods\/\" \/>\n<meta property=\"og:locale\" content=\"en_US\" \/>\n<meta property=\"og:type\" content=\"article\" \/>\n<meta property=\"og:title\" content=\"Preki\u0173 pristatymas\" \/>\n<meta property=\"og:description\" content=\"J\u016bs\u0173 prek\u0117s bus pristatytos nurodytu adresu per&nbsp;3-5 darbo dienas&nbsp;nuo gauto apmok\u0117jimo u\u017e prekes.&nbsp; U\u017esakymai, kuri\u0173 kaina&nbsp;daugiau kaip \u20ac100, pristatomi&nbsp;nemokamai.&nbsp;Perkant u\u017e ma\u017eiau nei \u20ac100, pristatymo kainos: Pa\u0161tomatu \u2013 3,50 \u20acKurjeriu \u2013 4,00 \u20ac U\u017esakymai pristatomi naudojantis J\u016bs\u0173 pasirinkt\u0173 kurjeri\u0173 paslaugomis arba \u012f pa\u0161tomat\u0105. Galite nurodyti savo nam\u0173 ar darboviet\u0117s adres\u0105, kuriuo nor\u0117tum\u0117te gauti u\u017esakytas prekes. Jei [...]\" \/>\n<meta property=\"og:url\" content=\"https:\/\/msakademija.com\/en\/delivery-of-goods\/\" \/>\n<meta property=\"og:site_name\" content=\"MS akademija\" \/>\n<meta property=\"article:publisher\" content=\"https:\/\/www.facebook.com\/msakademijavilnius\/\" \/>\n<meta property=\"article:modified_time\" content=\"2021-07-16T07:04:44+00:00\" \/>\n<meta name=\"twitter:card\" content=\"summary_large_image\" \/>\n<meta name=\"twitter:label1\" content=\"Est. reading time\" \/>\n\t<meta name=\"twitter:data1\" content=\"1 minute\" \/>\n<script type=\"application\/ld+json\" class=\"yoast-schema-graph\">{\"@context\":\"https:\\\/\\\/schema.org\",\"@graph\":[{\"@type\":\"WebPage\",\"@id\":\"https:\\\/\\\/msakademija.com\\\/prekiu-pristatymas\\\/\",\"url\":\"https:\\\/\\\/msakademija.com\\\/prekiu-pristatymas\\\/\",\"name\":\"Preki\u0173 pristatymas - MS akademija\",\"isPartOf\":{\"@id\":\"https:\\\/\\\/msakademija.com\\\/#website\"},\"datePublished\":\"2021-07-16T07:04:43+00:00\",\"dateModified\":\"2021-07-16T07:04:44+00:00\",\"breadcrumb\":{\"@id\":\"https:\\\/\\\/msakademija.com\\\/prekiu-pristatymas\\\/#breadcrumb\"},\"inLanguage\":\"en-US\",\"potentialAction\":[{\"@type\":\"ReadAction\",\"target\":[\"https:\\\/\\\/msakademija.com\\\/prekiu-pristatymas\\\/\"]}]},{\"@type\":\"BreadcrumbList\",\"@id\":\"https:\\\/\\\/msakademija.com\\\/prekiu-pristatymas\\\/#breadcrumb\",\"itemListElement\":[{\"@type\":\"ListItem\",\"position\":1,\"name\":\"Home\",\"item\":\"https:\\\/\\\/msakademija.com\\\/\"},{\"@type\":\"ListItem\",\"position\":2,\"name\":\"Preki\u0173 pristatymas\"}]},{\"@type\":\"WebSite\",\"@id\":\"https:\\\/\\\/msakademija.com\\\/#website\",\"url\":\"https:\\\/\\\/msakademija.com\\\/\",\"name\":\"MS akademija\",\"description\":\"Makia\u017eo ir \u0161ukuosenos akademija\",\"publisher\":{\"@id\":\"https:\\\/\\\/msakademija.com\\\/#organization\"},\"potentialAction\":[{\"@type\":\"SearchAction\",\"target\":{\"@type\":\"EntryPoint\",\"urlTemplate\":\"https:\\\/\\\/msakademija.com\\\/?s={search_term_string}\"},\"query-input\":{\"@type\":\"PropertyValueSpecification\",\"valueRequired\":true,\"valueName\":\"search_term_string\"}}],\"inLanguage\":\"en-US\"},{\"@type\":\"Organization\",\"@id\":\"https:\\\/\\\/msakademija.com\\\/#organization\",\"name\":\"MS akademija\",\"url\":\"https:\\\/\\\/msakademija.com\\\/\",\"logo\":{\"@type\":\"ImageObject\",\"inLanguage\":\"en-US\",\"@id\":\"https:\\\/\\\/msakademija.com\\\/#\\\/schema\\\/logo\\\/image\\\/\",\"url\":\"https:\\\/\\\/msakademija.com\\\/wp-content\\\/uploads\\\/2021\\\/05\\\/logo_juodas_HEADERMS.png\",\"contentUrl\":\"https:\\\/\\\/msakademija.com\\\/wp-content\\\/uploads\\\/2021\\\/05\\\/logo_juodas_HEADERMS.png\",\"width\":500,\"height\":210,\"caption\":\"MS akademija\"},\"image\":{\"@id\":\"https:\\\/\\\/msakademija.com\\\/#\\\/schema\\\/logo\\\/image\\\/\"},\"sameAs\":[\"https:\\\/\\\/www.facebook.com\\\/msakademijavilnius\\\/\",\"https:\\\/\\\/www.instagram.com\\\/msakademija\\\/\"]}]}<\/script>\n<!-- \/ Yoast SEO Premium plugin. -->","yoast_head_json":{"title":"Product presentation - MS Academy","robots":{"index":"index","follow":"follow","max-snippet":"max-snippet:-1","max-image-preview":"max-image-preview:large","max-video-preview":"max-video-preview:-1"},"canonical":"https:\/\/msakademija.com\/en\/delivery-of-goods\/","og_locale":"en_US","og_type":"article","og_title":"Preki\u0173 pristatymas","og_description":"J\u016bs\u0173 prek\u0117s bus pristatytos nurodytu adresu per&nbsp;3-5 darbo dienas&nbsp;nuo gauto apmok\u0117jimo u\u017e prekes.&nbsp; U\u017esakymai, kuri\u0173 kaina&nbsp;daugiau kaip \u20ac100, pristatomi&nbsp;nemokamai.&nbsp;Perkant u\u017e ma\u017eiau nei \u20ac100, pristatymo kainos: Pa\u0161tomatu \u2013 3,50 \u20acKurjeriu \u2013 4,00 \u20ac U\u017esakymai pristatomi naudojantis J\u016bs\u0173 pasirinkt\u0173 kurjeri\u0173 paslaugomis arba \u012f pa\u0161tomat\u0105. Galite nurodyti savo nam\u0173 ar darboviet\u0117s adres\u0105, kuriuo nor\u0117tum\u0117te gauti u\u017esakytas prekes. Jei [...]","og_url":"https:\/\/msakademija.com\/en\/delivery-of-goods\/","og_site_name":"MS akademija","article_publisher":"https:\/\/www.facebook.com\/msakademijavilnius\/","article_modified_time":"2021-07-16T07:04:44+00:00","twitter_card":"summary_large_image","twitter_misc":{"Est. reading time":"1 minute"},"schema":{"@context":"https:\/\/schema.org","@graph":[{"@type":"WebPage","@id":"https:\/\/msakademija.com\/prekiu-pristatymas\/","url":"https:\/\/msakademija.com\/prekiu-pristatymas\/","name":"Product presentation - MS Academy","isPartOf":{"@id":"https:\/\/msakademija.com\/#website"},"datePublished":"2021-07-16T07:04:43+00:00","dateModified":"2021-07-16T07:04:44+00:00","breadcrumb":{"@id":"https:\/\/msakademija.com\/prekiu-pristatymas\/#breadcrumb"},"inLanguage":"en-US","potentialAction":[{"@type":"ReadAction","target":["https:\/\/msakademija.com\/prekiu-pristatymas\/"]}]},{"@type":"BreadcrumbList","@id":"https:\/\/msakademija.com\/prekiu-pristatymas\/#breadcrumb","itemListElement":[{"@type":"ListItem","position":1,"name":"Home","item":"https:\/\/msakademija.com\/"},{"@type":"ListItem","position":2,"name":"Preki\u0173 pristatymas"}]},{"@type":"WebSite","@id":"https:\/\/msakademija.com\/#website","url":"https:\/\/msakademija.com\/","name":"MS Academy","description":"Make-up and Hair Academy","publisher":{"@id":"https:\/\/msakademija.com\/#organization"},"potentialAction":[{"@type":"SearchAction","target":{"@type":"EntryPoint","urlTemplate":"https:\/\/msakademija.com\/?s={search_term_string}"},"query-input":{"@type":"PropertyValueSpecification","valueRequired":true,"valueName":"search_term_string"}}],"inLanguage":"en-US"},{"@type":"Organization","@id":"https:\/\/msakademija.com\/#organization","name":"MS Academy","url":"https:\/\/msakademija.com\/","logo":{"@type":"ImageObject","inLanguage":"en-US","@id":"https:\/\/msakademija.com\/#\/schema\/logo\/image\/","url":"https:\/\/msakademija.com\/wp-content\/uploads\/2021\/05\/logo_juodas_HEADERMS.png","contentUrl":"https:\/\/msakademija.com\/wp-content\/uploads\/2021\/05\/logo_juodas_HEADERMS.png","width":500,"height":210,"caption":"MS akademija"},"image":{"@id":"https:\/\/msakademija.com\/#\/schema\/logo\/image\/"},"sameAs":["https:\/\/www.facebook.com\/msakademijavilnius\/","https:\/\/www.instagram.com\/msakademija\/"]}]}},"jetpack_sharing_enabled":true,"_links":{"self":[{"href":"https:\/\/msakademija.com\/en\/wp-json\/wp\/v2\/pages\/7177","targetHints":{"allow":["GET"]}}],"collection":[{"href":"https:\/\/msakademija.com\/en\/wp-json\/wp\/v2\/pages"}],"about":[{"href":"https:\/\/msakademija.com\/en\/wp-json\/wp\/v2\/types\/page"}],"author":[{"embeddable":true,"href":"https:\/\/msakademija.com\/en\/wp-json\/wp\/v2\/users\/1"}],"replies":[{"embeddable":true,"href":"https:\/\/msakademija.com\/en\/wp-json\/wp\/v2\/comments?post=7177"}],"version-history":[{"count":0,"href":"https:\/\/msakademija.com\/en\/wp-json\/wp\/v2\/pages\/7177\/revisions"}],"wp:attachment":[{"href":"https:\/\/msakademija.com\/en\/wp-json\/wp\/v2\/media?parent=7177"}],"curies":[{"name":"wp","href":"https:\/\/api.w.org\/{rel}","templated":true}]}}