{"id":10513,"date":"2024-10-21T21:11:22","date_gmt":"2024-10-21T18:11:22","guid":{"rendered":"https:\/\/msakademija.com\/?post_type=product&#038;p=10513"},"modified":"2025-12-03T03:34:30","modified_gmt":"2025-12-03T01:34:30","slug":"make-up-course-in-vilnius","status":"publish","type":"product","link":"https:\/\/msakademija.com\/en\/produktas\/makiazo-kursas-vilniuje\/","title":{"rendered":"MAKE-UP COURSES FOR BEGINNERS PRO (PROFESSIONAL)"},"content":{"rendered":"<h2 data-start=\"221\" data-end=\"302\">PRO make-up courses in Vilnius - for beginners and time savers<\/h2>\n<p data-start=\"304\" data-end=\"653\">Discover the world of professional make-up with <strong data-start=\"345\" data-end=\"377\">PRO make-up courses in Vilnius<\/strong>designed specifically for those with no experience who want to learn the basics of make-up quickly and efficiently. The programme is based on the latest trends in the beauty industry and focuses on the practical skills needed to work with clients on a daily and professional basis.<\/p>\n<h3 data-start=\"655\" data-end=\"700\">Why choose this make-up course:<\/h3>\n<ul data-start=\"701\" data-end=\"1135\">\n<li data-start=\"701\" data-end=\"784\">\n<p data-start=\"703\" data-end=\"784\">\ud83d\udc69\u200d\ud83c\udfeb <strong data-start=\"709\" data-end=\"738\">Small groups of up to 7 people<\/strong> - individual attention for each participant.<\/p>\n<\/li>\n<li data-start=\"785\" data-end=\"879\">\n<p data-start=\"787\" data-end=\"879\">\ud83d\udc84 <strong data-start=\"790\" data-end=\"817\">A to Z of make-up<\/strong> - Learn everything from facial preparation to bridal make-up.<\/p>\n<\/li>\n<li data-start=\"880\" data-end=\"1013\">\n<p data-start=\"882\" data-end=\"1013\">\ud83e\ude9e <strong data-start=\"885\" data-end=\"916\">All facilities are provided<\/strong> - cosmetics, brushes, outlines and a comfortable workstation with professional lighting.<\/p>\n<\/li>\n<li data-start=\"1014\" data-end=\"1135\">\n<p data-start=\"1016\" data-end=\"1135\">\ud83d\udcd8 <strong data-start=\"1019\" data-end=\"1042\">Theory and practice<\/strong> - You'll learn about skincare, make-up techniques and the psychology of working with clients.<\/p>\n<\/li>\n<\/ul>\n<h3 data-start=\"1137\" data-end=\"1159\">Course information:<\/h3>\n<ul data-start=\"1160\" data-end=\"1348\">\n<li data-start=\"1160\" data-end=\"1188\">\n<p data-start=\"1162\" data-end=\"1188\"><strong data-start=\"1162\" data-end=\"1173\">Duration:<\/strong> 7 sessions<\/p>\n<\/li>\n<li data-start=\"1189\" data-end=\"1232\">\n<p data-start=\"1191\" data-end=\"1232\"><strong data-start=\"1191\" data-end=\"1208\">Intensity:<\/strong> 9 ac. hours per lesson<\/p>\n<\/li>\n<li data-start=\"1233\" data-end=\"1261\">\n<p data-start=\"1235\" data-end=\"1261\"><strong data-start=\"1235\" data-end=\"1245\">Group:<\/strong> up to 7 participants<\/p>\n<\/li>\n<li data-start=\"1262\" data-end=\"1298\">\n<p data-start=\"1264\" data-end=\"1298\"><strong data-start=\"1264\" data-end=\"1276\">Start:<\/strong> from 24 February<\/p>\n<\/li>\n<li data-start=\"1299\" data-end=\"1348\">\n<p data-start=\"1301\" data-end=\"1348\"><strong data-start=\"1301\" data-end=\"1312\">Time:<\/strong> full-time group from 11:00 to 15:00<\/p>\n<\/li>\n<\/ul>\n<h3 data-start=\"1350\" data-end=\"1376\">The training programme includes:<\/h3>\n<ul data-start=\"1377\" data-end=\"1667\">\n<li data-start=\"1377\" data-end=\"1424\">\n<p data-start=\"1379\" data-end=\"1424\">Professional make-up products and brushes<\/p>\n<\/li>\n<li data-start=\"1425\" data-end=\"1473\">\n<p data-start=\"1427\" data-end=\"1473\">Facial skin preparation and masking techniques<\/p>\n<\/li>\n<li data-start=\"1474\" data-end=\"1510\">\n<p data-start=\"1476\" data-end=\"1510\">Facial modelling and strobing<\/p>\n<\/li>\n<li data-start=\"1511\" data-end=\"1556\">\n<p data-start=\"1513\" data-end=\"1556\">Daytime, business and evening make-up<\/p>\n<\/li>\n<li data-start=\"1557\" data-end=\"1629\">\n<p data-start=\"1559\" data-end=\"1629\">Eye shape correction, smoky, retro\/Hollywood and bridal make-up<\/p>\n<\/li>\n<li data-start=\"1630\" data-end=\"1667\">\n<p data-start=\"1632\" data-end=\"1667\">Make-up subtleties for mature skin<\/p>\n<\/li>\n<\/ul>\n<h3 data-start=\"1669\" data-end=\"1686\">Registration:<\/h3>\n<p data-start=\"1687\" data-end=\"1782\">\ud83d\udce9 <strong data-start=\"1690\" data-end=\"1709\">By personal message<\/strong><br \/>\n\ud83d\udcde <strong data-start=\"1715\" data-end=\"1723\">Tel.<\/strong> +370 672 05534<br \/>\n\ud83d\udce7 <strong data-start=\"1744\" data-end=\"1759\">Email:<\/strong> <a class=\"decorated-link cursor-pointer\" rel=\"noopener\" data-start=\"1760\" data-end=\"1780\" href=\"\">info@msakademija.com<\/a><\/p>\n<p data-start=\"1784\" data-end=\"1811\">When registering, please specify:<\/p>\n<ol data-start=\"1812\" data-end=\"1852\">\n<li data-start=\"1812\" data-end=\"1831\">\n<p data-start=\"1815\" data-end=\"1831\">Name, surname<\/p>\n<\/li>\n<li data-start=\"1832\" data-end=\"1852\">\n<p data-start=\"1835\" data-end=\"1852\">Telephone number<\/p>\n<\/li>\n<\/ol>\n<p data-start=\"1854\" data-end=\"1947\">Once we have the data, we will send you <strong data-start=\"1879\" data-end=\"1909\">confirmation of registration<\/strong> and <strong data-start=\"1913\" data-end=\"1944\">details of the advance payment<\/strong>.<\/p>\n<p>Want to start working as a make-up artist but think \"I don't have any experience\"?<\/p>\n<p>The MS Akademija PRO make-up course in Vilnius is a start from scratch to your first paying clients in just 2 weeks. No need to bring anything: all the brushes, all the professional cosmetics and all the training tools are waiting for you on site.<\/p>\n<div>\n<div>\n<p>In 7 intensive lessons, you:<\/p>\n<p dir=\"auto\">- Learn how to do the most popular day\/evening\/occasion make-up as requested by real clients<\/p>\n<\/div>\n<\/div>\n<div>\n<div>\n<p dir=\"auto\">Understand how to choose skin preparation, shades, correction and long-lasting make-up<\/p>\n<p>- You get practice on models + psychology of working with a client (how to feel confident from the first minute)<\/p>\n<p>In short: you come in with no experience - you leave ready to take on your first paying clients.<\/p>\n<p>This is the moment when you are no longer just following the content of the make-up, but you become the one who makes the result for others.<\/p>\n<\/div>\n<\/div>","protected":false},"excerpt":{"rendered":"<h3 data-start=\"1137\" data-end=\"1159\">Course information:<\/h3>\n<ul data-start=\"1160\" data-end=\"1348\">\n<li data-start=\"1160\" data-end=\"1188\">\n<p data-start=\"1162\" data-end=\"1188\"><strong data-start=\"1162\" data-end=\"1173\">Duration:<\/strong> 7 sessions<\/p>\n<\/li>\n<li data-start=\"1189\" data-end=\"1232\">\n<p data-start=\"1191\" data-end=\"1232\"><strong data-start=\"1191\" data-end=\"1208\">Intensity:<\/strong> 9 ac. hours per lesson<\/p>\n<\/li>\n<li data-start=\"1233\" data-end=\"1261\">\n<p data-start=\"1235\" data-end=\"1261\"><strong data-start=\"1235\" data-end=\"1245\">Group:<\/strong> up to 7 participants<\/p>\n<\/li>\n<li data-start=\"1262\" data-end=\"1298\">\n<p data-start=\"1264\" data-end=\"1298\"><strong data-start=\"1264\" data-end=\"1276\">Start:<\/strong> from 25 November<\/p>\n<\/li>\n<li data-start=\"1299\" data-end=\"1348\">\n<p data-start=\"1301\" data-end=\"1348\"><strong data-start=\"1301\" data-end=\"1312\">Time:<\/strong> full-time group from 11:00 to 15:00<\/p>\n<\/li>\n<\/ul>\n<h3 data-start=\"1350\" data-end=\"1376\">The training programme includes:<\/h3>\n<ul data-start=\"1377\" data-end=\"1667\">\n<li data-start=\"1377\" data-end=\"1424\">\n<p data-start=\"1379\" data-end=\"1424\">Professional make-up products and brushes<\/p>\n<\/li>\n<li data-start=\"1425\" data-end=\"1473\">\n<p data-start=\"1427\" data-end=\"1473\">Facial skin preparation and masking techniques<\/p>\n<\/li>\n<li data-start=\"1474\" data-end=\"1510\">\n<p data-start=\"1476\" data-end=\"1510\">Facial modelling and strobing<\/p>\n<\/li>\n<li data-start=\"1511\" data-end=\"1556\">\n<p data-start=\"1513\" data-end=\"1556\">Daytime, business and evening make-up<\/p>\n<\/li>\n<li data-start=\"1557\" data-end=\"1629\">\n<p data-start=\"1559\" data-end=\"1629\">Eye shape correction, smoky, retro\/Hollywood and bridal make-up<\/p>\n<\/li>\n<li data-start=\"1630\" data-end=\"1667\">\n<p data-start=\"1632\" data-end=\"1667\">Make-up subtleties for mature skin<\/p>\n<\/li>\n<\/ul>","protected":false},"featured_media":10429,"comment_status":"open","ping_status":"closed","template":"","meta":[],"product_brand":[],"product_cat":[117],"product_tag":[121],"class_list":{"0":"post-10513","1":"product","2":"type-product","3":"status-publish","4":"has-post-thumbnail","6":"product_cat-kursai","7":"product_tag-makiazo-makiazas-pamoka-kursai-makiazo-kursai-makiazo-sau-kursai","9":"first","10":"instock","11":"virtual","12":"purchasable","13":"product-type-simple"},"yoast_head":"<!-- This site is optimized with the Yoast SEO Premium plugin v27.5 (Yoast SEO v27.5) - https:\/\/yoast.com\/product\/yoast-seo-premium-wordpress\/ -->\n<title>MAKIA\u017dO KURSAI PRADEDANTIESIEMS PRO (PROFESIONAL\u016aS) - MS akademija<\/title>\n<meta name=\"description\" content=\"Makia\u017eo kursai Vilniuje . I\u0161mokite populiariausias makia\u017eo technikas, gaukite vis\u0105 reikaling\u0105 kosmetik\u0105 ir \u017einias nuo A iki \u017d. Registruokit\u0117s jau dabar!\" \/>\n<meta name=\"robots\" content=\"index, follow, max-snippet:-1, max-image-preview:large, max-video-preview:-1\" \/>\n<link rel=\"canonical\" href=\"https:\/\/msakademija.com\/en\/product\/make-up-course-in-vilnius\/\" \/>\n<meta property=\"og:locale\" content=\"en_US\" \/>\n<meta property=\"og:type\" content=\"article\" \/>\n<meta property=\"og:title\" content=\"MAKIA\u017dO KURSAI PRADEDANTIESIEMS PRO (PROFESIONAL\u016aS)\" \/>\n<meta property=\"og:description\" content=\"Makia\u017eo kursai Vilniuje . I\u0161mokite populiariausias makia\u017eo technikas, gaukite vis\u0105 reikaling\u0105 kosmetik\u0105 ir \u017einias nuo A iki \u017d. Registruokit\u0117s jau dabar!\" \/>\n<meta property=\"og:url\" content=\"https:\/\/msakademija.com\/en\/product\/make-up-course-in-vilnius\/\" \/>\n<meta property=\"og:site_name\" content=\"MS akademija\" \/>\n<meta property=\"article:publisher\" content=\"https:\/\/www.facebook.com\/msakademijavilnius\/\" \/>\n<meta property=\"article:modified_time\" content=\"2025-12-03T01:34:30+00:00\" \/>\n<meta property=\"og:image\" content=\"https:\/\/msakademija.com\/wp-content\/uploads\/2022\/11\/457327448_959044192902318_8820345810769959620_n.jpg\" \/>\n\t<meta property=\"og:image:width\" content=\"1080\" \/>\n\t<meta property=\"og:image:height\" content=\"1080\" \/>\n\t<meta property=\"og:image:type\" content=\"image\/jpeg\" \/>\n<meta name=\"twitter:card\" content=\"summary_large_image\" \/>\n<meta name=\"twitter:label1\" content=\"Price\" \/>\n\t<meta name=\"twitter:data1\" content=\"&euro;600.00\" \/>\n\t<meta name=\"twitter:label2\" content=\"Availability\" \/>\n\t<meta name=\"twitter:data2\" content=\"In stock\" \/>\n<script type=\"application\/ld+json\" class=\"yoast-schema-graph\">{\"@context\":\"https:\\\/\\\/schema.org\",\"@graph\":[{\"@type\":\"WebPage\",\"@id\":\"https:\\\/\\\/msakademija.com\\\/produktas\\\/makiazo-kursas-vilniuje\\\/\",\"url\":\"https:\\\/\\\/msakademija.com\\\/produktas\\\/makiazo-kursas-vilniuje\\\/\",\"name\":\"MAKIA\u017dO KURSAI PRADEDANTIESIEMS PRO (PROFESIONAL\u016aS) - MS akademija\",\"isPartOf\":{\"@id\":\"https:\\\/\\\/msakademija.com\\\/#website\"},\"primaryImageOfPage\":{\"@id\":\"https:\\\/\\\/msakademija.com\\\/produktas\\\/makiazo-kursas-vilniuje\\\/#primaryimage\"},\"image\":{\"@id\":\"https:\\\/\\\/msakademija.com\\\/produktas\\\/makiazo-kursas-vilniuje\\\/#primaryimage\"},\"thumbnailUrl\":\"https:\\\/\\\/msakademija.com\\\/wp-content\\\/uploads\\\/2022\\\/11\\\/457327448_959044192902318_8820345810769959620_n.jpg\",\"datePublished\":\"2024-10-21T18:11:22+00:00\",\"dateModified\":\"2025-12-03T01:34:30+00:00\",\"description\":\"Makia\u017eo kursai Vilniuje . I\u0161mokite populiariausias makia\u017eo technikas, gaukite vis\u0105 reikaling\u0105 kosmetik\u0105 ir \u017einias nuo A iki \u017d. Registruokit\u0117s jau dabar!\",\"breadcrumb\":{\"@id\":\"https:\\\/\\\/msakademija.com\\\/produktas\\\/makiazo-kursas-vilniuje\\\/#breadcrumb\"},\"inLanguage\":\"en-US\",\"potentialAction\":[{\"@type\":\"ReadAction\",\"target\":[\"https:\\\/\\\/msakademija.com\\\/produktas\\\/makiazo-kursas-vilniuje\\\/\"]}]},{\"@type\":\"ImageObject\",\"inLanguage\":\"en-US\",\"@id\":\"https:\\\/\\\/msakademija.com\\\/produktas\\\/makiazo-kursas-vilniuje\\\/#primaryimage\",\"url\":\"https:\\\/\\\/msakademija.com\\\/wp-content\\\/uploads\\\/2022\\\/11\\\/457327448_959044192902318_8820345810769959620_n.jpg\",\"contentUrl\":\"https:\\\/\\\/msakademija.com\\\/wp-content\\\/uploads\\\/2022\\\/11\\\/457327448_959044192902318_8820345810769959620_n.jpg\",\"width\":1080,\"height\":1080,\"caption\":\"vizazo kursai\"},{\"@type\":\"BreadcrumbList\",\"@id\":\"https:\\\/\\\/msakademija.com\\\/produktas\\\/makiazo-kursas-vilniuje\\\/#breadcrumb\",\"itemListElement\":[{\"@type\":\"ListItem\",\"position\":1,\"name\":\"Home\",\"item\":\"https:\\\/\\\/msakademija.com\\\/\"},{\"@type\":\"ListItem\",\"position\":2,\"name\":\"Parduotuv\u0117\",\"item\":\"https:\\\/\\\/msakademija.com\\\/makiazo-priemoniu-parduotuve\\\/\"},{\"@type\":\"ListItem\",\"position\":3,\"name\":\"MAKIA\u017dO KURSAI PRADEDANTIESIEMS PRO (PROFESIONAL\u016aS)\"}]},{\"@type\":\"WebSite\",\"@id\":\"https:\\\/\\\/msakademija.com\\\/#website\",\"url\":\"https:\\\/\\\/msakademija.com\\\/\",\"name\":\"MS akademija\",\"description\":\"Makia\u017eo ir \u0161ukuosenos akademija\",\"publisher\":{\"@id\":\"https:\\\/\\\/msakademija.com\\\/#organization\"},\"potentialAction\":[{\"@type\":\"SearchAction\",\"target\":{\"@type\":\"EntryPoint\",\"urlTemplate\":\"https:\\\/\\\/msakademija.com\\\/?s={search_term_string}\"},\"query-input\":{\"@type\":\"PropertyValueSpecification\",\"valueRequired\":true,\"valueName\":\"search_term_string\"}}],\"inLanguage\":\"en-US\"},{\"@type\":\"Organization\",\"@id\":\"https:\\\/\\\/msakademija.com\\\/#organization\",\"name\":\"MS akademija\",\"url\":\"https:\\\/\\\/msakademija.com\\\/\",\"logo\":{\"@type\":\"ImageObject\",\"inLanguage\":\"en-US\",\"@id\":\"https:\\\/\\\/msakademija.com\\\/#\\\/schema\\\/logo\\\/image\\\/\",\"url\":\"https:\\\/\\\/msakademija.com\\\/wp-content\\\/uploads\\\/2021\\\/05\\\/logo_juodas_HEADERMS.png\",\"contentUrl\":\"https:\\\/\\\/msakademija.com\\\/wp-content\\\/uploads\\\/2021\\\/05\\\/logo_juodas_HEADERMS.png\",\"width\":500,\"height\":210,\"caption\":\"MS akademija\"},\"image\":{\"@id\":\"https:\\\/\\\/msakademija.com\\\/#\\\/schema\\\/logo\\\/image\\\/\"},\"sameAs\":[\"https:\\\/\\\/www.facebook.com\\\/msakademijavilnius\\\/\",\"https:\\\/\\\/www.instagram.com\\\/msakademija\\\/\"]}]}<\/script>\n<meta property=\"product:price:amount\" content=\"600.00\" \/>\n<meta property=\"product:price:currency\" content=\"EUR\" \/>\n<meta property=\"og:availability\" content=\"instock\" \/>\n<meta property=\"product:availability\" content=\"instock\" \/>\n<meta property=\"product:condition\" content=\"new\" \/>\n<!-- \/ Yoast SEO Premium plugin. -->","yoast_head_json":{"title":"MAKEUP COURSES FOR PRO (PROFESSIONAL) - MS akademija","description":"Make-up courses in Vilnius . Learn the most popular make-up techniques, get all the necessary cosmetics and knowledge from A to Z. Register now!","robots":{"index":"index","follow":"follow","max-snippet":"max-snippet:-1","max-image-preview":"max-image-preview:large","max-video-preview":"max-video-preview:-1"},"canonical":"https:\/\/msakademija.com\/en\/product\/make-up-course-in-vilnius\/","og_locale":"en_US","og_type":"article","og_title":"MAKIA\u017dO KURSAI PRADEDANTIESIEMS PRO (PROFESIONAL\u016aS)","og_description":"Makia\u017eo kursai Vilniuje . I\u0161mokite populiariausias makia\u017eo technikas, gaukite vis\u0105 reikaling\u0105 kosmetik\u0105 ir \u017einias nuo A iki \u017d. Registruokit\u0117s jau dabar!","og_url":"https:\/\/msakademija.com\/en\/product\/make-up-course-in-vilnius\/","og_site_name":"MS akademija","article_publisher":"https:\/\/www.facebook.com\/msakademijavilnius\/","article_modified_time":"2025-12-03T01:34:30+00:00","og_image":[{"width":1080,"height":1080,"url":"https:\/\/msakademija.com\/wp-content\/uploads\/2022\/11\/457327448_959044192902318_8820345810769959620_n.jpg","type":"image\/jpeg"}],"twitter_card":"summary_large_image","twitter_misc":{"Price":"&euro;600.00","Availability":"In stock"},"schema":{"@context":"https:\/\/schema.org","@graph":[{"@type":"WebPage","@id":"https:\/\/msakademija.com\/produktas\/makiazo-kursas-vilniuje\/","url":"https:\/\/msakademija.com\/produktas\/makiazo-kursas-vilniuje\/","name":"MAKEUP COURSES FOR PRO (PROFESSIONAL) - MS akademija","isPartOf":{"@id":"https:\/\/msakademija.com\/#website"},"primaryImageOfPage":{"@id":"https:\/\/msakademija.com\/produktas\/makiazo-kursas-vilniuje\/#primaryimage"},"image":{"@id":"https:\/\/msakademija.com\/produktas\/makiazo-kursas-vilniuje\/#primaryimage"},"thumbnailUrl":"https:\/\/msakademija.com\/wp-content\/uploads\/2022\/11\/457327448_959044192902318_8820345810769959620_n.jpg","datePublished":"2024-10-21T18:11:22+00:00","dateModified":"2025-12-03T01:34:30+00:00","description":"Make-up courses in Vilnius . Learn the most popular make-up techniques, get all the necessary cosmetics and knowledge from A to Z. Register now!","breadcrumb":{"@id":"https:\/\/msakademija.com\/produktas\/makiazo-kursas-vilniuje\/#breadcrumb"},"inLanguage":"en-US","potentialAction":[{"@type":"ReadAction","target":["https:\/\/msakademija.com\/produktas\/makiazo-kursas-vilniuje\/"]}]},{"@type":"ImageObject","inLanguage":"en-US","@id":"https:\/\/msakademija.com\/produktas\/makiazo-kursas-vilniuje\/#primaryimage","url":"https:\/\/msakademija.com\/wp-content\/uploads\/2022\/11\/457327448_959044192902318_8820345810769959620_n.jpg","contentUrl":"https:\/\/msakademija.com\/wp-content\/uploads\/2022\/11\/457327448_959044192902318_8820345810769959620_n.jpg","width":1080,"height":1080,"caption":"vizazo kursai"},{"@type":"BreadcrumbList","@id":"https:\/\/msakademija.com\/produktas\/makiazo-kursas-vilniuje\/#breadcrumb","itemListElement":[{"@type":"ListItem","position":1,"name":"Home","item":"https:\/\/msakademija.com\/"},{"@type":"ListItem","position":2,"name":"Parduotuv\u0117","item":"https:\/\/msakademija.com\/makiazo-priemoniu-parduotuve\/"},{"@type":"ListItem","position":3,"name":"MAKIA\u017dO KURSAI PRADEDANTIESIEMS PRO (PROFESIONAL\u016aS)"}]},{"@type":"WebSite","@id":"https:\/\/msakademija.com\/#website","url":"https:\/\/msakademija.com\/","name":"MS Academy","description":"Make-up and Hair Academy","publisher":{"@id":"https:\/\/msakademija.com\/#organization"},"potentialAction":[{"@type":"SearchAction","target":{"@type":"EntryPoint","urlTemplate":"https:\/\/msakademija.com\/?s={search_term_string}"},"query-input":{"@type":"PropertyValueSpecification","valueRequired":true,"valueName":"search_term_string"}}],"inLanguage":"en-US"},{"@type":"Organization","@id":"https:\/\/msakademija.com\/#organization","name":"MS Academy","url":"https:\/\/msakademija.com\/","logo":{"@type":"ImageObject","inLanguage":"en-US","@id":"https:\/\/msakademija.com\/#\/schema\/logo\/image\/","url":"https:\/\/msakademija.com\/wp-content\/uploads\/2021\/05\/logo_juodas_HEADERMS.png","contentUrl":"https:\/\/msakademija.com\/wp-content\/uploads\/2021\/05\/logo_juodas_HEADERMS.png","width":500,"height":210,"caption":"MS akademija"},"image":{"@id":"https:\/\/msakademija.com\/#\/schema\/logo\/image\/"},"sameAs":["https:\/\/www.facebook.com\/msakademijavilnius\/","https:\/\/www.instagram.com\/msakademija\/"]}]},"product_price_amount":"600.00","product_price_currency":"EUR","og_availability":"instock","product_availability":"instock","product_condition":"new"},"jetpack_sharing_enabled":true,"_links":{"self":[{"href":"https:\/\/msakademija.com\/en\/wp-json\/wp\/v2\/product\/10513","targetHints":{"allow":["GET"]}}],"collection":[{"href":"https:\/\/msakademija.com\/en\/wp-json\/wp\/v2\/product"}],"about":[{"href":"https:\/\/msakademija.com\/en\/wp-json\/wp\/v2\/types\/product"}],"replies":[{"embeddable":true,"href":"https:\/\/msakademija.com\/en\/wp-json\/wp\/v2\/comments?post=10513"}],"wp:featuredmedia":[{"embeddable":true,"href":"https:\/\/msakademija.com\/en\/wp-json\/wp\/v2\/media\/10429"}],"wp:attachment":[{"href":"https:\/\/msakademija.com\/en\/wp-json\/wp\/v2\/media?parent=10513"}],"wp:term":[{"taxonomy":"product_brand","embeddable":true,"href":"https:\/\/msakademija.com\/en\/wp-json\/wp\/v2\/product_brand?post=10513"},{"taxonomy":"product_cat","embeddable":true,"href":"https:\/\/msakademija.com\/en\/wp-json\/wp\/v2\/product_cat?post=10513"},{"taxonomy":"product_tag","embeddable":true,"href":"https:\/\/msakademija.com\/en\/wp-json\/wp\/v2\/product_tag?post=10513"}],"curies":[{"name":"wp","href":"https:\/\/api.w.org\/{rel}","templated":true}]}}