{"id":10754,"date":"2025-02-01T23:39:38","date_gmt":"2025-02-01T21:39:38","guid":{"rendered":"https:\/\/msakademija.com\/?post_type=product&#038;p=10754"},"modified":"2026-04-27T10:05:52","modified_gmt":"2026-04-27T07:05:52","slug":"bottom-eyelashes-in-tufts-masi-ms4","status":"publish","type":"product","link":"https:\/\/msakademija.com\/en\/produktas\/dibrtines-blakstienos-kuoksteliais-masi-ms4\/","title":{"rendered":"Dibreth eyelash tufts MASI MS4"},"content":{"rendered":"<h2>MASI MS4 eyelash curler for eye make-up<\/h2>\n<p>Use MASI false eyelashes for an expressive and glamorous look!<\/p>\n<p>Looking for quality false eyelashes for a natural effect or a dramatic look? Use MASI false eyelashes for both everyday and special occasions. Lightweight, comfortable false eyelashes allow you to create a flawless make-up look without any discomfort.<\/p>\n<p>Why choose MASI lashes?<\/p>\n<p><img decoding=\"async\" class=\"an1\" src=\"https:\/\/fonts.gstatic.com\/s\/e\/notoemoji\/16.0\/2714\/72.png\" alt=\"\u2714\" width=\"44\" height=\"44\" data-emoji=\"\u2714\" aria-label=\"\u2714\" \/>\u00a0For a natural or dramatic look, choose from a range of lengths and densities.<\/p>\n<p><img decoding=\"async\" class=\"an1\" src=\"https:\/\/fonts.gstatic.com\/s\/e\/notoemoji\/16.0\/2714\/72.png\" alt=\"\u2714\" width=\"47\" height=\"47\" data-emoji=\"\u2714\" aria-label=\"\u2714\" \/>\u00a0Easy application - suitable for beginners and professionals alike.<\/p>\n<p><img decoding=\"async\" class=\"an1\" src=\"https:\/\/fonts.gstatic.com\/s\/e\/notoemoji\/16.0\/2714\/72.png\" alt=\"\u2714\" width=\"45\" height=\"45\" data-emoji=\"\u2714\" aria-label=\"\u2714\" \/>\u00a0High quality - soft, lightweight and comfortable all day long.<\/p>\n<p>Order MASI false eyelashes now and create a flawless look!<\/p>\n<p>Available lengths 8,10,12,14<\/p>\n<p>False eyelashes, often referred to simply as \"lashes\" or \"tufts\", are a cosmetic tool used to improve the appearance of natural eyelashes. They are usually made from a variety of materials, including synthetic fibres, human hair or mink fur. False eyelashes are available in a variety of styles, lengths and thicknesses, allowing people to achieve different effects, from natural and subtle to dramatic and bold.<\/p>\n<p>Here's how false eyelashes are usually applied:<\/p>\n<p>Preparation:<\/p>\n<ol>\n<li>Before applying your eyelashes, make sure your natural lashes are clean and free of mascara or other products.<\/li>\n<li>Glue: Use a high-quality lash glue, which is usually included with false eyelashes or purchased separately. Apply a thin, even layer of glue to the base of the false eyelashes. Allow the glue to dry for about 30 seconds; this will allow the false eyelashes to adhere better and faster to the natural eyelashes.<\/li>\n<li>Place: using tweezers or your fingers, gently place the false eyelashes along the natural lash line. Start by attaching the centre of the false eyelashes, then glue the inner and outer corners.<\/li>\n<li>Secure and blend: gently press the false eyelashes against the natural eyelashes to make sure they are firmly attached. Use your fingers or a clean mascara wand to blend your natural lashes with your false lashes for a seamless look.<\/li>\n<li>Optional: you can apply eyeliner or mascara to further blend the false lashes with the natural lashes and create a more seamless look.<\/li>\n<li>Removal: to remove false eyelashes, gently peel them off, starting from the outer corner and working inwards. Be gentle so as not to damage the natural lashes. We recommend removing eye make-up with micellar water beforehand.<\/li>\n<\/ol>\n<p>&nbsp;<\/p>\n<p>&nbsp;<\/p>","protected":false},"excerpt":{"rendered":"<p>Priklijuojamos blakstienos kuok\u0161teliais MASI MS4 aki\u0173 makia\u017eui atlikti MASI dirbtines blakstienas naudok\u00a0 i\u0161rai\u0161kingam ir kerin\u010diam \u017evilgsniui! Ie\u0161kote kokybi\u0161k\u0173 dirbtini\u0173 blakstien\u0173, kurios suteikt\u0173 nat\u016bral\u0173 efekt\u0105 arba dramati\u0161k\u0105 \u012fvaizd\u012f? MASI dirbtines blakstienas naudok tiek kasdienai, tiek ypatingoms progoms. Lengvos, patogios dirbtin\u0117s blakstienos leis sukurti nepriekai\u0161ting\u0105 makia\u017e\u0105 be jokio diskomforto. Kod\u0117l verta rinktis MASI blakstienas? \u00a0Nat\u016brali arba dramati\u0161ka [&#8230;]\n","protected":false},"featured_media":10723,"comment_status":"open","ping_status":"closed","template":"","meta":[],"product_brand":[],"product_cat":[27,32,20],"product_tag":[],"class_list":{"0":"post-10754","1":"product","2":"type-product","3":"status-publish","4":"has-post-thumbnail","6":"product_cat-akims","7":"product_cat-dirbtines-blakstienos-ir-klijai","8":"product_cat-priemones-makiazui","10":"first","11":"instock","12":"shipping-taxable","13":"purchasable","14":"product-type-variable"},"yoast_head":"<!-- This site is optimized with the Yoast SEO Premium plugin v27.5 (Yoast SEO v27.5) - https:\/\/yoast.com\/product\/yoast-seo-premium-wordpress\/ -->\n<title>Dibrtin\u0117s blakstienos kuok\u0161teliais MASI MS4 - MS akademija<\/title>\n<meta name=\"description\" content=\"Priklijuojamos blakstienos kuok\u0161teliais MASI MS4 aki\u0173 makia\u017eui atlikti. MASI dirbtines blakstienas galima rinktis tieks kasdienai, tiek \u0161ventei\" \/>\n<meta name=\"robots\" content=\"index, follow, max-snippet:-1, max-image-preview:large, max-video-preview:-1\" \/>\n<link rel=\"canonical\" href=\"https:\/\/msakademija.com\/en\/product\/bottom-eyelashes-in-tufts-masi-ms4\/\" \/>\n<meta property=\"og:locale\" content=\"en_US\" \/>\n<meta property=\"og:type\" content=\"article\" \/>\n<meta property=\"og:title\" content=\"Dibrtin\u0117s blakstienos kuok\u0161teliais MASI MS4\" \/>\n<meta property=\"og:description\" content=\"Priklijuojamos blakstienos kuok\u0161teliais MASI MS4 aki\u0173 makia\u017eui atlikti. MASI dirbtines blakstienas galima rinktis tieks kasdienai, tiek \u0161ventei\" \/>\n<meta property=\"og:url\" content=\"https:\/\/msakademija.com\/en\/product\/bottom-eyelashes-in-tufts-masi-ms4\/\" \/>\n<meta property=\"og:site_name\" content=\"MS akademija\" \/>\n<meta property=\"article:publisher\" content=\"https:\/\/www.facebook.com\/msakademijavilnius\/\" \/>\n<meta property=\"article:modified_time\" content=\"2026-04-27T07:05:52+00:00\" \/>\n<meta property=\"og:image\" content=\"https:\/\/msakademija.com\/wp-content\/uploads\/2021\/06\/ms4mix-scaled.jpg\" \/>\n\t<meta property=\"og:image:width\" content=\"2560\" \/>\n\t<meta property=\"og:image:height\" content=\"2560\" \/>\n\t<meta property=\"og:image:type\" content=\"image\/jpeg\" \/>\n<meta name=\"twitter:card\" content=\"summary_large_image\" \/>\n<meta name=\"twitter:label1\" content=\"Availability\" \/>\n\t<meta name=\"twitter:data1\" content=\"In stock\" \/>\n<script type=\"application\/ld+json\" class=\"yoast-schema-graph\">{\"@context\":\"https:\\\/\\\/schema.org\",\"@graph\":[{\"@type\":\"WebPage\",\"@id\":\"https:\\\/\\\/msakademija.com\\\/produktas\\\/dibrtines-blakstienos-kuoksteliais-masi-ms4\\\/\",\"url\":\"https:\\\/\\\/msakademija.com\\\/produktas\\\/dibrtines-blakstienos-kuoksteliais-masi-ms4\\\/\",\"name\":\"Dibrtin\u0117s blakstienos kuok\u0161teliais MASI MS4 - MS akademija\",\"isPartOf\":{\"@id\":\"https:\\\/\\\/msakademija.com\\\/#website\"},\"primaryImageOfPage\":{\"@id\":\"https:\\\/\\\/msakademija.com\\\/produktas\\\/dibrtines-blakstienos-kuoksteliais-masi-ms4\\\/#primaryimage\"},\"image\":{\"@id\":\"https:\\\/\\\/msakademija.com\\\/produktas\\\/dibrtines-blakstienos-kuoksteliais-masi-ms4\\\/#primaryimage\"},\"thumbnailUrl\":\"https:\\\/\\\/msakademija.com\\\/wp-content\\\/uploads\\\/2021\\\/06\\\/ms4mix-scaled.jpg\",\"datePublished\":\"2025-02-01T21:39:38+00:00\",\"dateModified\":\"2026-04-27T07:05:52+00:00\",\"description\":\"Priklijuojamos blakstienos kuok\u0161teliais MASI MS4 aki\u0173 makia\u017eui atlikti. MASI dirbtines blakstienas galima rinktis tieks kasdienai, tiek \u0161ventei\",\"breadcrumb\":{\"@id\":\"https:\\\/\\\/msakademija.com\\\/produktas\\\/dibrtines-blakstienos-kuoksteliais-masi-ms4\\\/#breadcrumb\"},\"inLanguage\":\"en-US\",\"potentialAction\":[{\"@type\":\"ReadAction\",\"target\":[\"https:\\\/\\\/msakademija.com\\\/produktas\\\/dibrtines-blakstienos-kuoksteliais-masi-ms4\\\/\"]}]},{\"@type\":\"ImageObject\",\"inLanguage\":\"en-US\",\"@id\":\"https:\\\/\\\/msakademija.com\\\/produktas\\\/dibrtines-blakstienos-kuoksteliais-masi-ms4\\\/#primaryimage\",\"url\":\"https:\\\/\\\/msakademija.com\\\/wp-content\\\/uploads\\\/2021\\\/06\\\/ms4mix-scaled.jpg\",\"contentUrl\":\"https:\\\/\\\/msakademija.com\\\/wp-content\\\/uploads\\\/2021\\\/06\\\/ms4mix-scaled.jpg\",\"width\":2560,\"height\":2560,\"caption\":\"Dirbtin\u0117s blakstienos kuok\u0161teliais\"},{\"@type\":\"BreadcrumbList\",\"@id\":\"https:\\\/\\\/msakademija.com\\\/produktas\\\/dibrtines-blakstienos-kuoksteliais-masi-ms4\\\/#breadcrumb\",\"itemListElement\":[{\"@type\":\"ListItem\",\"position\":1,\"name\":\"Home\",\"item\":\"https:\\\/\\\/msakademija.com\\\/\"},{\"@type\":\"ListItem\",\"position\":2,\"name\":\"Parduotuv\u0117\",\"item\":\"https:\\\/\\\/msakademija.com\\\/makiazo-priemoniu-parduotuve\\\/\"},{\"@type\":\"ListItem\",\"position\":3,\"name\":\"Dibrtin\u0117s blakstienos kuok\u0161teliais MASI MS4\"}]},{\"@type\":\"WebSite\",\"@id\":\"https:\\\/\\\/msakademija.com\\\/#website\",\"url\":\"https:\\\/\\\/msakademija.com\\\/\",\"name\":\"MS akademija\",\"description\":\"Makia\u017eo ir \u0161ukuosenos akademija\",\"publisher\":{\"@id\":\"https:\\\/\\\/msakademija.com\\\/#organization\"},\"potentialAction\":[{\"@type\":\"SearchAction\",\"target\":{\"@type\":\"EntryPoint\",\"urlTemplate\":\"https:\\\/\\\/msakademija.com\\\/?s={search_term_string}\"},\"query-input\":{\"@type\":\"PropertyValueSpecification\",\"valueRequired\":true,\"valueName\":\"search_term_string\"}}],\"inLanguage\":\"en-US\"},{\"@type\":\"Organization\",\"@id\":\"https:\\\/\\\/msakademija.com\\\/#organization\",\"name\":\"MS akademija\",\"url\":\"https:\\\/\\\/msakademija.com\\\/\",\"logo\":{\"@type\":\"ImageObject\",\"inLanguage\":\"en-US\",\"@id\":\"https:\\\/\\\/msakademija.com\\\/#\\\/schema\\\/logo\\\/image\\\/\",\"url\":\"https:\\\/\\\/msakademija.com\\\/wp-content\\\/uploads\\\/2021\\\/05\\\/logo_juodas_HEADERMS.png\",\"contentUrl\":\"https:\\\/\\\/msakademija.com\\\/wp-content\\\/uploads\\\/2021\\\/05\\\/logo_juodas_HEADERMS.png\",\"width\":500,\"height\":210,\"caption\":\"MS akademija\"},\"image\":{\"@id\":\"https:\\\/\\\/msakademija.com\\\/#\\\/schema\\\/logo\\\/image\\\/\"},\"sameAs\":[\"https:\\\/\\\/www.facebook.com\\\/msakademijavilnius\\\/\",\"https:\\\/\\\/www.instagram.com\\\/msakademija\\\/\"]}]}<\/script>\n<meta property=\"product:brand\" content=\"MASI\" \/>\n<meta property=\"og:availability\" content=\"instock\" \/>\n<meta property=\"product:availability\" content=\"instock\" \/>\n<meta property=\"product:condition\" content=\"new\" \/>\n<!-- \/ Yoast SEO Premium plugin. -->","yoast_head_json":{"title":"MASI MS4 eyelash tufts - MS akademija","description":"MASI MS4 eyelash curlers for eye make-up. MASI false eyelashes are available for both everyday and festive occasions","robots":{"index":"index","follow":"follow","max-snippet":"max-snippet:-1","max-image-preview":"max-image-preview:large","max-video-preview":"max-video-preview:-1"},"canonical":"https:\/\/msakademija.com\/en\/product\/bottom-eyelashes-in-tufts-masi-ms4\/","og_locale":"en_US","og_type":"article","og_title":"Dibrtin\u0117s blakstienos kuok\u0161teliais MASI MS4","og_description":"Priklijuojamos blakstienos kuok\u0161teliais MASI MS4 aki\u0173 makia\u017eui atlikti. MASI dirbtines blakstienas galima rinktis tieks kasdienai, tiek \u0161ventei","og_url":"https:\/\/msakademija.com\/en\/product\/bottom-eyelashes-in-tufts-masi-ms4\/","og_site_name":"MS akademija","article_publisher":"https:\/\/www.facebook.com\/msakademijavilnius\/","article_modified_time":"2026-04-27T07:05:52+00:00","og_image":[{"width":2560,"height":2560,"url":"https:\/\/msakademija.com\/wp-content\/uploads\/2021\/06\/ms4mix-scaled.jpg","type":"image\/jpeg"}],"twitter_card":"summary_large_image","twitter_misc":{"Availability":"In stock"},"schema":{"@context":"https:\/\/schema.org","@graph":[{"@type":"WebPage","@id":"https:\/\/msakademija.com\/produktas\/dibrtines-blakstienos-kuoksteliais-masi-ms4\/","url":"https:\/\/msakademija.com\/produktas\/dibrtines-blakstienos-kuoksteliais-masi-ms4\/","name":"MASI MS4 eyelash tufts - MS akademija","isPartOf":{"@id":"https:\/\/msakademija.com\/#website"},"primaryImageOfPage":{"@id":"https:\/\/msakademija.com\/produktas\/dibrtines-blakstienos-kuoksteliais-masi-ms4\/#primaryimage"},"image":{"@id":"https:\/\/msakademija.com\/produktas\/dibrtines-blakstienos-kuoksteliais-masi-ms4\/#primaryimage"},"thumbnailUrl":"https:\/\/msakademija.com\/wp-content\/uploads\/2021\/06\/ms4mix-scaled.jpg","datePublished":"2025-02-01T21:39:38+00:00","dateModified":"2026-04-27T07:05:52+00:00","description":"MASI MS4 eyelash curlers for eye make-up. MASI false eyelashes are available for both everyday and festive occasions","breadcrumb":{"@id":"https:\/\/msakademija.com\/produktas\/dibrtines-blakstienos-kuoksteliais-masi-ms4\/#breadcrumb"},"inLanguage":"en-US","potentialAction":[{"@type":"ReadAction","target":["https:\/\/msakademija.com\/produktas\/dibrtines-blakstienos-kuoksteliais-masi-ms4\/"]}]},{"@type":"ImageObject","inLanguage":"en-US","@id":"https:\/\/msakademija.com\/produktas\/dibrtines-blakstienos-kuoksteliais-masi-ms4\/#primaryimage","url":"https:\/\/msakademija.com\/wp-content\/uploads\/2021\/06\/ms4mix-scaled.jpg","contentUrl":"https:\/\/msakademija.com\/wp-content\/uploads\/2021\/06\/ms4mix-scaled.jpg","width":2560,"height":2560,"caption":"Dirbtin\u0117s blakstienos kuok\u0161teliais"},{"@type":"BreadcrumbList","@id":"https:\/\/msakademija.com\/produktas\/dibrtines-blakstienos-kuoksteliais-masi-ms4\/#breadcrumb","itemListElement":[{"@type":"ListItem","position":1,"name":"Home","item":"https:\/\/msakademija.com\/"},{"@type":"ListItem","position":2,"name":"Parduotuv\u0117","item":"https:\/\/msakademija.com\/makiazo-priemoniu-parduotuve\/"},{"@type":"ListItem","position":3,"name":"Dibrtin\u0117s blakstienos kuok\u0161teliais MASI MS4"}]},{"@type":"WebSite","@id":"https:\/\/msakademija.com\/#website","url":"https:\/\/msakademija.com\/","name":"MS Academy","description":"Make-up and Hair Academy","publisher":{"@id":"https:\/\/msakademija.com\/#organization"},"potentialAction":[{"@type":"SearchAction","target":{"@type":"EntryPoint","urlTemplate":"https:\/\/msakademija.com\/?s={search_term_string}"},"query-input":{"@type":"PropertyValueSpecification","valueRequired":true,"valueName":"search_term_string"}}],"inLanguage":"en-US"},{"@type":"Organization","@id":"https:\/\/msakademija.com\/#organization","name":"MS Academy","url":"https:\/\/msakademija.com\/","logo":{"@type":"ImageObject","inLanguage":"en-US","@id":"https:\/\/msakademija.com\/#\/schema\/logo\/image\/","url":"https:\/\/msakademija.com\/wp-content\/uploads\/2021\/05\/logo_juodas_HEADERMS.png","contentUrl":"https:\/\/msakademija.com\/wp-content\/uploads\/2021\/05\/logo_juodas_HEADERMS.png","width":500,"height":210,"caption":"MS akademija"},"image":{"@id":"https:\/\/msakademija.com\/#\/schema\/logo\/image\/"},"sameAs":["https:\/\/www.facebook.com\/msakademijavilnius\/","https:\/\/www.instagram.com\/msakademija\/"]}]},"product_brand":"MASI","og_availability":"instock","product_availability":"instock","product_condition":"new"},"jetpack_sharing_enabled":true,"_links":{"self":[{"href":"https:\/\/msakademija.com\/en\/wp-json\/wp\/v2\/product\/10754","targetHints":{"allow":["GET"]}}],"collection":[{"href":"https:\/\/msakademija.com\/en\/wp-json\/wp\/v2\/product"}],"about":[{"href":"https:\/\/msakademija.com\/en\/wp-json\/wp\/v2\/types\/product"}],"replies":[{"embeddable":true,"href":"https:\/\/msakademija.com\/en\/wp-json\/wp\/v2\/comments?post=10754"}],"wp:featuredmedia":[{"embeddable":true,"href":"https:\/\/msakademija.com\/en\/wp-json\/wp\/v2\/media\/10723"}],"wp:attachment":[{"href":"https:\/\/msakademija.com\/en\/wp-json\/wp\/v2\/media?parent=10754"}],"wp:term":[{"taxonomy":"product_brand","embeddable":true,"href":"https:\/\/msakademija.com\/en\/wp-json\/wp\/v2\/product_brand?post=10754"},{"taxonomy":"product_cat","embeddable":true,"href":"https:\/\/msakademija.com\/en\/wp-json\/wp\/v2\/product_cat?post=10754"},{"taxonomy":"product_tag","embeddable":true,"href":"https:\/\/msakademija.com\/en\/wp-json\/wp\/v2\/product_tag?post=10754"}],"curies":[{"name":"wp","href":"https:\/\/api.w.org\/{rel}","templated":true}]}}