{"id":11169,"date":"2025-05-03T19:28:30","date_gmt":"2025-05-03T16:28:30","guid":{"rendered":"https:\/\/msakademija.com\/?post_type=product&#038;p=11169"},"modified":"2026-04-09T16:53:14","modified_gmt":"2026-04-09T13:53:14","slug":"make-up-brush-set","status":"publish","type":"product","link":"https:\/\/msakademija.com\/en\/produktas\/makiazo-sepeteliu-rinkinys\/","title":{"rendered":"Make-up brush set Masi Glam pro"},"content":{"rendered":"<h2 data-start=\"169\" data-end=\"274\"><strong data-start=\"173\" data-end=\"274\">Make-up brush set <\/strong><\/h2>\n<h3 data-start=\"169\" data-end=\"274\"><strong data-start=\"173\" data-end=\"274\">Glam Pro - compact professional brushes for everyday use<\/strong><\/h3>\n<h3 data-start=\"276\" data-end=\"562\"><strong data-start=\"276\" data-end=\"318\">Masi Glam Pro Make-up Brush Set<\/strong> - are professional quality short-handled make-up brushes, perfect for both travel and everyday use. The compact design ensures convenience and the high-quality bristles allow you to achieve perfect results every time.<\/h3>\n<hr class=\"\" data-start=\"564\" data-end=\"567\" \/>\n<h3 class=\"\" data-start=\"569\" data-end=\"595\"><strong data-start=\"573\" data-end=\"595\">Features of the set:<\/strong><\/h3>\n<ul data-start=\"596\" data-end=\"890\">\n<li class=\"\" data-start=\"596\" data-end=\"651\">\n<p class=\"\" data-start=\"598\" data-end=\"651\">\u2705 Set of face and eye make-up brushes<\/p>\n<\/li>\n<li class=\"\" data-start=\"652\" data-end=\"719\">\n<p class=\"\" data-start=\"654\" data-end=\"719\">\u2705 Soft, synthetic bristles - gentle on the skin, suitable for sensitive skin<\/p>\n<\/li>\n<li class=\"\" data-start=\"720\" data-end=\"784\">\n<p class=\"\" data-start=\"722\" data-end=\"784\">\u2705 Short, ergonomic handle for easy and precise use<\/p>\n<\/li>\n<li class=\"\" data-start=\"785\" data-end=\"837\">\n<p class=\"\" data-start=\"787\" data-end=\"837\">\u2705 Compact case - convenient to store and carry<\/p>\n<\/li>\n<li class=\"\" data-start=\"838\" data-end=\"890\">\n<p class=\"\" data-start=\"840\" data-end=\"890\">\u2705 Suitable for both beginners and professionals to use in the sauna<\/p>\n<\/li>\n<\/ul>\n<hr class=\"\" data-start=\"892\" data-end=\"895\" \/>\n<h3 class=\"\" data-start=\"897\" data-end=\"943\"><strong data-start=\"901\" data-end=\"943\">Why choose Glam Pro Make-up Brush Sets?<\/strong><\/h3>\n<ul data-start=\"944\" data-end=\"1085\">\n<li class=\"\" data-start=\"944\" data-end=\"1001\">\n<p class=\"\" data-start=\"946\" data-end=\"1001\">Professional results anywhere - at home or on the move<\/p>\n<\/li>\n<li class=\"\" data-start=\"1002\" data-end=\"1042\">\n<p class=\"\" data-start=\"1004\" data-end=\"1042\">Convenient format for smaller cosmetic cases<\/p>\n<\/li>\n<li class=\"\" data-start=\"1043\" data-end=\"1085\">\n<p class=\"\" data-start=\"1045\" data-end=\"1085\">Durable, easy to clean and hygienic<\/p>\n<\/li>\n<\/ul>\n<hr class=\"\" data-start=\"1087\" data-end=\"1090\" \/>\n<p class=\"\" data-start=\"1092\" data-end=\"1200\">\ud83d\udc84 Add to your make-up collection <strong data-start=\"1127\" data-end=\"1144\">Masi Glam Pro<\/strong> and enjoy your beauty routine without compromise!<\/p>\n<h3 class=\"\" data-start=\"169\" data-end=\"274\"><strong data-start=\"173\" data-end=\"274\">Glam Pro Make-up Brush Set - compact professional brushes for everyday use<\/strong><\/h3>\n<p class=\"\" data-start=\"276\" data-end=\"562\"><strong data-start=\"276\" data-end=\"318\">Masi Make-up Brush Set Glam Pro<\/strong> - are professional quality short-handled make-up brushes, perfect for both travel and everyday use. The compact design ensures convenience and the high-quality bristles allow you to achieve perfect results every time.<\/p>\n<hr class=\"\" data-start=\"564\" data-end=\"567\" \/>\n<h3 class=\"\" data-start=\"569\" data-end=\"595\"><strong data-start=\"573\" data-end=\"595\">Make-up brush set. Set features:<\/strong><\/h3>\n<ul data-start=\"596\" data-end=\"890\">\n<li class=\"\" data-start=\"596\" data-end=\"651\">\n<p class=\"\" data-start=\"598\" data-end=\"651\">\u2705 Set of face and eye make-up brushes<\/p>\n<\/li>\n<li class=\"\" data-start=\"652\" data-end=\"719\">\n<p class=\"\" data-start=\"654\" data-end=\"719\">\u2705 Soft, synthetic bristles - gentle on the skin, suitable for sensitive skin<\/p>\n<\/li>\n<li class=\"\" data-start=\"720\" data-end=\"784\">\n<p class=\"\" data-start=\"722\" data-end=\"784\">\u2705 Short, ergonomic handle for easy and precise use<\/p>\n<\/li>\n<li class=\"\" data-start=\"785\" data-end=\"837\">\n<p class=\"\" data-start=\"787\" data-end=\"837\">\u2705 Compact case - convenient to store and carry<\/p>\n<\/li>\n<li class=\"\" data-start=\"838\" data-end=\"890\">\n<p class=\"\" data-start=\"840\" data-end=\"890\">\u2705 Suitable for both beginners and professionals to use in the sauna<\/p>\n<\/li>\n<\/ul>\n<hr class=\"\" data-start=\"892\" data-end=\"895\" \/>\n<h3 class=\"\" data-start=\"897\" data-end=\"943\"><strong data-start=\"901\" data-end=\"943\">Why choose Glam Pro Make-up Brush Sets?<\/strong><\/h3>\n<ul data-start=\"944\" data-end=\"1085\">\n<li class=\"\" data-start=\"944\" data-end=\"1001\">\n<p class=\"\" data-start=\"946\" data-end=\"1001\">Professional results anywhere - at home or on the move<\/p>\n<\/li>\n<li class=\"\" data-start=\"1002\" data-end=\"1042\">\n<p class=\"\" data-start=\"1004\" data-end=\"1042\">Convenient format for smaller cosmetic cases<\/p>\n<\/li>\n<li class=\"\" data-start=\"1043\" data-end=\"1085\">\n<p class=\"\" data-start=\"1045\" data-end=\"1085\">Durable, easy to clean and hygienic<\/p>\n<\/li>\n<\/ul>\n<hr class=\"\" data-start=\"1087\" data-end=\"1090\" \/>\n<p class=\"\" data-start=\"1092\" data-end=\"1200\">\ud83d\udc84 Add to your make-up collection <strong data-start=\"1127\" data-end=\"1144\">Masi Glam Pro<\/strong> and enjoy your beauty routine without compromise!<\/p>\n<h3 class=\"\" data-start=\"897\" data-end=\"943\"><strong data-start=\"901\" data-end=\"943\">Why choose Glam Pro Make-up Brush Sets?<\/strong><\/h3>\n<ul data-start=\"944\" data-end=\"1085\">\n<li class=\"\" data-start=\"944\" data-end=\"1001\">\n<p class=\"\" data-start=\"946\" data-end=\"1001\">Professional results anywhere - at home or on the move<\/p>\n<\/li>\n<li class=\"\" data-start=\"1002\" data-end=\"1042\">\n<p class=\"\" data-start=\"1004\" data-end=\"1042\">Convenient format for smaller cosmetic cases<\/p>\n<\/li>\n<li class=\"\" data-start=\"1043\" data-end=\"1085\">\n<p class=\"\" data-start=\"1045\" data-end=\"1085\">Durable, easy to clean and hygienic<\/p>\n<\/li>\n<\/ul>\n<hr class=\"\" data-start=\"1087\" data-end=\"1090\" \/>\n<p class=\"\" data-start=\"1092\" data-end=\"1200\">\ud83d\udc84 Add to your make-up collection <strong data-start=\"1127\" data-end=\"1144\">Masi Glam Pro<\/strong> and enjoy your beauty routine without compromise!<\/p>\n<h3 class=\"\" data-start=\"897\" data-end=\"943\"><strong data-start=\"901\" data-end=\"943\">Why choose Glam Pro Make-up Brush Sets?<\/strong><\/h3>\n<ul data-start=\"944\" data-end=\"1085\">\n<li class=\"\" data-start=\"944\" data-end=\"1001\">\n<p class=\"\" data-start=\"946\" data-end=\"1001\">Professional results anywhere - at home or on the move<\/p>\n<\/li>\n<li class=\"\" data-start=\"1002\" data-end=\"1042\">\n<p class=\"\" data-start=\"1004\" data-end=\"1042\">Convenient format for smaller cosmetic cases<\/p>\n<\/li>\n<li class=\"\" data-start=\"1043\" data-end=\"1085\">\n<p class=\"\" data-start=\"1045\" data-end=\"1085\">Durable, easy to clean and hygienic<\/p>\n<\/li>\n<\/ul>\n<hr class=\"\" data-start=\"1087\" data-end=\"1090\" \/>\n<p class=\"\" data-start=\"1092\" data-end=\"1200\">\ud83d\udc84 Add to your make-up collection <strong data-start=\"1127\" data-end=\"1144\">Masi Glam Pro<\/strong> and enjoy your beauty routine without compromise!<\/p>","protected":false},"excerpt":{"rendered":"<p>Makia\u017eo \u0161epeteli\u0173 rinkinys Glam Pro \u2013 kompakti\u0161ki profesional\u016bs teptukai kasdieniam naudojimui Makia\u017eo \u0161epet\u0117li\u0173 rinkinys\u00a0 Masi Glam Pro \u2013 tai profesionalios kokyb\u0117s trump\u0173 ranken\u0173 makia\u017eo teptukai, puikiai tinkantys tiek kelion\u0117ms, tiek kasdieniam naudojimui. Kompakti\u0161kas dizainas u\u017etikrina patogum\u0105, o auk\u0161tos kokyb\u0117s \u0161ereliai leid\u017eia pasiekti tobul\u0105 rezultat\u0105 kiekvien\u0105 kart\u0105. Rinkinio ypatyb\u0117s: \u2705 Rinkinys sudarytas i\u0161 veido ir aki\u0173 [&#8230;]\n","protected":false},"featured_media":11358,"comment_status":"open","ping_status":"closed","template":"","meta":[],"product_brand":[],"product_cat":[15,20,36],"product_tag":[],"class_list":{"0":"post-11169","1":"product","2":"type-product","3":"status-publish","4":"has-post-thumbnail","6":"product_cat-be-kategorijos","7":"product_cat-priemones-makiazui","8":"product_cat-sepeteliai-makiazui-ir-kiti-irankiai","10":"first","11":"instock","12":"shipping-taxable","13":"purchasable","14":"product-type-simple"},"yoast_head":"<!-- This site is optimized with the Yoast SEO Premium plugin v27.5 (Yoast SEO v27.5) - https:\/\/yoast.com\/product\/yoast-seo-premium-wordpress\/ -->\n<title>Makia\u017eo \u0161epeteli\u0173 rinkinys Masi Glam pro - MS akademija<\/title>\n<meta name=\"description\" content=\"Makia\u017eo \u0161epeteli\u0173 rinkinys su trumpomis rankenomis \u2013 idealiai tinka kelion\u0117ms ir kasdieniam naudojimui. Profesional\u016bs ir kompakti\u0161ki teptukai tavo makia\u017eui\" \/>\n<meta name=\"robots\" content=\"index, follow, max-snippet:-1, max-image-preview:large, max-video-preview:-1\" \/>\n<link rel=\"canonical\" href=\"https:\/\/msakademija.com\/en\/product\/make-up-brush-set\/\" \/>\n<meta property=\"og:locale\" content=\"en_US\" \/>\n<meta property=\"og:type\" content=\"article\" \/>\n<meta property=\"og:title\" content=\"Makia\u017eo \u0161epeteli\u0173 rinkinys Masi Glam pro\" \/>\n<meta property=\"og:description\" content=\"Makia\u017eo \u0161epeteli\u0173 rinkinys su trumpomis rankenomis \u2013 idealiai tinka kelion\u0117ms ir kasdieniam naudojimui. Profesional\u016bs ir kompakti\u0161ki teptukai tavo makia\u017eui\" \/>\n<meta property=\"og:url\" content=\"https:\/\/msakademija.com\/en\/product\/make-up-brush-set\/\" \/>\n<meta property=\"og:site_name\" content=\"MS akademija\" \/>\n<meta property=\"article:publisher\" content=\"https:\/\/www.facebook.com\/msakademijavilnius\/\" \/>\n<meta property=\"article:modified_time\" content=\"2026-04-09T13:53:14+00:00\" \/>\n<meta property=\"og:image\" content=\"https:\/\/msakademija.com\/wp-content\/uploads\/2025\/05\/img_8754-scaled.jpeg\" \/>\n\t<meta property=\"og:image:width\" content=\"2560\" \/>\n\t<meta property=\"og:image:height\" content=\"2560\" \/>\n\t<meta property=\"og:image:type\" content=\"image\/jpeg\" \/>\n<meta name=\"twitter:card\" content=\"summary_large_image\" \/>\n<meta name=\"twitter:label1\" content=\"Price\" \/>\n\t<meta name=\"twitter:data1\" content=\"&euro;49.99\" \/>\n\t<meta name=\"twitter:label2\" content=\"Availability\" \/>\n\t<meta name=\"twitter:data2\" content=\"In stock\" \/>\n<script type=\"application\/ld+json\" class=\"yoast-schema-graph\">{\"@context\":\"https:\\\/\\\/schema.org\",\"@graph\":[{\"@type\":\"WebPage\",\"@id\":\"https:\\\/\\\/msakademija.com\\\/produktas\\\/makiazo-sepeteliu-rinkinys\\\/\",\"url\":\"https:\\\/\\\/msakademija.com\\\/produktas\\\/makiazo-sepeteliu-rinkinys\\\/\",\"name\":\"Makia\u017eo \u0161epeteli\u0173 rinkinys Masi Glam pro - MS akademija\",\"isPartOf\":{\"@id\":\"https:\\\/\\\/msakademija.com\\\/#website\"},\"primaryImageOfPage\":{\"@id\":\"https:\\\/\\\/msakademija.com\\\/produktas\\\/makiazo-sepeteliu-rinkinys\\\/#primaryimage\"},\"image\":{\"@id\":\"https:\\\/\\\/msakademija.com\\\/produktas\\\/makiazo-sepeteliu-rinkinys\\\/#primaryimage\"},\"thumbnailUrl\":\"https:\\\/\\\/msakademija.com\\\/wp-content\\\/uploads\\\/2025\\\/05\\\/img_8754-scaled.jpeg\",\"datePublished\":\"2025-05-03T16:28:30+00:00\",\"dateModified\":\"2026-04-09T13:53:14+00:00\",\"description\":\"Makia\u017eo \u0161epeteli\u0173 rinkinys su trumpomis rankenomis \u2013 idealiai tinka kelion\u0117ms ir kasdieniam naudojimui. Profesional\u016bs ir kompakti\u0161ki teptukai tavo makia\u017eui\",\"breadcrumb\":{\"@id\":\"https:\\\/\\\/msakademija.com\\\/produktas\\\/makiazo-sepeteliu-rinkinys\\\/#breadcrumb\"},\"inLanguage\":\"en-US\",\"potentialAction\":[{\"@type\":\"ReadAction\",\"target\":[\"https:\\\/\\\/msakademija.com\\\/produktas\\\/makiazo-sepeteliu-rinkinys\\\/\"]}]},{\"@type\":\"ImageObject\",\"inLanguage\":\"en-US\",\"@id\":\"https:\\\/\\\/msakademija.com\\\/produktas\\\/makiazo-sepeteliu-rinkinys\\\/#primaryimage\",\"url\":\"https:\\\/\\\/msakademija.com\\\/wp-content\\\/uploads\\\/2025\\\/05\\\/img_8754-scaled.jpeg\",\"contentUrl\":\"https:\\\/\\\/msakademija.com\\\/wp-content\\\/uploads\\\/2025\\\/05\\\/img_8754-scaled.jpeg\",\"width\":2560,\"height\":2560},{\"@type\":\"BreadcrumbList\",\"@id\":\"https:\\\/\\\/msakademija.com\\\/produktas\\\/makiazo-sepeteliu-rinkinys\\\/#breadcrumb\",\"itemListElement\":[{\"@type\":\"ListItem\",\"position\":1,\"name\":\"Home\",\"item\":\"https:\\\/\\\/msakademija.com\\\/\"},{\"@type\":\"ListItem\",\"position\":2,\"name\":\"Parduotuv\u0117\",\"item\":\"https:\\\/\\\/msakademija.com\\\/makiazo-priemoniu-parduotuve\\\/\"},{\"@type\":\"ListItem\",\"position\":3,\"name\":\"Makia\u017eo \u0161epeteli\u0173 rinkinys Masi Glam pro\"}]},{\"@type\":\"WebSite\",\"@id\":\"https:\\\/\\\/msakademija.com\\\/#website\",\"url\":\"https:\\\/\\\/msakademija.com\\\/\",\"name\":\"MS akademija\",\"description\":\"Makia\u017eo ir \u0161ukuosenos akademija\",\"publisher\":{\"@id\":\"https:\\\/\\\/msakademija.com\\\/#organization\"},\"potentialAction\":[{\"@type\":\"SearchAction\",\"target\":{\"@type\":\"EntryPoint\",\"urlTemplate\":\"https:\\\/\\\/msakademija.com\\\/?s={search_term_string}\"},\"query-input\":{\"@type\":\"PropertyValueSpecification\",\"valueRequired\":true,\"valueName\":\"search_term_string\"}}],\"inLanguage\":\"en-US\"},{\"@type\":\"Organization\",\"@id\":\"https:\\\/\\\/msakademija.com\\\/#organization\",\"name\":\"MS akademija\",\"url\":\"https:\\\/\\\/msakademija.com\\\/\",\"logo\":{\"@type\":\"ImageObject\",\"inLanguage\":\"en-US\",\"@id\":\"https:\\\/\\\/msakademija.com\\\/#\\\/schema\\\/logo\\\/image\\\/\",\"url\":\"https:\\\/\\\/msakademija.com\\\/wp-content\\\/uploads\\\/2021\\\/05\\\/logo_juodas_HEADERMS.png\",\"contentUrl\":\"https:\\\/\\\/msakademija.com\\\/wp-content\\\/uploads\\\/2021\\\/05\\\/logo_juodas_HEADERMS.png\",\"width\":500,\"height\":210,\"caption\":\"MS akademija\"},\"image\":{\"@id\":\"https:\\\/\\\/msakademija.com\\\/#\\\/schema\\\/logo\\\/image\\\/\"},\"sameAs\":[\"https:\\\/\\\/www.facebook.com\\\/msakademijavilnius\\\/\",\"https:\\\/\\\/www.instagram.com\\\/msakademija\\\/\"]}]}<\/script>\n<meta property=\"product:brand\" content=\"MASI\" \/>\n<meta property=\"product:price:amount\" content=\"49.99\" \/>\n<meta property=\"product:price:currency\" content=\"EUR\" \/>\n<meta property=\"og:availability\" content=\"instock\" \/>\n<meta property=\"product:availability\" content=\"instock\" \/>\n<meta property=\"product:condition\" content=\"new\" \/>\n<!-- \/ Yoast SEO Premium plugin. -->","yoast_head_json":{"title":"Make-up brush set Masi Glam pro - MS Akademija","description":"Make-up brush set with short handles - ideal for travel and everyday use. Professional and compact brushes for your make-up","robots":{"index":"index","follow":"follow","max-snippet":"max-snippet:-1","max-image-preview":"max-image-preview:large","max-video-preview":"max-video-preview:-1"},"canonical":"https:\/\/msakademija.com\/en\/product\/make-up-brush-set\/","og_locale":"en_US","og_type":"article","og_title":"Makia\u017eo \u0161epeteli\u0173 rinkinys Masi Glam pro","og_description":"Makia\u017eo \u0161epeteli\u0173 rinkinys su trumpomis rankenomis \u2013 idealiai tinka kelion\u0117ms ir kasdieniam naudojimui. Profesional\u016bs ir kompakti\u0161ki teptukai tavo makia\u017eui","og_url":"https:\/\/msakademija.com\/en\/product\/make-up-brush-set\/","og_site_name":"MS akademija","article_publisher":"https:\/\/www.facebook.com\/msakademijavilnius\/","article_modified_time":"2026-04-09T13:53:14+00:00","og_image":[{"width":2560,"height":2560,"url":"https:\/\/msakademija.com\/wp-content\/uploads\/2025\/05\/img_8754-scaled.jpeg","type":"image\/jpeg"}],"twitter_card":"summary_large_image","twitter_misc":{"Price":"&euro;49.99","Availability":"In stock"},"schema":{"@context":"https:\/\/schema.org","@graph":[{"@type":"WebPage","@id":"https:\/\/msakademija.com\/produktas\/makiazo-sepeteliu-rinkinys\/","url":"https:\/\/msakademija.com\/produktas\/makiazo-sepeteliu-rinkinys\/","name":"Make-up brush set Masi Glam pro - MS Akademija","isPartOf":{"@id":"https:\/\/msakademija.com\/#website"},"primaryImageOfPage":{"@id":"https:\/\/msakademija.com\/produktas\/makiazo-sepeteliu-rinkinys\/#primaryimage"},"image":{"@id":"https:\/\/msakademija.com\/produktas\/makiazo-sepeteliu-rinkinys\/#primaryimage"},"thumbnailUrl":"https:\/\/msakademija.com\/wp-content\/uploads\/2025\/05\/img_8754-scaled.jpeg","datePublished":"2025-05-03T16:28:30+00:00","dateModified":"2026-04-09T13:53:14+00:00","description":"Make-up brush set with short handles - ideal for travel and everyday use. Professional and compact brushes for your make-up","breadcrumb":{"@id":"https:\/\/msakademija.com\/produktas\/makiazo-sepeteliu-rinkinys\/#breadcrumb"},"inLanguage":"en-US","potentialAction":[{"@type":"ReadAction","target":["https:\/\/msakademija.com\/produktas\/makiazo-sepeteliu-rinkinys\/"]}]},{"@type":"ImageObject","inLanguage":"en-US","@id":"https:\/\/msakademija.com\/produktas\/makiazo-sepeteliu-rinkinys\/#primaryimage","url":"https:\/\/msakademija.com\/wp-content\/uploads\/2025\/05\/img_8754-scaled.jpeg","contentUrl":"https:\/\/msakademija.com\/wp-content\/uploads\/2025\/05\/img_8754-scaled.jpeg","width":2560,"height":2560},{"@type":"BreadcrumbList","@id":"https:\/\/msakademija.com\/produktas\/makiazo-sepeteliu-rinkinys\/#breadcrumb","itemListElement":[{"@type":"ListItem","position":1,"name":"Home","item":"https:\/\/msakademija.com\/"},{"@type":"ListItem","position":2,"name":"Parduotuv\u0117","item":"https:\/\/msakademija.com\/makiazo-priemoniu-parduotuve\/"},{"@type":"ListItem","position":3,"name":"Makia\u017eo \u0161epeteli\u0173 rinkinys Masi Glam pro"}]},{"@type":"WebSite","@id":"https:\/\/msakademija.com\/#website","url":"https:\/\/msakademija.com\/","name":"MS Academy","description":"Make-up and Hair Academy","publisher":{"@id":"https:\/\/msakademija.com\/#organization"},"potentialAction":[{"@type":"SearchAction","target":{"@type":"EntryPoint","urlTemplate":"https:\/\/msakademija.com\/?s={search_term_string}"},"query-input":{"@type":"PropertyValueSpecification","valueRequired":true,"valueName":"search_term_string"}}],"inLanguage":"en-US"},{"@type":"Organization","@id":"https:\/\/msakademija.com\/#organization","name":"MS Academy","url":"https:\/\/msakademija.com\/","logo":{"@type":"ImageObject","inLanguage":"en-US","@id":"https:\/\/msakademija.com\/#\/schema\/logo\/image\/","url":"https:\/\/msakademija.com\/wp-content\/uploads\/2021\/05\/logo_juodas_HEADERMS.png","contentUrl":"https:\/\/msakademija.com\/wp-content\/uploads\/2021\/05\/logo_juodas_HEADERMS.png","width":500,"height":210,"caption":"MS akademija"},"image":{"@id":"https:\/\/msakademija.com\/#\/schema\/logo\/image\/"},"sameAs":["https:\/\/www.facebook.com\/msakademijavilnius\/","https:\/\/www.instagram.com\/msakademija\/"]}]},"product_brand":"MASI","product_price_amount":"49.99","product_price_currency":"EUR","og_availability":"instock","product_availability":"instock","product_condition":"new"},"jetpack_sharing_enabled":true,"_links":{"self":[{"href":"https:\/\/msakademija.com\/en\/wp-json\/wp\/v2\/product\/11169","targetHints":{"allow":["GET"]}}],"collection":[{"href":"https:\/\/msakademija.com\/en\/wp-json\/wp\/v2\/product"}],"about":[{"href":"https:\/\/msakademija.com\/en\/wp-json\/wp\/v2\/types\/product"}],"replies":[{"embeddable":true,"href":"https:\/\/msakademija.com\/en\/wp-json\/wp\/v2\/comments?post=11169"}],"wp:featuredmedia":[{"embeddable":true,"href":"https:\/\/msakademija.com\/en\/wp-json\/wp\/v2\/media\/11358"}],"wp:attachment":[{"href":"https:\/\/msakademija.com\/en\/wp-json\/wp\/v2\/media?parent=11169"}],"wp:term":[{"taxonomy":"product_brand","embeddable":true,"href":"https:\/\/msakademija.com\/en\/wp-json\/wp\/v2\/product_brand?post=11169"},{"taxonomy":"product_cat","embeddable":true,"href":"https:\/\/msakademija.com\/en\/wp-json\/wp\/v2\/product_cat?post=11169"},{"taxonomy":"product_tag","embeddable":true,"href":"https:\/\/msakademija.com\/en\/wp-json\/wp\/v2\/product_tag?post=11169"}],"curies":[{"name":"wp","href":"https:\/\/api.w.org\/{rel}","templated":true}]}}