{"id":11397,"date":"2025-08-06T18:08:41","date_gmt":"2025-08-06T15:08:41","guid":{"rendered":"https:\/\/msakademija.com\/?post_type=product&#038;p=11397"},"modified":"2026-04-12T11:38:01","modified_gmt":"2026-04-12T08:38:01","slug":"masi-makiazo-camping-suit-black-slim","status":"publish","type":"product","link":"https:\/\/msakademija.com\/en\/produktas\/masi-makiazo-kempinele-black-slim\/","title":{"rendered":"MASI MAKE-UP SPONGE BLACK SLIM"},"content":{"rendered":"<h1>MASI Make-up Sponge - for perfect make-up application!<\/h1>\n<p>Discover the high-quality MASI Make-up Sponge, designed for smooth and flawless make-up application. Soft, flexible and ultra-gentle, this make-up sponge evenly distributes cream powder, concealer, BB cream or other liquid and loose products without streaking.<\/p>\n<p>Why choose a MASI make-up sponge?<\/p>\n<p><img decoding=\"async\" class=\"an1\" src=\"https:\/\/fonts.gstatic.com\/s\/e\/notoemoji\/16.0\/2714\/72.png\" alt=\"\u2714\" width=\"47\" height=\"47\" data-emoji=\"\u2714\" aria-label=\"\u2714\" \/> Perfect coverage - for a natural and seamless result.<\/p>\n<p><img decoding=\"async\" class=\"an1\" src=\"https:\/\/fonts.gstatic.com\/s\/e\/notoemoji\/16.0\/2714\/72.png\" alt=\"\u2714\" width=\"44\" height=\"44\" data-emoji=\"\u2714\" aria-label=\"\u2714\" \/> Versatility - suitable for both liquid and loose make-up.<\/p>\n<p><img decoding=\"async\" class=\"an1\" src=\"https:\/\/fonts.gstatic.com\/s\/e\/notoemoji\/16.0\/2714\/72.png\" alt=\"\u2714\" width=\"51\" height=\"51\" data-emoji=\"\u2714\" aria-label=\"\u2714\" \/> Latex-free - safe even for sensitive skin.<\/p>\n<p><img loading=\"lazy\" decoding=\"async\" class=\"an1\" src=\"https:\/\/fonts.gstatic.com\/s\/e\/notoemoji\/16.0\/2714\/72.png\" alt=\"\u2714\" width=\"52\" height=\"52\" data-emoji=\"\u2714\" aria-label=\"\u2714\" \/> Easy to clean and reusable - keeps its shape and quality for a long time.<\/p>\n<p>Order your MASI Make-up Sponge now and enjoy flawless make-up every day!<\/p>\n<p>&nbsp;<\/p>\n<h2>MASI - quality you'll feel in every stroke!<\/h2>\n<p>MASI is a make-up brand created to give everyone the opportunity to enjoy professional-grade beauty products every day. Our aim is to deliver the highest quality, flawless design and easy-to-use products that help to enhance natural beauty effortlessly.<\/p>\n<p>What makes MASI different?<\/p>\n<p><img loading=\"lazy\" decoding=\"async\" class=\"an1\" src=\"https:\/\/fonts.gstatic.com\/s\/e\/notoemoji\/16.0\/2714\/72.png\" alt=\"\u2714\" width=\"48\" height=\"48\" data-emoji=\"\u2714\" aria-label=\"\u2714\" \/>\u00a0High quality - carefully selected materials ensure durability and perfect results.<\/p>\n<p><img loading=\"lazy\" decoding=\"async\" class=\"an1\" src=\"https:\/\/fonts.gstatic.com\/s\/e\/notoemoji\/16.0\/2714\/72.png\" alt=\"\u2714\" width=\"53\" height=\"53\" data-emoji=\"\u2714\" aria-label=\"\u2714\" \/>\u00a0Convenience and efficiency - easy-to-use products for beginners and professionals alike.<\/p>\n<p><img loading=\"lazy\" decoding=\"async\" class=\"an1\" src=\"https:\/\/fonts.gstatic.com\/s\/e\/notoemoji\/16.0\/2714\/72.png\" alt=\"\u2714\" width=\"50\" height=\"50\" data-emoji=\"\u2714\" aria-label=\"\u2714\" \/>\u00a0Innovative design - ergonomic shapes, soft textures and modern solutions for hassle-free make-up.<\/p>\n<p><img loading=\"lazy\" decoding=\"async\" class=\"an1\" src=\"https:\/\/fonts.gstatic.com\/s\/e\/notoemoji\/16.0\/2714\/72.png\" alt=\"\u2714\" width=\"49\" height=\"49\" data-emoji=\"\u2714\" aria-label=\"\u2714\" \/>\u00a0Reusables are sustainable, easy-care products that last a long time.<\/p>\n<h3>Discover MASI - the brand that helps you create flawless make-up every day!<\/h3>\n<p>MASI was founded by Marina Sivinskien\u0117, who was inspired by her passion for beauty and her desire to create high-quality, affordable make-up products for every woman. With years of experience in the beauty industry, Marina realised that the key to flawless make-up is not only talent, but also the right tools.<\/p>\n<p>MASI was born out of a desire to give women the tools to feel confident and beautiful every day. Marina's attention to quality and detail is reflected in every product, from false eyelashes to make-up sponges and brushes.<\/p>\n<p>Her vision is to create make-up products that not only make beauty routines easier, but also encourage experimentation and the discovery of your own unique style. With MASI, every woman can become her own beauty master!<\/p>","protected":false},"excerpt":{"rendered":"<p>MASI makia\u017eo kempin\u0117l\u0117 \u2013 tobulam makia\u017eo padengimui! Atraskite auk\u0161tos kokyb\u0117s MASI makia\u017eo kempin\u0117l\u0119, sukurt\u0105 skland\u017eiam ir nepriekai\u0161tingam makia\u017eo dengimui. Mink\u0161ta, elastinga ir itin \u0161velni makia\u017eo kempin\u0117l\u0117 \u2013\u00a0 tolygiai paskirsto kremine pudr\u0105, korektori\u0173, BB krem\u0105 ar kitas skystas ir birias priemones, nepalikdama ruo\u017e\u0173. Kod\u0117l verta rinktis MASI makia\u017eo kempin\u0117l\u0119? Tobulas dengimas \u2013 u\u017etikrina nat\u016bral\u0173 ir vientis\u0105 [&#8230;]\n","protected":false},"featured_media":11398,"comment_status":"open","ping_status":"closed","template":"","meta":[],"product_brand":[],"product_cat":[41,20],"product_tag":[179,180],"class_list":{"0":"post-11397","1":"product","2":"type-product","3":"status-publish","4":"has-post-thumbnail","6":"product_cat-kitos-priemones","7":"product_cat-priemones-makiazui","8":"product_tag-kempinele","9":"product_tag-pufas","11":"first","12":"instock","13":"sale","14":"shipping-taxable","15":"purchasable","16":"product-type-simple"},"yoast_head":"<!-- This site is optimized with the Yoast SEO Premium plugin v27.5 (Yoast SEO v27.5) - https:\/\/yoast.com\/product\/yoast-seo-premium-wordpress\/ -->\n<title>MASI MAKIA\u017dO KEMPIN\u0116LE BLACK SLIM - MS akademija<\/title>\n<meta name=\"description\" content=\"MASI makia\u017eo kempin\u0117l\u0117 \u2013 tobulam makia\u017eo padengimui! Makia\u017eo kempin\u0117l\u0117 mink\u0161ta, elastinga ir itin \u0161velni, tod\u0117l tolygiai paskirsto priemones\" \/>\n<meta name=\"robots\" content=\"index, follow, max-snippet:-1, max-image-preview:large, max-video-preview:-1\" \/>\n<link rel=\"canonical\" href=\"https:\/\/msakademija.com\/en\/product\/masi-makiazo-camping-suit-black-slim\/\" \/>\n<meta property=\"og:locale\" content=\"en_US\" \/>\n<meta property=\"og:type\" content=\"article\" \/>\n<meta property=\"og:title\" content=\"MASI MAKIA\u017dO KEMPIN\u0116LE BLACK SLIM\" \/>\n<meta property=\"og:description\" content=\"MASI makia\u017eo kempin\u0117l\u0117 \u2013 tobulam makia\u017eo padengimui! Makia\u017eo kempin\u0117l\u0117 mink\u0161ta, elastinga ir itin \u0161velni, tod\u0117l tolygiai paskirsto priemones\" \/>\n<meta property=\"og:url\" content=\"https:\/\/msakademija.com\/en\/product\/masi-makiazo-camping-suit-black-slim\/\" \/>\n<meta property=\"og:site_name\" content=\"MS akademija\" \/>\n<meta property=\"article:publisher\" content=\"https:\/\/www.facebook.com\/msakademijavilnius\/\" \/>\n<meta property=\"article:modified_time\" content=\"2026-04-12T08:38:01+00:00\" \/>\n<meta property=\"og:image\" content=\"https:\/\/msakademija.com\/wp-content\/uploads\/2025\/08\/BLENDER-5-scaled.jpg\" \/>\n\t<meta property=\"og:image:width\" content=\"2560\" \/>\n\t<meta property=\"og:image:height\" content=\"2560\" \/>\n\t<meta property=\"og:image:type\" content=\"image\/jpeg\" \/>\n<meta name=\"twitter:card\" content=\"summary_large_image\" \/>\n<meta name=\"twitter:label1\" content=\"Price\" \/>\n\t<meta name=\"twitter:data1\" content=\"&euro;5.60\" \/>\n\t<meta name=\"twitter:label2\" content=\"Availability\" \/>\n\t<meta name=\"twitter:data2\" content=\"In stock\" \/>\n<script type=\"application\/ld+json\" class=\"yoast-schema-graph\">{\"@context\":\"https:\\\/\\\/schema.org\",\"@graph\":[{\"@type\":\"WebPage\",\"@id\":\"https:\\\/\\\/msakademija.com\\\/produktas\\\/masi-makiazo-kempinele-black-slim\\\/\",\"url\":\"https:\\\/\\\/msakademija.com\\\/produktas\\\/masi-makiazo-kempinele-black-slim\\\/\",\"name\":\"MASI MAKIA\u017dO KEMPIN\u0116LE BLACK SLIM - MS akademija\",\"isPartOf\":{\"@id\":\"https:\\\/\\\/msakademija.com\\\/#website\"},\"primaryImageOfPage\":{\"@id\":\"https:\\\/\\\/msakademija.com\\\/produktas\\\/masi-makiazo-kempinele-black-slim\\\/#primaryimage\"},\"image\":{\"@id\":\"https:\\\/\\\/msakademija.com\\\/produktas\\\/masi-makiazo-kempinele-black-slim\\\/#primaryimage\"},\"thumbnailUrl\":\"https:\\\/\\\/msakademija.com\\\/wp-content\\\/uploads\\\/2025\\\/08\\\/BLENDER-5-scaled.jpg\",\"datePublished\":\"2025-08-06T15:08:41+00:00\",\"dateModified\":\"2026-04-12T08:38:01+00:00\",\"description\":\"MASI makia\u017eo kempin\u0117l\u0117 \u2013 tobulam makia\u017eo padengimui! Makia\u017eo kempin\u0117l\u0117 mink\u0161ta, elastinga ir itin \u0161velni, tod\u0117l tolygiai paskirsto priemones\",\"breadcrumb\":{\"@id\":\"https:\\\/\\\/msakademija.com\\\/produktas\\\/masi-makiazo-kempinele-black-slim\\\/#breadcrumb\"},\"inLanguage\":\"en-US\",\"potentialAction\":[{\"@type\":\"ReadAction\",\"target\":[\"https:\\\/\\\/msakademija.com\\\/produktas\\\/masi-makiazo-kempinele-black-slim\\\/\"]}]},{\"@type\":\"ImageObject\",\"inLanguage\":\"en-US\",\"@id\":\"https:\\\/\\\/msakademija.com\\\/produktas\\\/masi-makiazo-kempinele-black-slim\\\/#primaryimage\",\"url\":\"https:\\\/\\\/msakademija.com\\\/wp-content\\\/uploads\\\/2025\\\/08\\\/BLENDER-5-scaled.jpg\",\"contentUrl\":\"https:\\\/\\\/msakademija.com\\\/wp-content\\\/uploads\\\/2025\\\/08\\\/BLENDER-5-scaled.jpg\",\"width\":2560,\"height\":2560,\"caption\":\"KEMPINE\"},{\"@type\":\"BreadcrumbList\",\"@id\":\"https:\\\/\\\/msakademija.com\\\/produktas\\\/masi-makiazo-kempinele-black-slim\\\/#breadcrumb\",\"itemListElement\":[{\"@type\":\"ListItem\",\"position\":1,\"name\":\"Home\",\"item\":\"https:\\\/\\\/msakademija.com\\\/\"},{\"@type\":\"ListItem\",\"position\":2,\"name\":\"Parduotuv\u0117\",\"item\":\"https:\\\/\\\/msakademija.com\\\/makiazo-priemoniu-parduotuve\\\/\"},{\"@type\":\"ListItem\",\"position\":3,\"name\":\"MASI MAKIA\u017dO KEMPIN\u0116LE BLACK SLIM\"}]},{\"@type\":\"WebSite\",\"@id\":\"https:\\\/\\\/msakademija.com\\\/#website\",\"url\":\"https:\\\/\\\/msakademija.com\\\/\",\"name\":\"MS akademija\",\"description\":\"Makia\u017eo ir \u0161ukuosenos akademija\",\"publisher\":{\"@id\":\"https:\\\/\\\/msakademija.com\\\/#organization\"},\"potentialAction\":[{\"@type\":\"SearchAction\",\"target\":{\"@type\":\"EntryPoint\",\"urlTemplate\":\"https:\\\/\\\/msakademija.com\\\/?s={search_term_string}\"},\"query-input\":{\"@type\":\"PropertyValueSpecification\",\"valueRequired\":true,\"valueName\":\"search_term_string\"}}],\"inLanguage\":\"en-US\"},{\"@type\":\"Organization\",\"@id\":\"https:\\\/\\\/msakademija.com\\\/#organization\",\"name\":\"MS akademija\",\"url\":\"https:\\\/\\\/msakademija.com\\\/\",\"logo\":{\"@type\":\"ImageObject\",\"inLanguage\":\"en-US\",\"@id\":\"https:\\\/\\\/msakademija.com\\\/#\\\/schema\\\/logo\\\/image\\\/\",\"url\":\"https:\\\/\\\/msakademija.com\\\/wp-content\\\/uploads\\\/2021\\\/05\\\/logo_juodas_HEADERMS.png\",\"contentUrl\":\"https:\\\/\\\/msakademija.com\\\/wp-content\\\/uploads\\\/2021\\\/05\\\/logo_juodas_HEADERMS.png\",\"width\":500,\"height\":210,\"caption\":\"MS akademija\"},\"image\":{\"@id\":\"https:\\\/\\\/msakademija.com\\\/#\\\/schema\\\/logo\\\/image\\\/\"},\"sameAs\":[\"https:\\\/\\\/www.facebook.com\\\/msakademijavilnius\\\/\",\"https:\\\/\\\/www.instagram.com\\\/msakademija\\\/\"]}]}<\/script>\n<meta property=\"product:brand\" content=\"MASI\" \/>\n<meta property=\"product:price:amount\" content=\"5.60\" \/>\n<meta property=\"product:price:currency\" content=\"EUR\" \/>\n<meta property=\"og:availability\" content=\"instock\" \/>\n<meta property=\"product:availability\" content=\"instock\" \/>\n<meta property=\"product:condition\" content=\"new\" \/>\n<!-- \/ Yoast SEO Premium plugin. -->","yoast_head_json":{"title":"BLACK SLIM MASI MAKEUP CAMPINET - MS akademija","description":"MASI Make-up Sponge - for perfect make-up application! Soft, flexible and ultra-gentle, the make-up sponge evenly distributes products","robots":{"index":"index","follow":"follow","max-snippet":"max-snippet:-1","max-image-preview":"max-image-preview:large","max-video-preview":"max-video-preview:-1"},"canonical":"https:\/\/msakademija.com\/en\/product\/masi-makiazo-camping-suit-black-slim\/","og_locale":"en_US","og_type":"article","og_title":"MASI MAKIA\u017dO KEMPIN\u0116LE BLACK SLIM","og_description":"MASI makia\u017eo kempin\u0117l\u0117 \u2013 tobulam makia\u017eo padengimui! Makia\u017eo kempin\u0117l\u0117 mink\u0161ta, elastinga ir itin \u0161velni, tod\u0117l tolygiai paskirsto priemones","og_url":"https:\/\/msakademija.com\/en\/product\/masi-makiazo-camping-suit-black-slim\/","og_site_name":"MS akademija","article_publisher":"https:\/\/www.facebook.com\/msakademijavilnius\/","article_modified_time":"2026-04-12T08:38:01+00:00","og_image":[{"width":2560,"height":2560,"url":"https:\/\/msakademija.com\/wp-content\/uploads\/2025\/08\/BLENDER-5-scaled.jpg","type":"image\/jpeg"}],"twitter_card":"summary_large_image","twitter_misc":{"Price":"&euro;5.60","Availability":"In stock"},"schema":{"@context":"https:\/\/schema.org","@graph":[{"@type":"WebPage","@id":"https:\/\/msakademija.com\/produktas\/masi-makiazo-kempinele-black-slim\/","url":"https:\/\/msakademija.com\/produktas\/masi-makiazo-kempinele-black-slim\/","name":"BLACK SLIM MASI MAKEUP CAMPINET - MS akademija","isPartOf":{"@id":"https:\/\/msakademija.com\/#website"},"primaryImageOfPage":{"@id":"https:\/\/msakademija.com\/produktas\/masi-makiazo-kempinele-black-slim\/#primaryimage"},"image":{"@id":"https:\/\/msakademija.com\/produktas\/masi-makiazo-kempinele-black-slim\/#primaryimage"},"thumbnailUrl":"https:\/\/msakademija.com\/wp-content\/uploads\/2025\/08\/BLENDER-5-scaled.jpg","datePublished":"2025-08-06T15:08:41+00:00","dateModified":"2026-04-12T08:38:01+00:00","description":"MASI Make-up Sponge - for perfect make-up application! Soft, flexible and ultra-gentle, the make-up sponge evenly distributes products","breadcrumb":{"@id":"https:\/\/msakademija.com\/produktas\/masi-makiazo-kempinele-black-slim\/#breadcrumb"},"inLanguage":"en-US","potentialAction":[{"@type":"ReadAction","target":["https:\/\/msakademija.com\/produktas\/masi-makiazo-kempinele-black-slim\/"]}]},{"@type":"ImageObject","inLanguage":"en-US","@id":"https:\/\/msakademija.com\/produktas\/masi-makiazo-kempinele-black-slim\/#primaryimage","url":"https:\/\/msakademija.com\/wp-content\/uploads\/2025\/08\/BLENDER-5-scaled.jpg","contentUrl":"https:\/\/msakademija.com\/wp-content\/uploads\/2025\/08\/BLENDER-5-scaled.jpg","width":2560,"height":2560,"caption":"KEMPINE"},{"@type":"BreadcrumbList","@id":"https:\/\/msakademija.com\/produktas\/masi-makiazo-kempinele-black-slim\/#breadcrumb","itemListElement":[{"@type":"ListItem","position":1,"name":"Home","item":"https:\/\/msakademija.com\/"},{"@type":"ListItem","position":2,"name":"Parduotuv\u0117","item":"https:\/\/msakademija.com\/makiazo-priemoniu-parduotuve\/"},{"@type":"ListItem","position":3,"name":"MASI MAKIA\u017dO KEMPIN\u0116LE BLACK SLIM"}]},{"@type":"WebSite","@id":"https:\/\/msakademija.com\/#website","url":"https:\/\/msakademija.com\/","name":"MS Academy","description":"Make-up and Hair Academy","publisher":{"@id":"https:\/\/msakademija.com\/#organization"},"potentialAction":[{"@type":"SearchAction","target":{"@type":"EntryPoint","urlTemplate":"https:\/\/msakademija.com\/?s={search_term_string}"},"query-input":{"@type":"PropertyValueSpecification","valueRequired":true,"valueName":"search_term_string"}}],"inLanguage":"en-US"},{"@type":"Organization","@id":"https:\/\/msakademija.com\/#organization","name":"MS Academy","url":"https:\/\/msakademija.com\/","logo":{"@type":"ImageObject","inLanguage":"en-US","@id":"https:\/\/msakademija.com\/#\/schema\/logo\/image\/","url":"https:\/\/msakademija.com\/wp-content\/uploads\/2021\/05\/logo_juodas_HEADERMS.png","contentUrl":"https:\/\/msakademija.com\/wp-content\/uploads\/2021\/05\/logo_juodas_HEADERMS.png","width":500,"height":210,"caption":"MS akademija"},"image":{"@id":"https:\/\/msakademija.com\/#\/schema\/logo\/image\/"},"sameAs":["https:\/\/www.facebook.com\/msakademijavilnius\/","https:\/\/www.instagram.com\/msakademija\/"]}]},"product_brand":"MASI","product_price_amount":"5.60","product_price_currency":"EUR","og_availability":"instock","product_availability":"instock","product_condition":"new"},"jetpack_sharing_enabled":true,"_links":{"self":[{"href":"https:\/\/msakademija.com\/en\/wp-json\/wp\/v2\/product\/11397","targetHints":{"allow":["GET"]}}],"collection":[{"href":"https:\/\/msakademija.com\/en\/wp-json\/wp\/v2\/product"}],"about":[{"href":"https:\/\/msakademija.com\/en\/wp-json\/wp\/v2\/types\/product"}],"replies":[{"embeddable":true,"href":"https:\/\/msakademija.com\/en\/wp-json\/wp\/v2\/comments?post=11397"}],"wp:featuredmedia":[{"embeddable":true,"href":"https:\/\/msakademija.com\/en\/wp-json\/wp\/v2\/media\/11398"}],"wp:attachment":[{"href":"https:\/\/msakademija.com\/en\/wp-json\/wp\/v2\/media?parent=11397"}],"wp:term":[{"taxonomy":"product_brand","embeddable":true,"href":"https:\/\/msakademija.com\/en\/wp-json\/wp\/v2\/product_brand?post=11397"},{"taxonomy":"product_cat","embeddable":true,"href":"https:\/\/msakademija.com\/en\/wp-json\/wp\/v2\/product_cat?post=11397"},{"taxonomy":"product_tag","embeddable":true,"href":"https:\/\/msakademija.com\/en\/wp-json\/wp\/v2\/product_tag?post=11397"}],"curies":[{"name":"wp","href":"https:\/\/api.w.org\/{rel}","templated":true}]}}