{"id":12121,"date":"2025-10-25T19:46:56","date_gmt":"2025-10-25T16:46:56","guid":{"rendered":"https:\/\/msakademija.com\/?post_type=product&#038;p=12121"},"modified":"2025-12-30T12:25:01","modified_gmt":"2025-12-30T10:25:01","slug":"hand-cream-vixi","status":"publish","type":"product","link":"https:\/\/msakademija.com\/en\/produktas\/ranku-kremas-vixi\/","title":{"rendered":"Moisturising and repairing hand cream with silk VIXI official"},"content":{"rendered":"<h3 data-start=\"288\" data-end=\"369\">Moisturising and repairing hand cream with silk - for gentle skin care<\/h3>\n<p data-start=\"371\" data-end=\"679\">Discover luxury <strong data-start=\"390\" data-end=\"441\">Moisturising and repairing hand cream with silk<\/strong>which instantly softens, nourishes and protects the skin on your hands. The cream's formula <strong data-start=\"529\" data-end=\"550\">hyaluronic acid<\/strong> intensively moisturises and strengthens the skin's protective barrier, while <strong data-start=\"609\" data-end=\"629\">vegan silk<\/strong> gives a feeling of extreme softness and smoothness.<\/p>\n<p data-start=\"681\" data-end=\"914\">Natural oils - <strong data-start=\"701\" data-end=\"715\">Inca Inchi<\/strong>, <strong data-start=\"717\" data-end=\"727\">argano<\/strong> and <strong data-start=\"731\" data-end=\"752\">sweet almonds<\/strong> - improves skin elasticity, firmness and helps smooth fine lines and wrinkles. After use, the skin is left soft, smooth and conditioned, as if enveloped in silky softness.<\/p>\n<h4 data-start=\"916\" data-end=\"941\">Key features:<\/h4>\n<ul data-start=\"942\" data-end=\"1169\">\n<li data-start=\"942\" data-end=\"996\">\n<p data-start=\"944\" data-end=\"996\">Intensive <strong data-start=\"956\" data-end=\"978\">moisturises and nourishes<\/strong> dry hand skin<\/p>\n<\/li>\n<li data-start=\"997\" data-end=\"1035\">\n<p data-start=\"999\" data-end=\"1035\"><strong data-start=\"999\" data-end=\"1010\">Retrieved from<\/strong> a protective barrier for the skin<\/p>\n<\/li>\n<li data-start=\"1036\" data-end=\"1089\">\n<p data-start=\"1038\" data-end=\"1089\"><strong data-start=\"1038\" data-end=\"1059\">Gives softness<\/strong> and a silky smooth feel<\/p>\n<\/li>\n<li data-start=\"1090\" data-end=\"1140\">\n<p data-start=\"1092\" data-end=\"1140\">Tinka <strong data-start=\"1098\" data-end=\"1123\">for everyday use<\/strong> for all skin types<\/p>\n<\/li>\n<li data-start=\"1141\" data-end=\"1169\">\n<p data-start=\"1143\" data-end=\"1169\"><strong data-start=\"1143\" data-end=\"1157\">Vegan<\/strong> Product<\/p>\n<\/li>\n<\/ul>\n<h4 data-start=\"1171\" data-end=\"1187\">Usage:<\/h4>\n<p data-start=\"1188\" data-end=\"1307\">Massage a small amount of the cream into clean, dry hands. Allow to soak in. Use daily or as needed.<\/p>\n<h4 data-start=\"1309\" data-end=\"1324\">Warnings:<\/h4>\n<p data-start=\"1325\" data-end=\"1368\">Keep out of direct sunlight.<\/p>\n<h4 data-start=\"1370\" data-end=\"1390\">Ingredients (INCI):<\/h4>\n<p data-start=\"1391\" data-end=\"2223\">Aqua, Cetearyl Alcohol, Glycerin, Butyrospermum Parkii (Shea) Butter, Ceteareth-20, Parfum, Glyceryl Stearate, Prunus Amygdalus Dulcis Oil, Isopropyl Myristate, Vegetable Oil, Dicaprylyl Carbonate, Phenoxyethanol, Sodium Hyaluronate, Sodium Benzoate, Potassium Sorbate, Rosa Centifolia Flower Extract, Jasminum Officinale Flower Extract, Bellis Perennis Flower Extract, Xanthan Gum, Plukenetia Volubilis Seed Oil, Lysine, Sodium Chloride, Hydrolyzed (Corn Starch) and Gold (and) Hydrolyzed Wheat Protein, Crambe Abyssinica Seed Oil, Argania Spinosa Kernel Oil, Ethylhexylglycerin, Tetrasodium EDTA, Citric Acid, Citrus Aurantium Bergamia Peel Oil, Hexyl Cinnamal, Limonene, Linalool, Linalyl Acetate, Linalyl Acetate, Trimethylbenzenepropanol, Hexadecanolactone, Hexamethylindanopyran, Benzyl Salicylate, Citronellol, Citral, Pinene, Rose Ketones.<\/p>\n<p data-start=\"2225\" data-end=\"2298\"><strong data-start=\"2225\" data-end=\"2246\">Responsible person:<\/strong><br data-start=\"2246\" data-end=\"2249\" \/>Ervitrans, UAB, Taikos 134-28, Vilnius, Lithuania<\/p>","protected":false},"excerpt":{"rendered":"<p>Dr\u0117kinamasis ir atkuriamasis rank\u0173 kremas su \u0161ilku \u2013 \u0161velniai odos prie\u017ei\u016brai Atraskite prabang\u0173 dr\u0117kinam\u0105j\u012f ir atkuriam\u0105j\u012f rank\u0173 krem\u0105 su \u0161ilku, kuris akimirksniu sumink\u0161tina, pamaitina ir apsaugo rank\u0173 od\u0105. Kremo formul\u0117je esanti hialurono r\u016bg\u0161tis intensyviai dr\u0117kina ir stiprina odos apsaugin\u012f barjer\u0105, o veganinis \u0161ilkas suteikia ypatingo \u0161velnumo bei glotnumo poj\u016bt\u012f. Nat\u016bral\u016bs aliejai \u2013 Inca Inchi, argano [&#8230;]\n","protected":false},"featured_media":12123,"comment_status":"open","ping_status":"closed","template":"","meta":[],"product_brand":[],"product_cat":[201],"product_tag":[197,199,198,203],"class_list":{"0":"post-12121","1":"product","2":"type-product","3":"status-publish","4":"has-post-thumbnail","6":"product_cat-kosmetika","7":"product_tag-baze","8":"product_tag-esencija","9":"product_tag-kremas","10":"product_tag-vixi","12":"first","13":"instock","14":"shipping-taxable","15":"purchasable","16":"product-type-simple"},"yoast_head":"<!-- This site is optimized with the Yoast SEO Premium plugin v27.5 (Yoast SEO v27.5) - https:\/\/yoast.com\/product\/yoast-seo-premium-wordpress\/ -->\n<title>Dr\u0117kinamasis ir atkuriamasis rank\u0173 kremas su \u0161ilku VIXI official - MS akademija<\/title>\n<meta name=\"description\" content=\"Dr\u0117kinamasis ir atkuriamasis rank\u0173 kremas su \u0161ilku Vixi official. Kremas padengia od\u0105 \u0161velniu, \u0161ilk\u0105 primenan\u010diu sluoksniu\" \/>\n<meta name=\"robots\" content=\"index, follow, max-snippet:-1, max-image-preview:large, max-video-preview:-1\" \/>\n<link rel=\"canonical\" href=\"https:\/\/msakademija.com\/en\/product\/hand-cream-vixi\/\" \/>\n<meta property=\"og:locale\" content=\"en_US\" \/>\n<meta property=\"og:type\" content=\"article\" \/>\n<meta property=\"og:title\" content=\"Dr\u0117kinamasis ir atkuriamasis rank\u0173 kremas su \u0161ilku VIXI official\" \/>\n<meta property=\"og:description\" content=\"Dr\u0117kinamasis ir atkuriamasis rank\u0173 kremas su \u0161ilku Vixi official. Kremas padengia od\u0105 \u0161velniu, \u0161ilk\u0105 primenan\u010diu sluoksniu\" \/>\n<meta property=\"og:url\" content=\"https:\/\/msakademija.com\/en\/product\/hand-cream-vixi\/\" \/>\n<meta property=\"og:site_name\" content=\"MS akademija\" \/>\n<meta property=\"article:publisher\" content=\"https:\/\/www.facebook.com\/msakademijavilnius\/\" \/>\n<meta property=\"article:modified_time\" content=\"2025-12-30T10:25:01+00:00\" \/>\n<meta property=\"og:image\" content=\"https:\/\/msakademija.com\/wp-content\/uploads\/2025\/10\/df892f5e-d396-4252-8080-d81a24466033.webp\" \/>\n\t<meta property=\"og:image:width\" content=\"660\" \/>\n\t<meta property=\"og:image:height\" content=\"990\" \/>\n\t<meta property=\"og:image:type\" content=\"image\/webp\" \/>\n<meta name=\"twitter:card\" content=\"summary_large_image\" \/>\n<meta name=\"twitter:label1\" content=\"Price\" \/>\n\t<meta name=\"twitter:data1\" content=\"&euro;14.99\" \/>\n\t<meta name=\"twitter:label2\" content=\"Availability\" \/>\n\t<meta name=\"twitter:data2\" content=\"In stock\" \/>\n<script type=\"application\/ld+json\" class=\"yoast-schema-graph\">{\"@context\":\"https:\\\/\\\/schema.org\",\"@graph\":[{\"@type\":\"WebPage\",\"@id\":\"https:\\\/\\\/msakademija.com\\\/produktas\\\/ranku-kremas-vixi\\\/\",\"url\":\"https:\\\/\\\/msakademija.com\\\/produktas\\\/ranku-kremas-vixi\\\/\",\"name\":\"Dr\u0117kinamasis ir atkuriamasis rank\u0173 kremas su \u0161ilku VIXI official - MS akademija\",\"isPartOf\":{\"@id\":\"https:\\\/\\\/msakademija.com\\\/#website\"},\"primaryImageOfPage\":{\"@id\":\"https:\\\/\\\/msakademija.com\\\/produktas\\\/ranku-kremas-vixi\\\/#primaryimage\"},\"image\":{\"@id\":\"https:\\\/\\\/msakademija.com\\\/produktas\\\/ranku-kremas-vixi\\\/#primaryimage\"},\"thumbnailUrl\":\"https:\\\/\\\/msakademija.com\\\/wp-content\\\/uploads\\\/2025\\\/10\\\/df892f5e-d396-4252-8080-d81a24466033.webp\",\"datePublished\":\"2025-10-25T16:46:56+00:00\",\"dateModified\":\"2025-12-30T10:25:01+00:00\",\"description\":\"Dr\u0117kinamasis ir atkuriamasis rank\u0173 kremas su \u0161ilku Vixi official. Kremas padengia od\u0105 \u0161velniu, \u0161ilk\u0105 primenan\u010diu sluoksniu\",\"breadcrumb\":{\"@id\":\"https:\\\/\\\/msakademija.com\\\/produktas\\\/ranku-kremas-vixi\\\/#breadcrumb\"},\"inLanguage\":\"en-US\",\"potentialAction\":[{\"@type\":\"ReadAction\",\"target\":[\"https:\\\/\\\/msakademija.com\\\/produktas\\\/ranku-kremas-vixi\\\/\"]}]},{\"@type\":\"ImageObject\",\"inLanguage\":\"en-US\",\"@id\":\"https:\\\/\\\/msakademija.com\\\/produktas\\\/ranku-kremas-vixi\\\/#primaryimage\",\"url\":\"https:\\\/\\\/msakademija.com\\\/wp-content\\\/uploads\\\/2025\\\/10\\\/df892f5e-d396-4252-8080-d81a24466033.webp\",\"contentUrl\":\"https:\\\/\\\/msakademija.com\\\/wp-content\\\/uploads\\\/2025\\\/10\\\/df892f5e-d396-4252-8080-d81a24466033.webp\",\"width\":660,\"height\":990,\"caption\":\"drekinamasis ranku kremas\"},{\"@type\":\"BreadcrumbList\",\"@id\":\"https:\\\/\\\/msakademija.com\\\/produktas\\\/ranku-kremas-vixi\\\/#breadcrumb\",\"itemListElement\":[{\"@type\":\"ListItem\",\"position\":1,\"name\":\"Home\",\"item\":\"https:\\\/\\\/msakademija.com\\\/\"},{\"@type\":\"ListItem\",\"position\":2,\"name\":\"Parduotuv\u0117\",\"item\":\"https:\\\/\\\/msakademija.com\\\/makiazo-priemoniu-parduotuve\\\/\"},{\"@type\":\"ListItem\",\"position\":3,\"name\":\"Dr\u0117kinamasis ir atkuriamasis rank\u0173 kremas su \u0161ilku VIXI official\"}]},{\"@type\":\"WebSite\",\"@id\":\"https:\\\/\\\/msakademija.com\\\/#website\",\"url\":\"https:\\\/\\\/msakademija.com\\\/\",\"name\":\"MS akademija\",\"description\":\"Makia\u017eo ir \u0161ukuosenos akademija\",\"publisher\":{\"@id\":\"https:\\\/\\\/msakademija.com\\\/#organization\"},\"potentialAction\":[{\"@type\":\"SearchAction\",\"target\":{\"@type\":\"EntryPoint\",\"urlTemplate\":\"https:\\\/\\\/msakademija.com\\\/?s={search_term_string}\"},\"query-input\":{\"@type\":\"PropertyValueSpecification\",\"valueRequired\":true,\"valueName\":\"search_term_string\"}}],\"inLanguage\":\"en-US\"},{\"@type\":\"Organization\",\"@id\":\"https:\\\/\\\/msakademija.com\\\/#organization\",\"name\":\"MS akademija\",\"url\":\"https:\\\/\\\/msakademija.com\\\/\",\"logo\":{\"@type\":\"ImageObject\",\"inLanguage\":\"en-US\",\"@id\":\"https:\\\/\\\/msakademija.com\\\/#\\\/schema\\\/logo\\\/image\\\/\",\"url\":\"https:\\\/\\\/msakademija.com\\\/wp-content\\\/uploads\\\/2021\\\/05\\\/logo_juodas_HEADERMS.png\",\"contentUrl\":\"https:\\\/\\\/msakademija.com\\\/wp-content\\\/uploads\\\/2021\\\/05\\\/logo_juodas_HEADERMS.png\",\"width\":500,\"height\":210,\"caption\":\"MS akademija\"},\"image\":{\"@id\":\"https:\\\/\\\/msakademija.com\\\/#\\\/schema\\\/logo\\\/image\\\/\"},\"sameAs\":[\"https:\\\/\\\/www.facebook.com\\\/msakademijavilnius\\\/\",\"https:\\\/\\\/www.instagram.com\\\/msakademija\\\/\"]}]}<\/script>\n<meta property=\"product:brand\" content=\"vixiofficial\" \/>\n<meta property=\"product:price:amount\" content=\"14.99\" \/>\n<meta property=\"product:price:currency\" content=\"EUR\" \/>\n<meta property=\"og:availability\" content=\"instock\" \/>\n<meta property=\"product:availability\" content=\"instock\" \/>\n<meta property=\"product:condition\" content=\"new\" \/>\n<!-- \/ Yoast SEO Premium plugin. -->","yoast_head_json":{"title":"Moisturising and Repairing Hand Cream with Silk VIXI official - MS akademija","description":"Moisturising and repairing hand cream with silk Vixi official. The cream coats the skin with a soft, silk-like layer","robots":{"index":"index","follow":"follow","max-snippet":"max-snippet:-1","max-image-preview":"max-image-preview:large","max-video-preview":"max-video-preview:-1"},"canonical":"https:\/\/msakademija.com\/en\/product\/hand-cream-vixi\/","og_locale":"en_US","og_type":"article","og_title":"Dr\u0117kinamasis ir atkuriamasis rank\u0173 kremas su \u0161ilku VIXI official","og_description":"Dr\u0117kinamasis ir atkuriamasis rank\u0173 kremas su \u0161ilku Vixi official. Kremas padengia od\u0105 \u0161velniu, \u0161ilk\u0105 primenan\u010diu sluoksniu","og_url":"https:\/\/msakademija.com\/en\/product\/hand-cream-vixi\/","og_site_name":"MS akademija","article_publisher":"https:\/\/www.facebook.com\/msakademijavilnius\/","article_modified_time":"2025-12-30T10:25:01+00:00","og_image":[{"width":660,"height":990,"url":"https:\/\/msakademija.com\/wp-content\/uploads\/2025\/10\/df892f5e-d396-4252-8080-d81a24466033.webp","type":"image\/webp"}],"twitter_card":"summary_large_image","twitter_misc":{"Price":"&euro;14.99","Availability":"In stock"},"schema":{"@context":"https:\/\/schema.org","@graph":[{"@type":"WebPage","@id":"https:\/\/msakademija.com\/produktas\/ranku-kremas-vixi\/","url":"https:\/\/msakademija.com\/produktas\/ranku-kremas-vixi\/","name":"Moisturising and Repairing Hand Cream with Silk VIXI official - MS akademija","isPartOf":{"@id":"https:\/\/msakademija.com\/#website"},"primaryImageOfPage":{"@id":"https:\/\/msakademija.com\/produktas\/ranku-kremas-vixi\/#primaryimage"},"image":{"@id":"https:\/\/msakademija.com\/produktas\/ranku-kremas-vixi\/#primaryimage"},"thumbnailUrl":"https:\/\/msakademija.com\/wp-content\/uploads\/2025\/10\/df892f5e-d396-4252-8080-d81a24466033.webp","datePublished":"2025-10-25T16:46:56+00:00","dateModified":"2025-12-30T10:25:01+00:00","description":"Moisturising and repairing hand cream with silk Vixi official. The cream coats the skin with a soft, silk-like layer","breadcrumb":{"@id":"https:\/\/msakademija.com\/produktas\/ranku-kremas-vixi\/#breadcrumb"},"inLanguage":"en-US","potentialAction":[{"@type":"ReadAction","target":["https:\/\/msakademija.com\/produktas\/ranku-kremas-vixi\/"]}]},{"@type":"ImageObject","inLanguage":"en-US","@id":"https:\/\/msakademija.com\/produktas\/ranku-kremas-vixi\/#primaryimage","url":"https:\/\/msakademija.com\/wp-content\/uploads\/2025\/10\/df892f5e-d396-4252-8080-d81a24466033.webp","contentUrl":"https:\/\/msakademija.com\/wp-content\/uploads\/2025\/10\/df892f5e-d396-4252-8080-d81a24466033.webp","width":660,"height":990,"caption":"drekinamasis ranku kremas"},{"@type":"BreadcrumbList","@id":"https:\/\/msakademija.com\/produktas\/ranku-kremas-vixi\/#breadcrumb","itemListElement":[{"@type":"ListItem","position":1,"name":"Home","item":"https:\/\/msakademija.com\/"},{"@type":"ListItem","position":2,"name":"Parduotuv\u0117","item":"https:\/\/msakademija.com\/makiazo-priemoniu-parduotuve\/"},{"@type":"ListItem","position":3,"name":"Dr\u0117kinamasis ir atkuriamasis rank\u0173 kremas su \u0161ilku VIXI official"}]},{"@type":"WebSite","@id":"https:\/\/msakademija.com\/#website","url":"https:\/\/msakademija.com\/","name":"MS Academy","description":"Make-up and Hair Academy","publisher":{"@id":"https:\/\/msakademija.com\/#organization"},"potentialAction":[{"@type":"SearchAction","target":{"@type":"EntryPoint","urlTemplate":"https:\/\/msakademija.com\/?s={search_term_string}"},"query-input":{"@type":"PropertyValueSpecification","valueRequired":true,"valueName":"search_term_string"}}],"inLanguage":"en-US"},{"@type":"Organization","@id":"https:\/\/msakademija.com\/#organization","name":"MS Academy","url":"https:\/\/msakademija.com\/","logo":{"@type":"ImageObject","inLanguage":"en-US","@id":"https:\/\/msakademija.com\/#\/schema\/logo\/image\/","url":"https:\/\/msakademija.com\/wp-content\/uploads\/2021\/05\/logo_juodas_HEADERMS.png","contentUrl":"https:\/\/msakademija.com\/wp-content\/uploads\/2021\/05\/logo_juodas_HEADERMS.png","width":500,"height":210,"caption":"MS akademija"},"image":{"@id":"https:\/\/msakademija.com\/#\/schema\/logo\/image\/"},"sameAs":["https:\/\/www.facebook.com\/msakademijavilnius\/","https:\/\/www.instagram.com\/msakademija\/"]}]},"product_brand":"vixiofficial","product_price_amount":"14.99","product_price_currency":"EUR","og_availability":"instock","product_availability":"instock","product_condition":"new"},"jetpack_sharing_enabled":true,"_links":{"self":[{"href":"https:\/\/msakademija.com\/en\/wp-json\/wp\/v2\/product\/12121","targetHints":{"allow":["GET"]}}],"collection":[{"href":"https:\/\/msakademija.com\/en\/wp-json\/wp\/v2\/product"}],"about":[{"href":"https:\/\/msakademija.com\/en\/wp-json\/wp\/v2\/types\/product"}],"replies":[{"embeddable":true,"href":"https:\/\/msakademija.com\/en\/wp-json\/wp\/v2\/comments?post=12121"}],"wp:featuredmedia":[{"embeddable":true,"href":"https:\/\/msakademija.com\/en\/wp-json\/wp\/v2\/media\/12123"}],"wp:attachment":[{"href":"https:\/\/msakademija.com\/en\/wp-json\/wp\/v2\/media?parent=12121"}],"wp:term":[{"taxonomy":"product_brand","embeddable":true,"href":"https:\/\/msakademija.com\/en\/wp-json\/wp\/v2\/product_brand?post=12121"},{"taxonomy":"product_cat","embeddable":true,"href":"https:\/\/msakademija.com\/en\/wp-json\/wp\/v2\/product_cat?post=12121"},{"taxonomy":"product_tag","embeddable":true,"href":"https:\/\/msakademija.com\/en\/wp-json\/wp\/v2\/product_tag?post=12121"}],"curies":[{"name":"wp","href":"https:\/\/api.w.org\/{rel}","templated":true}]}}