{"id":12124,"date":"2025-10-25T20:13:20","date_gmt":"2025-10-25T17:13:20","guid":{"rendered":"https:\/\/msakademija.com\/?post_type=product&#038;p=12124"},"modified":"2026-04-10T16:56:49","modified_gmt":"2026-04-10T13:56:49","slug":"hand-greeter","status":"publish","type":"product","link":"https:\/\/msakademija.com\/en\/produktas\/ranku-sveitiklis\/","title":{"rendered":"Hand scrub hand scrub VIXI official"},"content":{"rendered":"<h2 data-start=\"535\" data-end=\"607\">Hand scrub with silk - the natural way to soft and smooth skin<\/h2>\n<p data-start=\"609\" data-end=\"914\">Explore <strong data-start=\"619\" data-end=\"659\">moisturising hand scrub with silk<\/strong>which gently removes dead skin cells, revitalises the skin on your hands and leaves them velvety soft. This <strong data-start=\"768\" data-end=\"788\">hand peeling<\/strong> It is designed to nourish even sensitive, dry skin, providing a pleasant, silky-light feeling after each use.<\/p>\n<p data-start=\"916\" data-end=\"1179\">Small <strong data-start=\"924\" data-end=\"945\">sugar crystals<\/strong> Effectively but gently exfoliates the skin, stimulates blood circulation and improves skin texture. At the same time <strong data-start=\"1041\" data-end=\"1063\">Inca Inchi oil<\/strong>, <strong data-start=\"1065\" data-end=\"1089\">hydrolysed silk<\/strong> and <strong data-start=\"1093\" data-end=\"1107\">panthenol<\/strong> deeply moisturises, nourishes and strengthens the skin's natural protective barrier.<\/p>\n<hr data-start=\"1181\" data-end=\"1184\" \/>\n<h3 data-start=\"1186\" data-end=\"1235\">Key features of the Hand Scrub with Silk<\/h3>\n<ul data-start=\"1237\" data-end=\"1531\">\n<li data-start=\"1237\" data-end=\"1309\">\n<p data-start=\"1239\" data-end=\"1309\">Gently <strong data-start=\"1248\" data-end=\"1282\">removes dead skin cells<\/strong> and does not damage the epidermis<\/p>\n<\/li>\n<li data-start=\"1310\" data-end=\"1366\">\n<p data-start=\"1312\" data-end=\"1366\"><strong data-start=\"1312\" data-end=\"1334\">Moisturises and nourishes<\/strong> the skin, leaving it soft and supple<\/p>\n<\/li>\n<li data-start=\"1367\" data-end=\"1407\">\n<p data-start=\"1369\" data-end=\"1407\">Improves <strong data-start=\"1376\" data-end=\"1405\">blood circulation and skin tone<\/strong><\/p>\n<\/li>\n<li data-start=\"1408\" data-end=\"1462\">\n<p data-start=\"1410\" data-end=\"1462\">Provided by <strong data-start=\"1419\" data-end=\"1460\">a sensation of silky smoothness<\/strong><\/p>\n<\/li>\n<li data-start=\"1463\" data-end=\"1531\">\n<p data-start=\"1465\" data-end=\"1531\">Tinka <strong data-start=\"1471\" data-end=\"1489\">for all skin types<\/strong>, in particular <strong data-start=\"1496\" data-end=\"1529\">for dry and sensitive hand skin<\/strong><\/p>\n<\/li>\n<\/ul>\n<hr data-start=\"1533\" data-end=\"1536\" \/>\n<h3 data-start=\"1538\" data-end=\"1582\">How to use a moisturising hand scrub<\/h3>\n<p data-start=\"1584\" data-end=\"1862\">Apply a small amount of the scrub to slightly dampened hands. <strong data-start=\"1652\" data-end=\"1690\">Massage in circular motions<\/strong>, paying particular attention to dry areas. After a few minutes, rinse with lukewarm water. Recommended use <strong data-start=\"1799\" data-end=\"1825\">1-2 times a week<\/strong>to keep skin soft and smooth.<\/p>\n<blockquote data-start=\"1864\" data-end=\"2034\">\n<p data-start=\"1866\" data-end=\"2034\">To complete the care ritual, use <a class=\"decorated-link\" href=\"#\" rel=\"noopener\" data-start=\"1914\" data-end=\"1966\">Moisturising and repairing hand cream with silk<\/a> - they perfectly complement each other in everyday life <strong data-start=\"2012\" data-end=\"2033\">in hand care<\/strong>.<\/p>\n<\/blockquote>\n<hr data-start=\"2036\" data-end=\"2039\" \/>\n<h3 data-start=\"2041\" data-end=\"2085\">Natural ingredients and composition (INCI)<\/h3>\n<p data-start=\"2087\" data-end=\"2376\"><strong data-start=\"2087\" data-end=\"2291\">Sucrose, Butyrospermum Parkii (Shea) Butter, Olea Europaea Fruit Oil, Inca Inchi Oil, Panthenol, Hydrolyzed Silk, Cocos Nucifera Oil, Chamomilla Recutita Extract, Gardenia Taitensis Flower Extract<\/strong> and other valuable ingredients help the skin regain its elasticity and healthy glow.<\/p>\n<p data-start=\"2378\" data-end=\"2883\">Full composition:<br data-start=\"2392\" data-end=\"2395\" \/>Sucrose, Butyrospermum Parkii (Shea) Butter, Cetearyl Alcohol, Olea Europaea Fruit Oil, Ethylhexyl Palmitate, Parfum, Tocopheryl Acetate, Plukenetia Volubilis Seed Oil, Lysine, Sodium Chloride, Panthenol, Hydrolysed Silk, Cocos Nucifera Oil, Gardenia Taitensis Flower Extract, Chamomilla Recutita Flower Extract, Citrus Aurantium Bergamia Peel Oil Expressed, Hexyl Cinnamal, Linalyl Acetate, Trimethylbenzophenone, Trimethylbenzophenone, Hexadecanolactone, Hexamethylene-dindanopyran, Benzyl Salicylate, CI 17200.<\/p>\n<hr data-start=\"2885\" data-end=\"2888\" \/>\n<h3 data-start=\"2890\" data-end=\"2903\">Warnings<\/h3>\n<p data-start=\"2904\" data-end=\"2971\">Keep out of direct sunlight. For external use only.<\/p>\n<hr data-start=\"2973\" data-end=\"2976\" \/>\n<p data-start=\"2978\" data-end=\"3051\"><strong data-start=\"2978\" data-end=\"2999\">Responsible person:<\/strong><br data-start=\"2999\" data-end=\"3002\" \/>Ervitrans, UAB, Taikos 134-28, Vilnius, Lithuania<\/p>\n<hr data-start=\"3053\" data-end=\"3056\" \/>\n<h4 data-start=\"3058\" data-end=\"3079\">Useful links:<\/h4>\n<ul data-start=\"3080\" data-end=\"3237\">\n<li data-start=\"3080\" data-end=\"3134\">\n<p data-start=\"3082\" data-end=\"3134\"><a class=\"decorated-link\" href=\"#\" rel=\"noopener\" data-start=\"3082\" data-end=\"3132\">Hand cream with silk - intensive moisturisation<\/a><\/p>\n<\/li>\n<li data-start=\"3135\" data-end=\"3237\">\n<p data-start=\"3137\" data-end=\"3237\"><a class=\"decorated-link cursor-pointer\" target=\"_new\" rel=\"noopener\" data-start=\"3137\" data-end=\"3235\">Natural cosmetic products for hand care<\/a><\/p>\n<\/li>\n<\/ul>","protected":false},"excerpt":{"rendered":"<p>Rank\u0173 \u0161veitiklis su \u0161ilku \u2013 nat\u016bralus b\u016bdas \u0161velniai ir glotniai odai Atraskite dr\u0117kinam\u0105j\u012f rank\u0173 \u0161veitikl\u012f su \u0161ilku, kuris \u0161velniai pa\u0161alina negyvas odos l\u0105steles, atgaivina rank\u0173 od\u0105 ir suteikia jai aksominio \u0161velnumo. \u0160is pilingas rankoms sukurtas taip, kad puosel\u0117t\u0173 net ir jautri\u0105, saus\u0105 od\u0105, u\u017etikrindamas malon\u0173, \u0161ilko lengvumo poj\u016bt\u012f po kiekvieno naudojimo. Smulk\u016bs cukraus kristalai efektyviai, [&#8230;]\n","protected":false},"featured_media":12125,"comment_status":"open","ping_status":"closed","template":"","meta":[],"product_brand":[],"product_cat":[201],"product_tag":[197,199,198,203],"class_list":{"0":"post-12124","1":"product","2":"type-product","3":"status-publish","4":"has-post-thumbnail","6":"product_cat-kosmetika","7":"product_tag-baze","8":"product_tag-esencija","9":"product_tag-kremas","10":"product_tag-vixi","12":"first","13":"instock","14":"shipping-taxable","15":"purchasable","16":"product-type-simple"},"yoast_head":"<!-- This site is optimized with the Yoast SEO Premium plugin v27.5 (Yoast SEO v27.5) - https:\/\/yoast.com\/product\/yoast-seo-premium-wordpress\/ -->\n<title>Rank\u0173 \u0161veitiklis hand scrub VIXI official - MS akademija<\/title>\n<meta name=\"description\" content=\"Rank\u0173 \u0161veitiklis su \u0161ilku \u2013 \u0161velniai glotni ir pri\u017ei\u016br\u0117ta oda Leisk savo rankoms atgauti \u0161velnum\u0105 su rank\u0173 \u0161veitikliu su \u0161ilku\" \/>\n<meta name=\"robots\" content=\"index, follow, max-snippet:-1, max-image-preview:large, max-video-preview:-1\" \/>\n<link rel=\"canonical\" href=\"https:\/\/msakademija.com\/en\/product\/hand-greeter\/\" \/>\n<meta property=\"og:locale\" content=\"en_US\" \/>\n<meta property=\"og:type\" content=\"article\" \/>\n<meta property=\"og:title\" content=\"Rank\u0173 \u0161veitiklis hand scrub VIXI official\" \/>\n<meta property=\"og:description\" content=\"Rank\u0173 \u0161veitiklis su \u0161ilku \u2013 \u0161velniai glotni ir pri\u017ei\u016br\u0117ta oda Leisk savo rankoms atgauti \u0161velnum\u0105 su rank\u0173 \u0161veitikliu su \u0161ilku\" \/>\n<meta property=\"og:url\" content=\"https:\/\/msakademija.com\/en\/product\/hand-greeter\/\" \/>\n<meta property=\"og:site_name\" content=\"MS akademija\" \/>\n<meta property=\"article:publisher\" content=\"https:\/\/www.facebook.com\/msakademijavilnius\/\" \/>\n<meta property=\"article:modified_time\" content=\"2026-04-10T13:56:49+00:00\" \/>\n<meta property=\"og:image\" content=\"https:\/\/msakademija.com\/wp-content\/uploads\/2025\/10\/img_7286-scaled-1.webp\" \/>\n\t<meta property=\"og:image:width\" content=\"1600\" \/>\n\t<meta property=\"og:image:height\" content=\"2400\" \/>\n\t<meta property=\"og:image:type\" content=\"image\/webp\" \/>\n<meta name=\"twitter:card\" content=\"summary_large_image\" \/>\n<meta name=\"twitter:label1\" content=\"Price\" \/>\n\t<meta name=\"twitter:data1\" content=\"&euro;14.99\" \/>\n\t<meta name=\"twitter:label2\" content=\"Availability\" \/>\n\t<meta name=\"twitter:data2\" content=\"In stock\" \/>\n<script type=\"application\/ld+json\" class=\"yoast-schema-graph\">{\"@context\":\"https:\\\/\\\/schema.org\",\"@graph\":[{\"@type\":\"WebPage\",\"@id\":\"https:\\\/\\\/msakademija.com\\\/produktas\\\/ranku-sveitiklis\\\/\",\"url\":\"https:\\\/\\\/msakademija.com\\\/produktas\\\/ranku-sveitiklis\\\/\",\"name\":\"Rank\u0173 \u0161veitiklis hand scrub VIXI official - MS akademija\",\"isPartOf\":{\"@id\":\"https:\\\/\\\/msakademija.com\\\/#website\"},\"primaryImageOfPage\":{\"@id\":\"https:\\\/\\\/msakademija.com\\\/produktas\\\/ranku-sveitiklis\\\/#primaryimage\"},\"image\":{\"@id\":\"https:\\\/\\\/msakademija.com\\\/produktas\\\/ranku-sveitiklis\\\/#primaryimage\"},\"thumbnailUrl\":\"https:\\\/\\\/msakademija.com\\\/wp-content\\\/uploads\\\/2025\\\/10\\\/img_7286-scaled-1.webp\",\"datePublished\":\"2025-10-25T17:13:20+00:00\",\"dateModified\":\"2026-04-10T13:56:49+00:00\",\"description\":\"Rank\u0173 \u0161veitiklis su \u0161ilku \u2013 \u0161velniai glotni ir pri\u017ei\u016br\u0117ta oda Leisk savo rankoms atgauti \u0161velnum\u0105 su rank\u0173 \u0161veitikliu su \u0161ilku\",\"breadcrumb\":{\"@id\":\"https:\\\/\\\/msakademija.com\\\/produktas\\\/ranku-sveitiklis\\\/#breadcrumb\"},\"inLanguage\":\"en-US\",\"potentialAction\":[{\"@type\":\"ReadAction\",\"target\":[\"https:\\\/\\\/msakademija.com\\\/produktas\\\/ranku-sveitiklis\\\/\"]}]},{\"@type\":\"ImageObject\",\"inLanguage\":\"en-US\",\"@id\":\"https:\\\/\\\/msakademija.com\\\/produktas\\\/ranku-sveitiklis\\\/#primaryimage\",\"url\":\"https:\\\/\\\/msakademija.com\\\/wp-content\\\/uploads\\\/2025\\\/10\\\/img_7286-scaled-1.webp\",\"contentUrl\":\"https:\\\/\\\/msakademija.com\\\/wp-content\\\/uploads\\\/2025\\\/10\\\/img_7286-scaled-1.webp\",\"width\":1600,\"height\":2400,\"caption\":\"ranku skrabas\"},{\"@type\":\"BreadcrumbList\",\"@id\":\"https:\\\/\\\/msakademija.com\\\/produktas\\\/ranku-sveitiklis\\\/#breadcrumb\",\"itemListElement\":[{\"@type\":\"ListItem\",\"position\":1,\"name\":\"Home\",\"item\":\"https:\\\/\\\/msakademija.com\\\/\"},{\"@type\":\"ListItem\",\"position\":2,\"name\":\"Parduotuv\u0117\",\"item\":\"https:\\\/\\\/msakademija.com\\\/makiazo-priemoniu-parduotuve\\\/\"},{\"@type\":\"ListItem\",\"position\":3,\"name\":\"Rank\u0173 \u0161veitiklis hand scrub VIXI official\"}]},{\"@type\":\"WebSite\",\"@id\":\"https:\\\/\\\/msakademija.com\\\/#website\",\"url\":\"https:\\\/\\\/msakademija.com\\\/\",\"name\":\"MS akademija\",\"description\":\"Makia\u017eo ir \u0161ukuosenos akademija\",\"publisher\":{\"@id\":\"https:\\\/\\\/msakademija.com\\\/#organization\"},\"potentialAction\":[{\"@type\":\"SearchAction\",\"target\":{\"@type\":\"EntryPoint\",\"urlTemplate\":\"https:\\\/\\\/msakademija.com\\\/?s={search_term_string}\"},\"query-input\":{\"@type\":\"PropertyValueSpecification\",\"valueRequired\":true,\"valueName\":\"search_term_string\"}}],\"inLanguage\":\"en-US\"},{\"@type\":\"Organization\",\"@id\":\"https:\\\/\\\/msakademija.com\\\/#organization\",\"name\":\"MS akademija\",\"url\":\"https:\\\/\\\/msakademija.com\\\/\",\"logo\":{\"@type\":\"ImageObject\",\"inLanguage\":\"en-US\",\"@id\":\"https:\\\/\\\/msakademija.com\\\/#\\\/schema\\\/logo\\\/image\\\/\",\"url\":\"https:\\\/\\\/msakademija.com\\\/wp-content\\\/uploads\\\/2021\\\/05\\\/logo_juodas_HEADERMS.png\",\"contentUrl\":\"https:\\\/\\\/msakademija.com\\\/wp-content\\\/uploads\\\/2021\\\/05\\\/logo_juodas_HEADERMS.png\",\"width\":500,\"height\":210,\"caption\":\"MS akademija\"},\"image\":{\"@id\":\"https:\\\/\\\/msakademija.com\\\/#\\\/schema\\\/logo\\\/image\\\/\"},\"sameAs\":[\"https:\\\/\\\/www.facebook.com\\\/msakademijavilnius\\\/\",\"https:\\\/\\\/www.instagram.com\\\/msakademija\\\/\"]}]}<\/script>\n<meta property=\"product:brand\" content=\"vixiofficial\" \/>\n<meta property=\"product:price:amount\" content=\"14.99\" \/>\n<meta property=\"product:price:currency\" content=\"EUR\" \/>\n<meta property=\"og:availability\" content=\"instock\" \/>\n<meta property=\"product:availability\" content=\"instock\" \/>\n<meta property=\"product:condition\" content=\"new\" \/>\n<!-- \/ Yoast SEO Premium plugin. -->","yoast_head_json":{"title":"Hand scrub hand scrub VIXI official - MS akademija","description":"Hand scrub with silk - gently smooth and well-groomed skin Let your hands regain their softness with the Hand scrub with silk","robots":{"index":"index","follow":"follow","max-snippet":"max-snippet:-1","max-image-preview":"max-image-preview:large","max-video-preview":"max-video-preview:-1"},"canonical":"https:\/\/msakademija.com\/en\/product\/hand-greeter\/","og_locale":"en_US","og_type":"article","og_title":"Rank\u0173 \u0161veitiklis hand scrub VIXI official","og_description":"Rank\u0173 \u0161veitiklis su \u0161ilku \u2013 \u0161velniai glotni ir pri\u017ei\u016br\u0117ta oda Leisk savo rankoms atgauti \u0161velnum\u0105 su rank\u0173 \u0161veitikliu su \u0161ilku","og_url":"https:\/\/msakademija.com\/en\/product\/hand-greeter\/","og_site_name":"MS akademija","article_publisher":"https:\/\/www.facebook.com\/msakademijavilnius\/","article_modified_time":"2026-04-10T13:56:49+00:00","og_image":[{"width":1600,"height":2400,"url":"https:\/\/msakademija.com\/wp-content\/uploads\/2025\/10\/img_7286-scaled-1.webp","type":"image\/webp"}],"twitter_card":"summary_large_image","twitter_misc":{"Price":"&euro;14.99","Availability":"In stock"},"schema":{"@context":"https:\/\/schema.org","@graph":[{"@type":"WebPage","@id":"https:\/\/msakademija.com\/produktas\/ranku-sveitiklis\/","url":"https:\/\/msakademija.com\/produktas\/ranku-sveitiklis\/","name":"Hand scrub hand scrub VIXI official - MS akademija","isPartOf":{"@id":"https:\/\/msakademija.com\/#website"},"primaryImageOfPage":{"@id":"https:\/\/msakademija.com\/produktas\/ranku-sveitiklis\/#primaryimage"},"image":{"@id":"https:\/\/msakademija.com\/produktas\/ranku-sveitiklis\/#primaryimage"},"thumbnailUrl":"https:\/\/msakademija.com\/wp-content\/uploads\/2025\/10\/img_7286-scaled-1.webp","datePublished":"2025-10-25T17:13:20+00:00","dateModified":"2026-04-10T13:56:49+00:00","description":"Hand scrub with silk - gently smooth and well-groomed skin Let your hands regain their softness with the Hand scrub with silk","breadcrumb":{"@id":"https:\/\/msakademija.com\/produktas\/ranku-sveitiklis\/#breadcrumb"},"inLanguage":"en-US","potentialAction":[{"@type":"ReadAction","target":["https:\/\/msakademija.com\/produktas\/ranku-sveitiklis\/"]}]},{"@type":"ImageObject","inLanguage":"en-US","@id":"https:\/\/msakademija.com\/produktas\/ranku-sveitiklis\/#primaryimage","url":"https:\/\/msakademija.com\/wp-content\/uploads\/2025\/10\/img_7286-scaled-1.webp","contentUrl":"https:\/\/msakademija.com\/wp-content\/uploads\/2025\/10\/img_7286-scaled-1.webp","width":1600,"height":2400,"caption":"ranku skrabas"},{"@type":"BreadcrumbList","@id":"https:\/\/msakademija.com\/produktas\/ranku-sveitiklis\/#breadcrumb","itemListElement":[{"@type":"ListItem","position":1,"name":"Home","item":"https:\/\/msakademija.com\/"},{"@type":"ListItem","position":2,"name":"Parduotuv\u0117","item":"https:\/\/msakademija.com\/makiazo-priemoniu-parduotuve\/"},{"@type":"ListItem","position":3,"name":"Rank\u0173 \u0161veitiklis hand scrub VIXI official"}]},{"@type":"WebSite","@id":"https:\/\/msakademija.com\/#website","url":"https:\/\/msakademija.com\/","name":"MS Academy","description":"Make-up and Hair Academy","publisher":{"@id":"https:\/\/msakademija.com\/#organization"},"potentialAction":[{"@type":"SearchAction","target":{"@type":"EntryPoint","urlTemplate":"https:\/\/msakademija.com\/?s={search_term_string}"},"query-input":{"@type":"PropertyValueSpecification","valueRequired":true,"valueName":"search_term_string"}}],"inLanguage":"en-US"},{"@type":"Organization","@id":"https:\/\/msakademija.com\/#organization","name":"MS Academy","url":"https:\/\/msakademija.com\/","logo":{"@type":"ImageObject","inLanguage":"en-US","@id":"https:\/\/msakademija.com\/#\/schema\/logo\/image\/","url":"https:\/\/msakademija.com\/wp-content\/uploads\/2021\/05\/logo_juodas_HEADERMS.png","contentUrl":"https:\/\/msakademija.com\/wp-content\/uploads\/2021\/05\/logo_juodas_HEADERMS.png","width":500,"height":210,"caption":"MS akademija"},"image":{"@id":"https:\/\/msakademija.com\/#\/schema\/logo\/image\/"},"sameAs":["https:\/\/www.facebook.com\/msakademijavilnius\/","https:\/\/www.instagram.com\/msakademija\/"]}]},"product_brand":"vixiofficial","product_price_amount":"14.99","product_price_currency":"EUR","og_availability":"instock","product_availability":"instock","product_condition":"new"},"jetpack_sharing_enabled":true,"_links":{"self":[{"href":"https:\/\/msakademija.com\/en\/wp-json\/wp\/v2\/product\/12124","targetHints":{"allow":["GET"]}}],"collection":[{"href":"https:\/\/msakademija.com\/en\/wp-json\/wp\/v2\/product"}],"about":[{"href":"https:\/\/msakademija.com\/en\/wp-json\/wp\/v2\/types\/product"}],"replies":[{"embeddable":true,"href":"https:\/\/msakademija.com\/en\/wp-json\/wp\/v2\/comments?post=12124"}],"wp:featuredmedia":[{"embeddable":true,"href":"https:\/\/msakademija.com\/en\/wp-json\/wp\/v2\/media\/12125"}],"wp:attachment":[{"href":"https:\/\/msakademija.com\/en\/wp-json\/wp\/v2\/media?parent=12124"}],"wp:term":[{"taxonomy":"product_brand","embeddable":true,"href":"https:\/\/msakademija.com\/en\/wp-json\/wp\/v2\/product_brand?post=12124"},{"taxonomy":"product_cat","embeddable":true,"href":"https:\/\/msakademija.com\/en\/wp-json\/wp\/v2\/product_cat?post=12124"},{"taxonomy":"product_tag","embeddable":true,"href":"https:\/\/msakademija.com\/en\/wp-json\/wp\/v2\/product_tag?post=12124"}],"curies":[{"name":"wp","href":"https:\/\/api.w.org\/{rel}","templated":true}]}}