{"id":12471,"date":"2025-11-14T19:12:28","date_gmt":"2025-11-14T17:12:28","guid":{"rendered":"https:\/\/msakademija.com\/?post_type=product&#038;p=12471"},"modified":"2026-04-12T11:38:02","modified_gmt":"2026-04-12T08:38:02","slug":"make-up-brush-set-masi-soft","status":"publish","type":"product","link":"https:\/\/msakademija.com\/en\/produktas\/makiazo-sepeteliu-rinkinys-masi-soft\/","title":{"rendered":"Make-up brush set Masi Soft"},"content":{"rendered":"<h2>MASI Soft - make-up brush set for creamy textures<\/h2>\n<p>&nbsp;<\/p>\n<p>MASI Soft is a professional make-up brush set specially designed for working with creamy textures. The soft and fluffy texture distributes the product thinly, gently and extremely evenly for a clean, blended make-up look.<\/p>\n<h3>Benefits<\/h3>\n<ul>\n<li>Extra soft taklon - glides smoothly on the skin, without stretching or irritation.<\/li>\n<li>Smooth application - the brushes do not absorb the product, allowing for precise and clean application.<\/li>\n<li>Universal sizes - suitable for different face and eye areas.<\/li>\n<li>Easy blending - perfect for creamy textures without sharp lines.<\/li>\n<li>Durable quality - taklon keeps its shape and dries quickly.<\/li>\n<\/ul>\n<p>&nbsp;<\/p>\n<h3>For use with:<\/h3>\n<ul>\n<li>various creamy textures<\/li>\n<li>camouflage<\/li>\n<li>creamy eye textures<\/li>\n<li>for fine facial areas where precision is required<\/li>\n<\/ul>\n<p>&nbsp;<\/p>\n<h3>Who is it for?<\/h3>\n<ul>\n<li>for professionals<\/li>\n<li>make-up for beginners<\/li>\n<li>for those with sensitive skin<\/li>\n<li>for all those who want a natural, softly diffused resultMASI Soft is a professional make-up brush set specially designed to work with various creamy textures. It features an ultra-soft and gentle stroke that evenly distributes the product without absorbing excess and allows for a precision-clean result. Thanks to its fluffiness and elasticity, it adapts perfectly to the contours of the face and allows you to do your make-up without streaks or sharp edges.The kit is designed to meet the needs of both professional make-up artists and everyday make-up artists. MASI Soft brushes are lightweight, ergonomic and comfortable in the hand, making it easy for even beginners to create a smooth, softly blended result without much work.\n<p>Each brush in the set has its own clear purpose: the larger ones are designed for broader areas of the face and creamy textures, while the smaller ones are used for precision work around the eyes or where precision is needed. Thanks to the perfect structure of the taklon, the brushes keep their shape, dry quickly and are low maintenance.<\/p>\n<p>The MASI Soft Make-up Brush Set is perfect for working with creamy consistencies, blending concealer, creating soft lines or natural blending transitions. The set is particularly appreciated by make-up artists who are looking for tools that allow them to work quickly, precisely and hygienically.<\/p>\n<p>This set is the ideal choice for refreshing your make-up tools or creating a professional base for working with face modelling, the under-eye area or creamy textures. MASI Soft brushes allow you to achieve maximum cleanliness, naturalness and smoothness, making them perfect for anyone who values quality, comfort and precision in their make-up routine.<\/li>\n<\/ul>","protected":false},"excerpt":{"rendered":"<p>MASI Soft \u2013 makia\u017eo teptuk\u0173 rinkinys kremin\u0117ms tekst\u016broms &nbsp; MASI Soft \u2013 profesionalus makia\u017eo teptuk\u0173 rinkinys, specialiai sukurtas darbui su kremin\u0117mis tekst\u016bromis. Mink\u0161tas ir purus taklonas produkt\u0105 paskirsto plonai, \u0161velniai ir itin tolygiai, tod\u0117l makia\u017eas atrodo \u0161variai i\u0161sklaidytas. Privalumai Ypatingai mink\u0161tas taklonas \u2013 glotniai slysta oda, netempia ir neerzina. Tolygi aplikacija \u2013 teptukai nesugeria produkto, [&#8230;]\n","protected":false},"featured_media":12472,"comment_status":"open","ping_status":"closed","template":"","meta":[],"product_brand":[],"product_cat":[15,20,36,38,37,39],"product_tag":[],"class_list":{"0":"post-12471","1":"product","2":"type-product","3":"status-publish","4":"has-post-thumbnail","6":"product_cat-be-kategorijos","7":"product_cat-priemones-makiazui","8":"product_cat-sepeteliai-makiazui-ir-kiti-irankiai","9":"product_cat-teptukai-akims-ozkos-plauko-sabalo-plauko-kiaunes-lauko-taklono","10":"product_cat-teptukai-makiazui","11":"product_cat-teptukai-veidui-ozkos-plauko-voveres-plauko-imitacijos-taklono","13":"first","14":"instock","15":"shipping-taxable","16":"purchasable","17":"product-type-simple"},"yoast_head":"<!-- This site is optimized with the Yoast SEO Premium plugin v27.5 (Yoast SEO v27.5) - https:\/\/yoast.com\/product\/yoast-seo-premium-wordpress\/ -->\n<title>Makia\u017eo \u0161epeteli\u0173 rinkinys Masi Soft - MS akademija<\/title>\n<meta name=\"description\" content=\"MASI Soft \u2013makia\u017eo teptuk\u0173 rinkinys kremin\u0117ms tekst\u016broms . Rinkinys specialiai sukurtas darbui su kremin\u0117mis tekst\u016bromis.\" \/>\n<meta name=\"robots\" content=\"index, follow, max-snippet:-1, max-image-preview:large, max-video-preview:-1\" \/>\n<link rel=\"canonical\" href=\"https:\/\/msakademija.com\/en\/product\/make-up-brush-set-masi-soft\/\" \/>\n<meta property=\"og:locale\" content=\"en_US\" \/>\n<meta property=\"og:type\" content=\"article\" \/>\n<meta property=\"og:title\" content=\"Makia\u017eo \u0161epeteli\u0173 rinkinys Masi Soft\" \/>\n<meta property=\"og:description\" content=\"MASI Soft \u2013makia\u017eo teptuk\u0173 rinkinys kremin\u0117ms tekst\u016broms . Rinkinys specialiai sukurtas darbui su kremin\u0117mis tekst\u016bromis.\" \/>\n<meta property=\"og:url\" content=\"https:\/\/msakademija.com\/en\/product\/make-up-brush-set-masi-soft\/\" \/>\n<meta property=\"og:site_name\" content=\"MS akademija\" \/>\n<meta property=\"article:publisher\" content=\"https:\/\/www.facebook.com\/msakademijavilnius\/\" \/>\n<meta property=\"article:modified_time\" content=\"2026-04-12T08:38:02+00:00\" \/>\n<meta property=\"og:image\" content=\"https:\/\/msakademija.com\/wp-content\/uploads\/2025\/11\/masi-soft-rinkinys.jpeg\" \/>\n\t<meta property=\"og:image:width\" content=\"1206\" \/>\n\t<meta property=\"og:image:height\" content=\"1608\" \/>\n\t<meta property=\"og:image:type\" content=\"image\/jpeg\" \/>\n<meta name=\"twitter:card\" content=\"summary_large_image\" \/>\n<meta name=\"twitter:label1\" content=\"Price\" \/>\n\t<meta name=\"twitter:data1\" content=\"&euro;40.00\" \/>\n\t<meta name=\"twitter:label2\" content=\"Availability\" \/>\n\t<meta name=\"twitter:data2\" content=\"In stock\" \/>\n<script type=\"application\/ld+json\" class=\"yoast-schema-graph\">{\"@context\":\"https:\\\/\\\/schema.org\",\"@graph\":[{\"@type\":\"WebPage\",\"@id\":\"https:\\\/\\\/msakademija.com\\\/produktas\\\/makiazo-sepeteliu-rinkinys-masi-soft\\\/\",\"url\":\"https:\\\/\\\/msakademija.com\\\/produktas\\\/makiazo-sepeteliu-rinkinys-masi-soft\\\/\",\"name\":\"Makia\u017eo \u0161epeteli\u0173 rinkinys Masi Soft - MS akademija\",\"isPartOf\":{\"@id\":\"https:\\\/\\\/msakademija.com\\\/#website\"},\"primaryImageOfPage\":{\"@id\":\"https:\\\/\\\/msakademija.com\\\/produktas\\\/makiazo-sepeteliu-rinkinys-masi-soft\\\/#primaryimage\"},\"image\":{\"@id\":\"https:\\\/\\\/msakademija.com\\\/produktas\\\/makiazo-sepeteliu-rinkinys-masi-soft\\\/#primaryimage\"},\"thumbnailUrl\":\"https:\\\/\\\/msakademija.com\\\/wp-content\\\/uploads\\\/2025\\\/11\\\/masi-soft-rinkinys.jpeg\",\"datePublished\":\"2025-11-14T17:12:28+00:00\",\"dateModified\":\"2026-04-12T08:38:02+00:00\",\"description\":\"MASI Soft \u2013makia\u017eo teptuk\u0173 rinkinys kremin\u0117ms tekst\u016broms . Rinkinys specialiai sukurtas darbui su kremin\u0117mis tekst\u016bromis.\",\"breadcrumb\":{\"@id\":\"https:\\\/\\\/msakademija.com\\\/produktas\\\/makiazo-sepeteliu-rinkinys-masi-soft\\\/#breadcrumb\"},\"inLanguage\":\"en-US\",\"potentialAction\":[{\"@type\":\"ReadAction\",\"target\":[\"https:\\\/\\\/msakademija.com\\\/produktas\\\/makiazo-sepeteliu-rinkinys-masi-soft\\\/\"]}]},{\"@type\":\"ImageObject\",\"inLanguage\":\"en-US\",\"@id\":\"https:\\\/\\\/msakademija.com\\\/produktas\\\/makiazo-sepeteliu-rinkinys-masi-soft\\\/#primaryimage\",\"url\":\"https:\\\/\\\/msakademija.com\\\/wp-content\\\/uploads\\\/2025\\\/11\\\/masi-soft-rinkinys.jpeg\",\"contentUrl\":\"https:\\\/\\\/msakademija.com\\\/wp-content\\\/uploads\\\/2025\\\/11\\\/masi-soft-rinkinys.jpeg\",\"width\":1206,\"height\":1608,\"caption\":\"makia\u017eo \u0161epet\u0117liai\"},{\"@type\":\"BreadcrumbList\",\"@id\":\"https:\\\/\\\/msakademija.com\\\/produktas\\\/makiazo-sepeteliu-rinkinys-masi-soft\\\/#breadcrumb\",\"itemListElement\":[{\"@type\":\"ListItem\",\"position\":1,\"name\":\"Home\",\"item\":\"https:\\\/\\\/msakademija.com\\\/\"},{\"@type\":\"ListItem\",\"position\":2,\"name\":\"Parduotuv\u0117\",\"item\":\"https:\\\/\\\/msakademija.com\\\/makiazo-priemoniu-parduotuve\\\/\"},{\"@type\":\"ListItem\",\"position\":3,\"name\":\"Makia\u017eo \u0161epeteli\u0173 rinkinys Masi Soft\"}]},{\"@type\":\"WebSite\",\"@id\":\"https:\\\/\\\/msakademija.com\\\/#website\",\"url\":\"https:\\\/\\\/msakademija.com\\\/\",\"name\":\"MS akademija\",\"description\":\"Makia\u017eo ir \u0161ukuosenos akademija\",\"publisher\":{\"@id\":\"https:\\\/\\\/msakademija.com\\\/#organization\"},\"potentialAction\":[{\"@type\":\"SearchAction\",\"target\":{\"@type\":\"EntryPoint\",\"urlTemplate\":\"https:\\\/\\\/msakademija.com\\\/?s={search_term_string}\"},\"query-input\":{\"@type\":\"PropertyValueSpecification\",\"valueRequired\":true,\"valueName\":\"search_term_string\"}}],\"inLanguage\":\"en-US\"},{\"@type\":\"Organization\",\"@id\":\"https:\\\/\\\/msakademija.com\\\/#organization\",\"name\":\"MS akademija\",\"url\":\"https:\\\/\\\/msakademija.com\\\/\",\"logo\":{\"@type\":\"ImageObject\",\"inLanguage\":\"en-US\",\"@id\":\"https:\\\/\\\/msakademija.com\\\/#\\\/schema\\\/logo\\\/image\\\/\",\"url\":\"https:\\\/\\\/msakademija.com\\\/wp-content\\\/uploads\\\/2021\\\/05\\\/logo_juodas_HEADERMS.png\",\"contentUrl\":\"https:\\\/\\\/msakademija.com\\\/wp-content\\\/uploads\\\/2021\\\/05\\\/logo_juodas_HEADERMS.png\",\"width\":500,\"height\":210,\"caption\":\"MS akademija\"},\"image\":{\"@id\":\"https:\\\/\\\/msakademija.com\\\/#\\\/schema\\\/logo\\\/image\\\/\"},\"sameAs\":[\"https:\\\/\\\/www.facebook.com\\\/msakademijavilnius\\\/\",\"https:\\\/\\\/www.instagram.com\\\/msakademija\\\/\"]}]}<\/script>\n<meta property=\"product:brand\" content=\"MASI\" \/>\n<meta property=\"product:price:amount\" content=\"40.00\" \/>\n<meta property=\"product:price:currency\" content=\"EUR\" \/>\n<meta property=\"og:availability\" content=\"instock\" \/>\n<meta property=\"product:availability\" content=\"instock\" \/>\n<meta property=\"product:condition\" content=\"new\" \/>\n<!-- \/ Yoast SEO Premium plugin. -->","yoast_head_json":{"title":"Make-up Brush Set Masi Soft - MS akademija","description":"MASI Soft - make-up brush set for creamy textures. The set is specially designed for working with creamy textures.","robots":{"index":"index","follow":"follow","max-snippet":"max-snippet:-1","max-image-preview":"max-image-preview:large","max-video-preview":"max-video-preview:-1"},"canonical":"https:\/\/msakademija.com\/en\/product\/make-up-brush-set-masi-soft\/","og_locale":"en_US","og_type":"article","og_title":"Makia\u017eo \u0161epeteli\u0173 rinkinys Masi Soft","og_description":"MASI Soft \u2013makia\u017eo teptuk\u0173 rinkinys kremin\u0117ms tekst\u016broms . Rinkinys specialiai sukurtas darbui su kremin\u0117mis tekst\u016bromis.","og_url":"https:\/\/msakademija.com\/en\/product\/make-up-brush-set-masi-soft\/","og_site_name":"MS akademija","article_publisher":"https:\/\/www.facebook.com\/msakademijavilnius\/","article_modified_time":"2026-04-12T08:38:02+00:00","og_image":[{"width":1206,"height":1608,"url":"https:\/\/msakademija.com\/wp-content\/uploads\/2025\/11\/masi-soft-rinkinys.jpeg","type":"image\/jpeg"}],"twitter_card":"summary_large_image","twitter_misc":{"Price":"&euro;40.00","Availability":"In stock"},"schema":{"@context":"https:\/\/schema.org","@graph":[{"@type":"WebPage","@id":"https:\/\/msakademija.com\/produktas\/makiazo-sepeteliu-rinkinys-masi-soft\/","url":"https:\/\/msakademija.com\/produktas\/makiazo-sepeteliu-rinkinys-masi-soft\/","name":"Make-up Brush Set Masi Soft - MS akademija","isPartOf":{"@id":"https:\/\/msakademija.com\/#website"},"primaryImageOfPage":{"@id":"https:\/\/msakademija.com\/produktas\/makiazo-sepeteliu-rinkinys-masi-soft\/#primaryimage"},"image":{"@id":"https:\/\/msakademija.com\/produktas\/makiazo-sepeteliu-rinkinys-masi-soft\/#primaryimage"},"thumbnailUrl":"https:\/\/msakademija.com\/wp-content\/uploads\/2025\/11\/masi-soft-rinkinys.jpeg","datePublished":"2025-11-14T17:12:28+00:00","dateModified":"2026-04-12T08:38:02+00:00","description":"MASI Soft - make-up brush set for creamy textures. The set is specially designed for working with creamy textures.","breadcrumb":{"@id":"https:\/\/msakademija.com\/produktas\/makiazo-sepeteliu-rinkinys-masi-soft\/#breadcrumb"},"inLanguage":"en-US","potentialAction":[{"@type":"ReadAction","target":["https:\/\/msakademija.com\/produktas\/makiazo-sepeteliu-rinkinys-masi-soft\/"]}]},{"@type":"ImageObject","inLanguage":"en-US","@id":"https:\/\/msakademija.com\/produktas\/makiazo-sepeteliu-rinkinys-masi-soft\/#primaryimage","url":"https:\/\/msakademija.com\/wp-content\/uploads\/2025\/11\/masi-soft-rinkinys.jpeg","contentUrl":"https:\/\/msakademija.com\/wp-content\/uploads\/2025\/11\/masi-soft-rinkinys.jpeg","width":1206,"height":1608,"caption":"makia\u017eo \u0161epet\u0117liai"},{"@type":"BreadcrumbList","@id":"https:\/\/msakademija.com\/produktas\/makiazo-sepeteliu-rinkinys-masi-soft\/#breadcrumb","itemListElement":[{"@type":"ListItem","position":1,"name":"Home","item":"https:\/\/msakademija.com\/"},{"@type":"ListItem","position":2,"name":"Parduotuv\u0117","item":"https:\/\/msakademija.com\/makiazo-priemoniu-parduotuve\/"},{"@type":"ListItem","position":3,"name":"Makia\u017eo \u0161epeteli\u0173 rinkinys Masi Soft"}]},{"@type":"WebSite","@id":"https:\/\/msakademija.com\/#website","url":"https:\/\/msakademija.com\/","name":"MS Academy","description":"Make-up and Hair Academy","publisher":{"@id":"https:\/\/msakademija.com\/#organization"},"potentialAction":[{"@type":"SearchAction","target":{"@type":"EntryPoint","urlTemplate":"https:\/\/msakademija.com\/?s={search_term_string}"},"query-input":{"@type":"PropertyValueSpecification","valueRequired":true,"valueName":"search_term_string"}}],"inLanguage":"en-US"},{"@type":"Organization","@id":"https:\/\/msakademija.com\/#organization","name":"MS Academy","url":"https:\/\/msakademija.com\/","logo":{"@type":"ImageObject","inLanguage":"en-US","@id":"https:\/\/msakademija.com\/#\/schema\/logo\/image\/","url":"https:\/\/msakademija.com\/wp-content\/uploads\/2021\/05\/logo_juodas_HEADERMS.png","contentUrl":"https:\/\/msakademija.com\/wp-content\/uploads\/2021\/05\/logo_juodas_HEADERMS.png","width":500,"height":210,"caption":"MS akademija"},"image":{"@id":"https:\/\/msakademija.com\/#\/schema\/logo\/image\/"},"sameAs":["https:\/\/www.facebook.com\/msakademijavilnius\/","https:\/\/www.instagram.com\/msakademija\/"]}]},"product_brand":"MASI","product_price_amount":"40.00","product_price_currency":"EUR","og_availability":"instock","product_availability":"instock","product_condition":"new"},"jetpack_sharing_enabled":true,"_links":{"self":[{"href":"https:\/\/msakademija.com\/en\/wp-json\/wp\/v2\/product\/12471","targetHints":{"allow":["GET"]}}],"collection":[{"href":"https:\/\/msakademija.com\/en\/wp-json\/wp\/v2\/product"}],"about":[{"href":"https:\/\/msakademija.com\/en\/wp-json\/wp\/v2\/types\/product"}],"replies":[{"embeddable":true,"href":"https:\/\/msakademija.com\/en\/wp-json\/wp\/v2\/comments?post=12471"}],"wp:featuredmedia":[{"embeddable":true,"href":"https:\/\/msakademija.com\/en\/wp-json\/wp\/v2\/media\/12472"}],"wp:attachment":[{"href":"https:\/\/msakademija.com\/en\/wp-json\/wp\/v2\/media?parent=12471"}],"wp:term":[{"taxonomy":"product_brand","embeddable":true,"href":"https:\/\/msakademija.com\/en\/wp-json\/wp\/v2\/product_brand?post=12471"},{"taxonomy":"product_cat","embeddable":true,"href":"https:\/\/msakademija.com\/en\/wp-json\/wp\/v2\/product_cat?post=12471"},{"taxonomy":"product_tag","embeddable":true,"href":"https:\/\/msakademija.com\/en\/wp-json\/wp\/v2\/product_tag?post=12471"}],"curies":[{"name":"wp","href":"https:\/\/api.w.org\/{rel}","templated":true}]}}