{"id":12524,"date":"2025-11-17T23:43:14","date_gmt":"2025-11-17T21:43:14","guid":{"rendered":"https:\/\/msakademija.com\/?post_type=product&#038;p=12524"},"modified":"2026-01-05T09:20:40","modified_gmt":"2026-01-05T07:20:40","slug":"gift-set-2","status":"publish","type":"product","link":"https:\/\/msakademija.com\/en\/produktas\/dovanu-rinkinys-2\/","title":{"rendered":"GIFT KIT: Masi Glam pro make-up brush set + Make-up tutorial"},"content":{"rendered":"<p data-start=\"124\" data-end=\"233\"><strong data-start=\"124\" data-end=\"233\">Gift set: individual make-up SAU lesson + Professional make-up brush collection (with 30 % discount)<\/strong><\/p>\n<p data-start=\"235\" data-end=\"850\">Looking for a unique gift that's not only beautiful but also useful? This gift set is the ideal choice for every woman who wants to improve her make-up skills, discover professional techniques and indulge in a quality collection of make-up products. The set includes <strong data-start=\"516\" data-end=\"546\">individual make-up SAU lesson<\/strong> with a professional make-up artist and carefully selected <strong data-start=\"599\" data-end=\"629\">make-up brush set<\/strong>suitable for both everyday and professional make-up. This special gift set is currently available even with <strong data-start=\"737\" data-end=\"754\">30 % discount<\/strong>, so it's the perfect opportunity to surprise a loved one or treat yourself to a quality beauty experience.<\/p>\n<p data-start=\"852\" data-end=\"1280\">During a one-to-one make-up lesson, the client receives personal consultation, professional advice and practical skills to help create a flawless day or evening make-up look. The lesson is tailored to each person's facial features, skin type, products used and preferred make-up style. It is not only a learning process, but also an enjoyable, inspiring beauty experience that gives you more confidence.<\/p>\n<p data-start=\"1282\" data-end=\"1633\">The make-up brushes in the set are made of high-quality, soft, long-lasting bristles that allow for precise and easy distribution of make-up products. They are ideal for foundation, contouring, eye make-up and finishing touches. This set is perfect for beginners, make-up enthusiasts and professionals alike.<\/p>\n<p data-start=\"1635\" data-end=\"1867\">A gift that combines knowledge, practice and beauty tools - everything you need to learn and do perfect make-up every day. Take advantage of the 30 % discount and get a set that will delight any beauty lover.<\/p>\n<p>INDIVIDUAL SELF-MAKE-UP LESSON<\/p>\n<p>GIFT VOUCHER VALID FOR 3 MONTHS<\/p>\n<p>THE VOUCHER IS NON-REFUNDABLE AND NON-EXCHANGEABLE FOR CASH<\/p>\n<p><strong>Gift voucher - MAKEUP COURSES FOR GIRLS AND WOMEN WHO WANT TO LOOK GOOD EVERY DAY. DURING THE COURSE, YOU WILL LEARN HOW TO CHOOSE THE RIGHT COSMETICS AND MAKE-UP TOOLS AND HOW TO QUICKLY AND EFFICIENTLY APPLY YOUR DAY OR EVENING MAKE-UP.<\/strong><\/p>\n<p>All tools, brushes and cosmetics are provided free of charge.<\/p>\n<h4>Gift voucher . FINISH YOUR COURSE:<br \/>\n1. Learn how to get a beautiful make-up look for any occasion, from day to night. You'll be even more beautiful and confident!<br \/>\n2. You can have a gorgeous make-up look in 15 minutes. You'll easily understand how to hide your imperfections and enhance your natural beauty<\/h4>\n<p>3. After the course, you will become YOUR OWN VISUALIST.. You will learn to understand everything about make-up brushes, cosmetics and other products.<br \/>\n4. You will understand how to care for problem skin and how to hide skin imperfections<br \/>\n5. Learn what you need to have in your cosmetic cabinet and what you can easily give up<br \/>\n6. You will receive a certificate of participation in the course<\/p>\n<h4>CLASSIC EVENING MAKE-UP<\/h4>\n<p>- Choice of long-lasting substrate. Masking problem areas of the face. Face modelling with the popular Strobing technique. The secrets of the glowing skin effect.<\/p>\n<p>- Correction of eye shape. Eye make-up in brighter colours. Use of glitter in make-up.<\/p>\n<p>- Drawing the eyeliner (pencil or liner). Application of false eyelashes<\/p>\n<p>- Eyebrow make-up. Methods of correcting the shape of the eyebrows<br \/>\n- Features of colouring the regular lip shape. The best tools for lip make-up . Specifics of fixing the tools<\/p>\n<p>The gift voucher is valid for 3 months. THE VOUCHER IS NON-REFUNDABLE AND NON-EXCHANGEABLE. It is also not exchangeable for other services or cosmetics.<\/p>\n<p>Registration can be done by phone +37067205534 or by email info@msakademija.com.<\/p>\n<p>The gift voucher is personalised. Please specify in the comment who it will be addressed to<\/p>\n<p>Registration for the Make-up Yourself lesson is only available on weekdays from 9am to 4pm.<\/p>","protected":false},"excerpt":{"rendered":"<p>Dovan\u0173 rinkinys: Individuali makia\u017eo SAU pamoka + Profesionali makia\u017eo \u0161epet\u0117li\u0173 kolekcija (su 30 % nuolaida) Ie\u0161kote i\u0161skirtin\u0117s dovanos, kuri b\u016bt\u0173 ne tik gra\u017ei, bet ir naudinga? \u0160is dovan\u0173 rinkinys \u2013 idealus pasirinkimas kiekvienai moteriai, norin\u010diai patobulinti savo makia\u017eo \u012fg\u016bd\u017eius, atrasti profesionalias technikas ir pasilepinti kokybi\u0161ka makia\u017eo priemoni\u0173 kolekcija. Rinkin\u012f sudaro individuali makia\u017eo SAU pamoka su [&#8230;]\n","protected":false},"featured_media":12521,"comment_status":"open","ping_status":"closed","template":"","meta":[],"product_brand":[],"product_cat":[15,20,36],"product_tag":[],"class_list":{"0":"post-12524","1":"product","2":"type-product","3":"status-publish","4":"has-post-thumbnail","6":"product_cat-be-kategorijos","7":"product_cat-priemones-makiazui","8":"product_cat-sepeteliai-makiazui-ir-kiti-irankiai","10":"first","11":"instock","12":"sale","13":"shipping-taxable","14":"purchasable","15":"product-type-simple"},"yoast_head":"<!-- This site is optimized with the Yoast SEO Premium plugin v27.5 (Yoast SEO v27.5) - https:\/\/yoast.com\/product\/yoast-seo-premium-wordpress\/ -->\n<title>DOVAN\u0172 RINKINYS: Makia\u017eo \u0161epeteli\u0173 rinkinys Masi Glam pro + Makia\u017eo Sau pamoka - MS akademija Dovan\u0173 rinkinys Masi Glam Pro + Makia\u017eo Sau pamoka | Puiki dovana \u0161vent\u0117ms<\/title>\n<meta name=\"description\" content=\"Dovan\u0173 rinkinys makia\u017eo pamoka ir makia\u017eo \u0161epet\u0117li\u0173 rinkinys. Puikus pasirinkimas makia\u017eo m\u0117g\u0117joms ir profesional\u0117ms.\" \/>\n<meta name=\"robots\" content=\"index, follow, max-snippet:-1, max-image-preview:large, max-video-preview:-1\" \/>\n<link rel=\"canonical\" href=\"https:\/\/msakademija.com\/en\/product\/gift-set-2\/\" \/>\n<meta property=\"og:locale\" content=\"en_US\" \/>\n<meta property=\"og:type\" content=\"article\" \/>\n<meta property=\"og:title\" content=\"DOVAN\u0172 RINKINYS: Makia\u017eo \u0161epeteli\u0173 rinkinys Masi Glam pro + Makia\u017eo Sau pamoka\" \/>\n<meta property=\"og:description\" content=\"Dovan\u0173 rinkinys makia\u017eo pamoka ir makia\u017eo \u0161epet\u0117li\u0173 rinkinys. Puikus pasirinkimas makia\u017eo m\u0117g\u0117joms ir profesional\u0117ms.\" \/>\n<meta property=\"og:url\" content=\"https:\/\/msakademija.com\/en\/product\/gift-set-2\/\" \/>\n<meta property=\"og:site_name\" content=\"MS akademija\" \/>\n<meta property=\"article:publisher\" content=\"https:\/\/www.facebook.com\/msakademijavilnius\/\" \/>\n<meta property=\"article:modified_time\" content=\"2026-01-05T07:20:40+00:00\" \/>\n<meta property=\"og:image\" content=\"https:\/\/msakademija.com\/wp-content\/uploads\/2025\/11\/3.png\" \/>\n\t<meta property=\"og:image:width\" content=\"1080\" \/>\n\t<meta property=\"og:image:height\" content=\"1080\" \/>\n\t<meta property=\"og:image:type\" content=\"image\/png\" \/>\n<meta name=\"twitter:card\" content=\"summary_large_image\" \/>\n<meta name=\"twitter:label1\" content=\"Price\" \/>\n\t<meta name=\"twitter:data1\" content=\"&euro;120.25\" \/>\n\t<meta name=\"twitter:label2\" content=\"Availability\" \/>\n\t<meta name=\"twitter:data2\" content=\"In stock\" \/>\n<script type=\"application\/ld+json\" class=\"yoast-schema-graph\">{\"@context\":\"https:\\\/\\\/schema.org\",\"@graph\":[{\"@type\":\"WebPage\",\"@id\":\"https:\\\/\\\/msakademija.com\\\/produktas\\\/dovanu-rinkinys-2\\\/\",\"url\":\"https:\\\/\\\/msakademija.com\\\/produktas\\\/dovanu-rinkinys-2\\\/\",\"name\":\"DOVAN\u0172 RINKINYS: Makia\u017eo \u0161epeteli\u0173 rinkinys Masi Glam pro + Makia\u017eo Sau pamoka - MS akademija Dovan\u0173 rinkinys Masi Glam Pro + Makia\u017eo Sau pamoka | Puiki dovana \u0161vent\u0117ms\",\"isPartOf\":{\"@id\":\"https:\\\/\\\/msakademija.com\\\/#website\"},\"primaryImageOfPage\":{\"@id\":\"https:\\\/\\\/msakademija.com\\\/produktas\\\/dovanu-rinkinys-2\\\/#primaryimage\"},\"image\":{\"@id\":\"https:\\\/\\\/msakademija.com\\\/produktas\\\/dovanu-rinkinys-2\\\/#primaryimage\"},\"thumbnailUrl\":\"https:\\\/\\\/msakademija.com\\\/wp-content\\\/uploads\\\/2025\\\/11\\\/3.png\",\"datePublished\":\"2025-11-17T21:43:14+00:00\",\"dateModified\":\"2026-01-05T07:20:40+00:00\",\"description\":\"Dovan\u0173 rinkinys makia\u017eo pamoka ir makia\u017eo \u0161epet\u0117li\u0173 rinkinys. Puikus pasirinkimas makia\u017eo m\u0117g\u0117joms ir profesional\u0117ms.\",\"breadcrumb\":{\"@id\":\"https:\\\/\\\/msakademija.com\\\/produktas\\\/dovanu-rinkinys-2\\\/#breadcrumb\"},\"inLanguage\":\"en-US\",\"potentialAction\":[{\"@type\":\"ReadAction\",\"target\":[\"https:\\\/\\\/msakademija.com\\\/produktas\\\/dovanu-rinkinys-2\\\/\"]}]},{\"@type\":\"ImageObject\",\"inLanguage\":\"en-US\",\"@id\":\"https:\\\/\\\/msakademija.com\\\/produktas\\\/dovanu-rinkinys-2\\\/#primaryimage\",\"url\":\"https:\\\/\\\/msakademija.com\\\/wp-content\\\/uploads\\\/2025\\\/11\\\/3.png\",\"contentUrl\":\"https:\\\/\\\/msakademija.com\\\/wp-content\\\/uploads\\\/2025\\\/11\\\/3.png\",\"width\":1080,\"height\":1080},{\"@type\":\"BreadcrumbList\",\"@id\":\"https:\\\/\\\/msakademija.com\\\/produktas\\\/dovanu-rinkinys-2\\\/#breadcrumb\",\"itemListElement\":[{\"@type\":\"ListItem\",\"position\":1,\"name\":\"Home\",\"item\":\"https:\\\/\\\/msakademija.com\\\/\"},{\"@type\":\"ListItem\",\"position\":2,\"name\":\"Parduotuv\u0117\",\"item\":\"https:\\\/\\\/msakademija.com\\\/makiazo-priemoniu-parduotuve\\\/\"},{\"@type\":\"ListItem\",\"position\":3,\"name\":\"DOVAN\u0172 RINKINYS: Makia\u017eo \u0161epeteli\u0173 rinkinys Masi Glam pro + Makia\u017eo Sau pamoka\"}]},{\"@type\":\"WebSite\",\"@id\":\"https:\\\/\\\/msakademija.com\\\/#website\",\"url\":\"https:\\\/\\\/msakademija.com\\\/\",\"name\":\"MS akademija\",\"description\":\"Makia\u017eo ir \u0161ukuosenos akademija\",\"publisher\":{\"@id\":\"https:\\\/\\\/msakademija.com\\\/#organization\"},\"potentialAction\":[{\"@type\":\"SearchAction\",\"target\":{\"@type\":\"EntryPoint\",\"urlTemplate\":\"https:\\\/\\\/msakademija.com\\\/?s={search_term_string}\"},\"query-input\":{\"@type\":\"PropertyValueSpecification\",\"valueRequired\":true,\"valueName\":\"search_term_string\"}}],\"inLanguage\":\"en-US\"},{\"@type\":\"Organization\",\"@id\":\"https:\\\/\\\/msakademija.com\\\/#organization\",\"name\":\"MS akademija\",\"url\":\"https:\\\/\\\/msakademija.com\\\/\",\"logo\":{\"@type\":\"ImageObject\",\"inLanguage\":\"en-US\",\"@id\":\"https:\\\/\\\/msakademija.com\\\/#\\\/schema\\\/logo\\\/image\\\/\",\"url\":\"https:\\\/\\\/msakademija.com\\\/wp-content\\\/uploads\\\/2021\\\/05\\\/logo_juodas_HEADERMS.png\",\"contentUrl\":\"https:\\\/\\\/msakademija.com\\\/wp-content\\\/uploads\\\/2021\\\/05\\\/logo_juodas_HEADERMS.png\",\"width\":500,\"height\":210,\"caption\":\"MS akademija\"},\"image\":{\"@id\":\"https:\\\/\\\/msakademija.com\\\/#\\\/schema\\\/logo\\\/image\\\/\"},\"sameAs\":[\"https:\\\/\\\/www.facebook.com\\\/msakademijavilnius\\\/\",\"https:\\\/\\\/www.instagram.com\\\/msakademija\\\/\"]}]}<\/script>\n<meta property=\"product:brand\" content=\"MASI\" \/>\n<meta property=\"product:price:amount\" content=\"120.25\" \/>\n<meta property=\"product:price:currency\" content=\"EUR\" \/>\n<meta property=\"og:availability\" content=\"instock\" \/>\n<meta property=\"product:availability\" content=\"instock\" \/>\n<meta property=\"product:condition\" content=\"new\" \/>\n<!-- \/ Yoast SEO Premium plugin. -->","yoast_head_json":{"title":"GIFT SET: Make-up Brush Set Masi Glam Pro + Make-up tutorial - MS akademija Gift Set Masi Glam Pro + Make-up tutorial | The perfect gift for the holidays","description":"Make-up tutorial gift set and make-up brush set. The perfect choice for make-up lovers and professionals.","robots":{"index":"index","follow":"follow","max-snippet":"max-snippet:-1","max-image-preview":"max-image-preview:large","max-video-preview":"max-video-preview:-1"},"canonical":"https:\/\/msakademija.com\/en\/product\/gift-set-2\/","og_locale":"en_US","og_type":"article","og_title":"DOVAN\u0172 RINKINYS: Makia\u017eo \u0161epeteli\u0173 rinkinys Masi Glam pro + Makia\u017eo Sau pamoka","og_description":"Dovan\u0173 rinkinys makia\u017eo pamoka ir makia\u017eo \u0161epet\u0117li\u0173 rinkinys. Puikus pasirinkimas makia\u017eo m\u0117g\u0117joms ir profesional\u0117ms.","og_url":"https:\/\/msakademija.com\/en\/product\/gift-set-2\/","og_site_name":"MS akademija","article_publisher":"https:\/\/www.facebook.com\/msakademijavilnius\/","article_modified_time":"2026-01-05T07:20:40+00:00","og_image":[{"width":1080,"height":1080,"url":"https:\/\/msakademija.com\/wp-content\/uploads\/2025\/11\/3.png","type":"image\/png"}],"twitter_card":"summary_large_image","twitter_misc":{"Price":"&euro;120.25","Availability":"In stock"},"schema":{"@context":"https:\/\/schema.org","@graph":[{"@type":"WebPage","@id":"https:\/\/msakademija.com\/produktas\/dovanu-rinkinys-2\/","url":"https:\/\/msakademija.com\/produktas\/dovanu-rinkinys-2\/","name":"GIFT SET: Make-up Brush Set Masi Glam Pro + Make-up tutorial - MS akademija Gift Set Masi Glam Pro + Make-up tutorial | The perfect gift for the holidays","isPartOf":{"@id":"https:\/\/msakademija.com\/#website"},"primaryImageOfPage":{"@id":"https:\/\/msakademija.com\/produktas\/dovanu-rinkinys-2\/#primaryimage"},"image":{"@id":"https:\/\/msakademija.com\/produktas\/dovanu-rinkinys-2\/#primaryimage"},"thumbnailUrl":"https:\/\/msakademija.com\/wp-content\/uploads\/2025\/11\/3.png","datePublished":"2025-11-17T21:43:14+00:00","dateModified":"2026-01-05T07:20:40+00:00","description":"Make-up tutorial gift set and make-up brush set. The perfect choice for make-up lovers and professionals.","breadcrumb":{"@id":"https:\/\/msakademija.com\/produktas\/dovanu-rinkinys-2\/#breadcrumb"},"inLanguage":"en-US","potentialAction":[{"@type":"ReadAction","target":["https:\/\/msakademija.com\/produktas\/dovanu-rinkinys-2\/"]}]},{"@type":"ImageObject","inLanguage":"en-US","@id":"https:\/\/msakademija.com\/produktas\/dovanu-rinkinys-2\/#primaryimage","url":"https:\/\/msakademija.com\/wp-content\/uploads\/2025\/11\/3.png","contentUrl":"https:\/\/msakademija.com\/wp-content\/uploads\/2025\/11\/3.png","width":1080,"height":1080},{"@type":"BreadcrumbList","@id":"https:\/\/msakademija.com\/produktas\/dovanu-rinkinys-2\/#breadcrumb","itemListElement":[{"@type":"ListItem","position":1,"name":"Home","item":"https:\/\/msakademija.com\/"},{"@type":"ListItem","position":2,"name":"Parduotuv\u0117","item":"https:\/\/msakademija.com\/makiazo-priemoniu-parduotuve\/"},{"@type":"ListItem","position":3,"name":"DOVAN\u0172 RINKINYS: Makia\u017eo \u0161epeteli\u0173 rinkinys Masi Glam pro + Makia\u017eo Sau pamoka"}]},{"@type":"WebSite","@id":"https:\/\/msakademija.com\/#website","url":"https:\/\/msakademija.com\/","name":"MS Academy","description":"Make-up and Hair Academy","publisher":{"@id":"https:\/\/msakademija.com\/#organization"},"potentialAction":[{"@type":"SearchAction","target":{"@type":"EntryPoint","urlTemplate":"https:\/\/msakademija.com\/?s={search_term_string}"},"query-input":{"@type":"PropertyValueSpecification","valueRequired":true,"valueName":"search_term_string"}}],"inLanguage":"en-US"},{"@type":"Organization","@id":"https:\/\/msakademija.com\/#organization","name":"MS Academy","url":"https:\/\/msakademija.com\/","logo":{"@type":"ImageObject","inLanguage":"en-US","@id":"https:\/\/msakademija.com\/#\/schema\/logo\/image\/","url":"https:\/\/msakademija.com\/wp-content\/uploads\/2021\/05\/logo_juodas_HEADERMS.png","contentUrl":"https:\/\/msakademija.com\/wp-content\/uploads\/2021\/05\/logo_juodas_HEADERMS.png","width":500,"height":210,"caption":"MS akademija"},"image":{"@id":"https:\/\/msakademija.com\/#\/schema\/logo\/image\/"},"sameAs":["https:\/\/www.facebook.com\/msakademijavilnius\/","https:\/\/www.instagram.com\/msakademija\/"]}]},"product_brand":"MASI","product_price_amount":"120.25","product_price_currency":"EUR","og_availability":"instock","product_availability":"instock","product_condition":"new"},"jetpack_sharing_enabled":true,"_links":{"self":[{"href":"https:\/\/msakademija.com\/en\/wp-json\/wp\/v2\/product\/12524","targetHints":{"allow":["GET"]}}],"collection":[{"href":"https:\/\/msakademija.com\/en\/wp-json\/wp\/v2\/product"}],"about":[{"href":"https:\/\/msakademija.com\/en\/wp-json\/wp\/v2\/types\/product"}],"replies":[{"embeddable":true,"href":"https:\/\/msakademija.com\/en\/wp-json\/wp\/v2\/comments?post=12524"}],"wp:featuredmedia":[{"embeddable":true,"href":"https:\/\/msakademija.com\/en\/wp-json\/wp\/v2\/media\/12521"}],"wp:attachment":[{"href":"https:\/\/msakademija.com\/en\/wp-json\/wp\/v2\/media?parent=12524"}],"wp:term":[{"taxonomy":"product_brand","embeddable":true,"href":"https:\/\/msakademija.com\/en\/wp-json\/wp\/v2\/product_brand?post=12524"},{"taxonomy":"product_cat","embeddable":true,"href":"https:\/\/msakademija.com\/en\/wp-json\/wp\/v2\/product_cat?post=12524"},{"taxonomy":"product_tag","embeddable":true,"href":"https:\/\/msakademija.com\/en\/wp-json\/wp\/v2\/product_tag?post=12524"}],"curies":[{"name":"wp","href":"https:\/\/api.w.org\/{rel}","templated":true}]}}