{"id":5640,"date":"2021-05-19T01:32:22","date_gmt":"2021-05-18T22:32:22","guid":{"rendered":"https:\/\/msakademija.com\/?post_type=product&#038;p=5640"},"modified":"2026-03-05T14:43:51","modified_gmt":"2026-03-05T12:43:51","slug":"contouring-brush-no-23","status":"publish","type":"product","link":"https:\/\/msakademija.com\/en\/produktas\/teptukas-konturavimui-nr-23\/","title":{"rendered":"Make-up brush for face modelling. No. 23"},"content":{"rendered":"<h3><strong>Make-up brush for dry contouring, blush, dry highlighters, loose products. Made of imitation squirrel<\/strong><\/h3>\n<p>The MS Makeup Contouring Brush NR 23 is a make-up brush specially designed for contouring the face. Contouring is a make-up technique that involves the use of darker shades of make-up to create shadows and define certain areas of the face, highlighting the facial features. A contouring brush helps to precisely apply and combine contour products such as powder, modelling or contouring product and blush. Here are some basic features and tips for using the modelling brush:<\/p>\n<ol>\n<li>Shape: Contouring brushes are usually in the shape of a cross or torch. This allows for precise application and blending of styling products in the hollows of the cheeks, along the jawline, on the sides of the nose and along the hairline<\/li>\n<li>\u00a0Bristles: the bristles of the dry styling brush can be natural or synthetic, depending on your preference. Natural bristles are mostly used for dry products, while synthetic bristles work well with creamy and liquid products. Natural hair brushes can be goat hair, squirrel hair, pony hair. But quality synthetic hair brushes are already available which are ideal for use with dry products (imitation squirrel, taklon).<\/li>\n<li>Density: modelling brushes may vary in density. A denser brush will apply more product, while a fluffier, softer brush will give a softer, more diffused look. Choose the density that suits your desired contouring effect.<\/li>\n<li>Size: Contour brushes come in different sizes. Smaller brushes are suitable for more targeted contouring, such as contouring the nose, while larger brushes are better suited for broader areas such as the cheeks and jawline.<\/li>\n<li>Technique: To use the contour brush effectively, pick up the contouring product with the brush, tap off any excess and apply the product to the areas you want to contour. Blend and distribute the product with gentle movements to avoid hard lines. The key is to blend and distribute the products well to create a natural shadow effect.<\/li>\n<li>Care: Store the make-up brush in a clean, dry place to keep it in good condition for longer. Avoid crushing the bristles as this can affect the brush's effectiveness and shape\n<p>Remember that the key to successful contouring is to blend the products and choose the right shades for your skin tone. Contouring should subtly enhance your facial features and not look too harsh or bright. Practice and experimentation can help to achieve the desired contouring effect with a modelling brush.<\/li>\n<\/ol>\n<p>&nbsp;<\/p>\n<p>&nbsp;<\/p>","protected":false},"excerpt":{"rendered":"<p>For dry modelling, blushes, dry highlighters, loose products<\/p>\n<p>&nbsp;<\/p>\n<p>Made of imitation squirrel hair<\/p>","protected":false},"featured_media":5629,"comment_status":"open","ping_status":"closed","template":"","meta":[],"product_brand":[],"product_cat":[36,37,39],"product_tag":[],"class_list":{"0":"post-5640","1":"product","2":"type-product","3":"status-publish","4":"has-post-thumbnail","6":"product_cat-sepeteliai-makiazui-ir-kiti-irankiai","7":"product_cat-teptukai-makiazui","8":"product_cat-teptukai-veidui-ozkos-plauko-voveres-plauko-imitacijos-taklono","10":"first","11":"outofstock","12":"shipping-taxable","13":"purchasable","14":"product-type-simple"},"yoast_head":"<!-- This site is optimized with the Yoast SEO Premium plugin v27.5 (Yoast SEO v27.5) - https:\/\/yoast.com\/product\/yoast-seo-premium-wordpress\/ -->\n<title>Makia\u017eo \u0161epet\u0117lis veido modeliavimui. Nr. 23 - MS akademija<\/title>\n<meta name=\"description\" content=\"Makia\u017eo \u0161epet\u0117lis veido kont\u016bravimui MS Makeup. Skirtas kont\u016bravimui sausais produktais. Pagamintas i\u0161 vover\u0117s imitacijos plauko. Fakelo formos\" \/>\n<meta name=\"robots\" content=\"index, follow, max-snippet:-1, max-image-preview:large, max-video-preview:-1\" \/>\n<link rel=\"canonical\" href=\"https:\/\/msakademija.com\/en\/product\/contouring-brush-no-23\/\" \/>\n<meta property=\"og:locale\" content=\"en_US\" \/>\n<meta property=\"og:type\" content=\"article\" \/>\n<meta property=\"og:title\" content=\"Makia\u017eo \u0161epet\u0117lis veido modeliavimui. Nr. 23\" \/>\n<meta property=\"og:description\" content=\"Makia\u017eo \u0161epet\u0117lis veido kont\u016bravimui MS Makeup. Skirtas kont\u016bravimui sausais produktais. Pagamintas i\u0161 vover\u0117s imitacijos plauko. Fakelo formos\" \/>\n<meta property=\"og:url\" content=\"https:\/\/msakademija.com\/en\/product\/contouring-brush-no-23\/\" \/>\n<meta property=\"og:site_name\" content=\"MS akademija\" \/>\n<meta property=\"article:publisher\" content=\"https:\/\/www.facebook.com\/msakademijavilnius\/\" \/>\n<meta property=\"article:modified_time\" content=\"2026-03-05T12:43:51+00:00\" \/>\n<meta property=\"og:image\" content=\"https:\/\/msakademija.com\/wp-content\/uploads\/2021\/05\/23-scaled.jpg\" \/>\n\t<meta property=\"og:image:width\" content=\"1707\" \/>\n\t<meta property=\"og:image:height\" content=\"2560\" \/>\n\t<meta property=\"og:image:type\" content=\"image\/jpeg\" \/>\n<meta name=\"twitter:card\" content=\"summary_large_image\" \/>\n<meta name=\"twitter:label1\" content=\"Price\" \/>\n\t<meta name=\"twitter:data1\" content=\"&euro;33.00\" \/>\n\t<meta name=\"twitter:label2\" content=\"Availability\" \/>\n\t<meta name=\"twitter:data2\" content=\"Out of stock\" \/>\n<script type=\"application\/ld+json\" class=\"yoast-schema-graph\">{\"@context\":\"https:\\\/\\\/schema.org\",\"@graph\":[{\"@type\":\"WebPage\",\"@id\":\"https:\\\/\\\/msakademija.com\\\/produktas\\\/teptukas-konturavimui-nr-23\\\/\",\"url\":\"https:\\\/\\\/msakademija.com\\\/produktas\\\/teptukas-konturavimui-nr-23\\\/\",\"name\":\"Makia\u017eo \u0161epet\u0117lis veido modeliavimui. Nr. 23 - MS akademija\",\"isPartOf\":{\"@id\":\"https:\\\/\\\/msakademija.com\\\/#website\"},\"primaryImageOfPage\":{\"@id\":\"https:\\\/\\\/msakademija.com\\\/produktas\\\/teptukas-konturavimui-nr-23\\\/#primaryimage\"},\"image\":{\"@id\":\"https:\\\/\\\/msakademija.com\\\/produktas\\\/teptukas-konturavimui-nr-23\\\/#primaryimage\"},\"thumbnailUrl\":\"https:\\\/\\\/msakademija.com\\\/wp-content\\\/uploads\\\/2021\\\/05\\\/23-scaled.jpg\",\"datePublished\":\"2021-05-18T22:32:22+00:00\",\"dateModified\":\"2026-03-05T12:43:51+00:00\",\"description\":\"Makia\u017eo \u0161epet\u0117lis veido kont\u016bravimui MS Makeup. Skirtas kont\u016bravimui sausais produktais. Pagamintas i\u0161 vover\u0117s imitacijos plauko. Fakelo formos\",\"breadcrumb\":{\"@id\":\"https:\\\/\\\/msakademija.com\\\/produktas\\\/teptukas-konturavimui-nr-23\\\/#breadcrumb\"},\"inLanguage\":\"en-US\",\"potentialAction\":[{\"@type\":\"ReadAction\",\"target\":[\"https:\\\/\\\/msakademija.com\\\/produktas\\\/teptukas-konturavimui-nr-23\\\/\"]}]},{\"@type\":\"ImageObject\",\"inLanguage\":\"en-US\",\"@id\":\"https:\\\/\\\/msakademija.com\\\/produktas\\\/teptukas-konturavimui-nr-23\\\/#primaryimage\",\"url\":\"https:\\\/\\\/msakademija.com\\\/wp-content\\\/uploads\\\/2021\\\/05\\\/23-scaled.jpg\",\"contentUrl\":\"https:\\\/\\\/msakademija.com\\\/wp-content\\\/uploads\\\/2021\\\/05\\\/23-scaled.jpg\",\"width\":1707,\"height\":2560},{\"@type\":\"BreadcrumbList\",\"@id\":\"https:\\\/\\\/msakademija.com\\\/produktas\\\/teptukas-konturavimui-nr-23\\\/#breadcrumb\",\"itemListElement\":[{\"@type\":\"ListItem\",\"position\":1,\"name\":\"Home\",\"item\":\"https:\\\/\\\/msakademija.com\\\/\"},{\"@type\":\"ListItem\",\"position\":2,\"name\":\"Parduotuv\u0117\",\"item\":\"https:\\\/\\\/msakademija.com\\\/makiazo-priemoniu-parduotuve\\\/\"},{\"@type\":\"ListItem\",\"position\":3,\"name\":\"Makia\u017eo \u0161epet\u0117lis veido modeliavimui. Nr. 23\"}]},{\"@type\":\"WebSite\",\"@id\":\"https:\\\/\\\/msakademija.com\\\/#website\",\"url\":\"https:\\\/\\\/msakademija.com\\\/\",\"name\":\"MS akademija\",\"description\":\"Makia\u017eo ir \u0161ukuosenos akademija\",\"publisher\":{\"@id\":\"https:\\\/\\\/msakademija.com\\\/#organization\"},\"potentialAction\":[{\"@type\":\"SearchAction\",\"target\":{\"@type\":\"EntryPoint\",\"urlTemplate\":\"https:\\\/\\\/msakademija.com\\\/?s={search_term_string}\"},\"query-input\":{\"@type\":\"PropertyValueSpecification\",\"valueRequired\":true,\"valueName\":\"search_term_string\"}}],\"inLanguage\":\"en-US\"},{\"@type\":\"Organization\",\"@id\":\"https:\\\/\\\/msakademija.com\\\/#organization\",\"name\":\"MS akademija\",\"url\":\"https:\\\/\\\/msakademija.com\\\/\",\"logo\":{\"@type\":\"ImageObject\",\"inLanguage\":\"en-US\",\"@id\":\"https:\\\/\\\/msakademija.com\\\/#\\\/schema\\\/logo\\\/image\\\/\",\"url\":\"https:\\\/\\\/msakademija.com\\\/wp-content\\\/uploads\\\/2021\\\/05\\\/logo_juodas_HEADERMS.png\",\"contentUrl\":\"https:\\\/\\\/msakademija.com\\\/wp-content\\\/uploads\\\/2021\\\/05\\\/logo_juodas_HEADERMS.png\",\"width\":500,\"height\":210,\"caption\":\"MS akademija\"},\"image\":{\"@id\":\"https:\\\/\\\/msakademija.com\\\/#\\\/schema\\\/logo\\\/image\\\/\"},\"sameAs\":[\"https:\\\/\\\/www.facebook.com\\\/msakademijavilnius\\\/\",\"https:\\\/\\\/www.instagram.com\\\/msakademija\\\/\"]}]}<\/script>\n<meta property=\"product:brand\" content=\"M.S. | Makeup\" \/>\n<meta property=\"product:price:amount\" content=\"33.00\" \/>\n<meta property=\"product:price:currency\" content=\"EUR\" \/>\n<meta property=\"og:availability\" content=\"out of stock\" \/>\n<meta property=\"product:availability\" content=\"out of stock\" \/>\n<meta property=\"product:condition\" content=\"new\" \/>\n<!-- \/ Yoast SEO Premium plugin. -->","yoast_head_json":{"title":"Make-up brush for face modelling. No 23 - MS Academy","description":"Make-up brush for contouring MS Makeup. For contouring with dry products. Made of imitation squirrel hair. Torch shape","robots":{"index":"index","follow":"follow","max-snippet":"max-snippet:-1","max-image-preview":"max-image-preview:large","max-video-preview":"max-video-preview:-1"},"canonical":"https:\/\/msakademija.com\/en\/product\/contouring-brush-no-23\/","og_locale":"en_US","og_type":"article","og_title":"Makia\u017eo \u0161epet\u0117lis veido modeliavimui. Nr. 23","og_description":"Makia\u017eo \u0161epet\u0117lis veido kont\u016bravimui MS Makeup. Skirtas kont\u016bravimui sausais produktais. Pagamintas i\u0161 vover\u0117s imitacijos plauko. Fakelo formos","og_url":"https:\/\/msakademija.com\/en\/product\/contouring-brush-no-23\/","og_site_name":"MS akademija","article_publisher":"https:\/\/www.facebook.com\/msakademijavilnius\/","article_modified_time":"2026-03-05T12:43:51+00:00","og_image":[{"width":1707,"height":2560,"url":"https:\/\/msakademija.com\/wp-content\/uploads\/2021\/05\/23-scaled.jpg","type":"image\/jpeg"}],"twitter_card":"summary_large_image","twitter_misc":{"Price":"&euro;33.00","Availability":"Out of stock"},"schema":{"@context":"https:\/\/schema.org","@graph":[{"@type":"WebPage","@id":"https:\/\/msakademija.com\/produktas\/teptukas-konturavimui-nr-23\/","url":"https:\/\/msakademija.com\/produktas\/teptukas-konturavimui-nr-23\/","name":"Make-up brush for face modelling. No 23 - MS Academy","isPartOf":{"@id":"https:\/\/msakademija.com\/#website"},"primaryImageOfPage":{"@id":"https:\/\/msakademija.com\/produktas\/teptukas-konturavimui-nr-23\/#primaryimage"},"image":{"@id":"https:\/\/msakademija.com\/produktas\/teptukas-konturavimui-nr-23\/#primaryimage"},"thumbnailUrl":"https:\/\/msakademija.com\/wp-content\/uploads\/2021\/05\/23-scaled.jpg","datePublished":"2021-05-18T22:32:22+00:00","dateModified":"2026-03-05T12:43:51+00:00","description":"Make-up brush for contouring MS Makeup. For contouring with dry products. Made of imitation squirrel hair. Torch shape","breadcrumb":{"@id":"https:\/\/msakademija.com\/produktas\/teptukas-konturavimui-nr-23\/#breadcrumb"},"inLanguage":"en-US","potentialAction":[{"@type":"ReadAction","target":["https:\/\/msakademija.com\/produktas\/teptukas-konturavimui-nr-23\/"]}]},{"@type":"ImageObject","inLanguage":"en-US","@id":"https:\/\/msakademija.com\/produktas\/teptukas-konturavimui-nr-23\/#primaryimage","url":"https:\/\/msakademija.com\/wp-content\/uploads\/2021\/05\/23-scaled.jpg","contentUrl":"https:\/\/msakademija.com\/wp-content\/uploads\/2021\/05\/23-scaled.jpg","width":1707,"height":2560},{"@type":"BreadcrumbList","@id":"https:\/\/msakademija.com\/produktas\/teptukas-konturavimui-nr-23\/#breadcrumb","itemListElement":[{"@type":"ListItem","position":1,"name":"Home","item":"https:\/\/msakademija.com\/"},{"@type":"ListItem","position":2,"name":"Parduotuv\u0117","item":"https:\/\/msakademija.com\/makiazo-priemoniu-parduotuve\/"},{"@type":"ListItem","position":3,"name":"Makia\u017eo \u0161epet\u0117lis veido modeliavimui. Nr. 23"}]},{"@type":"WebSite","@id":"https:\/\/msakademija.com\/#website","url":"https:\/\/msakademija.com\/","name":"MS Academy","description":"Make-up and Hair Academy","publisher":{"@id":"https:\/\/msakademija.com\/#organization"},"potentialAction":[{"@type":"SearchAction","target":{"@type":"EntryPoint","urlTemplate":"https:\/\/msakademija.com\/?s={search_term_string}"},"query-input":{"@type":"PropertyValueSpecification","valueRequired":true,"valueName":"search_term_string"}}],"inLanguage":"en-US"},{"@type":"Organization","@id":"https:\/\/msakademija.com\/#organization","name":"MS Academy","url":"https:\/\/msakademija.com\/","logo":{"@type":"ImageObject","inLanguage":"en-US","@id":"https:\/\/msakademija.com\/#\/schema\/logo\/image\/","url":"https:\/\/msakademija.com\/wp-content\/uploads\/2021\/05\/logo_juodas_HEADERMS.png","contentUrl":"https:\/\/msakademija.com\/wp-content\/uploads\/2021\/05\/logo_juodas_HEADERMS.png","width":500,"height":210,"caption":"MS akademija"},"image":{"@id":"https:\/\/msakademija.com\/#\/schema\/logo\/image\/"},"sameAs":["https:\/\/www.facebook.com\/msakademijavilnius\/","https:\/\/www.instagram.com\/msakademija\/"]}]},"product_brand":"M.S. | Makeup","product_price_amount":"33.00","product_price_currency":"EUR","og_availability":"out of stock","product_availability":"out of stock","product_condition":"new"},"jetpack_sharing_enabled":true,"_links":{"self":[{"href":"https:\/\/msakademija.com\/en\/wp-json\/wp\/v2\/product\/5640","targetHints":{"allow":["GET"]}}],"collection":[{"href":"https:\/\/msakademija.com\/en\/wp-json\/wp\/v2\/product"}],"about":[{"href":"https:\/\/msakademija.com\/en\/wp-json\/wp\/v2\/types\/product"}],"replies":[{"embeddable":true,"href":"https:\/\/msakademija.com\/en\/wp-json\/wp\/v2\/comments?post=5640"}],"wp:featuredmedia":[{"embeddable":true,"href":"https:\/\/msakademija.com\/en\/wp-json\/wp\/v2\/media\/5629"}],"wp:attachment":[{"href":"https:\/\/msakademija.com\/en\/wp-json\/wp\/v2\/media?parent=5640"}],"wp:term":[{"taxonomy":"product_brand","embeddable":true,"href":"https:\/\/msakademija.com\/en\/wp-json\/wp\/v2\/product_brand?post=5640"},{"taxonomy":"product_cat","embeddable":true,"href":"https:\/\/msakademija.com\/en\/wp-json\/wp\/v2\/product_cat?post=5640"},{"taxonomy":"product_tag","embeddable":true,"href":"https:\/\/msakademija.com\/en\/wp-json\/wp\/v2\/product_tag?post=5640"}],"curies":[{"name":"wp","href":"https:\/\/api.w.org\/{rel}","templated":true}]}}