{"id":5848,"date":"2021-05-19T21:24:33","date_gmt":"2021-05-19T18:24:33","guid":{"rendered":"https:\/\/msakademija.com\/?post_type=product&#038;p=5848"},"modified":"2026-04-17T23:24:47","modified_gmt":"2026-04-17T20:24:47","slug":"make-up-brush-for-eye-nurses-no-2","status":"publish","type":"product","link":"https:\/\/msakademija.com\/en\/produktas\/makiazo-sepeteliai-akiu-seseliams-nr-2\/","title":{"rendered":"Make-up brush for eyeshadow. No. 2"},"content":{"rendered":"<h1>Make-up brushes Masi<\/h1>\n<p>Make-up brush in round shape, made of goat hair, for applying shadow and retouching eye shadow.<\/p>\n<p><strong>Masi<\/strong>\u00a0are professional make-up brushes for make-up application. We recommend buying them for your own use as well as for working make-up artists. Lithuanian make-up artist Marina Sivinskien\u0117. The make-up brushes created by the founder of the MS Akademija make-up and hairstyling academy are characterised by their quality, durability and affordable price. A wide range of make-up brushes will allow everyone to find the right make-up tools for their needs. The range includes both natural and synthetic hair brushes. During our Academy Make-up courses, we give participants the opportunity to try out these amazing make-up brushes.<\/p>\n<p><strong>Natural hair brushes<\/strong> for working with dry products. These include dry loose\/compact powders, mineral powders, dry shadows, dry blushes, dry modelling products, etc. Natural hair brushes are porous and cannot be used with creamy products. This is because they will absorb the product into themselves and thus cause damage more quickly.<\/p>\n<p><strong>Synthetic hair brushes<\/strong> suitable for use with cream products only - liquid, wet make-up products. This includes foundations, concealers, lipsticks, cream eyeshadows, cream blushes, cream contouring, cream hilighters and many more products that have a creamy texture. The synthetic brushes are nylon and taclon, so they do not absorb liquid product.<\/p>\n<p>Our range includes make-up brushes for: make-up base, foundation, concealer, blush (both cream and dry), styling products (dry and cream), powder (loose, pressed). Also for luminous products (liquid and dry), eye shadows (liquid and dry), eyeliners (gel, liquid), eyebrow products (liquid, cream, dry), loupes.<\/p>\n<p>Make-up brushes must be cleaned with regular use. Cleaning your make-up brushes not only keeps them in good condition, it also ensures that the make-up you apply is clean and safe for your skin. After each wash, squeeze the brush to return the hairs to their original position. You can also dry it with a paper towel. This way the brush will not get damaged and will last you a long time. If you want to disinfect your brushes perfectly, there are now the right tools for that. They will rinse your brushes faster and more effectively. This is an essential step in your make-up routine and skincare regime.<\/p>\n<p>&nbsp;<\/p>","protected":false},"excerpt":{"rendered":"<p>Round eyeshadow blending, shading brush<\/p>\n<p>&nbsp;<\/p>\n<p>Made of goat hair<\/p>","protected":false},"featured_media":12230,"comment_status":"open","ping_status":"closed","template":"","meta":[],"product_brand":[],"product_cat":[36,38,37],"product_tag":[133,195,211],"class_list":{"0":"post-5848","1":"product","2":"type-product","3":"status-publish","4":"has-post-thumbnail","6":"product_cat-sepeteliai-makiazui-ir-kiti-irankiai","7":"product_cat-teptukai-akims-ozkos-plauko-sabalo-plauko-kiaunes-lauko-taklono","8":"product_cat-teptukai-makiazui","9":"product_tag-akims","10":"product_tag-masi","11":"product_tag-ozkos","13":"first","14":"instock","15":"sale","16":"shipping-taxable","17":"purchasable","18":"product-type-simple"},"yoast_head":"<!-- This site is optimized with the Yoast SEO Premium plugin v27.5 (Yoast SEO v27.5) - https:\/\/yoast.com\/product\/yoast-seo-premium-wordpress\/ -->\n<title>Makia\u017eo \u0161epet\u0117lis aki\u0173 \u0161e\u0161\u0117liams. Nr. 2 - MS akademija<\/title>\n<meta name=\"description\" content=\"Makia\u017eo \u0161epet\u0117liai aki\u0173 \u0161e\u0161\u0117liams pagamintas i\u0161 o\u017ekos plauko. Nat\u016bralaus plauko Makia\u017eo \u0161epet\u0117liai \u0161e\u0161\u0117li\u0173 sklaidymui ir retu\u0161avimui. MS Makeup brush\" \/>\n<meta name=\"robots\" content=\"index, follow, max-snippet:-1, max-image-preview:large, max-video-preview:-1\" \/>\n<link rel=\"canonical\" href=\"https:\/\/msakademija.com\/en\/product\/make-up-brush-for-eye-nurses-no-2\/\" \/>\n<meta property=\"og:locale\" content=\"en_US\" \/>\n<meta property=\"og:type\" content=\"article\" \/>\n<meta property=\"og:title\" content=\"Makia\u017eo \u0161epet\u0117lis aki\u0173 \u0161e\u0161\u0117liams. Nr. 2\" \/>\n<meta property=\"og:description\" content=\"Makia\u017eo \u0161epet\u0117liai aki\u0173 \u0161e\u0161\u0117liams pagamintas i\u0161 o\u017ekos plauko. Nat\u016bralaus plauko Makia\u017eo \u0161epet\u0117liai \u0161e\u0161\u0117li\u0173 sklaidymui ir retu\u0161avimui. MS Makeup brush\" \/>\n<meta property=\"og:url\" content=\"https:\/\/msakademija.com\/en\/product\/make-up-brush-for-eye-nurses-no-2\/\" \/>\n<meta property=\"og:site_name\" content=\"MS akademija\" \/>\n<meta property=\"article:publisher\" content=\"https:\/\/www.facebook.com\/msakademijavilnius\/\" \/>\n<meta property=\"article:modified_time\" content=\"2026-04-17T20:24:47+00:00\" \/>\n<meta property=\"og:image\" content=\"https:\/\/msakademija.com\/wp-content\/uploads\/2024\/11\/3L2A1644-scaled.jpg\" \/>\n\t<meta property=\"og:image:width\" content=\"1707\" \/>\n\t<meta property=\"og:image:height\" content=\"2560\" \/>\n\t<meta property=\"og:image:type\" content=\"image\/jpeg\" \/>\n<meta name=\"twitter:card\" content=\"summary_large_image\" \/>\n<meta name=\"twitter:label1\" content=\"Price\" \/>\n\t<meta name=\"twitter:data1\" content=\"&euro;10.00\" \/>\n\t<meta name=\"twitter:label2\" content=\"Availability\" \/>\n\t<meta name=\"twitter:data2\" content=\"In stock\" \/>\n<script type=\"application\/ld+json\" class=\"yoast-schema-graph\">{\"@context\":\"https:\\\/\\\/schema.org\",\"@graph\":[{\"@type\":\"WebPage\",\"@id\":\"https:\\\/\\\/msakademija.com\\\/ru\\\/product\\\/%d0%ba%d0%b8%d1%81%d1%82%d1%8c-%d0%b4%d0%bb%d1%8f-%d0%bc%d0%b0%d0%ba%d0%b8%d1%8f%d0%b6%d0%b0-%d0%b3%d0%bb%d0%b0%d0%b7-%e2%84%962\\\/\",\"url\":\"https:\\\/\\\/msakademija.com\\\/ru\\\/product\\\/%d0%ba%d0%b8%d1%81%d1%82%d1%8c-%d0%b4%d0%bb%d1%8f-%d0%bc%d0%b0%d0%ba%d0%b8%d1%8f%d0%b6%d0%b0-%d0%b3%d0%bb%d0%b0%d0%b7-%e2%84%962\\\/\",\"name\":\"Makia\u017eo \u0161epet\u0117lis aki\u0173 \u0161e\u0161\u0117liams. Nr. 2 - MS akademija\",\"isPartOf\":{\"@id\":\"https:\\\/\\\/msakademija.com\\\/#website\"},\"primaryImageOfPage\":{\"@id\":\"https:\\\/\\\/msakademija.com\\\/ru\\\/product\\\/%d0%ba%d0%b8%d1%81%d1%82%d1%8c-%d0%b4%d0%bb%d1%8f-%d0%bc%d0%b0%d0%ba%d0%b8%d1%8f%d0%b6%d0%b0-%d0%b3%d0%bb%d0%b0%d0%b7-%e2%84%962\\\/#primaryimage\"},\"image\":{\"@id\":\"https:\\\/\\\/msakademija.com\\\/ru\\\/product\\\/%d0%ba%d0%b8%d1%81%d1%82%d1%8c-%d0%b4%d0%bb%d1%8f-%d0%bc%d0%b0%d0%ba%d0%b8%d1%8f%d0%b6%d0%b0-%d0%b3%d0%bb%d0%b0%d0%b7-%e2%84%962\\\/#primaryimage\"},\"thumbnailUrl\":\"https:\\\/\\\/msakademija.com\\\/wp-content\\\/uploads\\\/2024\\\/11\\\/3L2A1644-scaled.jpg\",\"datePublished\":\"2021-05-19T18:24:33+00:00\",\"dateModified\":\"2026-04-17T20:24:47+00:00\",\"description\":\"Makia\u017eo \u0161epet\u0117liai aki\u0173 \u0161e\u0161\u0117liams pagamintas i\u0161 o\u017ekos plauko. Nat\u016bralaus plauko Makia\u017eo \u0161epet\u0117liai \u0161e\u0161\u0117li\u0173 sklaidymui ir retu\u0161avimui. MS Makeup brush\",\"breadcrumb\":{\"@id\":\"https:\\\/\\\/msakademija.com\\\/ru\\\/product\\\/%d0%ba%d0%b8%d1%81%d1%82%d1%8c-%d0%b4%d0%bb%d1%8f-%d0%bc%d0%b0%d0%ba%d0%b8%d1%8f%d0%b6%d0%b0-%d0%b3%d0%bb%d0%b0%d0%b7-%e2%84%962\\\/#breadcrumb\"},\"inLanguage\":\"en-US\",\"potentialAction\":[{\"@type\":\"ReadAction\",\"target\":[\"https:\\\/\\\/msakademija.com\\\/ru\\\/product\\\/%d0%ba%d0%b8%d1%81%d1%82%d1%8c-%d0%b4%d0%bb%d1%8f-%d0%bc%d0%b0%d0%ba%d0%b8%d1%8f%d0%b6%d0%b0-%d0%b3%d0%bb%d0%b0%d0%b7-%e2%84%962\\\/\"]}]},{\"@type\":\"ImageObject\",\"inLanguage\":\"en-US\",\"@id\":\"https:\\\/\\\/msakademija.com\\\/ru\\\/product\\\/%d0%ba%d0%b8%d1%81%d1%82%d1%8c-%d0%b4%d0%bb%d1%8f-%d0%bc%d0%b0%d0%ba%d0%b8%d1%8f%d0%b6%d0%b0-%d0%b3%d0%bb%d0%b0%d0%b7-%e2%84%962\\\/#primaryimage\",\"url\":\"https:\\\/\\\/msakademija.com\\\/wp-content\\\/uploads\\\/2024\\\/11\\\/3L2A1644-scaled.jpg\",\"contentUrl\":\"https:\\\/\\\/msakademija.com\\\/wp-content\\\/uploads\\\/2024\\\/11\\\/3L2A1644-scaled.jpg\",\"width\":1707,\"height\":2560},{\"@type\":\"BreadcrumbList\",\"@id\":\"https:\\\/\\\/msakademija.com\\\/ru\\\/product\\\/%d0%ba%d0%b8%d1%81%d1%82%d1%8c-%d0%b4%d0%bb%d1%8f-%d0%bc%d0%b0%d0%ba%d0%b8%d1%8f%d0%b6%d0%b0-%d0%b3%d0%bb%d0%b0%d0%b7-%e2%84%962\\\/#breadcrumb\",\"itemListElement\":[{\"@type\":\"ListItem\",\"position\":1,\"name\":\"Home\",\"item\":\"https:\\\/\\\/msakademija.com\\\/\"},{\"@type\":\"ListItem\",\"position\":2,\"name\":\"Parduotuv\u0117\",\"item\":\"https:\\\/\\\/msakademija.com\\\/makiazo-priemoniu-parduotuve\\\/\"},{\"@type\":\"ListItem\",\"position\":3,\"name\":\"Makia\u017eo \u0161epet\u0117lis aki\u0173 \u0161e\u0161\u0117liams. Nr. 2\"}]},{\"@type\":\"WebSite\",\"@id\":\"https:\\\/\\\/msakademija.com\\\/#website\",\"url\":\"https:\\\/\\\/msakademija.com\\\/\",\"name\":\"MS akademija\",\"description\":\"Makia\u017eo ir \u0161ukuosenos akademija\",\"publisher\":{\"@id\":\"https:\\\/\\\/msakademija.com\\\/#organization\"},\"potentialAction\":[{\"@type\":\"SearchAction\",\"target\":{\"@type\":\"EntryPoint\",\"urlTemplate\":\"https:\\\/\\\/msakademija.com\\\/?s={search_term_string}\"},\"query-input\":{\"@type\":\"PropertyValueSpecification\",\"valueRequired\":true,\"valueName\":\"search_term_string\"}}],\"inLanguage\":\"en-US\"},{\"@type\":\"Organization\",\"@id\":\"https:\\\/\\\/msakademija.com\\\/#organization\",\"name\":\"MS akademija\",\"url\":\"https:\\\/\\\/msakademija.com\\\/\",\"logo\":{\"@type\":\"ImageObject\",\"inLanguage\":\"en-US\",\"@id\":\"https:\\\/\\\/msakademija.com\\\/#\\\/schema\\\/logo\\\/image\\\/\",\"url\":\"https:\\\/\\\/msakademija.com\\\/wp-content\\\/uploads\\\/2021\\\/05\\\/logo_juodas_HEADERMS.png\",\"contentUrl\":\"https:\\\/\\\/msakademija.com\\\/wp-content\\\/uploads\\\/2021\\\/05\\\/logo_juodas_HEADERMS.png\",\"width\":500,\"height\":210,\"caption\":\"MS akademija\"},\"image\":{\"@id\":\"https:\\\/\\\/msakademija.com\\\/#\\\/schema\\\/logo\\\/image\\\/\"},\"sameAs\":[\"https:\\\/\\\/www.facebook.com\\\/msakademijavilnius\\\/\",\"https:\\\/\\\/www.instagram.com\\\/msakademija\\\/\"]}]}<\/script>\n<meta property=\"product:brand\" content=\"M.S. | Makeup\" \/>\n<meta property=\"product:price:amount\" content=\"10.00\" \/>\n<meta property=\"product:price:currency\" content=\"EUR\" \/>\n<meta property=\"og:availability\" content=\"instock\" \/>\n<meta property=\"product:availability\" content=\"instock\" \/>\n<meta property=\"product:condition\" content=\"new\" \/>\n<!-- \/ Yoast SEO Premium plugin. -->","yoast_head_json":{"title":"Make-up brush for eyeshadow. No. 2 - MS Academy","description":"Make-up brushes for eyeshadow made of goat hair. Natural hair Make-up brushes for blending and retouching shadows. MS Makeup brush","robots":{"index":"index","follow":"follow","max-snippet":"max-snippet:-1","max-image-preview":"max-image-preview:large","max-video-preview":"max-video-preview:-1"},"canonical":"https:\/\/msakademija.com\/en\/product\/make-up-brush-for-eye-nurses-no-2\/","og_locale":"en_US","og_type":"article","og_title":"Makia\u017eo \u0161epet\u0117lis aki\u0173 \u0161e\u0161\u0117liams. Nr. 2","og_description":"Makia\u017eo \u0161epet\u0117liai aki\u0173 \u0161e\u0161\u0117liams pagamintas i\u0161 o\u017ekos plauko. Nat\u016bralaus plauko Makia\u017eo \u0161epet\u0117liai \u0161e\u0161\u0117li\u0173 sklaidymui ir retu\u0161avimui. MS Makeup brush","og_url":"https:\/\/msakademija.com\/en\/product\/make-up-brush-for-eye-nurses-no-2\/","og_site_name":"MS akademija","article_publisher":"https:\/\/www.facebook.com\/msakademijavilnius\/","article_modified_time":"2026-04-17T20:24:47+00:00","og_image":[{"width":1707,"height":2560,"url":"https:\/\/msakademija.com\/wp-content\/uploads\/2024\/11\/3L2A1644-scaled.jpg","type":"image\/jpeg"}],"twitter_card":"summary_large_image","twitter_misc":{"Price":"&euro;10.00","Availability":"In stock"},"schema":{"@context":"https:\/\/schema.org","@graph":[{"@type":"WebPage","@id":"https:\/\/msakademija.com\/ru\/product\/%d0%ba%d0%b8%d1%81%d1%82%d1%8c-%d0%b4%d0%bb%d1%8f-%d0%bc%d0%b0%d0%ba%d0%b8%d1%8f%d0%b6%d0%b0-%d0%b3%d0%bb%d0%b0%d0%b7-%e2%84%962\/","url":"https:\/\/msakademija.com\/ru\/product\/%d0%ba%d0%b8%d1%81%d1%82%d1%8c-%d0%b4%d0%bb%d1%8f-%d0%bc%d0%b0%d0%ba%d0%b8%d1%8f%d0%b6%d0%b0-%d0%b3%d0%bb%d0%b0%d0%b7-%e2%84%962\/","name":"Make-up brush for eyeshadow. No. 2 - MS Academy","isPartOf":{"@id":"https:\/\/msakademija.com\/#website"},"primaryImageOfPage":{"@id":"https:\/\/msakademija.com\/ru\/product\/%d0%ba%d0%b8%d1%81%d1%82%d1%8c-%d0%b4%d0%bb%d1%8f-%d0%bc%d0%b0%d0%ba%d0%b8%d1%8f%d0%b6%d0%b0-%d0%b3%d0%bb%d0%b0%d0%b7-%e2%84%962\/#primaryimage"},"image":{"@id":"https:\/\/msakademija.com\/ru\/product\/%d0%ba%d0%b8%d1%81%d1%82%d1%8c-%d0%b4%d0%bb%d1%8f-%d0%bc%d0%b0%d0%ba%d0%b8%d1%8f%d0%b6%d0%b0-%d0%b3%d0%bb%d0%b0%d0%b7-%e2%84%962\/#primaryimage"},"thumbnailUrl":"https:\/\/msakademija.com\/wp-content\/uploads\/2024\/11\/3L2A1644-scaled.jpg","datePublished":"2021-05-19T18:24:33+00:00","dateModified":"2026-04-17T20:24:47+00:00","description":"Make-up brushes for eyeshadow made of goat hair. Natural hair Make-up brushes for blending and retouching shadows. MS Makeup brush","breadcrumb":{"@id":"https:\/\/msakademija.com\/ru\/product\/%d0%ba%d0%b8%d1%81%d1%82%d1%8c-%d0%b4%d0%bb%d1%8f-%d0%bc%d0%b0%d0%ba%d0%b8%d1%8f%d0%b6%d0%b0-%d0%b3%d0%bb%d0%b0%d0%b7-%e2%84%962\/#breadcrumb"},"inLanguage":"en-US","potentialAction":[{"@type":"ReadAction","target":["https:\/\/msakademija.com\/ru\/product\/%d0%ba%d0%b8%d1%81%d1%82%d1%8c-%d0%b4%d0%bb%d1%8f-%d0%bc%d0%b0%d0%ba%d0%b8%d1%8f%d0%b6%d0%b0-%d0%b3%d0%bb%d0%b0%d0%b7-%e2%84%962\/"]}]},{"@type":"ImageObject","inLanguage":"en-US","@id":"https:\/\/msakademija.com\/ru\/product\/%d0%ba%d0%b8%d1%81%d1%82%d1%8c-%d0%b4%d0%bb%d1%8f-%d0%bc%d0%b0%d0%ba%d0%b8%d1%8f%d0%b6%d0%b0-%d0%b3%d0%bb%d0%b0%d0%b7-%e2%84%962\/#primaryimage","url":"https:\/\/msakademija.com\/wp-content\/uploads\/2024\/11\/3L2A1644-scaled.jpg","contentUrl":"https:\/\/msakademija.com\/wp-content\/uploads\/2024\/11\/3L2A1644-scaled.jpg","width":1707,"height":2560},{"@type":"BreadcrumbList","@id":"https:\/\/msakademija.com\/ru\/product\/%d0%ba%d0%b8%d1%81%d1%82%d1%8c-%d0%b4%d0%bb%d1%8f-%d0%bc%d0%b0%d0%ba%d0%b8%d1%8f%d0%b6%d0%b0-%d0%b3%d0%bb%d0%b0%d0%b7-%e2%84%962\/#breadcrumb","itemListElement":[{"@type":"ListItem","position":1,"name":"Home","item":"https:\/\/msakademija.com\/"},{"@type":"ListItem","position":2,"name":"Parduotuv\u0117","item":"https:\/\/msakademija.com\/makiazo-priemoniu-parduotuve\/"},{"@type":"ListItem","position":3,"name":"Makia\u017eo \u0161epet\u0117lis aki\u0173 \u0161e\u0161\u0117liams. Nr. 2"}]},{"@type":"WebSite","@id":"https:\/\/msakademija.com\/#website","url":"https:\/\/msakademija.com\/","name":"MS Academy","description":"Make-up and Hair Academy","publisher":{"@id":"https:\/\/msakademija.com\/#organization"},"potentialAction":[{"@type":"SearchAction","target":{"@type":"EntryPoint","urlTemplate":"https:\/\/msakademija.com\/?s={search_term_string}"},"query-input":{"@type":"PropertyValueSpecification","valueRequired":true,"valueName":"search_term_string"}}],"inLanguage":"en-US"},{"@type":"Organization","@id":"https:\/\/msakademija.com\/#organization","name":"MS Academy","url":"https:\/\/msakademija.com\/","logo":{"@type":"ImageObject","inLanguage":"en-US","@id":"https:\/\/msakademija.com\/#\/schema\/logo\/image\/","url":"https:\/\/msakademija.com\/wp-content\/uploads\/2021\/05\/logo_juodas_HEADERMS.png","contentUrl":"https:\/\/msakademija.com\/wp-content\/uploads\/2021\/05\/logo_juodas_HEADERMS.png","width":500,"height":210,"caption":"MS akademija"},"image":{"@id":"https:\/\/msakademija.com\/#\/schema\/logo\/image\/"},"sameAs":["https:\/\/www.facebook.com\/msakademijavilnius\/","https:\/\/www.instagram.com\/msakademija\/"]}]},"product_brand":"M.S. | Makeup","product_price_amount":"10.00","product_price_currency":"EUR","og_availability":"instock","product_availability":"instock","product_condition":"new"},"jetpack_sharing_enabled":true,"_links":{"self":[{"href":"https:\/\/msakademija.com\/en\/wp-json\/wp\/v2\/product\/5848","targetHints":{"allow":["GET"]}}],"collection":[{"href":"https:\/\/msakademija.com\/en\/wp-json\/wp\/v2\/product"}],"about":[{"href":"https:\/\/msakademija.com\/en\/wp-json\/wp\/v2\/types\/product"}],"replies":[{"embeddable":true,"href":"https:\/\/msakademija.com\/en\/wp-json\/wp\/v2\/comments?post=5848"}],"wp:featuredmedia":[{"embeddable":true,"href":"https:\/\/msakademija.com\/en\/wp-json\/wp\/v2\/media\/12230"}],"wp:attachment":[{"href":"https:\/\/msakademija.com\/en\/wp-json\/wp\/v2\/media?parent=5848"}],"wp:term":[{"taxonomy":"product_brand","embeddable":true,"href":"https:\/\/msakademija.com\/en\/wp-json\/wp\/v2\/product_brand?post=5848"},{"taxonomy":"product_cat","embeddable":true,"href":"https:\/\/msakademija.com\/en\/wp-json\/wp\/v2\/product_cat?post=5848"},{"taxonomy":"product_tag","embeddable":true,"href":"https:\/\/msakademija.com\/en\/wp-json\/wp\/v2\/product_tag?post=5848"}],"curies":[{"name":"wp","href":"https:\/\/api.w.org\/{rel}","templated":true}]}}