{"id":5872,"date":"2021-05-19T21:33:42","date_gmt":"2021-05-19T18:33:42","guid":{"rendered":"https:\/\/msakademija.com\/?post_type=product&#038;p=5872"},"modified":"2026-03-08T17:40:09","modified_gmt":"2026-03-08T15:40:09","slug":"make-up-brush-for-creamy-liquid-dry-textures-t4","status":"publish","type":"product","link":"https:\/\/msakademija.com\/en\/produktas\/makiazo-sepetelis-kreminems-skystoms-sausoms-teksturoms-t4\/","title":{"rendered":"Make-up brush for creamy, liquid and dry textures. T4"},"content":{"rendered":"<h1 class=\"product-title product_title entry-title\">Make-up brush for creamy, liquid and dry textures<\/h1>\n<p>Taclon<\/p>","protected":false},"excerpt":{"rendered":"<p>Flat brush for creamy, liquid and dry textures<\/p>\n<p>Made of taklon<\/p>","protected":false},"featured_media":12224,"comment_status":"open","ping_status":"closed","template":"","meta":[],"product_brand":[],"product_cat":[36,38,37,39],"product_tag":[208,195,207],"class_list":{"0":"post-5872","1":"product","2":"type-product","3":"status-publish","4":"has-post-thumbnail","6":"product_cat-sepeteliai-makiazui-ir-kiti-irankiai","7":"product_cat-teptukai-akims-ozkos-plauko-sabalo-plauko-kiaunes-lauko-taklono","8":"product_cat-teptukai-makiazui","9":"product_cat-teptukai-veidui-ozkos-plauko-voveres-plauko-imitacijos-taklono","10":"product_tag-kreminiams","11":"product_tag-masi","12":"product_tag-maskuokliui","14":"first","15":"instock","16":"shipping-taxable","17":"purchasable","18":"product-type-simple"},"yoast_head":"<!-- This site is optimized with the Yoast SEO Premium plugin v27.5 (Yoast SEO v27.5) - https:\/\/yoast.com\/product\/yoast-seo-premium-wordpress\/ -->\n<title>Makia\u017eo \u0161epet\u0117lis kremin\u0117ms, skystoms ir sausoms tekst\u016broms. T4 - MS akademija<\/title>\n<meta name=\"robots\" content=\"index, follow, max-snippet:-1, max-image-preview:large, max-video-preview:-1\" \/>\n<link rel=\"canonical\" href=\"https:\/\/msakademija.com\/en\/product\/make-up-brush-for-creamy-liquid-dry-textures-t4\/\" \/>\n<meta property=\"og:locale\" content=\"en_US\" \/>\n<meta property=\"og:type\" content=\"article\" \/>\n<meta property=\"og:title\" content=\"Makia\u017eo \u0161epet\u0117lis kremin\u0117ms, skystoms ir sausoms tekst\u016broms. T4\" \/>\n<meta property=\"og:description\" content=\"Plok\u0161\u010dias \u0161epet\u0117lis kremin\u0117ms, skystoms ir sausoms tekst\u016broms  Pagamintas i\u0161 taklono\" \/>\n<meta property=\"og:url\" content=\"https:\/\/msakademija.com\/en\/product\/make-up-brush-for-creamy-liquid-dry-textures-t4\/\" \/>\n<meta property=\"og:site_name\" content=\"MS akademija\" \/>\n<meta property=\"article:publisher\" content=\"https:\/\/www.facebook.com\/msakademijavilnius\/\" \/>\n<meta property=\"article:modified_time\" content=\"2026-03-08T15:40:09+00:00\" \/>\n<meta property=\"og:image\" content=\"https:\/\/msakademija.com\/wp-content\/uploads\/2024\/11\/3L2A1632-scaled.jpg\" \/>\n\t<meta property=\"og:image:width\" content=\"1707\" \/>\n\t<meta property=\"og:image:height\" content=\"2560\" \/>\n\t<meta property=\"og:image:type\" content=\"image\/jpeg\" \/>\n<meta name=\"twitter:card\" content=\"summary_large_image\" \/>\n<meta name=\"twitter:label1\" content=\"Price\" \/>\n\t<meta name=\"twitter:data1\" content=\"&euro;16.00\" \/>\n\t<meta name=\"twitter:label2\" content=\"Availability\" \/>\n\t<meta name=\"twitter:data2\" content=\"In stock\" \/>\n<script type=\"application\/ld+json\" class=\"yoast-schema-graph\">{\"@context\":\"https:\\\/\\\/schema.org\",\"@graph\":[{\"@type\":\"WebPage\",\"@id\":\"https:\\\/\\\/msakademija.com\\\/produktas\\\/makiazo-sepetelis-kreminems-skystoms-sausoms-teksturoms-t4\\\/\",\"url\":\"https:\\\/\\\/msakademija.com\\\/produktas\\\/makiazo-sepetelis-kreminems-skystoms-sausoms-teksturoms-t4\\\/\",\"name\":\"Makia\u017eo \u0161epet\u0117lis kremin\u0117ms, skystoms ir sausoms tekst\u016broms. T4 - MS akademija\",\"isPartOf\":{\"@id\":\"https:\\\/\\\/msakademija.com\\\/#website\"},\"primaryImageOfPage\":{\"@id\":\"https:\\\/\\\/msakademija.com\\\/produktas\\\/makiazo-sepetelis-kreminems-skystoms-sausoms-teksturoms-t4\\\/#primaryimage\"},\"image\":{\"@id\":\"https:\\\/\\\/msakademija.com\\\/produktas\\\/makiazo-sepetelis-kreminems-skystoms-sausoms-teksturoms-t4\\\/#primaryimage\"},\"thumbnailUrl\":\"https:\\\/\\\/msakademija.com\\\/wp-content\\\/uploads\\\/2024\\\/11\\\/3L2A1632-scaled.jpg\",\"datePublished\":\"2021-05-19T18:33:42+00:00\",\"dateModified\":\"2026-03-08T15:40:09+00:00\",\"breadcrumb\":{\"@id\":\"https:\\\/\\\/msakademija.com\\\/produktas\\\/makiazo-sepetelis-kreminems-skystoms-sausoms-teksturoms-t4\\\/#breadcrumb\"},\"inLanguage\":\"en-US\",\"potentialAction\":[{\"@type\":\"ReadAction\",\"target\":[\"https:\\\/\\\/msakademija.com\\\/produktas\\\/makiazo-sepetelis-kreminems-skystoms-sausoms-teksturoms-t4\\\/\"]}]},{\"@type\":\"ImageObject\",\"inLanguage\":\"en-US\",\"@id\":\"https:\\\/\\\/msakademija.com\\\/produktas\\\/makiazo-sepetelis-kreminems-skystoms-sausoms-teksturoms-t4\\\/#primaryimage\",\"url\":\"https:\\\/\\\/msakademija.com\\\/wp-content\\\/uploads\\\/2024\\\/11\\\/3L2A1632-scaled.jpg\",\"contentUrl\":\"https:\\\/\\\/msakademija.com\\\/wp-content\\\/uploads\\\/2024\\\/11\\\/3L2A1632-scaled.jpg\",\"width\":1707,\"height\":2560},{\"@type\":\"BreadcrumbList\",\"@id\":\"https:\\\/\\\/msakademija.com\\\/produktas\\\/makiazo-sepetelis-kreminems-skystoms-sausoms-teksturoms-t4\\\/#breadcrumb\",\"itemListElement\":[{\"@type\":\"ListItem\",\"position\":1,\"name\":\"Home\",\"item\":\"https:\\\/\\\/msakademija.com\\\/\"},{\"@type\":\"ListItem\",\"position\":2,\"name\":\"Parduotuv\u0117\",\"item\":\"https:\\\/\\\/msakademija.com\\\/makiazo-priemoniu-parduotuve\\\/\"},{\"@type\":\"ListItem\",\"position\":3,\"name\":\"Makia\u017eo \u0161epet\u0117lis kremin\u0117ms, skystoms ir sausoms tekst\u016broms. T4\"}]},{\"@type\":\"WebSite\",\"@id\":\"https:\\\/\\\/msakademija.com\\\/#website\",\"url\":\"https:\\\/\\\/msakademija.com\\\/\",\"name\":\"MS akademija\",\"description\":\"Makia\u017eo ir \u0161ukuosenos akademija\",\"publisher\":{\"@id\":\"https:\\\/\\\/msakademija.com\\\/#organization\"},\"potentialAction\":[{\"@type\":\"SearchAction\",\"target\":{\"@type\":\"EntryPoint\",\"urlTemplate\":\"https:\\\/\\\/msakademija.com\\\/?s={search_term_string}\"},\"query-input\":{\"@type\":\"PropertyValueSpecification\",\"valueRequired\":true,\"valueName\":\"search_term_string\"}}],\"inLanguage\":\"en-US\"},{\"@type\":\"Organization\",\"@id\":\"https:\\\/\\\/msakademija.com\\\/#organization\",\"name\":\"MS akademija\",\"url\":\"https:\\\/\\\/msakademija.com\\\/\",\"logo\":{\"@type\":\"ImageObject\",\"inLanguage\":\"en-US\",\"@id\":\"https:\\\/\\\/msakademija.com\\\/#\\\/schema\\\/logo\\\/image\\\/\",\"url\":\"https:\\\/\\\/msakademija.com\\\/wp-content\\\/uploads\\\/2021\\\/05\\\/logo_juodas_HEADERMS.png\",\"contentUrl\":\"https:\\\/\\\/msakademija.com\\\/wp-content\\\/uploads\\\/2021\\\/05\\\/logo_juodas_HEADERMS.png\",\"width\":500,\"height\":210,\"caption\":\"MS akademija\"},\"image\":{\"@id\":\"https:\\\/\\\/msakademija.com\\\/#\\\/schema\\\/logo\\\/image\\\/\"},\"sameAs\":[\"https:\\\/\\\/www.facebook.com\\\/msakademijavilnius\\\/\",\"https:\\\/\\\/www.instagram.com\\\/msakademija\\\/\"]}]}<\/script>\n<meta property=\"product:brand\" content=\"M.S. | Makeup\" \/>\n<meta property=\"product:price:amount\" content=\"16.00\" \/>\n<meta property=\"product:price:currency\" content=\"EUR\" \/>\n<meta property=\"og:availability\" content=\"instock\" \/>\n<meta property=\"product:availability\" content=\"instock\" \/>\n<meta property=\"product:condition\" content=\"new\" \/>\n<!-- \/ Yoast SEO Premium plugin. -->","yoast_head_json":{"title":"Make-up brush for creamy, liquid and dry textures. T4 - MS Academy","robots":{"index":"index","follow":"follow","max-snippet":"max-snippet:-1","max-image-preview":"max-image-preview:large","max-video-preview":"max-video-preview:-1"},"canonical":"https:\/\/msakademija.com\/en\/product\/make-up-brush-for-creamy-liquid-dry-textures-t4\/","og_locale":"en_US","og_type":"article","og_title":"Makia\u017eo \u0161epet\u0117lis kremin\u0117ms, skystoms ir sausoms tekst\u016broms. T4","og_description":"Plok\u0161\u010dias \u0161epet\u0117lis kremin\u0117ms, skystoms ir sausoms tekst\u016broms  Pagamintas i\u0161 taklono","og_url":"https:\/\/msakademija.com\/en\/product\/make-up-brush-for-creamy-liquid-dry-textures-t4\/","og_site_name":"MS akademija","article_publisher":"https:\/\/www.facebook.com\/msakademijavilnius\/","article_modified_time":"2026-03-08T15:40:09+00:00","og_image":[{"width":1707,"height":2560,"url":"https:\/\/msakademija.com\/wp-content\/uploads\/2024\/11\/3L2A1632-scaled.jpg","type":"image\/jpeg"}],"twitter_card":"summary_large_image","twitter_misc":{"Price":"&euro;16.00","Availability":"In stock"},"schema":{"@context":"https:\/\/schema.org","@graph":[{"@type":"WebPage","@id":"https:\/\/msakademija.com\/produktas\/makiazo-sepetelis-kreminems-skystoms-sausoms-teksturoms-t4\/","url":"https:\/\/msakademija.com\/produktas\/makiazo-sepetelis-kreminems-skystoms-sausoms-teksturoms-t4\/","name":"Make-up brush for creamy, liquid and dry textures. T4 - MS Academy","isPartOf":{"@id":"https:\/\/msakademija.com\/#website"},"primaryImageOfPage":{"@id":"https:\/\/msakademija.com\/produktas\/makiazo-sepetelis-kreminems-skystoms-sausoms-teksturoms-t4\/#primaryimage"},"image":{"@id":"https:\/\/msakademija.com\/produktas\/makiazo-sepetelis-kreminems-skystoms-sausoms-teksturoms-t4\/#primaryimage"},"thumbnailUrl":"https:\/\/msakademija.com\/wp-content\/uploads\/2024\/11\/3L2A1632-scaled.jpg","datePublished":"2021-05-19T18:33:42+00:00","dateModified":"2026-03-08T15:40:09+00:00","breadcrumb":{"@id":"https:\/\/msakademija.com\/produktas\/makiazo-sepetelis-kreminems-skystoms-sausoms-teksturoms-t4\/#breadcrumb"},"inLanguage":"en-US","potentialAction":[{"@type":"ReadAction","target":["https:\/\/msakademija.com\/produktas\/makiazo-sepetelis-kreminems-skystoms-sausoms-teksturoms-t4\/"]}]},{"@type":"ImageObject","inLanguage":"en-US","@id":"https:\/\/msakademija.com\/produktas\/makiazo-sepetelis-kreminems-skystoms-sausoms-teksturoms-t4\/#primaryimage","url":"https:\/\/msakademija.com\/wp-content\/uploads\/2024\/11\/3L2A1632-scaled.jpg","contentUrl":"https:\/\/msakademija.com\/wp-content\/uploads\/2024\/11\/3L2A1632-scaled.jpg","width":1707,"height":2560},{"@type":"BreadcrumbList","@id":"https:\/\/msakademija.com\/produktas\/makiazo-sepetelis-kreminems-skystoms-sausoms-teksturoms-t4\/#breadcrumb","itemListElement":[{"@type":"ListItem","position":1,"name":"Home","item":"https:\/\/msakademija.com\/"},{"@type":"ListItem","position":2,"name":"Parduotuv\u0117","item":"https:\/\/msakademija.com\/makiazo-priemoniu-parduotuve\/"},{"@type":"ListItem","position":3,"name":"Makia\u017eo \u0161epet\u0117lis kremin\u0117ms, skystoms ir sausoms tekst\u016broms. T4"}]},{"@type":"WebSite","@id":"https:\/\/msakademija.com\/#website","url":"https:\/\/msakademija.com\/","name":"MS Academy","description":"Make-up and Hair Academy","publisher":{"@id":"https:\/\/msakademija.com\/#organization"},"potentialAction":[{"@type":"SearchAction","target":{"@type":"EntryPoint","urlTemplate":"https:\/\/msakademija.com\/?s={search_term_string}"},"query-input":{"@type":"PropertyValueSpecification","valueRequired":true,"valueName":"search_term_string"}}],"inLanguage":"en-US"},{"@type":"Organization","@id":"https:\/\/msakademija.com\/#organization","name":"MS Academy","url":"https:\/\/msakademija.com\/","logo":{"@type":"ImageObject","inLanguage":"en-US","@id":"https:\/\/msakademija.com\/#\/schema\/logo\/image\/","url":"https:\/\/msakademija.com\/wp-content\/uploads\/2021\/05\/logo_juodas_HEADERMS.png","contentUrl":"https:\/\/msakademija.com\/wp-content\/uploads\/2021\/05\/logo_juodas_HEADERMS.png","width":500,"height":210,"caption":"MS akademija"},"image":{"@id":"https:\/\/msakademija.com\/#\/schema\/logo\/image\/"},"sameAs":["https:\/\/www.facebook.com\/msakademijavilnius\/","https:\/\/www.instagram.com\/msakademija\/"]}]},"product_brand":"M.S. | Makeup","product_price_amount":"16.00","product_price_currency":"EUR","og_availability":"instock","product_availability":"instock","product_condition":"new"},"jetpack_sharing_enabled":true,"_links":{"self":[{"href":"https:\/\/msakademija.com\/en\/wp-json\/wp\/v2\/product\/5872","targetHints":{"allow":["GET"]}}],"collection":[{"href":"https:\/\/msakademija.com\/en\/wp-json\/wp\/v2\/product"}],"about":[{"href":"https:\/\/msakademija.com\/en\/wp-json\/wp\/v2\/types\/product"}],"replies":[{"embeddable":true,"href":"https:\/\/msakademija.com\/en\/wp-json\/wp\/v2\/comments?post=5872"}],"wp:featuredmedia":[{"embeddable":true,"href":"https:\/\/msakademija.com\/en\/wp-json\/wp\/v2\/media\/12224"}],"wp:attachment":[{"href":"https:\/\/msakademija.com\/en\/wp-json\/wp\/v2\/media?parent=5872"}],"wp:term":[{"taxonomy":"product_brand","embeddable":true,"href":"https:\/\/msakademija.com\/en\/wp-json\/wp\/v2\/product_brand?post=5872"},{"taxonomy":"product_cat","embeddable":true,"href":"https:\/\/msakademija.com\/en\/wp-json\/wp\/v2\/product_cat?post=5872"},{"taxonomy":"product_tag","embeddable":true,"href":"https:\/\/msakademija.com\/en\/wp-json\/wp\/v2\/product_tag?post=5872"}],"curies":[{"name":"wp","href":"https:\/\/api.w.org\/{rel}","templated":true}]}}