{"id":6631,"date":"2021-06-22T15:10:50","date_gmt":"2021-06-22T12:10:50","guid":{"rendered":"https:\/\/msakademija.com\/?post_type=product&#038;p=6631"},"modified":"2026-01-02T23:48:43","modified_gmt":"2026-01-02T21:48:43","slug":"cream-eye-shadows-startint-stellar-9","status":"publish","type":"product","link":"https:\/\/msakademija.com\/en\/produktas\/kreminiai-akiu-seseliai-startint-stellar-9\/","title":{"rendered":"Cream eyeshadow STARTINT STELLAR 9"},"content":{"rendered":"<h3 dir=\"ltr\" data-placeholder=\"Vertimas\"><strong>Eye shadow cream Startint<\/strong><\/h3>\n<p dir=\"ltr\" data-placeholder=\"Vertimas\">Apply the eyeshadow with an applicator or brush. Keep away from children. Keep away from light. Store in a dry, cool place.<\/p>\n<p dir=\"ltr\" data-placeholder=\"Vertimas\">Quantity: 10ml<\/p>\n<p dir=\"ltr\" data-placeholder=\"Vertimas\"><span style=\"color: #333333\">Description of the eyeshadow: Waterproof, for use alone as an eyeshadow and for application on the surface of the lid. Can be fixed with dry or loose shadows. Long-lasting, does not bleed into wrinkles.\u00a0 <\/span><\/p>\n<p dir=\"ltr\" data-placeholder=\"Vertimas\"><span style=\"color: #333333\">It is recommended to apply the shadow on clean skin without mascara, foundation or serum, and without mixing with other similar products, to achieve maximum long-lasting results. Apply the shadow in a thin layer and blend well on the lid. Creamy eyeshadows take time to set and do not require heavy fixation with dry textures. If necessary, layer the shade, but wait until the previous layer has set before applying additional layers.<\/span><\/p>\n<p dir=\"ltr\" data-placeholder=\"Vertimas\"><span style=\"color: #333333\">\u00a0Start Cream shadows are best removed with micellar water, two-phase eye make-up remover or hydrophilic oil. To remove waterproof eye make-up from the eyelids, it is best to choose products specifically designed to remove waterproof make-up. These products gently dissolve cream shadows and remove the residue from the skin without requiring additional effort. Avoid using make-up wipes, soaps or other abrasive materials such as dry wipes, as they can irritate the skin due to their structural composition.<\/span><\/p>\n<p dir=\"ltr\" data-placeholder=\"Vertimas\">Composition: Isododecane, Trimethylsiloxysilicate, Cyclopentasiloxane, Dimethicone, Calcium Sodium Borosilicate, Boron Nitride, Silica, Octyldodecyl Stearoyl Stearate, Phenyl Trimethicone, C30-45 Alkyl Cetearyl Dimethicone Crosspolymer, Cyclomethicone(and) Dimethicone Crosspolymer, Dimethicone\/Vinyltrimethylsiloxysilicate Crosspolymer, Microcrystalline Wax, Phenoxyethanol, Disteardimonium Hectorite, Propylene Carbonate, Ozokerite, Ethylhexylglycerin, Tin Oxide, Carmine (CI 75470), Iron Oxides (CI 77491), Mica (CI 77019), Red 40 Lake (CI 16035), Titanium Dioxide (CI 77891), Yellow 5 Lake ( CI 19140).<\/p>\n<p dir=\"ltr\" data-placeholder=\"Vertimas\"><span style=\"color: #333333\">Storage temperature: +5 to +25\u2082 C. Shelf life: 36 months when closed and 12 months after opening. Date of manufacture: as indicated on the seal of the shade packaging. All Alena tofil cream eyeshadows and products are not tested on animals. ALENATOFIL startint cream eye shadows and product ingredients are regularly updated. Before using ALENATOFIL products, please read the ingredients list to ensure that the ingredients are suitable for your personal use. If irritation (skin redness) occurs, remove immediately with warm water or make-up remover. If eye shadow irritation persists, seek medical advice. Vegan Cruelty free eye shadow<\/span><\/p>","protected":false},"excerpt":{"rendered":"<p>Aki\u0173 \u0161e\u0161\u0117liai kreminiai Startint U\u017etepkite aki\u0173 \u0161e\u0161\u0117lius aplikatoriumi arba teptuku. Saugoti nuo vaik\u0173. Saugoti nuo \u0161viesos. Laikyti sausoje, v\u0117sioje vietoje. Kiekis: 10ml Aki\u0173 \u0161e\u0161\u0117liai apra\u0161ymas: Vandeniui atspar\u016bs, skirti naudoti atskirai kaip aki\u0173 \u0161e\u0161\u0117liai ir tvirtinti ant voko pavir\u0161iaus. Galima fiksuoti su sausais arba biriais \u0161e\u0161\u0117liais. Ilgai i\u0161liekantys , nesub\u0117ga \u012f rauk\u0161les.\u00a0 \u0160e\u0161\u0117l\u012f rekomenduojama tepti ant [&#8230;]\n","protected":false},"featured_media":6599,"comment_status":"open","ping_status":"closed","template":"","meta":[],"product_brand":[],"product_cat":[27,101,20],"product_tag":[118,135],"class_list":{"0":"post-6631","1":"product","2":"type-product","3":"status-publish","4":"has-post-thumbnail","6":"product_cat-akims","7":"product_cat-kreminiai-akiu-seseliai","8":"product_cat-priemones-makiazui","9":"product_tag-akiu-seseliai-kreminiai-seseliai-alena-tofil","10":"product_tag-alenatofil","12":"first","13":"instock","14":"shipping-taxable","15":"purchasable","16":"product-type-simple"},"yoast_head":"<!-- This site is optimized with the Yoast SEO Premium plugin v27.5 (Yoast SEO v27.5) - https:\/\/yoast.com\/product\/yoast-seo-premium-wordpress\/ -->\n<title>Kreminiai aki\u0173 \u0161e\u0161\u0117liai STARTINT STELLAR 9 - MS akademija<\/title>\n<meta name=\"description\" content=\"Kr\u0117miniai aki\u0173 \u0161e\u0161\u0117liai Alena Tofil. U\u017etepkite aki\u0173 \u0161e\u0161\u0117lius aplikatoriumi arba teptuku. Vandeniui atspar\u016bs. Tinka fiksuoti su sausais \u0161e\u0161\u0117liais\" \/>\n<meta name=\"robots\" content=\"index, follow, max-snippet:-1, max-image-preview:large, max-video-preview:-1\" \/>\n<link rel=\"canonical\" href=\"https:\/\/msakademija.com\/en\/product\/cream-eye-shadows-startint-stellar-9\/\" \/>\n<meta property=\"og:locale\" content=\"en_US\" \/>\n<meta property=\"og:type\" content=\"article\" \/>\n<meta property=\"og:title\" content=\"Kreminiai aki\u0173 \u0161e\u0161\u0117liai STARTINT STELLAR 9\" \/>\n<meta property=\"og:description\" content=\"Kr\u0117miniai aki\u0173 \u0161e\u0161\u0117liai Alena Tofil. U\u017etepkite aki\u0173 \u0161e\u0161\u0117lius aplikatoriumi arba teptuku. Vandeniui atspar\u016bs. Tinka fiksuoti su sausais \u0161e\u0161\u0117liais\" \/>\n<meta property=\"og:url\" content=\"https:\/\/msakademija.com\/en\/product\/cream-eye-shadows-startint-stellar-9\/\" \/>\n<meta property=\"og:site_name\" content=\"MS akademija\" \/>\n<meta property=\"article:publisher\" content=\"https:\/\/www.facebook.com\/msakademijavilnius\/\" \/>\n<meta property=\"article:modified_time\" content=\"2026-01-02T21:48:43+00:00\" \/>\n<meta property=\"og:image\" content=\"https:\/\/msakademija.com\/wp-content\/uploads\/2021\/06\/9.jpg\" \/>\n\t<meta property=\"og:image:width\" content=\"970\" \/>\n\t<meta property=\"og:image:height\" content=\"1455\" \/>\n\t<meta property=\"og:image:type\" content=\"image\/jpeg\" \/>\n<meta name=\"twitter:card\" content=\"summary_large_image\" \/>\n<meta name=\"twitter:label1\" content=\"Price\" \/>\n\t<meta name=\"twitter:data1\" content=\"&euro;18.00\" \/>\n\t<meta name=\"twitter:label2\" content=\"Availability\" \/>\n\t<meta name=\"twitter:data2\" content=\"In stock\" \/>\n<script type=\"application\/ld+json\" class=\"yoast-schema-graph\">{\"@context\":\"https:\\\/\\\/schema.org\",\"@graph\":[{\"@type\":\"WebPage\",\"@id\":\"https:\\\/\\\/msakademija.com\\\/produktas\\\/kreminiai-akiu-seseliai-startint-stellar-9\\\/\",\"url\":\"https:\\\/\\\/msakademija.com\\\/produktas\\\/kreminiai-akiu-seseliai-startint-stellar-9\\\/\",\"name\":\"Kreminiai aki\u0173 \u0161e\u0161\u0117liai STARTINT STELLAR 9 - MS akademija\",\"isPartOf\":{\"@id\":\"https:\\\/\\\/msakademija.com\\\/#website\"},\"primaryImageOfPage\":{\"@id\":\"https:\\\/\\\/msakademija.com\\\/produktas\\\/kreminiai-akiu-seseliai-startint-stellar-9\\\/#primaryimage\"},\"image\":{\"@id\":\"https:\\\/\\\/msakademija.com\\\/produktas\\\/kreminiai-akiu-seseliai-startint-stellar-9\\\/#primaryimage\"},\"thumbnailUrl\":\"https:\\\/\\\/msakademija.com\\\/wp-content\\\/uploads\\\/2021\\\/06\\\/9.jpg\",\"datePublished\":\"2021-06-22T12:10:50+00:00\",\"dateModified\":\"2026-01-02T21:48:43+00:00\",\"description\":\"Kr\u0117miniai aki\u0173 \u0161e\u0161\u0117liai Alena Tofil. U\u017etepkite aki\u0173 \u0161e\u0161\u0117lius aplikatoriumi arba teptuku. Vandeniui atspar\u016bs. Tinka fiksuoti su sausais \u0161e\u0161\u0117liais\",\"breadcrumb\":{\"@id\":\"https:\\\/\\\/msakademija.com\\\/produktas\\\/kreminiai-akiu-seseliai-startint-stellar-9\\\/#breadcrumb\"},\"inLanguage\":\"en-US\",\"potentialAction\":[{\"@type\":\"ReadAction\",\"target\":[\"https:\\\/\\\/msakademija.com\\\/produktas\\\/kreminiai-akiu-seseliai-startint-stellar-9\\\/\"]}]},{\"@type\":\"ImageObject\",\"inLanguage\":\"en-US\",\"@id\":\"https:\\\/\\\/msakademija.com\\\/produktas\\\/kreminiai-akiu-seseliai-startint-stellar-9\\\/#primaryimage\",\"url\":\"https:\\\/\\\/msakademija.com\\\/wp-content\\\/uploads\\\/2021\\\/06\\\/9.jpg\",\"contentUrl\":\"https:\\\/\\\/msakademija.com\\\/wp-content\\\/uploads\\\/2021\\\/06\\\/9.jpg\",\"width\":970,\"height\":1455,\"caption\":\"kreminiai aki\u0173 \u0161e\u0161\u0117liai startint\"},{\"@type\":\"BreadcrumbList\",\"@id\":\"https:\\\/\\\/msakademija.com\\\/produktas\\\/kreminiai-akiu-seseliai-startint-stellar-9\\\/#breadcrumb\",\"itemListElement\":[{\"@type\":\"ListItem\",\"position\":1,\"name\":\"Home\",\"item\":\"https:\\\/\\\/msakademija.com\\\/\"},{\"@type\":\"ListItem\",\"position\":2,\"name\":\"Parduotuv\u0117\",\"item\":\"https:\\\/\\\/msakademija.com\\\/makiazo-priemoniu-parduotuve\\\/\"},{\"@type\":\"ListItem\",\"position\":3,\"name\":\"Kreminiai aki\u0173 \u0161e\u0161\u0117liai STARTINT STELLAR 9\"}]},{\"@type\":\"WebSite\",\"@id\":\"https:\\\/\\\/msakademija.com\\\/#website\",\"url\":\"https:\\\/\\\/msakademija.com\\\/\",\"name\":\"MS akademija\",\"description\":\"Makia\u017eo ir \u0161ukuosenos akademija\",\"publisher\":{\"@id\":\"https:\\\/\\\/msakademija.com\\\/#organization\"},\"potentialAction\":[{\"@type\":\"SearchAction\",\"target\":{\"@type\":\"EntryPoint\",\"urlTemplate\":\"https:\\\/\\\/msakademija.com\\\/?s={search_term_string}\"},\"query-input\":{\"@type\":\"PropertyValueSpecification\",\"valueRequired\":true,\"valueName\":\"search_term_string\"}}],\"inLanguage\":\"en-US\"},{\"@type\":\"Organization\",\"@id\":\"https:\\\/\\\/msakademija.com\\\/#organization\",\"name\":\"MS akademija\",\"url\":\"https:\\\/\\\/msakademija.com\\\/\",\"logo\":{\"@type\":\"ImageObject\",\"inLanguage\":\"en-US\",\"@id\":\"https:\\\/\\\/msakademija.com\\\/#\\\/schema\\\/logo\\\/image\\\/\",\"url\":\"https:\\\/\\\/msakademija.com\\\/wp-content\\\/uploads\\\/2021\\\/05\\\/logo_juodas_HEADERMS.png\",\"contentUrl\":\"https:\\\/\\\/msakademija.com\\\/wp-content\\\/uploads\\\/2021\\\/05\\\/logo_juodas_HEADERMS.png\",\"width\":500,\"height\":210,\"caption\":\"MS akademija\"},\"image\":{\"@id\":\"https:\\\/\\\/msakademija.com\\\/#\\\/schema\\\/logo\\\/image\\\/\"},\"sameAs\":[\"https:\\\/\\\/www.facebook.com\\\/msakademijavilnius\\\/\",\"https:\\\/\\\/www.instagram.com\\\/msakademija\\\/\"]}]}<\/script>\n<meta property=\"product:brand\" content=\"Alena Tofil\" \/>\n<meta property=\"product:price:amount\" content=\"18.00\" \/>\n<meta property=\"product:price:currency\" content=\"EUR\" \/>\n<meta property=\"og:availability\" content=\"instock\" \/>\n<meta property=\"product:availability\" content=\"instock\" \/>\n<meta property=\"product:condition\" content=\"new\" \/>\n<!-- \/ Yoast SEO Premium plugin. -->","yoast_head_json":{"title":"Cream eyeshadow STARTINT STELLAR 9 - MS akademija","description":"Cream eyeshadow Alena Tofil. Apply the eyeshadow with an applicator or brush. Waterproof. Suitable for fixing with dry shadows","robots":{"index":"index","follow":"follow","max-snippet":"max-snippet:-1","max-image-preview":"max-image-preview:large","max-video-preview":"max-video-preview:-1"},"canonical":"https:\/\/msakademija.com\/en\/product\/cream-eye-shadows-startint-stellar-9\/","og_locale":"en_US","og_type":"article","og_title":"Kreminiai aki\u0173 \u0161e\u0161\u0117liai STARTINT STELLAR 9","og_description":"Kr\u0117miniai aki\u0173 \u0161e\u0161\u0117liai Alena Tofil. U\u017etepkite aki\u0173 \u0161e\u0161\u0117lius aplikatoriumi arba teptuku. Vandeniui atspar\u016bs. Tinka fiksuoti su sausais \u0161e\u0161\u0117liais","og_url":"https:\/\/msakademija.com\/en\/product\/cream-eye-shadows-startint-stellar-9\/","og_site_name":"MS akademija","article_publisher":"https:\/\/www.facebook.com\/msakademijavilnius\/","article_modified_time":"2026-01-02T21:48:43+00:00","og_image":[{"width":970,"height":1455,"url":"https:\/\/msakademija.com\/wp-content\/uploads\/2021\/06\/9.jpg","type":"image\/jpeg"}],"twitter_card":"summary_large_image","twitter_misc":{"Price":"&euro;18.00","Availability":"In stock"},"schema":{"@context":"https:\/\/schema.org","@graph":[{"@type":"WebPage","@id":"https:\/\/msakademija.com\/produktas\/kreminiai-akiu-seseliai-startint-stellar-9\/","url":"https:\/\/msakademija.com\/produktas\/kreminiai-akiu-seseliai-startint-stellar-9\/","name":"Cream eyeshadow STARTINT STELLAR 9 - MS akademija","isPartOf":{"@id":"https:\/\/msakademija.com\/#website"},"primaryImageOfPage":{"@id":"https:\/\/msakademija.com\/produktas\/kreminiai-akiu-seseliai-startint-stellar-9\/#primaryimage"},"image":{"@id":"https:\/\/msakademija.com\/produktas\/kreminiai-akiu-seseliai-startint-stellar-9\/#primaryimage"},"thumbnailUrl":"https:\/\/msakademija.com\/wp-content\/uploads\/2021\/06\/9.jpg","datePublished":"2021-06-22T12:10:50+00:00","dateModified":"2026-01-02T21:48:43+00:00","description":"Cream eyeshadow Alena Tofil. Apply the eyeshadow with an applicator or brush. Waterproof. Suitable for fixing with dry shadows","breadcrumb":{"@id":"https:\/\/msakademija.com\/produktas\/kreminiai-akiu-seseliai-startint-stellar-9\/#breadcrumb"},"inLanguage":"en-US","potentialAction":[{"@type":"ReadAction","target":["https:\/\/msakademija.com\/produktas\/kreminiai-akiu-seseliai-startint-stellar-9\/"]}]},{"@type":"ImageObject","inLanguage":"en-US","@id":"https:\/\/msakademija.com\/produktas\/kreminiai-akiu-seseliai-startint-stellar-9\/#primaryimage","url":"https:\/\/msakademija.com\/wp-content\/uploads\/2021\/06\/9.jpg","contentUrl":"https:\/\/msakademija.com\/wp-content\/uploads\/2021\/06\/9.jpg","width":970,"height":1455,"caption":"kreminiai aki\u0173 \u0161e\u0161\u0117liai startint"},{"@type":"BreadcrumbList","@id":"https:\/\/msakademija.com\/produktas\/kreminiai-akiu-seseliai-startint-stellar-9\/#breadcrumb","itemListElement":[{"@type":"ListItem","position":1,"name":"Home","item":"https:\/\/msakademija.com\/"},{"@type":"ListItem","position":2,"name":"Parduotuv\u0117","item":"https:\/\/msakademija.com\/makiazo-priemoniu-parduotuve\/"},{"@type":"ListItem","position":3,"name":"Kreminiai aki\u0173 \u0161e\u0161\u0117liai STARTINT STELLAR 9"}]},{"@type":"WebSite","@id":"https:\/\/msakademija.com\/#website","url":"https:\/\/msakademija.com\/","name":"MS Academy","description":"Make-up and Hair Academy","publisher":{"@id":"https:\/\/msakademija.com\/#organization"},"potentialAction":[{"@type":"SearchAction","target":{"@type":"EntryPoint","urlTemplate":"https:\/\/msakademija.com\/?s={search_term_string}"},"query-input":{"@type":"PropertyValueSpecification","valueRequired":true,"valueName":"search_term_string"}}],"inLanguage":"en-US"},{"@type":"Organization","@id":"https:\/\/msakademija.com\/#organization","name":"MS Academy","url":"https:\/\/msakademija.com\/","logo":{"@type":"ImageObject","inLanguage":"en-US","@id":"https:\/\/msakademija.com\/#\/schema\/logo\/image\/","url":"https:\/\/msakademija.com\/wp-content\/uploads\/2021\/05\/logo_juodas_HEADERMS.png","contentUrl":"https:\/\/msakademija.com\/wp-content\/uploads\/2021\/05\/logo_juodas_HEADERMS.png","width":500,"height":210,"caption":"MS akademija"},"image":{"@id":"https:\/\/msakademija.com\/#\/schema\/logo\/image\/"},"sameAs":["https:\/\/www.facebook.com\/msakademijavilnius\/","https:\/\/www.instagram.com\/msakademija\/"]}]},"product_brand":"Alena Tofil","product_price_amount":"18.00","product_price_currency":"EUR","og_availability":"instock","product_availability":"instock","product_condition":"new"},"jetpack_sharing_enabled":true,"_links":{"self":[{"href":"https:\/\/msakademija.com\/en\/wp-json\/wp\/v2\/product\/6631","targetHints":{"allow":["GET"]}}],"collection":[{"href":"https:\/\/msakademija.com\/en\/wp-json\/wp\/v2\/product"}],"about":[{"href":"https:\/\/msakademija.com\/en\/wp-json\/wp\/v2\/types\/product"}],"replies":[{"embeddable":true,"href":"https:\/\/msakademija.com\/en\/wp-json\/wp\/v2\/comments?post=6631"}],"wp:featuredmedia":[{"embeddable":true,"href":"https:\/\/msakademija.com\/en\/wp-json\/wp\/v2\/media\/6599"}],"wp:attachment":[{"href":"https:\/\/msakademija.com\/en\/wp-json\/wp\/v2\/media?parent=6631"}],"wp:term":[{"taxonomy":"product_brand","embeddable":true,"href":"https:\/\/msakademija.com\/en\/wp-json\/wp\/v2\/product_brand?post=6631"},{"taxonomy":"product_cat","embeddable":true,"href":"https:\/\/msakademija.com\/en\/wp-json\/wp\/v2\/product_cat?post=6631"},{"taxonomy":"product_tag","embeddable":true,"href":"https:\/\/msakademija.com\/en\/wp-json\/wp\/v2\/product_tag?post=6631"}],"curies":[{"name":"wp","href":"https:\/\/api.w.org\/{rel}","templated":true}]}}