{"id":6646,"date":"2021-06-22T15:28:28","date_gmt":"2021-06-22T12:28:28","guid":{"rendered":"https:\/\/msakademija.com\/?post_type=product&#038;p=6646"},"modified":"2024-06-19T15:58:32","modified_gmt":"2024-06-19T12:58:32","slug":"cream-eye-shadows-startint-paradise-23","status":"publish","type":"product","link":"https:\/\/msakademija.com\/en\/produktas\/kremiiniai-akiu-seseliai-startint-paradise-23\/","title":{"rendered":"Cream eyeshadow STARTINT PARADISE 23"},"content":{"rendered":"<p dir=\"ltr\" data-placeholder=\"Vertimas\">Startint cream eyeshadow.<\/p>\n<p dir=\"ltr\" data-placeholder=\"Vertimas\">Apply the eyeshadow with an applicator or brush. Keep away from children. Keep away from light. Store in a dry, cool place.<\/p>\n<p dir=\"ltr\" data-placeholder=\"Vertimas\">Quantity: 10ml<\/p>\n<p dir=\"ltr\" data-placeholder=\"Vertimas\">Composition: Isododecane, Trimethylsiloxysilicate, Cyclopentasiloxane, Dimethicone, Calcium Sodium Borosilicate, Boron Nitride, Silica, Octyldodecyl Stearoyl Stearate, Phenyl Trimethicone, C30-45 Alkyl Cetearyl Dimethicone Crosspolymer, Cyclomethicone(and) Dimethicone Crosspolymer, Dimethicone\/Vinyltrimethylsiloxysilicate Crosspolymer, Microcrystalline Wax, Phenoxyethanol, Disteardimonium Hectorite, Propylene Carbonate, Ozokerite, Ethylhexylglycerin, Tin Oxide, Carmine (CI 75470), Iron Oxides (CI 77491), Mica (CI 77019), Red 40 Lake (CI 16035), Titanium Dioxide (CI 77891), Yellow 5 Lake ( CI 19140).<\/p>","protected":false},"excerpt":{"rendered":"<p>Startint kreminiai aki\u0173 \u0161e\u0161eliai. U\u017etepkite aki\u0173 \u0161e\u0161\u0117lius aplikatoriumi arba teptuku. Saugoti nuo vaik\u0173. Saugoti nuo \u0161viesos. Laikyti sausoje, v\u0117sioje vietoje. Kiekis: 10ml Sud\u0117tis: Isododecane, Trimethylsiloxysilicate, Cyclopentasiloxane, Dimethicone, Calcium Sodium Borosilicate, Boron Nitride, Silica, Octyldodecyl Stearoyl Stearate, Phenyl Trimethicone, C30-45 Alkyl Cetearyl Dimethicone Crosspolymer, Cyclomethicone (and) Dimethicone Crosspolymer, Dimethicone \/Vinyltrimethylsiloxysilicate Crosspolymer, Microcrystalline Wax, Phenoxyethanol, Disteardimonium Hectorite, [&#8230;]\n","protected":false},"featured_media":6616,"comment_status":"open","ping_status":"closed","template":"","meta":[],"product_brand":[],"product_cat":[27,101,20],"product_tag":[118,135],"class_list":{"0":"post-6646","1":"product","2":"type-product","3":"status-publish","4":"has-post-thumbnail","6":"product_cat-akims","7":"product_cat-kreminiai-akiu-seseliai","8":"product_cat-priemones-makiazui","9":"product_tag-akiu-seseliai-kreminiai-seseliai-alena-tofil","10":"product_tag-alenatofil","12":"first","13":"outofstock","14":"shipping-taxable","15":"purchasable","16":"product-type-simple"},"yoast_head":"<!-- This site is optimized with the Yoast SEO Premium plugin v27.5 (Yoast SEO v27.5) - https:\/\/yoast.com\/product\/yoast-seo-premium-wordpress\/ -->\n<title>Kreminiai aki\u0173 \u0161e\u0161\u0117liai STARTINT PARADISE 23 - MS akademija<\/title>\n<meta name=\"robots\" content=\"index, follow, max-snippet:-1, max-image-preview:large, max-video-preview:-1\" \/>\n<link rel=\"canonical\" href=\"https:\/\/msakademija.com\/en\/product\/cream-eye-shadows-startint-paradise-23\/\" \/>\n<meta property=\"og:locale\" content=\"en_US\" \/>\n<meta property=\"og:type\" content=\"article\" \/>\n<meta property=\"og:title\" content=\"Kreminiai aki\u0173 \u0161e\u0161\u0117liai STARTINT PARADISE 23\" \/>\n<meta property=\"og:description\" content=\"Startint kreminiai aki\u0173 \u0161e\u0161eliai. U\u017etepkite aki\u0173 \u0161e\u0161\u0117lius aplikatoriumi arba teptuku. Saugoti nuo vaik\u0173. Saugoti nuo \u0161viesos. Laikyti sausoje, v\u0117sioje vietoje. Kiekis: 10ml Sud\u0117tis: Isododecane, Trimethylsiloxysilicate, Cyclopentasiloxane, Dimethicone, Calcium Sodium Borosilicate, Boron Nitride, Silica, Octyldodecyl Stearoyl Stearate, Phenyl Trimethicone, C30-45 Alkyl Cetearyl Dimethicone Crosspolymer, Cyclomethicone (and) Dimethicone Crosspolymer, Dimethicone \/Vinyltrimethylsiloxysilicate Crosspolymer, Microcrystalline Wax, Phenoxyethanol, Disteardimonium Hectorite, [...]\" \/>\n<meta property=\"og:url\" content=\"https:\/\/msakademija.com\/en\/product\/cream-eye-shadows-startint-paradise-23\/\" \/>\n<meta property=\"og:site_name\" content=\"MS akademija\" \/>\n<meta property=\"article:publisher\" content=\"https:\/\/www.facebook.com\/msakademijavilnius\/\" \/>\n<meta property=\"article:modified_time\" content=\"2024-06-19T12:58:32+00:00\" \/>\n<meta property=\"og:image\" content=\"https:\/\/msakademija.com\/wp-content\/uploads\/2021\/06\/23.jpg\" \/>\n\t<meta property=\"og:image:width\" content=\"970\" \/>\n\t<meta property=\"og:image:height\" content=\"1455\" \/>\n\t<meta property=\"og:image:type\" content=\"image\/jpeg\" \/>\n<meta name=\"twitter:card\" content=\"summary_large_image\" \/>\n<meta name=\"twitter:label1\" content=\"Price\" \/>\n\t<meta name=\"twitter:data1\" content=\"&euro;15.00\" \/>\n\t<meta name=\"twitter:label2\" content=\"Availability\" \/>\n\t<meta name=\"twitter:data2\" content=\"Out of stock\" \/>\n<script type=\"application\/ld+json\" class=\"yoast-schema-graph\">{\"@context\":\"https:\\\/\\\/schema.org\",\"@graph\":[{\"@type\":\"WebPage\",\"@id\":\"https:\\\/\\\/msakademija.com\\\/pl\\\/product\\\/kremowe-cienie-do-powiek-startint-paradise-23\\\/\",\"url\":\"https:\\\/\\\/msakademija.com\\\/pl\\\/product\\\/kremowe-cienie-do-powiek-startint-paradise-23\\\/\",\"name\":\"Kreminiai aki\u0173 \u0161e\u0161\u0117liai STARTINT PARADISE 23 - MS akademija\",\"isPartOf\":{\"@id\":\"https:\\\/\\\/msakademija.com\\\/#website\"},\"primaryImageOfPage\":{\"@id\":\"https:\\\/\\\/msakademija.com\\\/pl\\\/product\\\/kremowe-cienie-do-powiek-startint-paradise-23\\\/#primaryimage\"},\"image\":{\"@id\":\"https:\\\/\\\/msakademija.com\\\/pl\\\/product\\\/kremowe-cienie-do-powiek-startint-paradise-23\\\/#primaryimage\"},\"thumbnailUrl\":\"https:\\\/\\\/msakademija.com\\\/wp-content\\\/uploads\\\/2021\\\/06\\\/23.jpg\",\"datePublished\":\"2021-06-22T12:28:28+00:00\",\"dateModified\":\"2024-06-19T12:58:32+00:00\",\"breadcrumb\":{\"@id\":\"https:\\\/\\\/msakademija.com\\\/pl\\\/product\\\/kremowe-cienie-do-powiek-startint-paradise-23\\\/#breadcrumb\"},\"inLanguage\":\"en-US\",\"potentialAction\":[{\"@type\":\"ReadAction\",\"target\":[\"https:\\\/\\\/msakademija.com\\\/pl\\\/product\\\/kremowe-cienie-do-powiek-startint-paradise-23\\\/\"]}]},{\"@type\":\"ImageObject\",\"inLanguage\":\"en-US\",\"@id\":\"https:\\\/\\\/msakademija.com\\\/pl\\\/product\\\/kremowe-cienie-do-powiek-startint-paradise-23\\\/#primaryimage\",\"url\":\"https:\\\/\\\/msakademija.com\\\/wp-content\\\/uploads\\\/2021\\\/06\\\/23.jpg\",\"contentUrl\":\"https:\\\/\\\/msakademija.com\\\/wp-content\\\/uploads\\\/2021\\\/06\\\/23.jpg\",\"width\":970,\"height\":1455},{\"@type\":\"BreadcrumbList\",\"@id\":\"https:\\\/\\\/msakademija.com\\\/pl\\\/product\\\/kremowe-cienie-do-powiek-startint-paradise-23\\\/#breadcrumb\",\"itemListElement\":[{\"@type\":\"ListItem\",\"position\":1,\"name\":\"Home\",\"item\":\"https:\\\/\\\/msakademija.com\\\/\"},{\"@type\":\"ListItem\",\"position\":2,\"name\":\"Parduotuv\u0117\",\"item\":\"https:\\\/\\\/msakademija.com\\\/makiazo-priemoniu-parduotuve\\\/\"},{\"@type\":\"ListItem\",\"position\":3,\"name\":\"Kreminiai aki\u0173 \u0161e\u0161\u0117liai STARTINT PARADISE 23\"}]},{\"@type\":\"WebSite\",\"@id\":\"https:\\\/\\\/msakademija.com\\\/#website\",\"url\":\"https:\\\/\\\/msakademija.com\\\/\",\"name\":\"MS akademija\",\"description\":\"Makia\u017eo ir \u0161ukuosenos akademija\",\"publisher\":{\"@id\":\"https:\\\/\\\/msakademija.com\\\/#organization\"},\"potentialAction\":[{\"@type\":\"SearchAction\",\"target\":{\"@type\":\"EntryPoint\",\"urlTemplate\":\"https:\\\/\\\/msakademija.com\\\/?s={search_term_string}\"},\"query-input\":{\"@type\":\"PropertyValueSpecification\",\"valueRequired\":true,\"valueName\":\"search_term_string\"}}],\"inLanguage\":\"en-US\"},{\"@type\":\"Organization\",\"@id\":\"https:\\\/\\\/msakademija.com\\\/#organization\",\"name\":\"MS akademija\",\"url\":\"https:\\\/\\\/msakademija.com\\\/\",\"logo\":{\"@type\":\"ImageObject\",\"inLanguage\":\"en-US\",\"@id\":\"https:\\\/\\\/msakademija.com\\\/#\\\/schema\\\/logo\\\/image\\\/\",\"url\":\"https:\\\/\\\/msakademija.com\\\/wp-content\\\/uploads\\\/2021\\\/05\\\/logo_juodas_HEADERMS.png\",\"contentUrl\":\"https:\\\/\\\/msakademija.com\\\/wp-content\\\/uploads\\\/2021\\\/05\\\/logo_juodas_HEADERMS.png\",\"width\":500,\"height\":210,\"caption\":\"MS akademija\"},\"image\":{\"@id\":\"https:\\\/\\\/msakademija.com\\\/#\\\/schema\\\/logo\\\/image\\\/\"},\"sameAs\":[\"https:\\\/\\\/www.facebook.com\\\/msakademijavilnius\\\/\",\"https:\\\/\\\/www.instagram.com\\\/msakademija\\\/\"]}]}<\/script>\n<meta property=\"product:brand\" content=\"Alena Tofil\" \/>\n<meta property=\"product:price:amount\" content=\"15.00\" \/>\n<meta property=\"product:price:currency\" content=\"EUR\" \/>\n<meta property=\"og:availability\" content=\"out of stock\" \/>\n<meta property=\"product:availability\" content=\"out of stock\" \/>\n<meta property=\"product:condition\" content=\"new\" \/>\n<!-- \/ Yoast SEO Premium plugin. -->","yoast_head_json":{"title":"Cream eyeshadow STARTINT PARADISE 23 - MS akademija","robots":{"index":"index","follow":"follow","max-snippet":"max-snippet:-1","max-image-preview":"max-image-preview:large","max-video-preview":"max-video-preview:-1"},"canonical":"https:\/\/msakademija.com\/en\/product\/cream-eye-shadows-startint-paradise-23\/","og_locale":"en_US","og_type":"article","og_title":"Kreminiai aki\u0173 \u0161e\u0161\u0117liai STARTINT PARADISE 23","og_description":"Startint kreminiai aki\u0173 \u0161e\u0161eliai. U\u017etepkite aki\u0173 \u0161e\u0161\u0117lius aplikatoriumi arba teptuku. Saugoti nuo vaik\u0173. Saugoti nuo \u0161viesos. Laikyti sausoje, v\u0117sioje vietoje. Kiekis: 10ml Sud\u0117tis: Isododecane, Trimethylsiloxysilicate, Cyclopentasiloxane, Dimethicone, Calcium Sodium Borosilicate, Boron Nitride, Silica, Octyldodecyl Stearoyl Stearate, Phenyl Trimethicone, C30-45 Alkyl Cetearyl Dimethicone Crosspolymer, Cyclomethicone (and) Dimethicone Crosspolymer, Dimethicone \/Vinyltrimethylsiloxysilicate Crosspolymer, Microcrystalline Wax, Phenoxyethanol, Disteardimonium Hectorite, [...]","og_url":"https:\/\/msakademija.com\/en\/product\/cream-eye-shadows-startint-paradise-23\/","og_site_name":"MS akademija","article_publisher":"https:\/\/www.facebook.com\/msakademijavilnius\/","article_modified_time":"2024-06-19T12:58:32+00:00","og_image":[{"width":970,"height":1455,"url":"https:\/\/msakademija.com\/wp-content\/uploads\/2021\/06\/23.jpg","type":"image\/jpeg"}],"twitter_card":"summary_large_image","twitter_misc":{"Price":"&euro;15.00","Availability":"Out of stock"},"schema":{"@context":"https:\/\/schema.org","@graph":[{"@type":"WebPage","@id":"https:\/\/msakademija.com\/pl\/product\/kremowe-cienie-do-powiek-startint-paradise-23\/","url":"https:\/\/msakademija.com\/pl\/product\/kremowe-cienie-do-powiek-startint-paradise-23\/","name":"Cream eyeshadow STARTINT PARADISE 23 - MS akademija","isPartOf":{"@id":"https:\/\/msakademija.com\/#website"},"primaryImageOfPage":{"@id":"https:\/\/msakademija.com\/pl\/product\/kremowe-cienie-do-powiek-startint-paradise-23\/#primaryimage"},"image":{"@id":"https:\/\/msakademija.com\/pl\/product\/kremowe-cienie-do-powiek-startint-paradise-23\/#primaryimage"},"thumbnailUrl":"https:\/\/msakademija.com\/wp-content\/uploads\/2021\/06\/23.jpg","datePublished":"2021-06-22T12:28:28+00:00","dateModified":"2024-06-19T12:58:32+00:00","breadcrumb":{"@id":"https:\/\/msakademija.com\/pl\/product\/kremowe-cienie-do-powiek-startint-paradise-23\/#breadcrumb"},"inLanguage":"en-US","potentialAction":[{"@type":"ReadAction","target":["https:\/\/msakademija.com\/pl\/product\/kremowe-cienie-do-powiek-startint-paradise-23\/"]}]},{"@type":"ImageObject","inLanguage":"en-US","@id":"https:\/\/msakademija.com\/pl\/product\/kremowe-cienie-do-powiek-startint-paradise-23\/#primaryimage","url":"https:\/\/msakademija.com\/wp-content\/uploads\/2021\/06\/23.jpg","contentUrl":"https:\/\/msakademija.com\/wp-content\/uploads\/2021\/06\/23.jpg","width":970,"height":1455},{"@type":"BreadcrumbList","@id":"https:\/\/msakademija.com\/pl\/product\/kremowe-cienie-do-powiek-startint-paradise-23\/#breadcrumb","itemListElement":[{"@type":"ListItem","position":1,"name":"Home","item":"https:\/\/msakademija.com\/"},{"@type":"ListItem","position":2,"name":"Parduotuv\u0117","item":"https:\/\/msakademija.com\/makiazo-priemoniu-parduotuve\/"},{"@type":"ListItem","position":3,"name":"Kreminiai aki\u0173 \u0161e\u0161\u0117liai STARTINT PARADISE 23"}]},{"@type":"WebSite","@id":"https:\/\/msakademija.com\/#website","url":"https:\/\/msakademija.com\/","name":"MS Academy","description":"Make-up and Hair Academy","publisher":{"@id":"https:\/\/msakademija.com\/#organization"},"potentialAction":[{"@type":"SearchAction","target":{"@type":"EntryPoint","urlTemplate":"https:\/\/msakademija.com\/?s={search_term_string}"},"query-input":{"@type":"PropertyValueSpecification","valueRequired":true,"valueName":"search_term_string"}}],"inLanguage":"en-US"},{"@type":"Organization","@id":"https:\/\/msakademija.com\/#organization","name":"MS Academy","url":"https:\/\/msakademija.com\/","logo":{"@type":"ImageObject","inLanguage":"en-US","@id":"https:\/\/msakademija.com\/#\/schema\/logo\/image\/","url":"https:\/\/msakademija.com\/wp-content\/uploads\/2021\/05\/logo_juodas_HEADERMS.png","contentUrl":"https:\/\/msakademija.com\/wp-content\/uploads\/2021\/05\/logo_juodas_HEADERMS.png","width":500,"height":210,"caption":"MS akademija"},"image":{"@id":"https:\/\/msakademija.com\/#\/schema\/logo\/image\/"},"sameAs":["https:\/\/www.facebook.com\/msakademijavilnius\/","https:\/\/www.instagram.com\/msakademija\/"]}]},"product_brand":"Alena Tofil","product_price_amount":"15.00","product_price_currency":"EUR","og_availability":"out of stock","product_availability":"out of stock","product_condition":"new"},"jetpack_sharing_enabled":true,"_links":{"self":[{"href":"https:\/\/msakademija.com\/en\/wp-json\/wp\/v2\/product\/6646","targetHints":{"allow":["GET"]}}],"collection":[{"href":"https:\/\/msakademija.com\/en\/wp-json\/wp\/v2\/product"}],"about":[{"href":"https:\/\/msakademija.com\/en\/wp-json\/wp\/v2\/types\/product"}],"replies":[{"embeddable":true,"href":"https:\/\/msakademija.com\/en\/wp-json\/wp\/v2\/comments?post=6646"}],"wp:featuredmedia":[{"embeddable":true,"href":"https:\/\/msakademija.com\/en\/wp-json\/wp\/v2\/media\/6616"}],"wp:attachment":[{"href":"https:\/\/msakademija.com\/en\/wp-json\/wp\/v2\/media?parent=6646"}],"wp:term":[{"taxonomy":"product_brand","embeddable":true,"href":"https:\/\/msakademija.com\/en\/wp-json\/wp\/v2\/product_brand?post=6646"},{"taxonomy":"product_cat","embeddable":true,"href":"https:\/\/msakademija.com\/en\/wp-json\/wp\/v2\/product_cat?post=6646"},{"taxonomy":"product_tag","embeddable":true,"href":"https:\/\/msakademija.com\/en\/wp-json\/wp\/v2\/product_tag?post=6646"}],"curies":[{"name":"wp","href":"https:\/\/api.w.org\/{rel}","templated":true}]}}