{"id":7222,"date":"2021-09-10T08:15:49","date_gmt":"2021-09-10T05:15:49","guid":{"rendered":"https:\/\/msakademija.com\/?post_type=product&#038;p=7222"},"modified":"2026-04-26T16:42:41","modified_gmt":"2026-04-26T13:42:41","slug":"body-powder-spray","status":"publish","type":"product","link":"https:\/\/msakademija.com\/en\/produktas\/purskiama-kuno-pudra\/","title":{"rendered":"LEG &amp; BODY FOUNDATION Body &amp; Foot Powder Spray"},"content":{"rendered":"<p data-start=\"194\" data-end=\"381\"><strong>Body and Foot Spray Powder - for perfectly smooth and radiant skin<\/strong><\/p>\n<p data-start=\"194\" data-end=\"381\">Want smooth, glowing skin in all seasons? This Spray Powder helps you quickly\u00a0<strong>hide skin imperfections<\/strong>\u00a0- bruises, scars, redness, uneven tanning or broken blood vessels.<\/p>\n<p data-start=\"383\" data-end=\"615\"><strong>Lightweight, quick-drying formula<\/strong>\u00a0Gives a natural and even shade, a healthy glow and doesn't stain your clothes or bedding. Ideal for all skin types, whether for everyday use or for special occasions, photo shoots, when you want a perfect result.<\/p>\n<p>The product is not suitable for use on hair or eyebrows - it is recommended to cover these areas before spraying.<\/p>\n<p><strong>Shades:<\/strong><\/p>\n<ul>\n<li>Lightest (Fair ivory, Fair)<\/li>\n<li>Commonly used (Light, Medium)<\/li>\n<li>Darkest (Dark) - usually chosen to achieve a self-tanning effect.<\/li>\n<\/ul>\n<p>You can mix shades to achieve the perfect colour for your skin. Always have a few shades on hand so that you can mix and match as needed.<\/p>\n<p><strong>How to use?<\/strong><\/p>\n<ul>\n<li><strong>Spraying:<\/strong>\u00a0Spray the product onto your skin, holding the bottle about 20 cm away, to achieve a light and even effect. For a more pronounced result, spray closer, but you may need to spread the product more evenly and massage it into the skin using your hands or a brush.\u00a0<strong>Avoid spraying close to clothes or walls to avoid staining them.<\/strong><\/li>\n<li><strong>Drying:<\/strong>\u00a0After use, allow about 2-3 minutes for the product to dry and absorb into the skin. For best fixation, it is recommended to use a make-up fixer.<\/li>\n<li><strong>Cleaning:<\/strong>\u00a0The powder can be washed off using soap and warm water. It can also be cleaned using a make-up remover.<\/li>\n<\/ul>\n<p>*With proper skin care, the shade lasts up to several days.<\/p>\n<div class=\"elementor-element elementor-element-5531124 elementor-widget elementor-widget-heading\" data-id=\"5531124\" data-element_type=\"widget\" data-widget_type=\"heading.default\">\n<div class=\"elementor-widget-container\">\n<h2 class=\"elementor-heading-title elementor-size-default\">Long-lasting and even<\/h2>\n<\/div>\n<\/div>\n<div class=\"elementor-element elementor-element-b4b1f3e elementor-widget elementor-widget-text-editor\" data-id=\"b4b1f3e\" data-element_type=\"widget\" data-widget_type=\"text-editor.default\">\n<div class=\"elementor-widget-container\">\n<p data-pm-slice=\"1 1 []\">Forget uncomfortable tights and uneven skin tone - with\u00a0<strong>Alixavien Body &amp; Leg Foundation Spray<\/strong> body powder spray will leave your body looking smooth and glowing all year round, summer and winter. With proper skin care, the shade lasts up to several days.<\/p>\n<div class=\"elementor-element elementor-element-25d0aa1 elementor-widget elementor-widget-heading\" data-id=\"25d0aa1\" data-element_type=\"widget\" data-widget_type=\"heading.default\">\n<div class=\"elementor-widget-container\">\n<h2 class=\"elementor-heading-title elementor-size-default\">Perfectly masks skin imperfections<\/h2>\n<\/div>\n<\/div>\n<div class=\"elementor-element elementor-element-dfb71e7 elementor-widget elementor-widget-text-editor\" data-id=\"dfb71e7\" data-element_type=\"widget\" data-widget_type=\"text-editor.default\">\n<div class=\"elementor-widget-container\">\n<p>Alixavien Body and Leg Make-up Spray effectively conceals skin discolouration\u00a0<strong>unevenness, spots, blood vessels, bruises and other skin imperfections.<\/strong>\u00a0Thanks to high-quality ingredients, it ensures an even and natural skin tone.<\/p>\n<\/div>\n<\/div>\n<div class=\"elementor-element elementor-element-ae2c665 elementor-widget elementor-widget-heading\" data-id=\"ae2c665\" data-element_type=\"widget\" data-widget_type=\"heading.default\">\n<div class=\"elementor-widget-container\">\n<h2 class=\"elementor-heading-title elementor-size-default\">Suitable for all skin types<\/h2>\n<\/div>\n<\/div>\n<div class=\"elementor-element elementor-element-6cdd0ab elementor-widget elementor-widget-text-editor\" data-id=\"6cdd0ab\" data-element_type=\"widget\" data-widget_type=\"text-editor.default\">\n<div class=\"elementor-widget-container\">\n<p>The product is designed to be safe and effective for all skin types. Dermatologically tested, paraben and gluten free, so\u00a0<strong>suitable even for sensitive skin.<\/strong><\/p>\n<\/div>\n<\/div>\n<\/div>\n<\/div>","protected":false},"excerpt":{"rendered":"<p>Pur\u0161kiama k\u016bno ir koj\u0173 pudra \u2013 tobulai lygiai ir \u0161vytin\u010diai odai Norite lygios, \u0161vytin\u010dios odos bet kokiu met\u0173 laiku? \u0160i pur\u0161kiama pudra padeda greitai\u00a0pasl\u0117pti odos netobulumus\u00a0\u2013 m\u0117lynes, randelius, paraudimus, nelyg\u0173 \u012fdeg\u012f ar i\u0161ry\u0161k\u0117jusias kraujagysles. Lengva, greitai d\u017ei\u016bstanti formul\u0117\u00a0suteikia nat\u016bral\u0173 ir tolyg\u0173 atspalv\u012f, sveik\u0105 \u0161vyt\u0117jim\u0105 ir nepalieka d\u0117mi\u0173 ant j\u016bs\u0173 drabu\u017ei\u0173 ar patalyn\u0117s. Idealiai tinka vis\u0173 [&#8230;]\n","protected":false},"featured_media":11282,"comment_status":"open","ping_status":"closed","template":"","meta":[],"product_brand":[],"product_cat":[23],"product_tag":[184],"class_list":{"0":"post-7222","1":"product","2":"type-product","3":"status-publish","4":"has-post-thumbnail","6":"product_cat-makiazo-pagrindai","7":"product_tag-makiazo-pagrindas","9":"first","10":"instock","11":"sale","12":"shipping-taxable","13":"purchasable","14":"product-type-variable"},"yoast_head":"<!-- This site is optimized with the Yoast SEO Premium plugin v27.5 (Yoast SEO v27.5) - https:\/\/yoast.com\/product\/yoast-seo-premium-wordpress\/ -->\n<title>Pur\u0161kiama k\u016bno ir koj\u0173 pudra LEG &amp; BODY FOUNDATION - MS akademija<\/title>\n<meta name=\"description\" content=\"Pur\u0161kiama k\u016bno ir koj\u0173 pudra \u2013 tobulai lygiai ir \u0161vytin\u010diai odai. Lengva, greitai d\u017ei\u016bstanti formul\u0117. Su Alixavien Body &amp; Leg Foundation Spray j\u016bs\u0173 k\u016bnas atrodys glotnus ir \u0161velniai spindintis i\u0161tisus metus, tiek vasar\u0105, tiek \u017eiem\u0105.\" \/>\n<meta name=\"robots\" content=\"index, follow, max-snippet:-1, max-image-preview:large, max-video-preview:-1\" \/>\n<link rel=\"canonical\" href=\"https:\/\/msakademija.com\/en\/product\/body-powder-spray\/\" \/>\n<meta property=\"og:locale\" content=\"en_US\" \/>\n<meta property=\"og:type\" content=\"article\" \/>\n<meta property=\"og:title\" content=\"Pur\u0161kiama k\u016bno ir koj\u0173 pudra LEG &amp; BODY FOUNDATION\" \/>\n<meta property=\"og:description\" content=\"Pur\u0161kiama k\u016bno ir koj\u0173 pudra \u2013 tobulai lygiai ir \u0161vytin\u010diai odai. Lengva, greitai d\u017ei\u016bstanti formul\u0117. Su Alixavien Body &amp; Leg Foundation Spray j\u016bs\u0173 k\u016bnas atrodys glotnus ir \u0161velniai spindintis i\u0161tisus metus, tiek vasar\u0105, tiek \u017eiem\u0105.\" \/>\n<meta property=\"og:url\" content=\"https:\/\/msakademija.com\/en\/product\/body-powder-spray\/\" \/>\n<meta property=\"og:site_name\" content=\"MS akademija\" \/>\n<meta property=\"article:publisher\" content=\"https:\/\/www.facebook.com\/msakademijavilnius\/\" \/>\n<meta property=\"article:modified_time\" content=\"2026-04-26T13:42:41+00:00\" \/>\n<meta property=\"og:image\" content=\"https:\/\/msakademija.com\/wp-content\/uploads\/2021\/09\/t41ix8ot.png\" \/>\n\t<meta property=\"og:image:width\" content=\"1800\" \/>\n\t<meta property=\"og:image:height\" content=\"1800\" \/>\n\t<meta property=\"og:image:type\" content=\"image\/png\" \/>\n<meta name=\"twitter:card\" content=\"summary_large_image\" \/>\n<meta name=\"twitter:label1\" content=\"Availability\" \/>\n\t<meta name=\"twitter:data1\" content=\"In stock\" \/>\n<script type=\"application\/ld+json\" class=\"yoast-schema-graph\">{\"@context\":\"https:\\\/\\\/schema.org\",\"@graph\":[{\"@type\":\"WebPage\",\"@id\":\"https:\\\/\\\/msakademija.com\\\/produktas\\\/purskiama-kuno-pudra\\\/\",\"url\":\"https:\\\/\\\/msakademija.com\\\/produktas\\\/purskiama-kuno-pudra\\\/\",\"name\":\"Pur\u0161kiama k\u016bno ir koj\u0173 pudra LEG & BODY FOUNDATION - MS akademija\",\"isPartOf\":{\"@id\":\"https:\\\/\\\/msakademija.com\\\/#website\"},\"primaryImageOfPage\":{\"@id\":\"https:\\\/\\\/msakademija.com\\\/produktas\\\/purskiama-kuno-pudra\\\/#primaryimage\"},\"image\":{\"@id\":\"https:\\\/\\\/msakademija.com\\\/produktas\\\/purskiama-kuno-pudra\\\/#primaryimage\"},\"thumbnailUrl\":\"https:\\\/\\\/msakademija.com\\\/wp-content\\\/uploads\\\/2021\\\/09\\\/t41ix8ot.png\",\"datePublished\":\"2021-09-10T05:15:49+00:00\",\"dateModified\":\"2026-04-26T13:42:41+00:00\",\"description\":\"Pur\u0161kiama k\u016bno ir koj\u0173 pudra \u2013 tobulai lygiai ir \u0161vytin\u010diai odai. Lengva, greitai d\u017ei\u016bstanti formul\u0117. Su Alixavien Body & Leg Foundation Spray j\u016bs\u0173 k\u016bnas atrodys glotnus ir \u0161velniai spindintis i\u0161tisus metus, tiek vasar\u0105, tiek \u017eiem\u0105.\",\"breadcrumb\":{\"@id\":\"https:\\\/\\\/msakademija.com\\\/produktas\\\/purskiama-kuno-pudra\\\/#breadcrumb\"},\"inLanguage\":\"en-US\",\"potentialAction\":[{\"@type\":\"ReadAction\",\"target\":[\"https:\\\/\\\/msakademija.com\\\/produktas\\\/purskiama-kuno-pudra\\\/\"]}]},{\"@type\":\"ImageObject\",\"inLanguage\":\"en-US\",\"@id\":\"https:\\\/\\\/msakademija.com\\\/produktas\\\/purskiama-kuno-pudra\\\/#primaryimage\",\"url\":\"https:\\\/\\\/msakademija.com\\\/wp-content\\\/uploads\\\/2021\\\/09\\\/t41ix8ot.png\",\"contentUrl\":\"https:\\\/\\\/msakademija.com\\\/wp-content\\\/uploads\\\/2021\\\/09\\\/t41ix8ot.png\",\"width\":1800,\"height\":1800,\"caption\":\"alix avien\"},{\"@type\":\"BreadcrumbList\",\"@id\":\"https:\\\/\\\/msakademija.com\\\/produktas\\\/purskiama-kuno-pudra\\\/#breadcrumb\",\"itemListElement\":[{\"@type\":\"ListItem\",\"position\":1,\"name\":\"Home\",\"item\":\"https:\\\/\\\/msakademija.com\\\/\"},{\"@type\":\"ListItem\",\"position\":2,\"name\":\"Parduotuv\u0117\",\"item\":\"https:\\\/\\\/msakademija.com\\\/makiazo-priemoniu-parduotuve\\\/\"},{\"@type\":\"ListItem\",\"position\":3,\"name\":\"Pur\u0161kiama k\u016bno ir koj\u0173 pudra LEG &#038; BODY FOUNDATION\"}]},{\"@type\":\"WebSite\",\"@id\":\"https:\\\/\\\/msakademija.com\\\/#website\",\"url\":\"https:\\\/\\\/msakademija.com\\\/\",\"name\":\"MS akademija\",\"description\":\"Makia\u017eo ir \u0161ukuosenos akademija\",\"publisher\":{\"@id\":\"https:\\\/\\\/msakademija.com\\\/#organization\"},\"potentialAction\":[{\"@type\":\"SearchAction\",\"target\":{\"@type\":\"EntryPoint\",\"urlTemplate\":\"https:\\\/\\\/msakademija.com\\\/?s={search_term_string}\"},\"query-input\":{\"@type\":\"PropertyValueSpecification\",\"valueRequired\":true,\"valueName\":\"search_term_string\"}}],\"inLanguage\":\"en-US\"},{\"@type\":\"Organization\",\"@id\":\"https:\\\/\\\/msakademija.com\\\/#organization\",\"name\":\"MS akademija\",\"url\":\"https:\\\/\\\/msakademija.com\\\/\",\"logo\":{\"@type\":\"ImageObject\",\"inLanguage\":\"en-US\",\"@id\":\"https:\\\/\\\/msakademija.com\\\/#\\\/schema\\\/logo\\\/image\\\/\",\"url\":\"https:\\\/\\\/msakademija.com\\\/wp-content\\\/uploads\\\/2021\\\/05\\\/logo_juodas_HEADERMS.png\",\"contentUrl\":\"https:\\\/\\\/msakademija.com\\\/wp-content\\\/uploads\\\/2021\\\/05\\\/logo_juodas_HEADERMS.png\",\"width\":500,\"height\":210,\"caption\":\"MS akademija\"},\"image\":{\"@id\":\"https:\\\/\\\/msakademija.com\\\/#\\\/schema\\\/logo\\\/image\\\/\"},\"sameAs\":[\"https:\\\/\\\/www.facebook.com\\\/msakademijavilnius\\\/\",\"https:\\\/\\\/www.instagram.com\\\/msakademija\\\/\"]}]}<\/script>\n<meta property=\"product:brand\" content=\"Alixavien\" \/>\n<meta property=\"og:availability\" content=\"instock\" \/>\n<meta property=\"product:availability\" content=\"instock\" \/>\n<meta property=\"product:condition\" content=\"new\" \/>\n<!-- \/ Yoast SEO Premium plugin. -->","yoast_head_json":{"title":"LEG &amp; BODY FOUNDATION - MS akademija","description":"Body and foot powder for perfectly smooth and radiant skin. Lightweight, quick-drying formula. With Alixavien Body &amp; Leg Foundation Spray, your body will look smooth and glowing all year round, summer and winter.","robots":{"index":"index","follow":"follow","max-snippet":"max-snippet:-1","max-image-preview":"max-image-preview:large","max-video-preview":"max-video-preview:-1"},"canonical":"https:\/\/msakademija.com\/en\/product\/body-powder-spray\/","og_locale":"en_US","og_type":"article","og_title":"Pur\u0161kiama k\u016bno ir koj\u0173 pudra LEG & BODY FOUNDATION","og_description":"Pur\u0161kiama k\u016bno ir koj\u0173 pudra \u2013 tobulai lygiai ir \u0161vytin\u010diai odai. Lengva, greitai d\u017ei\u016bstanti formul\u0117. Su Alixavien Body & Leg Foundation Spray j\u016bs\u0173 k\u016bnas atrodys glotnus ir \u0161velniai spindintis i\u0161tisus metus, tiek vasar\u0105, tiek \u017eiem\u0105.","og_url":"https:\/\/msakademija.com\/en\/product\/body-powder-spray\/","og_site_name":"MS akademija","article_publisher":"https:\/\/www.facebook.com\/msakademijavilnius\/","article_modified_time":"2026-04-26T13:42:41+00:00","og_image":[{"width":1800,"height":1800,"url":"https:\/\/msakademija.com\/wp-content\/uploads\/2021\/09\/t41ix8ot.png","type":"image\/png"}],"twitter_card":"summary_large_image","twitter_misc":{"Availability":"In stock"},"schema":{"@context":"https:\/\/schema.org","@graph":[{"@type":"WebPage","@id":"https:\/\/msakademija.com\/produktas\/purskiama-kuno-pudra\/","url":"https:\/\/msakademija.com\/produktas\/purskiama-kuno-pudra\/","name":"LEG &amp; BODY FOUNDATION - MS akademija","isPartOf":{"@id":"https:\/\/msakademija.com\/#website"},"primaryImageOfPage":{"@id":"https:\/\/msakademija.com\/produktas\/purskiama-kuno-pudra\/#primaryimage"},"image":{"@id":"https:\/\/msakademija.com\/produktas\/purskiama-kuno-pudra\/#primaryimage"},"thumbnailUrl":"https:\/\/msakademija.com\/wp-content\/uploads\/2021\/09\/t41ix8ot.png","datePublished":"2021-09-10T05:15:49+00:00","dateModified":"2026-04-26T13:42:41+00:00","description":"Body and foot powder for perfectly smooth and radiant skin. Lightweight, quick-drying formula. With Alixavien Body &amp; Leg Foundation Spray, your body will look smooth and glowing all year round, summer and winter.","breadcrumb":{"@id":"https:\/\/msakademija.com\/produktas\/purskiama-kuno-pudra\/#breadcrumb"},"inLanguage":"en-US","potentialAction":[{"@type":"ReadAction","target":["https:\/\/msakademija.com\/produktas\/purskiama-kuno-pudra\/"]}]},{"@type":"ImageObject","inLanguage":"en-US","@id":"https:\/\/msakademija.com\/produktas\/purskiama-kuno-pudra\/#primaryimage","url":"https:\/\/msakademija.com\/wp-content\/uploads\/2021\/09\/t41ix8ot.png","contentUrl":"https:\/\/msakademija.com\/wp-content\/uploads\/2021\/09\/t41ix8ot.png","width":1800,"height":1800,"caption":"alix avien"},{"@type":"BreadcrumbList","@id":"https:\/\/msakademija.com\/produktas\/purskiama-kuno-pudra\/#breadcrumb","itemListElement":[{"@type":"ListItem","position":1,"name":"Home","item":"https:\/\/msakademija.com\/"},{"@type":"ListItem","position":2,"name":"Parduotuv\u0117","item":"https:\/\/msakademija.com\/makiazo-priemoniu-parduotuve\/"},{"@type":"ListItem","position":3,"name":"Pur\u0161kiama k\u016bno ir koj\u0173 pudra LEG &#038; BODY FOUNDATION"}]},{"@type":"WebSite","@id":"https:\/\/msakademija.com\/#website","url":"https:\/\/msakademija.com\/","name":"MS Academy","description":"Make-up and Hair Academy","publisher":{"@id":"https:\/\/msakademija.com\/#organization"},"potentialAction":[{"@type":"SearchAction","target":{"@type":"EntryPoint","urlTemplate":"https:\/\/msakademija.com\/?s={search_term_string}"},"query-input":{"@type":"PropertyValueSpecification","valueRequired":true,"valueName":"search_term_string"}}],"inLanguage":"en-US"},{"@type":"Organization","@id":"https:\/\/msakademija.com\/#organization","name":"MS Academy","url":"https:\/\/msakademija.com\/","logo":{"@type":"ImageObject","inLanguage":"en-US","@id":"https:\/\/msakademija.com\/#\/schema\/logo\/image\/","url":"https:\/\/msakademija.com\/wp-content\/uploads\/2021\/05\/logo_juodas_HEADERMS.png","contentUrl":"https:\/\/msakademija.com\/wp-content\/uploads\/2021\/05\/logo_juodas_HEADERMS.png","width":500,"height":210,"caption":"MS akademija"},"image":{"@id":"https:\/\/msakademija.com\/#\/schema\/logo\/image\/"},"sameAs":["https:\/\/www.facebook.com\/msakademijavilnius\/","https:\/\/www.instagram.com\/msakademija\/"]}]},"product_brand":"Alixavien","og_availability":"instock","product_availability":"instock","product_condition":"new"},"jetpack_sharing_enabled":true,"_links":{"self":[{"href":"https:\/\/msakademija.com\/en\/wp-json\/wp\/v2\/product\/7222","targetHints":{"allow":["GET"]}}],"collection":[{"href":"https:\/\/msakademija.com\/en\/wp-json\/wp\/v2\/product"}],"about":[{"href":"https:\/\/msakademija.com\/en\/wp-json\/wp\/v2\/types\/product"}],"replies":[{"embeddable":true,"href":"https:\/\/msakademija.com\/en\/wp-json\/wp\/v2\/comments?post=7222"}],"wp:featuredmedia":[{"embeddable":true,"href":"https:\/\/msakademija.com\/en\/wp-json\/wp\/v2\/media\/11282"}],"wp:attachment":[{"href":"https:\/\/msakademija.com\/en\/wp-json\/wp\/v2\/media?parent=7222"}],"wp:term":[{"taxonomy":"product_brand","embeddable":true,"href":"https:\/\/msakademija.com\/en\/wp-json\/wp\/v2\/product_brand?post=7222"},{"taxonomy":"product_cat","embeddable":true,"href":"https:\/\/msakademija.com\/en\/wp-json\/wp\/v2\/product_cat?post=7222"},{"taxonomy":"product_tag","embeddable":true,"href":"https:\/\/msakademija.com\/en\/wp-json\/wp\/v2\/product_tag?post=7222"}],"curies":[{"name":"wp","href":"https:\/\/api.w.org\/{rel}","templated":true}]}}