{"id":8373,"date":"2022-10-22T19:33:34","date_gmt":"2022-10-22T16:33:34","guid":{"rendered":"https:\/\/msakademija.com\/?post_type=product&#038;p=8373"},"modified":"2025-05-23T12:52:55","modified_gmt":"2025-05-23T09:52:55","slug":"gift-voucher","status":"publish","type":"product","link":"https:\/\/msakademija.com\/en\/produktas\/dovanu-kuponas\/","title":{"rendered":"GIFT VOUCHER : MAKE-UP LESSON FOR YOURSELF"},"content":{"rendered":"<h3>GIFT VOUCHER:<\/h3>\n<p>INDIVIDUAL SELF-MAKE-UP LESSON<\/p>\n<p>GIFT VOUCHER VALID FOR 3 MONTHS<\/p>\n<p>THE VOUCHER IS NON-REFUNDABLE AND NON-EXCHANGEABLE FOR CASH<\/p>\n<p><strong>Gift voucher - MAKEUP COURSES FOR GIRLS AND WOMEN WHO WANT TO LOOK GOOD EVERY DAY. DURING THE COURSE, YOU WILL LEARN HOW TO CHOOSE THE RIGHT COSMETICS AND MAKE-UP TOOLS, AND HOW TO QUICKLY AND EFFICIENTLY APPLY YOUR DAY OR EVENING MAKE-UP.<\/strong><\/p>\n<p>All tools, brushes and cosmetics are provided free of charge.<\/p>\n<h4>Gift voucher . FINISH YOUR COURSE:<br \/>\n1. Learn how to get a beautiful make-up look for any occasion, from day to night. You'll be even more beautiful and confident!<br \/>\n2. You can have a gorgeous make-up look in 15 minutes. You'll easily understand how to hide your imperfections and enhance your natural beauty<\/h4>\n<p>3. After the course, you will become YOUR OWN VISUALIST.. You will learn to understand everything about make-up brushes, cosmetics and other products.<br \/>\n4. You will understand how to care for problem skin and how to hide skin imperfections<br \/>\n5. Learn what you need to have in your cosmetic cabinet and what you can easily give up<br \/>\n6. You will receive a certificate of participation in the course<\/p>\n<h4>CLASSIC EVENING MAKE-UP<\/h4>\n<p>- Choice of long-lasting substrate. Masking problem areas of the face. Face modelling with the popular Strobing technique. The secrets of the glowing skin effect.<\/p>\n<p>- Correction of eye shape. Eye make-up in brighter colours. Use of glitter in make-up.<\/p>\n<p>- Drawing the eyeliner (pencil or liner). Application of false eyelashes<\/p>\n<p>- Eyebrow make-up. Methods of correcting the shape of the eyebrows<br \/>\n- Features of colouring the regular lip shape. The best tools for lip make-up . Specifics of fixing the tools<\/p>\n<p>The gift voucher is valid for 3 months. THE VOUCHER IS NON-REFUNDABLE AND NON-EXCHANGEABLE. It is also not exchangeable for other services or cosmetics.<\/p>\n<p>Registration can be done by phone +37067205534 or by email info@msakademija.com.<\/p>\n<p>The gift voucher is personalised. Please specify in the comment who it will be addressed to<\/p>\n<p>Registration for the Make-up Yourself lesson is only available on weekdays from 9am to 4pm.<\/p>","protected":false},"excerpt":{"rendered":"<p>DOVAN\u0172 KUPONAS: INDIVIDUALI MAKIA\u017dO SAU PAMOKA DOVAN\u0172 KUPONAS GALIOJA 3 M\u0116NESIUS KUPONAS NEG\u0104\u017dINAMAS IR \u012e PINIGUS NEKEI\u010cIAMAS Dovan\u0173 kuponas &#8211; MAKIA\u017dO SAU KURSAI, MERGINOMS IR MOTERIMS, KURIOMS SVARBU ATRODYTI PUIKIAI KIEKVIEN\u0104 DIEN\u0104. KURS\u0172 METU I\u0160MOKSITE PASIRINKTI TINKAM\u0104 KOSMETIK\u0104 IR PRIEMONES MAKIA\u017dUI ATLIKTI BEI GREITAI IR KOKYBI\u0160KAI PASIDARYTI SAU DIENIN\u012e ARBA VAKARIN\u012e MAKIA\u017d\u0104. Visos priemon\u0117s, teptukai [&#8230;]\n","protected":false},"featured_media":9902,"comment_status":"open","ping_status":"closed","template":"","meta":[],"product_brand":[],"product_cat":[117],"product_tag":[120],"class_list":{"0":"post-8373","1":"product","2":"type-product","3":"status-publish","4":"has-post-thumbnail","6":"product_cat-kursai","7":"product_tag-dovana-dovanu-kuponas","9":"first","10":"instock","11":"virtual","12":"purchasable","13":"product-type-simple"},"yoast_head":"<!-- This site is optimized with the Yoast SEO Premium plugin v27.5 (Yoast SEO v27.5) - https:\/\/yoast.com\/product\/yoast-seo-premium-wordpress\/ -->\n<title>DOVAN\u0172 KUPONAS : MAKIA\u017dO SAU PAMOKA - MS akademija<\/title>\n<meta name=\"description\" content=\"DOVAN\u0172 KUPONAS. INDIVIDUALI MAKIA\u017dO SAU PAMOKA. PUIKI DOVANA MAMAI, DRAUGEI, \u017dMONAI art\u0117jan\u010di\u0173 \u0161ven\u010di\u0173 proga. Galioja net 3 m\u0117nesius\" \/>\n<meta name=\"robots\" content=\"index, follow, max-snippet:-1, max-image-preview:large, max-video-preview:-1\" \/>\n<link rel=\"canonical\" href=\"https:\/\/msakademija.com\/en\/product\/gift-voucher\/\" \/>\n<meta property=\"og:locale\" content=\"en_US\" \/>\n<meta property=\"og:type\" content=\"article\" \/>\n<meta property=\"og:title\" content=\"DOVAN\u0172 KUPONAS : MAKIA\u017dO SAU PAMOKA\" \/>\n<meta property=\"og:description\" content=\"DOVAN\u0172 KUPONAS. INDIVIDUALI MAKIA\u017dO SAU PAMOKA. PUIKI DOVANA MAMAI, DRAUGEI, \u017dMONAI art\u0117jan\u010di\u0173 \u0161ven\u010di\u0173 proga. Galioja net 3 m\u0117nesius\" \/>\n<meta property=\"og:url\" content=\"https:\/\/msakademija.com\/en\/product\/gift-voucher\/\" \/>\n<meta property=\"og:site_name\" content=\"MS akademija\" \/>\n<meta property=\"article:publisher\" content=\"https:\/\/www.facebook.com\/msakademijavilnius\/\" \/>\n<meta property=\"article:modified_time\" content=\"2025-05-23T09:52:55+00:00\" \/>\n<meta property=\"og:image\" content=\"https:\/\/msakademija.com\/wp-content\/uploads\/2024\/04\/img_5686-1.png\" \/>\n\t<meta property=\"og:image:width\" content=\"1748\" \/>\n\t<meta property=\"og:image:height\" content=\"1240\" \/>\n\t<meta property=\"og:image:type\" content=\"image\/png\" \/>\n<meta name=\"twitter:card\" content=\"summary_large_image\" \/>\n<meta name=\"twitter:label1\" content=\"Price\" \/>\n\t<meta name=\"twitter:data1\" content=\"&euro;150.00\" \/>\n\t<meta name=\"twitter:label2\" content=\"Availability\" \/>\n\t<meta name=\"twitter:data2\" content=\"In stock\" \/>\n<script type=\"application\/ld+json\" class=\"yoast-schema-graph\">{\"@context\":\"https:\\\/\\\/schema.org\",\"@graph\":[{\"@type\":\"WebPage\",\"@id\":\"https:\\\/\\\/msakademija.com\\\/en\\\/product\\\/gift-voucher\\\/\",\"url\":\"https:\\\/\\\/msakademija.com\\\/en\\\/product\\\/gift-voucher\\\/\",\"name\":\"DOVAN\u0172 KUPONAS : MAKIA\u017dO SAU PAMOKA - MS akademija\",\"isPartOf\":{\"@id\":\"https:\\\/\\\/msakademija.com\\\/#website\"},\"primaryImageOfPage\":{\"@id\":\"https:\\\/\\\/msakademija.com\\\/en\\\/product\\\/gift-voucher\\\/#primaryimage\"},\"image\":{\"@id\":\"https:\\\/\\\/msakademija.com\\\/en\\\/product\\\/gift-voucher\\\/#primaryimage\"},\"thumbnailUrl\":\"https:\\\/\\\/msakademija.com\\\/wp-content\\\/uploads\\\/2024\\\/04\\\/img_5686-1.png\",\"datePublished\":\"2022-10-22T16:33:34+00:00\",\"dateModified\":\"2025-05-23T09:52:55+00:00\",\"description\":\"DOVAN\u0172 KUPONAS. INDIVIDUALI MAKIA\u017dO SAU PAMOKA. PUIKI DOVANA MAMAI, DRAUGEI, \u017dMONAI art\u0117jan\u010di\u0173 \u0161ven\u010di\u0173 proga. Galioja net 3 m\u0117nesius\",\"breadcrumb\":{\"@id\":\"https:\\\/\\\/msakademija.com\\\/en\\\/product\\\/gift-voucher\\\/#breadcrumb\"},\"inLanguage\":\"en-US\",\"potentialAction\":[{\"@type\":\"ReadAction\",\"target\":[\"https:\\\/\\\/msakademija.com\\\/en\\\/product\\\/gift-voucher\\\/\"]}]},{\"@type\":\"ImageObject\",\"inLanguage\":\"en-US\",\"@id\":\"https:\\\/\\\/msakademija.com\\\/en\\\/product\\\/gift-voucher\\\/#primaryimage\",\"url\":\"https:\\\/\\\/msakademija.com\\\/wp-content\\\/uploads\\\/2024\\\/04\\\/img_5686-1.png\",\"contentUrl\":\"https:\\\/\\\/msakademija.com\\\/wp-content\\\/uploads\\\/2024\\\/04\\\/img_5686-1.png\",\"width\":1748,\"height\":1240},{\"@type\":\"BreadcrumbList\",\"@id\":\"https:\\\/\\\/msakademija.com\\\/en\\\/product\\\/gift-voucher\\\/#breadcrumb\",\"itemListElement\":[{\"@type\":\"ListItem\",\"position\":1,\"name\":\"Home\",\"item\":\"https:\\\/\\\/msakademija.com\\\/\"},{\"@type\":\"ListItem\",\"position\":2,\"name\":\"Parduotuv\u0117\",\"item\":\"https:\\\/\\\/msakademija.com\\\/makiazo-priemoniu-parduotuve\\\/\"},{\"@type\":\"ListItem\",\"position\":3,\"name\":\"DOVAN\u0172 KUPONAS : MAKIA\u017dO SAU PAMOKA\"}]},{\"@type\":\"WebSite\",\"@id\":\"https:\\\/\\\/msakademija.com\\\/#website\",\"url\":\"https:\\\/\\\/msakademija.com\\\/\",\"name\":\"MS akademija\",\"description\":\"Makia\u017eo ir \u0161ukuosenos akademija\",\"publisher\":{\"@id\":\"https:\\\/\\\/msakademija.com\\\/#organization\"},\"potentialAction\":[{\"@type\":\"SearchAction\",\"target\":{\"@type\":\"EntryPoint\",\"urlTemplate\":\"https:\\\/\\\/msakademija.com\\\/?s={search_term_string}\"},\"query-input\":{\"@type\":\"PropertyValueSpecification\",\"valueRequired\":true,\"valueName\":\"search_term_string\"}}],\"inLanguage\":\"en-US\"},{\"@type\":\"Organization\",\"@id\":\"https:\\\/\\\/msakademija.com\\\/#organization\",\"name\":\"MS akademija\",\"url\":\"https:\\\/\\\/msakademija.com\\\/\",\"logo\":{\"@type\":\"ImageObject\",\"inLanguage\":\"en-US\",\"@id\":\"https:\\\/\\\/msakademija.com\\\/#\\\/schema\\\/logo\\\/image\\\/\",\"url\":\"https:\\\/\\\/msakademija.com\\\/wp-content\\\/uploads\\\/2021\\\/05\\\/logo_juodas_HEADERMS.png\",\"contentUrl\":\"https:\\\/\\\/msakademija.com\\\/wp-content\\\/uploads\\\/2021\\\/05\\\/logo_juodas_HEADERMS.png\",\"width\":500,\"height\":210,\"caption\":\"MS akademija\"},\"image\":{\"@id\":\"https:\\\/\\\/msakademija.com\\\/#\\\/schema\\\/logo\\\/image\\\/\"},\"sameAs\":[\"https:\\\/\\\/www.facebook.com\\\/msakademijavilnius\\\/\",\"https:\\\/\\\/www.instagram.com\\\/msakademija\\\/\"]}]}<\/script>\n<meta property=\"product:price:amount\" content=\"150.00\" \/>\n<meta property=\"product:price:currency\" content=\"EUR\" \/>\n<meta property=\"og:availability\" content=\"instock\" \/>\n<meta property=\"product:availability\" content=\"instock\" \/>\n<meta property=\"product:condition\" content=\"new\" \/>\n<!-- \/ Yoast SEO Premium plugin. -->","yoast_head_json":{"title":"GIFT COUPON : MAKE YOUR OWN HOUSE - MS akademija","description":"GIFT VOUCHER. INDIVIDUAL MAKE-AWAY GIFT. PERFECT GIFT FOR MOM, FRIEND, PEOPLE on the occasion of the upcoming holidays. Valid even for 3 months","robots":{"index":"index","follow":"follow","max-snippet":"max-snippet:-1","max-image-preview":"max-image-preview:large","max-video-preview":"max-video-preview:-1"},"canonical":"https:\/\/msakademija.com\/en\/product\/gift-voucher\/","og_locale":"en_US","og_type":"article","og_title":"DOVAN\u0172 KUPONAS : MAKIA\u017dO SAU PAMOKA","og_description":"DOVAN\u0172 KUPONAS. INDIVIDUALI MAKIA\u017dO SAU PAMOKA. PUIKI DOVANA MAMAI, DRAUGEI, \u017dMONAI art\u0117jan\u010di\u0173 \u0161ven\u010di\u0173 proga. Galioja net 3 m\u0117nesius","og_url":"https:\/\/msakademija.com\/en\/product\/gift-voucher\/","og_site_name":"MS akademija","article_publisher":"https:\/\/www.facebook.com\/msakademijavilnius\/","article_modified_time":"2025-05-23T09:52:55+00:00","og_image":[{"width":1748,"height":1240,"url":"https:\/\/msakademija.com\/wp-content\/uploads\/2024\/04\/img_5686-1.png","type":"image\/png"}],"twitter_card":"summary_large_image","twitter_misc":{"Price":"&euro;150.00","Availability":"In stock"},"schema":{"@context":"https:\/\/schema.org","@graph":[{"@type":"WebPage","@id":"https:\/\/msakademija.com\/en\/product\/gift-voucher\/","url":"https:\/\/msakademija.com\/en\/product\/gift-voucher\/","name":"GIFT COUPON : MAKE YOUR OWN HOUSE - MS akademija","isPartOf":{"@id":"https:\/\/msakademija.com\/#website"},"primaryImageOfPage":{"@id":"https:\/\/msakademija.com\/en\/product\/gift-voucher\/#primaryimage"},"image":{"@id":"https:\/\/msakademija.com\/en\/product\/gift-voucher\/#primaryimage"},"thumbnailUrl":"https:\/\/msakademija.com\/wp-content\/uploads\/2024\/04\/img_5686-1.png","datePublished":"2022-10-22T16:33:34+00:00","dateModified":"2025-05-23T09:52:55+00:00","description":"GIFT VOUCHER. INDIVIDUAL MAKE-AWAY GIFT. PERFECT GIFT FOR MOM, FRIEND, PEOPLE on the occasion of the upcoming holidays. Valid even for 3 months","breadcrumb":{"@id":"https:\/\/msakademija.com\/en\/product\/gift-voucher\/#breadcrumb"},"inLanguage":"en-US","potentialAction":[{"@type":"ReadAction","target":["https:\/\/msakademija.com\/en\/product\/gift-voucher\/"]}]},{"@type":"ImageObject","inLanguage":"en-US","@id":"https:\/\/msakademija.com\/en\/product\/gift-voucher\/#primaryimage","url":"https:\/\/msakademija.com\/wp-content\/uploads\/2024\/04\/img_5686-1.png","contentUrl":"https:\/\/msakademija.com\/wp-content\/uploads\/2024\/04\/img_5686-1.png","width":1748,"height":1240},{"@type":"BreadcrumbList","@id":"https:\/\/msakademija.com\/en\/product\/gift-voucher\/#breadcrumb","itemListElement":[{"@type":"ListItem","position":1,"name":"Home","item":"https:\/\/msakademija.com\/"},{"@type":"ListItem","position":2,"name":"Parduotuv\u0117","item":"https:\/\/msakademija.com\/makiazo-priemoniu-parduotuve\/"},{"@type":"ListItem","position":3,"name":"DOVAN\u0172 KUPONAS : MAKIA\u017dO SAU PAMOKA"}]},{"@type":"WebSite","@id":"https:\/\/msakademija.com\/#website","url":"https:\/\/msakademija.com\/","name":"MS Academy","description":"Make-up and Hair Academy","publisher":{"@id":"https:\/\/msakademija.com\/#organization"},"potentialAction":[{"@type":"SearchAction","target":{"@type":"EntryPoint","urlTemplate":"https:\/\/msakademija.com\/?s={search_term_string}"},"query-input":{"@type":"PropertyValueSpecification","valueRequired":true,"valueName":"search_term_string"}}],"inLanguage":"en-US"},{"@type":"Organization","@id":"https:\/\/msakademija.com\/#organization","name":"MS Academy","url":"https:\/\/msakademija.com\/","logo":{"@type":"ImageObject","inLanguage":"en-US","@id":"https:\/\/msakademija.com\/#\/schema\/logo\/image\/","url":"https:\/\/msakademija.com\/wp-content\/uploads\/2021\/05\/logo_juodas_HEADERMS.png","contentUrl":"https:\/\/msakademija.com\/wp-content\/uploads\/2021\/05\/logo_juodas_HEADERMS.png","width":500,"height":210,"caption":"MS akademija"},"image":{"@id":"https:\/\/msakademija.com\/#\/schema\/logo\/image\/"},"sameAs":["https:\/\/www.facebook.com\/msakademijavilnius\/","https:\/\/www.instagram.com\/msakademija\/"]}]},"product_price_amount":"150.00","product_price_currency":"EUR","og_availability":"instock","product_availability":"instock","product_condition":"new"},"jetpack_sharing_enabled":true,"_links":{"self":[{"href":"https:\/\/msakademija.com\/en\/wp-json\/wp\/v2\/product\/8373","targetHints":{"allow":["GET"]}}],"collection":[{"href":"https:\/\/msakademija.com\/en\/wp-json\/wp\/v2\/product"}],"about":[{"href":"https:\/\/msakademija.com\/en\/wp-json\/wp\/v2\/types\/product"}],"replies":[{"embeddable":true,"href":"https:\/\/msakademija.com\/en\/wp-json\/wp\/v2\/comments?post=8373"}],"wp:featuredmedia":[{"embeddable":true,"href":"https:\/\/msakademija.com\/en\/wp-json\/wp\/v2\/media\/9902"}],"wp:attachment":[{"href":"https:\/\/msakademija.com\/en\/wp-json\/wp\/v2\/media?parent=8373"}],"wp:term":[{"taxonomy":"product_brand","embeddable":true,"href":"https:\/\/msakademija.com\/en\/wp-json\/wp\/v2\/product_brand?post=8373"},{"taxonomy":"product_cat","embeddable":true,"href":"https:\/\/msakademija.com\/en\/wp-json\/wp\/v2\/product_cat?post=8373"},{"taxonomy":"product_tag","embeddable":true,"href":"https:\/\/msakademija.com\/en\/wp-json\/wp\/v2\/product_tag?post=8373"}],"curies":[{"name":"wp","href":"https:\/\/api.w.org\/{rel}","templated":true}]}}