{"id":8391,"date":"2022-11-02T12:15:48","date_gmt":"2022-11-02T10:15:48","guid":{"rendered":"https:\/\/msakademija.com\/?post_type=product&#038;p=8391"},"modified":"2026-04-28T07:54:13","modified_gmt":"2026-04-28T04:54:13","slug":"sukuosenu-courses-for-beginners-2","status":"publish","type":"product","link":"https:\/\/msakademija.com\/en\/produktas\/sukuosenu-kursai-pradedantiems\/","title":{"rendered":"BALANCE OF THE CURRICULUM FOR SUCCESSFUL STUDENTS"},"content":{"rendered":"<section class=\"elementor-section elementor-top-section elementor-element elementor-element-b09e7cf elementor-section-boxed elementor-section-height-default elementor-section-height-default elementskit-parallax-multi-container\" data-particle_enable=\"false\" data-particle-mobile-disabled=\"false\" data-id=\"b09e7cf\" data-element_type=\"section\" data-settings=\"{&quot;background_background&quot;:&quot;classic&quot;,&quot;ekit_has_onepagescroll_dot&quot;:&quot;yes&quot;}\">\n<div class=\"elementor-container elementor-column-gap-default\">\n<div class=\"elementor-column elementor-col-100 elementor-top-column elementor-element elementor-element-d4ccbef\" data-id=\"d4ccbef\" data-element_type=\"column\">\n<div class=\"elementor-widget-wrap elementor-element-populated\">\n<div class=\"elementor-element elementor-element-c6c85a4 elementor-widget elementor-widget-heading\" data-id=\"c6c85a4\" data-element_type=\"widget\" data-settings=\"{&quot;ekit_we_effect_on&quot;:&quot;none&quot;}\" data-widget_type=\"heading.default\">\n<div class=\"elementor-widget-container\">\n<h2 class=\"elementor-heading-title elementor-size-default\">Hairstyling courses for beginners in Vilnius<\/h2>\n<\/div>\n<\/div>\n<\/div>\n<\/div>\n<\/div>\n<\/section>\n<section class=\"elementor-section elementor-top-section elementor-element elementor-element-ddd20e3 elementor-section-boxed elementor-section-height-default elementor-section-height-default elementskit-parallax-multi-container\" data-particle_enable=\"false\" data-particle-mobile-disabled=\"false\" data-id=\"ddd20e3\" data-element_type=\"section\" data-settings=\"{&quot;background_background&quot;:&quot;classic&quot;,&quot;ekit_has_onepagescroll_dot&quot;:&quot;yes&quot;}\">\n<div class=\"elementor-container elementor-column-gap-default\">\n<div class=\"elementor-column elementor-col-50 elementor-top-column elementor-element elementor-element-d08c5b0\" data-id=\"d08c5b0\" data-element_type=\"column\">\n<div class=\"elementor-widget-wrap elementor-element-populated\">\n<div class=\"elementor-element elementor-element-6e1dc95 elementor-widget elementor-widget-text-editor\" data-id=\"6e1dc95\" data-element_type=\"widget\" data-settings=\"{&quot;ekit_we_effect_on&quot;:&quot;none&quot;}\" data-widget_type=\"text-editor.default\">\n<div class=\"elementor-widget-container\">\n<p>The hairstyling course is designed to give you knowledge about hair care, hairstyles and styling tools.<\/p>\n<p>The hairstyling training will cover theory and practice on mannequins.<\/p>\n<p>In the course of the theory, we will look at:<\/p>\n<p>- hot appliances, combs, moulding tools. We will discuss what to choose and what to look out for;<\/p>\n<p>- hairstyle theory. How to get a straight hairstyle;<\/p>\n<p>- Preparing hair for styling. Hair preparation techniques, what the client needs to do and how the master can prepare the hair properly before the haircut;<\/p>\n<p>You will also learn how to braid and crimp your hair, and how to attach bobby pins\/pins so that they stay in place without showing. You will learn how to use straighteners and curling tongs.<\/p>\n<p>During the practice, you will perform hairstyles on Limage mannequin heads (high ponytail, various tufts, curls and waves), applying your theoretical knowledge to practice.<\/p>\n<p>DATE: 24-25 MARCH<\/p>\n<p>DURATION: 2 DAYS<\/p>\n<p>PRICE: 300 EUR<\/p>\n<p>GROUP: UP TO 5 PEOPLE<\/p>\n<p>A deposit is required for registration and the balance is payable on arrival at the course.<\/p>\n<p>In case of cancellation or no-show, the amount paid is non-refundable.<\/p>\n<p>Lunch break during the course, refreshments on site.<\/p>\n<p>Hairstyling courses for beginners in Vilnius are held at L. Asanavi\u010di\u016bt\u0117s 13 b, Vilnius.<\/p>\n<p>MS Academy. Make-up and Hairstyling Academy<\/p>\n<p>A certificate of completion is issued upon completion of the course.<\/p>\n<p>Cosmetics, tools and instruments are also available at a discount<\/p>\n<p>All tools are provided free of charge. Hair styling tools and all the necessary tools to do the hairstyles for the course are provided.<\/p>\n<\/div>\n<\/div>\n<\/div>\n<\/div>\n<\/div>\n<\/section>","protected":false},"excerpt":{"rendered":"<h2 class=\"eael-timeline-title\">1 DAY<\/h2>\n<p><strong>9:00-19:00<\/strong><\/p>\n<p><strong>Theory and practice<\/strong><\/p>\n<p><strong>13:30 - 14:00<\/strong><\/p>\n<p><strong>Lunch break<\/strong><\/p>\n<p><span lang=\"LT\">-\u00a0\u00a0\u00a0\u00a0\u00a0\u00a0\u00a0\u00a0\u00a0<\/span><span lang=\"LT\">Hair styling products and cosmetics.<\/span><\/p>\n<p><span lang=\"LT\">-\u00a0\u00a0\u00a0\u00a0\u00a0\u00a0\u00a0\u00a0\u00a0<\/span><span lang=\"LT\">Choice of hairstyling products.<\/span><\/p>\n<p><span lang=\"LT\">-\u00a0\u00a0\u00a0\u00a0\u00a0\u00a0\u00a0\u00a0\u00a0<\/span><span lang=\"LT\">General hair styling techniques.<\/span><\/p>\n<p><span lang=\"LT\">-\u00a0\u00a0\u00a0\u00a0\u00a0\u00a0\u00a0\u00a0\u00a0<\/span><span lang=\"LT\">Correction of the shape of the face with the help of a hairstyle.\u00a0<\/span><\/p>\n<p><span lang=\"LT\">-\u00a0\u00a0\u00a0\u00a0\u00a0\u00a0\u00a0\u00a0\u00a0<\/span><span lang=\"LT\">Hair zoning.<\/span><\/p>\n<p><span lang=\"LT\">-\u00a0\u00a0\u00a0\u00a0\u00a0\u00a0\u00a0\u00a0\u00a0<\/span><span lang=\"LT\">Hairstyling and crimping techniques.<\/span><\/p>\n<p><span lang=\"LT\">-\u00a0\u00a0\u00a0\u00a0\u00a0\u00a0\u00a0\u00a0\u00a0<\/span><span lang=\"LT\">Types and choice of hair combs (shapes, disinfection and care, proper selection).<\/span><\/p>\n<p><span lang=\"LT\">-\u00a0\u00a0\u00a0\u00a0\u00a0\u00a0\u00a0\u00a0\u00a0<\/span><span lang=\"LT\">Preparing the hair for the haircut.<\/span><\/p>\n<p><span lang=\"LT\">-\u00a0\u00a0\u00a0\u00a0\u00a0\u00a0\u00a0\u00a0\u00a0<\/span><span lang=\"LT\">Methods of changing the structure of the hair.<\/span><\/p>\n<p><strong>Practice<\/strong><\/p>\n<p>- Hairdrying<\/p>\n<p><span lang=\"LT\">-\u00a0\u00a0\u00a0\u00a0\u00a0\u00a0\u00a0\u00a0<\/span><span lang=\"LT\">Fashionable curls with straightener<\/span><\/p>\n<p>- Express Koodle<\/p>\n<p>- High stack<\/p>\n<p>- High tail<\/p>\n<h2 class=\"eael-timeline-title\">DAY 2<\/h2>\n<p>-<\/p>\n<p><strong>9:00-19:00<\/strong><\/p>\n<p>Theory and practice<\/p>\n<p><strong>13:30 - 14:00\u00a0<\/strong><\/p>\n<p>Lunch break<\/p>\n<p><strong>Theory:<\/strong><\/p>\n<p>- Parting hair into zones<\/p>\n<p>- Hairstyle elements and their use in hairstyles<\/p>\n<p>- Choosing hairstyle jewellery<\/p>\n<p>- Ways of capturing a wedding rental<\/p>\n<p><strong>Practice<\/strong><\/p>\n<p>- Hairdrying<\/p>\n<p><span lang=\"LT\">- Textured hairstyles (kuodas)<\/span><\/p>\n<p>- Fashionable waves<\/p>\n<p>- Kuodas<\/p>","protected":false},"featured_media":8803,"comment_status":"open","ping_status":"closed","template":"","meta":[],"product_brand":[],"product_cat":[117],"product_tag":[173,174,175],"class_list":{"0":"post-8391","1":"product","2":"type-product","3":"status-publish","4":"has-post-thumbnail","6":"product_cat-kursai","7":"product_tag-sukuosena","8":"product_tag-sukuosenu-kursai","9":"product_tag-sukuosenu-pamoka","11":"first","12":"instock","13":"virtual","14":"purchasable","15":"product-type-simple"},"yoast_head":"<!-- This site is optimized with the Yoast SEO Premium plugin v27.5 (Yoast SEO v27.5) - https:\/\/yoast.com\/product\/yoast-seo-premium-wordpress\/ -->\n<title>\u0160UKUOSEN\u0172 KURSAI PRADEDANTIESIEMS likutis - MS akademija<\/title>\n<meta name=\"description\" content=\"\u0160ukuosen\u0173 kursai pradedantiesiems Vilniuje. \u0160ukuosen\u0173 kursai skirti suteikti \u017eini\u0173 apie plauk\u0173 prie\u017ei\u016br\u0105, \u0161ukuosenas, priemones skirtas \u0161ukuosenai formuoti.\" \/>\n<meta name=\"robots\" content=\"index, follow, max-snippet:-1, max-image-preview:large, max-video-preview:-1\" \/>\n<link rel=\"canonical\" href=\"https:\/\/msakademija.com\/en\/product\/sukuosenu-courses-for-beginners-2\/\" \/>\n<meta property=\"og:locale\" content=\"en_US\" \/>\n<meta property=\"og:type\" content=\"article\" \/>\n<meta property=\"og:title\" content=\"\u0160UKUOSEN\u0172 KURSAI PRADEDANTIESIEMS likutis\" \/>\n<meta property=\"og:description\" content=\"\u0160ukuosen\u0173 kursai pradedantiesiems Vilniuje. \u0160ukuosen\u0173 kursai skirti suteikti \u017eini\u0173 apie plauk\u0173 prie\u017ei\u016br\u0105, \u0161ukuosenas, priemones skirtas \u0161ukuosenai formuoti.\" \/>\n<meta property=\"og:url\" content=\"https:\/\/msakademija.com\/en\/product\/sukuosenu-courses-for-beginners-2\/\" \/>\n<meta property=\"og:site_name\" content=\"MS akademija\" \/>\n<meta property=\"article:publisher\" content=\"https:\/\/www.facebook.com\/msakademijavilnius\/\" \/>\n<meta property=\"article:modified_time\" content=\"2026-04-28T04:54:13+00:00\" \/>\n<meta property=\"og:image\" content=\"https:\/\/msakademija.com\/wp-content\/uploads\/2023\/02\/327920023_895075408607824_5331320945535655228_n.jpg\" \/>\n\t<meta property=\"og:image:width\" content=\"960\" \/>\n\t<meta property=\"og:image:height\" content=\"768\" \/>\n\t<meta property=\"og:image:type\" content=\"image\/jpeg\" \/>\n<meta name=\"twitter:card\" content=\"summary_large_image\" \/>\n<meta name=\"twitter:label1\" content=\"Price\" \/>\n\t<meta name=\"twitter:data1\" content=\"&euro;230.00\" \/>\n\t<meta name=\"twitter:label2\" content=\"Availability\" \/>\n\t<meta name=\"twitter:data2\" content=\"In stock\" \/>\n<script type=\"application\/ld+json\" class=\"yoast-schema-graph\">{\"@context\":\"https:\\\/\\\/schema.org\",\"@graph\":[{\"@type\":\"WebPage\",\"@id\":\"https:\\\/\\\/msakademija.com\\\/produktas\\\/sukuosenu-kursai-pradedantiems\\\/\",\"url\":\"https:\\\/\\\/msakademija.com\\\/produktas\\\/sukuosenu-kursai-pradedantiems\\\/\",\"name\":\"\u0160UKUOSEN\u0172 KURSAI PRADEDANTIESIEMS likutis - MS akademija\",\"isPartOf\":{\"@id\":\"https:\\\/\\\/msakademija.com\\\/#website\"},\"primaryImageOfPage\":{\"@id\":\"https:\\\/\\\/msakademija.com\\\/produktas\\\/sukuosenu-kursai-pradedantiems\\\/#primaryimage\"},\"image\":{\"@id\":\"https:\\\/\\\/msakademija.com\\\/produktas\\\/sukuosenu-kursai-pradedantiems\\\/#primaryimage\"},\"thumbnailUrl\":\"https:\\\/\\\/msakademija.com\\\/wp-content\\\/uploads\\\/2023\\\/02\\\/327920023_895075408607824_5331320945535655228_n.jpg\",\"datePublished\":\"2022-11-02T10:15:48+00:00\",\"dateModified\":\"2026-04-28T04:54:13+00:00\",\"description\":\"\u0160ukuosen\u0173 kursai pradedantiesiems Vilniuje. \u0160ukuosen\u0173 kursai skirti suteikti \u017eini\u0173 apie plauk\u0173 prie\u017ei\u016br\u0105, \u0161ukuosenas, priemones skirtas \u0161ukuosenai formuoti.\",\"breadcrumb\":{\"@id\":\"https:\\\/\\\/msakademija.com\\\/produktas\\\/sukuosenu-kursai-pradedantiems\\\/#breadcrumb\"},\"inLanguage\":\"en-US\",\"potentialAction\":[{\"@type\":\"ReadAction\",\"target\":[\"https:\\\/\\\/msakademija.com\\\/produktas\\\/sukuosenu-kursai-pradedantiems\\\/\"]}]},{\"@type\":\"ImageObject\",\"inLanguage\":\"en-US\",\"@id\":\"https:\\\/\\\/msakademija.com\\\/produktas\\\/sukuosenu-kursai-pradedantiems\\\/#primaryimage\",\"url\":\"https:\\\/\\\/msakademija.com\\\/wp-content\\\/uploads\\\/2023\\\/02\\\/327920023_895075408607824_5331320945535655228_n.jpg\",\"contentUrl\":\"https:\\\/\\\/msakademija.com\\\/wp-content\\\/uploads\\\/2023\\\/02\\\/327920023_895075408607824_5331320945535655228_n.jpg\",\"width\":960,\"height\":768},{\"@type\":\"BreadcrumbList\",\"@id\":\"https:\\\/\\\/msakademija.com\\\/produktas\\\/sukuosenu-kursai-pradedantiems\\\/#breadcrumb\",\"itemListElement\":[{\"@type\":\"ListItem\",\"position\":1,\"name\":\"Home\",\"item\":\"https:\\\/\\\/msakademija.com\\\/\"},{\"@type\":\"ListItem\",\"position\":2,\"name\":\"Parduotuv\u0117\",\"item\":\"https:\\\/\\\/msakademija.com\\\/makiazo-priemoniu-parduotuve\\\/\"},{\"@type\":\"ListItem\",\"position\":3,\"name\":\"\u0160UKUOSEN\u0172 KURSAI PRADEDANTIESIEMS likutis\"}]},{\"@type\":\"WebSite\",\"@id\":\"https:\\\/\\\/msakademija.com\\\/#website\",\"url\":\"https:\\\/\\\/msakademija.com\\\/\",\"name\":\"MS akademija\",\"description\":\"Makia\u017eo ir \u0161ukuosenos akademija\",\"publisher\":{\"@id\":\"https:\\\/\\\/msakademija.com\\\/#organization\"},\"potentialAction\":[{\"@type\":\"SearchAction\",\"target\":{\"@type\":\"EntryPoint\",\"urlTemplate\":\"https:\\\/\\\/msakademija.com\\\/?s={search_term_string}\"},\"query-input\":{\"@type\":\"PropertyValueSpecification\",\"valueRequired\":true,\"valueName\":\"search_term_string\"}}],\"inLanguage\":\"en-US\"},{\"@type\":\"Organization\",\"@id\":\"https:\\\/\\\/msakademija.com\\\/#organization\",\"name\":\"MS akademija\",\"url\":\"https:\\\/\\\/msakademija.com\\\/\",\"logo\":{\"@type\":\"ImageObject\",\"inLanguage\":\"en-US\",\"@id\":\"https:\\\/\\\/msakademija.com\\\/#\\\/schema\\\/logo\\\/image\\\/\",\"url\":\"https:\\\/\\\/msakademija.com\\\/wp-content\\\/uploads\\\/2021\\\/05\\\/logo_juodas_HEADERMS.png\",\"contentUrl\":\"https:\\\/\\\/msakademija.com\\\/wp-content\\\/uploads\\\/2021\\\/05\\\/logo_juodas_HEADERMS.png\",\"width\":500,\"height\":210,\"caption\":\"MS akademija\"},\"image\":{\"@id\":\"https:\\\/\\\/msakademija.com\\\/#\\\/schema\\\/logo\\\/image\\\/\"},\"sameAs\":[\"https:\\\/\\\/www.facebook.com\\\/msakademijavilnius\\\/\",\"https:\\\/\\\/www.instagram.com\\\/msakademija\\\/\"]}]}<\/script>\n<meta property=\"product:price:amount\" content=\"230.00\" \/>\n<meta property=\"product:price:currency\" content=\"EUR\" \/>\n<meta property=\"og:availability\" content=\"instock\" \/>\n<meta property=\"product:availability\" content=\"instock\" \/>\n<meta property=\"product:condition\" content=\"new\" \/>\n<!-- \/ Yoast SEO Premium plugin. -->","yoast_head_json":{"title":"Courses for students who are about to start - balance - MS Akademija","description":"Hairstyling courses for beginners in Vilnius. Hairstyling courses are designed to provide knowledge about hair care, hairstyles and hair styling tools.","robots":{"index":"index","follow":"follow","max-snippet":"max-snippet:-1","max-image-preview":"max-image-preview:large","max-video-preview":"max-video-preview:-1"},"canonical":"https:\/\/msakademija.com\/en\/product\/sukuosenu-courses-for-beginners-2\/","og_locale":"en_US","og_type":"article","og_title":"\u0160UKUOSEN\u0172 KURSAI PRADEDANTIESIEMS likutis","og_description":"\u0160ukuosen\u0173 kursai pradedantiesiems Vilniuje. \u0160ukuosen\u0173 kursai skirti suteikti \u017eini\u0173 apie plauk\u0173 prie\u017ei\u016br\u0105, \u0161ukuosenas, priemones skirtas \u0161ukuosenai formuoti.","og_url":"https:\/\/msakademija.com\/en\/product\/sukuosenu-courses-for-beginners-2\/","og_site_name":"MS akademija","article_publisher":"https:\/\/www.facebook.com\/msakademijavilnius\/","article_modified_time":"2026-04-28T04:54:13+00:00","og_image":[{"width":960,"height":768,"url":"https:\/\/msakademija.com\/wp-content\/uploads\/2023\/02\/327920023_895075408607824_5331320945535655228_n.jpg","type":"image\/jpeg"}],"twitter_card":"summary_large_image","twitter_misc":{"Price":"&euro;230.00","Availability":"In stock"},"schema":{"@context":"https:\/\/schema.org","@graph":[{"@type":"WebPage","@id":"https:\/\/msakademija.com\/produktas\/sukuosenu-kursai-pradedantiems\/","url":"https:\/\/msakademija.com\/produktas\/sukuosenu-kursai-pradedantiems\/","name":"Courses for students who are about to start - balance - MS Akademija","isPartOf":{"@id":"https:\/\/msakademija.com\/#website"},"primaryImageOfPage":{"@id":"https:\/\/msakademija.com\/produktas\/sukuosenu-kursai-pradedantiems\/#primaryimage"},"image":{"@id":"https:\/\/msakademija.com\/produktas\/sukuosenu-kursai-pradedantiems\/#primaryimage"},"thumbnailUrl":"https:\/\/msakademija.com\/wp-content\/uploads\/2023\/02\/327920023_895075408607824_5331320945535655228_n.jpg","datePublished":"2022-11-02T10:15:48+00:00","dateModified":"2026-04-28T04:54:13+00:00","description":"Hairstyling courses for beginners in Vilnius. Hairstyling courses are designed to provide knowledge about hair care, hairstyles and hair styling tools.","breadcrumb":{"@id":"https:\/\/msakademija.com\/produktas\/sukuosenu-kursai-pradedantiems\/#breadcrumb"},"inLanguage":"en-US","potentialAction":[{"@type":"ReadAction","target":["https:\/\/msakademija.com\/produktas\/sukuosenu-kursai-pradedantiems\/"]}]},{"@type":"ImageObject","inLanguage":"en-US","@id":"https:\/\/msakademija.com\/produktas\/sukuosenu-kursai-pradedantiems\/#primaryimage","url":"https:\/\/msakademija.com\/wp-content\/uploads\/2023\/02\/327920023_895075408607824_5331320945535655228_n.jpg","contentUrl":"https:\/\/msakademija.com\/wp-content\/uploads\/2023\/02\/327920023_895075408607824_5331320945535655228_n.jpg","width":960,"height":768},{"@type":"BreadcrumbList","@id":"https:\/\/msakademija.com\/produktas\/sukuosenu-kursai-pradedantiems\/#breadcrumb","itemListElement":[{"@type":"ListItem","position":1,"name":"Home","item":"https:\/\/msakademija.com\/"},{"@type":"ListItem","position":2,"name":"Parduotuv\u0117","item":"https:\/\/msakademija.com\/makiazo-priemoniu-parduotuve\/"},{"@type":"ListItem","position":3,"name":"\u0160UKUOSEN\u0172 KURSAI PRADEDANTIESIEMS likutis"}]},{"@type":"WebSite","@id":"https:\/\/msakademija.com\/#website","url":"https:\/\/msakademija.com\/","name":"MS Academy","description":"Make-up and Hair Academy","publisher":{"@id":"https:\/\/msakademija.com\/#organization"},"potentialAction":[{"@type":"SearchAction","target":{"@type":"EntryPoint","urlTemplate":"https:\/\/msakademija.com\/?s={search_term_string}"},"query-input":{"@type":"PropertyValueSpecification","valueRequired":true,"valueName":"search_term_string"}}],"inLanguage":"en-US"},{"@type":"Organization","@id":"https:\/\/msakademija.com\/#organization","name":"MS Academy","url":"https:\/\/msakademija.com\/","logo":{"@type":"ImageObject","inLanguage":"en-US","@id":"https:\/\/msakademija.com\/#\/schema\/logo\/image\/","url":"https:\/\/msakademija.com\/wp-content\/uploads\/2021\/05\/logo_juodas_HEADERMS.png","contentUrl":"https:\/\/msakademija.com\/wp-content\/uploads\/2021\/05\/logo_juodas_HEADERMS.png","width":500,"height":210,"caption":"MS akademija"},"image":{"@id":"https:\/\/msakademija.com\/#\/schema\/logo\/image\/"},"sameAs":["https:\/\/www.facebook.com\/msakademijavilnius\/","https:\/\/www.instagram.com\/msakademija\/"]}]},"product_price_amount":"230.00","product_price_currency":"EUR","og_availability":"instock","product_availability":"instock","product_condition":"new"},"jetpack_sharing_enabled":true,"_links":{"self":[{"href":"https:\/\/msakademija.com\/en\/wp-json\/wp\/v2\/product\/8391","targetHints":{"allow":["GET"]}}],"collection":[{"href":"https:\/\/msakademija.com\/en\/wp-json\/wp\/v2\/product"}],"about":[{"href":"https:\/\/msakademija.com\/en\/wp-json\/wp\/v2\/types\/product"}],"replies":[{"embeddable":true,"href":"https:\/\/msakademija.com\/en\/wp-json\/wp\/v2\/comments?post=8391"}],"wp:featuredmedia":[{"embeddable":true,"href":"https:\/\/msakademija.com\/en\/wp-json\/wp\/v2\/media\/8803"}],"wp:attachment":[{"href":"https:\/\/msakademija.com\/en\/wp-json\/wp\/v2\/media?parent=8391"}],"wp:term":[{"taxonomy":"product_brand","embeddable":true,"href":"https:\/\/msakademija.com\/en\/wp-json\/wp\/v2\/product_brand?post=8391"},{"taxonomy":"product_cat","embeddable":true,"href":"https:\/\/msakademija.com\/en\/wp-json\/wp\/v2\/product_cat?post=8391"},{"taxonomy":"product_tag","embeddable":true,"href":"https:\/\/msakademija.com\/en\/wp-json\/wp\/v2\/product_tag?post=8391"}],"curies":[{"name":"wp","href":"https:\/\/api.w.org\/{rel}","templated":true}]}}