{"id":9732,"date":"2024-02-02T11:23:05","date_gmt":"2024-02-02T09:23:05","guid":{"rendered":"https:\/\/msakademija.com\/?post_type=product&#038;p=9732"},"modified":"2026-02-15T17:36:53","modified_gmt":"2026-02-15T15:36:53","slug":"master-mattes-eyes-eyeshadow-palette","status":"publish","type":"product","link":"https:\/\/msakademija.com\/en\/produktas\/seseliu-palete-master-mattes-eyes-eyeshadow-palette\/","title":{"rendered":"MASTER MATTES\u00ae EYESHADOW PALETTE: THE ORIGINAL"},"content":{"rendered":"<h4 class=\"productName_title\" data-product-name=\"title\">MASTER MATTES shadow palette<span class=\"r-sign\">\u00ae<\/span>\u00a0EYESHADOW PALETTE<\/h4>\n<p id=\"tw-target-text\" class=\"tw-data-text tw-text-large tw-ta\" dir=\"ltr\" data-placeholder=\"Vertimas\" data-ved=\"2ahUKEwio7KPN5ZmEAxU9HRAIHSqpDRMQ3ewLegQIBRAU\"><span class=\"Y2IQFc\" lang=\"lt\">The Makeup by Mario Eyeshadow Palette is a highly regarded choice in the makeup community, created by renowned makeup artist Mario Dedivanovic. He is known for his work with celebrities such as Kim Kardashian, <\/span><\/p>\n<p class=\"tw-data-text tw-text-large tw-ta\" dir=\"ltr\" data-placeholder=\"Vertimas\" data-ved=\"2ahUKEwio7KPN5ZmEAxU9HRAIHSqpDRMQ3ewLegQIBRAU\"><span class=\"Y2IQFc\" lang=\"lt\">Mario created this palette to offer a versatile range of shades to create both natural and glamorous looks. <\/span><\/p>\n<p class=\"tw-data-text tw-text-large tw-ta\" dir=\"ltr\" data-placeholder=\"Vertimas\" data-ved=\"2ahUKEwio7KPN5ZmEAxU9HRAIHSqpDRMQ3ewLegQIBRAU\"><span class=\"Y2IQFc\" lang=\"lt\">Here are some of the main make-up features of the Mario Eyeshadow Palette: <\/span><\/p>\n<p class=\"tw-data-text tw-text-large tw-ta\" dir=\"ltr\" data-placeholder=\"Vertimas\" data-ved=\"2ahUKEwio7KPN5ZmEAxU9HRAIHSqpDRMQ3ewLegQIBRAU\"><span class=\"Y2IQFc\" lang=\"lt\">Versatile shades: the palette usually contains a mix of neutrals, warm and cool shades, allowing for a range of looks from casual to dramatic. High-quality formula: Mario Make-up is known for its high-quality formulas with eyeshadows that are often pigmented, blendable and long-wearing.<\/span><\/p>\n<p class=\"tw-data-text tw-text-large tw-ta\" dir=\"ltr\" data-placeholder=\"Vertimas\" data-ved=\"2ahUKEwio7KPN5ZmEAxU9HRAIHSqpDRMQ3ewLegQIBRAU\"><span class=\"Y2IQFc\" lang=\"lt\">Matte and gloss finishes: the palette usually contains a combination of matt and gloss shades, giving you the opportunity to create depth and dimension to your eyes. Professional level: as a make-up artist, Mario has designed this palette with professional quality in mind, making it suitable for both make-up enthusiasts and professionals.<\/span><\/p>\n<p class=\"tw-data-text tw-text-large tw-ta\" dir=\"ltr\" data-placeholder=\"Vertimas\" data-ved=\"2ahUKEwio7KPN5ZmEAxU9HRAIHSqpDRMQ3ewLegQIBRAU\"><span class=\"Y2IQFc\" lang=\"lt\">Convenient design: the palette often has a sleek and compact design, making it easy to travel and convenient to repair on the go. <\/span><\/p>\n<p class=\"tw-data-text tw-text-large tw-ta\" dir=\"ltr\" data-placeholder=\"Vertimas\" data-ved=\"2ahUKEwio7KPN5ZmEAxU9HRAIHSqpDRMQ3ewLegQIBRAU\"><span class=\"Y2IQFc\" lang=\"lt\">Overall, the Makeup by Mario Eyeshadow Palette is praised for its versatility, its quality and its ability to create stunning eye looks. It is a favourite of make-up enthusiasts who want to invest in a high-quality eyeshadow palette curated by a respected industry professional.<\/span><\/p>\n<p class=\"tw-data-text tw-text-large tw-ta\" dir=\"ltr\" data-placeholder=\"Vertimas\" data-ved=\"2ahUKEwio7KPN5ZmEAxU9HRAIHSqpDRMQ3ewLegQIBRAU\"><span class=\"Y2IQFc\" lang=\"lt\">Here are some of the main make-up features of the Mario Eyeshadow Palette: <\/span><\/p>\n<p class=\"tw-data-text tw-text-large tw-ta\" dir=\"ltr\" data-placeholder=\"Vertimas\" data-ved=\"2ahUKEwio7KPN5ZmEAxU9HRAIHSqpDRMQ3ewLegQIBRAU\"><span class=\"Y2IQFc\" lang=\"lt\">Versatile shades: the palette usually contains a mix of neutrals, warm and cool shades, allowing for a range of looks from casual to dramatic. High-quality formula: Mario Make-up is known for its high-quality formulas with eyeshadows that are often pigmented, blendable and long-wearing.<\/span><\/p>\n<p class=\"tw-data-text tw-text-large tw-ta\" dir=\"ltr\" data-placeholder=\"Vertimas\" data-ved=\"2ahUKEwio7KPN5ZmEAxU9HRAIHSqpDRMQ3ewLegQIBRAU\"><span class=\"Y2IQFc\" lang=\"lt\">Matte and gloss finishes: the palette usually contains a combination of matt and gloss shades, giving you the opportunity to create depth and dimension to your eyes. Professional level: as a make-up artist, Mario has designed this palette with professional quality in mind, making it suitable for both make-up enthusiasts and professionals.<\/span><\/p>\n<p class=\"tw-data-text tw-text-large tw-ta\" dir=\"ltr\" data-placeholder=\"Vertimas\" data-ved=\"2ahUKEwio7KPN5ZmEAxU9HRAIHSqpDRMQ3ewLegQIBRAU\"><span class=\"Y2IQFc\" lang=\"lt\">Convenient design: the palette often has a sleek and compact design, making it easy to travel and convenient to repair on the go. <\/span><\/p>\n<p class=\"tw-data-text tw-text-large tw-ta\" dir=\"ltr\" data-placeholder=\"Vertimas\" data-ved=\"2ahUKEwio7KPN5ZmEAxU9HRAIHSqpDRMQ3ewLegQIBRAU\"><span class=\"Y2IQFc\" lang=\"lt\">Overall, the Makeup by Mario Eyeshadow Palette is praised for its versatility, its quality and its ability to create stunning eye looks. It is a favourite of make-up enthusiasts who want to invest in a high-quality eyeshadow palette curated by a respected industry professional.<\/span><\/p>","protected":false},"excerpt":{"rendered":"<p>\u0160e\u0161\u0117li\u0173 palet\u0117\u00a0MASTER MATTES\u00ae\u00a0EYESHADOW PALETTE Makeup by Mario palet\u0117 Eyeshadow Palette yra labai vertinamas pasirinkimas makia\u017eo bendruomen\u0117je, sukurtas \u017einomo makia\u017eo meistro Mario Dedivanovic. Jis \u017einomas d\u0117l savo darbo su tokiomis \u012f\u017eymyb\u0117mis kaip Kim Kardashian, Mario suk\u016br\u0117 \u0161i\u0105 palet\u0119, kad pasi\u016blyt\u0173 \u012fvairiapus\u012f atspalvi\u0173 asortiment\u0105, tinkant\u012f sukurti tiek nat\u016brali\u0105, tiek \u017eaving\u0105 i\u0161vaizd\u0105. \u0160tai keletas pagrindini\u0173 Mario Eyeshadow palet\u0117s [&#8230;]\n","protected":false},"featured_media":10923,"comment_status":"open","ping_status":"closed","template":"","meta":[],"product_brand":[],"product_cat":[105],"product_tag":[121,126,127,125],"class_list":{"0":"post-9732","1":"product","2":"type-product","3":"status-publish","4":"has-post-thumbnail","6":"product_cat-seseliu-paletes","7":"product_tag-makiazo-makiazas-pamoka-kursai-makiazo-kursai-makiazo-sau-kursai","8":"product_tag-seseliai","9":"product_tag-seseliu","10":"product_tag-viseart","12":"first","13":"outofstock","14":"shipping-taxable","15":"purchasable","16":"product-type-simple"},"yoast_head":"<!-- This site is optimized with the Yoast SEO Premium plugin v27.5 (Yoast SEO v27.5) - https:\/\/yoast.com\/product\/yoast-seo-premium-wordpress\/ -->\n<title>\u0160e\u0161\u0117li\u0173 palet\u0117 MASTER MATTES\u00ae EYESHADOW PALETTE: THE ORIGINAL - MS akademija<\/title>\n<meta name=\"description\" content=\"Makeup by Mario \u0161e\u0161\u0117li\u0173 palet\u0117. Ypatingai pigmentuota ir kokybi\u0161ka \u0161e\u0161\u0117li\u0173 palet\u0117 tiks kaip profesionaliam makia\u017eui, tiek Makia\u017eui Sau.\" \/>\n<meta name=\"robots\" content=\"index, follow, max-snippet:-1, max-image-preview:large, max-video-preview:-1\" \/>\n<link rel=\"canonical\" href=\"https:\/\/msakademija.com\/en\/product\/master-mattes-eyes-eyeshadow-palette\/\" \/>\n<meta property=\"og:locale\" content=\"en_US\" \/>\n<meta property=\"og:type\" content=\"article\" \/>\n<meta property=\"og:title\" content=\"\u0160e\u0161\u0117li\u0173 palet\u0117 MASTER MATTES\u00ae EYESHADOW PALETTE: THE ORIGINAL\" \/>\n<meta property=\"og:description\" content=\"Makeup by Mario \u0161e\u0161\u0117li\u0173 palet\u0117. Ypatingai pigmentuota ir kokybi\u0161ka \u0161e\u0161\u0117li\u0173 palet\u0117 tiks kaip profesionaliam makia\u017eui, tiek Makia\u017eui Sau.\" \/>\n<meta property=\"og:url\" content=\"https:\/\/msakademija.com\/en\/product\/master-mattes-eyes-eyeshadow-palette\/\" \/>\n<meta property=\"og:site_name\" content=\"MS akademija\" \/>\n<meta property=\"article:publisher\" content=\"https:\/\/www.facebook.com\/msakademijavilnius\/\" \/>\n<meta property=\"article:modified_time\" content=\"2026-02-15T15:36:53+00:00\" \/>\n<meta property=\"og:image\" content=\"https:\/\/msakademija.com\/wp-content\/uploads\/2024\/02\/img_2512.jpeg\" \/>\n\t<meta property=\"og:image:width\" content=\"940\" \/>\n\t<meta property=\"og:image:height\" content=\"684\" \/>\n\t<meta property=\"og:image:type\" content=\"image\/jpeg\" \/>\n<meta name=\"twitter:card\" content=\"summary_large_image\" \/>\n<meta name=\"twitter:label1\" content=\"Price\" \/>\n\t<meta name=\"twitter:data1\" content=\"&euro;75.00\" \/>\n\t<meta name=\"twitter:label2\" content=\"Availability\" \/>\n\t<meta name=\"twitter:data2\" content=\"Out of stock\" \/>\n<script type=\"application\/ld+json\" class=\"yoast-schema-graph\">{\"@context\":\"https:\\\/\\\/schema.org\",\"@graph\":[{\"@type\":\"WebPage\",\"@id\":\"https:\\\/\\\/msakademija.com\\\/produktas\\\/seseliu-palete-master-mattes-eyes-eyeshadow-palette\\\/\",\"url\":\"https:\\\/\\\/msakademija.com\\\/produktas\\\/seseliu-palete-master-mattes-eyes-eyeshadow-palette\\\/\",\"name\":\"\u0160e\u0161\u0117li\u0173 palet\u0117 MASTER MATTES\u00ae EYESHADOW PALETTE: THE ORIGINAL - MS akademija\",\"isPartOf\":{\"@id\":\"https:\\\/\\\/msakademija.com\\\/#website\"},\"primaryImageOfPage\":{\"@id\":\"https:\\\/\\\/msakademija.com\\\/produktas\\\/seseliu-palete-master-mattes-eyes-eyeshadow-palette\\\/#primaryimage\"},\"image\":{\"@id\":\"https:\\\/\\\/msakademija.com\\\/produktas\\\/seseliu-palete-master-mattes-eyes-eyeshadow-palette\\\/#primaryimage\"},\"thumbnailUrl\":\"https:\\\/\\\/msakademija.com\\\/wp-content\\\/uploads\\\/2024\\\/02\\\/img_2512.jpeg\",\"datePublished\":\"2024-02-02T09:23:05+00:00\",\"dateModified\":\"2026-02-15T15:36:53+00:00\",\"description\":\"Makeup by Mario \u0161e\u0161\u0117li\u0173 palet\u0117. Ypatingai pigmentuota ir kokybi\u0161ka \u0161e\u0161\u0117li\u0173 palet\u0117 tiks kaip profesionaliam makia\u017eui, tiek Makia\u017eui Sau.\",\"breadcrumb\":{\"@id\":\"https:\\\/\\\/msakademija.com\\\/produktas\\\/seseliu-palete-master-mattes-eyes-eyeshadow-palette\\\/#breadcrumb\"},\"inLanguage\":\"en-US\",\"potentialAction\":[{\"@type\":\"ReadAction\",\"target\":[\"https:\\\/\\\/msakademija.com\\\/produktas\\\/seseliu-palete-master-mattes-eyes-eyeshadow-palette\\\/\"]}]},{\"@type\":\"ImageObject\",\"inLanguage\":\"en-US\",\"@id\":\"https:\\\/\\\/msakademija.com\\\/produktas\\\/seseliu-palete-master-mattes-eyes-eyeshadow-palette\\\/#primaryimage\",\"url\":\"https:\\\/\\\/msakademija.com\\\/wp-content\\\/uploads\\\/2024\\\/02\\\/img_2512.jpeg\",\"contentUrl\":\"https:\\\/\\\/msakademija.com\\\/wp-content\\\/uploads\\\/2024\\\/02\\\/img_2512.jpeg\",\"width\":940,\"height\":684},{\"@type\":\"BreadcrumbList\",\"@id\":\"https:\\\/\\\/msakademija.com\\\/produktas\\\/seseliu-palete-master-mattes-eyes-eyeshadow-palette\\\/#breadcrumb\",\"itemListElement\":[{\"@type\":\"ListItem\",\"position\":1,\"name\":\"Home\",\"item\":\"https:\\\/\\\/msakademija.com\\\/\"},{\"@type\":\"ListItem\",\"position\":2,\"name\":\"Parduotuv\u0117\",\"item\":\"https:\\\/\\\/msakademija.com\\\/makiazo-priemoniu-parduotuve\\\/\"},{\"@type\":\"ListItem\",\"position\":3,\"name\":\"\u0160e\u0161\u0117li\u0173 palet\u0117 MASTER MATTES\u00ae EYESHADOW PALETTE: THE ORIGINAL\"}]},{\"@type\":\"WebSite\",\"@id\":\"https:\\\/\\\/msakademija.com\\\/#website\",\"url\":\"https:\\\/\\\/msakademija.com\\\/\",\"name\":\"MS akademija\",\"description\":\"Makia\u017eo ir \u0161ukuosenos akademija\",\"publisher\":{\"@id\":\"https:\\\/\\\/msakademija.com\\\/#organization\"},\"potentialAction\":[{\"@type\":\"SearchAction\",\"target\":{\"@type\":\"EntryPoint\",\"urlTemplate\":\"https:\\\/\\\/msakademija.com\\\/?s={search_term_string}\"},\"query-input\":{\"@type\":\"PropertyValueSpecification\",\"valueRequired\":true,\"valueName\":\"search_term_string\"}}],\"inLanguage\":\"en-US\"},{\"@type\":\"Organization\",\"@id\":\"https:\\\/\\\/msakademija.com\\\/#organization\",\"name\":\"MS akademija\",\"url\":\"https:\\\/\\\/msakademija.com\\\/\",\"logo\":{\"@type\":\"ImageObject\",\"inLanguage\":\"en-US\",\"@id\":\"https:\\\/\\\/msakademija.com\\\/#\\\/schema\\\/logo\\\/image\\\/\",\"url\":\"https:\\\/\\\/msakademija.com\\\/wp-content\\\/uploads\\\/2021\\\/05\\\/logo_juodas_HEADERMS.png\",\"contentUrl\":\"https:\\\/\\\/msakademija.com\\\/wp-content\\\/uploads\\\/2021\\\/05\\\/logo_juodas_HEADERMS.png\",\"width\":500,\"height\":210,\"caption\":\"MS akademija\"},\"image\":{\"@id\":\"https:\\\/\\\/msakademija.com\\\/#\\\/schema\\\/logo\\\/image\\\/\"},\"sameAs\":[\"https:\\\/\\\/www.facebook.com\\\/msakademijavilnius\\\/\",\"https:\\\/\\\/www.instagram.com\\\/msakademija\\\/\"]}]}<\/script>\n<meta property=\"product:brand\" content=\"Makeup By Mario\" \/>\n<meta property=\"product:price:amount\" content=\"75.00\" \/>\n<meta property=\"product:price:currency\" content=\"EUR\" \/>\n<meta property=\"og:availability\" content=\"out of stock\" \/>\n<meta property=\"product:availability\" content=\"out of stock\" \/>\n<meta property=\"product:condition\" content=\"new\" \/>\n<!-- \/ Yoast SEO Premium plugin. -->","yoast_head_json":{"title":"MASTER MATTES\u00ae EYESHADOW PALETTE: THE ORIGINAL - MS akademija","description":"Makeup by Mario shadow palette. Highly pigmented and high quality, this shadow palette is suitable for both professional and DIY make-up.","robots":{"index":"index","follow":"follow","max-snippet":"max-snippet:-1","max-image-preview":"max-image-preview:large","max-video-preview":"max-video-preview:-1"},"canonical":"https:\/\/msakademija.com\/en\/product\/master-mattes-eyes-eyeshadow-palette\/","og_locale":"en_US","og_type":"article","og_title":"\u0160e\u0161\u0117li\u0173 palet\u0117 MASTER MATTES\u00ae EYESHADOW PALETTE: THE ORIGINAL","og_description":"Makeup by Mario \u0161e\u0161\u0117li\u0173 palet\u0117. Ypatingai pigmentuota ir kokybi\u0161ka \u0161e\u0161\u0117li\u0173 palet\u0117 tiks kaip profesionaliam makia\u017eui, tiek Makia\u017eui Sau.","og_url":"https:\/\/msakademija.com\/en\/product\/master-mattes-eyes-eyeshadow-palette\/","og_site_name":"MS akademija","article_publisher":"https:\/\/www.facebook.com\/msakademijavilnius\/","article_modified_time":"2026-02-15T15:36:53+00:00","og_image":[{"width":940,"height":684,"url":"https:\/\/msakademija.com\/wp-content\/uploads\/2024\/02\/img_2512.jpeg","type":"image\/jpeg"}],"twitter_card":"summary_large_image","twitter_misc":{"Price":"&euro;75.00","Availability":"Out of stock"},"schema":{"@context":"https:\/\/schema.org","@graph":[{"@type":"WebPage","@id":"https:\/\/msakademija.com\/produktas\/seseliu-palete-master-mattes-eyes-eyeshadow-palette\/","url":"https:\/\/msakademija.com\/produktas\/seseliu-palete-master-mattes-eyes-eyeshadow-palette\/","name":"MASTER MATTES\u00ae EYESHADOW PALETTE: THE ORIGINAL - MS akademija","isPartOf":{"@id":"https:\/\/msakademija.com\/#website"},"primaryImageOfPage":{"@id":"https:\/\/msakademija.com\/produktas\/seseliu-palete-master-mattes-eyes-eyeshadow-palette\/#primaryimage"},"image":{"@id":"https:\/\/msakademija.com\/produktas\/seseliu-palete-master-mattes-eyes-eyeshadow-palette\/#primaryimage"},"thumbnailUrl":"https:\/\/msakademija.com\/wp-content\/uploads\/2024\/02\/img_2512.jpeg","datePublished":"2024-02-02T09:23:05+00:00","dateModified":"2026-02-15T15:36:53+00:00","description":"Makeup by Mario shadow palette. Highly pigmented and high quality, this shadow palette is suitable for both professional and DIY make-up.","breadcrumb":{"@id":"https:\/\/msakademija.com\/produktas\/seseliu-palete-master-mattes-eyes-eyeshadow-palette\/#breadcrumb"},"inLanguage":"en-US","potentialAction":[{"@type":"ReadAction","target":["https:\/\/msakademija.com\/produktas\/seseliu-palete-master-mattes-eyes-eyeshadow-palette\/"]}]},{"@type":"ImageObject","inLanguage":"en-US","@id":"https:\/\/msakademija.com\/produktas\/seseliu-palete-master-mattes-eyes-eyeshadow-palette\/#primaryimage","url":"https:\/\/msakademija.com\/wp-content\/uploads\/2024\/02\/img_2512.jpeg","contentUrl":"https:\/\/msakademija.com\/wp-content\/uploads\/2024\/02\/img_2512.jpeg","width":940,"height":684},{"@type":"BreadcrumbList","@id":"https:\/\/msakademija.com\/produktas\/seseliu-palete-master-mattes-eyes-eyeshadow-palette\/#breadcrumb","itemListElement":[{"@type":"ListItem","position":1,"name":"Home","item":"https:\/\/msakademija.com\/"},{"@type":"ListItem","position":2,"name":"Parduotuv\u0117","item":"https:\/\/msakademija.com\/makiazo-priemoniu-parduotuve\/"},{"@type":"ListItem","position":3,"name":"\u0160e\u0161\u0117li\u0173 palet\u0117 MASTER MATTES\u00ae EYESHADOW PALETTE: THE ORIGINAL"}]},{"@type":"WebSite","@id":"https:\/\/msakademija.com\/#website","url":"https:\/\/msakademija.com\/","name":"MS Academy","description":"Make-up and Hair Academy","publisher":{"@id":"https:\/\/msakademija.com\/#organization"},"potentialAction":[{"@type":"SearchAction","target":{"@type":"EntryPoint","urlTemplate":"https:\/\/msakademija.com\/?s={search_term_string}"},"query-input":{"@type":"PropertyValueSpecification","valueRequired":true,"valueName":"search_term_string"}}],"inLanguage":"en-US"},{"@type":"Organization","@id":"https:\/\/msakademija.com\/#organization","name":"MS Academy","url":"https:\/\/msakademija.com\/","logo":{"@type":"ImageObject","inLanguage":"en-US","@id":"https:\/\/msakademija.com\/#\/schema\/logo\/image\/","url":"https:\/\/msakademija.com\/wp-content\/uploads\/2021\/05\/logo_juodas_HEADERMS.png","contentUrl":"https:\/\/msakademija.com\/wp-content\/uploads\/2021\/05\/logo_juodas_HEADERMS.png","width":500,"height":210,"caption":"MS akademija"},"image":{"@id":"https:\/\/msakademija.com\/#\/schema\/logo\/image\/"},"sameAs":["https:\/\/www.facebook.com\/msakademijavilnius\/","https:\/\/www.instagram.com\/msakademija\/"]}]},"product_brand":"Makeup By Mario","product_price_amount":"75.00","product_price_currency":"EUR","og_availability":"out of stock","product_availability":"out of stock","product_condition":"new"},"jetpack_sharing_enabled":true,"_links":{"self":[{"href":"https:\/\/msakademija.com\/en\/wp-json\/wp\/v2\/product\/9732","targetHints":{"allow":["GET"]}}],"collection":[{"href":"https:\/\/msakademija.com\/en\/wp-json\/wp\/v2\/product"}],"about":[{"href":"https:\/\/msakademija.com\/en\/wp-json\/wp\/v2\/types\/product"}],"replies":[{"embeddable":true,"href":"https:\/\/msakademija.com\/en\/wp-json\/wp\/v2\/comments?post=9732"}],"wp:featuredmedia":[{"embeddable":true,"href":"https:\/\/msakademija.com\/en\/wp-json\/wp\/v2\/media\/10923"}],"wp:attachment":[{"href":"https:\/\/msakademija.com\/en\/wp-json\/wp\/v2\/media?parent=9732"}],"wp:term":[{"taxonomy":"product_brand","embeddable":true,"href":"https:\/\/msakademija.com\/en\/wp-json\/wp\/v2\/product_brand?post=9732"},{"taxonomy":"product_cat","embeddable":true,"href":"https:\/\/msakademija.com\/en\/wp-json\/wp\/v2\/product_cat?post=9732"},{"taxonomy":"product_tag","embeddable":true,"href":"https:\/\/msakademija.com\/en\/wp-json\/wp\/v2\/product_tag?post=9732"}],"curies":[{"name":"wp","href":"https:\/\/api.w.org\/{rel}","templated":true}]}}