{"id":9844,"date":"2024-04-04T00:11:13","date_gmt":"2024-04-03T21:11:13","guid":{"rendered":"https:\/\/msakademija.com\/?post_type=product&#038;p=9844"},"modified":"2026-04-20T15:49:53","modified_gmt":"2026-04-20T12:49:53","slug":"kiko-milano-sculpting-touch-stick-contouring-stick","status":"publish","type":"product","link":"https:\/\/msakademija.com\/en\/produktas\/kiko-milano-sculpting-touch-stick-konturavimo-piestukas\/","title":{"rendered":"KIKO Milano sculpting touch stick contour pencil"},"content":{"rendered":"<h2 class=\"product_title entry-title\">Matte contour pencil<\/h2>\n<h2 class=\"product_title entry-title\">Colour : 201 Chocolate<\/h2>\n<div>\n<p>Matte Contouring Pencil. The formula is enriched with African Nut Seed Oil and Pistachio Extract with emollient properties.<\/p>\n<p>The soft and creamy consistency ensures fast colour payoff and perfect blending. The product is pleasant to the touch and guarantees easy and precise application.<\/p>\n<p>\u2705Dermatologically tested product.<\/p>\n<p>It does not clog pores.<\/p>\n<p>Contouring pencil is a make-up product used primarily for contouring the face. Contouring is a make-up technique that involves the use of darker shades to create shadows and define certain areas of the face, such as the cheekbones, jawline and nose. Contouring pencils are usually of a creamy consistency and are applied directly to the skin in the desired areas. They are then blended using a make-up brush, sponge or fingers to create a seamless, natural-looking contour.<\/p>\n<p>Contouring pencils are available in a variety of shades to suit different skin tones and are popular with make-up lovers and professionals alike for adding relief to the face.<\/p>\n<p>&nbsp;<\/p>\n<\/div>","protected":false},"excerpt":{"rendered":"<p>Matinis kont\u016bravimo pie\u0161tukas Spalva : 201 Chocolate Matinis veido kont\u016bravimo pie\u0161tukas. Produkto formul\u0117 praturtinta afrikini\u0173 rie\u0161ut\u0173 s\u0117kl\u0173 aliejumi ir pistacij\u0173 ekstraktu, pasi\u017eymin\u010diu mink\u0161tinan\u010diomis savyb\u0117mis. \u0160velni ir kremin\u0117 konsistencija u\u017etikrina greit\u0105 spalvos efekt\u0105 ir puik\u0173 susiliejim\u0105. Produktas yra malonus liesti ir garantuoja lengv\u0105 ir tiksl\u0173 naudojim\u0105. \u2705Dermatologi\u0161kai patikrintas produktas. Neu\u017ekem\u0161a por\u0173. Kont\u016bravimo pie\u0161tukas yra makia\u017eo produktas, [&#8230;]\n","protected":false},"featured_media":9845,"comment_status":"open","ping_status":"closed","template":"","meta":[],"product_brand":[],"product_cat":[25,20,21],"product_tag":[140,137,138,139],"class_list":{"0":"post-9844","1":"product","2":"type-product","3":"status-publish","4":"has-post-thumbnail","6":"product_cat-modeliavimo-priemones","7":"product_cat-priemones-makiazui","8":"product_cat-veidui","9":"product_tag-kiko","10":"product_tag-konturavimo","11":"product_tag-modeliavimo","12":"product_tag-stikas","14":"first","15":"outofstock","16":"shipping-taxable","17":"purchasable","18":"product-type-simple"},"yoast_head":"<!-- This site is optimized with the Yoast SEO Premium plugin v27.5 (Yoast SEO v27.5) - https:\/\/yoast.com\/product\/yoast-seo-premium-wordpress\/ -->\n<title>KIKO Milano sculpting touch stick kont\u016bravimo pie\u0161tukas - MS akademija<\/title>\n<meta name=\"description\" content=\"Kiko kont\u016bravimo stikas Chokolate spalva yra viena i\u0161 populiariausi\u0173 kont\u016bravimo priemoni\u0173 makia\u017eo pasaulyje. Su juo i\u0161gauti veido reljef\u0105 lengva net sau\" \/>\n<meta name=\"robots\" content=\"index, follow, max-snippet:-1, max-image-preview:large, max-video-preview:-1\" \/>\n<link rel=\"canonical\" href=\"https:\/\/msakademija.com\/en\/product\/kiko-milano-sculpting-touch-stick-contouring-stick\/\" \/>\n<meta property=\"og:locale\" content=\"en_US\" \/>\n<meta property=\"og:type\" content=\"article\" \/>\n<meta property=\"og:title\" content=\"KIKO Milano sculpting touch stick kont\u016bravimo pie\u0161tukas\" \/>\n<meta property=\"og:description\" content=\"Kiko kont\u016bravimo stikas Chokolate spalva yra viena i\u0161 populiariausi\u0173 kont\u016bravimo priemoni\u0173 makia\u017eo pasaulyje. Su juo i\u0161gauti veido reljef\u0105 lengva net sau\" \/>\n<meta property=\"og:url\" content=\"https:\/\/msakademija.com\/en\/product\/kiko-milano-sculpting-touch-stick-contouring-stick\/\" \/>\n<meta property=\"og:site_name\" content=\"MS akademija\" \/>\n<meta property=\"article:publisher\" content=\"https:\/\/www.facebook.com\/msakademijavilnius\/\" \/>\n<meta property=\"article:modified_time\" content=\"2026-04-20T12:49:53+00:00\" \/>\n<meta property=\"og:image\" content=\"https:\/\/msakademija.com\/wp-content\/uploads\/2024\/04\/\u201e201-Chocolate-matinis-konturavimo-piestukas.jpg\" \/>\n\t<meta property=\"og:image:width\" content=\"900\" \/>\n\t<meta property=\"og:image:height\" content=\"900\" \/>\n\t<meta property=\"og:image:type\" content=\"image\/jpeg\" \/>\n<meta name=\"twitter:card\" content=\"summary_large_image\" \/>\n<meta name=\"twitter:label1\" content=\"Price\" \/>\n\t<meta name=\"twitter:data1\" content=\"&euro;25.00\" \/>\n\t<meta name=\"twitter:label2\" content=\"Availability\" \/>\n\t<meta name=\"twitter:data2\" content=\"Out of stock\" \/>\n<script type=\"application\/ld+json\" class=\"yoast-schema-graph\">{\"@context\":\"https:\\\/\\\/schema.org\",\"@graph\":[{\"@type\":\"WebPage\",\"@id\":\"https:\\\/\\\/msakademija.com\\\/produktas\\\/kiko-milano-sculpting-touch-stick-konturavimo-piestukas\\\/\",\"url\":\"https:\\\/\\\/msakademija.com\\\/produktas\\\/kiko-milano-sculpting-touch-stick-konturavimo-piestukas\\\/\",\"name\":\"KIKO Milano sculpting touch stick kont\u016bravimo pie\u0161tukas - MS akademija\",\"isPartOf\":{\"@id\":\"https:\\\/\\\/msakademija.com\\\/#website\"},\"primaryImageOfPage\":{\"@id\":\"https:\\\/\\\/msakademija.com\\\/produktas\\\/kiko-milano-sculpting-touch-stick-konturavimo-piestukas\\\/#primaryimage\"},\"image\":{\"@id\":\"https:\\\/\\\/msakademija.com\\\/produktas\\\/kiko-milano-sculpting-touch-stick-konturavimo-piestukas\\\/#primaryimage\"},\"thumbnailUrl\":\"https:\\\/\\\/msakademija.com\\\/wp-content\\\/uploads\\\/2024\\\/04\\\/\u201e201-Chocolate-matinis-konturavimo-piestukas.jpg\",\"datePublished\":\"2024-04-03T21:11:13+00:00\",\"dateModified\":\"2026-04-20T12:49:53+00:00\",\"description\":\"Kiko kont\u016bravimo stikas Chokolate spalva yra viena i\u0161 populiariausi\u0173 kont\u016bravimo priemoni\u0173 makia\u017eo pasaulyje. Su juo i\u0161gauti veido reljef\u0105 lengva net sau\",\"breadcrumb\":{\"@id\":\"https:\\\/\\\/msakademija.com\\\/produktas\\\/kiko-milano-sculpting-touch-stick-konturavimo-piestukas\\\/#breadcrumb\"},\"inLanguage\":\"en-US\",\"potentialAction\":[{\"@type\":\"ReadAction\",\"target\":[\"https:\\\/\\\/msakademija.com\\\/produktas\\\/kiko-milano-sculpting-touch-stick-konturavimo-piestukas\\\/\"]}]},{\"@type\":\"ImageObject\",\"inLanguage\":\"en-US\",\"@id\":\"https:\\\/\\\/msakademija.com\\\/produktas\\\/kiko-milano-sculpting-touch-stick-konturavimo-piestukas\\\/#primaryimage\",\"url\":\"https:\\\/\\\/msakademija.com\\\/wp-content\\\/uploads\\\/2024\\\/04\\\/\u201e201-Chocolate-matinis-konturavimo-piestukas.jpg\",\"contentUrl\":\"https:\\\/\\\/msakademija.com\\\/wp-content\\\/uploads\\\/2024\\\/04\\\/\u201e201-Chocolate-matinis-konturavimo-piestukas.jpg\",\"width\":900,\"height\":900,\"caption\":\"201 CHOCOLATE\"},{\"@type\":\"BreadcrumbList\",\"@id\":\"https:\\\/\\\/msakademija.com\\\/produktas\\\/kiko-milano-sculpting-touch-stick-konturavimo-piestukas\\\/#breadcrumb\",\"itemListElement\":[{\"@type\":\"ListItem\",\"position\":1,\"name\":\"Home\",\"item\":\"https:\\\/\\\/msakademija.com\\\/\"},{\"@type\":\"ListItem\",\"position\":2,\"name\":\"Parduotuv\u0117\",\"item\":\"https:\\\/\\\/msakademija.com\\\/makiazo-priemoniu-parduotuve\\\/\"},{\"@type\":\"ListItem\",\"position\":3,\"name\":\"KIKO Milano sculpting touch stick kont\u016bravimo pie\u0161tukas\"}]},{\"@type\":\"WebSite\",\"@id\":\"https:\\\/\\\/msakademija.com\\\/#website\",\"url\":\"https:\\\/\\\/msakademija.com\\\/\",\"name\":\"MS akademija\",\"description\":\"Makia\u017eo ir \u0161ukuosenos akademija\",\"publisher\":{\"@id\":\"https:\\\/\\\/msakademija.com\\\/#organization\"},\"potentialAction\":[{\"@type\":\"SearchAction\",\"target\":{\"@type\":\"EntryPoint\",\"urlTemplate\":\"https:\\\/\\\/msakademija.com\\\/?s={search_term_string}\"},\"query-input\":{\"@type\":\"PropertyValueSpecification\",\"valueRequired\":true,\"valueName\":\"search_term_string\"}}],\"inLanguage\":\"en-US\"},{\"@type\":\"Organization\",\"@id\":\"https:\\\/\\\/msakademija.com\\\/#organization\",\"name\":\"MS akademija\",\"url\":\"https:\\\/\\\/msakademija.com\\\/\",\"logo\":{\"@type\":\"ImageObject\",\"inLanguage\":\"en-US\",\"@id\":\"https:\\\/\\\/msakademija.com\\\/#\\\/schema\\\/logo\\\/image\\\/\",\"url\":\"https:\\\/\\\/msakademija.com\\\/wp-content\\\/uploads\\\/2021\\\/05\\\/logo_juodas_HEADERMS.png\",\"contentUrl\":\"https:\\\/\\\/msakademija.com\\\/wp-content\\\/uploads\\\/2021\\\/05\\\/logo_juodas_HEADERMS.png\",\"width\":500,\"height\":210,\"caption\":\"MS akademija\"},\"image\":{\"@id\":\"https:\\\/\\\/msakademija.com\\\/#\\\/schema\\\/logo\\\/image\\\/\"},\"sameAs\":[\"https:\\\/\\\/www.facebook.com\\\/msakademijavilnius\\\/\",\"https:\\\/\\\/www.instagram.com\\\/msakademija\\\/\"]}]}<\/script>\n<meta property=\"product:brand\" content=\"KIKO\" \/>\n<meta property=\"product:price:amount\" content=\"25.00\" \/>\n<meta property=\"product:price:currency\" content=\"EUR\" \/>\n<meta property=\"og:availability\" content=\"out of stock\" \/>\n<meta property=\"product:availability\" content=\"out of stock\" \/>\n<meta property=\"product:condition\" content=\"new\" \/>\n<!-- \/ Yoast SEO Premium plugin. -->","yoast_head_json":{"title":"KIKO Milano sculpting touch stick contouring pencil - MS akademija","description":"Kiko Contouring Stick Chokolate is one of the most popular contouring tools in the make-up world. It makes it easy to contour the face, even for yourself.","robots":{"index":"index","follow":"follow","max-snippet":"max-snippet:-1","max-image-preview":"max-image-preview:large","max-video-preview":"max-video-preview:-1"},"canonical":"https:\/\/msakademija.com\/en\/product\/kiko-milano-sculpting-touch-stick-contouring-stick\/","og_locale":"en_US","og_type":"article","og_title":"KIKO Milano sculpting touch stick kont\u016bravimo pie\u0161tukas","og_description":"Kiko kont\u016bravimo stikas Chokolate spalva yra viena i\u0161 populiariausi\u0173 kont\u016bravimo priemoni\u0173 makia\u017eo pasaulyje. Su juo i\u0161gauti veido reljef\u0105 lengva net sau","og_url":"https:\/\/msakademija.com\/en\/product\/kiko-milano-sculpting-touch-stick-contouring-stick\/","og_site_name":"MS akademija","article_publisher":"https:\/\/www.facebook.com\/msakademijavilnius\/","article_modified_time":"2026-04-20T12:49:53+00:00","og_image":[{"width":900,"height":900,"url":"https:\/\/msakademija.com\/wp-content\/uploads\/2024\/04\/\u201e201-Chocolate-matinis-konturavimo-piestukas.jpg","type":"image\/jpeg"}],"twitter_card":"summary_large_image","twitter_misc":{"Price":"&euro;25.00","Availability":"Out of stock"},"schema":{"@context":"https:\/\/schema.org","@graph":[{"@type":"WebPage","@id":"https:\/\/msakademija.com\/produktas\/kiko-milano-sculpting-touch-stick-konturavimo-piestukas\/","url":"https:\/\/msakademija.com\/produktas\/kiko-milano-sculpting-touch-stick-konturavimo-piestukas\/","name":"KIKO Milano sculpting touch stick contouring pencil - MS akademija","isPartOf":{"@id":"https:\/\/msakademija.com\/#website"},"primaryImageOfPage":{"@id":"https:\/\/msakademija.com\/produktas\/kiko-milano-sculpting-touch-stick-konturavimo-piestukas\/#primaryimage"},"image":{"@id":"https:\/\/msakademija.com\/produktas\/kiko-milano-sculpting-touch-stick-konturavimo-piestukas\/#primaryimage"},"thumbnailUrl":"https:\/\/msakademija.com\/wp-content\/uploads\/2024\/04\/\u201e201-Chocolate-matinis-konturavimo-piestukas.jpg","datePublished":"2024-04-03T21:11:13+00:00","dateModified":"2026-04-20T12:49:53+00:00","description":"Kiko Contouring Stick Chokolate is one of the most popular contouring tools in the make-up world. It makes it easy to contour the face, even for yourself.","breadcrumb":{"@id":"https:\/\/msakademija.com\/produktas\/kiko-milano-sculpting-touch-stick-konturavimo-piestukas\/#breadcrumb"},"inLanguage":"en-US","potentialAction":[{"@type":"ReadAction","target":["https:\/\/msakademija.com\/produktas\/kiko-milano-sculpting-touch-stick-konturavimo-piestukas\/"]}]},{"@type":"ImageObject","inLanguage":"en-US","@id":"https:\/\/msakademija.com\/produktas\/kiko-milano-sculpting-touch-stick-konturavimo-piestukas\/#primaryimage","url":"https:\/\/msakademija.com\/wp-content\/uploads\/2024\/04\/\u201e201-Chocolate-matinis-konturavimo-piestukas.jpg","contentUrl":"https:\/\/msakademija.com\/wp-content\/uploads\/2024\/04\/\u201e201-Chocolate-matinis-konturavimo-piestukas.jpg","width":900,"height":900,"caption":"201 CHOCOLATE"},{"@type":"BreadcrumbList","@id":"https:\/\/msakademija.com\/produktas\/kiko-milano-sculpting-touch-stick-konturavimo-piestukas\/#breadcrumb","itemListElement":[{"@type":"ListItem","position":1,"name":"Home","item":"https:\/\/msakademija.com\/"},{"@type":"ListItem","position":2,"name":"Parduotuv\u0117","item":"https:\/\/msakademija.com\/makiazo-priemoniu-parduotuve\/"},{"@type":"ListItem","position":3,"name":"KIKO Milano sculpting touch stick kont\u016bravimo pie\u0161tukas"}]},{"@type":"WebSite","@id":"https:\/\/msakademija.com\/#website","url":"https:\/\/msakademija.com\/","name":"MS Academy","description":"Make-up and Hair Academy","publisher":{"@id":"https:\/\/msakademija.com\/#organization"},"potentialAction":[{"@type":"SearchAction","target":{"@type":"EntryPoint","urlTemplate":"https:\/\/msakademija.com\/?s={search_term_string}"},"query-input":{"@type":"PropertyValueSpecification","valueRequired":true,"valueName":"search_term_string"}}],"inLanguage":"en-US"},{"@type":"Organization","@id":"https:\/\/msakademija.com\/#organization","name":"MS Academy","url":"https:\/\/msakademija.com\/","logo":{"@type":"ImageObject","inLanguage":"en-US","@id":"https:\/\/msakademija.com\/#\/schema\/logo\/image\/","url":"https:\/\/msakademija.com\/wp-content\/uploads\/2021\/05\/logo_juodas_HEADERMS.png","contentUrl":"https:\/\/msakademija.com\/wp-content\/uploads\/2021\/05\/logo_juodas_HEADERMS.png","width":500,"height":210,"caption":"MS akademija"},"image":{"@id":"https:\/\/msakademija.com\/#\/schema\/logo\/image\/"},"sameAs":["https:\/\/www.facebook.com\/msakademijavilnius\/","https:\/\/www.instagram.com\/msakademija\/"]}]},"product_brand":"KIKO","product_price_amount":"25.00","product_price_currency":"EUR","og_availability":"out of stock","product_availability":"out of stock","product_condition":"new"},"jetpack_sharing_enabled":true,"_links":{"self":[{"href":"https:\/\/msakademija.com\/en\/wp-json\/wp\/v2\/product\/9844","targetHints":{"allow":["GET"]}}],"collection":[{"href":"https:\/\/msakademija.com\/en\/wp-json\/wp\/v2\/product"}],"about":[{"href":"https:\/\/msakademija.com\/en\/wp-json\/wp\/v2\/types\/product"}],"replies":[{"embeddable":true,"href":"https:\/\/msakademija.com\/en\/wp-json\/wp\/v2\/comments?post=9844"}],"wp:featuredmedia":[{"embeddable":true,"href":"https:\/\/msakademija.com\/en\/wp-json\/wp\/v2\/media\/9845"}],"wp:attachment":[{"href":"https:\/\/msakademija.com\/en\/wp-json\/wp\/v2\/media?parent=9844"}],"wp:term":[{"taxonomy":"product_brand","embeddable":true,"href":"https:\/\/msakademija.com\/en\/wp-json\/wp\/v2\/product_brand?post=9844"},{"taxonomy":"product_cat","embeddable":true,"href":"https:\/\/msakademija.com\/en\/wp-json\/wp\/v2\/product_cat?post=9844"},{"taxonomy":"product_tag","embeddable":true,"href":"https:\/\/msakademija.com\/en\/wp-json\/wp\/v2\/product_tag?post=9844"}],"curies":[{"name":"wp","href":"https:\/\/api.w.org\/{rel}","templated":true}]}}