{"id":9849,"date":"2024-04-04T00:40:46","date_gmt":"2024-04-03T21:40:46","guid":{"rendered":"https:\/\/msakademija.com\/?post_type=product&#038;p=9849"},"modified":"2026-03-14T21:02:11","modified_gmt":"2026-03-14T19:02:11","slug":"revlon-professional-style-masters-photo-finisher-3-strong-hold-hairspray","status":"publish","type":"product","link":"https:\/\/msakademija.com\/en\/produktas\/revlon-professional-style-masters-photo-finisher-3-stiprios-fiksacijos-plauku-lakas\/","title":{"rendered":"Revlon Professional Style Masters Photo Finisher 3 strong hold hairspray"},"content":{"rendered":"<div id=\"rewrite-result\" class=\"styles_rewriteResult__Nej81\">\n<div class=\"styles_resultArea__Y7sp9 styles_outputBackground__TJhLY\"><span class=\"\">Revlon Professional Style Masters Photo Finisher 3 <\/span><\/div>\n<div><\/div>\n<div class=\"styles_resultArea__Y7sp9 styles_outputBackground__TJhLY\"><span class=\"\">The hairspray adheres firmly to the hair without making it sticky or weighing it down. <\/span><\/div>\n<div><\/div>\n<div class=\"styles_resultArea__Y7sp9 styles_outputBackground__TJhLY\"><span class=\"\">Revlon professional style masters Thanks to its unique design based on advanced technology, this device allows you to effortlessly create bold and picturesque hairstyles. <\/span><\/div>\n<div class=\"styles_resultArea__Y7sp9 styles_outputBackground__TJhLY\"><span class=\"\">The product spray has a dispenser that disperses the hairspray using a special principle. <\/span><\/div>\n<div class=\"styles_resultArea__Y7sp9 styles_outputBackground__TJhLY\"><span class=\"\">The resulting mist ensures the ideal distribution of Revlon Style Masters Photo Finisher 3 hairspray, preventing excess product and ensuring precise results. Revlon hairspray has a remarkable ability to dry quickly, making it an invaluable asset for easy and precise fixing of any desired hairstyle. <\/span><\/div>\n<div class=\"styles_resultArea__Y7sp9 styles_outputBackground__TJhLY\"><span class=\"\">This exceptional quality makes it an essential tool for both everyday looks and for creating unique and exclusive hairstyles. <\/span><\/div>\n<div class=\"styles_resultArea__Y7sp9 styles_outputBackground__TJhLY\"><span class=\"\">Designed to meet the unique needs of each client, this Revlon hairspray provides a long-lasting hold that maintains your desired style from dawn to dusk. Rest assured, however, that this product can be easily removed when needed.<\/span><\/div>\n<\/div>\n<div>\n<p><span lang=\"lt\" xml:lang=\"lt\">Key product features:<\/span><\/p>\n<ul>\n<li><span lang=\"lt\" xml:lang=\"lt\">ensures a strong fixation;<\/span><\/li>\n<li><span lang=\"lt\" xml:lang=\"lt\">evenly distributed on the hair;<\/span><\/li>\n<li><span lang=\"lt\" xml:lang=\"lt\">has a fast-drying formula;<\/span><\/li>\n<li><span lang=\"lt\" xml:lang=\"lt\">the image created lasts up to 24 hours;<\/span><\/li>\n<li><span lang=\"lt\" xml:lang=\"lt\">leaves no residue on the surface of the hair;<\/span><\/li>\n<li><span lang=\"lt\" xml:lang=\"lt\">does not weigh hair down or weigh it down;<\/span><\/li>\n<li><span lang=\"lt\" xml:lang=\"lt\">protects hair from the effects of humidity.<\/span><\/li>\n<\/ul>\n<p><strong><span lang=\"lt\" xml:lang=\"lt\">Revlon Professional Style Masters Photo Finisher 3<\/span><\/strong><span lang=\"lt\" xml:lang=\"lt\">\u00a0Hairspray makes even the wildest ideas a reality. This makes it easy to achieve the desired result for thin, thick or dense hair.<\/span><\/p>\n<p><span lang=\"lt\" xml:lang=\"lt\">Designs may vary from those shown in the photo.<\/span><\/p>\n<p><span lang=\"lt\" xml:lang=\"lt\">How to use: spray 25-30 cm away from the hairstyle and allow to dry.<\/span><\/p>\n<\/div>\n<div class=\"styles_container__EnKbP undefined\"><\/div>","protected":false},"excerpt":{"rendered":"<p>Revlon Professional Style Masters Photo Finisher 3 Plauk\u0173 lakas tvirtai sukimba su plaukais, nesukeldamas lipnumo ir neapsunkindamas j\u0173. Revlon professional style masters d\u0117l savo unikalaus dizaino, pagr\u012fsto pa\u017eangiomis technologijomis, \u0161is prietaisas suteikia galimyb\u0119 be vargo susikurti dr\u0105sias ir vaizdingas \u0161ukuosenas. Specialiu principu veikiantis produkto pur\u0161kiklis turi dozatori\u0173, kuris i\u0161sklaido plauk\u0173 lak\u0105. Susidariusi dulksna u\u017etikrina ideal\u0173 [&#8230;]\n","protected":false},"featured_media":9850,"comment_status":"open","ping_status":"closed","template":"","meta":[],"product_brand":[],"product_cat":[17,16],"product_tag":[143,144,142,145],"class_list":{"0":"post-9849","1":"product","2":"type-product","3":"status-publish","4":"has-post-thumbnail","6":"product_cat-plauku-formavimo-priemones","7":"product_cat-plauku-prieziuros-ir-formavimo-priemones","8":"product_tag-lakas","9":"product_tag-plaukams","10":"product_tag-plauku-lakas","11":"product_tag-sukuosenoms","13":"first","14":"instock","15":"sale","16":"shipping-taxable","17":"purchasable","18":"product-type-simple"},"yoast_head":"<!-- This site is optimized with the Yoast SEO Premium plugin v27.5 (Yoast SEO v27.5) - https:\/\/yoast.com\/product\/yoast-seo-premium-wordpress\/ -->\n<title>Revlon Professional Style Masters Photo Finisher 3 stiprios fiksacijos plauk\u0173 lakas - MS akademija<\/title>\n<meta name=\"description\" content=\"Revlon Professional Style Masters Photo Finisher 3 plauk\u0173 lakas tvirtai sukimba su plaukais, nesukeldamas lipnumo ir neapsunkindamas j\u0173.\" \/>\n<meta name=\"robots\" content=\"index, follow, max-snippet:-1, max-image-preview:large, max-video-preview:-1\" \/>\n<link rel=\"canonical\" href=\"https:\/\/msakademija.com\/en\/product\/revlon-professional-style-masters-photo-finisher-3-strong-hold-hairspray\/\" \/>\n<meta property=\"og:locale\" content=\"en_US\" \/>\n<meta property=\"og:type\" content=\"article\" \/>\n<meta property=\"og:title\" content=\"Revlon Professional Style Masters Photo Finisher 3 stiprios fiksacijos plauk\u0173 lakas\" \/>\n<meta property=\"og:description\" content=\"Revlon Professional Style Masters Photo Finisher 3 plauk\u0173 lakas tvirtai sukimba su plaukais, nesukeldamas lipnumo ir neapsunkindamas j\u0173.\" \/>\n<meta property=\"og:url\" content=\"https:\/\/msakademija.com\/en\/product\/revlon-professional-style-masters-photo-finisher-3-strong-hold-hairspray\/\" \/>\n<meta property=\"og:site_name\" content=\"MS akademija\" \/>\n<meta property=\"article:publisher\" content=\"https:\/\/www.facebook.com\/msakademijavilnius\/\" \/>\n<meta property=\"article:modified_time\" content=\"2026-03-14T19:02:11+00:00\" \/>\n<meta property=\"og:image\" content=\"https:\/\/msakademija.com\/wp-content\/uploads\/2024\/04\/revlon-professional-style-masters-photo-finisher-3-stiprios-fiksacijos-plauku-lakas.jpg\" \/>\n\t<meta property=\"og:image:width\" content=\"800\" \/>\n\t<meta property=\"og:image:height\" content=\"800\" \/>\n\t<meta property=\"og:image:type\" content=\"image\/jpeg\" \/>\n<meta name=\"twitter:card\" content=\"summary_large_image\" \/>\n<meta name=\"twitter:label1\" content=\"Price\" \/>\n\t<meta name=\"twitter:data1\" content=\"&euro;15.00\" \/>\n\t<meta name=\"twitter:label2\" content=\"Availability\" \/>\n\t<meta name=\"twitter:data2\" content=\"In stock\" \/>\n<script type=\"application\/ld+json\" class=\"yoast-schema-graph\">{\"@context\":\"https:\\\/\\\/schema.org\",\"@graph\":[{\"@type\":\"WebPage\",\"@id\":\"https:\\\/\\\/msakademija.com\\\/produktas\\\/revlon-professional-style-masters-photo-finisher-3-stiprios-fiksacijos-plauku-lakas\\\/\",\"url\":\"https:\\\/\\\/msakademija.com\\\/produktas\\\/revlon-professional-style-masters-photo-finisher-3-stiprios-fiksacijos-plauku-lakas\\\/\",\"name\":\"Revlon Professional Style Masters Photo Finisher 3 stiprios fiksacijos plauk\u0173 lakas - MS akademija\",\"isPartOf\":{\"@id\":\"https:\\\/\\\/msakademija.com\\\/#website\"},\"primaryImageOfPage\":{\"@id\":\"https:\\\/\\\/msakademija.com\\\/produktas\\\/revlon-professional-style-masters-photo-finisher-3-stiprios-fiksacijos-plauku-lakas\\\/#primaryimage\"},\"image\":{\"@id\":\"https:\\\/\\\/msakademija.com\\\/produktas\\\/revlon-professional-style-masters-photo-finisher-3-stiprios-fiksacijos-plauku-lakas\\\/#primaryimage\"},\"thumbnailUrl\":\"https:\\\/\\\/msakademija.com\\\/wp-content\\\/uploads\\\/2024\\\/04\\\/revlon-professional-style-masters-photo-finisher-3-stiprios-fiksacijos-plauku-lakas.jpg\",\"datePublished\":\"2024-04-03T21:40:46+00:00\",\"dateModified\":\"2026-03-14T19:02:11+00:00\",\"description\":\"Revlon Professional Style Masters Photo Finisher 3 plauk\u0173 lakas tvirtai sukimba su plaukais, nesukeldamas lipnumo ir neapsunkindamas j\u0173.\",\"breadcrumb\":{\"@id\":\"https:\\\/\\\/msakademija.com\\\/produktas\\\/revlon-professional-style-masters-photo-finisher-3-stiprios-fiksacijos-plauku-lakas\\\/#breadcrumb\"},\"inLanguage\":\"en-US\",\"potentialAction\":[{\"@type\":\"ReadAction\",\"target\":[\"https:\\\/\\\/msakademija.com\\\/produktas\\\/revlon-professional-style-masters-photo-finisher-3-stiprios-fiksacijos-plauku-lakas\\\/\"]}]},{\"@type\":\"ImageObject\",\"inLanguage\":\"en-US\",\"@id\":\"https:\\\/\\\/msakademija.com\\\/produktas\\\/revlon-professional-style-masters-photo-finisher-3-stiprios-fiksacijos-plauku-lakas\\\/#primaryimage\",\"url\":\"https:\\\/\\\/msakademija.com\\\/wp-content\\\/uploads\\\/2024\\\/04\\\/revlon-professional-style-masters-photo-finisher-3-stiprios-fiksacijos-plauku-lakas.jpg\",\"contentUrl\":\"https:\\\/\\\/msakademija.com\\\/wp-content\\\/uploads\\\/2024\\\/04\\\/revlon-professional-style-masters-photo-finisher-3-stiprios-fiksacijos-plauku-lakas.jpg\",\"width\":800,\"height\":800,\"caption\":\"plauku lakas\"},{\"@type\":\"BreadcrumbList\",\"@id\":\"https:\\\/\\\/msakademija.com\\\/produktas\\\/revlon-professional-style-masters-photo-finisher-3-stiprios-fiksacijos-plauku-lakas\\\/#breadcrumb\",\"itemListElement\":[{\"@type\":\"ListItem\",\"position\":1,\"name\":\"Home\",\"item\":\"https:\\\/\\\/msakademija.com\\\/\"},{\"@type\":\"ListItem\",\"position\":2,\"name\":\"Parduotuv\u0117\",\"item\":\"https:\\\/\\\/msakademija.com\\\/makiazo-priemoniu-parduotuve\\\/\"},{\"@type\":\"ListItem\",\"position\":3,\"name\":\"Revlon Professional Style Masters Photo Finisher 3 stiprios fiksacijos plauk\u0173 lakas\"}]},{\"@type\":\"WebSite\",\"@id\":\"https:\\\/\\\/msakademija.com\\\/#website\",\"url\":\"https:\\\/\\\/msakademija.com\\\/\",\"name\":\"MS akademija\",\"description\":\"Makia\u017eo ir \u0161ukuosenos akademija\",\"publisher\":{\"@id\":\"https:\\\/\\\/msakademija.com\\\/#organization\"},\"potentialAction\":[{\"@type\":\"SearchAction\",\"target\":{\"@type\":\"EntryPoint\",\"urlTemplate\":\"https:\\\/\\\/msakademija.com\\\/?s={search_term_string}\"},\"query-input\":{\"@type\":\"PropertyValueSpecification\",\"valueRequired\":true,\"valueName\":\"search_term_string\"}}],\"inLanguage\":\"en-US\"},{\"@type\":\"Organization\",\"@id\":\"https:\\\/\\\/msakademija.com\\\/#organization\",\"name\":\"MS akademija\",\"url\":\"https:\\\/\\\/msakademija.com\\\/\",\"logo\":{\"@type\":\"ImageObject\",\"inLanguage\":\"en-US\",\"@id\":\"https:\\\/\\\/msakademija.com\\\/#\\\/schema\\\/logo\\\/image\\\/\",\"url\":\"https:\\\/\\\/msakademija.com\\\/wp-content\\\/uploads\\\/2021\\\/05\\\/logo_juodas_HEADERMS.png\",\"contentUrl\":\"https:\\\/\\\/msakademija.com\\\/wp-content\\\/uploads\\\/2021\\\/05\\\/logo_juodas_HEADERMS.png\",\"width\":500,\"height\":210,\"caption\":\"MS akademija\"},\"image\":{\"@id\":\"https:\\\/\\\/msakademija.com\\\/#\\\/schema\\\/logo\\\/image\\\/\"},\"sameAs\":[\"https:\\\/\\\/www.facebook.com\\\/msakademijavilnius\\\/\",\"https:\\\/\\\/www.instagram.com\\\/msakademija\\\/\"]}]}<\/script>\n<meta property=\"product:brand\" content=\"Revlon\" \/>\n<meta property=\"product:price:amount\" content=\"15.00\" \/>\n<meta property=\"product:price:currency\" content=\"EUR\" \/>\n<meta property=\"og:availability\" content=\"instock\" \/>\n<meta property=\"product:availability\" content=\"instock\" \/>\n<meta property=\"product:condition\" content=\"new\" \/>\n<!-- \/ Yoast SEO Premium plugin. -->","yoast_head_json":{"title":"Revlon Professional Style Masters Photo Finisher 3 strong hold hairspray - MS Academy","description":"Revlon Professional Style Masters Photo Finisher 3 hairspray adheres firmly to the hair without making it sticky or weighing it down.","robots":{"index":"index","follow":"follow","max-snippet":"max-snippet:-1","max-image-preview":"max-image-preview:large","max-video-preview":"max-video-preview:-1"},"canonical":"https:\/\/msakademija.com\/en\/product\/revlon-professional-style-masters-photo-finisher-3-strong-hold-hairspray\/","og_locale":"en_US","og_type":"article","og_title":"Revlon Professional Style Masters Photo Finisher 3 stiprios fiksacijos plauk\u0173 lakas","og_description":"Revlon Professional Style Masters Photo Finisher 3 plauk\u0173 lakas tvirtai sukimba su plaukais, nesukeldamas lipnumo ir neapsunkindamas j\u0173.","og_url":"https:\/\/msakademija.com\/en\/product\/revlon-professional-style-masters-photo-finisher-3-strong-hold-hairspray\/","og_site_name":"MS akademija","article_publisher":"https:\/\/www.facebook.com\/msakademijavilnius\/","article_modified_time":"2026-03-14T19:02:11+00:00","og_image":[{"width":800,"height":800,"url":"https:\/\/msakademija.com\/wp-content\/uploads\/2024\/04\/revlon-professional-style-masters-photo-finisher-3-stiprios-fiksacijos-plauku-lakas.jpg","type":"image\/jpeg"}],"twitter_card":"summary_large_image","twitter_misc":{"Price":"&euro;15.00","Availability":"In stock"},"schema":{"@context":"https:\/\/schema.org","@graph":[{"@type":"WebPage","@id":"https:\/\/msakademija.com\/produktas\/revlon-professional-style-masters-photo-finisher-3-stiprios-fiksacijos-plauku-lakas\/","url":"https:\/\/msakademija.com\/produktas\/revlon-professional-style-masters-photo-finisher-3-stiprios-fiksacijos-plauku-lakas\/","name":"Revlon Professional Style Masters Photo Finisher 3 strong hold hairspray - MS Academy","isPartOf":{"@id":"https:\/\/msakademija.com\/#website"},"primaryImageOfPage":{"@id":"https:\/\/msakademija.com\/produktas\/revlon-professional-style-masters-photo-finisher-3-stiprios-fiksacijos-plauku-lakas\/#primaryimage"},"image":{"@id":"https:\/\/msakademija.com\/produktas\/revlon-professional-style-masters-photo-finisher-3-stiprios-fiksacijos-plauku-lakas\/#primaryimage"},"thumbnailUrl":"https:\/\/msakademija.com\/wp-content\/uploads\/2024\/04\/revlon-professional-style-masters-photo-finisher-3-stiprios-fiksacijos-plauku-lakas.jpg","datePublished":"2024-04-03T21:40:46+00:00","dateModified":"2026-03-14T19:02:11+00:00","description":"Revlon Professional Style Masters Photo Finisher 3 hairspray adheres firmly to the hair without making it sticky or weighing it down.","breadcrumb":{"@id":"https:\/\/msakademija.com\/produktas\/revlon-professional-style-masters-photo-finisher-3-stiprios-fiksacijos-plauku-lakas\/#breadcrumb"},"inLanguage":"en-US","potentialAction":[{"@type":"ReadAction","target":["https:\/\/msakademija.com\/produktas\/revlon-professional-style-masters-photo-finisher-3-stiprios-fiksacijos-plauku-lakas\/"]}]},{"@type":"ImageObject","inLanguage":"en-US","@id":"https:\/\/msakademija.com\/produktas\/revlon-professional-style-masters-photo-finisher-3-stiprios-fiksacijos-plauku-lakas\/#primaryimage","url":"https:\/\/msakademija.com\/wp-content\/uploads\/2024\/04\/revlon-professional-style-masters-photo-finisher-3-stiprios-fiksacijos-plauku-lakas.jpg","contentUrl":"https:\/\/msakademija.com\/wp-content\/uploads\/2024\/04\/revlon-professional-style-masters-photo-finisher-3-stiprios-fiksacijos-plauku-lakas.jpg","width":800,"height":800,"caption":"plauku lakas"},{"@type":"BreadcrumbList","@id":"https:\/\/msakademija.com\/produktas\/revlon-professional-style-masters-photo-finisher-3-stiprios-fiksacijos-plauku-lakas\/#breadcrumb","itemListElement":[{"@type":"ListItem","position":1,"name":"Home","item":"https:\/\/msakademija.com\/"},{"@type":"ListItem","position":2,"name":"Parduotuv\u0117","item":"https:\/\/msakademija.com\/makiazo-priemoniu-parduotuve\/"},{"@type":"ListItem","position":3,"name":"Revlon Professional Style Masters Photo Finisher 3 stiprios fiksacijos plauk\u0173 lakas"}]},{"@type":"WebSite","@id":"https:\/\/msakademija.com\/#website","url":"https:\/\/msakademija.com\/","name":"MS Academy","description":"Make-up and Hair Academy","publisher":{"@id":"https:\/\/msakademija.com\/#organization"},"potentialAction":[{"@type":"SearchAction","target":{"@type":"EntryPoint","urlTemplate":"https:\/\/msakademija.com\/?s={search_term_string}"},"query-input":{"@type":"PropertyValueSpecification","valueRequired":true,"valueName":"search_term_string"}}],"inLanguage":"en-US"},{"@type":"Organization","@id":"https:\/\/msakademija.com\/#organization","name":"MS Academy","url":"https:\/\/msakademija.com\/","logo":{"@type":"ImageObject","inLanguage":"en-US","@id":"https:\/\/msakademija.com\/#\/schema\/logo\/image\/","url":"https:\/\/msakademija.com\/wp-content\/uploads\/2021\/05\/logo_juodas_HEADERMS.png","contentUrl":"https:\/\/msakademija.com\/wp-content\/uploads\/2021\/05\/logo_juodas_HEADERMS.png","width":500,"height":210,"caption":"MS akademija"},"image":{"@id":"https:\/\/msakademija.com\/#\/schema\/logo\/image\/"},"sameAs":["https:\/\/www.facebook.com\/msakademijavilnius\/","https:\/\/www.instagram.com\/msakademija\/"]}]},"product_brand":"Revlon","product_price_amount":"15.00","product_price_currency":"EUR","og_availability":"instock","product_availability":"instock","product_condition":"new"},"jetpack_sharing_enabled":true,"_links":{"self":[{"href":"https:\/\/msakademija.com\/en\/wp-json\/wp\/v2\/product\/9849","targetHints":{"allow":["GET"]}}],"collection":[{"href":"https:\/\/msakademija.com\/en\/wp-json\/wp\/v2\/product"}],"about":[{"href":"https:\/\/msakademija.com\/en\/wp-json\/wp\/v2\/types\/product"}],"replies":[{"embeddable":true,"href":"https:\/\/msakademija.com\/en\/wp-json\/wp\/v2\/comments?post=9849"}],"wp:featuredmedia":[{"embeddable":true,"href":"https:\/\/msakademija.com\/en\/wp-json\/wp\/v2\/media\/9850"}],"wp:attachment":[{"href":"https:\/\/msakademija.com\/en\/wp-json\/wp\/v2\/media?parent=9849"}],"wp:term":[{"taxonomy":"product_brand","embeddable":true,"href":"https:\/\/msakademija.com\/en\/wp-json\/wp\/v2\/product_brand?post=9849"},{"taxonomy":"product_cat","embeddable":true,"href":"https:\/\/msakademija.com\/en\/wp-json\/wp\/v2\/product_cat?post=9849"},{"taxonomy":"product_tag","embeddable":true,"href":"https:\/\/msakademija.com\/en\/wp-json\/wp\/v2\/product_tag?post=9849"}],"curies":[{"name":"wp","href":"https:\/\/api.w.org\/{rel}","templated":true}]}}