{"id":9852,"date":"2024-04-04T00:50:55","date_gmt":"2024-04-03T21:50:55","guid":{"rendered":"https:\/\/msakademija.com\/?post_type=product&#038;p=9852"},"modified":"2026-03-14T21:02:11","modified_gmt":"2026-03-14T19:02:11","slug":"schwarzkopf-professional-osis-volume-up-volumising-treatment","status":"publish","type":"product","link":"https:\/\/msakademija.com\/en\/produktas\/schwarzkopf-professional-osis-volume-up-apimties-suteikianti-priemone\/","title":{"rendered":"Schwarzkopf Professional OSiS+ Volume Up volumising product"},"content":{"rendered":"<p><strong>Schwarzkopf OSiS+<\/strong>\u00a0the product line takes on even the toughest styling challenges! These are the tools that allow you to unleash your imagination and create something that really brings out the individuality of each person.<\/p>\n<p><strong>Schwarzkopf Professional Osis+ Volume Up\u00a0<\/strong>The hair spray instantly refines the texture of the hair and gives it the volume it desires.<\/p>\n<p>The special formula helps to create the effect of thick, fluffy and beautifully styled hair. This makes this hair care product a real lifesaver for those with thin hair that clings to the scalp.\u00a0<strong>Schwarzkopf Osis+ Volume Up\u00a0<\/strong>The components in the spray effortlessly lift and strengthen the hairstyle. As a result, even at the end of the day, hair looks as if it has just been styled.<\/p>\n<p>The medium hold formula helps to create the desired look effectively, without weighing down or weighing down strands. As a result\u00a0<strong>Schwarzkopf Osis+ Volume Up<\/strong>\u00a0The spray allows you to create natural-looking hairstyles that are suitable for both everyday and special occasions. And the special formula prevents visible product residue in the hair or on the scalp.<\/p>\n<p>Key product features:<\/p>\n<ul>\n<li>lifts hair from the roots;<\/li>\n<li>adds volume to the hairstyle;<\/li>\n<li>effectively reinforces the image created;<\/li>\n<li>does not weigh down the hairstyle;<\/li>\n<li>maintains the elasticity of strands;<\/li>\n<li>does not leave marks on the surface of the hair;<\/li>\n<li>gives a long-lasting effect.<\/li>\n<\/ul>\n<p><strong>Schwarzkopf Professional Osis+ Volume Up\u00a0<\/strong>hair spray allows you to create the look of your dreams without limits or compromises.<\/p>\n<p>Designs may vary from those shown in the photo.<\/p>\n<p>How to use: holding the bottle at a distance of 25-30 cm, spray the product onto dry hair with short strokes.<\/p>","protected":false},"excerpt":{"rendered":"<p>Schwarzkopf OSiS+\u00a0produkt\u0173 linija priima net sud\u0117tingiausius stiliaus i\u0161\u0161\u016bkius! Tai priemon\u0117s, kurios leid\u017eia i\u0161laisvinti savo fantazij\u0105 ir kurti tai, kas i\u0161 ties\u0173 pabr\u0117\u017et\u0173 kiekvieno \u017emogaus individualum\u0105. Schwarzkopf Professional Osis+ Volume Up\u00a0plauk\u0173 pur\u0161kiklis akimirksniu i\u0161ry\u0161kina plauk\u0173 tekst\u016br\u0105 ir suteikia \u0161ukuosenai trok\u0161tamos apimties. Speciali produkto formul\u0117 padeda sukurti tanki\u0173, puri\u0173 ir dailiai suformuot\u0173 plauk\u0173 efekt\u0105. D\u0117l to \u0161i [&#8230;]\n","protected":false},"featured_media":9853,"comment_status":"open","ping_status":"closed","template":"","meta":[],"product_brand":[],"product_cat":[17,16],"product_tag":[148,143,147,149],"class_list":{"0":"post-9852","1":"product","2":"type-product","3":"status-publish","4":"has-post-thumbnail","6":"product_cat-plauku-formavimo-priemones","7":"product_cat-plauku-prieziuros-ir-formavimo-priemones","8":"product_tag-apimciai","9":"product_tag-lakas","10":"product_tag-plauku","11":"product_tag-volume","13":"first","14":"instock","15":"shipping-taxable","16":"purchasable","17":"product-type-simple"},"yoast_head":"<!-- This site is optimized with the Yoast SEO Premium plugin v27.5 (Yoast SEO v27.5) - https:\/\/yoast.com\/product\/yoast-seo-premium-wordpress\/ -->\n<title>Schwarzkopf Professional OSiS+ Volume Up apimties suteikianti priemon\u0117 - MS akademija<\/title>\n<meta name=\"description\" content=\"Schwarzkopf Professional Osis+ Volume Up \u00a0plauk\u0173 pur\u0161kiklis akimirksniu i\u0161ry\u0161kina plauk\u0173 tekst\u016br\u0105 ir suteikia \u0161ukuosenai trok\u0161tamos apimties.\" \/>\n<meta name=\"robots\" content=\"index, follow, max-snippet:-1, max-image-preview:large, max-video-preview:-1\" \/>\n<link rel=\"canonical\" href=\"https:\/\/msakademija.com\/en\/product\/schwarzkopf-professional-osis-volume-up-volumising-treatment\/\" \/>\n<meta property=\"og:locale\" content=\"en_US\" \/>\n<meta property=\"og:type\" content=\"article\" \/>\n<meta property=\"og:title\" content=\"Schwarzkopf Professional OSiS+ Volume Up apimties suteikianti priemon\u0117\" \/>\n<meta property=\"og:description\" content=\"Schwarzkopf Professional Osis+ Volume Up \u00a0plauk\u0173 pur\u0161kiklis akimirksniu i\u0161ry\u0161kina plauk\u0173 tekst\u016br\u0105 ir suteikia \u0161ukuosenai trok\u0161tamos apimties.\" \/>\n<meta property=\"og:url\" content=\"https:\/\/msakademija.com\/en\/product\/schwarzkopf-professional-osis-volume-up-volumising-treatment\/\" \/>\n<meta property=\"og:site_name\" content=\"MS akademija\" \/>\n<meta property=\"article:publisher\" content=\"https:\/\/www.facebook.com\/msakademijavilnius\/\" \/>\n<meta property=\"article:modified_time\" content=\"2026-03-14T19:02:11+00:00\" \/>\n<meta property=\"og:image\" content=\"https:\/\/msakademija.com\/wp-content\/uploads\/2024\/04\/schwarzkopf-professional-osis-volume-up-apimties-suteikianti-priemone.jpg\" \/>\n\t<meta property=\"og:image:width\" content=\"800\" \/>\n\t<meta property=\"og:image:height\" content=\"800\" \/>\n\t<meta property=\"og:image:type\" content=\"image\/jpeg\" \/>\n<meta name=\"twitter:card\" content=\"summary_large_image\" \/>\n<meta name=\"twitter:label1\" content=\"Price\" \/>\n\t<meta name=\"twitter:data1\" content=\"&euro;13.00\" \/>\n\t<meta name=\"twitter:label2\" content=\"Availability\" \/>\n\t<meta name=\"twitter:data2\" content=\"In stock\" \/>\n<script type=\"application\/ld+json\" class=\"yoast-schema-graph\">{\"@context\":\"https:\\\/\\\/schema.org\",\"@graph\":[{\"@type\":\"WebPage\",\"@id\":\"https:\\\/\\\/msakademija.com\\\/produktas\\\/schwarzkopf-professional-osis-volume-up-apimties-suteikianti-priemone\\\/\",\"url\":\"https:\\\/\\\/msakademija.com\\\/produktas\\\/schwarzkopf-professional-osis-volume-up-apimties-suteikianti-priemone\\\/\",\"name\":\"Schwarzkopf Professional OSiS+ Volume Up apimties suteikianti priemon\u0117 - MS akademija\",\"isPartOf\":{\"@id\":\"https:\\\/\\\/msakademija.com\\\/#website\"},\"primaryImageOfPage\":{\"@id\":\"https:\\\/\\\/msakademija.com\\\/produktas\\\/schwarzkopf-professional-osis-volume-up-apimties-suteikianti-priemone\\\/#primaryimage\"},\"image\":{\"@id\":\"https:\\\/\\\/msakademija.com\\\/produktas\\\/schwarzkopf-professional-osis-volume-up-apimties-suteikianti-priemone\\\/#primaryimage\"},\"thumbnailUrl\":\"https:\\\/\\\/msakademija.com\\\/wp-content\\\/uploads\\\/2024\\\/04\\\/schwarzkopf-professional-osis-volume-up-apimties-suteikianti-priemone.jpg\",\"datePublished\":\"2024-04-03T21:50:55+00:00\",\"dateModified\":\"2026-03-14T19:02:11+00:00\",\"description\":\"Schwarzkopf Professional Osis+ Volume Up \u00a0plauk\u0173 pur\u0161kiklis akimirksniu i\u0161ry\u0161kina plauk\u0173 tekst\u016br\u0105 ir suteikia \u0161ukuosenai trok\u0161tamos apimties.\",\"breadcrumb\":{\"@id\":\"https:\\\/\\\/msakademija.com\\\/produktas\\\/schwarzkopf-professional-osis-volume-up-apimties-suteikianti-priemone\\\/#breadcrumb\"},\"inLanguage\":\"en-US\",\"potentialAction\":[{\"@type\":\"ReadAction\",\"target\":[\"https:\\\/\\\/msakademija.com\\\/produktas\\\/schwarzkopf-professional-osis-volume-up-apimties-suteikianti-priemone\\\/\"]}]},{\"@type\":\"ImageObject\",\"inLanguage\":\"en-US\",\"@id\":\"https:\\\/\\\/msakademija.com\\\/produktas\\\/schwarzkopf-professional-osis-volume-up-apimties-suteikianti-priemone\\\/#primaryimage\",\"url\":\"https:\\\/\\\/msakademija.com\\\/wp-content\\\/uploads\\\/2024\\\/04\\\/schwarzkopf-professional-osis-volume-up-apimties-suteikianti-priemone.jpg\",\"contentUrl\":\"https:\\\/\\\/msakademija.com\\\/wp-content\\\/uploads\\\/2024\\\/04\\\/schwarzkopf-professional-osis-volume-up-apimties-suteikianti-priemone.jpg\",\"width\":800,\"height\":800,\"caption\":\"lakas apimciai\"},{\"@type\":\"BreadcrumbList\",\"@id\":\"https:\\\/\\\/msakademija.com\\\/produktas\\\/schwarzkopf-professional-osis-volume-up-apimties-suteikianti-priemone\\\/#breadcrumb\",\"itemListElement\":[{\"@type\":\"ListItem\",\"position\":1,\"name\":\"Home\",\"item\":\"https:\\\/\\\/msakademija.com\\\/\"},{\"@type\":\"ListItem\",\"position\":2,\"name\":\"Parduotuv\u0117\",\"item\":\"https:\\\/\\\/msakademija.com\\\/makiazo-priemoniu-parduotuve\\\/\"},{\"@type\":\"ListItem\",\"position\":3,\"name\":\"Schwarzkopf Professional OSiS+ Volume Up apimties suteikianti priemon\u0117\"}]},{\"@type\":\"WebSite\",\"@id\":\"https:\\\/\\\/msakademija.com\\\/#website\",\"url\":\"https:\\\/\\\/msakademija.com\\\/\",\"name\":\"MS akademija\",\"description\":\"Makia\u017eo ir \u0161ukuosenos akademija\",\"publisher\":{\"@id\":\"https:\\\/\\\/msakademija.com\\\/#organization\"},\"potentialAction\":[{\"@type\":\"SearchAction\",\"target\":{\"@type\":\"EntryPoint\",\"urlTemplate\":\"https:\\\/\\\/msakademija.com\\\/?s={search_term_string}\"},\"query-input\":{\"@type\":\"PropertyValueSpecification\",\"valueRequired\":true,\"valueName\":\"search_term_string\"}}],\"inLanguage\":\"en-US\"},{\"@type\":\"Organization\",\"@id\":\"https:\\\/\\\/msakademija.com\\\/#organization\",\"name\":\"MS akademija\",\"url\":\"https:\\\/\\\/msakademija.com\\\/\",\"logo\":{\"@type\":\"ImageObject\",\"inLanguage\":\"en-US\",\"@id\":\"https:\\\/\\\/msakademija.com\\\/#\\\/schema\\\/logo\\\/image\\\/\",\"url\":\"https:\\\/\\\/msakademija.com\\\/wp-content\\\/uploads\\\/2021\\\/05\\\/logo_juodas_HEADERMS.png\",\"contentUrl\":\"https:\\\/\\\/msakademija.com\\\/wp-content\\\/uploads\\\/2021\\\/05\\\/logo_juodas_HEADERMS.png\",\"width\":500,\"height\":210,\"caption\":\"MS akademija\"},\"image\":{\"@id\":\"https:\\\/\\\/msakademija.com\\\/#\\\/schema\\\/logo\\\/image\\\/\"},\"sameAs\":[\"https:\\\/\\\/www.facebook.com\\\/msakademijavilnius\\\/\",\"https:\\\/\\\/www.instagram.com\\\/msakademija\\\/\"]}]}<\/script>\n<meta property=\"product:brand\" content=\"Schwarzkopf Professional\" \/>\n<meta property=\"product:price:amount\" content=\"13.00\" \/>\n<meta property=\"product:price:currency\" content=\"EUR\" \/>\n<meta property=\"og:availability\" content=\"instock\" \/>\n<meta property=\"product:availability\" content=\"instock\" \/>\n<meta property=\"product:condition\" content=\"new\" \/>\n<!-- \/ Yoast SEO Premium plugin. -->","yoast_head_json":{"title":"Schwarzkopf Professional OSiS+ Volume Up Volumising Treatment - MS Academy","description":"Schwarzkopf Professional Osis+ Volume Up Hair Spray instantly refines the texture of the hair and gives it the volume it needs.","robots":{"index":"index","follow":"follow","max-snippet":"max-snippet:-1","max-image-preview":"max-image-preview:large","max-video-preview":"max-video-preview:-1"},"canonical":"https:\/\/msakademija.com\/en\/product\/schwarzkopf-professional-osis-volume-up-volumising-treatment\/","og_locale":"en_US","og_type":"article","og_title":"Schwarzkopf Professional OSiS+ Volume Up apimties suteikianti priemon\u0117","og_description":"Schwarzkopf Professional Osis+ Volume Up \u00a0plauk\u0173 pur\u0161kiklis akimirksniu i\u0161ry\u0161kina plauk\u0173 tekst\u016br\u0105 ir suteikia \u0161ukuosenai trok\u0161tamos apimties.","og_url":"https:\/\/msakademija.com\/en\/product\/schwarzkopf-professional-osis-volume-up-volumising-treatment\/","og_site_name":"MS akademija","article_publisher":"https:\/\/www.facebook.com\/msakademijavilnius\/","article_modified_time":"2026-03-14T19:02:11+00:00","og_image":[{"width":800,"height":800,"url":"https:\/\/msakademija.com\/wp-content\/uploads\/2024\/04\/schwarzkopf-professional-osis-volume-up-apimties-suteikianti-priemone.jpg","type":"image\/jpeg"}],"twitter_card":"summary_large_image","twitter_misc":{"Price":"&euro;13.00","Availability":"In stock"},"schema":{"@context":"https:\/\/schema.org","@graph":[{"@type":"WebPage","@id":"https:\/\/msakademija.com\/produktas\/schwarzkopf-professional-osis-volume-up-apimties-suteikianti-priemone\/","url":"https:\/\/msakademija.com\/produktas\/schwarzkopf-professional-osis-volume-up-apimties-suteikianti-priemone\/","name":"Schwarzkopf Professional OSiS+ Volume Up Volumising Treatment - MS Academy","isPartOf":{"@id":"https:\/\/msakademija.com\/#website"},"primaryImageOfPage":{"@id":"https:\/\/msakademija.com\/produktas\/schwarzkopf-professional-osis-volume-up-apimties-suteikianti-priemone\/#primaryimage"},"image":{"@id":"https:\/\/msakademija.com\/produktas\/schwarzkopf-professional-osis-volume-up-apimties-suteikianti-priemone\/#primaryimage"},"thumbnailUrl":"https:\/\/msakademija.com\/wp-content\/uploads\/2024\/04\/schwarzkopf-professional-osis-volume-up-apimties-suteikianti-priemone.jpg","datePublished":"2024-04-03T21:50:55+00:00","dateModified":"2026-03-14T19:02:11+00:00","description":"Schwarzkopf Professional Osis+ Volume Up Hair Spray instantly refines the texture of the hair and gives it the volume it needs.","breadcrumb":{"@id":"https:\/\/msakademija.com\/produktas\/schwarzkopf-professional-osis-volume-up-apimties-suteikianti-priemone\/#breadcrumb"},"inLanguage":"en-US","potentialAction":[{"@type":"ReadAction","target":["https:\/\/msakademija.com\/produktas\/schwarzkopf-professional-osis-volume-up-apimties-suteikianti-priemone\/"]}]},{"@type":"ImageObject","inLanguage":"en-US","@id":"https:\/\/msakademija.com\/produktas\/schwarzkopf-professional-osis-volume-up-apimties-suteikianti-priemone\/#primaryimage","url":"https:\/\/msakademija.com\/wp-content\/uploads\/2024\/04\/schwarzkopf-professional-osis-volume-up-apimties-suteikianti-priemone.jpg","contentUrl":"https:\/\/msakademija.com\/wp-content\/uploads\/2024\/04\/schwarzkopf-professional-osis-volume-up-apimties-suteikianti-priemone.jpg","width":800,"height":800,"caption":"lakas apimciai"},{"@type":"BreadcrumbList","@id":"https:\/\/msakademija.com\/produktas\/schwarzkopf-professional-osis-volume-up-apimties-suteikianti-priemone\/#breadcrumb","itemListElement":[{"@type":"ListItem","position":1,"name":"Home","item":"https:\/\/msakademija.com\/"},{"@type":"ListItem","position":2,"name":"Parduotuv\u0117","item":"https:\/\/msakademija.com\/makiazo-priemoniu-parduotuve\/"},{"@type":"ListItem","position":3,"name":"Schwarzkopf Professional OSiS+ Volume Up apimties suteikianti priemon\u0117"}]},{"@type":"WebSite","@id":"https:\/\/msakademija.com\/#website","url":"https:\/\/msakademija.com\/","name":"MS Academy","description":"Make-up and Hair Academy","publisher":{"@id":"https:\/\/msakademija.com\/#organization"},"potentialAction":[{"@type":"SearchAction","target":{"@type":"EntryPoint","urlTemplate":"https:\/\/msakademija.com\/?s={search_term_string}"},"query-input":{"@type":"PropertyValueSpecification","valueRequired":true,"valueName":"search_term_string"}}],"inLanguage":"en-US"},{"@type":"Organization","@id":"https:\/\/msakademija.com\/#organization","name":"MS Academy","url":"https:\/\/msakademija.com\/","logo":{"@type":"ImageObject","inLanguage":"en-US","@id":"https:\/\/msakademija.com\/#\/schema\/logo\/image\/","url":"https:\/\/msakademija.com\/wp-content\/uploads\/2021\/05\/logo_juodas_HEADERMS.png","contentUrl":"https:\/\/msakademija.com\/wp-content\/uploads\/2021\/05\/logo_juodas_HEADERMS.png","width":500,"height":210,"caption":"MS akademija"},"image":{"@id":"https:\/\/msakademija.com\/#\/schema\/logo\/image\/"},"sameAs":["https:\/\/www.facebook.com\/msakademijavilnius\/","https:\/\/www.instagram.com\/msakademija\/"]}]},"product_brand":"Schwarzkopf Professional","product_price_amount":"13.00","product_price_currency":"EUR","og_availability":"instock","product_availability":"instock","product_condition":"new"},"jetpack_sharing_enabled":true,"_links":{"self":[{"href":"https:\/\/msakademija.com\/en\/wp-json\/wp\/v2\/product\/9852","targetHints":{"allow":["GET"]}}],"collection":[{"href":"https:\/\/msakademija.com\/en\/wp-json\/wp\/v2\/product"}],"about":[{"href":"https:\/\/msakademija.com\/en\/wp-json\/wp\/v2\/types\/product"}],"replies":[{"embeddable":true,"href":"https:\/\/msakademija.com\/en\/wp-json\/wp\/v2\/comments?post=9852"}],"wp:featuredmedia":[{"embeddable":true,"href":"https:\/\/msakademija.com\/en\/wp-json\/wp\/v2\/media\/9853"}],"wp:attachment":[{"href":"https:\/\/msakademija.com\/en\/wp-json\/wp\/v2\/media?parent=9852"}],"wp:term":[{"taxonomy":"product_brand","embeddable":true,"href":"https:\/\/msakademija.com\/en\/wp-json\/wp\/v2\/product_brand?post=9852"},{"taxonomy":"product_cat","embeddable":true,"href":"https:\/\/msakademija.com\/en\/wp-json\/wp\/v2\/product_cat?post=9852"},{"taxonomy":"product_tag","embeddable":true,"href":"https:\/\/msakademija.com\/en\/wp-json\/wp\/v2\/product_tag?post=9852"}],"curies":[{"name":"wp","href":"https:\/\/api.w.org\/{rel}","templated":true}]}}