{"id":9873,"date":"2024-04-04T01:54:32","date_gmt":"2024-04-03T22:54:32","guid":{"rendered":"https:\/\/msakademija.com\/?post_type=product&#038;p=9873"},"modified":"2026-04-05T13:00:43","modified_gmt":"2026-04-05T10:00:43","slug":"ctr-w0647-powder-blush-brush","status":"publish","type":"product","link":"https:\/\/msakademija.com\/en\/produktas\/ctr-w0647-pudros-skaistalu-teptukas\/","title":{"rendered":"CTR W0647 POWDER, BLUSH BRUSH"},"content":{"rendered":"<h1>CTR W0647 POWDER, BLUSH BRUSH<\/h1>\n<p>&nbsp;<\/p>\n<p>Professional Powder, Blush Brush<\/p>\n<p>High quality synthetic bristles<\/p>\n<p>Brush length 190 mm<br \/>\nPile height 42 mm<br \/>\nHair width 35 mm<\/p>\n<p>Sanded wood stem<\/p>","protected":false},"excerpt":{"rendered":"<p>CTR W0647 PUDROS, SKAISTAL\u0172 TEPTUKAS &nbsp; Profesionalus\u00a0pudros, skaistal\u0173 \u0161epet\u0117lis Auk\u0161tos kokyb\u0117s sintetikos \u0161ereliai Teptuko ilgis 190 mm Plaukeli\u0173 auk\u0161tis 42 mm Plaukeli\u0173 plotis 35 mm Sendintos medienos kotelis<\/p>","protected":false},"featured_media":9875,"comment_status":"open","ping_status":"closed","template":"","meta":[],"product_brand":[],"product_cat":[36,37,39],"product_tag":[131,166,156,162],"class_list":{"0":"post-9873","1":"product","2":"type-product","3":"status-publish","4":"has-post-thumbnail","6":"product_cat-sepeteliai-makiazui-ir-kiti-irankiai","7":"product_cat-teptukai-makiazui","8":"product_cat-teptukai-veidui-ozkos-plauko-voveres-plauko-imitacijos-taklono","9":"product_tag-ctr","10":"product_tag-taklono","11":"product_tag-teptukas","12":"product_tag-veidui","14":"first","15":"outofstock","16":"shipping-taxable","17":"purchasable","18":"product-type-simple"},"yoast_head":"<!-- This site is optimized with the Yoast SEO Premium plugin v27.4 (Yoast SEO v27.4) - https:\/\/yoast.com\/product\/yoast-seo-premium-wordpress\/ -->\n<title>CTR W0647 PUDROS, SKAISTAL\u0172 TEPTUKAS - MS akademija<\/title>\n<meta name=\"description\" content=\"CTR W0647 PUDROS, SKAISTAL\u0172 TEPTUKAS. Profesionalus\u00a0pudros, skaistal\u0173 \u0161epet\u0117lis. Auk\u0161tos kokyb\u0117s sintetikos \u0161ereliai. Tinka veido makia\u017eui\" \/>\n<meta name=\"robots\" content=\"index, follow, max-snippet:-1, max-image-preview:large, max-video-preview:-1\" \/>\n<link rel=\"canonical\" href=\"https:\/\/msakademija.com\/en\/product\/ctr-w0647-powder-blush-brush\/\" \/>\n<meta property=\"og:locale\" content=\"en_US\" \/>\n<meta property=\"og:type\" content=\"article\" \/>\n<meta property=\"og:title\" content=\"CTR W0647 PUDROS, SKAISTAL\u0172 TEPTUKAS\" \/>\n<meta property=\"og:description\" content=\"CTR W0647 PUDROS, SKAISTAL\u0172 TEPTUKAS. Profesionalus\u00a0pudros, skaistal\u0173 \u0161epet\u0117lis. Auk\u0161tos kokyb\u0117s sintetikos \u0161ereliai. Tinka veido makia\u017eui\" \/>\n<meta property=\"og:url\" content=\"https:\/\/msakademija.com\/en\/product\/ctr-w0647-powder-blush-brush\/\" \/>\n<meta property=\"og:site_name\" content=\"MS akademija\" \/>\n<meta property=\"article:publisher\" content=\"https:\/\/www.facebook.com\/msakademijavilnius\/\" \/>\n<meta property=\"article:modified_time\" content=\"2026-04-05T10:00:43+00:00\" \/>\n<meta property=\"og:image\" content=\"https:\/\/msakademija.com\/wp-content\/uploads\/2024\/04\/434118846_792721255625498_1645883969223741214_n.jpg\" \/>\n\t<meta property=\"og:image:width\" content=\"1179\" \/>\n\t<meta property=\"og:image:height\" content=\"1080\" \/>\n\t<meta property=\"og:image:type\" content=\"image\/jpeg\" \/>\n<meta name=\"twitter:card\" content=\"summary_large_image\" \/>\n<meta name=\"twitter:label1\" content=\"Price\" \/>\n\t<meta name=\"twitter:data1\" content=\"&euro;20.00\" \/>\n\t<meta name=\"twitter:label2\" content=\"Availability\" \/>\n\t<meta name=\"twitter:data2\" content=\"Out of stock\" \/>\n<script type=\"application\/ld+json\" class=\"yoast-schema-graph\">{\"@context\":\"https:\\\/\\\/schema.org\",\"@graph\":[{\"@type\":\"WebPage\",\"@id\":\"https:\\\/\\\/msakademija.com\\\/produktas\\\/ctr-w0647-pudros-skaistalu-teptukas\\\/\",\"url\":\"https:\\\/\\\/msakademija.com\\\/produktas\\\/ctr-w0647-pudros-skaistalu-teptukas\\\/\",\"name\":\"CTR W0647 PUDROS, SKAISTAL\u0172 TEPTUKAS - MS akademija\",\"isPartOf\":{\"@id\":\"https:\\\/\\\/msakademija.com\\\/#website\"},\"primaryImageOfPage\":{\"@id\":\"https:\\\/\\\/msakademija.com\\\/produktas\\\/ctr-w0647-pudros-skaistalu-teptukas\\\/#primaryimage\"},\"image\":{\"@id\":\"https:\\\/\\\/msakademija.com\\\/produktas\\\/ctr-w0647-pudros-skaistalu-teptukas\\\/#primaryimage\"},\"thumbnailUrl\":\"https:\\\/\\\/msakademija.com\\\/wp-content\\\/uploads\\\/2024\\\/04\\\/434118846_792721255625498_1645883969223741214_n.jpg\",\"datePublished\":\"2024-04-03T22:54:32+00:00\",\"dateModified\":\"2026-04-05T10:00:43+00:00\",\"description\":\"CTR W0647 PUDROS, SKAISTAL\u0172 TEPTUKAS. Profesionalus\u00a0pudros, skaistal\u0173 \u0161epet\u0117lis. Auk\u0161tos kokyb\u0117s sintetikos \u0161ereliai. Tinka veido makia\u017eui\",\"breadcrumb\":{\"@id\":\"https:\\\/\\\/msakademija.com\\\/produktas\\\/ctr-w0647-pudros-skaistalu-teptukas\\\/#breadcrumb\"},\"inLanguage\":\"en-US\",\"potentialAction\":[{\"@type\":\"ReadAction\",\"target\":[\"https:\\\/\\\/msakademija.com\\\/produktas\\\/ctr-w0647-pudros-skaistalu-teptukas\\\/\"]}]},{\"@type\":\"ImageObject\",\"inLanguage\":\"en-US\",\"@id\":\"https:\\\/\\\/msakademija.com\\\/produktas\\\/ctr-w0647-pudros-skaistalu-teptukas\\\/#primaryimage\",\"url\":\"https:\\\/\\\/msakademija.com\\\/wp-content\\\/uploads\\\/2024\\\/04\\\/434118846_792721255625498_1645883969223741214_n.jpg\",\"contentUrl\":\"https:\\\/\\\/msakademija.com\\\/wp-content\\\/uploads\\\/2024\\\/04\\\/434118846_792721255625498_1645883969223741214_n.jpg\",\"width\":1179,\"height\":1080,\"caption\":\"modeliavimui\"},{\"@type\":\"BreadcrumbList\",\"@id\":\"https:\\\/\\\/msakademija.com\\\/produktas\\\/ctr-w0647-pudros-skaistalu-teptukas\\\/#breadcrumb\",\"itemListElement\":[{\"@type\":\"ListItem\",\"position\":1,\"name\":\"Home\",\"item\":\"https:\\\/\\\/msakademija.com\\\/\"},{\"@type\":\"ListItem\",\"position\":2,\"name\":\"Parduotuv\u0117\",\"item\":\"https:\\\/\\\/msakademija.com\\\/makiazo-priemoniu-parduotuve\\\/\"},{\"@type\":\"ListItem\",\"position\":3,\"name\":\"CTR W0647 PUDROS, SKAISTAL\u0172 TEPTUKAS\"}]},{\"@type\":\"WebSite\",\"@id\":\"https:\\\/\\\/msakademija.com\\\/#website\",\"url\":\"https:\\\/\\\/msakademija.com\\\/\",\"name\":\"MS akademija\",\"description\":\"Makia\u017eo ir \u0161ukuosenos akademija\",\"publisher\":{\"@id\":\"https:\\\/\\\/msakademija.com\\\/#organization\"},\"potentialAction\":[{\"@type\":\"SearchAction\",\"target\":{\"@type\":\"EntryPoint\",\"urlTemplate\":\"https:\\\/\\\/msakademija.com\\\/?s={search_term_string}\"},\"query-input\":{\"@type\":\"PropertyValueSpecification\",\"valueRequired\":true,\"valueName\":\"search_term_string\"}}],\"inLanguage\":\"en-US\"},{\"@type\":\"Organization\",\"@id\":\"https:\\\/\\\/msakademija.com\\\/#organization\",\"name\":\"MS akademija\",\"url\":\"https:\\\/\\\/msakademija.com\\\/\",\"logo\":{\"@type\":\"ImageObject\",\"inLanguage\":\"en-US\",\"@id\":\"https:\\\/\\\/msakademija.com\\\/#\\\/schema\\\/logo\\\/image\\\/\",\"url\":\"https:\\\/\\\/msakademija.com\\\/wp-content\\\/uploads\\\/2021\\\/05\\\/logo_juodas_HEADERMS.png\",\"contentUrl\":\"https:\\\/\\\/msakademija.com\\\/wp-content\\\/uploads\\\/2021\\\/05\\\/logo_juodas_HEADERMS.png\",\"width\":500,\"height\":210,\"caption\":\"MS akademija\"},\"image\":{\"@id\":\"https:\\\/\\\/msakademija.com\\\/#\\\/schema\\\/logo\\\/image\\\/\"},\"sameAs\":[\"https:\\\/\\\/www.facebook.com\\\/msakademijavilnius\\\/\",\"https:\\\/\\\/www.instagram.com\\\/msakademija\\\/\"]}]}<\/script>\n<meta property=\"product:brand\" content=\"CTR GROUP\" \/>\n<meta property=\"product:price:amount\" content=\"20.00\" \/>\n<meta property=\"product:price:currency\" content=\"EUR\" \/>\n<meta property=\"og:availability\" content=\"out of stock\" \/>\n<meta property=\"product:availability\" content=\"out of stock\" \/>\n<meta property=\"product:condition\" content=\"new\" \/>\n<!-- \/ Yoast SEO Premium plugin. -->","yoast_head_json":{"title":"CTR W0647 PUDRA, SKAISTAL TEST - MS Akademija","description":"CTR W0647 POWDER, BLUSH BRUSH. Professional powder and blush brush. High quality synthetic bristles. Suitable for facial make-up","robots":{"index":"index","follow":"follow","max-snippet":"max-snippet:-1","max-image-preview":"max-image-preview:large","max-video-preview":"max-video-preview:-1"},"canonical":"https:\/\/msakademija.com\/en\/product\/ctr-w0647-powder-blush-brush\/","og_locale":"en_US","og_type":"article","og_title":"CTR W0647 PUDROS, SKAISTAL\u0172 TEPTUKAS","og_description":"CTR W0647 PUDROS, SKAISTAL\u0172 TEPTUKAS. Profesionalus\u00a0pudros, skaistal\u0173 \u0161epet\u0117lis. Auk\u0161tos kokyb\u0117s sintetikos \u0161ereliai. Tinka veido makia\u017eui","og_url":"https:\/\/msakademija.com\/en\/product\/ctr-w0647-powder-blush-brush\/","og_site_name":"MS akademija","article_publisher":"https:\/\/www.facebook.com\/msakademijavilnius\/","article_modified_time":"2026-04-05T10:00:43+00:00","og_image":[{"width":1179,"height":1080,"url":"https:\/\/msakademija.com\/wp-content\/uploads\/2024\/04\/434118846_792721255625498_1645883969223741214_n.jpg","type":"image\/jpeg"}],"twitter_card":"summary_large_image","twitter_misc":{"Price":"&euro;20.00","Availability":"Out of stock"},"schema":{"@context":"https:\/\/schema.org","@graph":[{"@type":"WebPage","@id":"https:\/\/msakademija.com\/produktas\/ctr-w0647-pudros-skaistalu-teptukas\/","url":"https:\/\/msakademija.com\/produktas\/ctr-w0647-pudros-skaistalu-teptukas\/","name":"CTR W0647 PUDRA, SKAISTAL TEST - MS Akademija","isPartOf":{"@id":"https:\/\/msakademija.com\/#website"},"primaryImageOfPage":{"@id":"https:\/\/msakademija.com\/produktas\/ctr-w0647-pudros-skaistalu-teptukas\/#primaryimage"},"image":{"@id":"https:\/\/msakademija.com\/produktas\/ctr-w0647-pudros-skaistalu-teptukas\/#primaryimage"},"thumbnailUrl":"https:\/\/msakademija.com\/wp-content\/uploads\/2024\/04\/434118846_792721255625498_1645883969223741214_n.jpg","datePublished":"2024-04-03T22:54:32+00:00","dateModified":"2026-04-05T10:00:43+00:00","description":"CTR W0647 POWDER, BLUSH BRUSH. Professional powder and blush brush. High quality synthetic bristles. Suitable for facial make-up","breadcrumb":{"@id":"https:\/\/msakademija.com\/produktas\/ctr-w0647-pudros-skaistalu-teptukas\/#breadcrumb"},"inLanguage":"en-US","potentialAction":[{"@type":"ReadAction","target":["https:\/\/msakademija.com\/produktas\/ctr-w0647-pudros-skaistalu-teptukas\/"]}]},{"@type":"ImageObject","inLanguage":"en-US","@id":"https:\/\/msakademija.com\/produktas\/ctr-w0647-pudros-skaistalu-teptukas\/#primaryimage","url":"https:\/\/msakademija.com\/wp-content\/uploads\/2024\/04\/434118846_792721255625498_1645883969223741214_n.jpg","contentUrl":"https:\/\/msakademija.com\/wp-content\/uploads\/2024\/04\/434118846_792721255625498_1645883969223741214_n.jpg","width":1179,"height":1080,"caption":"modeliavimui"},{"@type":"BreadcrumbList","@id":"https:\/\/msakademija.com\/produktas\/ctr-w0647-pudros-skaistalu-teptukas\/#breadcrumb","itemListElement":[{"@type":"ListItem","position":1,"name":"Home","item":"https:\/\/msakademija.com\/"},{"@type":"ListItem","position":2,"name":"Parduotuv\u0117","item":"https:\/\/msakademija.com\/makiazo-priemoniu-parduotuve\/"},{"@type":"ListItem","position":3,"name":"CTR W0647 PUDROS, SKAISTAL\u0172 TEPTUKAS"}]},{"@type":"WebSite","@id":"https:\/\/msakademija.com\/#website","url":"https:\/\/msakademija.com\/","name":"MS Academy","description":"Make-up and Hair Academy","publisher":{"@id":"https:\/\/msakademija.com\/#organization"},"potentialAction":[{"@type":"SearchAction","target":{"@type":"EntryPoint","urlTemplate":"https:\/\/msakademija.com\/?s={search_term_string}"},"query-input":{"@type":"PropertyValueSpecification","valueRequired":true,"valueName":"search_term_string"}}],"inLanguage":"en-US"},{"@type":"Organization","@id":"https:\/\/msakademija.com\/#organization","name":"MS Academy","url":"https:\/\/msakademija.com\/","logo":{"@type":"ImageObject","inLanguage":"en-US","@id":"https:\/\/msakademija.com\/#\/schema\/logo\/image\/","url":"https:\/\/msakademija.com\/wp-content\/uploads\/2021\/05\/logo_juodas_HEADERMS.png","contentUrl":"https:\/\/msakademija.com\/wp-content\/uploads\/2021\/05\/logo_juodas_HEADERMS.png","width":500,"height":210,"caption":"MS akademija"},"image":{"@id":"https:\/\/msakademija.com\/#\/schema\/logo\/image\/"},"sameAs":["https:\/\/www.facebook.com\/msakademijavilnius\/","https:\/\/www.instagram.com\/msakademija\/"]}]},"product_brand":"CTR GROUP","product_price_amount":"20.00","product_price_currency":"EUR","og_availability":"out of stock","product_availability":"out of stock","product_condition":"new"},"jetpack_sharing_enabled":true,"_links":{"self":[{"href":"https:\/\/msakademija.com\/en\/wp-json\/wp\/v2\/product\/9873","targetHints":{"allow":["GET"]}}],"collection":[{"href":"https:\/\/msakademija.com\/en\/wp-json\/wp\/v2\/product"}],"about":[{"href":"https:\/\/msakademija.com\/en\/wp-json\/wp\/v2\/types\/product"}],"replies":[{"embeddable":true,"href":"https:\/\/msakademija.com\/en\/wp-json\/wp\/v2\/comments?post=9873"}],"wp:featuredmedia":[{"embeddable":true,"href":"https:\/\/msakademija.com\/en\/wp-json\/wp\/v2\/media\/9875"}],"wp:attachment":[{"href":"https:\/\/msakademija.com\/en\/wp-json\/wp\/v2\/media?parent=9873"}],"wp:term":[{"taxonomy":"product_brand","embeddable":true,"href":"https:\/\/msakademija.com\/en\/wp-json\/wp\/v2\/product_brand?post=9873"},{"taxonomy":"product_cat","embeddable":true,"href":"https:\/\/msakademija.com\/en\/wp-json\/wp\/v2\/product_cat?post=9873"},{"taxonomy":"product_tag","embeddable":true,"href":"https:\/\/msakademija.com\/en\/wp-json\/wp\/v2\/product_tag?post=9873"}],"curies":[{"name":"wp","href":"https:\/\/api.w.org\/{rel}","templated":true}]}}