{"id":9971,"date":"2024-05-06T13:27:14","date_gmt":"2024-05-06T10:27:14","guid":{"rendered":"https:\/\/msakademija.com\/?post_type=product&#038;p=9971"},"modified":"2025-12-07T15:00:42","modified_gmt":"2025-12-07T13:00:42","slug":"eyelash-glue-alena-tofil-black","status":"publish","type":"product","link":"https:\/\/msakademija.com\/en\/produktas\/blakstienu-klijai-alena-tofil-juodi\/","title":{"rendered":"Eyelash glue Alena Tofil black"},"content":{"rendered":"<p>Eyelash glue<\/p>\n<h1>Adhesive for adhesive eyelashes<\/h1>\n<p>Waterproof, fast-drying, black eyelash glue for false eyelashes.<\/p>\n<p>Suitable for both false eyelash tufts and the gluing of solid false eyelashes<\/p>\n<p>How to use to seal strip lashes:<\/p>\n<ul>\n<li>Apply the adhesive to the base of the strip of false eyelashes, wait a few seconds for the adhesive to become tacky and make it easier for you to glue the lashes on. Close one eye and glue the eyelashes next to the natural lash growth line. While the glue is drying, press the lashes lightly to make them stick to the eyelid.<\/li>\n<li>You can use an eyeliner pencil to mask the glue line of the false eyelashes. You can apply mascara to your lashes.<\/li>\n<\/ul>\n<p>How to use to seal false eyelashes in tufts:<\/p>\n<ul>\n<li>Squeeze the eyelash glue into the eyelash curler box. With tweezers, pick up an eyelash tuft and dip the root into the glue. Wait a few seconds for the glue to become sticky and make it easier for you to glue your lashes. Close one eye and glue the eyelashes close to the natural lash growth line. While the glue is drying, press the lashes lightly to adhere them to the eyelid.<\/li>\n<li>You can use an eyeliner pencil to mask the glue line of the false eyelashes. You can apply mascara to your lashes.<\/li>\n<\/ul>\n<p>Never apply glue when it has set. If the eyelash glue has hardened, squeeze out new ones. As mascara dries quickly, try not to squeeze a large amount into a box or glue ring<\/p>\n<p>To remove false eyelashes: moisten a cotton pad with eye make-up remover and gently swipe down. The glue should dissolve easily and the false eyelashes should fall off (hold a tissue under the eye to catch the falling false eyelashes).<\/p>\n<p>Tip: Fake eyelashes can be tinted with mascara for a more dramatic effect, but don't do this if you plan to reapply your eyelashes several times.<\/p>\n<p>&nbsp;<\/p>","protected":false},"excerpt":{"rendered":"<p>Blakstien\u0173 klijai Priklijuojam\u0173 blakstien\u0173 klijai Vandeniui atspar\u016bs greitai d\u017ei\u016bstantys juodos spalvos blakstien\u0173 klijai dirbtin\u0117ms blakstienoms klijuoti. Tinka tiek dirbtin\u0117ms blakstienoms kuok\u0161teliais, tiek vientisoms dirbtin\u0117ms blakstienoms klijuoti Kaip naudoti, norint u\u017eklijuoti juostines blakstienas: Ant dirbtini\u0173 blakstien\u0173 juostel\u0117s pagrindo tepkite klijus, palaukite kelet\u0105 sekund\u017ei\u0173, kol blakstien\u0173 klijai taps lipn\u016bs ir gal\u0117site lengviau priklijuoti blakstienas. U\u017emerkite vien\u0105 ak\u012f [&#8230;]\n","protected":false},"featured_media":9972,"comment_status":"open","ping_status":"closed","template":"","meta":[],"product_brand":[],"product_cat":[27,32,20],"product_tag":[],"class_list":{"0":"post-9971","1":"product","2":"type-product","3":"status-publish","4":"has-post-thumbnail","6":"product_cat-akims","7":"product_cat-dirbtines-blakstienos-ir-klijai","8":"product_cat-priemones-makiazui","10":"first","11":"outofstock","12":"shipping-taxable","13":"purchasable","14":"product-type-simple"},"yoast_head":"<!-- This site is optimized with the Yoast SEO Premium plugin v27.5 (Yoast SEO v27.5) - https:\/\/yoast.com\/product\/yoast-seo-premium-wordpress\/ -->\n<title>Blakstien\u0173 klijai Alena Tofil juodi - MS akademija<\/title>\n<meta name=\"description\" content=\"Priklijuojam\u0173 blakstien\u0173 klijai. Vandeniui atspar\u016bs , greitai d\u017ei\u016bstantys baltos spalvos klijai skirti dirbtin\u0117ms blakstienoms klijuoti. Tinka tiek dirbtin\u0117ms blakstienoms kuok\u0161teliais, tiek vientisoms dirbtin\u0117ms blakstienoms klijuoti. Klijai yra baltos spalvos (permatomi)\" \/>\n<meta name=\"robots\" content=\"index, follow, max-snippet:-1, max-image-preview:large, max-video-preview:-1\" \/>\n<link rel=\"canonical\" href=\"https:\/\/msakademija.com\/en\/product\/eyelash-glue-alena-tofil-black\/\" \/>\n<meta property=\"og:locale\" content=\"en_US\" \/>\n<meta property=\"og:type\" content=\"article\" \/>\n<meta property=\"og:title\" content=\"Blakstien\u0173 klijai Alena Tofil juodi\" \/>\n<meta property=\"og:description\" content=\"Priklijuojam\u0173 blakstien\u0173 klijai. Vandeniui atspar\u016bs , greitai d\u017ei\u016bstantys baltos spalvos klijai skirti dirbtin\u0117ms blakstienoms klijuoti. Tinka tiek dirbtin\u0117ms blakstienoms kuok\u0161teliais, tiek vientisoms dirbtin\u0117ms blakstienoms klijuoti. Klijai yra baltos spalvos (permatomi)\" \/>\n<meta property=\"og:url\" content=\"https:\/\/msakademija.com\/en\/product\/eyelash-glue-alena-tofil-black\/\" \/>\n<meta property=\"og:site_name\" content=\"MS akademija\" \/>\n<meta property=\"article:publisher\" content=\"https:\/\/www.facebook.com\/msakademijavilnius\/\" \/>\n<meta property=\"article:modified_time\" content=\"2025-12-07T13:00:42+00:00\" \/>\n<meta property=\"og:image\" content=\"https:\/\/msakademija.com\/wp-content\/uploads\/2024\/05\/440441361_2682681248567983_8450593332281564718_n.jpg\" \/>\n\t<meta property=\"og:image:width\" content=\"1179\" \/>\n\t<meta property=\"og:image:height\" content=\"1182\" \/>\n\t<meta property=\"og:image:type\" content=\"image\/jpeg\" \/>\n<meta name=\"twitter:card\" content=\"summary_large_image\" \/>\n<meta name=\"twitter:label1\" content=\"Price\" \/>\n\t<meta name=\"twitter:data1\" content=\"&euro;16.00\" \/>\n\t<meta name=\"twitter:label2\" content=\"Availability\" \/>\n\t<meta name=\"twitter:data2\" content=\"Out of stock\" \/>\n<script type=\"application\/ld+json\" class=\"yoast-schema-graph\">{\"@context\":\"https:\\\/\\\/schema.org\",\"@graph\":[{\"@type\":\"WebPage\",\"@id\":\"https:\\\/\\\/msakademija.com\\\/produktas\\\/blakstienu-klijai-alena-tofil-juodi\\\/\",\"url\":\"https:\\\/\\\/msakademija.com\\\/produktas\\\/blakstienu-klijai-alena-tofil-juodi\\\/\",\"name\":\"Blakstien\u0173 klijai Alena Tofil juodi - MS akademija\",\"isPartOf\":{\"@id\":\"https:\\\/\\\/msakademija.com\\\/#website\"},\"primaryImageOfPage\":{\"@id\":\"https:\\\/\\\/msakademija.com\\\/produktas\\\/blakstienu-klijai-alena-tofil-juodi\\\/#primaryimage\"},\"image\":{\"@id\":\"https:\\\/\\\/msakademija.com\\\/produktas\\\/blakstienu-klijai-alena-tofil-juodi\\\/#primaryimage\"},\"thumbnailUrl\":\"https:\\\/\\\/msakademija.com\\\/wp-content\\\/uploads\\\/2024\\\/05\\\/440441361_2682681248567983_8450593332281564718_n.jpg\",\"datePublished\":\"2024-05-06T10:27:14+00:00\",\"dateModified\":\"2025-12-07T13:00:42+00:00\",\"description\":\"Priklijuojam\u0173 blakstien\u0173 klijai. Vandeniui atspar\u016bs , greitai d\u017ei\u016bstantys baltos spalvos klijai skirti dirbtin\u0117ms blakstienoms klijuoti. Tinka tiek dirbtin\u0117ms blakstienoms kuok\u0161teliais, tiek vientisoms dirbtin\u0117ms blakstienoms klijuoti. Klijai yra baltos spalvos (permatomi)\",\"breadcrumb\":{\"@id\":\"https:\\\/\\\/msakademija.com\\\/produktas\\\/blakstienu-klijai-alena-tofil-juodi\\\/#breadcrumb\"},\"inLanguage\":\"en-US\",\"potentialAction\":[{\"@type\":\"ReadAction\",\"target\":[\"https:\\\/\\\/msakademija.com\\\/produktas\\\/blakstienu-klijai-alena-tofil-juodi\\\/\"]}]},{\"@type\":\"ImageObject\",\"inLanguage\":\"en-US\",\"@id\":\"https:\\\/\\\/msakademija.com\\\/produktas\\\/blakstienu-klijai-alena-tofil-juodi\\\/#primaryimage\",\"url\":\"https:\\\/\\\/msakademija.com\\\/wp-content\\\/uploads\\\/2024\\\/05\\\/440441361_2682681248567983_8450593332281564718_n.jpg\",\"contentUrl\":\"https:\\\/\\\/msakademija.com\\\/wp-content\\\/uploads\\\/2024\\\/05\\\/440441361_2682681248567983_8450593332281564718_n.jpg\",\"width\":1179,\"height\":1182,\"caption\":\"dibtiniu blakstienu klijai\"},{\"@type\":\"BreadcrumbList\",\"@id\":\"https:\\\/\\\/msakademija.com\\\/produktas\\\/blakstienu-klijai-alena-tofil-juodi\\\/#breadcrumb\",\"itemListElement\":[{\"@type\":\"ListItem\",\"position\":1,\"name\":\"Home\",\"item\":\"https:\\\/\\\/msakademija.com\\\/\"},{\"@type\":\"ListItem\",\"position\":2,\"name\":\"Parduotuv\u0117\",\"item\":\"https:\\\/\\\/msakademija.com\\\/makiazo-priemoniu-parduotuve\\\/\"},{\"@type\":\"ListItem\",\"position\":3,\"name\":\"Blakstien\u0173 klijai Alena Tofil juodi\"}]},{\"@type\":\"WebSite\",\"@id\":\"https:\\\/\\\/msakademija.com\\\/#website\",\"url\":\"https:\\\/\\\/msakademija.com\\\/\",\"name\":\"MS akademija\",\"description\":\"Makia\u017eo ir \u0161ukuosenos akademija\",\"publisher\":{\"@id\":\"https:\\\/\\\/msakademija.com\\\/#organization\"},\"potentialAction\":[{\"@type\":\"SearchAction\",\"target\":{\"@type\":\"EntryPoint\",\"urlTemplate\":\"https:\\\/\\\/msakademija.com\\\/?s={search_term_string}\"},\"query-input\":{\"@type\":\"PropertyValueSpecification\",\"valueRequired\":true,\"valueName\":\"search_term_string\"}}],\"inLanguage\":\"en-US\"},{\"@type\":\"Organization\",\"@id\":\"https:\\\/\\\/msakademija.com\\\/#organization\",\"name\":\"MS akademija\",\"url\":\"https:\\\/\\\/msakademija.com\\\/\",\"logo\":{\"@type\":\"ImageObject\",\"inLanguage\":\"en-US\",\"@id\":\"https:\\\/\\\/msakademija.com\\\/#\\\/schema\\\/logo\\\/image\\\/\",\"url\":\"https:\\\/\\\/msakademija.com\\\/wp-content\\\/uploads\\\/2021\\\/05\\\/logo_juodas_HEADERMS.png\",\"contentUrl\":\"https:\\\/\\\/msakademija.com\\\/wp-content\\\/uploads\\\/2021\\\/05\\\/logo_juodas_HEADERMS.png\",\"width\":500,\"height\":210,\"caption\":\"MS akademija\"},\"image\":{\"@id\":\"https:\\\/\\\/msakademija.com\\\/#\\\/schema\\\/logo\\\/image\\\/\"},\"sameAs\":[\"https:\\\/\\\/www.facebook.com\\\/msakademijavilnius\\\/\",\"https:\\\/\\\/www.instagram.com\\\/msakademija\\\/\"]}]}<\/script>\n<meta property=\"product:price:amount\" content=\"16.00\" \/>\n<meta property=\"product:price:currency\" content=\"EUR\" \/>\n<meta property=\"og:availability\" content=\"out of stock\" \/>\n<meta property=\"product:availability\" content=\"out of stock\" \/>\n<meta property=\"product:condition\" content=\"new\" \/>\n<!-- \/ Yoast SEO Premium plugin. -->","yoast_head_json":{"title":"Eyelash glue Alena Tofil black - MS akademija","description":"Adhesive for gluing eyelashes. Waterproof, fast-drying, white adhesive for false eyelashes. Suitable for both false eyelashes in tufts and for gluing false eyelashes in one piece. The glue is white (transparent)","robots":{"index":"index","follow":"follow","max-snippet":"max-snippet:-1","max-image-preview":"max-image-preview:large","max-video-preview":"max-video-preview:-1"},"canonical":"https:\/\/msakademija.com\/en\/product\/eyelash-glue-alena-tofil-black\/","og_locale":"en_US","og_type":"article","og_title":"Blakstien\u0173 klijai Alena Tofil juodi","og_description":"Priklijuojam\u0173 blakstien\u0173 klijai. Vandeniui atspar\u016bs , greitai d\u017ei\u016bstantys baltos spalvos klijai skirti dirbtin\u0117ms blakstienoms klijuoti. Tinka tiek dirbtin\u0117ms blakstienoms kuok\u0161teliais, tiek vientisoms dirbtin\u0117ms blakstienoms klijuoti. Klijai yra baltos spalvos (permatomi)","og_url":"https:\/\/msakademija.com\/en\/product\/eyelash-glue-alena-tofil-black\/","og_site_name":"MS akademija","article_publisher":"https:\/\/www.facebook.com\/msakademijavilnius\/","article_modified_time":"2025-12-07T13:00:42+00:00","og_image":[{"width":1179,"height":1182,"url":"https:\/\/msakademija.com\/wp-content\/uploads\/2024\/05\/440441361_2682681248567983_8450593332281564718_n.jpg","type":"image\/jpeg"}],"twitter_card":"summary_large_image","twitter_misc":{"Price":"&euro;16.00","Availability":"Out of stock"},"schema":{"@context":"https:\/\/schema.org","@graph":[{"@type":"WebPage","@id":"https:\/\/msakademija.com\/produktas\/blakstienu-klijai-alena-tofil-juodi\/","url":"https:\/\/msakademija.com\/produktas\/blakstienu-klijai-alena-tofil-juodi\/","name":"Eyelash glue Alena Tofil black - MS akademija","isPartOf":{"@id":"https:\/\/msakademija.com\/#website"},"primaryImageOfPage":{"@id":"https:\/\/msakademija.com\/produktas\/blakstienu-klijai-alena-tofil-juodi\/#primaryimage"},"image":{"@id":"https:\/\/msakademija.com\/produktas\/blakstienu-klijai-alena-tofil-juodi\/#primaryimage"},"thumbnailUrl":"https:\/\/msakademija.com\/wp-content\/uploads\/2024\/05\/440441361_2682681248567983_8450593332281564718_n.jpg","datePublished":"2024-05-06T10:27:14+00:00","dateModified":"2025-12-07T13:00:42+00:00","description":"Adhesive for gluing eyelashes. Waterproof, fast-drying, white adhesive for false eyelashes. Suitable for both false eyelashes in tufts and for gluing false eyelashes in one piece. The glue is white (transparent)","breadcrumb":{"@id":"https:\/\/msakademija.com\/produktas\/blakstienu-klijai-alena-tofil-juodi\/#breadcrumb"},"inLanguage":"en-US","potentialAction":[{"@type":"ReadAction","target":["https:\/\/msakademija.com\/produktas\/blakstienu-klijai-alena-tofil-juodi\/"]}]},{"@type":"ImageObject","inLanguage":"en-US","@id":"https:\/\/msakademija.com\/produktas\/blakstienu-klijai-alena-tofil-juodi\/#primaryimage","url":"https:\/\/msakademija.com\/wp-content\/uploads\/2024\/05\/440441361_2682681248567983_8450593332281564718_n.jpg","contentUrl":"https:\/\/msakademija.com\/wp-content\/uploads\/2024\/05\/440441361_2682681248567983_8450593332281564718_n.jpg","width":1179,"height":1182,"caption":"dibtiniu blakstienu klijai"},{"@type":"BreadcrumbList","@id":"https:\/\/msakademija.com\/produktas\/blakstienu-klijai-alena-tofil-juodi\/#breadcrumb","itemListElement":[{"@type":"ListItem","position":1,"name":"Home","item":"https:\/\/msakademija.com\/"},{"@type":"ListItem","position":2,"name":"Parduotuv\u0117","item":"https:\/\/msakademija.com\/makiazo-priemoniu-parduotuve\/"},{"@type":"ListItem","position":3,"name":"Blakstien\u0173 klijai Alena Tofil juodi"}]},{"@type":"WebSite","@id":"https:\/\/msakademija.com\/#website","url":"https:\/\/msakademija.com\/","name":"MS Academy","description":"Make-up and Hair Academy","publisher":{"@id":"https:\/\/msakademija.com\/#organization"},"potentialAction":[{"@type":"SearchAction","target":{"@type":"EntryPoint","urlTemplate":"https:\/\/msakademija.com\/?s={search_term_string}"},"query-input":{"@type":"PropertyValueSpecification","valueRequired":true,"valueName":"search_term_string"}}],"inLanguage":"en-US"},{"@type":"Organization","@id":"https:\/\/msakademija.com\/#organization","name":"MS Academy","url":"https:\/\/msakademija.com\/","logo":{"@type":"ImageObject","inLanguage":"en-US","@id":"https:\/\/msakademija.com\/#\/schema\/logo\/image\/","url":"https:\/\/msakademija.com\/wp-content\/uploads\/2021\/05\/logo_juodas_HEADERMS.png","contentUrl":"https:\/\/msakademija.com\/wp-content\/uploads\/2021\/05\/logo_juodas_HEADERMS.png","width":500,"height":210,"caption":"MS akademija"},"image":{"@id":"https:\/\/msakademija.com\/#\/schema\/logo\/image\/"},"sameAs":["https:\/\/www.facebook.com\/msakademijavilnius\/","https:\/\/www.instagram.com\/msakademija\/"]}]},"product_price_amount":"16.00","product_price_currency":"EUR","og_availability":"out of stock","product_availability":"out of stock","product_condition":"new"},"jetpack_sharing_enabled":true,"_links":{"self":[{"href":"https:\/\/msakademija.com\/en\/wp-json\/wp\/v2\/product\/9971","targetHints":{"allow":["GET"]}}],"collection":[{"href":"https:\/\/msakademija.com\/en\/wp-json\/wp\/v2\/product"}],"about":[{"href":"https:\/\/msakademija.com\/en\/wp-json\/wp\/v2\/types\/product"}],"replies":[{"embeddable":true,"href":"https:\/\/msakademija.com\/en\/wp-json\/wp\/v2\/comments?post=9971"}],"wp:featuredmedia":[{"embeddable":true,"href":"https:\/\/msakademija.com\/en\/wp-json\/wp\/v2\/media\/9972"}],"wp:attachment":[{"href":"https:\/\/msakademija.com\/en\/wp-json\/wp\/v2\/media?parent=9971"}],"wp:term":[{"taxonomy":"product_brand","embeddable":true,"href":"https:\/\/msakademija.com\/en\/wp-json\/wp\/v2\/product_brand?post=9971"},{"taxonomy":"product_cat","embeddable":true,"href":"https:\/\/msakademija.com\/en\/wp-json\/wp\/v2\/product_cat?post=9971"},{"taxonomy":"product_tag","embeddable":true,"href":"https:\/\/msakademija.com\/en\/wp-json\/wp\/v2\/product_tag?post=9971"}],"curies":[{"name":"wp","href":"https:\/\/api.w.org\/{rel}","templated":true}]}}