{"id":9987,"date":"2024-05-07T10:29:32","date_gmt":"2024-05-07T07:29:32","guid":{"rendered":"https:\/\/msakademija.com\/?post_type=product&#038;p=9987"},"modified":"2026-04-05T13:09:47","modified_gmt":"2026-04-05T10:09:47","slug":"make-up-kit-for-eye-nurses-v2","status":"publish","type":"product","link":"https:\/\/msakademija.com\/en\/produktas\/makiazo-sepetelis-akiu-seseliams-v2\/","title":{"rendered":"Make-up brush for eyeshadow. V2"},"content":{"rendered":"<div dir=\"ltr\">\n<h1>Make-up brush for eyeshadow MASi makeup brush<\/h1>\n<p>Make-up brush for eyeshadow in a flat shape, made of imitation squirrel hair. The make-up brush is designed to apply shadow.<\/p>\n<p><strong>MASi <\/strong>are professional make-up brushes for make-up application. We recommend buying them for your own use as well as for working make-up artists. Lithuanian make-up artist Marina Sivinskien\u0117. The make-up brushes created by the founder of the MS Akademija make-up and hairstyling academy are characterised by their quality, durability and affordable price.<\/p>\n<p>The wide range of make-up brushes allows everyone to find the right make-up tools for their needs. The range includes both natural and synthetic hair brushes. During our Academy Make-up courses, we give participants the opportunity to try out these amazing make-up brushes.<\/p>\n<p>Our range includes make-up brushes for: make-up base, foundation, concealer, blush (both cream and dry), styling products (dry and cream), powder (loose, pressed). Also for luminous products (liquid and dry), eye shadows (liquid and dry), eyeliners (gel, liquid), eyebrow products (liquid, cream, dry), loupes.<\/p>\n<p>Make-up brushes must be cleaned with regular use. Cleaning your make-up brushes not only keeps them in good condition, it also ensures that the make-up you apply is clean and safe for your skin. After each wash, squeeze the brush to return the hairs to their original position. You can also dry it with a paper towel. This way the brush will not get damaged and will last you a long time.<\/p>\n<p>If you want to disinfect your brushes perfectly, there are now the right tools for that. They will rinse your brushes faster and more effectively. This is an essential step in your make-up routine and skincare regime.<\/p>\n<\/div>","protected":false},"excerpt":{"rendered":"<p>Flat brush for eyeshadow, coverage, blending<\/p>\n<p>Made of imitation squirrel<\/p>","protected":false},"featured_media":12232,"comment_status":"open","ping_status":"closed","template":"","meta":[],"product_brand":[],"product_cat":[36,38,37],"product_tag":[133,195,164,127],"class_list":{"0":"post-9987","1":"product","2":"type-product","3":"status-publish","4":"has-post-thumbnail","6":"product_cat-sepeteliai-makiazui-ir-kiti-irankiai","7":"product_cat-teptukai-akims-ozkos-plauko-sabalo-plauko-kiaunes-lauko-taklono","8":"product_cat-teptukai-makiazui","9":"product_tag-akims","10":"product_tag-masi","11":"product_tag-sepetelis","12":"product_tag-seseliu","14":"first","15":"instock","16":"sale","17":"shipping-taxable","18":"purchasable","19":"product-type-simple"},"yoast_head":"<!-- This site is optimized with the Yoast SEO Premium plugin v27.5 (Yoast SEO v27.5) - https:\/\/yoast.com\/product\/yoast-seo-premium-wordpress\/ -->\n<title>Makia\u017eo \u0161epet\u0117lis aki\u0173 \u0161e\u0161\u0117liams. V2 - MS akademija<\/title>\n<meta name=\"description\" content=\"Makia\u017eo \u0161epet\u0117lis aki\u0173 \u0161e\u0161\u0117liams pagamintas i\u0161 vover\u0117s imitacijos plauko. Nat\u016bralaus plauko Makia\u017eo \u0161epet\u0117lis skirtas \u0161e\u0161\u0117liams padengti\" \/>\n<meta name=\"robots\" content=\"index, follow, max-snippet:-1, max-image-preview:large, max-video-preview:-1\" \/>\n<link rel=\"canonical\" href=\"https:\/\/msakademija.com\/en\/product\/make-up-kit-for-eye-nurses-v2\/\" \/>\n<meta property=\"og:locale\" content=\"en_US\" \/>\n<meta property=\"og:type\" content=\"article\" \/>\n<meta property=\"og:title\" content=\"Makia\u017eo \u0161epet\u0117lis aki\u0173 \u0161e\u0161\u0117liams. V2\" \/>\n<meta property=\"og:description\" content=\"Makia\u017eo \u0161epet\u0117lis aki\u0173 \u0161e\u0161\u0117liams pagamintas i\u0161 vover\u0117s imitacijos plauko. Nat\u016bralaus plauko Makia\u017eo \u0161epet\u0117lis skirtas \u0161e\u0161\u0117liams padengti\" \/>\n<meta property=\"og:url\" content=\"https:\/\/msakademija.com\/en\/product\/make-up-kit-for-eye-nurses-v2\/\" \/>\n<meta property=\"og:site_name\" content=\"MS akademija\" \/>\n<meta property=\"article:publisher\" content=\"https:\/\/www.facebook.com\/msakademijavilnius\/\" \/>\n<meta property=\"article:modified_time\" content=\"2026-04-05T10:09:47+00:00\" \/>\n<meta property=\"og:image\" content=\"https:\/\/msakademija.com\/wp-content\/uploads\/2024\/11\/3L2A1650-scaled.jpg\" \/>\n\t<meta property=\"og:image:width\" content=\"1707\" \/>\n\t<meta property=\"og:image:height\" content=\"2560\" \/>\n\t<meta property=\"og:image:type\" content=\"image\/jpeg\" \/>\n<meta name=\"twitter:card\" content=\"summary_large_image\" \/>\n<meta name=\"twitter:label1\" content=\"Price\" \/>\n\t<meta name=\"twitter:data1\" content=\"&euro;12.00\" \/>\n\t<meta name=\"twitter:label2\" content=\"Availability\" \/>\n\t<meta name=\"twitter:data2\" content=\"In stock\" \/>\n<script type=\"application\/ld+json\" class=\"yoast-schema-graph\">{\"@context\":\"https:\\\/\\\/schema.org\",\"@graph\":[{\"@type\":\"WebPage\",\"@id\":\"https:\\\/\\\/msakademija.com\\\/produktas\\\/makiazo-sepetelis-akiu-seseliams-v2\\\/\",\"url\":\"https:\\\/\\\/msakademija.com\\\/produktas\\\/makiazo-sepetelis-akiu-seseliams-v2\\\/\",\"name\":\"Makia\u017eo \u0161epet\u0117lis aki\u0173 \u0161e\u0161\u0117liams. V2 - MS akademija\",\"isPartOf\":{\"@id\":\"https:\\\/\\\/msakademija.com\\\/#website\"},\"primaryImageOfPage\":{\"@id\":\"https:\\\/\\\/msakademija.com\\\/produktas\\\/makiazo-sepetelis-akiu-seseliams-v2\\\/#primaryimage\"},\"image\":{\"@id\":\"https:\\\/\\\/msakademija.com\\\/produktas\\\/makiazo-sepetelis-akiu-seseliams-v2\\\/#primaryimage\"},\"thumbnailUrl\":\"https:\\\/\\\/msakademija.com\\\/wp-content\\\/uploads\\\/2024\\\/11\\\/3L2A1650-scaled.jpg\",\"datePublished\":\"2024-05-07T07:29:32+00:00\",\"dateModified\":\"2026-04-05T10:09:47+00:00\",\"description\":\"Makia\u017eo \u0161epet\u0117lis aki\u0173 \u0161e\u0161\u0117liams pagamintas i\u0161 vover\u0117s imitacijos plauko. Nat\u016bralaus plauko Makia\u017eo \u0161epet\u0117lis skirtas \u0161e\u0161\u0117liams padengti\",\"breadcrumb\":{\"@id\":\"https:\\\/\\\/msakademija.com\\\/produktas\\\/makiazo-sepetelis-akiu-seseliams-v2\\\/#breadcrumb\"},\"inLanguage\":\"en-US\",\"potentialAction\":[{\"@type\":\"ReadAction\",\"target\":[\"https:\\\/\\\/msakademija.com\\\/produktas\\\/makiazo-sepetelis-akiu-seseliams-v2\\\/\"]}]},{\"@type\":\"ImageObject\",\"inLanguage\":\"en-US\",\"@id\":\"https:\\\/\\\/msakademija.com\\\/produktas\\\/makiazo-sepetelis-akiu-seseliams-v2\\\/#primaryimage\",\"url\":\"https:\\\/\\\/msakademija.com\\\/wp-content\\\/uploads\\\/2024\\\/11\\\/3L2A1650-scaled.jpg\",\"contentUrl\":\"https:\\\/\\\/msakademija.com\\\/wp-content\\\/uploads\\\/2024\\\/11\\\/3L2A1650-scaled.jpg\",\"width\":1707,\"height\":2560},{\"@type\":\"BreadcrumbList\",\"@id\":\"https:\\\/\\\/msakademija.com\\\/produktas\\\/makiazo-sepetelis-akiu-seseliams-v2\\\/#breadcrumb\",\"itemListElement\":[{\"@type\":\"ListItem\",\"position\":1,\"name\":\"Home\",\"item\":\"https:\\\/\\\/msakademija.com\\\/\"},{\"@type\":\"ListItem\",\"position\":2,\"name\":\"Parduotuv\u0117\",\"item\":\"https:\\\/\\\/msakademija.com\\\/makiazo-priemoniu-parduotuve\\\/\"},{\"@type\":\"ListItem\",\"position\":3,\"name\":\"Makia\u017eo \u0161epet\u0117lis aki\u0173 \u0161e\u0161\u0117liams. V2\"}]},{\"@type\":\"WebSite\",\"@id\":\"https:\\\/\\\/msakademija.com\\\/#website\",\"url\":\"https:\\\/\\\/msakademija.com\\\/\",\"name\":\"MS akademija\",\"description\":\"Makia\u017eo ir \u0161ukuosenos akademija\",\"publisher\":{\"@id\":\"https:\\\/\\\/msakademija.com\\\/#organization\"},\"potentialAction\":[{\"@type\":\"SearchAction\",\"target\":{\"@type\":\"EntryPoint\",\"urlTemplate\":\"https:\\\/\\\/msakademija.com\\\/?s={search_term_string}\"},\"query-input\":{\"@type\":\"PropertyValueSpecification\",\"valueRequired\":true,\"valueName\":\"search_term_string\"}}],\"inLanguage\":\"en-US\"},{\"@type\":\"Organization\",\"@id\":\"https:\\\/\\\/msakademija.com\\\/#organization\",\"name\":\"MS akademija\",\"url\":\"https:\\\/\\\/msakademija.com\\\/\",\"logo\":{\"@type\":\"ImageObject\",\"inLanguage\":\"en-US\",\"@id\":\"https:\\\/\\\/msakademija.com\\\/#\\\/schema\\\/logo\\\/image\\\/\",\"url\":\"https:\\\/\\\/msakademija.com\\\/wp-content\\\/uploads\\\/2021\\\/05\\\/logo_juodas_HEADERMS.png\",\"contentUrl\":\"https:\\\/\\\/msakademija.com\\\/wp-content\\\/uploads\\\/2021\\\/05\\\/logo_juodas_HEADERMS.png\",\"width\":500,\"height\":210,\"caption\":\"MS akademija\"},\"image\":{\"@id\":\"https:\\\/\\\/msakademija.com\\\/#\\\/schema\\\/logo\\\/image\\\/\"},\"sameAs\":[\"https:\\\/\\\/www.facebook.com\\\/msakademijavilnius\\\/\",\"https:\\\/\\\/www.instagram.com\\\/msakademija\\\/\"]}]}<\/script>\n<meta property=\"product:brand\" content=\"M.S. | Makeup\" \/>\n<meta property=\"product:price:amount\" content=\"12.00\" \/>\n<meta property=\"product:price:currency\" content=\"EUR\" \/>\n<meta property=\"og:availability\" content=\"instock\" \/>\n<meta property=\"product:availability\" content=\"instock\" \/>\n<meta property=\"product:condition\" content=\"new\" \/>\n<!-- \/ Yoast SEO Premium plugin. -->","yoast_head_json":{"title":"Make-up brush for eyeshadow. V2 - MS Academy","description":"Make-up brush for eyeshadow made of imitation squirrel hair. Natural hair Make-up brush for shadow application","robots":{"index":"index","follow":"follow","max-snippet":"max-snippet:-1","max-image-preview":"max-image-preview:large","max-video-preview":"max-video-preview:-1"},"canonical":"https:\/\/msakademija.com\/en\/product\/make-up-kit-for-eye-nurses-v2\/","og_locale":"en_US","og_type":"article","og_title":"Makia\u017eo \u0161epet\u0117lis aki\u0173 \u0161e\u0161\u0117liams. V2","og_description":"Makia\u017eo \u0161epet\u0117lis aki\u0173 \u0161e\u0161\u0117liams pagamintas i\u0161 vover\u0117s imitacijos plauko. Nat\u016bralaus plauko Makia\u017eo \u0161epet\u0117lis skirtas \u0161e\u0161\u0117liams padengti","og_url":"https:\/\/msakademija.com\/en\/product\/make-up-kit-for-eye-nurses-v2\/","og_site_name":"MS akademija","article_publisher":"https:\/\/www.facebook.com\/msakademijavilnius\/","article_modified_time":"2026-04-05T10:09:47+00:00","og_image":[{"width":1707,"height":2560,"url":"https:\/\/msakademija.com\/wp-content\/uploads\/2024\/11\/3L2A1650-scaled.jpg","type":"image\/jpeg"}],"twitter_card":"summary_large_image","twitter_misc":{"Price":"&euro;12.00","Availability":"In stock"},"schema":{"@context":"https:\/\/schema.org","@graph":[{"@type":"WebPage","@id":"https:\/\/msakademija.com\/produktas\/makiazo-sepetelis-akiu-seseliams-v2\/","url":"https:\/\/msakademija.com\/produktas\/makiazo-sepetelis-akiu-seseliams-v2\/","name":"Make-up brush for eyeshadow. V2 - MS Academy","isPartOf":{"@id":"https:\/\/msakademija.com\/#website"},"primaryImageOfPage":{"@id":"https:\/\/msakademija.com\/produktas\/makiazo-sepetelis-akiu-seseliams-v2\/#primaryimage"},"image":{"@id":"https:\/\/msakademija.com\/produktas\/makiazo-sepetelis-akiu-seseliams-v2\/#primaryimage"},"thumbnailUrl":"https:\/\/msakademija.com\/wp-content\/uploads\/2024\/11\/3L2A1650-scaled.jpg","datePublished":"2024-05-07T07:29:32+00:00","dateModified":"2026-04-05T10:09:47+00:00","description":"Make-up brush for eyeshadow made of imitation squirrel hair. Natural hair Make-up brush for shadow application","breadcrumb":{"@id":"https:\/\/msakademija.com\/produktas\/makiazo-sepetelis-akiu-seseliams-v2\/#breadcrumb"},"inLanguage":"en-US","potentialAction":[{"@type":"ReadAction","target":["https:\/\/msakademija.com\/produktas\/makiazo-sepetelis-akiu-seseliams-v2\/"]}]},{"@type":"ImageObject","inLanguage":"en-US","@id":"https:\/\/msakademija.com\/produktas\/makiazo-sepetelis-akiu-seseliams-v2\/#primaryimage","url":"https:\/\/msakademija.com\/wp-content\/uploads\/2024\/11\/3L2A1650-scaled.jpg","contentUrl":"https:\/\/msakademija.com\/wp-content\/uploads\/2024\/11\/3L2A1650-scaled.jpg","width":1707,"height":2560},{"@type":"BreadcrumbList","@id":"https:\/\/msakademija.com\/produktas\/makiazo-sepetelis-akiu-seseliams-v2\/#breadcrumb","itemListElement":[{"@type":"ListItem","position":1,"name":"Home","item":"https:\/\/msakademija.com\/"},{"@type":"ListItem","position":2,"name":"Parduotuv\u0117","item":"https:\/\/msakademija.com\/makiazo-priemoniu-parduotuve\/"},{"@type":"ListItem","position":3,"name":"Makia\u017eo \u0161epet\u0117lis aki\u0173 \u0161e\u0161\u0117liams. V2"}]},{"@type":"WebSite","@id":"https:\/\/msakademija.com\/#website","url":"https:\/\/msakademija.com\/","name":"MS Academy","description":"Make-up and Hair Academy","publisher":{"@id":"https:\/\/msakademija.com\/#organization"},"potentialAction":[{"@type":"SearchAction","target":{"@type":"EntryPoint","urlTemplate":"https:\/\/msakademija.com\/?s={search_term_string}"},"query-input":{"@type":"PropertyValueSpecification","valueRequired":true,"valueName":"search_term_string"}}],"inLanguage":"en-US"},{"@type":"Organization","@id":"https:\/\/msakademija.com\/#organization","name":"MS Academy","url":"https:\/\/msakademija.com\/","logo":{"@type":"ImageObject","inLanguage":"en-US","@id":"https:\/\/msakademija.com\/#\/schema\/logo\/image\/","url":"https:\/\/msakademija.com\/wp-content\/uploads\/2021\/05\/logo_juodas_HEADERMS.png","contentUrl":"https:\/\/msakademija.com\/wp-content\/uploads\/2021\/05\/logo_juodas_HEADERMS.png","width":500,"height":210,"caption":"MS akademija"},"image":{"@id":"https:\/\/msakademija.com\/#\/schema\/logo\/image\/"},"sameAs":["https:\/\/www.facebook.com\/msakademijavilnius\/","https:\/\/www.instagram.com\/msakademija\/"]}]},"product_brand":"M.S. | Makeup","product_price_amount":"12.00","product_price_currency":"EUR","og_availability":"instock","product_availability":"instock","product_condition":"new"},"jetpack_sharing_enabled":true,"_links":{"self":[{"href":"https:\/\/msakademija.com\/en\/wp-json\/wp\/v2\/product\/9987","targetHints":{"allow":["GET"]}}],"collection":[{"href":"https:\/\/msakademija.com\/en\/wp-json\/wp\/v2\/product"}],"about":[{"href":"https:\/\/msakademija.com\/en\/wp-json\/wp\/v2\/types\/product"}],"replies":[{"embeddable":true,"href":"https:\/\/msakademija.com\/en\/wp-json\/wp\/v2\/comments?post=9987"}],"wp:featuredmedia":[{"embeddable":true,"href":"https:\/\/msakademija.com\/en\/wp-json\/wp\/v2\/media\/12232"}],"wp:attachment":[{"href":"https:\/\/msakademija.com\/en\/wp-json\/wp\/v2\/media?parent=9987"}],"wp:term":[{"taxonomy":"product_brand","embeddable":true,"href":"https:\/\/msakademija.com\/en\/wp-json\/wp\/v2\/product_brand?post=9987"},{"taxonomy":"product_cat","embeddable":true,"href":"https:\/\/msakademija.com\/en\/wp-json\/wp\/v2\/product_cat?post=9987"},{"taxonomy":"product_tag","embeddable":true,"href":"https:\/\/msakademija.com\/en\/wp-json\/wp\/v2\/product_tag?post=9987"}],"curies":[{"name":"wp","href":"https:\/\/api.w.org\/{rel}","templated":true}]}}