{"id":7175,"date":"2021-07-16T09:59:50","date_gmt":"2021-07-16T06:59:50","guid":{"rendered":"https:\/\/msakademija.com\/?page_id=7175"},"modified":"2021-09-12T15:15:02","modified_gmt":"2021-09-12T12:15:02","slug":"zasady-dotyczace-zwrotu-kosztow","status":"publish","type":"page","link":"https:\/\/msakademija.com\/pl\/grazinimo-taisykles\/","title":{"rendered":"Polityka zwrot\u00f3w"},"content":{"rendered":"<p>Towary wysokiej jako\u015bci zakupione online mo\u017cna zwr\u00f3ci\u0107 w ci\u0105gu 14&nbsp;<strong>(czterna\u015bcie) dni<\/strong>&nbsp;od daty dostawy do kupuj\u0105cego.<\/p>\n\n\n\n<p><strong>Podczas zwrotu towar\u00f3w nale\u017cy przestrzega\u0107 nast\u0119puj\u0105cych warunk\u00f3w:<\/strong><\/p>\n\n\n\n<ul class=\"wp-block-list\"><li>zwracany produkt musi znajdowa\u0107 si\u0119 w oryginalnym opakowaniu w dobrym stanie;<\/li><li>towary musz\u0105 by\u0107 nieuszkodzone przez kupuj\u0105cego;<\/li><li>produkt musi by\u0107 nieu\u017cywany i w dobrym stanie (etykiety i folie ochronne nienaruszone itp.);<\/li><li>zwracane towary musz\u0105 mie\u0107 taki sam sk\u0142ad jak te otrzymane przez kupuj\u0105cego - prezenty otrzymane za zakup r\u00f3wnie\u017c musz\u0105 zosta\u0107 zwr\u00f3cone.<\/li><\/ul>\n\n\n\n<p>Je\u015bli powy\u017csze warunki s\u0105 spe\u0142nione, prosimy o wys\u0142anie wiadomo\u015bci e-mail na adres grazinimai@msakademija.com, podaj\u0105c numer zam\u00f3wienia lub za\u0142\u0105czaj\u0105c wiadomo\u015b\u0107 z potwierdzeniem p\u0142atno\u015bci.<\/p>\n\n\n\n<p>Po otrzymaniu zg\u0142oszenia skontaktujemy si\u0119 z Tob\u0105 w ci\u0105gu 2 dni roboczych w celu ustalenia szczeg\u00f3\u0142\u00f3w zwrotu.<\/p>\n\n\n\n<p>Po otrzymaniu towar\u00f3w i upewnieniu si\u0119, \u017ce s\u0105 one nieu\u017cywane, pieni\u0105dze zostan\u0105 zwr\u00f3cone na konto p\u0142atnika (lub, je\u015bli nie jest to mo\u017cliwe, na inne wskazane konto) w ci\u0105gu 3 dni.<\/p>\n\n\n\n<p>Towary wadliwe podlegaj\u0105 zwrotowi zgodnie z Regulaminem Zwrotu i Wymiany Towar\u00f3w, zatwierdzonym przez Ministra Gospodarki Zarz\u0105dzeniem nr 217 z dnia 29 czerwca 2001 r. \"W sprawie zatwierdzenia Regulaminu Zwrotu i Wymiany Towar\u00f3w\".<\/p>\n\n\n\n<p>Nale\u017cy pami\u0119ta\u0107, \u017ce kupuj\u0105cy powinni najpierw skontaktowa\u0107 si\u0119 ze sprzedawc\u0105 w przypadku sporu, a je\u015bli nie s\u0105 w stanie rozstrzygn\u0105\u0107 sporu, maj\u0105 prawo skorzysta\u0107 z internetowej platformy rozstrzygania spor\u00f3w konsumenckich w celu rozstrzygni\u0119cia sporu: &nbsp;<a href=\"https:\/\/webgate.ec.europa.eu\/odr\/main\/?event=main.home.show\">https:\/\/webgate.ec.europa.eu\/odr\/main\/?event=main.home.show<\/a>.<\/p>","protected":false},"excerpt":{"rendered":"<p>Internetu pirktos kokybi\u0161kos prek\u0117s gali b\u016bti gr\u0105\u017einamos per 14&nbsp;(keturiolika) dien\u0173&nbsp;nuo preki\u0173 pristatymo pirk\u0117jui dienos. Gr\u0105\u017einant prekes b\u016btina laikytis \u0161i\u0173 s\u0105lyg\u0173: gr\u0105\u017einama prek\u0117 turi b\u016bti originalioje tvarkingoje pakuot\u0117je; prek\u0117 turi b\u016bti pirk\u0117jo nesugadinta; prek\u0117 turi b\u016bti nenaudota, nepraradusi prekin\u0117s i\u0161vaizdos (nepa\u017eeistos etiket\u0117s bei apsaugin\u0117s pl\u0117vel\u0117s ir kt.); gr\u0105\u017einama prek\u0117 turi b\u016bti tos pa\u010dios sud\u0117ties, kokios buvo [&#8230;]\n","protected":false},"author":1,"featured_media":0,"parent":0,"menu_order":0,"comment_status":"closed","ping_status":"closed","template":"","meta":{"footnotes":""},"class_list":["post-7175","page","type-page","status-publish","hentry"],"yoast_head":"<!-- This site is optimized with the Yoast SEO Premium plugin v27.5 (Yoast SEO v27.5) - https:\/\/yoast.com\/product\/yoast-seo-premium-wordpress\/ -->\n<title>Gr\u0105\u017einimo taisykl\u0117s - MS akademija<\/title>\n<meta name=\"robots\" content=\"index, follow, max-snippet:-1, max-image-preview:large, max-video-preview:-1\" \/>\n<link rel=\"canonical\" href=\"https:\/\/msakademija.com\/pl\/zasady-dotyczace-zwrotu-kosztow\/\" \/>\n<meta property=\"og:locale\" content=\"pl_PL\" \/>\n<meta property=\"og:type\" content=\"article\" \/>\n<meta property=\"og:title\" content=\"Gr\u0105\u017einimo taisykl\u0117s\" \/>\n<meta property=\"og:description\" content=\"Internetu pirktos kokybi\u0161kos prek\u0117s gali b\u016bti gr\u0105\u017einamos per 14&nbsp;(keturiolika) dien\u0173&nbsp;nuo preki\u0173 pristatymo pirk\u0117jui dienos. Gr\u0105\u017einant prekes b\u016btina laikytis \u0161i\u0173 s\u0105lyg\u0173: gr\u0105\u017einama prek\u0117 turi b\u016bti originalioje tvarkingoje pakuot\u0117je; prek\u0117 turi b\u016bti pirk\u0117jo nesugadinta; prek\u0117 turi b\u016bti nenaudota, nepraradusi prekin\u0117s i\u0161vaizdos (nepa\u017eeistos etiket\u0117s bei apsaugin\u0117s pl\u0117vel\u0117s ir kt.); gr\u0105\u017einama prek\u0117 turi b\u016bti tos pa\u010dios sud\u0117ties, kokios buvo [...]\" \/>\n<meta property=\"og:url\" content=\"https:\/\/msakademija.com\/pl\/zasady-dotyczace-zwrotu-kosztow\/\" \/>\n<meta property=\"og:site_name\" content=\"MS akademija\" \/>\n<meta property=\"article:publisher\" content=\"https:\/\/www.facebook.com\/msakademijavilnius\/\" \/>\n<meta property=\"article:modified_time\" content=\"2021-09-12T12:15:02+00:00\" \/>\n<meta name=\"twitter:card\" content=\"summary_large_image\" \/>\n<meta name=\"twitter:label1\" content=\"Szacowany czas czytania\" \/>\n\t<meta name=\"twitter:data1\" content=\"1 minuta\" \/>\n<script type=\"application\/ld+json\" class=\"yoast-schema-graph\">{\"@context\":\"https:\\\/\\\/schema.org\",\"@graph\":[{\"@type\":\"WebPage\",\"@id\":\"https:\\\/\\\/msakademija.com\\\/grazinimo-taisykles\\\/\",\"url\":\"https:\\\/\\\/msakademija.com\\\/grazinimo-taisykles\\\/\",\"name\":\"Gr\u0105\u017einimo taisykl\u0117s - MS akademija\",\"isPartOf\":{\"@id\":\"https:\\\/\\\/msakademija.com\\\/#website\"},\"datePublished\":\"2021-07-16T06:59:50+00:00\",\"dateModified\":\"2021-09-12T12:15:02+00:00\",\"breadcrumb\":{\"@id\":\"https:\\\/\\\/msakademija.com\\\/grazinimo-taisykles\\\/#breadcrumb\"},\"inLanguage\":\"pl-PL\",\"potentialAction\":[{\"@type\":\"ReadAction\",\"target\":[\"https:\\\/\\\/msakademija.com\\\/grazinimo-taisykles\\\/\"]}]},{\"@type\":\"BreadcrumbList\",\"@id\":\"https:\\\/\\\/msakademija.com\\\/grazinimo-taisykles\\\/#breadcrumb\",\"itemListElement\":[{\"@type\":\"ListItem\",\"position\":1,\"name\":\"Home\",\"item\":\"https:\\\/\\\/msakademija.com\\\/\"},{\"@type\":\"ListItem\",\"position\":2,\"name\":\"Gr\u0105\u017einimo taisykl\u0117s\"}]},{\"@type\":\"WebSite\",\"@id\":\"https:\\\/\\\/msakademija.com\\\/#website\",\"url\":\"https:\\\/\\\/msakademija.com\\\/\",\"name\":\"MS akademija\",\"description\":\"Makia\u017eo ir \u0161ukuosenos akademija\",\"publisher\":{\"@id\":\"https:\\\/\\\/msakademija.com\\\/#organization\"},\"potentialAction\":[{\"@type\":\"SearchAction\",\"target\":{\"@type\":\"EntryPoint\",\"urlTemplate\":\"https:\\\/\\\/msakademija.com\\\/?s={search_term_string}\"},\"query-input\":{\"@type\":\"PropertyValueSpecification\",\"valueRequired\":true,\"valueName\":\"search_term_string\"}}],\"inLanguage\":\"pl-PL\"},{\"@type\":\"Organization\",\"@id\":\"https:\\\/\\\/msakademija.com\\\/#organization\",\"name\":\"MS akademija\",\"url\":\"https:\\\/\\\/msakademija.com\\\/\",\"logo\":{\"@type\":\"ImageObject\",\"inLanguage\":\"pl-PL\",\"@id\":\"https:\\\/\\\/msakademija.com\\\/#\\\/schema\\\/logo\\\/image\\\/\",\"url\":\"https:\\\/\\\/msakademija.com\\\/wp-content\\\/uploads\\\/2021\\\/05\\\/logo_juodas_HEADERMS.png\",\"contentUrl\":\"https:\\\/\\\/msakademija.com\\\/wp-content\\\/uploads\\\/2021\\\/05\\\/logo_juodas_HEADERMS.png\",\"width\":500,\"height\":210,\"caption\":\"MS akademija\"},\"image\":{\"@id\":\"https:\\\/\\\/msakademija.com\\\/#\\\/schema\\\/logo\\\/image\\\/\"},\"sameAs\":[\"https:\\\/\\\/www.facebook.com\\\/msakademijavilnius\\\/\",\"https:\\\/\\\/www.instagram.com\\\/msakademija\\\/\"]}]}<\/script>\n<!-- \/ Yoast SEO Premium plugin. -->","yoast_head_json":{"title":"Polityka zwrot\u00f3w - MS Academy","robots":{"index":"index","follow":"follow","max-snippet":"max-snippet:-1","max-image-preview":"max-image-preview:large","max-video-preview":"max-video-preview:-1"},"canonical":"https:\/\/msakademija.com\/pl\/zasady-dotyczace-zwrotu-kosztow\/","og_locale":"pl_PL","og_type":"article","og_title":"Gr\u0105\u017einimo taisykl\u0117s","og_description":"Internetu pirktos kokybi\u0161kos prek\u0117s gali b\u016bti gr\u0105\u017einamos per 14&nbsp;(keturiolika) dien\u0173&nbsp;nuo preki\u0173 pristatymo pirk\u0117jui dienos. Gr\u0105\u017einant prekes b\u016btina laikytis \u0161i\u0173 s\u0105lyg\u0173: gr\u0105\u017einama prek\u0117 turi b\u016bti originalioje tvarkingoje pakuot\u0117je; prek\u0117 turi b\u016bti pirk\u0117jo nesugadinta; prek\u0117 turi b\u016bti nenaudota, nepraradusi prekin\u0117s i\u0161vaizdos (nepa\u017eeistos etiket\u0117s bei apsaugin\u0117s pl\u0117vel\u0117s ir kt.); gr\u0105\u017einama prek\u0117 turi b\u016bti tos pa\u010dios sud\u0117ties, kokios buvo [...]","og_url":"https:\/\/msakademija.com\/pl\/zasady-dotyczace-zwrotu-kosztow\/","og_site_name":"MS akademija","article_publisher":"https:\/\/www.facebook.com\/msakademijavilnius\/","article_modified_time":"2021-09-12T12:15:02+00:00","twitter_card":"summary_large_image","twitter_misc":{"Szacowany czas czytania":"1 minuta"},"schema":{"@context":"https:\/\/schema.org","@graph":[{"@type":"WebPage","@id":"https:\/\/msakademija.com\/grazinimo-taisykles\/","url":"https:\/\/msakademija.com\/grazinimo-taisykles\/","name":"Polityka zwrot\u00f3w - MS Academy","isPartOf":{"@id":"https:\/\/msakademija.com\/#website"},"datePublished":"2021-07-16T06:59:50+00:00","dateModified":"2021-09-12T12:15:02+00:00","breadcrumb":{"@id":"https:\/\/msakademija.com\/grazinimo-taisykles\/#breadcrumb"},"inLanguage":"pl-PL","potentialAction":[{"@type":"ReadAction","target":["https:\/\/msakademija.com\/grazinimo-taisykles\/"]}]},{"@type":"BreadcrumbList","@id":"https:\/\/msakademija.com\/grazinimo-taisykles\/#breadcrumb","itemListElement":[{"@type":"ListItem","position":1,"name":"Home","item":"https:\/\/msakademija.com\/"},{"@type":"ListItem","position":2,"name":"Gr\u0105\u017einimo taisykl\u0117s"}]},{"@type":"WebSite","@id":"https:\/\/msakademija.com\/#website","url":"https:\/\/msakademija.com\/","name":"Akademia MS","description":"Akademia makija\u017cu i fryzur","publisher":{"@id":"https:\/\/msakademija.com\/#organization"},"potentialAction":[{"@type":"SearchAction","target":{"@type":"EntryPoint","urlTemplate":"https:\/\/msakademija.com\/?s={search_term_string}"},"query-input":{"@type":"PropertyValueSpecification","valueRequired":true,"valueName":"search_term_string"}}],"inLanguage":"pl-PL"},{"@type":"Organization","@id":"https:\/\/msakademija.com\/#organization","name":"Akademia MS","url":"https:\/\/msakademija.com\/","logo":{"@type":"ImageObject","inLanguage":"pl-PL","@id":"https:\/\/msakademija.com\/#\/schema\/logo\/image\/","url":"https:\/\/msakademija.com\/wp-content\/uploads\/2021\/05\/logo_juodas_HEADERMS.png","contentUrl":"https:\/\/msakademija.com\/wp-content\/uploads\/2021\/05\/logo_juodas_HEADERMS.png","width":500,"height":210,"caption":"MS akademija"},"image":{"@id":"https:\/\/msakademija.com\/#\/schema\/logo\/image\/"},"sameAs":["https:\/\/www.facebook.com\/msakademijavilnius\/","https:\/\/www.instagram.com\/msakademija\/"]}]}},"jetpack_sharing_enabled":true,"_links":{"self":[{"href":"https:\/\/msakademija.com\/pl\/wp-json\/wp\/v2\/pages\/7175","targetHints":{"allow":["GET"]}}],"collection":[{"href":"https:\/\/msakademija.com\/pl\/wp-json\/wp\/v2\/pages"}],"about":[{"href":"https:\/\/msakademija.com\/pl\/wp-json\/wp\/v2\/types\/page"}],"author":[{"embeddable":true,"href":"https:\/\/msakademija.com\/pl\/wp-json\/wp\/v2\/users\/1"}],"replies":[{"embeddable":true,"href":"https:\/\/msakademija.com\/pl\/wp-json\/wp\/v2\/comments?post=7175"}],"version-history":[{"count":0,"href":"https:\/\/msakademija.com\/pl\/wp-json\/wp\/v2\/pages\/7175\/revisions"}],"wp:attachment":[{"href":"https:\/\/msakademija.com\/pl\/wp-json\/wp\/v2\/media?parent=7175"}],"curies":[{"name":"wp","href":"https:\/\/api.w.org\/{rel}","templated":true}]}}