{"id":7177,"date":"2021-07-16T10:04:43","date_gmt":"2021-07-16T07:04:43","guid":{"rendered":"https:\/\/msakademija.com\/?page_id=7177"},"modified":"2021-07-16T10:04:44","modified_gmt":"2021-07-16T07:04:44","slug":"dostawa-towarow","status":"publish","type":"page","link":"https:\/\/msakademija.com\/pl\/prekiu-pristatymas\/","title":{"rendered":"Dostawa towar\u00f3w"},"content":{"rendered":"<p><br>Towary zostan\u0105 dostarczone pod wskazany adres w ci\u0105gu&nbsp;<strong>3-5 dni roboczych<\/strong>&nbsp;po otrzymaniu zap\u0142aty za towary.&nbsp;<\/p>\n\n\n\n<p>Zam\u00f3wienia z cen\u0105&nbsp;<strong>powy\u017cej 100 euro s\u0105 dostarczane bezp\u0142atnie.&nbsp;<\/strong>W przypadku zakup\u00f3w o warto\u015bci poni\u017cej 100 EUR koszty dostawy:<\/p>\n\n\n\n<p>Poczta - 3,50 \u20ac<br>Kurierem - 4,00 \u20ac<\/p>\n\n\n\n<p>Zam\u00f3wienia s\u0105 dostarczane przez wybran\u0105 firm\u0119 kuriersk\u0105 lub do urz\u0119du pocztowego.<\/p>\n\n\n\n<p>Mo\u017cesz poda\u0107 adres domowy lub s\u0142u\u017cbowy, pod kt\u00f3rym chcesz otrzyma\u0107 zam\u00f3wione towary. Je\u015bli chcesz otrzyma\u0107 towar w miejscu pracy, podaj godziny otwarcia w polu Dodatkowe informacje.<\/p>\n\n\n\n<p>Koszt wysy\u0142ki zostanie automatycznie dodany na stronie p\u0142atno\u015bci.<br>Op\u0142ata za dostaw\u0119 na Mierzej\u0119 Kuro\u0144sk\u0105 wynosi 29 EUR.<br>Obecnie realizujemy dostawy wy\u0142\u0105cznie na terytorium Litwy.<\/p>","protected":false},"excerpt":{"rendered":"<p>J\u016bs\u0173 prek\u0117s bus pristatytos nurodytu adresu per&nbsp;3-5 darbo dienas&nbsp;nuo gauto apmok\u0117jimo u\u017e prekes.&nbsp; U\u017esakymai, kuri\u0173 kaina&nbsp;daugiau kaip \u20ac100, pristatomi&nbsp;nemokamai.&nbsp;Perkant u\u017e ma\u017eiau nei \u20ac100, pristatymo kainos: Pa\u0161tomatu \u2013 3,50 \u20acKurjeriu \u2013 4,00 \u20ac U\u017esakymai pristatomi naudojantis J\u016bs\u0173 pasirinkt\u0173 kurjeri\u0173 paslaugomis arba \u012f pa\u0161tomat\u0105. Galite nurodyti savo nam\u0173 ar darboviet\u0117s adres\u0105, kuriuo nor\u0117tum\u0117te gauti u\u017esakytas prekes. Jei [&#8230;]\n","protected":false},"author":1,"featured_media":0,"parent":0,"menu_order":0,"comment_status":"closed","ping_status":"closed","template":"","meta":{"footnotes":""},"class_list":["post-7177","page","type-page","status-publish","hentry"],"yoast_head":"<!-- This site is optimized with the Yoast SEO Premium plugin v27.5 (Yoast SEO v27.5) - https:\/\/yoast.com\/product\/yoast-seo-premium-wordpress\/ -->\n<title>Preki\u0173 pristatymas - MS akademija<\/title>\n<meta name=\"robots\" content=\"index, follow, max-snippet:-1, max-image-preview:large, max-video-preview:-1\" \/>\n<link rel=\"canonical\" href=\"https:\/\/msakademija.com\/pl\/dostawa-towarow\/\" \/>\n<meta property=\"og:locale\" content=\"pl_PL\" \/>\n<meta property=\"og:type\" content=\"article\" \/>\n<meta property=\"og:title\" content=\"Preki\u0173 pristatymas\" \/>\n<meta property=\"og:description\" content=\"J\u016bs\u0173 prek\u0117s bus pristatytos nurodytu adresu per&nbsp;3-5 darbo dienas&nbsp;nuo gauto apmok\u0117jimo u\u017e prekes.&nbsp; U\u017esakymai, kuri\u0173 kaina&nbsp;daugiau kaip \u20ac100, pristatomi&nbsp;nemokamai.&nbsp;Perkant u\u017e ma\u017eiau nei \u20ac100, pristatymo kainos: Pa\u0161tomatu \u2013 3,50 \u20acKurjeriu \u2013 4,00 \u20ac U\u017esakymai pristatomi naudojantis J\u016bs\u0173 pasirinkt\u0173 kurjeri\u0173 paslaugomis arba \u012f pa\u0161tomat\u0105. Galite nurodyti savo nam\u0173 ar darboviet\u0117s adres\u0105, kuriuo nor\u0117tum\u0117te gauti u\u017esakytas prekes. Jei [...]\" \/>\n<meta property=\"og:url\" content=\"https:\/\/msakademija.com\/pl\/dostawa-towarow\/\" \/>\n<meta property=\"og:site_name\" content=\"MS akademija\" \/>\n<meta property=\"article:publisher\" content=\"https:\/\/www.facebook.com\/msakademijavilnius\/\" \/>\n<meta property=\"article:modified_time\" content=\"2021-07-16T07:04:44+00:00\" \/>\n<meta name=\"twitter:card\" content=\"summary_large_image\" \/>\n<meta name=\"twitter:label1\" content=\"Szacowany czas czytania\" \/>\n\t<meta name=\"twitter:data1\" content=\"1 minuta\" \/>\n<script type=\"application\/ld+json\" class=\"yoast-schema-graph\">{\"@context\":\"https:\\\/\\\/schema.org\",\"@graph\":[{\"@type\":\"WebPage\",\"@id\":\"https:\\\/\\\/msakademija.com\\\/prekiu-pristatymas\\\/\",\"url\":\"https:\\\/\\\/msakademija.com\\\/prekiu-pristatymas\\\/\",\"name\":\"Preki\u0173 pristatymas - MS akademija\",\"isPartOf\":{\"@id\":\"https:\\\/\\\/msakademija.com\\\/#website\"},\"datePublished\":\"2021-07-16T07:04:43+00:00\",\"dateModified\":\"2021-07-16T07:04:44+00:00\",\"breadcrumb\":{\"@id\":\"https:\\\/\\\/msakademija.com\\\/prekiu-pristatymas\\\/#breadcrumb\"},\"inLanguage\":\"pl-PL\",\"potentialAction\":[{\"@type\":\"ReadAction\",\"target\":[\"https:\\\/\\\/msakademija.com\\\/prekiu-pristatymas\\\/\"]}]},{\"@type\":\"BreadcrumbList\",\"@id\":\"https:\\\/\\\/msakademija.com\\\/prekiu-pristatymas\\\/#breadcrumb\",\"itemListElement\":[{\"@type\":\"ListItem\",\"position\":1,\"name\":\"Home\",\"item\":\"https:\\\/\\\/msakademija.com\\\/\"},{\"@type\":\"ListItem\",\"position\":2,\"name\":\"Preki\u0173 pristatymas\"}]},{\"@type\":\"WebSite\",\"@id\":\"https:\\\/\\\/msakademija.com\\\/#website\",\"url\":\"https:\\\/\\\/msakademija.com\\\/\",\"name\":\"MS akademija\",\"description\":\"Makia\u017eo ir \u0161ukuosenos akademija\",\"publisher\":{\"@id\":\"https:\\\/\\\/msakademija.com\\\/#organization\"},\"potentialAction\":[{\"@type\":\"SearchAction\",\"target\":{\"@type\":\"EntryPoint\",\"urlTemplate\":\"https:\\\/\\\/msakademija.com\\\/?s={search_term_string}\"},\"query-input\":{\"@type\":\"PropertyValueSpecification\",\"valueRequired\":true,\"valueName\":\"search_term_string\"}}],\"inLanguage\":\"pl-PL\"},{\"@type\":\"Organization\",\"@id\":\"https:\\\/\\\/msakademija.com\\\/#organization\",\"name\":\"MS akademija\",\"url\":\"https:\\\/\\\/msakademija.com\\\/\",\"logo\":{\"@type\":\"ImageObject\",\"inLanguage\":\"pl-PL\",\"@id\":\"https:\\\/\\\/msakademija.com\\\/#\\\/schema\\\/logo\\\/image\\\/\",\"url\":\"https:\\\/\\\/msakademija.com\\\/wp-content\\\/uploads\\\/2021\\\/05\\\/logo_juodas_HEADERMS.png\",\"contentUrl\":\"https:\\\/\\\/msakademija.com\\\/wp-content\\\/uploads\\\/2021\\\/05\\\/logo_juodas_HEADERMS.png\",\"width\":500,\"height\":210,\"caption\":\"MS akademija\"},\"image\":{\"@id\":\"https:\\\/\\\/msakademija.com\\\/#\\\/schema\\\/logo\\\/image\\\/\"},\"sameAs\":[\"https:\\\/\\\/www.facebook.com\\\/msakademijavilnius\\\/\",\"https:\\\/\\\/www.instagram.com\\\/msakademija\\\/\"]}]}<\/script>\n<!-- \/ Yoast SEO Premium plugin. -->","yoast_head_json":{"title":"Prezentacja produktu - MS Academy","robots":{"index":"index","follow":"follow","max-snippet":"max-snippet:-1","max-image-preview":"max-image-preview:large","max-video-preview":"max-video-preview:-1"},"canonical":"https:\/\/msakademija.com\/pl\/dostawa-towarow\/","og_locale":"pl_PL","og_type":"article","og_title":"Preki\u0173 pristatymas","og_description":"J\u016bs\u0173 prek\u0117s bus pristatytos nurodytu adresu per&nbsp;3-5 darbo dienas&nbsp;nuo gauto apmok\u0117jimo u\u017e prekes.&nbsp; U\u017esakymai, kuri\u0173 kaina&nbsp;daugiau kaip \u20ac100, pristatomi&nbsp;nemokamai.&nbsp;Perkant u\u017e ma\u017eiau nei \u20ac100, pristatymo kainos: Pa\u0161tomatu \u2013 3,50 \u20acKurjeriu \u2013 4,00 \u20ac U\u017esakymai pristatomi naudojantis J\u016bs\u0173 pasirinkt\u0173 kurjeri\u0173 paslaugomis arba \u012f pa\u0161tomat\u0105. Galite nurodyti savo nam\u0173 ar darboviet\u0117s adres\u0105, kuriuo nor\u0117tum\u0117te gauti u\u017esakytas prekes. Jei [...]","og_url":"https:\/\/msakademija.com\/pl\/dostawa-towarow\/","og_site_name":"MS akademija","article_publisher":"https:\/\/www.facebook.com\/msakademijavilnius\/","article_modified_time":"2021-07-16T07:04:44+00:00","twitter_card":"summary_large_image","twitter_misc":{"Szacowany czas czytania":"1 minuta"},"schema":{"@context":"https:\/\/schema.org","@graph":[{"@type":"WebPage","@id":"https:\/\/msakademija.com\/prekiu-pristatymas\/","url":"https:\/\/msakademija.com\/prekiu-pristatymas\/","name":"Prezentacja produktu - MS Academy","isPartOf":{"@id":"https:\/\/msakademija.com\/#website"},"datePublished":"2021-07-16T07:04:43+00:00","dateModified":"2021-07-16T07:04:44+00:00","breadcrumb":{"@id":"https:\/\/msakademija.com\/prekiu-pristatymas\/#breadcrumb"},"inLanguage":"pl-PL","potentialAction":[{"@type":"ReadAction","target":["https:\/\/msakademija.com\/prekiu-pristatymas\/"]}]},{"@type":"BreadcrumbList","@id":"https:\/\/msakademija.com\/prekiu-pristatymas\/#breadcrumb","itemListElement":[{"@type":"ListItem","position":1,"name":"Home","item":"https:\/\/msakademija.com\/"},{"@type":"ListItem","position":2,"name":"Preki\u0173 pristatymas"}]},{"@type":"WebSite","@id":"https:\/\/msakademija.com\/#website","url":"https:\/\/msakademija.com\/","name":"Akademia MS","description":"Akademia makija\u017cu i fryzur","publisher":{"@id":"https:\/\/msakademija.com\/#organization"},"potentialAction":[{"@type":"SearchAction","target":{"@type":"EntryPoint","urlTemplate":"https:\/\/msakademija.com\/?s={search_term_string}"},"query-input":{"@type":"PropertyValueSpecification","valueRequired":true,"valueName":"search_term_string"}}],"inLanguage":"pl-PL"},{"@type":"Organization","@id":"https:\/\/msakademija.com\/#organization","name":"Akademia MS","url":"https:\/\/msakademija.com\/","logo":{"@type":"ImageObject","inLanguage":"pl-PL","@id":"https:\/\/msakademija.com\/#\/schema\/logo\/image\/","url":"https:\/\/msakademija.com\/wp-content\/uploads\/2021\/05\/logo_juodas_HEADERMS.png","contentUrl":"https:\/\/msakademija.com\/wp-content\/uploads\/2021\/05\/logo_juodas_HEADERMS.png","width":500,"height":210,"caption":"MS akademija"},"image":{"@id":"https:\/\/msakademija.com\/#\/schema\/logo\/image\/"},"sameAs":["https:\/\/www.facebook.com\/msakademijavilnius\/","https:\/\/www.instagram.com\/msakademija\/"]}]}},"jetpack_sharing_enabled":true,"_links":{"self":[{"href":"https:\/\/msakademija.com\/pl\/wp-json\/wp\/v2\/pages\/7177","targetHints":{"allow":["GET"]}}],"collection":[{"href":"https:\/\/msakademija.com\/pl\/wp-json\/wp\/v2\/pages"}],"about":[{"href":"https:\/\/msakademija.com\/pl\/wp-json\/wp\/v2\/types\/page"}],"author":[{"embeddable":true,"href":"https:\/\/msakademija.com\/pl\/wp-json\/wp\/v2\/users\/1"}],"replies":[{"embeddable":true,"href":"https:\/\/msakademija.com\/pl\/wp-json\/wp\/v2\/comments?post=7177"}],"version-history":[{"count":0,"href":"https:\/\/msakademija.com\/pl\/wp-json\/wp\/v2\/pages\/7177\/revisions"}],"wp:attachment":[{"href":"https:\/\/msakademija.com\/pl\/wp-json\/wp\/v2\/media?parent=7177"}],"curies":[{"name":"wp","href":"https:\/\/api.w.org\/{rel}","templated":true}]}}