{"id":7186,"date":"2021-07-16T10:28:44","date_gmt":"2021-07-16T07:28:44","guid":{"rendered":"https:\/\/msakademija.com\/?page_id=7186"},"modified":"2021-07-16T10:28:45","modified_gmt":"2021-07-16T07:28:45","slug":"polityka-prywatnosci-2","status":"publish","type":"page","link":"https:\/\/msakademija.com\/pl\/privatumo-politika-2\/","title":{"rendered":"Polityka prywatno\u015bci"},"content":{"rendered":"<p><strong><br>INFORMACJE OG\u00d3LNE<\/strong><\/p>\n\n\n\n<p>Marina Sivinskien\u0117 (zwana dalej \"Administratorem danych\") niniejszym ustanawia zasady i warunki przetwarzania danych osobowych podczas korzystania ze strony internetowej obs\u0142ugiwanej przez Administratora danych (zwanej dalej \"Polityk\u0105 prywatno\u015bci\"). Warunki okre\u015blone w Polityce prywatno\u015bci maj\u0105 zastosowanie za ka\u017cdym razem, gdy u\u017cytkownik uzyskuje dost\u0119p do tre\u015bci i\/lub us\u0142ug \u015bwiadczonych przez nas, niezale\u017cnie od u\u017cywanego urz\u0105dzenia (komputer, telefon kom\u00f3rkowy, tablet, telewizor itp.).<\/p>\n\n\n\n<p><strong>Dane administratora danych:&nbsp;<\/strong><\/p>\n\n\n\n<ul class=\"wp-block-list\"><li>Administrator danych: Marina Sivinskien\u0117;<\/li><li>Adres siedziby: L. Asanavi\u010di\u016bt\u0117 13B-55, Wilno<\/li><li>E-mail: info@msakademija.com.<\/li><\/ul>\n\n\n\n<p><em>Bardzo wa\u017cne jest, aby uwa\u017cnie przeczyta\u0107 niniejsz\u0105 Polityk\u0119 prywatno\u015bci, poniewa\u017c za ka\u017cdym razem, gdy odwiedzasz witryn\u0119 internetow\u0105 nale\u017c\u0105c\u0105 do Administratora danych, zgadzasz si\u0119 na warunki opisane w niniejszej Polityce prywatno\u015bci. Je\u015bli nie wyra\u017casz zgody na te warunki, nie odwiedzaj naszej strony internetowej ani nie korzystaj z naszych tre\u015bci i\/lub us\u0142ug.<\/em><\/p>\n\n\n\n<p>Potwierdzamy, \u017ce dane os\u00f3b odwiedzaj\u0105cych stron\u0119 internetow\u0105 Administratora Danych b\u0119d\u0105 gromadzone zgodnie z wymogami obowi\u0105zuj\u0105cego prawodawstwa Unii Europejskiej i Republiki Litewskiej oraz instrukcjami organ\u00f3w kontrolnych. Wdro\u017cyli\u015bmy wszelkie uzasadnione \u015brodki techniczne i administracyjne w celu ochrony gromadzonych przez nas danych dotycz\u0105cych odwiedzaj\u0105cych witryn\u0119 przed utrat\u0105, nieuprawnionym wykorzystaniem lub modyfikacj\u0105.<\/p>\n\n\n\n<p>Osoby poni\u017cej 16 roku \u017cycia nie mog\u0105 przesy\u0142a\u0107 \u017cadnych danych osobowych za po\u015brednictwem naszej strony internetowej. Je\u015bli jeste\u015b osob\u0105, kt\u00f3ra nie uko\u0144czy\u0142a 16 lat, musisz uzyska\u0107 zgod\u0119 rodzica lub innego opiekuna prawnego przed przes\u0142aniem danych osobowych.<\/p>\n\n\n\n<p>Terminy u\u017cyte w niniejszych Warunkach nale\u017cy rozumie\u0107 zgodnie z ich definicj\u0105 zawart\u0105 w og\u00f3lnym rozporz\u0105dzeniu o ochronie danych 2016\/679.<\/p>\n\n\n\n<p><strong>JAKIE INFORMACJE O U\u017bYTKOWNIKU GROMADZIMY?<\/strong><\/p>\n\n\n\n<p><em>Informacje dostarczone bezpo\u015brednio przez u\u017cytkownika:<\/em><\/p>\n\n\n\n<ul class=\"wp-block-list\"><li>Nazwa<\/li><li>Nazwisko<\/li><li>Numer telefonu<\/li><li>Adres e-mail<\/li><li>Adres IP<\/li><li>Informacje o plikach cookie<\/li><\/ul>\n\n\n\n<p><strong>Informacje ze \u017ar\u00f3de\u0142 zewn\u0119trznych&nbsp;<\/strong><\/p>\n\n\n\n<p>Mo\u017cemy uzyskiwa\u0107 informacje o u\u017cytkowniku ze \u017ar\u00f3de\u0142 publicznych i komercyjnych (w zakresie dozwolonym przez obowi\u0105zuj\u0105ce prawo) i \u0142\u0105czy\u0107 je z innymi informacjami, kt\u00f3re uzyskujemy od u\u017cytkownika lub na jego temat. Mo\u017cemy r\u00f3wnie\u017c otrzymywa\u0107 informacje o u\u017cytkowniku z serwis\u00f3w spo\u0142eczno\u015bciowych stron trzecich, gdy u\u017cytkownik uzyskuje do nich dost\u0119p, na przyk\u0142ad za po\u015brednictwem swoich kont na Facebooku.<\/p>\n\n\n\n<p><strong>Inne gromadzone przez nas informacje<\/strong><\/p>\n\n\n\n<p>Mo\u017cemy r\u00f3wnie\u017c gromadzi\u0107 inne informacje o u\u017cytkowniku, jego urz\u0105dzeniu lub korzystaniu przez niego z tre\u015bci naszej witryny internetowej za jego zgod\u0105.<\/p>\n\n\n\n<p><strong>W JAKI SPOS\u00d3B WYKORZYSTUJEMY DANE U\u017bYTKOWNIKA?<\/strong><\/p>\n\n\n\n<p>Mo\u017cemy wykorzystywa\u0107 zebrane informacje do nast\u0119puj\u0105cych cel\u00f3w:<\/p>\n\n\n\n<ul class=\"wp-block-list\"><li>\u015bwiadczenie u\u017cytkownikowi us\u0142ug, o kt\u00f3re poprosi\u0142, odwiedzaj\u0105c nasz\u0105 stron\u0119 internetow\u0105;<\/li><li>do cel\u00f3w marketingu bezpo\u015bredniego*, takich jak wysy\u0142anie biuletyn\u00f3w, dostarczanie dostosowanych reklam promocyjnych i wysy\u0142anie powiadomie\u0144 o promocjach, ocena i analiza naszego rynku, klient\u00f3w, produkt\u00f3w i us\u0142ug (w tym zbieranie opinii na temat produkt\u00f3w i us\u0142ug oraz organizowanie ankiet w\u015br\u00f3d klient\u00f3w);<\/li><li>aby uzyska\u0107 informacje zwrotne na temat jako\u015bci otrzymywanych us\u0142ug, w celu ich poprawy i oferowania us\u0142ug na najwy\u017cszym poziomie;<\/li><li>w inny spos\u00f3b za zgod\u0105 u\u017cytkownika*.<\/li><\/ul>\n\n\n\n<p><em>*Informujemy, \u017ce u\u017cytkownik ma prawo w dowolnym momencie wnie\u015b\u0107 sprzeciw lub wycofa\u0107 zgod\u0119 na przetwarzanie jego danych w celach okre\u015blonych powy\u017cej, oznaczonych gwiazdk\u0105.&nbsp;<\/em><\/p>\n\n\n\n<p><strong>KOMU UJAWNIAMY INFORMACJE O U\u017bYTKOWNIKU?<\/strong><\/p>\n\n\n\n<p>Zobowi\u0105zujemy si\u0119 nie przekazywa\u0107 danych osobowych u\u017cytkownika \u017cadnym niepowi\u0105zanym stronom trzecim, z wyj\u0105tkiem nast\u0119puj\u0105cych przypadk\u00f3w:<\/p>\n\n\n\n<ul class=\"wp-block-list\"><li>je\u015bli u\u017cytkownik wyrazi\u0142 zgod\u0119 na ujawnienie danych osobowych;<\/li><li>w ramach \u015bwiadczenia us\u0142ug - naszym partnerom, w razie potrzeby przeka\u017cemy tylko tyle danych osobowych u\u017cytkownika, ile jest niezb\u0119dne do wykonania danej us\u0142ugi. U\u017cytkownik zostanie poinformowany o przekazaniu jego danych osobowych stronom trzecim przed takim przekazaniem.<\/li><li>Organy \u015bcigania zgodnie z procedur\u0105 przewidzian\u0105 w ustawodawstwie Republiki Litewskiej.<\/li><\/ul>\n\n\n\n<p><strong>CO ROBIMY, ABY CHRONI\u0106 DANE U\u017bYTKOWNIKA?<\/strong><\/p>\n\n\n\n<p>Dane osobowe s\u0105 chronione przed utrat\u0105, nieuprawnionym wykorzystaniem i zmian\u0105. Wdro\u017cyli\u015bmy \u015brodki techniczne i organizacyjne w celu ochrony bezpiecze\u0144stwa danych osobowych, aby zabezpieczy\u0107 wszystkie informacje, kt\u00f3re gromadzimy w celu \u015bwiadczenia naszych us\u0142ug. Przypominamy, \u017ce chocia\u017c podejmujemy uzasadnione kroki w celu ochrony informacji, \u017cadna strona internetowa, transakcja online, system komputerowy ani po\u0142\u0105czenie bezprzewodowe nie s\u0105 ca\u0142kowicie bezpieczne.<\/p>\n\n\n\n<p>B\u0119dziemy przechowywa\u0107 dane u\u017cytkownika przez 5 lat od ostatniego dnia korzystania przez niego z naszych us\u0142ug lub tre\u015bci. Pod koniec tego okresu dane zostan\u0105 usuni\u0119te za pomoc\u0105 oprogramowania, aby nie mo\u017cna by\u0142o ich odtworzy\u0107.<\/p>\n\n\n\n<p><strong>TWOJE PRAWA<\/strong><\/p>\n\n\n\n<p>Osobie, kt\u00f3rej dane s\u0105 przetwarzane w ramach dzia\u0142alno\u015bci Administratora Danych, przys\u0142uguj\u0105 nast\u0119puj\u0105ce prawa:<\/p>\n\n\n\n<ul class=\"wp-block-list\"><li>wiedzie\u0107 (by\u0107 informowanym) o przetwarzaniu swoich danych (prawo do informacji);<\/li><li>poznania swoich danych i sposobu ich przetwarzania (prawo dost\u0119pu);<\/li><li>\u017c\u0105dania sprostowania lub, w zale\u017cno\u015bci od cel\u00f3w przetwarzania danych osobowych, uzupe\u0142nienia niekompletnych danych osobowych (prawo do sprostowania);<\/li><li>usuni\u0119cia danych lub zaprzestania ich przetwarzania (z wyj\u0105tkiem przechowywania) (prawo do usuni\u0119cia danych i prawo do bycia zapomnianym);<\/li><li>ma prawo za\u017c\u0105da\u0107 od Administratora Danych ograniczenia przetwarzania danych osobowych na jednej z uzasadnionych podstaw (prawo do ograniczenia);<\/li><li>maj\u0105 prawo do przenoszenia danych (prawo do przenoszenia danych);<\/li><li>wniesienia sprzeciwu wobec przetwarzania danych osobowych, gdy takie dane s\u0105 przetwarzane lub maj\u0105 by\u0107 przetwarzane do cel\u00f3w marketingu bezpo\u015bredniego, w tym profilowania w zwi\u0105zku z takim marketingiem bezpo\u015brednim.<\/li><\/ul>\n\n\n\n<p>Osoba, kt\u00f3rej dane dotycz\u0105, ma prawo do z\u0142o\u017cenia Administratorowi Danych wszelkich wniosk\u00f3w lub instrukcji dotycz\u0105cych przetwarzania danych osobowych na pi\u015bmie w jeden z nast\u0119puj\u0105cych sposob\u00f3w:<\/p>\n\n\n\n<ul class=\"wp-block-list\"><li>Bezpo\u015brednio do Marina Sivinskien\u0117, L. Asanavi\u010di\u016bt\u0117 13B-55, Wilno, Litwa;<\/li><li>Poczt\u0105: Marina Sivinskien\u0117, L. Asanavi\u010di\u016bt\u0117 13B-55, Wilno, Litwa;<\/li><li>E-mail: info@msakademija.com.<\/li><\/ul>\n\n\n\n<p>Administrator po otrzymaniu takiego \u017c\u0105dania lub polecenia udziela odpowiedzi nie p\u00f3\u017aniej ni\u017c w terminie miesi\u0105ca od dnia \u017c\u0105dania i podejmuje lub odmawia podj\u0119cia dzia\u0142a\u0144 okre\u015blonych w \u017c\u0105daniu. W razie potrzeby okres, o kt\u00f3rym mowa, mo\u017ce zosta\u0107 przed\u0142u\u017cony o kolejne dwa miesi\u0105ce, w zale\u017cno\u015bci od z\u0142o\u017cono\u015bci i liczby wniosk\u00f3w. W takim przypadku Administrator Danych poinformuje Podmiot Danych o takim przed\u0142u\u017ceniu w terminie miesi\u0105ca od dnia otrzymania \u017c\u0105dania wraz z podaniem przyczyn op\u00f3\u017anienia.<\/p>\n\n\n\n<p>Administrator Danych mo\u017ce odm\u00f3wi\u0107 osobom, kt\u00f3rych dane dotycz\u0105, skorzystania z praw wymienionych powy\u017cej, z wyj\u0105tkiem odmowy przetwarzania danych osobowych do cel\u00f3w marketingu bezpo\u015bredniego, gdy w przypadkach przewidzianych prawem jest to konieczne do zapewnienia zapobiegania, dochodzenia i wykrywania przest\u0119pstw, narusze\u0144 etyki zawodowej lub zawodowej, a tak\u017ce ochrony praw i wolno\u015bci osoby, kt\u00f3rej dane dotycz\u0105, lub innych os\u00f3b.<\/p>\n\n\n\n<p><strong>STRONY INTERNETOWE, US\u0141UGI I PRODUKTY STRON TRZECICH NA NASZYCH STRONACH INTERNETOWYCH<\/strong><\/p>\n\n\n\n<p>Witryna internetowa Administratora Danych mo\u017ce zawiera\u0107 banery stron trzecich, linki do ich witryn internetowych i us\u0142ug, kt\u00f3re nie znajduj\u0105 si\u0119 pod kontrol\u0105 Administratora Danych. Administrator Danych nie ponosi odpowiedzialno\u015bci za bezpiecze\u0144stwo i prywatno\u015b\u0107 informacji gromadzonych przez strony trzecie. U\u017cytkownik musi zapozna\u0107 si\u0119 z o\u015bwiadczeniami o ochronie prywatno\u015bci maj\u0105cymi zastosowanie do stron internetowych i us\u0142ug stron trzecich, z kt\u00f3rych korzysta.<\/p>\n\n\n\n<p><strong>SLAPS<\/strong><\/p>\n\n\n\n<p>Gdy u\u017cytkownik odwiedza stron\u0119 internetow\u0105 Administratora, chcemy zapewni\u0107 mu tre\u015bci i funkcje dostosowane do jego konkretnych potrzeb. Wymaga to u\u017cycia plik\u00f3w cookie. S\u0105 to niewielkie informacje tworzone automatycznie podczas przegl\u0105dania strony internetowej i przechowywane na komputerze lub innym urz\u0105dzeniu ko\u0144cowym u\u017cytkownika. Pomagaj\u0105 one Administratorowi Danych rozpozna\u0107 u\u017cytkownika jako osob\u0119 odwiedzaj\u0105c\u0105 wcze\u015bniej dan\u0105 witryn\u0119 internetow\u0105, przechowywa\u0107 histori\u0119 odwiedzin i odpowiednio dostosowywa\u0107 tre\u015bci. Pliki cookie pomagaj\u0105 r\u00f3wnie\u017c zapewni\u0107 sprawne funkcjonowanie stron internetowych, monitorowa\u0107 czas trwania i cz\u0119stotliwo\u015b\u0107 odwiedzin stron internetowych oraz gromadzi\u0107 informacje statystyczne na temat liczby odwiedzaj\u0105cych strony internetowe.<\/p>\n\n\n\n<p><em>Jak zarz\u0105dza\u0107 plikami cookie i je usuwa\u0107<\/em><\/p>\n\n\n\n<p>Korzystaj\u0105c z przegl\u0105darki w celu uzyskania dost\u0119pu do udost\u0119pnianych przez nas tre\u015bci, mo\u017cna skonfigurowa\u0107 przegl\u0105dark\u0119 tak, aby akceptowa\u0142a wszystkie pliki cookie, odrzuca\u0142a wszystkie pliki cookie lub powiadamia\u0142a u\u017cytkownika o wysy\u0142aniu plik\u00f3w cookie. Ka\u017cda przegl\u0105darka jest inna, wi\u0119c je\u015bli nie wiesz, jak zmieni\u0107 preferencje dotycz\u0105ce plik\u00f3w cookie, sprawd\u017a menu pomocy przegl\u0105darki. System operacyjny urz\u0105dzenia mo\u017ce mie\u0107 dodatkowe funkcje kontroli plik\u00f3w cookie. Je\u015bli u\u017cytkownik nie chce, aby informacje by\u0142y gromadzone przez pliki cookie, mo\u017ce skorzysta\u0107 z prostej procedury w wi\u0119kszo\u015bci przegl\u0105darek, kt\u00f3ra pozwala zrezygnowa\u0107 z plik\u00f3w cookie. Wi\u0119cej informacji na temat zarz\u0105dzania plikami cookie mo\u017cna znale\u017a\u0107 na stronie:&nbsp;<a href=\"http:\/\/www.allaboutcookies.org\/manage-cookies\/\">http:\/\/www.allaboutcookies.org\/manage-cookies\/<\/a>.<\/p>\n\n\n\n<p>Nale\u017cy jednak pami\u0119ta\u0107, \u017ce w niekt\u00f3rych przypadkach usuni\u0119cie plik\u00f3w cookie mo\u017ce spowolni\u0107 przegl\u0105danie, ograniczy\u0107 niekt\u00f3re funkcje witryny lub zablokowa\u0107 dost\u0119p do witryny.<\/p>\n\n\n\n<p>Nasza strona internetowa mo\u017ce zawiera\u0107 linki do stron internetowych innych os\u00f3b, firm lub organizacji. Nale\u017cy pami\u0119ta\u0107, \u017ce Administrator Danych nie ponosi odpowiedzialno\u015bci za tre\u015b\u0107 takich stron internetowych ani za stosowane przez nie praktyki w zakresie prywatno\u015bci. W zwi\u0105zku z tym, je\u015bli u\u017cytkownik skorzysta z \u0142\u0105cza ze strony internetowej Administratora Danych do innych stron internetowych, powinien zapozna\u0107 si\u0119 z ich polityk\u0105 prywatno\u015bci oddzielnie.<\/p>\n\n\n\n<figure class=\"wp-block-table\"><table><thead><tr><td><strong>CZAPKA<\/strong><\/td><td><strong>DOMEN<\/strong><\/td><td><strong>TYP<\/strong><\/td><td><strong>OPIS<\/strong><\/td><td><strong>TRUMP<\/strong><\/td><\/tr><\/thead><tbody><tr><td>&nbsp;<\/td><td>&nbsp;<\/td><td>&nbsp;<\/td><td>&nbsp;<\/td><td>&nbsp;<\/td><\/tr><tr><td>tk_or<\/td><td>.msakademija.com<\/td><td>Analityka<\/td><td>Ten plik cookie jest ustawiany przez wtyczk\u0119 JetPack na stronach korzystaj\u0105cych z WooCommerce. Jest to plik cookie odsy\u0142aj\u0105cy u\u017cywany do analizowania zachowania odsy\u0142aj\u0105cego dla Jetpack<\/td><td>5 lat<\/td><\/tr><tr><td>tk_r3d<\/td><td>.msakademija.com<\/td><td>Analityka<\/td><td>Plik cookie jest instalowany przez JetPack. U\u017cywany do wewn\u0119trznych pomiar\u00f3w aktywno\u015bci u\u017cytkownika w celu poprawy komfortu u\u017cytkowania.<\/td><td>3 dni<\/td><\/tr><tr><td>tk_lr<\/td><td>.msakademija.com<\/td><td>Analityka<\/td><td>Ten plik cookie jest ustawiany przez wtyczk\u0119 JetPack na stronach korzystaj\u0105cych z WooCommerce. Jest to plik cookie odsy\u0142aj\u0105cy u\u017cywany do analizowania zachowania odsy\u0142aj\u0105cego dla Jetpack<\/td><td>1 rok<\/td><\/tr><tr><td>_ga<\/td><td>.msakademija.com<\/td><td>Analityka<\/td><td>Ten plik cookie jest instalowany przez Google Analytics. Plik cookie s\u0142u\u017cy do obliczania danych dotycz\u0105cych odwiedzaj\u0105cych, sesji, kampanii i \u015bledzenia korzystania z witryny na potrzeby raportu analitycznego witryny. Pliki cookie przechowuj\u0105 informacje anonimowo i przypisuj\u0105 losowo wygenerowany numer w celu identyfikacji unikalnych odwiedzaj\u0105cych.<\/td><td>2 lata<\/td><\/tr><tr><td>_gid<\/td><td>.msakademija.com<\/td><td>Analityka<\/td><td>Ten plik cookie jest instalowany przez Google Analytics. Plik cookie s\u0142u\u017cy do przechowywania informacji o tym, w jaki spos\u00f3b odwiedzaj\u0105cy korzystaj\u0105 z witryny internetowej i pomaga w tworzeniu raportu analitycznego na temat dzia\u0142ania witryny. Gromadzone dane obejmuj\u0105 liczb\u0119 odwiedzaj\u0105cych, \u017ar\u00f3d\u0142o, z kt\u00f3rego pochodz\u0105, oraz strony odwiedzone w formie anonimowej.<\/td><td>1 dzie\u0144<\/td><\/tr><tr><td>__cfduid<\/td><td>.msakademija.com<\/td><td>Niezb\u0119dny<\/td><td>Plik cookie jest u\u017cywany przez us\u0142ugi cdn, takie jak CloudFare, do identyfikacji poszczeg\u00f3lnych klient\u00f3w za wsp\u00f3lnym adresem IP i stosowania ustawie\u0144 bezpiecze\u0144stwa dla ka\u017cdego klienta. Nie odpowiada on \u017cadnemu identyfikatorowi u\u017cytkownika w aplikacji internetowej i nie przechowuje \u017cadnych informacji umo\u017cliwiaj\u0105cych identyfikacj\u0119 u\u017cytkownika.<\/td><td>1 miesi\u0105c<\/td><\/tr><tr><td>cookielawinfo-checkbox-necessary<\/td><td>msakademija.com<\/td><td>Niezb\u0119dny<\/td><td>Ten plik cookie jest ustawiany przez wtyczk\u0119 GDPR Cookie Consent. Ten plik cookie s\u0142u\u017cy do przechowywania zgody u\u017cytkownika na pliki cookie w kategorii \"Niezb\u0119dne\".<\/td><td>1 rok<\/td><\/tr><tr><td>cookielawinfo-checkbox-non-necessary<\/td><td>msakademija.com<\/td><td>Niezb\u0119dny<\/td><td>Ten plik cookie jest ustawiany przez wtyczk\u0119 GDPR Cookie Consent. Ten plik cookie s\u0142u\u017cy do przechowywania zgody u\u017cytkownika na pliki cookie w kategorii \"Niepotrzebne\".<\/td><td>1 rok<\/td><\/tr><tr><td>_gat<\/td><td>.msakademija.com<\/td><td>Wydajno\u015b\u0107<\/td><td>Ten plik cookie jest instalowany przez Google Universal Analytics w celu ograniczenia szybko\u015bci \u017c\u0105da\u0144, aby ograniczy\u0107 gromadzenie danych w witrynach o du\u017cym nat\u0119\u017ceniu ruchu.<\/td><td>1 minuta<\/td><\/tr><\/tbody><\/table><\/figure>\n\n\n\n<p><strong>KONTAKT<\/strong><\/p>\n\n\n\n<p>W przypadku jakichkolwiek pyta\u0144 dotycz\u0105cych informacji zawartych w niniejszej Polityce prywatno\u015bci, prosimy o kontakt w dogodny dla u\u017cytkownika spos\u00f3b:<\/p>\n\n\n\n<ul class=\"wp-block-list\"><li>Bezpo\u015brednio do Marina Sivinskien\u0117, L. Asanavi\u010di\u016bt\u0117 13B-55, Wilno, Litwa;<\/li><li>Poczt\u0105: Marina Sivinskien\u0117, L. Asanavi\u010di\u016bt\u0117 13B-55, Wilno, Litwa;<\/li><li>E-mail: info@msakademija.com.<\/li><\/ul>","protected":false},"excerpt":{"rendered":"<p>BENDRA INFORMACIJA Marina Sivinskien\u0117 (toliau \u2013 Duomen\u0173 valdytojas) \u0161ia privatumo politika (toliau \u2013 Privatumo politika) nustato asmens duomen\u0173 tvarkymo s\u0105lygas naudojantis Duomen\u0173 valdytojo valdoma interneto svetaine. Privatumo politikos nustatytos s\u0105lygos taikomos kiekvien\u0105 kart\u0105 jums norint pasiekti m\u016bs\u0173 teikiam\u0105 turin\u012f ir\/ar paslaug\u0105, nepaisant to, kok\u012f \u012frengin\u012f (kompiuter\u012f, mobil\u0173j\u012f telefon\u0105, plan\u0161et\u0119, televizori\u0173 ar kt.) naudojate. Duomen\u0173 valdytojo [&#8230;]\n","protected":false},"author":1,"featured_media":0,"parent":0,"menu_order":0,"comment_status":"closed","ping_status":"closed","template":"","meta":{"footnotes":""},"class_list":["post-7186","page","type-page","status-publish","hentry"],"yoast_head":"<!-- This site is optimized with the Yoast SEO Premium plugin v27.4 (Yoast SEO v27.4) - https:\/\/yoast.com\/product\/yoast-seo-premium-wordpress\/ -->\n<title>Privatumo politika - MS akademija<\/title>\n<meta name=\"robots\" content=\"index, follow, max-snippet:-1, max-image-preview:large, max-video-preview:-1\" \/>\n<link rel=\"canonical\" href=\"https:\/\/msakademija.com\/pl\/polityka-prywatnosci-2\/\" \/>\n<meta property=\"og:locale\" content=\"pl_PL\" \/>\n<meta property=\"og:type\" content=\"article\" \/>\n<meta property=\"og:title\" content=\"Privatumo politika\" \/>\n<meta property=\"og:description\" content=\"BENDRA INFORMACIJA Marina Sivinskien\u0117 (toliau \u2013 Duomen\u0173 valdytojas) \u0161ia privatumo politika (toliau \u2013 Privatumo politika) nustato asmens duomen\u0173 tvarkymo s\u0105lygas naudojantis Duomen\u0173 valdytojo valdoma interneto svetaine. Privatumo politikos nustatytos s\u0105lygos taikomos kiekvien\u0105 kart\u0105 jums norint pasiekti m\u016bs\u0173 teikiam\u0105 turin\u012f ir\/ar paslaug\u0105, nepaisant to, kok\u012f \u012frengin\u012f (kompiuter\u012f, mobil\u0173j\u012f telefon\u0105, plan\u0161et\u0119, televizori\u0173 ar kt.) naudojate. Duomen\u0173 valdytojo [...]\" \/>\n<meta property=\"og:url\" content=\"https:\/\/msakademija.com\/pl\/polityka-prywatnosci-2\/\" \/>\n<meta property=\"og:site_name\" content=\"MS akademija\" \/>\n<meta property=\"article:publisher\" content=\"https:\/\/www.facebook.com\/msakademijavilnius\/\" \/>\n<meta property=\"article:modified_time\" content=\"2021-07-16T07:28:45+00:00\" \/>\n<meta name=\"twitter:card\" content=\"summary_large_image\" \/>\n<meta name=\"twitter:label1\" content=\"Szacowany czas czytania\" \/>\n\t<meta name=\"twitter:data1\" content=\"9 minut\" \/>\n<script type=\"application\/ld+json\" class=\"yoast-schema-graph\">{\"@context\":\"https:\\\/\\\/schema.org\",\"@graph\":[{\"@type\":\"WebPage\",\"@id\":\"https:\\\/\\\/msakademija.com\\\/privatumo-politika-2\\\/\",\"url\":\"https:\\\/\\\/msakademija.com\\\/privatumo-politika-2\\\/\",\"name\":\"Privatumo politika - MS akademija\",\"isPartOf\":{\"@id\":\"https:\\\/\\\/msakademija.com\\\/#website\"},\"datePublished\":\"2021-07-16T07:28:44+00:00\",\"dateModified\":\"2021-07-16T07:28:45+00:00\",\"breadcrumb\":{\"@id\":\"https:\\\/\\\/msakademija.com\\\/privatumo-politika-2\\\/#breadcrumb\"},\"inLanguage\":\"pl-PL\",\"potentialAction\":[{\"@type\":\"ReadAction\",\"target\":[\"https:\\\/\\\/msakademija.com\\\/privatumo-politika-2\\\/\"]}]},{\"@type\":\"BreadcrumbList\",\"@id\":\"https:\\\/\\\/msakademija.com\\\/privatumo-politika-2\\\/#breadcrumb\",\"itemListElement\":[{\"@type\":\"ListItem\",\"position\":1,\"name\":\"Home\",\"item\":\"https:\\\/\\\/msakademija.com\\\/\"},{\"@type\":\"ListItem\",\"position\":2,\"name\":\"Privatumo politika\"}]},{\"@type\":\"WebSite\",\"@id\":\"https:\\\/\\\/msakademija.com\\\/#website\",\"url\":\"https:\\\/\\\/msakademija.com\\\/\",\"name\":\"MS akademija\",\"description\":\"Makia\u017eo ir \u0161ukuosenos akademija\",\"publisher\":{\"@id\":\"https:\\\/\\\/msakademija.com\\\/#organization\"},\"potentialAction\":[{\"@type\":\"SearchAction\",\"target\":{\"@type\":\"EntryPoint\",\"urlTemplate\":\"https:\\\/\\\/msakademija.com\\\/?s={search_term_string}\"},\"query-input\":{\"@type\":\"PropertyValueSpecification\",\"valueRequired\":true,\"valueName\":\"search_term_string\"}}],\"inLanguage\":\"pl-PL\"},{\"@type\":\"Organization\",\"@id\":\"https:\\\/\\\/msakademija.com\\\/#organization\",\"name\":\"MS akademija\",\"url\":\"https:\\\/\\\/msakademija.com\\\/\",\"logo\":{\"@type\":\"ImageObject\",\"inLanguage\":\"pl-PL\",\"@id\":\"https:\\\/\\\/msakademija.com\\\/#\\\/schema\\\/logo\\\/image\\\/\",\"url\":\"https:\\\/\\\/msakademija.com\\\/wp-content\\\/uploads\\\/2021\\\/05\\\/logo_juodas_HEADERMS.png\",\"contentUrl\":\"https:\\\/\\\/msakademija.com\\\/wp-content\\\/uploads\\\/2021\\\/05\\\/logo_juodas_HEADERMS.png\",\"width\":500,\"height\":210,\"caption\":\"MS akademija\"},\"image\":{\"@id\":\"https:\\\/\\\/msakademija.com\\\/#\\\/schema\\\/logo\\\/image\\\/\"},\"sameAs\":[\"https:\\\/\\\/www.facebook.com\\\/msakademijavilnius\\\/\",\"https:\\\/\\\/www.instagram.com\\\/msakademija\\\/\"]}]}<\/script>\n<!-- \/ Yoast SEO Premium plugin. -->","yoast_head_json":{"title":"Polityka prywatno\u015bci - MS Akademija","robots":{"index":"index","follow":"follow","max-snippet":"max-snippet:-1","max-image-preview":"max-image-preview:large","max-video-preview":"max-video-preview:-1"},"canonical":"https:\/\/msakademija.com\/pl\/polityka-prywatnosci-2\/","og_locale":"pl_PL","og_type":"article","og_title":"Privatumo politika","og_description":"BENDRA INFORMACIJA Marina Sivinskien\u0117 (toliau \u2013 Duomen\u0173 valdytojas) \u0161ia privatumo politika (toliau \u2013 Privatumo politika) nustato asmens duomen\u0173 tvarkymo s\u0105lygas naudojantis Duomen\u0173 valdytojo valdoma interneto svetaine. Privatumo politikos nustatytos s\u0105lygos taikomos kiekvien\u0105 kart\u0105 jums norint pasiekti m\u016bs\u0173 teikiam\u0105 turin\u012f ir\/ar paslaug\u0105, nepaisant to, kok\u012f \u012frengin\u012f (kompiuter\u012f, mobil\u0173j\u012f telefon\u0105, plan\u0161et\u0119, televizori\u0173 ar kt.) naudojate. Duomen\u0173 valdytojo [...]","og_url":"https:\/\/msakademija.com\/pl\/polityka-prywatnosci-2\/","og_site_name":"MS akademija","article_publisher":"https:\/\/www.facebook.com\/msakademijavilnius\/","article_modified_time":"2021-07-16T07:28:45+00:00","twitter_card":"summary_large_image","twitter_misc":{"Szacowany czas czytania":"9 minut"},"schema":{"@context":"https:\/\/schema.org","@graph":[{"@type":"WebPage","@id":"https:\/\/msakademija.com\/privatumo-politika-2\/","url":"https:\/\/msakademija.com\/privatumo-politika-2\/","name":"Polityka prywatno\u015bci - MS Akademija","isPartOf":{"@id":"https:\/\/msakademija.com\/#website"},"datePublished":"2021-07-16T07:28:44+00:00","dateModified":"2021-07-16T07:28:45+00:00","breadcrumb":{"@id":"https:\/\/msakademija.com\/privatumo-politika-2\/#breadcrumb"},"inLanguage":"pl-PL","potentialAction":[{"@type":"ReadAction","target":["https:\/\/msakademija.com\/privatumo-politika-2\/"]}]},{"@type":"BreadcrumbList","@id":"https:\/\/msakademija.com\/privatumo-politika-2\/#breadcrumb","itemListElement":[{"@type":"ListItem","position":1,"name":"Home","item":"https:\/\/msakademija.com\/"},{"@type":"ListItem","position":2,"name":"Privatumo politika"}]},{"@type":"WebSite","@id":"https:\/\/msakademija.com\/#website","url":"https:\/\/msakademija.com\/","name":"Akademia MS","description":"Akademia makija\u017cu i fryzur","publisher":{"@id":"https:\/\/msakademija.com\/#organization"},"potentialAction":[{"@type":"SearchAction","target":{"@type":"EntryPoint","urlTemplate":"https:\/\/msakademija.com\/?s={search_term_string}"},"query-input":{"@type":"PropertyValueSpecification","valueRequired":true,"valueName":"search_term_string"}}],"inLanguage":"pl-PL"},{"@type":"Organization","@id":"https:\/\/msakademija.com\/#organization","name":"Akademia MS","url":"https:\/\/msakademija.com\/","logo":{"@type":"ImageObject","inLanguage":"pl-PL","@id":"https:\/\/msakademija.com\/#\/schema\/logo\/image\/","url":"https:\/\/msakademija.com\/wp-content\/uploads\/2021\/05\/logo_juodas_HEADERMS.png","contentUrl":"https:\/\/msakademija.com\/wp-content\/uploads\/2021\/05\/logo_juodas_HEADERMS.png","width":500,"height":210,"caption":"MS akademija"},"image":{"@id":"https:\/\/msakademija.com\/#\/schema\/logo\/image\/"},"sameAs":["https:\/\/www.facebook.com\/msakademijavilnius\/","https:\/\/www.instagram.com\/msakademija\/"]}]}},"jetpack_sharing_enabled":true,"_links":{"self":[{"href":"https:\/\/msakademija.com\/pl\/wp-json\/wp\/v2\/pages\/7186","targetHints":{"allow":["GET"]}}],"collection":[{"href":"https:\/\/msakademija.com\/pl\/wp-json\/wp\/v2\/pages"}],"about":[{"href":"https:\/\/msakademija.com\/pl\/wp-json\/wp\/v2\/types\/page"}],"author":[{"embeddable":true,"href":"https:\/\/msakademija.com\/pl\/wp-json\/wp\/v2\/users\/1"}],"replies":[{"embeddable":true,"href":"https:\/\/msakademija.com\/pl\/wp-json\/wp\/v2\/comments?post=7186"}],"version-history":[{"count":0,"href":"https:\/\/msakademija.com\/pl\/wp-json\/wp\/v2\/pages\/7186\/revisions"}],"wp:attachment":[{"href":"https:\/\/msakademija.com\/pl\/wp-json\/wp\/v2\/media?parent=7186"}],"curies":[{"name":"wp","href":"https:\/\/api.w.org\/{rel}","templated":true}]}}