{"id":7789,"date":"2021-11-30T15:29:30","date_gmt":"2021-11-30T13:29:30","guid":{"rendered":"https:\/\/msakademija.com\/?page_id=7789"},"modified":"2021-11-30T15:32:41","modified_gmt":"2021-11-30T13:32:41","slug":"mobilioji-parduotuve","status":"publish","type":"page","link":"https:\/\/msakademija.com\/pl\/mobilioji-parduotuve\/","title":{"rendered":"Mobilioji parduotuv\u0117"},"content":{"rendered":"<div data-elementor-type=\"wp-page\" data-elementor-id=\"7789\" class=\"elementor elementor-7789\" data-elementor-post-type=\"page\">\n\t\t\t\t\t\t<section class=\"elementor-section elementor-top-section elementor-element elementor-element-e003140 elementor-section-boxed elementor-section-height-default elementor-section-height-default\" data-id=\"e003140\" data-element_type=\"section\" data-e-type=\"section\" data-settings=\"{&quot;ekit_has_onepagescroll_dot&quot;:&quot;yes&quot;}\">\n\t\t\t\t\t\t<div class=\"elementor-container elementor-column-gap-default\">\n\t\t\t\t\t<div class=\"elementor-column elementor-col-100 elementor-top-column elementor-element elementor-element-042c143\" data-id=\"042c143\" data-element_type=\"column\" data-e-type=\"column\">\n\t\t\t<div class=\"elementor-widget-wrap\">\n\t\t\t\t\t\t\t<\/div>\n\t\t<\/div>\n\t\t\t\t\t<\/div>\n\t\t<\/section>\n\t\t\t\t<\/div>","protected":false},"excerpt":{"rendered":"<p>Filtravimas KategorijosAkimsAntakiamsBaz\u0117sBir\u016bs aki\u0173 \u0161e\u0161\u0117liaiDirbtin\u0117s blakstienos ir klijaiHailaiterisKitos priemon\u0117sKreminiai aki\u0173 \u0161e\u0161\u0117liaiL\u016bpomsManeken\u0173 galvos \u0161ukuosenomsPie\u0161tukaiPlauk\u0173 prie\u017ei\u016bros ir formavimo priemon\u0117sPresuoti aki\u0173 \u0161e\u0161\u0117liaiPriemon\u0117s makia\u017eui\u0160epet\u0117liai makia\u017eui ir kiti \u012frankiai\u0160e\u0161\u0117li\u0173 palet\u0117sSkaistalai\u0160ukos ir \u0161epe\u010diaiTeptukai akimsTeptukai l\u016bpomsTeptukai makia\u017euiTeptukai veiduiVeidui TOO FACED&hellip; \u0160e\u0161\u0117li\u0173 palet\u0117s &euro;49.00 Out of stock YPATINGAI STIPRIAI&hellip; Baz\u0117s<\/p>","protected":false},"author":2,"featured_media":0,"parent":0,"menu_order":0,"comment_status":"closed","ping_status":"closed","template":"elementor_header_footer","meta":{"footnotes":""},"class_list":["post-7789","page","type-page","status-publish","hentry"],"yoast_head":"<!-- This site is optimized with the Yoast SEO Premium plugin v27.3 (Yoast SEO v27.4) - https:\/\/yoast.com\/product\/yoast-seo-premium-wordpress\/ -->\n<title>Mobilioji parduotuv\u0117 - MS akademija<\/title>\n<meta name=\"robots\" content=\"index, follow, max-snippet:-1, max-image-preview:large, max-video-preview:-1\" \/>\n<link rel=\"canonical\" href=\"https:\/\/msakademija.com\/pl\/mobilioji-parduotuve\/\" \/>\n<meta property=\"og:locale\" content=\"pl_PL\" \/>\n<meta property=\"og:type\" content=\"article\" \/>\n<meta property=\"og:title\" content=\"Mobilioji parduotuv\u0117\" \/>\n<meta property=\"og:description\" content=\"Filtravimas KategorijosAkimsAntakiamsBaz\u0117sBir\u016bs aki\u0173 \u0161e\u0161\u0117liaiDirbtin\u0117s blakstienos ir klijaiHailaiterisKitos priemon\u0117sKreminiai aki\u0173 \u0161e\u0161\u0117liaiL\u016bpomsManeken\u0173 galvos \u0161ukuosenomsPie\u0161tukaiPlauk\u0173 prie\u017ei\u016bros ir formavimo priemon\u0117sPresuoti aki\u0173 \u0161e\u0161\u0117liaiPriemon\u0117s makia\u017eui\u0160epet\u0117liai makia\u017eui ir kiti \u012frankiai\u0160e\u0161\u0117li\u0173 palet\u0117sSkaistalai\u0160ukos ir \u0161epe\u010diaiTeptukai akimsTeptukai l\u016bpomsTeptukai makia\u017euiTeptukai veiduiVeidui TOO FACED&hellip; \u0160e\u0161\u0117li\u0173 palet\u0117s &euro;49.00 Out of stock YPATINGAI STIPRIAI&hellip; Baz\u0117s\" \/>\n<meta property=\"og:url\" content=\"https:\/\/msakademija.com\/pl\/mobilioji-parduotuve\/\" \/>\n<meta property=\"og:site_name\" content=\"MS akademija\" \/>\n<meta property=\"article:publisher\" content=\"https:\/\/www.facebook.com\/msakademijavilnius\/\" \/>\n<meta property=\"article:modified_time\" content=\"2021-11-30T13:32:41+00:00\" \/>\n<meta property=\"og:image\" content=\"https:\/\/msakademija.com\/wp-content\/uploads\/2021\/10\/12434737-1894895730710295-247x296.webp\" \/>\n<meta name=\"twitter:card\" content=\"summary_large_image\" \/>\n<script type=\"application\/ld+json\" class=\"yoast-schema-graph\">{\"@context\":\"https:\\\/\\\/schema.org\",\"@graph\":[{\"@type\":\"WebPage\",\"@id\":\"https:\\\/\\\/msakademija.com\\\/mobilioji-parduotuve\\\/\",\"url\":\"https:\\\/\\\/msakademija.com\\\/mobilioji-parduotuve\\\/\",\"name\":\"Mobilioji parduotuv\u0117 - MS akademija\",\"isPartOf\":{\"@id\":\"https:\\\/\\\/msakademija.com\\\/#website\"},\"primaryImageOfPage\":{\"@id\":\"https:\\\/\\\/msakademija.com\\\/mobilioji-parduotuve\\\/#primaryimage\"},\"image\":{\"@id\":\"https:\\\/\\\/msakademija.com\\\/mobilioji-parduotuve\\\/#primaryimage\"},\"thumbnailUrl\":\"https:\\\/\\\/msakademija.com\\\/wp-content\\\/uploads\\\/2021\\\/10\\\/12434737-1894895730710295-247x296.webp\",\"datePublished\":\"2021-11-30T13:29:30+00:00\",\"dateModified\":\"2021-11-30T13:32:41+00:00\",\"breadcrumb\":{\"@id\":\"https:\\\/\\\/msakademija.com\\\/mobilioji-parduotuve\\\/#breadcrumb\"},\"inLanguage\":\"pl-PL\",\"potentialAction\":[{\"@type\":\"ReadAction\",\"target\":[\"https:\\\/\\\/msakademija.com\\\/mobilioji-parduotuve\\\/\"]}]},{\"@type\":\"ImageObject\",\"inLanguage\":\"pl-PL\",\"@id\":\"https:\\\/\\\/msakademija.com\\\/mobilioji-parduotuve\\\/#primaryimage\",\"url\":\"https:\\\/\\\/msakademija.com\\\/wp-content\\\/uploads\\\/2021\\\/10\\\/12434737-1894895730710295-247x296.webp\",\"contentUrl\":\"https:\\\/\\\/msakademija.com\\\/wp-content\\\/uploads\\\/2021\\\/10\\\/12434737-1894895730710295-247x296.webp\"},{\"@type\":\"BreadcrumbList\",\"@id\":\"https:\\\/\\\/msakademija.com\\\/mobilioji-parduotuve\\\/#breadcrumb\",\"itemListElement\":[{\"@type\":\"ListItem\",\"position\":1,\"name\":\"Home\",\"item\":\"https:\\\/\\\/msakademija.com\\\/\"},{\"@type\":\"ListItem\",\"position\":2,\"name\":\"Mobilioji parduotuv\u0117\"}]},{\"@type\":\"WebSite\",\"@id\":\"https:\\\/\\\/msakademija.com\\\/#website\",\"url\":\"https:\\\/\\\/msakademija.com\\\/\",\"name\":\"MS akademija\",\"description\":\"Makia\u017eo ir \u0161ukuosenos akademija\",\"publisher\":{\"@id\":\"https:\\\/\\\/msakademija.com\\\/#organization\"},\"potentialAction\":[{\"@type\":\"SearchAction\",\"target\":{\"@type\":\"EntryPoint\",\"urlTemplate\":\"https:\\\/\\\/msakademija.com\\\/?s={search_term_string}\"},\"query-input\":{\"@type\":\"PropertyValueSpecification\",\"valueRequired\":true,\"valueName\":\"search_term_string\"}}],\"inLanguage\":\"pl-PL\"},{\"@type\":\"Organization\",\"@id\":\"https:\\\/\\\/msakademija.com\\\/#organization\",\"name\":\"MS akademija\",\"url\":\"https:\\\/\\\/msakademija.com\\\/\",\"logo\":{\"@type\":\"ImageObject\",\"inLanguage\":\"pl-PL\",\"@id\":\"https:\\\/\\\/msakademija.com\\\/#\\\/schema\\\/logo\\\/image\\\/\",\"url\":\"https:\\\/\\\/msakademija.com\\\/wp-content\\\/uploads\\\/2021\\\/05\\\/logo_juodas_HEADERMS.png\",\"contentUrl\":\"https:\\\/\\\/msakademija.com\\\/wp-content\\\/uploads\\\/2021\\\/05\\\/logo_juodas_HEADERMS.png\",\"width\":500,\"height\":210,\"caption\":\"MS akademija\"},\"image\":{\"@id\":\"https:\\\/\\\/msakademija.com\\\/#\\\/schema\\\/logo\\\/image\\\/\"},\"sameAs\":[\"https:\\\/\\\/www.facebook.com\\\/msakademijavilnius\\\/\",\"https:\\\/\\\/www.instagram.com\\\/msakademija\\\/\"]}]}<\/script>\n<!-- \/ Yoast SEO Premium plugin. -->","yoast_head_json":{"title":"Mobilioji parduotuv\u0117 - MS akademija","robots":{"index":"index","follow":"follow","max-snippet":"max-snippet:-1","max-image-preview":"max-image-preview:large","max-video-preview":"max-video-preview:-1"},"canonical":"https:\/\/msakademija.com\/pl\/mobilioji-parduotuve\/","og_locale":"pl_PL","og_type":"article","og_title":"Mobilioji parduotuv\u0117","og_description":"Filtravimas KategorijosAkimsAntakiamsBaz\u0117sBir\u016bs aki\u0173 \u0161e\u0161\u0117liaiDirbtin\u0117s blakstienos ir klijaiHailaiterisKitos priemon\u0117sKreminiai aki\u0173 \u0161e\u0161\u0117liaiL\u016bpomsManeken\u0173 galvos \u0161ukuosenomsPie\u0161tukaiPlauk\u0173 prie\u017ei\u016bros ir formavimo priemon\u0117sPresuoti aki\u0173 \u0161e\u0161\u0117liaiPriemon\u0117s makia\u017eui\u0160epet\u0117liai makia\u017eui ir kiti \u012frankiai\u0160e\u0161\u0117li\u0173 palet\u0117sSkaistalai\u0160ukos ir \u0161epe\u010diaiTeptukai akimsTeptukai l\u016bpomsTeptukai makia\u017euiTeptukai veiduiVeidui TOO FACED&hellip; \u0160e\u0161\u0117li\u0173 palet\u0117s &euro;49.00 Out of stock YPATINGAI STIPRIAI&hellip; Baz\u0117s","og_url":"https:\/\/msakademija.com\/pl\/mobilioji-parduotuve\/","og_site_name":"MS akademija","article_publisher":"https:\/\/www.facebook.com\/msakademijavilnius\/","article_modified_time":"2021-11-30T13:32:41+00:00","og_image":[{"url":"https:\/\/msakademija.com\/wp-content\/uploads\/2021\/10\/12434737-1894895730710295-247x296.webp","type":"","width":"","height":""}],"twitter_card":"summary_large_image","schema":{"@context":"https:\/\/schema.org","@graph":[{"@type":"WebPage","@id":"https:\/\/msakademija.com\/mobilioji-parduotuve\/","url":"https:\/\/msakademija.com\/mobilioji-parduotuve\/","name":"Mobilioji parduotuv\u0117 - MS akademija","isPartOf":{"@id":"https:\/\/msakademija.com\/#website"},"primaryImageOfPage":{"@id":"https:\/\/msakademija.com\/mobilioji-parduotuve\/#primaryimage"},"image":{"@id":"https:\/\/msakademija.com\/mobilioji-parduotuve\/#primaryimage"},"thumbnailUrl":"https:\/\/msakademija.com\/wp-content\/uploads\/2021\/10\/12434737-1894895730710295-247x296.webp","datePublished":"2021-11-30T13:29:30+00:00","dateModified":"2021-11-30T13:32:41+00:00","breadcrumb":{"@id":"https:\/\/msakademija.com\/mobilioji-parduotuve\/#breadcrumb"},"inLanguage":"pl-PL","potentialAction":[{"@type":"ReadAction","target":["https:\/\/msakademija.com\/mobilioji-parduotuve\/"]}]},{"@type":"ImageObject","inLanguage":"pl-PL","@id":"https:\/\/msakademija.com\/mobilioji-parduotuve\/#primaryimage","url":"https:\/\/msakademija.com\/wp-content\/uploads\/2021\/10\/12434737-1894895730710295-247x296.webp","contentUrl":"https:\/\/msakademija.com\/wp-content\/uploads\/2021\/10\/12434737-1894895730710295-247x296.webp"},{"@type":"BreadcrumbList","@id":"https:\/\/msakademija.com\/mobilioji-parduotuve\/#breadcrumb","itemListElement":[{"@type":"ListItem","position":1,"name":"Home","item":"https:\/\/msakademija.com\/"},{"@type":"ListItem","position":2,"name":"Mobilioji parduotuv\u0117"}]},{"@type":"WebSite","@id":"https:\/\/msakademija.com\/#website","url":"https:\/\/msakademija.com\/","name":"Akademia MS","description":"Akademia makija\u017cu i fryzur","publisher":{"@id":"https:\/\/msakademija.com\/#organization"},"potentialAction":[{"@type":"SearchAction","target":{"@type":"EntryPoint","urlTemplate":"https:\/\/msakademija.com\/?s={search_term_string}"},"query-input":{"@type":"PropertyValueSpecification","valueRequired":true,"valueName":"search_term_string"}}],"inLanguage":"pl-PL"},{"@type":"Organization","@id":"https:\/\/msakademija.com\/#organization","name":"Akademia MS","url":"https:\/\/msakademija.com\/","logo":{"@type":"ImageObject","inLanguage":"pl-PL","@id":"https:\/\/msakademija.com\/#\/schema\/logo\/image\/","url":"https:\/\/msakademija.com\/wp-content\/uploads\/2021\/05\/logo_juodas_HEADERMS.png","contentUrl":"https:\/\/msakademija.com\/wp-content\/uploads\/2021\/05\/logo_juodas_HEADERMS.png","width":500,"height":210,"caption":"MS akademija"},"image":{"@id":"https:\/\/msakademija.com\/#\/schema\/logo\/image\/"},"sameAs":["https:\/\/www.facebook.com\/msakademijavilnius\/","https:\/\/www.instagram.com\/msakademija\/"]}]}},"jetpack_sharing_enabled":true,"_links":{"self":[{"href":"https:\/\/msakademija.com\/pl\/wp-json\/wp\/v2\/pages\/7789","targetHints":{"allow":["GET"]}}],"collection":[{"href":"https:\/\/msakademija.com\/pl\/wp-json\/wp\/v2\/pages"}],"about":[{"href":"https:\/\/msakademija.com\/pl\/wp-json\/wp\/v2\/types\/page"}],"author":[{"embeddable":true,"href":"https:\/\/msakademija.com\/pl\/wp-json\/wp\/v2\/users\/2"}],"replies":[{"embeddable":true,"href":"https:\/\/msakademija.com\/pl\/wp-json\/wp\/v2\/comments?post=7789"}],"version-history":[{"count":0,"href":"https:\/\/msakademija.com\/pl\/wp-json\/wp\/v2\/pages\/7789\/revisions"}],"wp:attachment":[{"href":"https:\/\/msakademija.com\/pl\/wp-json\/wp\/v2\/media?parent=7789"}],"curies":[{"name":"wp","href":"https:\/\/api.w.org\/{rel}","templated":true}]}}