{"id":8775,"date":"2023-02-17T01:36:35","date_gmt":"2023-02-16T23:36:35","guid":{"rendered":"https:\/\/msakademija.com\/?page_id=8775"},"modified":"2023-02-18T15:34:15","modified_gmt":"2023-02-18T13:34:15","slug":"indywidualne-kursy-strzyzenia","status":"publish","type":"page","link":"https:\/\/msakademija.com\/pl\/individualus-sukuosenu-kursai\/","title":{"rendered":"Indywidualne kursy stylizacji w\u0142os\u00f3w"},"content":{"rendered":"<div data-elementor-type=\"wp-page\" data-elementor-id=\"8775\" class=\"elementor elementor-8775\" data-elementor-post-type=\"page\">\n\t\t\t\t\t\t<section class=\"elementor-section elementor-top-section elementor-element elementor-element-2517384 elementor-section-boxed elementor-section-height-default elementor-section-height-default\" data-id=\"2517384\" data-element_type=\"section\" data-e-type=\"section\" data-settings=\"{&quot;background_background&quot;:&quot;classic&quot;,&quot;ekit_has_onepagescroll_dot&quot;:&quot;yes&quot;}\">\n\t\t\t\t\t\t<div class=\"elementor-container elementor-column-gap-default\">\n\t\t\t\t\t<div class=\"elementor-column elementor-col-100 elementor-top-column elementor-element elementor-element-a511554\" data-id=\"a511554\" data-element_type=\"column\" data-e-type=\"column\">\n\t\t\t<div class=\"elementor-widget-wrap elementor-element-populated\">\n\t\t\t\t\t\t<div class=\"elementor-element elementor-element-6f45f51 elementor-widget elementor-widget-spacer\" data-id=\"6f45f51\" data-element_type=\"widget\" data-e-type=\"widget\" data-settings=\"{&quot;ekit_we_effect_on&quot;:&quot;none&quot;}\" data-widget_type=\"spacer.default\">\n\t\t\t\t<div class=\"elementor-widget-container\">\n\t\t\t\t\t\t\t<div class=\"elementor-spacer\">\n\t\t\t<div class=\"elementor-spacer-inner\"><\/div>\n\t\t<\/div>\n\t\t\t\t\t\t<\/div>\n\t\t\t\t<\/div>\n\t\t\t\t<div class=\"elementor-element elementor-element-9b88df6 elementor-widget elementor-widget-heading\" data-id=\"9b88df6\" data-element_type=\"widget\" data-e-type=\"widget\" data-settings=\"{&quot;ekit_we_effect_on&quot;:&quot;none&quot;}\" data-widget_type=\"heading.default\">\n\t\t\t\t<div class=\"elementor-widget-container\">\n\t\t\t\t\t<h2 class=\"elementor-heading-title elementor-size-default\">Informacje w przygotowaniu<\/h2>\t\t\t\t<\/div>\n\t\t\t\t<\/div>\n\t\t\t\t\t<\/div>\n\t\t<\/div>\n\t\t\t\t\t<\/div>\n\t\t<\/section>\n\t\t\t\t<section class=\"elementor-section elementor-top-section elementor-element elementor-element-f68a09a elementor-section-full_width elementor-section-height-default elementor-section-height-default\" data-id=\"f68a09a\" data-element_type=\"section\" data-e-type=\"section\" data-settings=\"{&quot;background_background&quot;:&quot;classic&quot;,&quot;ekit_has_onepagescroll_dot&quot;:&quot;yes&quot;}\">\n\t\t\t\t\t\t<div class=\"elementor-container elementor-column-gap-default\">\n\t\t\t\t\t<div class=\"elementor-column elementor-col-100 elementor-top-column elementor-element elementor-element-2b2bea38\" data-id=\"2b2bea38\" data-element_type=\"column\" data-e-type=\"column\">\n\t\t\t<div class=\"elementor-widget-wrap elementor-element-populated\">\n\t\t\t\t\t\t<div class=\"elementor-element elementor-element-2799c345 elementor-widget elementor-widget-heading\" data-id=\"2799c345\" data-element_type=\"widget\" data-e-type=\"widget\" data-settings=\"{&quot;ekit_we_effect_on&quot;:&quot;none&quot;}\" data-widget_type=\"heading.default\">\n\t\t\t\t<div class=\"elementor-widget-container\">\n\t\t\t\t\t<h4 class=\"elementor-heading-title elementor-size-default\">Indywidualne kursy stylizacji w\u0142os\u00f3w<\/h4>\t\t\t\t<\/div>\n\t\t\t\t<\/div>\n\t\t\t\t<section class=\"elementor-section elementor-inner-section elementor-element elementor-element-75898818 elementor-section-boxed elementor-section-height-default elementor-section-height-default\" data-id=\"75898818\" data-element_type=\"section\" data-e-type=\"section\" data-settings=\"{&quot;ekit_has_onepagescroll_dot&quot;:&quot;yes&quot;}\">\n\t\t\t\t\t\t<div class=\"elementor-container elementor-column-gap-default\">\n\t\t\t\t\t<div class=\"elementor-column elementor-col-50 elementor-inner-column elementor-element elementor-element-68582876\" data-id=\"68582876\" data-element_type=\"column\" data-e-type=\"column\">\n\t\t\t<div class=\"elementor-widget-wrap elementor-element-populated\">\n\t\t\t\t\t\t<div class=\"elementor-element elementor-element-6030d0d elementor-widget elementor-widget-text-editor\" data-id=\"6030d0d\" data-element_type=\"widget\" data-e-type=\"widget\" data-settings=\"{&quot;ekit_we_effect_on&quot;:&quot;none&quot;}\" data-widget_type=\"text-editor.default\">\n\t\t\t\t<div class=\"elementor-widget-container\">\n\t\t\t\t\t\t\t\t\t<p>Indywidualne kursy fryzjerskie to \u015bwietny spos\u00f3b na zdobycie i doskonalenie umiej\u0119tno\u015bci fryzjerskich. Wiele os\u00f3b stara si\u0119 poszerzy\u0107 swoj\u0105 wiedz\u0119 i umiej\u0119tno\u015bci w zakresie profesjonalnego fryzjerstwa, poniewa\u017c zapotrzebowanie na tych profesjonalist\u00f3w ro\u015bnie. Kursy fryzjerskie s\u0105 przeznaczone dla student\u00f3w na wszystkich poziomach umiej\u0119tno\u015bci, od zupe\u0142nie pocz\u0105tkuj\u0105cych po do\u015bwiadczonych profesjonalist\u00f3w. Kursy te s\u0105 fantastycznym wyborem dla tych, kt\u00f3rzy chc\u0105 uczy\u0107 si\u0119 we w\u0142asnym tempie i we w\u0142asnym czasie, poniewa\u017c mog\u0105 by\u0107 dostosowane do unikalnych wymaga\u0144 i zainteresowa\u0144 danej osoby.<\/p><p>Indywidualna uwaga, jak\u0105 studenci otrzymuj\u0105 na prywatnych kursach fryzjerskich, jest jedn\u0105 z ich g\u0142\u00f3wnych zalet. Na prywatnym kursie ucze\u0144 i wyk\u0142adowca mog\u0105 wchodzi\u0107 w interakcje jeden na jeden, w przeciwie\u0144stwie do zaj\u0119\u0107 grupowych, w kt\u00f3rych wyk\u0142adowca musi dzieli\u0107 sw\u00f3j czas i uwag\u0119 mi\u0119dzy kilku uczni\u00f3w. Oznacza to, \u017ce wyk\u0142adowca mo\u017ce wzi\u0105\u0107 pod uwag\u0119 potrzeby ka\u017cdego ucznia i pom\u00f3c mu przezwyci\u0119\u017cy\u0107 wszelkie przeszkody, z jakimi mo\u017ce si\u0119 spotka\u0107.<\/p>\t\t\t\t\t\t\t\t<\/div>\n\t\t\t\t<\/div>\n\t\t\t\t\t<\/div>\n\t\t<\/div>\n\t\t\t\t<div class=\"elementor-column elementor-col-50 elementor-inner-column elementor-element elementor-element-3c799622\" data-id=\"3c799622\" data-element_type=\"column\" data-e-type=\"column\">\n\t\t\t<div class=\"elementor-widget-wrap elementor-element-populated\">\n\t\t\t\t\t\t\t<\/div>\n\t\t<\/div>\n\t\t\t\t\t<\/div>\n\t\t<\/section>\n\t\t\t\t\t<\/div>\n\t\t<\/div>\n\t\t\t\t\t<\/div>\n\t\t<\/section>\n\t\t\t\t<\/div>","protected":false},"excerpt":{"rendered":"<p>Informacija ruo\u0161iama Individual\u016bs \u0161ukuosen\u0173 kursai Individual\u016bs \u0161ukuosen\u0173 kursai yra puikus b\u016bdas \u017emon\u0117ms \u012fgyti ir tobulinti savo \u0161ukuosen\u0173 k\u016brimo \u012fg\u016bd\u017eius. Daugelis \u017emoni\u0173 bando tobulinti savo \u017einias ir \u012fg\u016bd\u017eius profesionalaus kirpimo srityje, nes \u0161i\u0173 specialist\u0173 poreikis vis did\u0117ja. \u0160ukuosen\u0173 kursai yra skirti \u012fvairi\u0173 \u012fg\u016bd\u017ei\u0173 ir lygi\u0173 mokiniams &#8211; nuo visi\u0161kai pradedan\u010di\u0173j\u0173 iki patyrusi\u0173 profesional\u0173. \u0160ie kursai yra [&#8230;]\n","protected":false},"author":1,"featured_media":0,"parent":0,"menu_order":0,"comment_status":"closed","ping_status":"closed","template":"elementor_header_footer","meta":{"footnotes":""},"class_list":["post-8775","page","type-page","status-publish","hentry"],"yoast_head":"<!-- This site is optimized with the Yoast SEO Premium plugin v27.5 (Yoast SEO v27.5) - https:\/\/yoast.com\/product\/yoast-seo-premium-wordpress\/ -->\n<title>Individual\u016bs \u0161ukuosen\u0173 kursai - MS akademija<\/title>\n<meta name=\"robots\" content=\"index, follow, max-snippet:-1, max-image-preview:large, max-video-preview:-1\" \/>\n<link rel=\"canonical\" href=\"https:\/\/msakademija.com\/pl\/indywidualne-kursy-strzyzenia\/\" \/>\n<meta property=\"og:locale\" content=\"pl_PL\" \/>\n<meta property=\"og:type\" content=\"article\" \/>\n<meta property=\"og:title\" content=\"Individual\u016bs \u0161ukuosen\u0173 kursai\" \/>\n<meta property=\"og:description\" content=\"Informacija ruo\u0161iama Individual\u016bs \u0161ukuosen\u0173 kursai Individual\u016bs \u0161ukuosen\u0173 kursai yra puikus b\u016bdas \u017emon\u0117ms \u012fgyti ir tobulinti savo \u0161ukuosen\u0173 k\u016brimo \u012fg\u016bd\u017eius. Daugelis \u017emoni\u0173 bando tobulinti savo \u017einias ir \u012fg\u016bd\u017eius profesionalaus kirpimo srityje, nes \u0161i\u0173 specialist\u0173 poreikis vis did\u0117ja. \u0160ukuosen\u0173 kursai yra skirti \u012fvairi\u0173 \u012fg\u016bd\u017ei\u0173 ir lygi\u0173 mokiniams &#8211; nuo visi\u0161kai pradedan\u010di\u0173j\u0173 iki patyrusi\u0173 profesional\u0173. \u0160ie kursai yra [...]\" \/>\n<meta property=\"og:url\" content=\"https:\/\/msakademija.com\/pl\/indywidualne-kursy-strzyzenia\/\" \/>\n<meta property=\"og:site_name\" content=\"MS akademija\" \/>\n<meta property=\"article:publisher\" content=\"https:\/\/www.facebook.com\/msakademijavilnius\/\" \/>\n<meta property=\"article:modified_time\" content=\"2023-02-18T13:34:15+00:00\" \/>\n<meta property=\"og:image\" content=\"https:\/\/msakademija.com\/wp-content\/uploads\/2022\/07\/292321531_561530452129792_245558757488060024_n.jpg\" \/>\n<meta name=\"twitter:card\" content=\"summary_large_image\" \/>\n<meta name=\"twitter:label1\" content=\"Szacowany czas czytania\" \/>\n\t<meta name=\"twitter:data1\" content=\"1 minuta\" \/>\n<script type=\"application\/ld+json\" class=\"yoast-schema-graph\">{\"@context\":\"https:\\\/\\\/schema.org\",\"@graph\":[{\"@type\":\"WebPage\",\"@id\":\"https:\\\/\\\/msakademija.com\\\/individualus-sukuosenu-kursai\\\/\",\"url\":\"https:\\\/\\\/msakademija.com\\\/individualus-sukuosenu-kursai\\\/\",\"name\":\"Individual\u016bs \u0161ukuosen\u0173 kursai - MS akademija\",\"isPartOf\":{\"@id\":\"https:\\\/\\\/msakademija.com\\\/#website\"},\"primaryImageOfPage\":{\"@id\":\"https:\\\/\\\/msakademija.com\\\/individualus-sukuosenu-kursai\\\/#primaryimage\"},\"image\":{\"@id\":\"https:\\\/\\\/msakademija.com\\\/individualus-sukuosenu-kursai\\\/#primaryimage\"},\"thumbnailUrl\":\"https:\\\/\\\/msakademija.com\\\/wp-content\\\/uploads\\\/2022\\\/07\\\/292321531_561530452129792_245558757488060024_n.jpg\",\"datePublished\":\"2023-02-16T23:36:35+00:00\",\"dateModified\":\"2023-02-18T13:34:15+00:00\",\"breadcrumb\":{\"@id\":\"https:\\\/\\\/msakademija.com\\\/individualus-sukuosenu-kursai\\\/#breadcrumb\"},\"inLanguage\":\"pl-PL\",\"potentialAction\":[{\"@type\":\"ReadAction\",\"target\":[\"https:\\\/\\\/msakademija.com\\\/individualus-sukuosenu-kursai\\\/\"]}]},{\"@type\":\"ImageObject\",\"inLanguage\":\"pl-PL\",\"@id\":\"https:\\\/\\\/msakademija.com\\\/individualus-sukuosenu-kursai\\\/#primaryimage\",\"url\":\"https:\\\/\\\/msakademija.com\\\/wp-content\\\/uploads\\\/2022\\\/07\\\/292321531_561530452129792_245558757488060024_n.jpg\",\"contentUrl\":\"https:\\\/\\\/msakademija.com\\\/wp-content\\\/uploads\\\/2022\\\/07\\\/292321531_561530452129792_245558757488060024_n.jpg\"},{\"@type\":\"BreadcrumbList\",\"@id\":\"https:\\\/\\\/msakademija.com\\\/individualus-sukuosenu-kursai\\\/#breadcrumb\",\"itemListElement\":[{\"@type\":\"ListItem\",\"position\":1,\"name\":\"Home\",\"item\":\"https:\\\/\\\/msakademija.com\\\/\"},{\"@type\":\"ListItem\",\"position\":2,\"name\":\"Individual\u016bs \u0161ukuosen\u0173 kursai\"}]},{\"@type\":\"WebSite\",\"@id\":\"https:\\\/\\\/msakademija.com\\\/#website\",\"url\":\"https:\\\/\\\/msakademija.com\\\/\",\"name\":\"MS akademija\",\"description\":\"Makia\u017eo ir \u0161ukuosenos akademija\",\"publisher\":{\"@id\":\"https:\\\/\\\/msakademija.com\\\/#organization\"},\"potentialAction\":[{\"@type\":\"SearchAction\",\"target\":{\"@type\":\"EntryPoint\",\"urlTemplate\":\"https:\\\/\\\/msakademija.com\\\/?s={search_term_string}\"},\"query-input\":{\"@type\":\"PropertyValueSpecification\",\"valueRequired\":true,\"valueName\":\"search_term_string\"}}],\"inLanguage\":\"pl-PL\"},{\"@type\":\"Organization\",\"@id\":\"https:\\\/\\\/msakademija.com\\\/#organization\",\"name\":\"MS akademija\",\"url\":\"https:\\\/\\\/msakademija.com\\\/\",\"logo\":{\"@type\":\"ImageObject\",\"inLanguage\":\"pl-PL\",\"@id\":\"https:\\\/\\\/msakademija.com\\\/#\\\/schema\\\/logo\\\/image\\\/\",\"url\":\"https:\\\/\\\/msakademija.com\\\/wp-content\\\/uploads\\\/2021\\\/05\\\/logo_juodas_HEADERMS.png\",\"contentUrl\":\"https:\\\/\\\/msakademija.com\\\/wp-content\\\/uploads\\\/2021\\\/05\\\/logo_juodas_HEADERMS.png\",\"width\":500,\"height\":210,\"caption\":\"MS akademija\"},\"image\":{\"@id\":\"https:\\\/\\\/msakademija.com\\\/#\\\/schema\\\/logo\\\/image\\\/\"},\"sameAs\":[\"https:\\\/\\\/www.facebook.com\\\/msakademijavilnius\\\/\",\"https:\\\/\\\/www.instagram.com\\\/msakademija\\\/\"]}]}<\/script>\n<!-- \/ Yoast SEO Premium plugin. -->","yoast_head_json":{"title":"Indywidualne kursy stylizacji w\u0142os\u00f3w - MS akademija","robots":{"index":"index","follow":"follow","max-snippet":"max-snippet:-1","max-image-preview":"max-image-preview:large","max-video-preview":"max-video-preview:-1"},"canonical":"https:\/\/msakademija.com\/pl\/indywidualne-kursy-strzyzenia\/","og_locale":"pl_PL","og_type":"article","og_title":"Individual\u016bs \u0161ukuosen\u0173 kursai","og_description":"Informacija ruo\u0161iama Individual\u016bs \u0161ukuosen\u0173 kursai Individual\u016bs \u0161ukuosen\u0173 kursai yra puikus b\u016bdas \u017emon\u0117ms \u012fgyti ir tobulinti savo \u0161ukuosen\u0173 k\u016brimo \u012fg\u016bd\u017eius. Daugelis \u017emoni\u0173 bando tobulinti savo \u017einias ir \u012fg\u016bd\u017eius profesionalaus kirpimo srityje, nes \u0161i\u0173 specialist\u0173 poreikis vis did\u0117ja. \u0160ukuosen\u0173 kursai yra skirti \u012fvairi\u0173 \u012fg\u016bd\u017ei\u0173 ir lygi\u0173 mokiniams &#8211; nuo visi\u0161kai pradedan\u010di\u0173j\u0173 iki patyrusi\u0173 profesional\u0173. \u0160ie kursai yra [...]","og_url":"https:\/\/msakademija.com\/pl\/indywidualne-kursy-strzyzenia\/","og_site_name":"MS akademija","article_publisher":"https:\/\/www.facebook.com\/msakademijavilnius\/","article_modified_time":"2023-02-18T13:34:15+00:00","og_image":[{"url":"https:\/\/msakademija.com\/wp-content\/uploads\/2022\/07\/292321531_561530452129792_245558757488060024_n.jpg","type":"","width":"","height":""}],"twitter_card":"summary_large_image","twitter_misc":{"Szacowany czas czytania":"1 minuta"},"schema":{"@context":"https:\/\/schema.org","@graph":[{"@type":"WebPage","@id":"https:\/\/msakademija.com\/individualus-sukuosenu-kursai\/","url":"https:\/\/msakademija.com\/individualus-sukuosenu-kursai\/","name":"Indywidualne kursy stylizacji w\u0142os\u00f3w - MS akademija","isPartOf":{"@id":"https:\/\/msakademija.com\/#website"},"primaryImageOfPage":{"@id":"https:\/\/msakademija.com\/individualus-sukuosenu-kursai\/#primaryimage"},"image":{"@id":"https:\/\/msakademija.com\/individualus-sukuosenu-kursai\/#primaryimage"},"thumbnailUrl":"https:\/\/msakademija.com\/wp-content\/uploads\/2022\/07\/292321531_561530452129792_245558757488060024_n.jpg","datePublished":"2023-02-16T23:36:35+00:00","dateModified":"2023-02-18T13:34:15+00:00","breadcrumb":{"@id":"https:\/\/msakademija.com\/individualus-sukuosenu-kursai\/#breadcrumb"},"inLanguage":"pl-PL","potentialAction":[{"@type":"ReadAction","target":["https:\/\/msakademija.com\/individualus-sukuosenu-kursai\/"]}]},{"@type":"ImageObject","inLanguage":"pl-PL","@id":"https:\/\/msakademija.com\/individualus-sukuosenu-kursai\/#primaryimage","url":"https:\/\/msakademija.com\/wp-content\/uploads\/2022\/07\/292321531_561530452129792_245558757488060024_n.jpg","contentUrl":"https:\/\/msakademija.com\/wp-content\/uploads\/2022\/07\/292321531_561530452129792_245558757488060024_n.jpg"},{"@type":"BreadcrumbList","@id":"https:\/\/msakademija.com\/individualus-sukuosenu-kursai\/#breadcrumb","itemListElement":[{"@type":"ListItem","position":1,"name":"Home","item":"https:\/\/msakademija.com\/"},{"@type":"ListItem","position":2,"name":"Individual\u016bs \u0161ukuosen\u0173 kursai"}]},{"@type":"WebSite","@id":"https:\/\/msakademija.com\/#website","url":"https:\/\/msakademija.com\/","name":"Akademia MS","description":"Akademia makija\u017cu i fryzur","publisher":{"@id":"https:\/\/msakademija.com\/#organization"},"potentialAction":[{"@type":"SearchAction","target":{"@type":"EntryPoint","urlTemplate":"https:\/\/msakademija.com\/?s={search_term_string}"},"query-input":{"@type":"PropertyValueSpecification","valueRequired":true,"valueName":"search_term_string"}}],"inLanguage":"pl-PL"},{"@type":"Organization","@id":"https:\/\/msakademija.com\/#organization","name":"Akademia MS","url":"https:\/\/msakademija.com\/","logo":{"@type":"ImageObject","inLanguage":"pl-PL","@id":"https:\/\/msakademija.com\/#\/schema\/logo\/image\/","url":"https:\/\/msakademija.com\/wp-content\/uploads\/2021\/05\/logo_juodas_HEADERMS.png","contentUrl":"https:\/\/msakademija.com\/wp-content\/uploads\/2021\/05\/logo_juodas_HEADERMS.png","width":500,"height":210,"caption":"MS akademija"},"image":{"@id":"https:\/\/msakademija.com\/#\/schema\/logo\/image\/"},"sameAs":["https:\/\/www.facebook.com\/msakademijavilnius\/","https:\/\/www.instagram.com\/msakademija\/"]}]}},"jetpack_sharing_enabled":true,"_links":{"self":[{"href":"https:\/\/msakademija.com\/pl\/wp-json\/wp\/v2\/pages\/8775","targetHints":{"allow":["GET"]}}],"collection":[{"href":"https:\/\/msakademija.com\/pl\/wp-json\/wp\/v2\/pages"}],"about":[{"href":"https:\/\/msakademija.com\/pl\/wp-json\/wp\/v2\/types\/page"}],"author":[{"embeddable":true,"href":"https:\/\/msakademija.com\/pl\/wp-json\/wp\/v2\/users\/1"}],"replies":[{"embeddable":true,"href":"https:\/\/msakademija.com\/pl\/wp-json\/wp\/v2\/comments?post=8775"}],"version-history":[{"count":0,"href":"https:\/\/msakademija.com\/pl\/wp-json\/wp\/v2\/pages\/8775\/revisions"}],"wp:attachment":[{"href":"https:\/\/msakademija.com\/pl\/wp-json\/wp\/v2\/media?parent=8775"}],"curies":[{"name":"wp","href":"https:\/\/api.w.org\/{rel}","templated":true}]}}