{"id":17,"date":"2021-05-04T13:35:15","date_gmt":"2021-05-04T13:35:15","guid":{"rendered":"https:\/\/msakademija.com\/?page_id=17"},"modified":"2021-05-04T13:35:50","modified_gmt":"2021-05-04T13:35:50","slug":"comingsoon","status":"publish","type":"page","link":"https:\/\/msakademija.com\/ru\/comingsoon\/","title":{"rendered":"Jau greitai"},"content":{"rendered":"<div id=\"sp-page\" class=\"spBgcover sp-content-4\" style=\"background-color: rgb(255, 255, 255); font-family: Poppins, sans-serif; font-weight: 400;\">\n<section id=\"sp-p3wv2o\" class=\"sp-el-section \" style=\"width: 100%; max-width: 100%; padding: 10px;\">\n<div id=\"sp-ge0zyn\" class=\"sp-el-row sm:sp-flex sp-justify-between sp-w-full  sp-m-auto\" style=\"padding: 0px; width: auto; max-width: 1000px;\">\n<div id=\"sp-zna0o2\" class=\"sp-el-col sp-p-4  sp-w-full\" style=\"width: calc(50% + 0px); padding: 10px;\">\n<div id=\"sp-tyigxd\" class=\"sp-spacer\" style=\"height: 34px;\"><\/div>\n<h1 id=\"sp-yjn7p2\" class=\"sp-css-target\" style=\"font-size: 57px; text-align: left; padding: 10px; margin-top: 0px;\">Jau greitai!<br \/>M\u016bs\u0173 startas<br \/>Jau netrukus.<\/h1>\n<div id=\"sp-hjtga9\" class=\"sp-css-target sp-text-wrapper\" style=\"padding: 10px; margin-top: 0px; text-align: left;\">\n<p>Palikite savo el. pa\u0161t\u0105 ir apie atidarym\u0105 su\u017einokite pirmieji, bei gaukite speciali\u0105 nuolaid\u0105!<\/p>\n<\/div>\n<div id=\"sp-o1kks2\" class=\"sp-optin-wrapper\" style=\"font-size: 22px; padding: 10px; margin-top: 0px; text-align: center;\">\n<form id=\"sp-optin-form-o1kks2\" class=\"sp-w-full sp-flex sp-flex-wrap\" style=\"justify-content: center;\"><input type=\"hidden\" name=\"page_id\" value=\"17\"><input type=\"hidden\" name=\"page_uuid\" value=\"92a3b8e1-6fe9-4ee0-a37f-5ea86c6d024a\"><input type=\"hidden\" name=\"site_token\" value=\"49cbf1e2-5200-4111-8945-58cc3eb2081a\"><input type=\"hidden\" name=\"user_id\" value=\"[object Object]\"><input type=\"hidden\" name=\"redirect_url\"><input type=\"hidden\" name=\"seedprod_action\" value=\"1\"><input type=\"hidden\" name=\"email_integration_id\"><\/p>\n<div class=\"sp-flex sp-optinform-field sp-px-1\" style=\"width: 100%;\"><input type=\"email\" name=\"email\" required=\"required\" placeholder=\"\u012era\u0161ykite savo el. pa\u0161t\u0105\" class=\"sp-form-input sp-w-full sp-mb-3\" style=\"border: 1px solid rgb(222, 222, 222); background-color: rgb(240, 240, 240); color: rgb(68, 68, 68); padding: 12px; font-size: 20px; border-top-left-radius: 0px; border-top-right-radius: 0px; border-bottom-right-radius: 0px; border-bottom-left-radius: 0px;\"><\/div>\n<div class=\"sp-optinform-btn sp-px-1\" style=\"width: 100%;\"><button class=\"sp-optin-submit sp-text-center sp-inline-block sp-leading-none sp-w-full sp-input-size-4\" style=\"font-size: 22px; background-color: rgb(0, 0, 0); color: rgb(255, 255, 255); padding: 0px 20px; border-top-left-radius: 0px; border-top-right-radius: 0px; border-bottom-right-radius: 0px; border-bottom-left-radius: 0px;\"><span>Gauti nuolaid\u0105<\/span><\/button><\/div>\n<div id=\"recaptcha-o1kks2\"><\/div>\n<\/form>\n<div id=\"sp-optin-success-o1kks2\" class=\"sp-hidden sp-text-center sp-my-8\">\n<p>A\u010di\u016b, susisieksime jau netrukus!<\/p>\n<\/div>\n<\/div>\n<\/div>\n<div id=\"sp-q52r8z\" class=\"sp-el-col sp-p-4  sp-w-full\" style=\"width: calc(50% + 0px); padding: 10px;\">\n<figure id=\"sp-cve7p1\" class=\"sp-image-wrapper\" style=\"margin-top: 0px; padding: 10px; text-align: center;\"><span><img decoding=\"async\" src=\"https:\/\/msakademija.com\/wp-content\/uploads\/2021\/05\/MS-AKADEMIJA_pagrindinis-logotipas.png\" alt=\"\"><\/span><\/figure>\n<\/div>\n<\/div>\n<\/section>\n<\/div>\n","protected":false},"excerpt":{"rendered":"<p>Jau greitai!M\u016bs\u0173 startasJau netrukus. Palikite savo el. pa\u0161t\u0105 ir apie atidarym\u0105 su\u017einokite pirmieji, bei gaukite speciali\u0105 nuolaid\u0105! Gauti nuolaid\u0105 A\u010di\u016b, susisieksime jau netrukus!<\/p>","protected":false},"author":1,"featured_media":0,"parent":0,"menu_order":0,"comment_status":"closed","ping_status":"closed","template":"","meta":{"footnotes":""},"class_list":["post-17","page","type-page","status-publish","hentry"],"yoast_head":"<!-- This site is optimized with the Yoast SEO Premium plugin v27.3 (Yoast SEO v27.4) - https:\/\/yoast.com\/product\/yoast-seo-premium-wordpress\/ -->\n<title>Jau greitai - MS akademija<\/title>\n<meta name=\"robots\" content=\"index, follow, max-snippet:-1, max-image-preview:large, max-video-preview:-1\" \/>\n<link rel=\"canonical\" href=\"https:\/\/msakademija.com\/ru\/comingsoon\/\" \/>\n<meta property=\"og:locale\" content=\"ru_RU\" \/>\n<meta property=\"og:type\" content=\"article\" \/>\n<meta property=\"og:title\" content=\"Jau greitai\" \/>\n<meta property=\"og:description\" content=\"Jau greitai!M\u016bs\u0173 startasJau netrukus. Palikite savo el. pa\u0161t\u0105 ir apie atidarym\u0105 su\u017einokite pirmieji, bei gaukite speciali\u0105 nuolaid\u0105! Gauti nuolaid\u0105 A\u010di\u016b, susisieksime jau netrukus!\" \/>\n<meta property=\"og:url\" content=\"https:\/\/msakademija.com\/ru\/comingsoon\/\" \/>\n<meta property=\"og:site_name\" content=\"MS akademija\" \/>\n<meta property=\"article:publisher\" content=\"https:\/\/www.facebook.com\/msakademijavilnius\/\" \/>\n<meta property=\"article:modified_time\" content=\"2021-05-04T13:35:50+00:00\" \/>\n<meta property=\"og:image\" content=\"https:\/\/msakademija.com\/wp-content\/uploads\/2021\/05\/MS-AKADEMIJA_pagrindinis-logotipas.png\" \/>\n<meta name=\"twitter:card\" content=\"summary_large_image\" \/>\n<script type=\"application\/ld+json\" class=\"yoast-schema-graph\">{\"@context\":\"https:\\\/\\\/schema.org\",\"@graph\":[{\"@type\":\"WebPage\",\"@id\":\"https:\\\/\\\/msakademija.com\\\/comingsoon\\\/\",\"url\":\"https:\\\/\\\/msakademija.com\\\/comingsoon\\\/\",\"name\":\"Jau greitai - MS akademija\",\"isPartOf\":{\"@id\":\"https:\\\/\\\/msakademija.com\\\/#website\"},\"primaryImageOfPage\":{\"@id\":\"https:\\\/\\\/msakademija.com\\\/comingsoon\\\/#primaryimage\"},\"image\":{\"@id\":\"https:\\\/\\\/msakademija.com\\\/comingsoon\\\/#primaryimage\"},\"thumbnailUrl\":\"https:\\\/\\\/msakademija.com\\\/wp-content\\\/uploads\\\/2021\\\/05\\\/MS-AKADEMIJA_pagrindinis-logotipas.png\",\"datePublished\":\"2021-05-04T13:35:15+00:00\",\"dateModified\":\"2021-05-04T13:35:50+00:00\",\"breadcrumb\":{\"@id\":\"https:\\\/\\\/msakademija.com\\\/comingsoon\\\/#breadcrumb\"},\"inLanguage\":\"ru-RU\",\"potentialAction\":[{\"@type\":\"ReadAction\",\"target\":[\"https:\\\/\\\/msakademija.com\\\/comingsoon\\\/\"]}]},{\"@type\":\"ImageObject\",\"inLanguage\":\"ru-RU\",\"@id\":\"https:\\\/\\\/msakademija.com\\\/comingsoon\\\/#primaryimage\",\"url\":\"https:\\\/\\\/msakademija.com\\\/wp-content\\\/uploads\\\/2021\\\/05\\\/MS-AKADEMIJA_pagrindinis-logotipas.png\",\"contentUrl\":\"https:\\\/\\\/msakademija.com\\\/wp-content\\\/uploads\\\/2021\\\/05\\\/MS-AKADEMIJA_pagrindinis-logotipas.png\"},{\"@type\":\"BreadcrumbList\",\"@id\":\"https:\\\/\\\/msakademija.com\\\/comingsoon\\\/#breadcrumb\",\"itemListElement\":[{\"@type\":\"ListItem\",\"position\":1,\"name\":\"Home\",\"item\":\"https:\\\/\\\/msakademija.com\\\/\"},{\"@type\":\"ListItem\",\"position\":2,\"name\":\"Jau greitai\"}]},{\"@type\":\"WebSite\",\"@id\":\"https:\\\/\\\/msakademija.com\\\/#website\",\"url\":\"https:\\\/\\\/msakademija.com\\\/\",\"name\":\"MS akademija\",\"description\":\"Makia\u017eo ir \u0161ukuosenos akademija\",\"publisher\":{\"@id\":\"https:\\\/\\\/msakademija.com\\\/#organization\"},\"potentialAction\":[{\"@type\":\"SearchAction\",\"target\":{\"@type\":\"EntryPoint\",\"urlTemplate\":\"https:\\\/\\\/msakademija.com\\\/?s={search_term_string}\"},\"query-input\":{\"@type\":\"PropertyValueSpecification\",\"valueRequired\":true,\"valueName\":\"search_term_string\"}}],\"inLanguage\":\"ru-RU\"},{\"@type\":\"Organization\",\"@id\":\"https:\\\/\\\/msakademija.com\\\/#organization\",\"name\":\"MS akademija\",\"url\":\"https:\\\/\\\/msakademija.com\\\/\",\"logo\":{\"@type\":\"ImageObject\",\"inLanguage\":\"ru-RU\",\"@id\":\"https:\\\/\\\/msakademija.com\\\/#\\\/schema\\\/logo\\\/image\\\/\",\"url\":\"https:\\\/\\\/msakademija.com\\\/wp-content\\\/uploads\\\/2021\\\/05\\\/logo_juodas_HEADERMS.png\",\"contentUrl\":\"https:\\\/\\\/msakademija.com\\\/wp-content\\\/uploads\\\/2021\\\/05\\\/logo_juodas_HEADERMS.png\",\"width\":500,\"height\":210,\"caption\":\"MS akademija\"},\"image\":{\"@id\":\"https:\\\/\\\/msakademija.com\\\/#\\\/schema\\\/logo\\\/image\\\/\"},\"sameAs\":[\"https:\\\/\\\/www.facebook.com\\\/msakademijavilnius\\\/\",\"https:\\\/\\\/www.instagram.com\\\/msakademija\\\/\"]}]}<\/script>\n<!-- \/ Yoast SEO Premium plugin. -->","yoast_head_json":{"title":"Jau greitai - MS akademija","robots":{"index":"index","follow":"follow","max-snippet":"max-snippet:-1","max-image-preview":"max-image-preview:large","max-video-preview":"max-video-preview:-1"},"canonical":"https:\/\/msakademija.com\/ru\/comingsoon\/","og_locale":"ru_RU","og_type":"article","og_title":"Jau greitai","og_description":"Jau greitai!M\u016bs\u0173 startasJau netrukus. Palikite savo el. pa\u0161t\u0105 ir apie atidarym\u0105 su\u017einokite pirmieji, bei gaukite speciali\u0105 nuolaid\u0105! Gauti nuolaid\u0105 A\u010di\u016b, susisieksime jau netrukus!","og_url":"https:\/\/msakademija.com\/ru\/comingsoon\/","og_site_name":"MS akademija","article_publisher":"https:\/\/www.facebook.com\/msakademijavilnius\/","article_modified_time":"2021-05-04T13:35:50+00:00","og_image":[{"url":"https:\/\/msakademija.com\/wp-content\/uploads\/2021\/05\/MS-AKADEMIJA_pagrindinis-logotipas.png","type":"","width":"","height":""}],"twitter_card":"summary_large_image","schema":{"@context":"https:\/\/schema.org","@graph":[{"@type":"WebPage","@id":"https:\/\/msakademija.com\/comingsoon\/","url":"https:\/\/msakademija.com\/comingsoon\/","name":"Jau greitai - MS akademija","isPartOf":{"@id":"https:\/\/msakademija.com\/#website"},"primaryImageOfPage":{"@id":"https:\/\/msakademija.com\/comingsoon\/#primaryimage"},"image":{"@id":"https:\/\/msakademija.com\/comingsoon\/#primaryimage"},"thumbnailUrl":"https:\/\/msakademija.com\/wp-content\/uploads\/2021\/05\/MS-AKADEMIJA_pagrindinis-logotipas.png","datePublished":"2021-05-04T13:35:15+00:00","dateModified":"2021-05-04T13:35:50+00:00","breadcrumb":{"@id":"https:\/\/msakademija.com\/comingsoon\/#breadcrumb"},"inLanguage":"ru-RU","potentialAction":[{"@type":"ReadAction","target":["https:\/\/msakademija.com\/comingsoon\/"]}]},{"@type":"ImageObject","inLanguage":"ru-RU","@id":"https:\/\/msakademija.com\/comingsoon\/#primaryimage","url":"https:\/\/msakademija.com\/wp-content\/uploads\/2021\/05\/MS-AKADEMIJA_pagrindinis-logotipas.png","contentUrl":"https:\/\/msakademija.com\/wp-content\/uploads\/2021\/05\/MS-AKADEMIJA_pagrindinis-logotipas.png"},{"@type":"BreadcrumbList","@id":"https:\/\/msakademija.com\/comingsoon\/#breadcrumb","itemListElement":[{"@type":"ListItem","position":1,"name":"Home","item":"https:\/\/msakademija.com\/"},{"@type":"ListItem","position":2,"name":"Jau greitai"}]},{"@type":"WebSite","@id":"https:\/\/msakademija.com\/#website","url":"https:\/\/msakademija.com\/","name":"\u0410\u043a\u0430\u0434\u0435\u043c\u0438\u044f MS","description":"\u0410\u043a\u0430\u0434\u0435\u043c\u0438\u044f \u043c\u0430\u043a\u0438\u044f\u0436\u0430 \u0438 \u043f\u0440\u0438\u0447\u0435\u0441\u043e\u043a","publisher":{"@id":"https:\/\/msakademija.com\/#organization"},"potentialAction":[{"@type":"SearchAction","target":{"@type":"EntryPoint","urlTemplate":"https:\/\/msakademija.com\/?s={search_term_string}"},"query-input":{"@type":"PropertyValueSpecification","valueRequired":true,"valueName":"search_term_string"}}],"inLanguage":"ru-RU"},{"@type":"Organization","@id":"https:\/\/msakademija.com\/#organization","name":"\u0410\u043a\u0430\u0434\u0435\u043c\u0438\u044f MS","url":"https:\/\/msakademija.com\/","logo":{"@type":"ImageObject","inLanguage":"ru-RU","@id":"https:\/\/msakademija.com\/#\/schema\/logo\/image\/","url":"https:\/\/msakademija.com\/wp-content\/uploads\/2021\/05\/logo_juodas_HEADERMS.png","contentUrl":"https:\/\/msakademija.com\/wp-content\/uploads\/2021\/05\/logo_juodas_HEADERMS.png","width":500,"height":210,"caption":"MS akademija"},"image":{"@id":"https:\/\/msakademija.com\/#\/schema\/logo\/image\/"},"sameAs":["https:\/\/www.facebook.com\/msakademijavilnius\/","https:\/\/www.instagram.com\/msakademija\/"]}]}},"jetpack_sharing_enabled":true,"_links":{"self":[{"href":"https:\/\/msakademija.com\/ru\/wp-json\/wp\/v2\/pages\/17","targetHints":{"allow":["GET"]}}],"collection":[{"href":"https:\/\/msakademija.com\/ru\/wp-json\/wp\/v2\/pages"}],"about":[{"href":"https:\/\/msakademija.com\/ru\/wp-json\/wp\/v2\/types\/page"}],"author":[{"embeddable":true,"href":"https:\/\/msakademija.com\/ru\/wp-json\/wp\/v2\/users\/1"}],"replies":[{"embeddable":true,"href":"https:\/\/msakademija.com\/ru\/wp-json\/wp\/v2\/comments?post=17"}],"version-history":[{"count":0,"href":"https:\/\/msakademija.com\/ru\/wp-json\/wp\/v2\/pages\/17\/revisions"}],"wp:attachment":[{"href":"https:\/\/msakademija.com\/ru\/wp-json\/wp\/v2\/media?parent=17"}],"curies":[{"name":"wp","href":"https:\/\/api.w.org\/{rel}","templated":true}]}}