{"id":5948,"date":"2021-05-20T16:56:36","date_gmt":"2021-05-20T13:56:36","guid":{"rendered":"https:\/\/msakademija.com\/?page_id=5948"},"modified":"2025-04-22T23:40:48","modified_gmt":"2025-04-22T20:40:48","slug":"%d0%ba%d1%83%d1%80%d1%81%d1%8b-%d1%81%d0%b0%d0%bc%d0%be%d0%bc%d0%b0%d0%ba%d0%b8%d1%8f%d0%b6%d0%b0","status":"publish","type":"page","link":"https:\/\/msakademija.com\/ru\/makiazo-sau-kursai\/","title":{"rendered":"\u041a\u0443\u0440\u0441 \"\u041c\u0430\u043a\u0438\u044f\u0436 \u042f\u043d"},"content":{"rendered":"\t\t<div data-elementor-type=\"wp-page\" data-elementor-id=\"5948\" class=\"elementor elementor-5948\" data-elementor-post-type=\"page\">\n\t\t\t\t\t\t<section class=\"elementor-section elementor-top-section elementor-element elementor-element-6b9cc63 elementor-section-boxed elementor-section-height-default elementor-section-height-default\" data-id=\"6b9cc63\" data-element_type=\"section\" data-e-type=\"section\" data-settings=\"{&quot;background_background&quot;:&quot;classic&quot;,&quot;ekit_has_onepagescroll_dot&quot;:&quot;yes&quot;}\">\n\t\t\t\t\t\t<div class=\"elementor-container elementor-column-gap-default\">\n\t\t\t\t\t<div class=\"elementor-column elementor-col-100 elementor-top-column elementor-element elementor-element-d5cfd42\" data-id=\"d5cfd42\" data-element_type=\"column\" data-e-type=\"column\">\n\t\t\t<div class=\"elementor-widget-wrap elementor-element-populated\">\n\t\t\t\t\t\t<div class=\"elementor-element elementor-element-fc9d4da elementor-widget elementor-widget-heading\" data-id=\"fc9d4da\" data-element_type=\"widget\" data-e-type=\"widget\" data-settings=\"{&quot;ekit_we_effect_on&quot;:&quot;none&quot;}\" data-widget_type=\"heading.default\">\n\t\t\t\t<div class=\"elementor-widget-container\">\n\t\t\t\t\t<h2 class=\"elementor-heading-title elementor-size-default\">Makia\u017eas SAU kusai<\/h2>\t\t\t\t<\/div>\n\t\t\t\t<\/div>\n\t\t\t\t\t<\/div>\n\t\t<\/div>\n\t\t\t\t\t<\/div>\n\t\t<\/section>\n\t\t\t\t<section class=\"elementor-section elementor-top-section elementor-element elementor-element-ddd20e3 elementor-section-boxed elementor-section-height-default elementor-section-height-default\" data-id=\"ddd20e3\" data-element_type=\"section\" data-e-type=\"section\" data-settings=\"{&quot;background_background&quot;:&quot;classic&quot;,&quot;ekit_has_onepagescroll_dot&quot;:&quot;yes&quot;}\">\n\t\t\t\t\t\t<div class=\"elementor-container elementor-column-gap-default\">\n\t\t\t\t\t<div class=\"elementor-column elementor-col-50 elementor-top-column elementor-element elementor-element-d08c5b0\" data-id=\"d08c5b0\" data-element_type=\"column\" data-e-type=\"column\">\n\t\t\t<div class=\"elementor-widget-wrap elementor-element-populated\">\n\t\t\t\t\t\t<div class=\"elementor-element elementor-element-6e1dc95 elementor-widget elementor-widget-text-editor\" data-id=\"6e1dc95\" data-element_type=\"widget\" data-e-type=\"widget\" data-settings=\"{&quot;ekit_we_effect_on&quot;:&quot;none&quot;}\" data-widget_type=\"text-editor.default\">\n\t\t\t\t<div class=\"elementor-widget-container\">\n\t\t\t\t\t\t\t\t\t<p>MAKIA\u017dAS SAU KURSAI, MERGINOMS IR MOTERIMS, KURIOMS SVARBU ATRODYTI PUIKIAI KIEKVIEN\u0104 DIEN\u0104. KURS\u0172 METU I\u0160MOKSITE PASIRINKTI TINKAM\u0104 KOSMETIK\u0104 IR PRIEMONES MAKIA\u017dUI ATLIKTI BEI GREITAI IR KOKYBI\u0160KAI PASIDARYTI SAU DIENIN\u012e BEI VAKARIN\u012e MAKIA\u017d\u0104.<\/p><p><strong>Trukm\u0117:\u00a0 2 dienos.<\/strong><\/p><p><strong>Laikas: nuo 17:30 val. iki 20:30 val.<\/strong><\/p><p><strong>Makia\u017eas Sau kurs\u0173 kaina: 100 EUR<\/strong><\/p><p>Kurs\u0173 met\u0173, lektor\u0117 demonstruoja makia\u017e\u0105 ant modelio. V\u0117liau dalyv\u0117s, su lektor\u0117s pagalba ,atkartoja makia\u017e\u0105 Sau.<\/p><p>Visos priemon\u0117s, teptukai ir kosmetika kursams suteikiama nemokamai.<\/p><p>BAIG\u0118 MAKIA\u017dAS SAU KURS\u0104:<br \/>1. Su\u017einosite, kaip pasidaryti gra\u017e\u0173 makia\u017e\u0105 bet kokiai progai &#8211; nuo dieninio iki vakario. Tapsite dar gra\u017eesni ir labiau pasitikintys savimi!<br \/>2. Nuostab\u0173 makia\u017e\u0105 gal\u0117site pasidaryti per 15 minu\u010di\u0173. J\u016bs lengvai suprasite, kaip pasl\u0117pti savo tr\u016bkumus ir pabr\u0117\u017eti savo nat\u016bral\u0173 gro\u017e\u012f<\/p><p>3. Po kurso tapsite PATS SAU VIZA\u017dISTAS.. I\u0161moksite suprasti visk\u0105 apie makia\u017eo teptukus, kosmetik\u0105 ir kitus produktus.<br \/>4. J\u016bs suprasite, kaip pri\u017ei\u016br\u0117ti problemin\u0119 od\u0105 ir kaip pasl\u0117pti odos tr\u016bkumus<br \/>5. Su\u017einosite, k\u0105 reikia tur\u0117ti savo kosmetin\u0117je ir ko galite lengvai atsisakyti<br \/>6. Gausite dalyvavimo kursuose sertifikatus<\/p>\t\t\t\t\t\t\t\t<\/div>\n\t\t\t\t<\/div>\n\t\t\t\t\t<\/div>\n\t\t<\/div>\n\t\t\t\t<div class=\"elementor-column elementor-col-50 elementor-top-column elementor-element elementor-element-ca5466e\" data-id=\"ca5466e\" data-element_type=\"column\" data-e-type=\"column\">\n\t\t\t<div class=\"elementor-widget-wrap elementor-element-populated\">\n\t\t\t\t\t\t<div class=\"elementor-element elementor-element-d063913 elementor-widget elementor-widget-ameliaevents\" data-id=\"d063913\" data-element_type=\"widget\" data-e-type=\"widget\" data-settings=\"{&quot;ekit_we_effect_on&quot;:&quot;none&quot;}\" data-widget_type=\"ameliaevents.default\">\n\t\t\t\t<div class=\"elementor-widget-container\">\n\t\t\t\t\t<script>\n  if (typeof hasAmeliaEvent === 'undefined') {\n    var hasAmeliaEvent = true;\n  }\n  if (typeof hasEventApiCall === 'undefined' && ('' === '' && '' !== '1')) {\n    var hasEventApiCall = true;\n  }\n  var hasEventShortcode = (typeof hasEventShortcode === 'undefined') ? false : true;\n  var ameliaShortcodeData = (typeof ameliaShortcodeData === 'undefined') ? [] : ameliaShortcodeData;\n  ameliaShortcodeData.push(\n    {\n      'hasApiCall': (typeof hasEventApiCall !== 'undefined') && hasEventApiCall,\n      'trigger': '',\n      'trigger_type': '',\n      'triggered_form': 'elf',\n      'in_dialog': '',\n      'counter': '1000',\n      'employee': '',\n      'eventId': '',\n      'eventRecurring': 0,\n      'eventTag': \"Makia\u017eas SAU\",\n      'locationId': \"\"\n    }\n  );\n  var ameliaShortcodeDataTriggered = (typeof ameliaShortcodeDataTriggered === 'undefined') ? [] : ameliaShortcodeDataTriggered;\n  if (ameliaShortcodeData[ameliaShortcodeData.length - 1].trigger !== '') {\n    if (ameliaShortcodeDataTriggered.filter(a => a.counter === ameliaShortcodeData[ameliaShortcodeData.length - 1].counter).length === 0) {\n      ameliaShortcodeDataTriggered.push(ameliaShortcodeData.pop());\n    } else {\n      ameliaShortcodeData.pop()\n    }\n  }\n  if (typeof hasEventApiCall !== 'undefined' && hasEventApiCall) {\n    hasEventApiCall = false;\n  }\n<\/script>\n\n<div\n  id=\"amelia-v2-booking-1000\"\n  class=\"amelia-v2-booking\"\n>\n    <events-list-form-wrapper><\/div>\n\t\t\t\t<\/div>\n\t\t\t\t<\/div>\n\t\t\t\t\t<\/div>\n\t\t<\/div>\n\t\t\t\t\t<\/div>\n\t\t<\/section>\n\t\t\t\t<section class=\"elementor-section elementor-top-section elementor-element elementor-element-89280ea elementor-section-boxed elementor-section-height-default elementor-section-height-default\" data-id=\"89280ea\" data-element_type=\"section\" data-e-type=\"section\" data-settings=\"{&quot;background_background&quot;:&quot;classic&quot;,&quot;ekit_has_onepagescroll_dot&quot;:&quot;yes&quot;}\">\n\t\t\t\t\t\t<div class=\"elementor-container elementor-column-gap-default\">\n\t\t\t\t\t<div class=\"elementor-column elementor-col-100 elementor-top-column elementor-element elementor-element-7a9abe3\" data-id=\"7a9abe3\" data-element_type=\"column\" data-e-type=\"column\">\n\t\t\t<div class=\"elementor-widget-wrap\">\n\t\t\t\t\t\t\t<\/div>\n\t\t<\/div>\n\t\t\t\t\t<\/div>\n\t\t<\/section>\n\t\t\t\t<section class=\"elementor-section elementor-top-section elementor-element elementor-element-aaefbff elementor-section-boxed elementor-section-height-default elementor-section-height-default\" data-id=\"aaefbff\" data-element_type=\"section\" data-e-type=\"section\" data-settings=\"{&quot;ekit_has_onepagescroll_dot&quot;:&quot;yes&quot;}\">\n\t\t\t\t\t\t<div class=\"elementor-container elementor-column-gap-default\">\n\t\t\t\t\t<div class=\"elementor-column elementor-col-50 elementor-top-column elementor-element elementor-element-77612a5\" data-id=\"77612a5\" data-element_type=\"column\" data-e-type=\"column\">\n\t\t\t<div class=\"elementor-widget-wrap elementor-element-populated\">\n\t\t\t\t\t\t<div class=\"elementor-element elementor-element-db23031 elementor-widget elementor-widget-image\" data-id=\"db23031\" data-element_type=\"widget\" data-e-type=\"widget\" data-settings=\"{&quot;ekit_we_effect_on&quot;:&quot;none&quot;}\" data-widget_type=\"image.default\">\n\t\t\t\t<div class=\"elementor-widget-container\">\n\t\t\t\t\t\t\t\t\t\t\t\t\t\t\t<img fetchpriority=\"high\" decoding=\"async\" width=\"1024\" height=\"1536\" src=\"https:\/\/msakademija.com\/wp-content\/uploads\/2021\/10\/IMG_6957-1024x1536.jpg\" class=\"attachment-1536x1536 size-1536x1536 wp-image-7560\" alt=\"makia\u017eo sau\" srcset=\"https:\/\/msakademija.com\/wp-content\/uploads\/2021\/10\/IMG_6957-1024x1536.jpg 1024w, https:\/\/msakademija.com\/wp-content\/uploads\/2021\/10\/IMG_6957-510x765.jpg 510w, https:\/\/msakademija.com\/wp-content\/uploads\/2021\/10\/IMG_6957-200x300.jpg 200w, https:\/\/msakademija.com\/wp-content\/uploads\/2021\/10\/IMG_6957-683x1024.jpg 683w, https:\/\/msakademija.com\/wp-content\/uploads\/2021\/10\/IMG_6957-768x1152.jpg 768w, https:\/\/msakademija.com\/wp-content\/uploads\/2021\/10\/IMG_6957-1365x2048.jpg 1365w, https:\/\/msakademija.com\/wp-content\/uploads\/2021\/10\/IMG_6957-scaled.jpg 1707w\" sizes=\"(max-width: 1024px) 100vw, 1024px\" \/>\t\t\t\t\t\t\t\t\t\t\t\t\t\t\t<\/div>\n\t\t\t\t<\/div>\n\t\t\t\t\t<\/div>\n\t\t<\/div>\n\t\t\t\t<div class=\"elementor-column elementor-col-50 elementor-top-column elementor-element elementor-element-d001466\" data-id=\"d001466\" data-element_type=\"column\" data-e-type=\"column\">\n\t\t\t<div class=\"elementor-widget-wrap elementor-element-populated\">\n\t\t\t\t\t\t<div class=\"elementor-element elementor-element-bc2f9a6 elementor-widget elementor-widget-image\" data-id=\"bc2f9a6\" data-element_type=\"widget\" data-e-type=\"widget\" data-settings=\"{&quot;ekit_we_effect_on&quot;:&quot;none&quot;}\" data-widget_type=\"image.default\">\n\t\t\t\t<div class=\"elementor-widget-container\">\n\t\t\t\t\t\t\t\t\t\t\t\t\t\t\t<img decoding=\"async\" width=\"1024\" height=\"1536\" src=\"https:\/\/msakademija.com\/wp-content\/uploads\/2021\/07\/IMG_3460-1024x1536.jpg\" class=\"attachment-1536x1536 size-1536x1536 wp-image-7196\" alt=\"makia\u017eosau\" srcset=\"https:\/\/msakademija.com\/wp-content\/uploads\/2021\/07\/IMG_3460-1024x1536.jpg 1024w, https:\/\/msakademija.com\/wp-content\/uploads\/2021\/07\/IMG_3460-510x765.jpg 510w, https:\/\/msakademija.com\/wp-content\/uploads\/2021\/07\/IMG_3460-200x300.jpg 200w, https:\/\/msakademija.com\/wp-content\/uploads\/2021\/07\/IMG_3460-683x1024.jpg 683w, https:\/\/msakademija.com\/wp-content\/uploads\/2021\/07\/IMG_3460-768x1152.jpg 768w, https:\/\/msakademija.com\/wp-content\/uploads\/2021\/07\/IMG_3460-1365x2048.jpg 1365w, https:\/\/msakademija.com\/wp-content\/uploads\/2021\/07\/IMG_3460-scaled.jpg 1707w\" sizes=\"(max-width: 1024px) 100vw, 1024px\" \/>\t\t\t\t\t\t\t\t\t\t\t\t\t\t\t<\/div>\n\t\t\t\t<\/div>\n\t\t\t\t\t<\/div>\n\t\t<\/div>\n\t\t\t\t\t<\/div>\n\t\t<\/section>\n\t\t\t\t<\/div>\n\t\t","protected":false},"excerpt":{"rendered":"<p>Makia\u017eas SAU kusai MAKIA\u017dAS SAU KURSAI, MERGINOMS IR MOTERIMS, KURIOMS SVARBU ATRODYTI PUIKIAI KIEKVIEN\u0104 DIEN\u0104. KURS\u0172 METU I\u0160MOKSITE PASIRINKTI TINKAM\u0104 KOSMETIK\u0104 IR PRIEMONES MAKIA\u017dUI ATLIKTI BEI GREITAI IR KOKYBI\u0160KAI PASIDARYTI SAU DIENIN\u012e BEI VAKARIN\u012e MAKIA\u017d\u0104. Trukm\u0117:\u00a0 2 dienos. Laikas: nuo 17:30 val. iki 20:30 val. Makia\u017eas Sau kurs\u0173 kaina: 100 EUR Kurs\u0173 met\u0173, lektor\u0117 demonstruoja [&#8230;]\n","protected":false},"author":1,"featured_media":7205,"parent":0,"menu_order":0,"comment_status":"closed","ping_status":"closed","template":"elementor_header_footer","meta":{"footnotes":""},"class_list":["post-5948","page","type-page","status-publish","has-post-thumbnail","hentry"],"yoast_head":"<!-- This site is optimized with the Yoast SEO Premium plugin v27.5 (Yoast SEO v27.5) - https:\/\/yoast.com\/product\/yoast-seo-premium-wordpress\/ -->\n<title>Makia\u017eas Sau kursai - MS akademija<\/title>\n<meta name=\"description\" content=\"Makia\u017eas sau kursai Vilniuje. Dieninis makia\u017eas Vakarinis makia\u017eas. Kosmetikos krep\u0161elio sudarymas. Naujausios makia\u017eo technikos\" \/>\n<meta name=\"robots\" content=\"index, follow, max-snippet:-1, max-image-preview:large, max-video-preview:-1\" \/>\n<link rel=\"canonical\" href=\"https:\/\/msakademija.com\/ru\/\u043a\u0443\u0440\u0441\u044b-\u0441\u0430\u043c\u043e\u043c\u0430\u043a\u0438\u044f\u0436\u0430\/\" \/>\n<meta property=\"og:locale\" content=\"ru_RU\" \/>\n<meta property=\"og:type\" content=\"article\" \/>\n<meta property=\"og:title\" content=\"Makia\u017eas Sau kursai\" \/>\n<meta property=\"og:description\" content=\"Makia\u017eas sau kursai Vilniuje. Dieninis makia\u017eas Vakarinis makia\u017eas. Kosmetikos krep\u0161elio sudarymas. Naujausios makia\u017eo technikos\" \/>\n<meta property=\"og:url\" content=\"https:\/\/msakademija.com\/ru\/\u043a\u0443\u0440\u0441\u044b-\u0441\u0430\u043c\u043e\u043c\u0430\u043a\u0438\u044f\u0436\u0430\/\" \/>\n<meta property=\"og:site_name\" content=\"MS akademija\" \/>\n<meta property=\"article:publisher\" content=\"https:\/\/www.facebook.com\/msakademijavilnius\/\" \/>\n<meta property=\"article:modified_time\" content=\"2025-04-22T20:40:48+00:00\" \/>\n<meta property=\"og:image\" content=\"https:\/\/msakademija.com\/wp-content\/uploads\/2021\/07\/IMG_3224-scaled-e1745354353654.jpg\" \/>\n\t<meta property=\"og:image:width\" content=\"1706\" \/>\n\t<meta property=\"og:image:height\" content=\"1518\" \/>\n\t<meta property=\"og:image:type\" content=\"image\/jpeg\" \/>\n<meta name=\"twitter:card\" content=\"summary_large_image\" \/>\n<meta name=\"twitter:label1\" content=\"\u041f\u0440\u0438\u043c\u0435\u0440\u043d\u043e\u0435 \u0432\u0440\u0435\u043c\u044f \u0434\u043b\u044f \u0447\u0442\u0435\u043d\u0438\u044f\" \/>\n\t<meta name=\"twitter:data1\" content=\"2 \u043c\u0438\u043d\u0443\u0442\u044b\" \/>\n<script type=\"application\/ld+json\" class=\"yoast-schema-graph\">{\"@context\":\"https:\\\/\\\/schema.org\",\"@graph\":[{\"@type\":\"WebPage\",\"@id\":\"https:\\\/\\\/msakademija.com\\\/makiazo-sau-kursai\\\/\",\"url\":\"https:\\\/\\\/msakademija.com\\\/makiazo-sau-kursai\\\/\",\"name\":\"Makia\u017eas Sau kursai - MS akademija\",\"isPartOf\":{\"@id\":\"https:\\\/\\\/msakademija.com\\\/#website\"},\"primaryImageOfPage\":{\"@id\":\"https:\\\/\\\/msakademija.com\\\/makiazo-sau-kursai\\\/#primaryimage\"},\"image\":{\"@id\":\"https:\\\/\\\/msakademija.com\\\/makiazo-sau-kursai\\\/#primaryimage\"},\"thumbnailUrl\":\"https:\\\/\\\/msakademija.com\\\/wp-content\\\/uploads\\\/2021\\\/07\\\/IMG_3224-scaled-e1745354353654.jpg\",\"datePublished\":\"2021-05-20T13:56:36+00:00\",\"dateModified\":\"2025-04-22T20:40:48+00:00\",\"description\":\"Makia\u017eas sau kursai Vilniuje. Dieninis makia\u017eas Vakarinis makia\u017eas. Kosmetikos krep\u0161elio sudarymas. Naujausios makia\u017eo technikos\",\"breadcrumb\":{\"@id\":\"https:\\\/\\\/msakademija.com\\\/makiazo-sau-kursai\\\/#breadcrumb\"},\"inLanguage\":\"ru-RU\",\"potentialAction\":[{\"@type\":\"ReadAction\",\"target\":[\"https:\\\/\\\/msakademija.com\\\/makiazo-sau-kursai\\\/\"]}]},{\"@type\":\"ImageObject\",\"inLanguage\":\"ru-RU\",\"@id\":\"https:\\\/\\\/msakademija.com\\\/makiazo-sau-kursai\\\/#primaryimage\",\"url\":\"https:\\\/\\\/msakademija.com\\\/wp-content\\\/uploads\\\/2021\\\/07\\\/IMG_3224-scaled-e1745354353654.jpg\",\"contentUrl\":\"https:\\\/\\\/msakademija.com\\\/wp-content\\\/uploads\\\/2021\\\/07\\\/IMG_3224-scaled-e1745354353654.jpg\",\"width\":1706,\"height\":1518},{\"@type\":\"BreadcrumbList\",\"@id\":\"https:\\\/\\\/msakademija.com\\\/makiazo-sau-kursai\\\/#breadcrumb\",\"itemListElement\":[{\"@type\":\"ListItem\",\"position\":1,\"name\":\"Home\",\"item\":\"https:\\\/\\\/msakademija.com\\\/\"},{\"@type\":\"ListItem\",\"position\":2,\"name\":\"Makia\u017eas Sau kursai\"}]},{\"@type\":\"WebSite\",\"@id\":\"https:\\\/\\\/msakademija.com\\\/#website\",\"url\":\"https:\\\/\\\/msakademija.com\\\/\",\"name\":\"MS akademija\",\"description\":\"Makia\u017eo ir \u0161ukuosenos akademija\",\"publisher\":{\"@id\":\"https:\\\/\\\/msakademija.com\\\/#organization\"},\"potentialAction\":[{\"@type\":\"SearchAction\",\"target\":{\"@type\":\"EntryPoint\",\"urlTemplate\":\"https:\\\/\\\/msakademija.com\\\/?s={search_term_string}\"},\"query-input\":{\"@type\":\"PropertyValueSpecification\",\"valueRequired\":true,\"valueName\":\"search_term_string\"}}],\"inLanguage\":\"ru-RU\"},{\"@type\":\"Organization\",\"@id\":\"https:\\\/\\\/msakademija.com\\\/#organization\",\"name\":\"MS akademija\",\"url\":\"https:\\\/\\\/msakademija.com\\\/\",\"logo\":{\"@type\":\"ImageObject\",\"inLanguage\":\"ru-RU\",\"@id\":\"https:\\\/\\\/msakademija.com\\\/#\\\/schema\\\/logo\\\/image\\\/\",\"url\":\"https:\\\/\\\/msakademija.com\\\/wp-content\\\/uploads\\\/2021\\\/05\\\/logo_juodas_HEADERMS.png\",\"contentUrl\":\"https:\\\/\\\/msakademija.com\\\/wp-content\\\/uploads\\\/2021\\\/05\\\/logo_juodas_HEADERMS.png\",\"width\":500,\"height\":210,\"caption\":\"MS akademija\"},\"image\":{\"@id\":\"https:\\\/\\\/msakademija.com\\\/#\\\/schema\\\/logo\\\/image\\\/\"},\"sameAs\":[\"https:\\\/\\\/www.facebook.com\\\/msakademijavilnius\\\/\",\"https:\\\/\\\/www.instagram.com\\\/msakademija\\\/\"]}]}<\/script>\n<!-- \/ Yoast SEO Premium plugin. -->","yoast_head_json":{"title":"\u041a\u0443\u0440\u0441\u044b \u0432\u0438\u0437\u0430\u0436\u0438\u0441\u0442\u0430 \u042f\u043d\u0430 - MS Akademija","description":"\u041a\u0443\u0440\u0441\u044b \u043c\u0430\u043a\u0438\u044f\u0436\u0430 \u0434\u043b\u044f \u0441\u0435\u0431\u044f \u0432 \u0412\u0438\u043b\u044c\u043d\u044e\u0441\u0435. \u0414\u043d\u0435\u0432\u043d\u043e\u0439 \u043c\u0430\u043a\u0438\u044f\u0436 \u0412\u0435\u0447\u0435\u0440\u043d\u0438\u0439 \u043c\u0430\u043a\u0438\u044f\u0436. \u0418\u0437\u0433\u043e\u0442\u043e\u0432\u043b\u0435\u043d\u0438\u0435 \u043a\u043e\u0441\u043c\u0435\u0442\u0438\u0447\u0435\u0441\u043a\u043e\u0439 \u043a\u043e\u0440\u0437\u0438\u043d\u043a\u0438. \u041d\u043e\u0432\u0435\u0439\u0448\u0438\u0435 \u0442\u0435\u0445\u043d\u0438\u043a\u0438 \u043c\u0430\u043a\u0438\u044f\u0436\u0430","robots":{"index":"index","follow":"follow","max-snippet":"max-snippet:-1","max-image-preview":"max-image-preview:large","max-video-preview":"max-video-preview:-1"},"canonical":"https:\/\/msakademija.com\/ru\/\u043a\u0443\u0440\u0441\u044b-\u0441\u0430\u043c\u043e\u043c\u0430\u043a\u0438\u044f\u0436\u0430\/","og_locale":"ru_RU","og_type":"article","og_title":"Makia\u017eas Sau kursai","og_description":"Makia\u017eas sau kursai Vilniuje. Dieninis makia\u017eas Vakarinis makia\u017eas. Kosmetikos krep\u0161elio sudarymas. Naujausios makia\u017eo technikos","og_url":"https:\/\/msakademija.com\/ru\/\u043a\u0443\u0440\u0441\u044b-\u0441\u0430\u043c\u043e\u043c\u0430\u043a\u0438\u044f\u0436\u0430\/","og_site_name":"MS akademija","article_publisher":"https:\/\/www.facebook.com\/msakademijavilnius\/","article_modified_time":"2025-04-22T20:40:48+00:00","og_image":[{"width":1706,"height":1518,"url":"https:\/\/msakademija.com\/wp-content\/uploads\/2021\/07\/IMG_3224-scaled-e1745354353654.jpg","type":"image\/jpeg"}],"twitter_card":"summary_large_image","twitter_misc":{"\u041f\u0440\u0438\u043c\u0435\u0440\u043d\u043e\u0435 \u0432\u0440\u0435\u043c\u044f \u0434\u043b\u044f \u0447\u0442\u0435\u043d\u0438\u044f":"2 \u043c\u0438\u043d\u0443\u0442\u044b"},"schema":{"@context":"https:\/\/schema.org","@graph":[{"@type":"WebPage","@id":"https:\/\/msakademija.com\/makiazo-sau-kursai\/","url":"https:\/\/msakademija.com\/makiazo-sau-kursai\/","name":"\u041a\u0443\u0440\u0441\u044b \u0432\u0438\u0437\u0430\u0436\u0438\u0441\u0442\u0430 \u042f\u043d\u0430 - MS Akademija","isPartOf":{"@id":"https:\/\/msakademija.com\/#website"},"primaryImageOfPage":{"@id":"https:\/\/msakademija.com\/makiazo-sau-kursai\/#primaryimage"},"image":{"@id":"https:\/\/msakademija.com\/makiazo-sau-kursai\/#primaryimage"},"thumbnailUrl":"https:\/\/msakademija.com\/wp-content\/uploads\/2021\/07\/IMG_3224-scaled-e1745354353654.jpg","datePublished":"2021-05-20T13:56:36+00:00","dateModified":"2025-04-22T20:40:48+00:00","description":"\u041a\u0443\u0440\u0441\u044b \u043c\u0430\u043a\u0438\u044f\u0436\u0430 \u0434\u043b\u044f \u0441\u0435\u0431\u044f \u0432 \u0412\u0438\u043b\u044c\u043d\u044e\u0441\u0435. \u0414\u043d\u0435\u0432\u043d\u043e\u0439 \u043c\u0430\u043a\u0438\u044f\u0436 \u0412\u0435\u0447\u0435\u0440\u043d\u0438\u0439 \u043c\u0430\u043a\u0438\u044f\u0436. \u0418\u0437\u0433\u043e\u0442\u043e\u0432\u043b\u0435\u043d\u0438\u0435 \u043a\u043e\u0441\u043c\u0435\u0442\u0438\u0447\u0435\u0441\u043a\u043e\u0439 \u043a\u043e\u0440\u0437\u0438\u043d\u043a\u0438. \u041d\u043e\u0432\u0435\u0439\u0448\u0438\u0435 \u0442\u0435\u0445\u043d\u0438\u043a\u0438 \u043c\u0430\u043a\u0438\u044f\u0436\u0430","breadcrumb":{"@id":"https:\/\/msakademija.com\/makiazo-sau-kursai\/#breadcrumb"},"inLanguage":"ru-RU","potentialAction":[{"@type":"ReadAction","target":["https:\/\/msakademija.com\/makiazo-sau-kursai\/"]}]},{"@type":"ImageObject","inLanguage":"ru-RU","@id":"https:\/\/msakademija.com\/makiazo-sau-kursai\/#primaryimage","url":"https:\/\/msakademija.com\/wp-content\/uploads\/2021\/07\/IMG_3224-scaled-e1745354353654.jpg","contentUrl":"https:\/\/msakademija.com\/wp-content\/uploads\/2021\/07\/IMG_3224-scaled-e1745354353654.jpg","width":1706,"height":1518},{"@type":"BreadcrumbList","@id":"https:\/\/msakademija.com\/makiazo-sau-kursai\/#breadcrumb","itemListElement":[{"@type":"ListItem","position":1,"name":"Home","item":"https:\/\/msakademija.com\/"},{"@type":"ListItem","position":2,"name":"Makia\u017eas Sau kursai"}]},{"@type":"WebSite","@id":"https:\/\/msakademija.com\/#website","url":"https:\/\/msakademija.com\/","name":"\u0410\u043a\u0430\u0434\u0435\u043c\u0438\u044f MS","description":"\u0410\u043a\u0430\u0434\u0435\u043c\u0438\u044f \u043c\u0430\u043a\u0438\u044f\u0436\u0430 \u0438 \u043f\u0440\u0438\u0447\u0435\u0441\u043e\u043a","publisher":{"@id":"https:\/\/msakademija.com\/#organization"},"potentialAction":[{"@type":"SearchAction","target":{"@type":"EntryPoint","urlTemplate":"https:\/\/msakademija.com\/?s={search_term_string}"},"query-input":{"@type":"PropertyValueSpecification","valueRequired":true,"valueName":"search_term_string"}}],"inLanguage":"ru-RU"},{"@type":"Organization","@id":"https:\/\/msakademija.com\/#organization","name":"\u0410\u043a\u0430\u0434\u0435\u043c\u0438\u044f MS","url":"https:\/\/msakademija.com\/","logo":{"@type":"ImageObject","inLanguage":"ru-RU","@id":"https:\/\/msakademija.com\/#\/schema\/logo\/image\/","url":"https:\/\/msakademija.com\/wp-content\/uploads\/2021\/05\/logo_juodas_HEADERMS.png","contentUrl":"https:\/\/msakademija.com\/wp-content\/uploads\/2021\/05\/logo_juodas_HEADERMS.png","width":500,"height":210,"caption":"MS akademija"},"image":{"@id":"https:\/\/msakademija.com\/#\/schema\/logo\/image\/"},"sameAs":["https:\/\/www.facebook.com\/msakademijavilnius\/","https:\/\/www.instagram.com\/msakademija\/"]}]}},"jetpack_sharing_enabled":true,"_links":{"self":[{"href":"https:\/\/msakademija.com\/ru\/wp-json\/wp\/v2\/pages\/5948","targetHints":{"allow":["GET"]}}],"collection":[{"href":"https:\/\/msakademija.com\/ru\/wp-json\/wp\/v2\/pages"}],"about":[{"href":"https:\/\/msakademija.com\/ru\/wp-json\/wp\/v2\/types\/page"}],"author":[{"embeddable":true,"href":"https:\/\/msakademija.com\/ru\/wp-json\/wp\/v2\/users\/1"}],"replies":[{"embeddable":true,"href":"https:\/\/msakademija.com\/ru\/wp-json\/wp\/v2\/comments?post=5948"}],"version-history":[{"count":0,"href":"https:\/\/msakademija.com\/ru\/wp-json\/wp\/v2\/pages\/5948\/revisions"}],"wp:featuredmedia":[{"embeddable":true,"href":"https:\/\/msakademija.com\/ru\/wp-json\/wp\/v2\/media\/7205"}],"wp:attachment":[{"href":"https:\/\/msakademija.com\/ru\/wp-json\/wp\/v2\/media?parent=5948"}],"curies":[{"name":"wp","href":"https:\/\/api.w.org\/{rel}","templated":true}]}}