{"id":6013,"date":"2021-05-20T19:10:28","date_gmt":"2021-05-20T16:10:28","guid":{"rendered":"https:\/\/msakademija.com\/?page_id=6013"},"modified":"2026-05-10T19:22:28","modified_gmt":"2026-05-10T16:22:28","slug":"individualus-makiazo-kursas-pradedantiesiems","status":"publish","type":"page","link":"https:\/\/msakademija.com\/ru\/individualus-makiazo-kursas-pradedantiesiems\/","title":{"rendered":"\u0418\u043d\u0434\u0438\u0432\u0438\u0434\u0443\u0430\u043b\u044c\u043d\u044b\u0435 \u043a\u0443\u0440\u0441\u044b \u043c\u0430\u043a\u0438\u044f\u0436\u0430"},"content":{"rendered":"<div data-elementor-type=\"wp-page\" data-elementor-id=\"6013\" class=\"elementor elementor-6013\" data-elementor-post-type=\"page\">\n\t\t\t\t\t\t<section class=\"elementor-section elementor-top-section elementor-element elementor-element-2517384 elementor-section-boxed elementor-section-height-default elementor-section-height-default\" data-id=\"2517384\" data-element_type=\"section\" data-e-type=\"section\" data-settings=\"{&quot;background_background&quot;:&quot;classic&quot;,&quot;ekit_has_onepagescroll_dot&quot;:&quot;yes&quot;}\">\n\t\t\t\t\t\t<div class=\"elementor-container elementor-column-gap-default\">\n\t\t\t\t\t<div class=\"elementor-column elementor-col-100 elementor-top-column elementor-element elementor-element-a511554\" data-id=\"a511554\" data-element_type=\"column\" data-e-type=\"column\">\n\t\t\t<div class=\"elementor-widget-wrap elementor-element-populated\">\n\t\t\t\t\t\t<div class=\"elementor-element elementor-element-6f45f51 elementor-widget elementor-widget-spacer\" data-id=\"6f45f51\" data-element_type=\"widget\" data-e-type=\"widget\" data-settings=\"{&quot;ekit_we_effect_on&quot;:&quot;none&quot;}\" data-widget_type=\"spacer.default\">\n\t\t\t\t<div class=\"elementor-widget-container\">\n\t\t\t\t\t\t\t<div class=\"elementor-spacer\">\n\t\t\t<div class=\"elementor-spacer-inner\"><\/div>\n\t\t<\/div>\n\t\t\t\t\t\t<\/div>\n\t\t\t\t<\/div>\n\t\t\t\t\t<\/div>\n\t\t<\/div>\n\t\t\t\t\t<\/div>\n\t\t<\/section>\n\t\t\t\t<section class=\"elementor-section elementor-top-section elementor-element elementor-element-f68a09a elementor-section-full_width elementor-section-height-default elementor-section-height-default\" data-id=\"f68a09a\" data-element_type=\"section\" data-e-type=\"section\" data-settings=\"{&quot;background_background&quot;:&quot;classic&quot;,&quot;ekit_has_onepagescroll_dot&quot;:&quot;yes&quot;}\">\n\t\t\t\t\t\t<div class=\"elementor-container elementor-column-gap-default\">\n\t\t\t\t\t<div class=\"elementor-column elementor-col-100 elementor-top-column elementor-element elementor-element-2b2bea38\" data-id=\"2b2bea38\" data-element_type=\"column\" data-e-type=\"column\">\n\t\t\t<div class=\"elementor-widget-wrap elementor-element-populated\">\n\t\t\t\t\t\t<div class=\"elementor-element elementor-element-2799c345 elementor-widget elementor-widget-heading\" data-id=\"2799c345\" data-element_type=\"widget\" data-e-type=\"widget\" data-settings=\"{&quot;ekit_we_effect_on&quot;:&quot;none&quot;}\" data-widget_type=\"heading.default\">\n\t\t\t\t<div class=\"elementor-widget-container\">\n\t\t\t\t\t<h4 class=\"elementor-heading-title elementor-size-default\">Profesional\u016bs individual\u016bs makia\u017eo kursai pradedantiesiems Vilniuje<\/h4>\t\t\t\t<\/div>\n\t\t\t\t<\/div>\n\t\t\t\t<section class=\"elementor-section elementor-inner-section elementor-element elementor-element-75898818 elementor-section-boxed elementor-section-height-default elementor-section-height-default\" data-id=\"75898818\" data-element_type=\"section\" data-e-type=\"section\" data-settings=\"{&quot;ekit_has_onepagescroll_dot&quot;:&quot;yes&quot;}\">\n\t\t\t\t\t\t<div class=\"elementor-container elementor-column-gap-default\">\n\t\t\t\t\t<div class=\"elementor-column elementor-col-50 elementor-inner-column elementor-element elementor-element-68582876\" data-id=\"68582876\" data-element_type=\"column\" data-e-type=\"column\">\n\t\t\t<div class=\"elementor-widget-wrap elementor-element-populated\">\n\t\t\t\t\t\t<div class=\"elementor-element elementor-element-6030d0d elementor-widget elementor-widget-text-editor\" data-id=\"6030d0d\" data-element_type=\"widget\" data-e-type=\"widget\" data-settings=\"{&quot;ekit_we_effect_on&quot;:&quot;none&quot;}\" data-widget_type=\"text-editor.default\">\n\t\t\t\t<div class=\"elementor-widget-container\">\n\t\t\t\t\t\t\t\t\t<p><img decoding=\"async\" class=\"an1\" draggable=\"false\" src=\"https:\/\/fonts.gstatic.com\/s\/e\/notoemoji\/17.0\/2728\/72.png\" alt=\"\u2728\" data-emoji=\"\u2728\" aria-label=\"\u2728\" \/>\u00a0Individualus PRO makia\u017eo kursas pradedantiesiems \u2013 tai profesional\u016bs makia\u017eo mokymai Vilniuje, skirti norin\u010dioms i\u0161mokti makia\u017eo nuo pagrind\u0173 ir prad\u0117ti savo keli\u0105 gro\u017eio srityje.<\/p><p>Kursas vyksta individualiai, tod\u0117l visas d\u0117mesys skiriamas tik jums. Mokymai vyksta step by step principu \u2013 ai\u0161kiai, nuosekliai ir su daug praktikos. \u0160ie makia\u017eo kursai tinka tiek visi\u0161kai pradedan\u010dioms, tiek norin\u010dioms sustiprinti savo \u012fg\u016bd\u017eius.<\/p><h2><span style=\"color: #fcfafa;\"><b>K\u0105 i\u0161moksite individualaus makia\u017eo kurso metu?<\/b><\/span><\/h2><p>Per kurs\u0105 i\u0161moksite atlikti populiariausius ir klient\u0173 labiausiai pasirenkamus makia\u017eus:<\/p><p><img decoding=\"async\" class=\"an1\" draggable=\"false\" src=\"https:\/\/fonts.gstatic.com\/s\/e\/notoemoji\/17.0\/2728\/72.png\" alt=\"\u2728\" data-emoji=\"\u2728\" aria-label=\"\u2728\" \/>\u00a0Dienin\u012f makia\u017e\u0105<br \/><img decoding=\"async\" class=\"an1\" draggable=\"false\" src=\"https:\/\/fonts.gstatic.com\/s\/e\/notoemoji\/17.0\/2728\/72.png\" alt=\"\u2728\" data-emoji=\"\u2728\" aria-label=\"\u2728\" \/>\u00a0Vakarin\u012f makia\u017e\u0105<br \/><br \/><img decoding=\"async\" class=\"an1\" draggable=\"false\" src=\"https:\/\/fonts.gstatic.com\/s\/e\/notoemoji\/17.0\/2728\/72.png\" alt=\"\u2728\" data-emoji=\"\u2728\" aria-label=\"\u2728\" \/>\u00a0Makia\u017e\u0105 su pravedimu<br \/><img decoding=\"async\" class=\"an1\" draggable=\"false\" src=\"https:\/\/fonts.gstatic.com\/s\/e\/notoemoji\/17.0\/2728\/72.png\" alt=\"\u2728\" data-emoji=\"\u2728\" aria-label=\"\u2728\" \/>\u00a0Brand\u017eios odos makia\u017e\u0105<br \/><img decoding=\"async\" class=\"an1\" draggable=\"false\" src=\"https:\/\/fonts.gstatic.com\/s\/e\/notoemoji\/17.0\/2728\/72.png\" alt=\"\u2728\" data-emoji=\"\u2728\" aria-label=\"\u2728\" \/>\u00a0Smokey eyes makia\u017e\u0105<br \/><img decoding=\"async\" class=\"an1\" draggable=\"false\" src=\"https:\/\/fonts.gstatic.com\/s\/e\/notoemoji\/17.0\/2728\/72.png\" alt=\"\u2728\" data-emoji=\"\u2728\" aria-label=\"\u2728\" \/>\u00a0Profesionalaus makia\u017eo pagrindus<br \/><img decoding=\"async\" class=\"an1\" draggable=\"false\" src=\"https:\/\/fonts.gstatic.com\/s\/e\/notoemoji\/17.0\/2728\/72.png\" alt=\"\u2728\" data-emoji=\"\u2728\" aria-label=\"\u2728\" \/>\u00a0Taisykling\u0105 makia\u017eo fotografavim\u0105 ir turinio k\u016brim\u0105 socialiniams tinklams<\/p>\t\t\t\t\t\t\t\t<\/div>\n\t\t\t\t<\/div>\n\t\t\t\t<div class=\"elementor-element elementor-element-9614e10 elementor-widget__width-initial elementor-widget elementor-widget-text-editor\" data-id=\"9614e10\" data-element_type=\"widget\" data-e-type=\"widget\" data-settings=\"{&quot;ekit_we_effect_on&quot;:&quot;none&quot;}\" data-widget_type=\"text-editor.default\">\n\t\t\t\t<div class=\"elementor-widget-container\">\n\t\t\t\t\t\t\t\t\t<h2><span style=\"color: #faf5f5;\"><b>Praktiniai makia\u017eo mokymai su modeliais<\/b><\/span><\/h2><p>Kurs\u0105 sudaro 6 individualios pamokos, o kiekviena pamoka vyksta su praktika ant modeli\u0173.<\/p><p>MS Akademija suteikia:<br \/><img decoding=\"async\" class=\"an1\" draggable=\"false\" src=\"https:\/\/fonts.gstatic.com\/s\/e\/notoemoji\/17.0\/25ab_fe0f\/72.png\" alt=\"\u25ab\ufe0f\" data-emoji=\"\u25ab\ufe0f\" aria-label=\"\u25ab\ufe0f\" \/>\u00a0Visas profesionalias makia\u017eo priemones<br \/><img decoding=\"async\" class=\"an1\" draggable=\"false\" src=\"https:\/\/fonts.gstatic.com\/s\/e\/notoemoji\/17.0\/25ab_fe0f\/72.png\" alt=\"\u25ab\ufe0f\" data-emoji=\"\u25ab\ufe0f\" aria-label=\"\u25ab\ufe0f\" \/>\u00a0Profesionali\u0105 kosmetik\u0105 ir teptukus darbo metu<br \/><img decoding=\"async\" class=\"an1\" draggable=\"false\" src=\"https:\/\/fonts.gstatic.com\/s\/e\/notoemoji\/17.0\/25ab_fe0f\/72.png\" alt=\"\u25ab\ufe0f\" data-emoji=\"\u25ab\ufe0f\" aria-label=\"\u25ab\ufe0f\" \/>\u00a0Mokom\u0105j\u0105 med\u017eiag\u0105 ir konspektus<br \/><img decoding=\"async\" class=\"an1\" draggable=\"false\" src=\"https:\/\/fonts.gstatic.com\/s\/e\/notoemoji\/17.0\/25ab_fe0f\/72.png\" alt=\"\u25ab\ufe0f\" data-emoji=\"\u25ab\ufe0f\" aria-label=\"\u25ab\ufe0f\" \/>\u00a0Pagalb\u0105 surandant modelius praktikai<br \/><img decoding=\"async\" class=\"an1\" draggable=\"false\" src=\"https:\/\/fonts.gstatic.com\/s\/e\/notoemoji\/17.0\/25ab_fe0f\/72.png\" alt=\"\u25ab\ufe0f\" data-emoji=\"\u25ab\ufe0f\" aria-label=\"\u25ab\ufe0f\" \/>\u00a0Profesionali\u0105 ir jauki\u0105 aplink\u0105 mokymams<\/p><h2><span style=\"background-color: #fcfafa;\"><b>Ne tik makia\u017eo kursai \u2013 bet ir pasiruo\u0161imas darbui su klientais<\/b><\/span><\/h2><p>\u0160i\u0173 individuali\u0173 makia\u017eo mokym\u0173 metu dalinam\u0117s ne tik technin\u0117mis \u017einiomis, bet ir realia patirtimi i\u0161 gro\u017eio industrijos.<\/p><p>Kurso metu su\u017einosite:<br \/><img decoding=\"async\" class=\"an1\" draggable=\"false\" src=\"https:\/\/fonts.gstatic.com\/s\/e\/notoemoji\/17.0\/2728\/72.png\" alt=\"\u2728\" data-emoji=\"\u2728\" aria-label=\"\u2728\" \/>\u00a0Kaip prad\u0117ti dirbti viza\u017eo srityje<br \/><img decoding=\"async\" class=\"an1\" draggable=\"false\" src=\"https:\/\/fonts.gstatic.com\/s\/e\/notoemoji\/17.0\/2728\/72.png\" alt=\"\u2728\" data-emoji=\"\u2728\" aria-label=\"\u2728\" \/>\u00a0Kaip ie\u0161koti pirm\u0173j\u0173 klient\u0173<br \/><img decoding=\"async\" class=\"an1\" draggable=\"false\" src=\"https:\/\/fonts.gstatic.com\/s\/e\/notoemoji\/17.0\/2728\/72.png\" alt=\"\u2728\" data-emoji=\"\u2728\" aria-label=\"\u2728\" \/>\u00a0Kaip vesti socialinius tinklus gro\u017eio meistrui<br \/><img decoding=\"async\" class=\"an1\" draggable=\"false\" src=\"https:\/\/fonts.gstatic.com\/s\/e\/notoemoji\/17.0\/2728\/72.png\" alt=\"\u2728\" data-emoji=\"\u2728\" aria-label=\"\u2728\" \/>\u00a0Kaip kurti savo, kaip makia\u017eo meistro, \u012fvaizd\u012f<br \/><img decoding=\"async\" class=\"an1\" draggable=\"false\" src=\"https:\/\/fonts.gstatic.com\/s\/e\/notoemoji\/17.0\/2728\/72.png\" alt=\"\u2728\" data-emoji=\"\u2728\" aria-label=\"\u2728\" \/>\u00a0Psichologinius aspektus dirbant su klientais<\/p><h2><b>Kod\u0117l verta rinktis individualius makia\u017eo kursus?<\/b><\/h2><p>Individual\u016bs makia\u017eo kursai leid\u017eia grei\u010diau pasiekti rezultat\u0173, nes visa programa pritaikoma pagal j\u016bs\u0173 lyg\u012f, temp\u0105 ir poreikius. Mokym\u0173 metu gaunate maksimal\u0173 d\u0117mes\u012f, daugiau praktikos ir ai\u0161kius atsakymus \u012f visus r\u016bpimus klausimus.<\/p><p><img decoding=\"async\" class=\"an1\" draggable=\"false\" src=\"https:\/\/fonts.gstatic.com\/s\/e\/notoemoji\/17.0\/2728\/72.png\" alt=\"\u2728\" data-emoji=\"\u2728\" aria-label=\"\u2728\" \/>\u00a0Jei svajojate tapti makia\u017eo meistre arba norite profesionaliai i\u0161mokti makia\u017eo sau \u2013 \u0161is kursas kaip tik jums.<\/p>\t\t\t\t\t\t\t\t<\/div>\n\t\t\t\t<\/div>\n\t\t\t\t\t<\/div>\n\t\t<\/div>\n\t\t\t\t<div class=\"elementor-column elementor-col-50 elementor-inner-column elementor-element elementor-element-3c799622\" data-id=\"3c799622\" data-element_type=\"column\" data-e-type=\"column\">\n\t\t\t<div class=\"elementor-widget-wrap elementor-element-populated\">\n\t\t\t\t\t\t<div class=\"elementor-element elementor-element-16d2dcd1 elementor-widget__width-inherit elementor-widget elementor-widget-text-editor\" data-id=\"16d2dcd1\" data-element_type=\"widget\" data-e-type=\"widget\" data-settings=\"{&quot;ekit_we_effect_on&quot;:&quot;none&quot;}\" data-widget_type=\"text-editor.default\">\n\t\t\t\t<div class=\"elementor-widget-container\">\n\t\t\t\t\t\t\t\t\t<img fetchpriority=\"high\" decoding=\"async\" class=\"wp-image-14172 size-large\" src=\"https:\/\/msakademija.com\/wp-content\/uploads\/2026\/05\/662746235_18462333586098672_7422617201816488126_n-768x1024.jpg\" alt=\"\u043a\u0443\u0440\u0441\u044b \u043c\u0430\u043a\u0438\u044f\u0436\u0430\" width=\"768\" height=\"1024\" srcset=\"https:\/\/msakademija.com\/wp-content\/uploads\/2026\/05\/662746235_18462333586098672_7422617201816488126_n-768x1024.jpg 768w, https:\/\/msakademija.com\/wp-content\/uploads\/2026\/05\/662746235_18462333586098672_7422617201816488126_n-225x300.jpg 225w, https:\/\/msakademija.com\/wp-content\/uploads\/2026\/05\/662746235_18462333586098672_7422617201816488126_n-1152x1536.jpg 1152w, https:\/\/msakademija.com\/wp-content\/uploads\/2026\/05\/662746235_18462333586098672_7422617201816488126_n-9x12.jpg 9w, https:\/\/msakademija.com\/wp-content\/uploads\/2026\/05\/662746235_18462333586098672_7422617201816488126_n-510x680.jpg 510w, https:\/\/msakademija.com\/wp-content\/uploads\/2026\/05\/662746235_18462333586098672_7422617201816488126_n.jpg 1440w\" sizes=\"(max-width: 768px) 100vw, 768px\" \/>\u00a0 Viza\u017eo kursai<\/p>\t\t\t\t\t\t\t\t<\/div>\n\t\t\t\t<\/div>\n\t\t\t\t\t<\/div>\n\t\t<\/div>\n\t\t\t\t\t<\/div>\n\t\t<\/section>\n\t\t\t\t\t<\/div>\n\t\t<\/div>\n\t\t\t\t\t<\/div>\n\t\t<\/section>\n\t\t\t\t<\/div>","protected":false},"excerpt":{"rendered":"<p>Profesional\u016bs individual\u016bs makia\u017eo kursai pradedantiesiems Vilniuje \u00a0Individualus PRO makia\u017eo kursas pradedantiesiems \u2013 tai profesional\u016bs makia\u017eo mokymai Vilniuje, skirti norin\u010dioms i\u0161mokti makia\u017eo nuo pagrind\u0173 ir prad\u0117ti savo keli\u0105 gro\u017eio srityje. Kursas vyksta individualiai, tod\u0117l visas d\u0117mesys skiriamas tik jums. Mokymai vyksta step by step principu \u2013 ai\u0161kiai, nuosekliai ir su daug praktikos. \u0160ie makia\u017eo kursai tinka [&#8230;]\n","protected":false},"author":1,"featured_media":14172,"parent":0,"menu_order":0,"comment_status":"closed","ping_status":"closed","template":"elementor_header_footer","meta":{"footnotes":""},"class_list":["post-6013","page","type-page","status-publish","has-post-thumbnail","hentry"],"yoast_head":"<!-- This site is optimized with the Yoast SEO Premium plugin v27.5 (Yoast SEO v27.5) - https:\/\/yoast.com\/product\/yoast-seo-premium-wordpress\/ -->\n<title>Individual\u016bs makia\u017eo kursai - MS akademija individual\u016bs makia\u017eo kursai<\/title>\n<meta name=\"description\" content=\"Individual\u016bs makia\u017eo kursai pradedantiesiems Vilniuje, 6 praktin\u0117s pamokos su modeliais, visos priemon\u0117s suteikiamos\" \/>\n<meta name=\"robots\" content=\"index, follow, max-snippet:-1, max-image-preview:large, max-video-preview:-1\" \/>\n<link rel=\"canonical\" href=\"https:\/\/msakademija.com\/ru\/individualus-makiazo-kursas-pradedantiesiems\/\" \/>\n<meta property=\"og:locale\" content=\"ru_RU\" \/>\n<meta property=\"og:type\" content=\"article\" \/>\n<meta property=\"og:title\" content=\"Individual\u016bs makia\u017eo kursai\" \/>\n<meta property=\"og:description\" content=\"Individual\u016bs makia\u017eo kursai pradedantiesiems Vilniuje, 6 praktin\u0117s pamokos su modeliais, visos priemon\u0117s suteikiamos\" \/>\n<meta property=\"og:url\" content=\"https:\/\/msakademija.com\/ru\/individualus-makiazo-kursas-pradedantiesiems\/\" \/>\n<meta property=\"og:site_name\" content=\"MS akademija\" \/>\n<meta property=\"article:publisher\" content=\"https:\/\/www.facebook.com\/msakademijavilnius\/\" \/>\n<meta property=\"article:modified_time\" content=\"2026-05-10T16:22:28+00:00\" \/>\n<meta property=\"og:image\" content=\"https:\/\/msakademija.com\/wp-content\/uploads\/2026\/05\/662746235_18462333586098672_7422617201816488126_n.jpg\" \/>\n\t<meta property=\"og:image:width\" content=\"1440\" \/>\n\t<meta property=\"og:image:height\" content=\"1920\" \/>\n\t<meta property=\"og:image:type\" content=\"image\/jpeg\" \/>\n<meta name=\"twitter:card\" content=\"summary_large_image\" \/>\n<meta name=\"twitter:label1\" content=\"\u041f\u0440\u0438\u043c\u0435\u0440\u043d\u043e\u0435 \u0432\u0440\u0435\u043c\u044f \u0434\u043b\u044f \u0447\u0442\u0435\u043d\u0438\u044f\" \/>\n\t<meta name=\"twitter:data1\" content=\"6 \u043c\u0438\u043d\u0443\u0442\" \/>\n<script type=\"application\/ld+json\" class=\"yoast-schema-graph\">{\"@context\":\"https:\\\/\\\/schema.org\",\"@graph\":[{\"@type\":\"WebPage\",\"@id\":\"https:\\\/\\\/msakademija.com\\\/individualus-makiazo-kursas-pradedantiesiems\\\/\",\"url\":\"https:\\\/\\\/msakademija.com\\\/individualus-makiazo-kursas-pradedantiesiems\\\/\",\"name\":\"Individual\u016bs makia\u017eo kursai - MS akademija individual\u016bs makia\u017eo kursai\",\"isPartOf\":{\"@id\":\"https:\\\/\\\/msakademija.com\\\/#website\"},\"primaryImageOfPage\":{\"@id\":\"https:\\\/\\\/msakademija.com\\\/individualus-makiazo-kursas-pradedantiesiems\\\/#primaryimage\"},\"image\":{\"@id\":\"https:\\\/\\\/msakademija.com\\\/individualus-makiazo-kursas-pradedantiesiems\\\/#primaryimage\"},\"thumbnailUrl\":\"https:\\\/\\\/msakademija.com\\\/wp-content\\\/uploads\\\/2026\\\/05\\\/662746235_18462333586098672_7422617201816488126_n.jpg\",\"datePublished\":\"2021-05-20T16:10:28+00:00\",\"dateModified\":\"2026-05-10T16:22:28+00:00\",\"description\":\"Individual\u016bs makia\u017eo kursai pradedantiesiems Vilniuje, 6 praktin\u0117s pamokos su modeliais, visos priemon\u0117s suteikiamos\",\"breadcrumb\":{\"@id\":\"https:\\\/\\\/msakademija.com\\\/individualus-makiazo-kursas-pradedantiesiems\\\/#breadcrumb\"},\"inLanguage\":\"ru-RU\",\"potentialAction\":[{\"@type\":\"ReadAction\",\"target\":[\"https:\\\/\\\/msakademija.com\\\/individualus-makiazo-kursas-pradedantiesiems\\\/\"]}]},{\"@type\":\"ImageObject\",\"inLanguage\":\"ru-RU\",\"@id\":\"https:\\\/\\\/msakademija.com\\\/individualus-makiazo-kursas-pradedantiesiems\\\/#primaryimage\",\"url\":\"https:\\\/\\\/msakademija.com\\\/wp-content\\\/uploads\\\/2026\\\/05\\\/662746235_18462333586098672_7422617201816488126_n.jpg\",\"contentUrl\":\"https:\\\/\\\/msakademija.com\\\/wp-content\\\/uploads\\\/2026\\\/05\\\/662746235_18462333586098672_7422617201816488126_n.jpg\",\"width\":1440,\"height\":1920,\"caption\":\"vizazo kursai\"},{\"@type\":\"BreadcrumbList\",\"@id\":\"https:\\\/\\\/msakademija.com\\\/individualus-makiazo-kursas-pradedantiesiems\\\/#breadcrumb\",\"itemListElement\":[{\"@type\":\"ListItem\",\"position\":1,\"name\":\"Home\",\"item\":\"https:\\\/\\\/msakademija.com\\\/\"},{\"@type\":\"ListItem\",\"position\":2,\"name\":\"Individual\u016bs makia\u017eo kursai\"}]},{\"@type\":\"WebSite\",\"@id\":\"https:\\\/\\\/msakademija.com\\\/#website\",\"url\":\"https:\\\/\\\/msakademija.com\\\/\",\"name\":\"MS akademija\",\"description\":\"Makia\u017eo ir \u0161ukuosenos akademija\",\"publisher\":{\"@id\":\"https:\\\/\\\/msakademija.com\\\/#organization\"},\"potentialAction\":[{\"@type\":\"SearchAction\",\"target\":{\"@type\":\"EntryPoint\",\"urlTemplate\":\"https:\\\/\\\/msakademija.com\\\/?s={search_term_string}\"},\"query-input\":{\"@type\":\"PropertyValueSpecification\",\"valueRequired\":true,\"valueName\":\"search_term_string\"}}],\"inLanguage\":\"ru-RU\"},{\"@type\":\"Organization\",\"@id\":\"https:\\\/\\\/msakademija.com\\\/#organization\",\"name\":\"MS akademija\",\"url\":\"https:\\\/\\\/msakademija.com\\\/\",\"logo\":{\"@type\":\"ImageObject\",\"inLanguage\":\"ru-RU\",\"@id\":\"https:\\\/\\\/msakademija.com\\\/#\\\/schema\\\/logo\\\/image\\\/\",\"url\":\"https:\\\/\\\/msakademija.com\\\/wp-content\\\/uploads\\\/2021\\\/05\\\/logo_juodas_HEADERMS.png\",\"contentUrl\":\"https:\\\/\\\/msakademija.com\\\/wp-content\\\/uploads\\\/2021\\\/05\\\/logo_juodas_HEADERMS.png\",\"width\":500,\"height\":210,\"caption\":\"MS akademija\"},\"image\":{\"@id\":\"https:\\\/\\\/msakademija.com\\\/#\\\/schema\\\/logo\\\/image\\\/\"},\"sameAs\":[\"https:\\\/\\\/www.facebook.com\\\/msakademijavilnius\\\/\",\"https:\\\/\\\/www.instagram.com\\\/msakademija\\\/\"]}]}<\/script>\n<!-- \/ Yoast SEO Premium plugin. -->","yoast_head_json":{"title":"Individual\u016bs makia\u017eo kursai - MS akademija individual\u016bs makia\u017eo kursai","description":"Individual\u016bs makia\u017eo kursai pradedantiesiems Vilniuje, 6 praktin\u0117s pamokos su modeliais, visos priemon\u0117s suteikiamos","robots":{"index":"index","follow":"follow","max-snippet":"max-snippet:-1","max-image-preview":"max-image-preview:large","max-video-preview":"max-video-preview:-1"},"canonical":"https:\/\/msakademija.com\/ru\/individualus-makiazo-kursas-pradedantiesiems\/","og_locale":"ru_RU","og_type":"article","og_title":"Individual\u016bs makia\u017eo kursai","og_description":"Individual\u016bs makia\u017eo kursai pradedantiesiems Vilniuje, 6 praktin\u0117s pamokos su modeliais, visos priemon\u0117s suteikiamos","og_url":"https:\/\/msakademija.com\/ru\/individualus-makiazo-kursas-pradedantiesiems\/","og_site_name":"MS akademija","article_publisher":"https:\/\/www.facebook.com\/msakademijavilnius\/","article_modified_time":"2026-05-10T16:22:28+00:00","og_image":[{"width":1440,"height":1920,"url":"https:\/\/msakademija.com\/wp-content\/uploads\/2026\/05\/662746235_18462333586098672_7422617201816488126_n.jpg","type":"image\/jpeg"}],"twitter_card":"summary_large_image","twitter_misc":{"\u041f\u0440\u0438\u043c\u0435\u0440\u043d\u043e\u0435 \u0432\u0440\u0435\u043c\u044f \u0434\u043b\u044f \u0447\u0442\u0435\u043d\u0438\u044f":"6 \u043c\u0438\u043d\u0443\u0442"},"schema":{"@context":"https:\/\/schema.org","@graph":[{"@type":"WebPage","@id":"https:\/\/msakademija.com\/individualus-makiazo-kursas-pradedantiesiems\/","url":"https:\/\/msakademija.com\/individualus-makiazo-kursas-pradedantiesiems\/","name":"Individual\u016bs makia\u017eo kursai - MS akademija individual\u016bs makia\u017eo kursai","isPartOf":{"@id":"https:\/\/msakademija.com\/#website"},"primaryImageOfPage":{"@id":"https:\/\/msakademija.com\/individualus-makiazo-kursas-pradedantiesiems\/#primaryimage"},"image":{"@id":"https:\/\/msakademija.com\/individualus-makiazo-kursas-pradedantiesiems\/#primaryimage"},"thumbnailUrl":"https:\/\/msakademija.com\/wp-content\/uploads\/2026\/05\/662746235_18462333586098672_7422617201816488126_n.jpg","datePublished":"2021-05-20T16:10:28+00:00","dateModified":"2026-05-10T16:22:28+00:00","description":"Individual\u016bs makia\u017eo kursai pradedantiesiems Vilniuje, 6 praktin\u0117s pamokos su modeliais, visos priemon\u0117s suteikiamos","breadcrumb":{"@id":"https:\/\/msakademija.com\/individualus-makiazo-kursas-pradedantiesiems\/#breadcrumb"},"inLanguage":"ru-RU","potentialAction":[{"@type":"ReadAction","target":["https:\/\/msakademija.com\/individualus-makiazo-kursas-pradedantiesiems\/"]}]},{"@type":"ImageObject","inLanguage":"ru-RU","@id":"https:\/\/msakademija.com\/individualus-makiazo-kursas-pradedantiesiems\/#primaryimage","url":"https:\/\/msakademija.com\/wp-content\/uploads\/2026\/05\/662746235_18462333586098672_7422617201816488126_n.jpg","contentUrl":"https:\/\/msakademija.com\/wp-content\/uploads\/2026\/05\/662746235_18462333586098672_7422617201816488126_n.jpg","width":1440,"height":1920,"caption":"vizazo kursai"},{"@type":"BreadcrumbList","@id":"https:\/\/msakademija.com\/individualus-makiazo-kursas-pradedantiesiems\/#breadcrumb","itemListElement":[{"@type":"ListItem","position":1,"name":"Home","item":"https:\/\/msakademija.com\/"},{"@type":"ListItem","position":2,"name":"Individual\u016bs makia\u017eo kursai"}]},{"@type":"WebSite","@id":"https:\/\/msakademija.com\/#website","url":"https:\/\/msakademija.com\/","name":"\u0410\u043a\u0430\u0434\u0435\u043c\u0438\u044f MS","description":"\u0410\u043a\u0430\u0434\u0435\u043c\u0438\u044f \u043c\u0430\u043a\u0438\u044f\u0436\u0430 \u0438 \u043f\u0440\u0438\u0447\u0435\u0441\u043e\u043a","publisher":{"@id":"https:\/\/msakademija.com\/#organization"},"potentialAction":[{"@type":"SearchAction","target":{"@type":"EntryPoint","urlTemplate":"https:\/\/msakademija.com\/?s={search_term_string}"},"query-input":{"@type":"PropertyValueSpecification","valueRequired":true,"valueName":"search_term_string"}}],"inLanguage":"ru-RU"},{"@type":"Organization","@id":"https:\/\/msakademija.com\/#organization","name":"\u0410\u043a\u0430\u0434\u0435\u043c\u0438\u044f MS","url":"https:\/\/msakademija.com\/","logo":{"@type":"ImageObject","inLanguage":"ru-RU","@id":"https:\/\/msakademija.com\/#\/schema\/logo\/image\/","url":"https:\/\/msakademija.com\/wp-content\/uploads\/2021\/05\/logo_juodas_HEADERMS.png","contentUrl":"https:\/\/msakademija.com\/wp-content\/uploads\/2021\/05\/logo_juodas_HEADERMS.png","width":500,"height":210,"caption":"MS akademija"},"image":{"@id":"https:\/\/msakademija.com\/#\/schema\/logo\/image\/"},"sameAs":["https:\/\/www.facebook.com\/msakademijavilnius\/","https:\/\/www.instagram.com\/msakademija\/"]}]}},"jetpack_sharing_enabled":true,"_links":{"self":[{"href":"https:\/\/msakademija.com\/ru\/wp-json\/wp\/v2\/pages\/6013","targetHints":{"allow":["GET"]}}],"collection":[{"href":"https:\/\/msakademija.com\/ru\/wp-json\/wp\/v2\/pages"}],"about":[{"href":"https:\/\/msakademija.com\/ru\/wp-json\/wp\/v2\/types\/page"}],"author":[{"embeddable":true,"href":"https:\/\/msakademija.com\/ru\/wp-json\/wp\/v2\/users\/1"}],"replies":[{"embeddable":true,"href":"https:\/\/msakademija.com\/ru\/wp-json\/wp\/v2\/comments?post=6013"}],"version-history":[{"count":4,"href":"https:\/\/msakademija.com\/ru\/wp-json\/wp\/v2\/pages\/6013\/revisions"}],"predecessor-version":[{"id":14176,"href":"https:\/\/msakademija.com\/ru\/wp-json\/wp\/v2\/pages\/6013\/revisions\/14176"}],"wp:featuredmedia":[{"embeddable":true,"href":"https:\/\/msakademija.com\/ru\/wp-json\/wp\/v2\/media\/14172"}],"wp:attachment":[{"href":"https:\/\/msakademija.com\/ru\/wp-json\/wp\/v2\/media?parent=6013"}],"curies":[{"name":"wp","href":"https:\/\/api.w.org\/{rel}","templated":true}]}}