{"id":10077,"date":"2024-06-05T23:47:18","date_gmt":"2024-06-05T20:47:18","guid":{"rendered":"https:\/\/msakademija.com\/?post_type=product&#038;p=10077"},"modified":"2026-05-03T12:56:25","modified_gmt":"2026-05-03T09:56:25","slug":"%d1%83%d0%b2%d0%b5%d0%bb%d0%b8%d1%87%d0%b8%d1%82%d0%b5%d0%bb%d1%8c%d0%bd%d1%8b%d0%b5-%d1%81%d1%82%d0%b5%d0%ba%d0%bb%d0%b0-2","status":"publish","type":"product","link":"https:\/\/msakademija.com\/ru\/produktas\/lupu-piestukas-2\/","title":{"rendered":"\u041a\u0430\u0440\u0430\u043d\u0434\u0430\u0448 \u0434\u043b\u044f \u0433\u0443\u0431 Miss Tais"},"content":{"rendered":"<p>\u041a\u0430\u0440\u0430\u043d\u0434\u0430\u0448\u0438 \u0434\u043b\u044f \u0433\u0443\u0431 Miss Tais<\/p>\n<p>\u041c\u044f\u0433\u043a\u0438\u0439, \u043f\u0438\u0433\u043c\u0435\u043d\u0442\u0438\u0440\u043e\u0432\u0430\u043d\u043d\u044b\u0439, \u0441 \u043e\u0442\u043b\u0438\u0447\u043d\u043e\u0439 \u0441\u0442\u043e\u0439\u043a\u043e\u0441\u0442\u044c\u044e.<\/p>","protected":false},"excerpt":{"rendered":"<p>L\u016bp\u0173 pie\u0161tukai Miss Tais Mink\u0161ti, pigmentuoti, puikiai i\u0161silaikantys<\/p>","protected":false},"featured_media":10083,"comment_status":"open","ping_status":"closed","template":"","meta":[],"product_brand":[],"product_cat":[33,34,20],"product_tag":[172],"class_list":{"0":"post-10077","1":"product","2":"type-product","3":"status-publish","4":"has-post-thumbnail","6":"product_cat-lupoms","7":"product_cat-piestukai","8":"product_cat-priemones-makiazui","9":"product_tag-lupoms-piestukai","11":"first","12":"instock","13":"shipping-taxable","14":"purchasable","15":"product-type-variable"},"yoast_head":"<!-- This site is optimized with the Yoast SEO Premium plugin v27.5 (Yoast SEO v27.5) - https:\/\/yoast.com\/product\/yoast-seo-premium-wordpress\/ -->\n<title>L\u016bp\u0173 pie\u0161tukas Miss Tais - MS akademija<\/title>\n<meta name=\"description\" content=\"Miss Tais l\u016bp\u0173 pie\u0161tukai. Labai mink\u0161ti ir pigmentuoti. Puikiai laikosi, sklaidosi, dengiasi. Nesausina l\u016bp\u0173. Puikios spalvos\" \/>\n<meta name=\"robots\" content=\"index, follow, max-snippet:-1, max-image-preview:large, max-video-preview:-1\" \/>\n<link rel=\"canonical\" href=\"https:\/\/msakademija.com\/ru\/product\/\u0443\u0432\u0435\u043b\u0438\u0447\u0438\u0442\u0435\u043b\u044c\u043d\u044b\u0435-\u0441\u0442\u0435\u043a\u043b\u0430-2\/\" \/>\n<meta property=\"og:locale\" content=\"ru_RU\" \/>\n<meta property=\"og:type\" content=\"article\" \/>\n<meta property=\"og:title\" content=\"L\u016bp\u0173 pie\u0161tukas Miss Tais\" \/>\n<meta property=\"og:description\" content=\"Miss Tais l\u016bp\u0173 pie\u0161tukai. Labai mink\u0161ti ir pigmentuoti. Puikiai laikosi, sklaidosi, dengiasi. Nesausina l\u016bp\u0173. Puikios spalvos\" \/>\n<meta property=\"og:url\" content=\"https:\/\/msakademija.com\/ru\/product\/\u0443\u0432\u0435\u043b\u0438\u0447\u0438\u0442\u0435\u043b\u044c\u043d\u044b\u0435-\u0441\u0442\u0435\u043a\u043b\u0430-2\/\" \/>\n<meta property=\"og:site_name\" content=\"MS akademija\" \/>\n<meta property=\"article:publisher\" content=\"https:\/\/www.facebook.com\/msakademijavilnius\/\" \/>\n<meta property=\"article:modified_time\" content=\"2026-05-03T09:56:25+00:00\" \/>\n<meta property=\"og:image\" content=\"https:\/\/msakademija.com\/wp-content\/uploads\/2024\/06\/441202501_803883058372309_5274308329265347955_n.jpg\" \/>\n\t<meta property=\"og:image:width\" content=\"1179\" \/>\n\t<meta property=\"og:image:height\" content=\"1347\" \/>\n\t<meta property=\"og:image:type\" content=\"image\/jpeg\" \/>\n<meta name=\"twitter:card\" content=\"summary_large_image\" \/>\n<meta name=\"twitter:label1\" content=\"\u0414\u043e\u0441\u0442\u0443\u043f\u043d\u043e\u0441\u0442\u044c\" \/>\n\t<meta name=\"twitter:data1\" content=\"\u0412 \u043d\u0430\u043b\u0438\u0447\u0438\u0438\" \/>\n<script type=\"application\/ld+json\" class=\"yoast-schema-graph\">{\"@context\":\"https:\\\/\\\/schema.org\",\"@graph\":[{\"@type\":\"WebPage\",\"@id\":\"https:\\\/\\\/msakademija.com\\\/produktas\\\/lupu-piestukas-2\\\/\",\"url\":\"https:\\\/\\\/msakademija.com\\\/produktas\\\/lupu-piestukas-2\\\/\",\"name\":\"L\u016bp\u0173 pie\u0161tukas Miss Tais - MS akademija\",\"isPartOf\":{\"@id\":\"https:\\\/\\\/msakademija.com\\\/#website\"},\"primaryImageOfPage\":{\"@id\":\"https:\\\/\\\/msakademija.com\\\/produktas\\\/lupu-piestukas-2\\\/#primaryimage\"},\"image\":{\"@id\":\"https:\\\/\\\/msakademija.com\\\/produktas\\\/lupu-piestukas-2\\\/#primaryimage\"},\"thumbnailUrl\":\"https:\\\/\\\/msakademija.com\\\/wp-content\\\/uploads\\\/2024\\\/06\\\/441202501_803883058372309_5274308329265347955_n.jpg\",\"datePublished\":\"2024-06-05T20:47:18+00:00\",\"dateModified\":\"2026-05-03T09:56:25+00:00\",\"description\":\"Miss Tais l\u016bp\u0173 pie\u0161tukai. Labai mink\u0161ti ir pigmentuoti. Puikiai laikosi, sklaidosi, dengiasi. Nesausina l\u016bp\u0173. Puikios spalvos\",\"breadcrumb\":{\"@id\":\"https:\\\/\\\/msakademija.com\\\/produktas\\\/lupu-piestukas-2\\\/#breadcrumb\"},\"inLanguage\":\"ru-RU\",\"potentialAction\":[{\"@type\":\"ReadAction\",\"target\":[\"https:\\\/\\\/msakademija.com\\\/produktas\\\/lupu-piestukas-2\\\/\"]}]},{\"@type\":\"ImageObject\",\"inLanguage\":\"ru-RU\",\"@id\":\"https:\\\/\\\/msakademija.com\\\/produktas\\\/lupu-piestukas-2\\\/#primaryimage\",\"url\":\"https:\\\/\\\/msakademija.com\\\/wp-content\\\/uploads\\\/2024\\\/06\\\/441202501_803883058372309_5274308329265347955_n.jpg\",\"contentUrl\":\"https:\\\/\\\/msakademija.com\\\/wp-content\\\/uploads\\\/2024\\\/06\\\/441202501_803883058372309_5274308329265347955_n.jpg\",\"width\":1179,\"height\":1347,\"caption\":\"piestukas lupoms\"},{\"@type\":\"BreadcrumbList\",\"@id\":\"https:\\\/\\\/msakademija.com\\\/produktas\\\/lupu-piestukas-2\\\/#breadcrumb\",\"itemListElement\":[{\"@type\":\"ListItem\",\"position\":1,\"name\":\"Home\",\"item\":\"https:\\\/\\\/msakademija.com\\\/\"},{\"@type\":\"ListItem\",\"position\":2,\"name\":\"Parduotuv\u0117\",\"item\":\"https:\\\/\\\/msakademija.com\\\/makiazo-priemoniu-parduotuve\\\/\"},{\"@type\":\"ListItem\",\"position\":3,\"name\":\"L\u016bp\u0173 pie\u0161tukas Miss Tais\"}]},{\"@type\":\"WebSite\",\"@id\":\"https:\\\/\\\/msakademija.com\\\/#website\",\"url\":\"https:\\\/\\\/msakademija.com\\\/\",\"name\":\"MS akademija\",\"description\":\"Makia\u017eo ir \u0161ukuosenos akademija\",\"publisher\":{\"@id\":\"https:\\\/\\\/msakademija.com\\\/#organization\"},\"potentialAction\":[{\"@type\":\"SearchAction\",\"target\":{\"@type\":\"EntryPoint\",\"urlTemplate\":\"https:\\\/\\\/msakademija.com\\\/?s={search_term_string}\"},\"query-input\":{\"@type\":\"PropertyValueSpecification\",\"valueRequired\":true,\"valueName\":\"search_term_string\"}}],\"inLanguage\":\"ru-RU\"},{\"@type\":\"Organization\",\"@id\":\"https:\\\/\\\/msakademija.com\\\/#organization\",\"name\":\"MS akademija\",\"url\":\"https:\\\/\\\/msakademija.com\\\/\",\"logo\":{\"@type\":\"ImageObject\",\"inLanguage\":\"ru-RU\",\"@id\":\"https:\\\/\\\/msakademija.com\\\/#\\\/schema\\\/logo\\\/image\\\/\",\"url\":\"https:\\\/\\\/msakademija.com\\\/wp-content\\\/uploads\\\/2021\\\/05\\\/logo_juodas_HEADERMS.png\",\"contentUrl\":\"https:\\\/\\\/msakademija.com\\\/wp-content\\\/uploads\\\/2021\\\/05\\\/logo_juodas_HEADERMS.png\",\"width\":500,\"height\":210,\"caption\":\"MS akademija\"},\"image\":{\"@id\":\"https:\\\/\\\/msakademija.com\\\/#\\\/schema\\\/logo\\\/image\\\/\"},\"sameAs\":[\"https:\\\/\\\/www.facebook.com\\\/msakademijavilnius\\\/\",\"https:\\\/\\\/www.instagram.com\\\/msakademija\\\/\"]}]}<\/script>\n<meta property=\"product:brand\" content=\"Miss Tais\" \/>\n<meta property=\"og:availability\" content=\"instock\" \/>\n<meta property=\"product:availability\" content=\"instock\" \/>\n<meta property=\"product:condition\" content=\"new\" \/>\n<!-- \/ Yoast SEO Premium plugin. -->","yoast_head_json":{"title":"\u041a\u0430\u0440\u0430\u043d\u0434\u0430\u0448 \u0434\u043b\u044f \u0433\u0443\u0431 Miss Tais - \u0410\u043a\u0430\u0434\u0435\u043c\u0438\u044f MS","description":"\u041a\u0430\u0440\u0430\u043d\u0434\u0430\u0448\u0438 \u0434\u043b\u044f \u0433\u0443\u0431 Miss Tais. \u041e\u0447\u0435\u043d\u044c \u043c\u044f\u0433\u043a\u0438\u0435 \u0438 \u043f\u0438\u0433\u043c\u0435\u043d\u0442\u0438\u0440\u043e\u0432\u0430\u043d\u043d\u044b\u0435. \u0418\u0434\u0435\u0430\u043b\u044c\u043d\u0430\u044f \u0444\u0438\u043a\u0441\u0430\u0446\u0438\u044f, \u0441\u043c\u0435\u0448\u0438\u0432\u0430\u0435\u043c\u043e\u0441\u0442\u044c, \u043f\u043e\u043a\u0440\u044b\u0442\u0438\u0435. \u041d\u0435 \u0441\u0443\u0448\u0438\u0442 \u0433\u0443\u0431\u044b. \u0418\u0434\u0435\u0430\u043b\u044c\u043d\u044b\u0439 \u0446\u0432\u0435\u0442","robots":{"index":"index","follow":"follow","max-snippet":"max-snippet:-1","max-image-preview":"max-image-preview:large","max-video-preview":"max-video-preview:-1"},"canonical":"https:\/\/msakademija.com\/ru\/product\/\u0443\u0432\u0435\u043b\u0438\u0447\u0438\u0442\u0435\u043b\u044c\u043d\u044b\u0435-\u0441\u0442\u0435\u043a\u043b\u0430-2\/","og_locale":"ru_RU","og_type":"article","og_title":"L\u016bp\u0173 pie\u0161tukas Miss Tais","og_description":"Miss Tais l\u016bp\u0173 pie\u0161tukai. Labai mink\u0161ti ir pigmentuoti. Puikiai laikosi, sklaidosi, dengiasi. Nesausina l\u016bp\u0173. Puikios spalvos","og_url":"https:\/\/msakademija.com\/ru\/product\/\u0443\u0432\u0435\u043b\u0438\u0447\u0438\u0442\u0435\u043b\u044c\u043d\u044b\u0435-\u0441\u0442\u0435\u043a\u043b\u0430-2\/","og_site_name":"MS akademija","article_publisher":"https:\/\/www.facebook.com\/msakademijavilnius\/","article_modified_time":"2026-05-03T09:56:25+00:00","og_image":[{"width":1179,"height":1347,"url":"https:\/\/msakademija.com\/wp-content\/uploads\/2024\/06\/441202501_803883058372309_5274308329265347955_n.jpg","type":"image\/jpeg"}],"twitter_card":"summary_large_image","twitter_misc":{"\u0414\u043e\u0441\u0442\u0443\u043f\u043d\u043e\u0441\u0442\u044c":"\u0412 \u043d\u0430\u043b\u0438\u0447\u0438\u0438"},"schema":{"@context":"https:\/\/schema.org","@graph":[{"@type":"WebPage","@id":"https:\/\/msakademija.com\/produktas\/lupu-piestukas-2\/","url":"https:\/\/msakademija.com\/produktas\/lupu-piestukas-2\/","name":"\u041a\u0430\u0440\u0430\u043d\u0434\u0430\u0448 \u0434\u043b\u044f \u0433\u0443\u0431 Miss Tais - \u0410\u043a\u0430\u0434\u0435\u043c\u0438\u044f MS","isPartOf":{"@id":"https:\/\/msakademija.com\/#website"},"primaryImageOfPage":{"@id":"https:\/\/msakademija.com\/produktas\/lupu-piestukas-2\/#primaryimage"},"image":{"@id":"https:\/\/msakademija.com\/produktas\/lupu-piestukas-2\/#primaryimage"},"thumbnailUrl":"https:\/\/msakademija.com\/wp-content\/uploads\/2024\/06\/441202501_803883058372309_5274308329265347955_n.jpg","datePublished":"2024-06-05T20:47:18+00:00","dateModified":"2026-05-03T09:56:25+00:00","description":"\u041a\u0430\u0440\u0430\u043d\u0434\u0430\u0448\u0438 \u0434\u043b\u044f \u0433\u0443\u0431 Miss Tais. \u041e\u0447\u0435\u043d\u044c \u043c\u044f\u0433\u043a\u0438\u0435 \u0438 \u043f\u0438\u0433\u043c\u0435\u043d\u0442\u0438\u0440\u043e\u0432\u0430\u043d\u043d\u044b\u0435. \u0418\u0434\u0435\u0430\u043b\u044c\u043d\u0430\u044f \u0444\u0438\u043a\u0441\u0430\u0446\u0438\u044f, \u0441\u043c\u0435\u0448\u0438\u0432\u0430\u0435\u043c\u043e\u0441\u0442\u044c, \u043f\u043e\u043a\u0440\u044b\u0442\u0438\u0435. \u041d\u0435 \u0441\u0443\u0448\u0438\u0442 \u0433\u0443\u0431\u044b. \u0418\u0434\u0435\u0430\u043b\u044c\u043d\u044b\u0439 \u0446\u0432\u0435\u0442","breadcrumb":{"@id":"https:\/\/msakademija.com\/produktas\/lupu-piestukas-2\/#breadcrumb"},"inLanguage":"ru-RU","potentialAction":[{"@type":"ReadAction","target":["https:\/\/msakademija.com\/produktas\/lupu-piestukas-2\/"]}]},{"@type":"ImageObject","inLanguage":"ru-RU","@id":"https:\/\/msakademija.com\/produktas\/lupu-piestukas-2\/#primaryimage","url":"https:\/\/msakademija.com\/wp-content\/uploads\/2024\/06\/441202501_803883058372309_5274308329265347955_n.jpg","contentUrl":"https:\/\/msakademija.com\/wp-content\/uploads\/2024\/06\/441202501_803883058372309_5274308329265347955_n.jpg","width":1179,"height":1347,"caption":"piestukas lupoms"},{"@type":"BreadcrumbList","@id":"https:\/\/msakademija.com\/produktas\/lupu-piestukas-2\/#breadcrumb","itemListElement":[{"@type":"ListItem","position":1,"name":"Home","item":"https:\/\/msakademija.com\/"},{"@type":"ListItem","position":2,"name":"Parduotuv\u0117","item":"https:\/\/msakademija.com\/makiazo-priemoniu-parduotuve\/"},{"@type":"ListItem","position":3,"name":"L\u016bp\u0173 pie\u0161tukas Miss Tais"}]},{"@type":"WebSite","@id":"https:\/\/msakademija.com\/#website","url":"https:\/\/msakademija.com\/","name":"\u0410\u043a\u0430\u0434\u0435\u043c\u0438\u044f MS","description":"\u0410\u043a\u0430\u0434\u0435\u043c\u0438\u044f \u043c\u0430\u043a\u0438\u044f\u0436\u0430 \u0438 \u043f\u0440\u0438\u0447\u0435\u0441\u043e\u043a","publisher":{"@id":"https:\/\/msakademija.com\/#organization"},"potentialAction":[{"@type":"SearchAction","target":{"@type":"EntryPoint","urlTemplate":"https:\/\/msakademija.com\/?s={search_term_string}"},"query-input":{"@type":"PropertyValueSpecification","valueRequired":true,"valueName":"search_term_string"}}],"inLanguage":"ru-RU"},{"@type":"Organization","@id":"https:\/\/msakademija.com\/#organization","name":"\u0410\u043a\u0430\u0434\u0435\u043c\u0438\u044f MS","url":"https:\/\/msakademija.com\/","logo":{"@type":"ImageObject","inLanguage":"ru-RU","@id":"https:\/\/msakademija.com\/#\/schema\/logo\/image\/","url":"https:\/\/msakademija.com\/wp-content\/uploads\/2021\/05\/logo_juodas_HEADERMS.png","contentUrl":"https:\/\/msakademija.com\/wp-content\/uploads\/2021\/05\/logo_juodas_HEADERMS.png","width":500,"height":210,"caption":"MS akademija"},"image":{"@id":"https:\/\/msakademija.com\/#\/schema\/logo\/image\/"},"sameAs":["https:\/\/www.facebook.com\/msakademijavilnius\/","https:\/\/www.instagram.com\/msakademija\/"]}]},"product_brand":"Miss Tais","og_availability":"instock","product_availability":"instock","product_condition":"new"},"jetpack_sharing_enabled":true,"_links":{"self":[{"href":"https:\/\/msakademija.com\/ru\/wp-json\/wp\/v2\/product\/10077","targetHints":{"allow":["GET"]}}],"collection":[{"href":"https:\/\/msakademija.com\/ru\/wp-json\/wp\/v2\/product"}],"about":[{"href":"https:\/\/msakademija.com\/ru\/wp-json\/wp\/v2\/types\/product"}],"replies":[{"embeddable":true,"href":"https:\/\/msakademija.com\/ru\/wp-json\/wp\/v2\/comments?post=10077"}],"wp:featuredmedia":[{"embeddable":true,"href":"https:\/\/msakademija.com\/ru\/wp-json\/wp\/v2\/media\/10083"}],"wp:attachment":[{"href":"https:\/\/msakademija.com\/ru\/wp-json\/wp\/v2\/media?parent=10077"}],"wp:term":[{"taxonomy":"product_brand","embeddable":true,"href":"https:\/\/msakademija.com\/ru\/wp-json\/wp\/v2\/product_brand?post=10077"},{"taxonomy":"product_cat","embeddable":true,"href":"https:\/\/msakademija.com\/ru\/wp-json\/wp\/v2\/product_cat?post=10077"},{"taxonomy":"product_tag","embeddable":true,"href":"https:\/\/msakademija.com\/ru\/wp-json\/wp\/v2\/product_tag?post=10077"}],"curies":[{"name":"wp","href":"https:\/\/api.w.org\/{rel}","templated":true}]}}