{"id":10576,"date":"2024-11-25T23:56:11","date_gmt":"2024-11-25T21:56:11","guid":{"rendered":"https:\/\/msakademija.com\/?post_type=product&#038;p=10576"},"modified":"2024-11-29T00:21:52","modified_gmt":"2024-11-28T22:21:52","slug":"%d0%ba%d0%b8%d1%81%d1%82%d1%8c-%d0%b4%d0%bb%d1%8f-%d0%bc%d0%b0%d0%ba%d0%b8%d1%8f%d0%b6%d0%b0-%d0%b8%d0%b7-%d0%b2%d0%be%d0%bb%d0%be%d1%81%d0%b0-%d0%b3%d0%be%d1%80%d0%bd%d0%be%d0%b3%d0%be-%d1%81%d0%be-2","status":"publish","type":"product","link":"https:\/\/msakademija.com\/ru\/produktas\/makiazo-sepetelis-kalnu-sabalo-plauko-nr-9\/","title":{"rendered":"\u041a\u0438\u0441\u0442\u044c \u0434\u043b\u044f \u043c\u0430\u043a\u0438\u044f\u0436\u0430 \u0438\u0437 \u0432\u043e\u043b\u043e\u0441\u0430 \u0433\u043e\u0440\u043d\u043e\u0433\u043e \u0441\u043e\u0431\u043e\u043b\u044f \u2116 9"},"content":{"rendered":"<div dir=\"ltr\">\n<h1>\u041a\u0438\u0441\u0442\u044c \u0434\u043b\u044f \u043c\u0430\u043a\u0438\u044f\u0436\u0430 MS \u043a\u0438\u0441\u0442\u044c \u0434\u043b\u044f \u043c\u0430\u043a\u0438\u044f\u0436\u0430<\/h1>\n<p>\u041a\u0438\u0441\u0442\u044c \u0434\u043b\u044f \u043c\u0430\u043a\u0438\u044f\u0436\u0430 \u043f\u043b\u043e\u0441\u043a\u043e\u0439 \u0444\u043e\u0440\u043c\u044b, \u0438\u0437\u0433\u043e\u0442\u043e\u0432\u043b\u0435\u043d\u043d\u0430\u044f \u0438\u0437 \u0432\u043e\u043b\u043e\u0441\u0430 \u0433\u043e\u0440\u043d\u043e\u0433\u043e \u0441\u043e\u0431\u043e\u043b\u044f.<\/p>\n<p><strong>MS \u041a\u0438\u0441\u0442\u044c \u0434\u043b\u044f \u043c\u0430\u043a\u0438\u044f\u0436\u0430<\/strong>\u00a0\u044d\u0442\u043e \u043f\u0440\u043e\u0444\u0435\u0441\u0441\u0438\u043e\u043d\u0430\u043b\u044c\u043d\u044b\u0435 \u043a\u0438\u0441\u0442\u0438 \u0434\u043b\u044f \u043d\u0430\u043d\u0435\u0441\u0435\u043d\u0438\u044f \u043c\u0430\u043a\u0438\u044f\u0436\u0430. \u041c\u044b \u0440\u0435\u043a\u043e\u043c\u0435\u043d\u0434\u0443\u0435\u043c \u043f\u0440\u0438\u043e\u0431\u0440\u0435\u0441\u0442\u0438 \u0438\u0445 \u043a\u0430\u043a \u0434\u043b\u044f \u0441\u043e\u0431\u0441\u0442\u0432\u0435\u043d\u043d\u043e\u0433\u043e \u0438\u0441\u043f\u043e\u043b\u044c\u0437\u043e\u0432\u0430\u043d\u0438\u044f, \u0442\u0430\u043a \u0438 \u0434\u043b\u044f \u0440\u0430\u0431\u043e\u0442\u0430\u044e\u0449\u0438\u0445 \u0432\u0438\u0437\u0430\u0436\u0438\u0441\u0442\u043e\u0432. \u041b\u0438\u0442\u043e\u0432\u0441\u043a\u0438\u0439 \u0432\u0438\u0437\u0430\u0436\u0438\u0441\u0442 \u041c\u0430\u0440\u0438\u043d\u0430 \u0421\u0438\u0432\u0438\u043d\u0441\u043a\u0435\u043d\u0435. \u041a\u0438\u0441\u0442\u0438 \u0434\u043b\u044f \u043c\u0430\u043a\u0438\u044f\u0436\u0430, \u0441\u043e\u0437\u0434\u0430\u043d\u043d\u044b\u0435 \u043e\u0441\u043d\u043e\u0432\u0430\u0442\u0435\u043b\u0435\u043c \u0410\u043a\u0430\u0434\u0435\u043c\u0438\u0438 \u043c\u0430\u043a\u0438\u044f\u0436\u0430 \u0438 \u043f\u0440\u0438\u0447\u0435\u0441\u043e\u043a MS Akademija, \u043e\u0442\u043b\u0438\u0447\u0430\u044e\u0442\u0441\u044f \u043a\u0430\u0447\u0435\u0441\u0442\u0432\u043e\u043c, \u0434\u043e\u043b\u0433\u043e\u0432\u0435\u0447\u043d\u043e\u0441\u0442\u044c\u044e \u0438 \u0434\u043e\u0441\u0442\u0443\u043f\u043d\u043e\u0439 \u0446\u0435\u043d\u043e\u0439.<\/p>\n<p>\u0428\u0438\u0440\u043e\u043a\u0438\u0439 \u0430\u0441\u0441\u043e\u0440\u0442\u0438\u043c\u0435\u043d\u0442 \u043a\u0438\u0441\u0442\u0435\u0439 \u0434\u043b\u044f \u043c\u0430\u043a\u0438\u044f\u0436\u0430 \u043f\u043e\u0437\u0432\u043e\u043b\u044f\u0435\u0442 \u043a\u0430\u0436\u0434\u043e\u043c\u0443 \u043d\u0430\u0439\u0442\u0438 \u043f\u043e\u0434\u0445\u043e\u0434\u044f\u0449\u0438\u0439 \u0438\u043d\u0441\u0442\u0440\u0443\u043c\u0435\u043d\u0442 \u0434\u043b\u044f \u043c\u0430\u043a\u0438\u044f\u0436\u0430. \u0412 \u0430\u0441\u0441\u043e\u0440\u0442\u0438\u043c\u0435\u043d\u0442\u0435 \u043f\u0440\u0435\u0434\u0441\u0442\u0430\u0432\u043b\u0435\u043d\u044b \u043a\u0438\u0441\u0442\u0438 \u043a\u0430\u043a \u0438\u0437 \u043d\u0430\u0442\u0443\u0440\u0430\u043b\u044c\u043d\u044b\u0445, \u0442\u0430\u043a \u0438 \u0438\u0437 \u0441\u0438\u043d\u0442\u0435\u0442\u0438\u0447\u0435\u0441\u043a\u0438\u0445 \u0432\u043e\u043b\u043e\u0441. \u041d\u0430 \u043a\u0443\u0440\u0441\u0430\u0445 \u0410\u043a\u0430\u0434\u0435\u043c\u0438\u0438 \u043c\u0430\u043a\u0438\u044f\u0436\u0430 \u043c\u044b \u043f\u0440\u0435\u0434\u043e\u0441\u0442\u0430\u0432\u043b\u044f\u0435\u043c \u0443\u0447\u0430\u0441\u0442\u043d\u0438\u043a\u0430\u043c \u0432\u043e\u0437\u043c\u043e\u0436\u043d\u043e\u0441\u0442\u044c \u043f\u043e\u043f\u0440\u043e\u0431\u043e\u0432\u0430\u0442\u044c \u044d\u0442\u0438 \u0443\u0434\u0438\u0432\u0438\u0442\u0435\u043b\u044c\u043d\u044b\u0435 \u043a\u0438\u0441\u0442\u0438 \u0434\u043b\u044f \u043c\u0430\u043a\u0438\u044f\u0436\u0430.<\/p>\n<p>\u0412 \u043d\u0430\u0448\u0435\u043c \u0430\u0441\u0441\u043e\u0440\u0442\u0438\u043c\u0435\u043d\u0442\u0435 \u043f\u0440\u0435\u0434\u0441\u0442\u0430\u0432\u043b\u0435\u043d\u044b \u043a\u0438\u0441\u0442\u0438 \u0434\u043b\u044f \u043c\u0430\u043a\u0438\u044f\u0436\u0430: \u043e\u0441\u043d\u043e\u0432\u0430 \u043f\u043e\u0434 \u043c\u0430\u043a\u0438\u044f\u0436, \u0442\u043e\u043d\u0430\u043b\u044c\u043d\u044b\u0439 \u043a\u0440\u0435\u043c, \u043a\u043e\u043d\u0441\u0438\u043b\u0435\u0440, \u0440\u0443\u043c\u044f\u043d\u0430 (\u043a\u0440\u0435\u043c\u043e\u0432\u044b\u0435 \u0438 \u0441\u0443\u0445\u0438\u0435), \u0441\u0440\u0435\u0434\u0441\u0442\u0432\u0430 \u0434\u043b\u044f \u0443\u043a\u043b\u0430\u0434\u043a\u0438 (\u0441\u0443\u0445\u0438\u0435 \u0438 \u043a\u0440\u0435\u043c\u043e\u0432\u044b\u0435), \u043f\u0443\u0434\u0440\u0430 (\u0440\u0430\u0441\u0441\u044b\u043f\u0447\u0430\u0442\u0430\u044f, \u043f\u0440\u0435\u0441\u0441\u043e\u0432\u0430\u043d\u043d\u0430\u044f). \u0410 \u0442\u0430\u043a\u0436\u0435 \u0434\u043b\u044f \u0441\u0438\u044f\u044e\u0449\u0438\u0445 \u0441\u0440\u0435\u0434\u0441\u0442\u0432 (\u0436\u0438\u0434\u043a\u0438\u0445 \u0438 \u0441\u0443\u0445\u0438\u0445), \u0442\u0435\u043d\u0435\u0439 \u0434\u043b\u044f \u0432\u0435\u043a (\u0436\u0438\u0434\u043a\u0438\u0445 \u0438 \u0441\u0443\u0445\u0438\u0445), \u043f\u043e\u0434\u0432\u043e\u0434\u043e\u043a \u0434\u043b\u044f \u0433\u043b\u0430\u0437 (\u0433\u0435\u043b\u0435\u0432\u044b\u0445, \u0436\u0438\u0434\u043a\u0438\u0445), \u0441\u0440\u0435\u0434\u0441\u0442\u0432 \u0434\u043b\u044f \u0431\u0440\u043e\u0432\u0435\u0439 (\u0436\u0438\u0434\u043a\u0438\u0445, \u043a\u0440\u0435\u043c\u043e\u0432\u044b\u0445, \u0441\u0443\u0445\u0438\u0445), \u043b\u0443\u043f\u044b.<\/p>\n<p>\u041a\u0438\u0441\u0442\u0438 \u0434\u043b\u044f \u043c\u0430\u043a\u0438\u044f\u0436\u0430 \u043d\u0435\u043e\u0431\u0445\u043e\u0434\u0438\u043c\u043e \u0447\u0438\u0441\u0442\u0438\u0442\u044c \u043f\u0440\u0438 \u0440\u0435\u0433\u0443\u043b\u044f\u0440\u043d\u043e\u043c \u0438\u0441\u043f\u043e\u043b\u044c\u0437\u043e\u0432\u0430\u043d\u0438\u0438. \u0427\u0438\u0441\u0442\u043a\u0430 \u043a\u0438\u0441\u0442\u0435\u0439 \u0434\u043b\u044f \u043c\u0430\u043a\u0438\u044f\u0436\u0430 \u043d\u0435 \u0442\u043e\u043b\u044c\u043a\u043e \u0441\u043e\u0445\u0440\u0430\u043d\u044f\u0435\u0442 \u0438\u0445 \u0432 \u0445\u043e\u0440\u043e\u0448\u0435\u043c \u0441\u043e\u0441\u0442\u043e\u044f\u043d\u0438\u0438, \u043d\u043e \u0438 \u0433\u0430\u0440\u0430\u043d\u0442\u0438\u0440\u0443\u0435\u0442, \u0447\u0442\u043e \u043d\u0430\u043d\u043e\u0441\u0438\u043c\u0430\u044f \u0432\u0430\u043c\u0438 \u043a\u043e\u0441\u043c\u0435\u0442\u0438\u043a\u0430 \u0431\u0443\u0434\u0435\u0442 \u0447\u0438\u0441\u0442\u043e\u0439 \u0438 \u0431\u0435\u0437\u043e\u043f\u0430\u0441\u043d\u043e\u0439 \u0434\u043b\u044f \u0432\u0430\u0448\u0435\u0439 \u043a\u043e\u0436\u0438. \u041f\u043e\u0441\u043b\u0435 \u043a\u0430\u0436\u0434\u043e\u0433\u043e \u043c\u044b\u0442\u044c\u044f \u0441\u0436\u0438\u043c\u0430\u0439\u0442\u0435 \u043a\u0438\u0441\u0442\u044c, \u0447\u0442\u043e\u0431\u044b \u0432\u0435\u0440\u043d\u0443\u0442\u044c \u0432\u043e\u043b\u043e\u0441\u043a\u0438 \u0432 \u0438\u0441\u0445\u043e\u0434\u043d\u043e\u0435 \u043f\u043e\u043b\u043e\u0436\u0435\u043d\u0438\u0435. \u0412\u044b \u0442\u0430\u043a\u0436\u0435 \u043c\u043e\u0436\u0435\u0442\u0435 \u0432\u044b\u0441\u0443\u0448\u0438\u0442\u044c \u0435\u0435 \u0431\u0443\u043c\u0430\u0436\u043d\u044b\u043c \u043f\u043e\u043b\u043e\u0442\u0435\u043d\u0446\u0435\u043c. \u0422\u0430\u043a \u043a\u0438\u0441\u0442\u044c \u043d\u0435 \u043f\u043e\u0432\u0440\u0435\u0434\u0438\u0442\u0441\u044f \u0438 \u043f\u0440\u043e\u0441\u043b\u0443\u0436\u0438\u0442 \u0432\u0430\u043c \u0434\u043e\u043b\u0433\u043e.<\/p>\n<p>\u0415\u0441\u043b\u0438 \u0432\u044b \u0445\u043e\u0442\u0438\u0442\u0435 \u0438\u0434\u0435\u0430\u043b\u044c\u043d\u043e \u043f\u0440\u043e\u0434\u0435\u0437\u0438\u043d\u0444\u0438\u0446\u0438\u0440\u043e\u0432\u0430\u0442\u044c \u0441\u0432\u043e\u0438 \u043a\u0438\u0441\u0442\u0438, \u0442\u043e \u0442\u0435\u043f\u0435\u0440\u044c \u0434\u043b\u044f \u044d\u0442\u043e\u0433\u043e \u0435\u0441\u0442\u044c \u043f\u043e\u0434\u0445\u043e\u0434\u044f\u0449\u0438\u0435 \u0438\u043d\u0441\u0442\u0440\u0443\u043c\u0435\u043d\u0442\u044b. \u041e\u043d\u0438 \u043e\u043f\u043e\u043b\u0430\u0441\u043a\u0438\u0432\u0430\u044e\u0442 \u043a\u0438\u0441\u0442\u0438 \u0431\u044b\u0441\u0442\u0440\u0435\u0435 \u0438 \u044d\u0444\u0444\u0435\u043a\u0442\u0438\u0432\u043d\u0435\u0435. \u042d\u0442\u043e \u0432\u0430\u0436\u043d\u044b\u0439 \u0448\u0430\u0433 \u0432 \u043c\u0430\u043a\u0438\u044f\u0436\u0435 \u0438 \u0443\u0445\u043e\u0434\u0435 \u0437\u0430 \u043a\u043e\u0436\u0435\u0439.<\/p>\n<\/div>","protected":false},"excerpt":{"rendered":"<p>\u041f\u043b\u043e\u0441\u043a\u0430\u044f \u043a\u0438\u0441\u0442\u044c \u0434\u043b\u044f \u0442\u0435\u043d\u0435\u0439, \u043f\u043e\u043a\u0440\u044b\u0442\u0438\u044f, \u0441\u043c\u0435\u0448\u0438\u0432\u0430\u043d\u0438\u044f<\/p>\n<p>\u0418\u0437\u0433\u043e\u0442\u043e\u0432\u043b\u0435\u043d \u0438\u0437 \u0441\u043e\u0431\u043e\u043b\u0438\u043d\u043e\u0433\u043e \u0432\u043e\u043b\u043e\u0441\u0430<\/p>","protected":false},"featured_media":10575,"comment_status":"open","ping_status":"closed","template":"","meta":[],"product_brand":[],"product_cat":[36,38,37],"product_tag":[133,164,127],"class_list":{"0":"post-10576","1":"product","2":"type-product","3":"status-publish","4":"has-post-thumbnail","6":"product_cat-sepeteliai-makiazui-ir-kiti-irankiai","7":"product_cat-teptukai-akims-ozkos-plauko-sabalo-plauko-kiaunes-lauko-taklono","8":"product_cat-teptukai-makiazui","9":"product_tag-akims","10":"product_tag-sepetelis","11":"product_tag-seseliu","13":"first","14":"instock","15":"shipping-taxable","16":"purchasable","17":"product-type-simple"},"yoast_head":"<!-- This site is optimized with the Yoast SEO Premium plugin v27.5 (Yoast SEO v27.5) - https:\/\/yoast.com\/product\/yoast-seo-premium-wordpress\/ -->\n<title>Makia\u017eo \u0161epet\u0117lis kaln\u0173 sabalo plauko nr. 9 - MS akademija<\/title>\n<meta name=\"description\" content=\"Makia\u017eo \u0161epet\u0117lis aki\u0173 \u0161e\u0161\u0117liams pagamintas i\u0161 vover\u0117s imitacijos plauko. Nat\u016bralaus plauko Makia\u017eo \u0161epet\u0117lis skirtas \u0161e\u0161\u0117liams padengti\" \/>\n<meta name=\"robots\" content=\"index, follow, max-snippet:-1, max-image-preview:large, max-video-preview:-1\" \/>\n<link rel=\"canonical\" href=\"https:\/\/msakademija.com\/ru\/product\/\u043a\u0438\u0441\u0442\u044c-\u0434\u043b\u044f-\u043c\u0430\u043a\u0438\u044f\u0436\u0430-\u0438\u0437-\u0432\u043e\u043b\u043e\u0441\u0430-\u0433\u043e\u0440\u043d\u043e\u0433\u043e-\u0441\u043e-2\/\" \/>\n<meta property=\"og:locale\" content=\"ru_RU\" \/>\n<meta property=\"og:type\" content=\"article\" \/>\n<meta property=\"og:title\" content=\"Makia\u017eo \u0161epet\u0117lis kaln\u0173 sabalo plauko nr. 9\" \/>\n<meta property=\"og:description\" content=\"Makia\u017eo \u0161epet\u0117lis aki\u0173 \u0161e\u0161\u0117liams pagamintas i\u0161 vover\u0117s imitacijos plauko. Nat\u016bralaus plauko Makia\u017eo \u0161epet\u0117lis skirtas \u0161e\u0161\u0117liams padengti\" \/>\n<meta property=\"og:url\" content=\"https:\/\/msakademija.com\/ru\/product\/\u043a\u0438\u0441\u0442\u044c-\u0434\u043b\u044f-\u043c\u0430\u043a\u0438\u044f\u0436\u0430-\u0438\u0437-\u0432\u043e\u043b\u043e\u0441\u0430-\u0433\u043e\u0440\u043d\u043e\u0433\u043e-\u0441\u043e-2\/\" \/>\n<meta property=\"og:site_name\" content=\"MS akademija\" \/>\n<meta property=\"article:publisher\" content=\"https:\/\/www.facebook.com\/msakademijavilnius\/\" \/>\n<meta property=\"article:modified_time\" content=\"2024-11-28T22:21:52+00:00\" \/>\n<meta property=\"og:image\" content=\"https:\/\/msakademija.com\/wp-content\/uploads\/2024\/11\/467476796_1276153520199162_748850477317006949_n.jpg\" \/>\n\t<meta property=\"og:image:width\" content=\"635\" \/>\n\t<meta property=\"og:image:height\" content=\"1763\" \/>\n\t<meta property=\"og:image:type\" content=\"image\/jpeg\" \/>\n<meta name=\"twitter:card\" content=\"summary_large_image\" \/>\n<meta name=\"twitter:label1\" content=\"\u0426\u0435\u043d\u0430\" \/>\n\t<meta name=\"twitter:data1\" content=\"&euro;10.00\" \/>\n\t<meta name=\"twitter:label2\" content=\"\u0414\u043e\u0441\u0442\u0443\u043f\u043d\u043e\u0441\u0442\u044c\" \/>\n\t<meta name=\"twitter:data2\" content=\"\u0412 \u043d\u0430\u043b\u0438\u0447\u0438\u0438\" \/>\n<script type=\"application\/ld+json\" class=\"yoast-schema-graph\">{\"@context\":\"https:\\\/\\\/schema.org\",\"@graph\":[{\"@type\":\"WebPage\",\"@id\":\"https:\\\/\\\/msakademija.com\\\/produktas\\\/makiazo-sepetelis-kalnu-sabalo-plauko-nr-9\\\/\",\"url\":\"https:\\\/\\\/msakademija.com\\\/produktas\\\/makiazo-sepetelis-kalnu-sabalo-plauko-nr-9\\\/\",\"name\":\"Makia\u017eo \u0161epet\u0117lis kaln\u0173 sabalo plauko nr. 9 - MS akademija\",\"isPartOf\":{\"@id\":\"https:\\\/\\\/msakademija.com\\\/#website\"},\"primaryImageOfPage\":{\"@id\":\"https:\\\/\\\/msakademija.com\\\/produktas\\\/makiazo-sepetelis-kalnu-sabalo-plauko-nr-9\\\/#primaryimage\"},\"image\":{\"@id\":\"https:\\\/\\\/msakademija.com\\\/produktas\\\/makiazo-sepetelis-kalnu-sabalo-plauko-nr-9\\\/#primaryimage\"},\"thumbnailUrl\":\"https:\\\/\\\/msakademija.com\\\/wp-content\\\/uploads\\\/2024\\\/11\\\/467476796_1276153520199162_748850477317006949_n.jpg\",\"datePublished\":\"2024-11-25T21:56:11+00:00\",\"dateModified\":\"2024-11-28T22:21:52+00:00\",\"description\":\"Makia\u017eo \u0161epet\u0117lis aki\u0173 \u0161e\u0161\u0117liams pagamintas i\u0161 vover\u0117s imitacijos plauko. Nat\u016bralaus plauko Makia\u017eo \u0161epet\u0117lis skirtas \u0161e\u0161\u0117liams padengti\",\"breadcrumb\":{\"@id\":\"https:\\\/\\\/msakademija.com\\\/produktas\\\/makiazo-sepetelis-kalnu-sabalo-plauko-nr-9\\\/#breadcrumb\"},\"inLanguage\":\"ru-RU\",\"potentialAction\":[{\"@type\":\"ReadAction\",\"target\":[\"https:\\\/\\\/msakademija.com\\\/produktas\\\/makiazo-sepetelis-kalnu-sabalo-plauko-nr-9\\\/\"]}]},{\"@type\":\"ImageObject\",\"inLanguage\":\"ru-RU\",\"@id\":\"https:\\\/\\\/msakademija.com\\\/produktas\\\/makiazo-sepetelis-kalnu-sabalo-plauko-nr-9\\\/#primaryimage\",\"url\":\"https:\\\/\\\/msakademija.com\\\/wp-content\\\/uploads\\\/2024\\\/11\\\/467476796_1276153520199162_748850477317006949_n.jpg\",\"contentUrl\":\"https:\\\/\\\/msakademija.com\\\/wp-content\\\/uploads\\\/2024\\\/11\\\/467476796_1276153520199162_748850477317006949_n.jpg\",\"width\":635,\"height\":1763},{\"@type\":\"BreadcrumbList\",\"@id\":\"https:\\\/\\\/msakademija.com\\\/produktas\\\/makiazo-sepetelis-kalnu-sabalo-plauko-nr-9\\\/#breadcrumb\",\"itemListElement\":[{\"@type\":\"ListItem\",\"position\":1,\"name\":\"Home\",\"item\":\"https:\\\/\\\/msakademija.com\\\/\"},{\"@type\":\"ListItem\",\"position\":2,\"name\":\"Parduotuv\u0117\",\"item\":\"https:\\\/\\\/msakademija.com\\\/makiazo-priemoniu-parduotuve\\\/\"},{\"@type\":\"ListItem\",\"position\":3,\"name\":\"Makia\u017eo \u0161epet\u0117lis kaln\u0173 sabalo plauko nr. 9\"}]},{\"@type\":\"WebSite\",\"@id\":\"https:\\\/\\\/msakademija.com\\\/#website\",\"url\":\"https:\\\/\\\/msakademija.com\\\/\",\"name\":\"MS akademija\",\"description\":\"Makia\u017eo ir \u0161ukuosenos akademija\",\"publisher\":{\"@id\":\"https:\\\/\\\/msakademija.com\\\/#organization\"},\"potentialAction\":[{\"@type\":\"SearchAction\",\"target\":{\"@type\":\"EntryPoint\",\"urlTemplate\":\"https:\\\/\\\/msakademija.com\\\/?s={search_term_string}\"},\"query-input\":{\"@type\":\"PropertyValueSpecification\",\"valueRequired\":true,\"valueName\":\"search_term_string\"}}],\"inLanguage\":\"ru-RU\"},{\"@type\":\"Organization\",\"@id\":\"https:\\\/\\\/msakademija.com\\\/#organization\",\"name\":\"MS akademija\",\"url\":\"https:\\\/\\\/msakademija.com\\\/\",\"logo\":{\"@type\":\"ImageObject\",\"inLanguage\":\"ru-RU\",\"@id\":\"https:\\\/\\\/msakademija.com\\\/#\\\/schema\\\/logo\\\/image\\\/\",\"url\":\"https:\\\/\\\/msakademija.com\\\/wp-content\\\/uploads\\\/2021\\\/05\\\/logo_juodas_HEADERMS.png\",\"contentUrl\":\"https:\\\/\\\/msakademija.com\\\/wp-content\\\/uploads\\\/2021\\\/05\\\/logo_juodas_HEADERMS.png\",\"width\":500,\"height\":210,\"caption\":\"MS akademija\"},\"image\":{\"@id\":\"https:\\\/\\\/msakademija.com\\\/#\\\/schema\\\/logo\\\/image\\\/\"},\"sameAs\":[\"https:\\\/\\\/www.facebook.com\\\/msakademijavilnius\\\/\",\"https:\\\/\\\/www.instagram.com\\\/msakademija\\\/\"]}]}<\/script>\n<meta property=\"product:brand\" content=\"M.S. | Makeup\" \/>\n<meta property=\"product:price:amount\" content=\"10.00\" \/>\n<meta property=\"product:price:currency\" content=\"EUR\" \/>\n<meta property=\"og:availability\" content=\"instock\" \/>\n<meta property=\"product:availability\" content=\"instock\" \/>\n<meta property=\"product:condition\" content=\"new\" \/>\n<!-- \/ Yoast SEO Premium plugin. -->","yoast_head_json":{"title":"\u041a\u0438\u0441\u0442\u044c \u0434\u043b\u044f \u043c\u0430\u043a\u0438\u044f\u0436\u0430 \u0413\u043e\u0440\u043d\u044b\u0439 \u0441\u043e\u0431\u043e\u043b\u044c \u21169 - MS Akademija","description":"\u041a\u0438\u0441\u0442\u044c \u0434\u043b\u044f \u043d\u0430\u043d\u0435\u0441\u0435\u043d\u0438\u044f \u0442\u0435\u043d\u0435\u0439 \u0438\u0437 \u0438\u043c\u0438\u0442\u0430\u0446\u0438\u0438 \u0431\u0435\u043b\u0438\u0447\u044c\u0435\u0433\u043e \u0432\u043e\u043b\u043e\u0441\u0430. \u041a\u0438\u0441\u0442\u044c \u0434\u043b\u044f \u043c\u0430\u043a\u0438\u044f\u0436\u0430 \u0438\u0437 \u043d\u0430\u0442\u0443\u0440\u0430\u043b\u044c\u043d\u043e\u0433\u043e \u0432\u043e\u043b\u043e\u0441\u0430 \u0434\u043b\u044f \u043d\u0430\u043d\u0435\u0441\u0435\u043d\u0438\u044f \u0442\u0435\u043d\u0435\u0439","robots":{"index":"index","follow":"follow","max-snippet":"max-snippet:-1","max-image-preview":"max-image-preview:large","max-video-preview":"max-video-preview:-1"},"canonical":"https:\/\/msakademija.com\/ru\/product\/\u043a\u0438\u0441\u0442\u044c-\u0434\u043b\u044f-\u043c\u0430\u043a\u0438\u044f\u0436\u0430-\u0438\u0437-\u0432\u043e\u043b\u043e\u0441\u0430-\u0433\u043e\u0440\u043d\u043e\u0433\u043e-\u0441\u043e-2\/","og_locale":"ru_RU","og_type":"article","og_title":"Makia\u017eo \u0161epet\u0117lis kaln\u0173 sabalo plauko nr. 9","og_description":"Makia\u017eo \u0161epet\u0117lis aki\u0173 \u0161e\u0161\u0117liams pagamintas i\u0161 vover\u0117s imitacijos plauko. Nat\u016bralaus plauko Makia\u017eo \u0161epet\u0117lis skirtas \u0161e\u0161\u0117liams padengti","og_url":"https:\/\/msakademija.com\/ru\/product\/\u043a\u0438\u0441\u0442\u044c-\u0434\u043b\u044f-\u043c\u0430\u043a\u0438\u044f\u0436\u0430-\u0438\u0437-\u0432\u043e\u043b\u043e\u0441\u0430-\u0433\u043e\u0440\u043d\u043e\u0433\u043e-\u0441\u043e-2\/","og_site_name":"MS akademija","article_publisher":"https:\/\/www.facebook.com\/msakademijavilnius\/","article_modified_time":"2024-11-28T22:21:52+00:00","og_image":[{"width":635,"height":1763,"url":"https:\/\/msakademija.com\/wp-content\/uploads\/2024\/11\/467476796_1276153520199162_748850477317006949_n.jpg","type":"image\/jpeg"}],"twitter_card":"summary_large_image","twitter_misc":{"\u0426\u0435\u043d\u0430":"&euro;10.00","\u0414\u043e\u0441\u0442\u0443\u043f\u043d\u043e\u0441\u0442\u044c":"\u0412 \u043d\u0430\u043b\u0438\u0447\u0438\u0438"},"schema":{"@context":"https:\/\/schema.org","@graph":[{"@type":"WebPage","@id":"https:\/\/msakademija.com\/produktas\/makiazo-sepetelis-kalnu-sabalo-plauko-nr-9\/","url":"https:\/\/msakademija.com\/produktas\/makiazo-sepetelis-kalnu-sabalo-plauko-nr-9\/","name":"\u041a\u0438\u0441\u0442\u044c \u0434\u043b\u044f \u043c\u0430\u043a\u0438\u044f\u0436\u0430 \u0413\u043e\u0440\u043d\u044b\u0439 \u0441\u043e\u0431\u043e\u043b\u044c \u21169 - MS Akademija","isPartOf":{"@id":"https:\/\/msakademija.com\/#website"},"primaryImageOfPage":{"@id":"https:\/\/msakademija.com\/produktas\/makiazo-sepetelis-kalnu-sabalo-plauko-nr-9\/#primaryimage"},"image":{"@id":"https:\/\/msakademija.com\/produktas\/makiazo-sepetelis-kalnu-sabalo-plauko-nr-9\/#primaryimage"},"thumbnailUrl":"https:\/\/msakademija.com\/wp-content\/uploads\/2024\/11\/467476796_1276153520199162_748850477317006949_n.jpg","datePublished":"2024-11-25T21:56:11+00:00","dateModified":"2024-11-28T22:21:52+00:00","description":"\u041a\u0438\u0441\u0442\u044c \u0434\u043b\u044f \u043d\u0430\u043d\u0435\u0441\u0435\u043d\u0438\u044f \u0442\u0435\u043d\u0435\u0439 \u0438\u0437 \u0438\u043c\u0438\u0442\u0430\u0446\u0438\u0438 \u0431\u0435\u043b\u0438\u0447\u044c\u0435\u0433\u043e \u0432\u043e\u043b\u043e\u0441\u0430. \u041a\u0438\u0441\u0442\u044c \u0434\u043b\u044f \u043c\u0430\u043a\u0438\u044f\u0436\u0430 \u0438\u0437 \u043d\u0430\u0442\u0443\u0440\u0430\u043b\u044c\u043d\u043e\u0433\u043e \u0432\u043e\u043b\u043e\u0441\u0430 \u0434\u043b\u044f \u043d\u0430\u043d\u0435\u0441\u0435\u043d\u0438\u044f \u0442\u0435\u043d\u0435\u0439","breadcrumb":{"@id":"https:\/\/msakademija.com\/produktas\/makiazo-sepetelis-kalnu-sabalo-plauko-nr-9\/#breadcrumb"},"inLanguage":"ru-RU","potentialAction":[{"@type":"ReadAction","target":["https:\/\/msakademija.com\/produktas\/makiazo-sepetelis-kalnu-sabalo-plauko-nr-9\/"]}]},{"@type":"ImageObject","inLanguage":"ru-RU","@id":"https:\/\/msakademija.com\/produktas\/makiazo-sepetelis-kalnu-sabalo-plauko-nr-9\/#primaryimage","url":"https:\/\/msakademija.com\/wp-content\/uploads\/2024\/11\/467476796_1276153520199162_748850477317006949_n.jpg","contentUrl":"https:\/\/msakademija.com\/wp-content\/uploads\/2024\/11\/467476796_1276153520199162_748850477317006949_n.jpg","width":635,"height":1763},{"@type":"BreadcrumbList","@id":"https:\/\/msakademija.com\/produktas\/makiazo-sepetelis-kalnu-sabalo-plauko-nr-9\/#breadcrumb","itemListElement":[{"@type":"ListItem","position":1,"name":"Home","item":"https:\/\/msakademija.com\/"},{"@type":"ListItem","position":2,"name":"Parduotuv\u0117","item":"https:\/\/msakademija.com\/makiazo-priemoniu-parduotuve\/"},{"@type":"ListItem","position":3,"name":"Makia\u017eo \u0161epet\u0117lis kaln\u0173 sabalo plauko nr. 9"}]},{"@type":"WebSite","@id":"https:\/\/msakademija.com\/#website","url":"https:\/\/msakademija.com\/","name":"\u0410\u043a\u0430\u0434\u0435\u043c\u0438\u044f MS","description":"\u0410\u043a\u0430\u0434\u0435\u043c\u0438\u044f \u043c\u0430\u043a\u0438\u044f\u0436\u0430 \u0438 \u043f\u0440\u0438\u0447\u0435\u0441\u043e\u043a","publisher":{"@id":"https:\/\/msakademija.com\/#organization"},"potentialAction":[{"@type":"SearchAction","target":{"@type":"EntryPoint","urlTemplate":"https:\/\/msakademija.com\/?s={search_term_string}"},"query-input":{"@type":"PropertyValueSpecification","valueRequired":true,"valueName":"search_term_string"}}],"inLanguage":"ru-RU"},{"@type":"Organization","@id":"https:\/\/msakademija.com\/#organization","name":"\u0410\u043a\u0430\u0434\u0435\u043c\u0438\u044f MS","url":"https:\/\/msakademija.com\/","logo":{"@type":"ImageObject","inLanguage":"ru-RU","@id":"https:\/\/msakademija.com\/#\/schema\/logo\/image\/","url":"https:\/\/msakademija.com\/wp-content\/uploads\/2021\/05\/logo_juodas_HEADERMS.png","contentUrl":"https:\/\/msakademija.com\/wp-content\/uploads\/2021\/05\/logo_juodas_HEADERMS.png","width":500,"height":210,"caption":"MS akademija"},"image":{"@id":"https:\/\/msakademija.com\/#\/schema\/logo\/image\/"},"sameAs":["https:\/\/www.facebook.com\/msakademijavilnius\/","https:\/\/www.instagram.com\/msakademija\/"]}]},"product_brand":"M.S. | Makeup","product_price_amount":"10.00","product_price_currency":"EUR","og_availability":"instock","product_availability":"instock","product_condition":"new"},"jetpack_sharing_enabled":true,"_links":{"self":[{"href":"https:\/\/msakademija.com\/ru\/wp-json\/wp\/v2\/product\/10576","targetHints":{"allow":["GET"]}}],"collection":[{"href":"https:\/\/msakademija.com\/ru\/wp-json\/wp\/v2\/product"}],"about":[{"href":"https:\/\/msakademija.com\/ru\/wp-json\/wp\/v2\/types\/product"}],"replies":[{"embeddable":true,"href":"https:\/\/msakademija.com\/ru\/wp-json\/wp\/v2\/comments?post=10576"}],"wp:featuredmedia":[{"embeddable":true,"href":"https:\/\/msakademija.com\/ru\/wp-json\/wp\/v2\/media\/10575"}],"wp:attachment":[{"href":"https:\/\/msakademija.com\/ru\/wp-json\/wp\/v2\/media?parent=10576"}],"wp:term":[{"taxonomy":"product_brand","embeddable":true,"href":"https:\/\/msakademija.com\/ru\/wp-json\/wp\/v2\/product_brand?post=10576"},{"taxonomy":"product_cat","embeddable":true,"href":"https:\/\/msakademija.com\/ru\/wp-json\/wp\/v2\/product_cat?post=10576"},{"taxonomy":"product_tag","embeddable":true,"href":"https:\/\/msakademija.com\/ru\/wp-json\/wp\/v2\/product_tag?post=10576"}],"curies":[{"name":"wp","href":"https:\/\/api.w.org\/{rel}","templated":true}]}}