{"id":12121,"date":"2025-10-25T19:46:56","date_gmt":"2025-10-25T16:46:56","guid":{"rendered":"https:\/\/msakademija.com\/?post_type=product&#038;p=12121"},"modified":"2025-12-30T12:25:01","modified_gmt":"2025-12-30T10:25:01","slug":"%d0%ba%d1%80%d0%b5%d0%bc-%d0%b4%d0%bb%d1%8f-%d1%80%d1%83%d0%ba-vixi","status":"publish","type":"product","link":"https:\/\/msakademija.com\/ru\/produktas\/ranku-kremas-vixi\/","title":{"rendered":"\u0423\u0432\u043b\u0430\u0436\u043d\u044f\u044e\u0449\u0438\u0439 \u0438 \u0432\u043e\u0441\u0441\u0442\u0430\u043d\u0430\u0432\u043b\u0438\u0432\u0430\u044e\u0449\u0438\u0439 \u043a\u0440\u0435\u043c \u0434\u043b\u044f \u0440\u0443\u043a \u0441 \u0448\u0435\u043b\u043a\u043e\u043c VIXI official"},"content":{"rendered":"<h3 data-start=\"288\" data-end=\"369\">\u0423\u0432\u043b\u0430\u0436\u043d\u044f\u044e\u0449\u0438\u0439 \u0438 \u0432\u043e\u0441\u0441\u0442\u0430\u043d\u0430\u0432\u043b\u0438\u0432\u0430\u044e\u0449\u0438\u0439 \u043a\u0440\u0435\u043c \u0434\u043b\u044f \u0440\u0443\u043a \u0441 \u0448\u0435\u043b\u043a\u043e\u043c - \u0434\u043b\u044f \u0431\u0435\u0440\u0435\u0436\u043d\u043e\u0433\u043e \u0443\u0445\u043e\u0434\u0430 \u0437\u0430 \u043a\u043e\u0436\u0435\u0439<\/h3>\n<p data-start=\"371\" data-end=\"679\">\u041e\u0442\u043a\u0440\u043e\u0439\u0442\u0435 \u0434\u043b\u044f \u0441\u0435\u0431\u044f \u0440\u043e\u0441\u043a\u043e\u0448\u044c <strong data-start=\"390\" data-end=\"441\">\u0423\u0432\u043b\u0430\u0436\u043d\u044f\u044e\u0449\u0438\u0439 \u0438 \u0432\u043e\u0441\u0441\u0442\u0430\u043d\u0430\u0432\u043b\u0438\u0432\u0430\u044e\u0449\u0438\u0439 \u043a\u0440\u0435\u043c \u0434\u043b\u044f \u0440\u0443\u043a \u0441 \u0448\u0435\u043b\u043a\u043e\u043c<\/strong>\u043a\u043e\u0442\u043e\u0440\u044b\u0439 \u043c\u0433\u043d\u043e\u0432\u0435\u043d\u043d\u043e \u0441\u043c\u044f\u0433\u0447\u0430\u0435\u0442, \u043f\u0438\u0442\u0430\u0435\u0442 \u0438 \u0437\u0430\u0449\u0438\u0449\u0430\u0435\u0442 \u043a\u043e\u0436\u0443 \u0440\u0443\u043a. \u0424\u043e\u0440\u043c\u0443\u043b\u0430 \u043a\u0440\u0435\u043c\u0430 <strong data-start=\"529\" data-end=\"550\">\u0433\u0438\u0430\u043b\u0443\u0440\u043e\u043d\u043e\u0432\u0430\u044f \u043a\u0438\u0441\u043b\u043e\u0442\u0430<\/strong> \u0438\u043d\u0442\u0435\u043d\u0441\u0438\u0432\u043d\u043e \u0443\u0432\u043b\u0430\u0436\u043d\u044f\u0435\u0442 \u0438 \u0443\u043a\u0440\u0435\u043f\u043b\u044f\u0435\u0442 \u0437\u0430\u0449\u0438\u0442\u043d\u044b\u0439 \u0431\u0430\u0440\u044c\u0435\u0440 \u043a\u043e\u0436\u0438, \u0432 \u0442\u043e \u0432\u0440\u0435\u043c\u044f \u043a\u0430\u043a <strong data-start=\"609\" data-end=\"629\">\u0432\u0435\u0433\u0430\u043d\u0441\u043a\u0438\u0439 \u0448\u0451\u043b\u043a<\/strong> \u0441\u043e\u0437\u0434\u0430\u0435\u0442 \u043e\u0449\u0443\u0449\u0435\u043d\u0438\u0435 \u043d\u0435\u043e\u0431\u044b\u0447\u0430\u0439\u043d\u043e\u0439 \u043c\u044f\u0433\u043a\u043e\u0441\u0442\u0438 \u0438 \u0433\u043b\u0430\u0434\u043a\u043e\u0441\u0442\u0438.<\/p>\n<p data-start=\"681\" data-end=\"914\">\u041d\u0430\u0442\u0443\u0440\u0430\u043b\u044c\u043d\u044b\u0435 \u043c\u0430\u0441\u043b\u0430 - <strong data-start=\"701\" data-end=\"715\">\u0418\u043d\u043a\u0430 \u0418\u043d\u0447\u0438<\/strong>, <strong data-start=\"717\" data-end=\"727\">\u0430\u0440\u0433\u0430\u043d\u043e<\/strong> \u0438 <strong data-start=\"731\" data-end=\"752\">\u0441\u043b\u0430\u0434\u043a\u0438\u0439 \u043c\u0438\u043d\u0434\u0430\u043b\u044c<\/strong> - \u043f\u043e\u0432\u044b\u0448\u0430\u0435\u0442 \u044d\u043b\u0430\u0441\u0442\u0438\u0447\u043d\u043e\u0441\u0442\u044c, \u0443\u043f\u0440\u0443\u0433\u043e\u0441\u0442\u044c \u043a\u043e\u0436\u0438 \u0438 \u0441\u043f\u043e\u0441\u043e\u0431\u0441\u0442\u0432\u0443\u0435\u0442 \u0440\u0430\u0437\u0433\u043b\u0430\u0436\u0438\u0432\u0430\u043d\u0438\u044e \u043c\u0435\u043b\u043a\u0438\u0445 \u043c\u043e\u0440\u0449\u0438\u043d. \u041f\u043e\u0441\u043b\u0435 \u043f\u0440\u0438\u043c\u0435\u043d\u0435\u043d\u0438\u044f \u043a\u043e\u0436\u0430 \u0441\u0442\u0430\u043d\u043e\u0432\u0438\u0442\u0441\u044f \u043c\u044f\u0433\u043a\u043e\u0439, \u0433\u043b\u0430\u0434\u043a\u043e\u0439 \u0438 \u0443\u0445\u043e\u0436\u0435\u043d\u043d\u043e\u0439, \u0441\u043b\u043e\u0432\u043d\u043e \u043e\u043a\u0443\u0442\u0430\u043d\u043d\u043e\u0439 \u0448\u0435\u043b\u043a\u043e\u0432\u0438\u0441\u0442\u043e\u0439 \u043d\u0435\u0436\u043d\u043e\u0441\u0442\u044c\u044e.<\/p>\n<h4 data-start=\"916\" data-end=\"941\">\u041a\u043b\u044e\u0447\u0435\u0432\u044b\u0435 \u043e\u0441\u043e\u0431\u0435\u043d\u043d\u043e\u0441\u0442\u0438:<\/h4>\n<ul data-start=\"942\" data-end=\"1169\">\n<li data-start=\"942\" data-end=\"996\">\n<p data-start=\"944\" data-end=\"996\">\u0418\u043d\u0442\u0435\u043d\u0441\u0438\u0432\u043d\u044b\u0439 <strong data-start=\"956\" data-end=\"978\">\u0443\u0432\u043b\u0430\u0436\u043d\u044f\u0435\u0442 \u0438 \u043f\u0438\u0442\u0430\u0435\u0442<\/strong> \u0441\u0443\u0445\u0430\u044f \u043a\u043e\u0436\u0430 \u0440\u0443\u043a<\/p>\n<\/li>\n<li data-start=\"997\" data-end=\"1035\">\n<p data-start=\"999\" data-end=\"1035\"><strong data-start=\"999\" data-end=\"1010\">\u0418\u0437\u0432\u043b\u0435\u0447\u0435\u043d\u043e \u0438\u0437<\/strong> \u0437\u0430\u0449\u0438\u0442\u043d\u044b\u0439 \u0431\u0430\u0440\u044c\u0435\u0440 \u0434\u043b\u044f \u043a\u043e\u0436\u0438<\/p>\n<\/li>\n<li data-start=\"1036\" data-end=\"1089\">\n<p data-start=\"1038\" data-end=\"1089\"><strong data-start=\"1038\" data-end=\"1059\">\u041f\u0440\u0438\u0434\u0430\u0435\u0442 \u043c\u044f\u0433\u043a\u043e\u0441\u0442\u044c<\/strong> \u0438 \u0448\u0435\u043b\u043a\u043e\u0432\u0438\u0441\u0442\u043e\u0435 \u043e\u0449\u0443\u0449\u0435\u043d\u0438\u0435 \u0433\u043b\u0430\u0434\u043a\u043e\u0441\u0442\u0438<\/p>\n<\/li>\n<li data-start=\"1090\" data-end=\"1140\">\n<p data-start=\"1092\" data-end=\"1140\">\u0422\u0438\u043d\u043a\u0430 <strong data-start=\"1098\" data-end=\"1123\">\u0434\u043b\u044f \u043f\u043e\u0432\u0441\u0435\u0434\u043d\u0435\u0432\u043d\u043e\u0433\u043e \u0438\u0441\u043f\u043e\u043b\u044c\u0437\u043e\u0432\u0430\u043d\u0438\u044f<\/strong> \u0434\u043b\u044f \u0432\u0441\u0435\u0445 \u0442\u0438\u043f\u043e\u0432 \u043a\u043e\u0436\u0438<\/p>\n<\/li>\n<li data-start=\"1141\" data-end=\"1169\">\n<p data-start=\"1143\" data-end=\"1169\"><strong data-start=\"1143\" data-end=\"1157\">\u0412\u0435\u0433\u0430\u043d<\/strong> \u041f\u0440\u043e\u0434\u0443\u043a\u0442<\/p>\n<\/li>\n<\/ul>\n<h4 data-start=\"1171\" data-end=\"1187\">\u0418\u0441\u043f\u043e\u043b\u044c\u0437\u043e\u0432\u0430\u043d\u0438\u0435:<\/h4>\n<p data-start=\"1188\" data-end=\"1307\">\u041d\u0430\u043d\u0435\u0441\u0438\u0442\u0435 \u043d\u0435\u0431\u043e\u043b\u044c\u0448\u043e\u0435 \u043a\u043e\u043b\u0438\u0447\u0435\u0441\u0442\u0432\u043e \u043a\u0440\u0435\u043c\u0430 \u043d\u0430 \u0447\u0438\u0441\u0442\u044b\u0435 \u0441\u0443\u0445\u0438\u0435 \u0440\u0443\u043a\u0438. \u0414\u0430\u0439\u0442\u0435 \u0432\u043f\u0438\u0442\u0430\u0442\u044c\u0441\u044f. \u0418\u0441\u043f\u043e\u043b\u044c\u0437\u0443\u0439\u0442\u0435 \u0435\u0436\u0435\u0434\u043d\u0435\u0432\u043d\u043e \u0438\u043b\u0438 \u043f\u043e \u043c\u0435\u0440\u0435 \u043d\u0435\u043e\u0431\u0445\u043e\u0434\u0438\u043c\u043e\u0441\u0442\u0438.<\/p>\n<h4 data-start=\"1309\" data-end=\"1324\">\u041f\u0440\u0435\u0434\u0443\u043f\u0440\u0435\u0436\u0434\u0435\u043d\u0438\u044f:<\/h4>\n<p data-start=\"1325\" data-end=\"1368\">\u0414\u0435\u0440\u0436\u0438\u0442\u0435 \u0432\u0434\u0430\u043b\u0438 \u043e\u0442 \u043f\u0440\u044f\u043c\u044b\u0445 \u0441\u043e\u043b\u043d\u0435\u0447\u043d\u044b\u0445 \u043b\u0443\u0447\u0435\u0439.<\/p>\n<h4 data-start=\"1370\" data-end=\"1390\">\u0418\u043d\u0433\u0440\u0435\u0434\u0438\u0435\u043d\u0442\u044b (INCI):<\/h4>\n<p data-start=\"1391\" data-end=\"2223\">Aqua, Cetearyl Alcohol, Glycerin, Butyrospermum Parkii (Shea) Butter, Ceteareth-20, Parfum, Glyceryl Stearate, Prunus Amygdalus Dulcis Oil, Isopropyl Myristate, Vegetable Oil, Dicaprylyl Carbonate, Phenoxyethanol, Sodium Hyaluronate, Sodium Benzoate, Potassium Sorbate, Rosa Centifolia Flower Extract, Jasminum Officinale Flower Extract, Bellis Perennis Flower Extract, Xanthan Gum, Plukenetia Volubilis Seed Oil, \u041b\u0438\u0437\u0438\u043d, \u0425\u043b\u043e\u0440\u0438\u0434 \u043d\u0430\u0442\u0440\u0438\u044f, \u0413\u0438\u0434\u0440\u043e\u043b\u0438\u0437\u043e\u0432\u0430\u043d\u043d\u044b\u0439 (\u043a\u0443\u043a\u0443\u0440\u0443\u0437\u043d\u044b\u0439 \u043a\u0440\u0430\u0445\u043c\u0430\u043b) \u0438 \u0437\u043e\u043b\u043e\u0442\u043e\u0439 (\u0438) \u0433\u0438\u0434\u0440\u043e\u043b\u0438\u0437\u043e\u0432\u0430\u043d\u043d\u044b\u0439 \u043f\u0448\u0435\u043d\u0438\u0447\u043d\u044b\u0439 \u043f\u0440\u043e\u0442\u0435\u0438\u043d, \u041c\u0430\u0441\u043b\u043e \u0441\u0435\u043c\u044f\u043d Crambe Abyssinica, \u041c\u0430\u0441\u043b\u043e \u043a\u043e\u0441\u0442\u043e\u0447\u0435\u043a Argania Spinosa, \u042d\u0442\u0438\u043b\u0433\u0435\u043a\u0441\u0438\u043b\u0433\u043b\u0438\u0446\u0435\u0440\u0438\u043d, \u0422\u0435\u0442\u0440\u0430\u0441\u043e\u0434\u0438\u0443\u043c \u042d\u0414\u0422\u0410, \u041b\u0438\u043c\u043e\u043d\u043d\u0430\u044f \u043a\u0438\u0441\u043b\u043e\u0442\u0430, Citrus Aurantium Bergamia Peel Oil, Hexyl Cinnamal, Limonene, Linalool, Linalyl Acetate, Linalyl Acetate, Trimethylbenzenepropanol, Hexadecanolactone, Hexamethylindanopyran, Benzyl Salicylate, Citronellol, Citral, Pinene, Rose Ketones.<\/p>\n<p data-start=\"2225\" data-end=\"2298\"><strong data-start=\"2225\" data-end=\"2246\">\u041e\u0442\u0432\u0435\u0442\u0441\u0442\u0432\u0435\u043d\u043d\u043e\u0435 \u043b\u0438\u0446\u043e:<\/strong><br data-start=\"2246\" data-end=\"2249\" \/>\u042d\u0440\u0432\u0438\u0442\u0440\u0430\u043d\u0441, \u0417\u0410\u041e, \u0422\u0430\u0439\u043a\u043e\u0441 134-28, \u0412\u0438\u043b\u044c\u043d\u044e\u0441, \u041b\u0438\u0442\u0432\u0430<\/p>","protected":false},"excerpt":{"rendered":"<p>Dr\u0117kinamasis ir atkuriamasis rank\u0173 kremas su \u0161ilku \u2013 \u0161velniai odos prie\u017ei\u016brai Atraskite prabang\u0173 dr\u0117kinam\u0105j\u012f ir atkuriam\u0105j\u012f rank\u0173 krem\u0105 su \u0161ilku, kuris akimirksniu sumink\u0161tina, pamaitina ir apsaugo rank\u0173 od\u0105. Kremo formul\u0117je esanti hialurono r\u016bg\u0161tis intensyviai dr\u0117kina ir stiprina odos apsaugin\u012f barjer\u0105, o veganinis \u0161ilkas suteikia ypatingo \u0161velnumo bei glotnumo poj\u016bt\u012f. Nat\u016bral\u016bs aliejai \u2013 Inca Inchi, argano [&#8230;]\n","protected":false},"featured_media":12123,"comment_status":"open","ping_status":"closed","template":"","meta":[],"product_brand":[],"product_cat":[201],"product_tag":[197,199,198,203],"class_list":{"0":"post-12121","1":"product","2":"type-product","3":"status-publish","4":"has-post-thumbnail","6":"product_cat-kosmetika","7":"product_tag-baze","8":"product_tag-esencija","9":"product_tag-kremas","10":"product_tag-vixi","12":"first","13":"instock","14":"shipping-taxable","15":"purchasable","16":"product-type-simple"},"yoast_head":"<!-- This site is optimized with the Yoast SEO Premium plugin v27.5 (Yoast SEO v27.5) - https:\/\/yoast.com\/product\/yoast-seo-premium-wordpress\/ -->\n<title>Dr\u0117kinamasis ir atkuriamasis rank\u0173 kremas su \u0161ilku VIXI official - MS akademija<\/title>\n<meta name=\"description\" content=\"Dr\u0117kinamasis ir atkuriamasis rank\u0173 kremas su \u0161ilku Vixi official. Kremas padengia od\u0105 \u0161velniu, \u0161ilk\u0105 primenan\u010diu sluoksniu\" \/>\n<meta name=\"robots\" content=\"index, follow, max-snippet:-1, max-image-preview:large, max-video-preview:-1\" \/>\n<link rel=\"canonical\" href=\"https:\/\/msakademija.com\/ru\/product\/\u043a\u0440\u0435\u043c-\u0434\u043b\u044f-\u0440\u0443\u043a-vixi\/\" \/>\n<meta property=\"og:locale\" content=\"ru_RU\" \/>\n<meta property=\"og:type\" content=\"article\" \/>\n<meta property=\"og:title\" content=\"Dr\u0117kinamasis ir atkuriamasis rank\u0173 kremas su \u0161ilku VIXI official\" \/>\n<meta property=\"og:description\" content=\"Dr\u0117kinamasis ir atkuriamasis rank\u0173 kremas su \u0161ilku Vixi official. Kremas padengia od\u0105 \u0161velniu, \u0161ilk\u0105 primenan\u010diu sluoksniu\" \/>\n<meta property=\"og:url\" content=\"https:\/\/msakademija.com\/ru\/product\/\u043a\u0440\u0435\u043c-\u0434\u043b\u044f-\u0440\u0443\u043a-vixi\/\" \/>\n<meta property=\"og:site_name\" content=\"MS akademija\" \/>\n<meta property=\"article:publisher\" content=\"https:\/\/www.facebook.com\/msakademijavilnius\/\" \/>\n<meta property=\"article:modified_time\" content=\"2025-12-30T10:25:01+00:00\" \/>\n<meta property=\"og:image\" content=\"https:\/\/msakademija.com\/wp-content\/uploads\/2025\/10\/df892f5e-d396-4252-8080-d81a24466033.webp\" \/>\n\t<meta property=\"og:image:width\" content=\"660\" \/>\n\t<meta property=\"og:image:height\" content=\"990\" \/>\n\t<meta property=\"og:image:type\" content=\"image\/webp\" \/>\n<meta name=\"twitter:card\" content=\"summary_large_image\" \/>\n<meta name=\"twitter:label1\" content=\"\u0426\u0435\u043d\u0430\" \/>\n\t<meta name=\"twitter:data1\" content=\"&euro;14.99\" \/>\n\t<meta name=\"twitter:label2\" content=\"\u0414\u043e\u0441\u0442\u0443\u043f\u043d\u043e\u0441\u0442\u044c\" \/>\n\t<meta name=\"twitter:data2\" content=\"\u0412 \u043d\u0430\u043b\u0438\u0447\u0438\u0438\" \/>\n<script type=\"application\/ld+json\" class=\"yoast-schema-graph\">{\"@context\":\"https:\\\/\\\/schema.org\",\"@graph\":[{\"@type\":\"WebPage\",\"@id\":\"https:\\\/\\\/msakademija.com\\\/produktas\\\/ranku-kremas-vixi\\\/\",\"url\":\"https:\\\/\\\/msakademija.com\\\/produktas\\\/ranku-kremas-vixi\\\/\",\"name\":\"Dr\u0117kinamasis ir atkuriamasis rank\u0173 kremas su \u0161ilku VIXI official - MS akademija\",\"isPartOf\":{\"@id\":\"https:\\\/\\\/msakademija.com\\\/#website\"},\"primaryImageOfPage\":{\"@id\":\"https:\\\/\\\/msakademija.com\\\/produktas\\\/ranku-kremas-vixi\\\/#primaryimage\"},\"image\":{\"@id\":\"https:\\\/\\\/msakademija.com\\\/produktas\\\/ranku-kremas-vixi\\\/#primaryimage\"},\"thumbnailUrl\":\"https:\\\/\\\/msakademija.com\\\/wp-content\\\/uploads\\\/2025\\\/10\\\/df892f5e-d396-4252-8080-d81a24466033.webp\",\"datePublished\":\"2025-10-25T16:46:56+00:00\",\"dateModified\":\"2025-12-30T10:25:01+00:00\",\"description\":\"Dr\u0117kinamasis ir atkuriamasis rank\u0173 kremas su \u0161ilku Vixi official. Kremas padengia od\u0105 \u0161velniu, \u0161ilk\u0105 primenan\u010diu sluoksniu\",\"breadcrumb\":{\"@id\":\"https:\\\/\\\/msakademija.com\\\/produktas\\\/ranku-kremas-vixi\\\/#breadcrumb\"},\"inLanguage\":\"ru-RU\",\"potentialAction\":[{\"@type\":\"ReadAction\",\"target\":[\"https:\\\/\\\/msakademija.com\\\/produktas\\\/ranku-kremas-vixi\\\/\"]}]},{\"@type\":\"ImageObject\",\"inLanguage\":\"ru-RU\",\"@id\":\"https:\\\/\\\/msakademija.com\\\/produktas\\\/ranku-kremas-vixi\\\/#primaryimage\",\"url\":\"https:\\\/\\\/msakademija.com\\\/wp-content\\\/uploads\\\/2025\\\/10\\\/df892f5e-d396-4252-8080-d81a24466033.webp\",\"contentUrl\":\"https:\\\/\\\/msakademija.com\\\/wp-content\\\/uploads\\\/2025\\\/10\\\/df892f5e-d396-4252-8080-d81a24466033.webp\",\"width\":660,\"height\":990,\"caption\":\"drekinamasis ranku kremas\"},{\"@type\":\"BreadcrumbList\",\"@id\":\"https:\\\/\\\/msakademija.com\\\/produktas\\\/ranku-kremas-vixi\\\/#breadcrumb\",\"itemListElement\":[{\"@type\":\"ListItem\",\"position\":1,\"name\":\"Home\",\"item\":\"https:\\\/\\\/msakademija.com\\\/\"},{\"@type\":\"ListItem\",\"position\":2,\"name\":\"Parduotuv\u0117\",\"item\":\"https:\\\/\\\/msakademija.com\\\/makiazo-priemoniu-parduotuve\\\/\"},{\"@type\":\"ListItem\",\"position\":3,\"name\":\"Dr\u0117kinamasis ir atkuriamasis rank\u0173 kremas su \u0161ilku VIXI official\"}]},{\"@type\":\"WebSite\",\"@id\":\"https:\\\/\\\/msakademija.com\\\/#website\",\"url\":\"https:\\\/\\\/msakademija.com\\\/\",\"name\":\"MS akademija\",\"description\":\"Makia\u017eo ir \u0161ukuosenos akademija\",\"publisher\":{\"@id\":\"https:\\\/\\\/msakademija.com\\\/#organization\"},\"potentialAction\":[{\"@type\":\"SearchAction\",\"target\":{\"@type\":\"EntryPoint\",\"urlTemplate\":\"https:\\\/\\\/msakademija.com\\\/?s={search_term_string}\"},\"query-input\":{\"@type\":\"PropertyValueSpecification\",\"valueRequired\":true,\"valueName\":\"search_term_string\"}}],\"inLanguage\":\"ru-RU\"},{\"@type\":\"Organization\",\"@id\":\"https:\\\/\\\/msakademija.com\\\/#organization\",\"name\":\"MS akademija\",\"url\":\"https:\\\/\\\/msakademija.com\\\/\",\"logo\":{\"@type\":\"ImageObject\",\"inLanguage\":\"ru-RU\",\"@id\":\"https:\\\/\\\/msakademija.com\\\/#\\\/schema\\\/logo\\\/image\\\/\",\"url\":\"https:\\\/\\\/msakademija.com\\\/wp-content\\\/uploads\\\/2021\\\/05\\\/logo_juodas_HEADERMS.png\",\"contentUrl\":\"https:\\\/\\\/msakademija.com\\\/wp-content\\\/uploads\\\/2021\\\/05\\\/logo_juodas_HEADERMS.png\",\"width\":500,\"height\":210,\"caption\":\"MS akademija\"},\"image\":{\"@id\":\"https:\\\/\\\/msakademija.com\\\/#\\\/schema\\\/logo\\\/image\\\/\"},\"sameAs\":[\"https:\\\/\\\/www.facebook.com\\\/msakademijavilnius\\\/\",\"https:\\\/\\\/www.instagram.com\\\/msakademija\\\/\"]}]}<\/script>\n<meta property=\"product:brand\" content=\"vixiofficial\" \/>\n<meta property=\"product:price:amount\" content=\"14.99\" \/>\n<meta property=\"product:price:currency\" content=\"EUR\" \/>\n<meta property=\"og:availability\" content=\"instock\" \/>\n<meta property=\"product:availability\" content=\"instock\" \/>\n<meta property=\"product:condition\" content=\"new\" \/>\n<!-- \/ Yoast SEO Premium plugin. -->","yoast_head_json":{"title":"\u0423\u0432\u043b\u0430\u0436\u043d\u044f\u044e\u0449\u0438\u0439 \u0438 \u0432\u043e\u0441\u0441\u0442\u0430\u043d\u0430\u0432\u043b\u0438\u0432\u0430\u044e\u0449\u0438\u0439 \u043a\u0440\u0435\u043c \u0434\u043b\u044f \u0440\u0443\u043a \u0441 \u0448\u0435\u043b\u043a\u043e\u043c VIXI \u043e\u0444\u0438\u0446\u0438\u0430\u043b\u044c\u043d\u044b\u0439 - MS akademija","description":"\u0423\u0432\u043b\u0430\u0436\u043d\u044f\u044e\u0449\u0438\u0439 \u0438 \u0432\u043e\u0441\u0441\u0442\u0430\u043d\u0430\u0432\u043b\u0438\u0432\u0430\u044e\u0449\u0438\u0439 \u043a\u0440\u0435\u043c \u0434\u043b\u044f \u0440\u0443\u043a \u0441 \u0448\u0435\u043b\u043a\u043e\u043c Vixi official. \u041a\u0440\u0435\u043c \u043f\u043e\u043a\u0440\u044b\u0432\u0430\u0435\u0442 \u043a\u043e\u0436\u0443 \u043c\u044f\u0433\u043a\u0438\u043c, \u043f\u043e\u0445\u043e\u0436\u0438\u043c \u043d\u0430 \u0448\u0435\u043b\u043a \u0441\u043b\u043e\u0435\u043c","robots":{"index":"index","follow":"follow","max-snippet":"max-snippet:-1","max-image-preview":"max-image-preview:large","max-video-preview":"max-video-preview:-1"},"canonical":"https:\/\/msakademija.com\/ru\/product\/\u043a\u0440\u0435\u043c-\u0434\u043b\u044f-\u0440\u0443\u043a-vixi\/","og_locale":"ru_RU","og_type":"article","og_title":"Dr\u0117kinamasis ir atkuriamasis rank\u0173 kremas su \u0161ilku VIXI official","og_description":"Dr\u0117kinamasis ir atkuriamasis rank\u0173 kremas su \u0161ilku Vixi official. Kremas padengia od\u0105 \u0161velniu, \u0161ilk\u0105 primenan\u010diu sluoksniu","og_url":"https:\/\/msakademija.com\/ru\/product\/\u043a\u0440\u0435\u043c-\u0434\u043b\u044f-\u0440\u0443\u043a-vixi\/","og_site_name":"MS akademija","article_publisher":"https:\/\/www.facebook.com\/msakademijavilnius\/","article_modified_time":"2025-12-30T10:25:01+00:00","og_image":[{"width":660,"height":990,"url":"https:\/\/msakademija.com\/wp-content\/uploads\/2025\/10\/df892f5e-d396-4252-8080-d81a24466033.webp","type":"image\/webp"}],"twitter_card":"summary_large_image","twitter_misc":{"\u0426\u0435\u043d\u0430":"&euro;14.99","\u0414\u043e\u0441\u0442\u0443\u043f\u043d\u043e\u0441\u0442\u044c":"\u0412 \u043d\u0430\u043b\u0438\u0447\u0438\u0438"},"schema":{"@context":"https:\/\/schema.org","@graph":[{"@type":"WebPage","@id":"https:\/\/msakademija.com\/produktas\/ranku-kremas-vixi\/","url":"https:\/\/msakademija.com\/produktas\/ranku-kremas-vixi\/","name":"\u0423\u0432\u043b\u0430\u0436\u043d\u044f\u044e\u0449\u0438\u0439 \u0438 \u0432\u043e\u0441\u0441\u0442\u0430\u043d\u0430\u0432\u043b\u0438\u0432\u0430\u044e\u0449\u0438\u0439 \u043a\u0440\u0435\u043c \u0434\u043b\u044f \u0440\u0443\u043a \u0441 \u0448\u0435\u043b\u043a\u043e\u043c VIXI \u043e\u0444\u0438\u0446\u0438\u0430\u043b\u044c\u043d\u044b\u0439 - MS akademija","isPartOf":{"@id":"https:\/\/msakademija.com\/#website"},"primaryImageOfPage":{"@id":"https:\/\/msakademija.com\/produktas\/ranku-kremas-vixi\/#primaryimage"},"image":{"@id":"https:\/\/msakademija.com\/produktas\/ranku-kremas-vixi\/#primaryimage"},"thumbnailUrl":"https:\/\/msakademija.com\/wp-content\/uploads\/2025\/10\/df892f5e-d396-4252-8080-d81a24466033.webp","datePublished":"2025-10-25T16:46:56+00:00","dateModified":"2025-12-30T10:25:01+00:00","description":"\u0423\u0432\u043b\u0430\u0436\u043d\u044f\u044e\u0449\u0438\u0439 \u0438 \u0432\u043e\u0441\u0441\u0442\u0430\u043d\u0430\u0432\u043b\u0438\u0432\u0430\u044e\u0449\u0438\u0439 \u043a\u0440\u0435\u043c \u0434\u043b\u044f \u0440\u0443\u043a \u0441 \u0448\u0435\u043b\u043a\u043e\u043c Vixi official. \u041a\u0440\u0435\u043c \u043f\u043e\u043a\u0440\u044b\u0432\u0430\u0435\u0442 \u043a\u043e\u0436\u0443 \u043c\u044f\u0433\u043a\u0438\u043c, \u043f\u043e\u0445\u043e\u0436\u0438\u043c \u043d\u0430 \u0448\u0435\u043b\u043a \u0441\u043b\u043e\u0435\u043c","breadcrumb":{"@id":"https:\/\/msakademija.com\/produktas\/ranku-kremas-vixi\/#breadcrumb"},"inLanguage":"ru-RU","potentialAction":[{"@type":"ReadAction","target":["https:\/\/msakademija.com\/produktas\/ranku-kremas-vixi\/"]}]},{"@type":"ImageObject","inLanguage":"ru-RU","@id":"https:\/\/msakademija.com\/produktas\/ranku-kremas-vixi\/#primaryimage","url":"https:\/\/msakademija.com\/wp-content\/uploads\/2025\/10\/df892f5e-d396-4252-8080-d81a24466033.webp","contentUrl":"https:\/\/msakademija.com\/wp-content\/uploads\/2025\/10\/df892f5e-d396-4252-8080-d81a24466033.webp","width":660,"height":990,"caption":"drekinamasis ranku kremas"},{"@type":"BreadcrumbList","@id":"https:\/\/msakademija.com\/produktas\/ranku-kremas-vixi\/#breadcrumb","itemListElement":[{"@type":"ListItem","position":1,"name":"Home","item":"https:\/\/msakademija.com\/"},{"@type":"ListItem","position":2,"name":"Parduotuv\u0117","item":"https:\/\/msakademija.com\/makiazo-priemoniu-parduotuve\/"},{"@type":"ListItem","position":3,"name":"Dr\u0117kinamasis ir atkuriamasis rank\u0173 kremas su \u0161ilku VIXI official"}]},{"@type":"WebSite","@id":"https:\/\/msakademija.com\/#website","url":"https:\/\/msakademija.com\/","name":"\u0410\u043a\u0430\u0434\u0435\u043c\u0438\u044f MS","description":"\u0410\u043a\u0430\u0434\u0435\u043c\u0438\u044f \u043c\u0430\u043a\u0438\u044f\u0436\u0430 \u0438 \u043f\u0440\u0438\u0447\u0435\u0441\u043e\u043a","publisher":{"@id":"https:\/\/msakademija.com\/#organization"},"potentialAction":[{"@type":"SearchAction","target":{"@type":"EntryPoint","urlTemplate":"https:\/\/msakademija.com\/?s={search_term_string}"},"query-input":{"@type":"PropertyValueSpecification","valueRequired":true,"valueName":"search_term_string"}}],"inLanguage":"ru-RU"},{"@type":"Organization","@id":"https:\/\/msakademija.com\/#organization","name":"\u0410\u043a\u0430\u0434\u0435\u043c\u0438\u044f MS","url":"https:\/\/msakademija.com\/","logo":{"@type":"ImageObject","inLanguage":"ru-RU","@id":"https:\/\/msakademija.com\/#\/schema\/logo\/image\/","url":"https:\/\/msakademija.com\/wp-content\/uploads\/2021\/05\/logo_juodas_HEADERMS.png","contentUrl":"https:\/\/msakademija.com\/wp-content\/uploads\/2021\/05\/logo_juodas_HEADERMS.png","width":500,"height":210,"caption":"MS akademija"},"image":{"@id":"https:\/\/msakademija.com\/#\/schema\/logo\/image\/"},"sameAs":["https:\/\/www.facebook.com\/msakademijavilnius\/","https:\/\/www.instagram.com\/msakademija\/"]}]},"product_brand":"vixiofficial","product_price_amount":"14.99","product_price_currency":"EUR","og_availability":"instock","product_availability":"instock","product_condition":"new"},"jetpack_sharing_enabled":true,"_links":{"self":[{"href":"https:\/\/msakademija.com\/ru\/wp-json\/wp\/v2\/product\/12121","targetHints":{"allow":["GET"]}}],"collection":[{"href":"https:\/\/msakademija.com\/ru\/wp-json\/wp\/v2\/product"}],"about":[{"href":"https:\/\/msakademija.com\/ru\/wp-json\/wp\/v2\/types\/product"}],"replies":[{"embeddable":true,"href":"https:\/\/msakademija.com\/ru\/wp-json\/wp\/v2\/comments?post=12121"}],"wp:featuredmedia":[{"embeddable":true,"href":"https:\/\/msakademija.com\/ru\/wp-json\/wp\/v2\/media\/12123"}],"wp:attachment":[{"href":"https:\/\/msakademija.com\/ru\/wp-json\/wp\/v2\/media?parent=12121"}],"wp:term":[{"taxonomy":"product_brand","embeddable":true,"href":"https:\/\/msakademija.com\/ru\/wp-json\/wp\/v2\/product_brand?post=12121"},{"taxonomy":"product_cat","embeddable":true,"href":"https:\/\/msakademija.com\/ru\/wp-json\/wp\/v2\/product_cat?post=12121"},{"taxonomy":"product_tag","embeddable":true,"href":"https:\/\/msakademija.com\/ru\/wp-json\/wp\/v2\/product_tag?post=12121"}],"curies":[{"name":"wp","href":"https:\/\/api.w.org\/{rel}","templated":true}]}}