{"id":6640,"date":"2021-06-22T15:21:52","date_gmt":"2021-06-22T12:21:52","guid":{"rendered":"https:\/\/msakademija.com\/?post_type=product&#038;p=6640"},"modified":"2025-07-17T07:31:00","modified_gmt":"2025-07-17T04:31:00","slug":"%d0%ba%d1%80%d0%b5%d0%bc-%d0%b4%d0%bb%d1%8f-%d0%ba%d0%be%d0%b6%d0%b8-%d0%b2%d0%be%d0%ba%d1%80%d1%83%d0%b3-%d0%b3%d0%bb%d0%b0%d0%b7-startint-fame-17","status":"publish","type":"product","link":"https:\/\/msakademija.com\/ru\/produktas\/kreminiai-akiu-seseliai-startint-fame-17\/","title":{"rendered":"\u041a\u0440\u0435\u043c\u043e\u0432\u044b\u0435 \u0442\u0435\u043d\u0438 \u0434\u043b\u044f \u0432\u0435\u043a STARTINT FAME 17"},"content":{"rendered":"<p dir=\"ltr\" data-placeholder=\"Vertimas\">\u041d\u0430\u0447\u043d\u0438\u0442\u0435 \u0441 \u043a\u0440\u0435\u043c\u043e\u0432\u044b\u0445 \u0442\u0435\u043d\u0435\u0439.<\/p>\n<p dir=\"ltr\" data-placeholder=\"Vertimas\">\u041d\u0430\u043d\u0435\u0441\u0438\u0442\u0435 \u0442\u0435\u043d\u0438 \u0434\u043b\u044f \u0432\u0435\u043a \u0441 \u043f\u043e\u043c\u043e\u0449\u044c\u044e \u0430\u043f\u043f\u043b\u0438\u043a\u0430\u0442\u043e\u0440\u0430 \u0438\u043b\u0438 \u043a\u0438\u0441\u0442\u0438. \u0414\u0435\u0440\u0436\u0438\u0442\u0435 \u043f\u043e\u0434\u0430\u043b\u044c\u0448\u0435 \u043e\u0442 \u0434\u0435\u0442\u0435\u0439. \u0425\u0440\u0430\u043d\u0438\u0442\u044c \u0432\u0434\u0430\u043b\u0438 \u043e\u0442 \u0441\u0432\u0435\u0442\u0430. \u0425\u0440\u0430\u043d\u0438\u0442\u0435 \u0432 \u0441\u0443\u0445\u043e\u043c, \u043f\u0440\u043e\u0445\u043b\u0430\u0434\u043d\u043e\u043c \u043c\u0435\u0441\u0442\u0435.<\/p>\n<p dir=\"ltr\" data-placeholder=\"Vertimas\">\u041a\u043e\u043b\u0438\u0447\u0435\u0441\u0442\u0432\u043e: 10 \u043c\u043b<\/p>\n<p dir=\"ltr\" data-placeholder=\"Vertimas\">\u0421\u043e\u0441\u0442\u0430\u0432: \u0418\u0437\u043e\u0434\u043e\u0434\u0435\u043a\u0430\u043d, \u0422\u0440\u0438\u043c\u0435\u0442\u0438\u043b\u0441\u0438\u043b\u043e\u043a\u0441\u0438\u0441\u0438\u043b\u0438\u043a\u0430\u0442, \u0426\u0438\u043a\u043b\u043e\u043f\u0435\u043d\u0442\u0430\u0441\u0438\u043b\u043e\u043a\u0441\u0430\u043d, \u0414\u0438\u043c\u0435\u0442\u0438\u043a\u043e\u043d, \u041a\u0430\u043b\u044c\u0446\u0438\u0439 \u041d\u0430\u0442\u0440\u0438\u0439 \u0411\u043e\u0440\u043e\u0441\u0438\u043b\u0438\u043a\u0430\u0442, \u041d\u0438\u0442\u0440\u0438\u0434 \u0411\u043e\u0440\u0430, \u041a\u0440\u0435\u043c\u043d\u0435\u0437\u0435\u043c, \u041e\u043a\u0442\u0438\u043b\u0434\u043e\u0434\u0435\u0446\u0438\u043b \u0421\u0442\u0435\u0430\u0440\u043e\u0438\u043b \u0421\u0442\u0435\u0430\u0440\u0430\u0442, \u0424\u0435\u043d\u0438\u043b \u0422\u0440\u0438\u043c\u0435\u0442\u0438\u043a\u043e\u043d, C30-45 \u0410\u043b\u043a\u0438\u043b \u0426\u0435\u0442\u0435\u0430\u0440\u0438\u043b \u0414\u0438\u043c\u0435\u0442\u0438\u043a\u043e\u043d \u041a\u0440\u043e\u0441\u0441\u043f\u043e\u043b\u0438\u043c\u0435\u0440, \u0426\u0438\u043a\u043b\u043e\u043c\u0435\u0442\u0438\u043a\u043e\u043d(\u0438) \u0414\u0438\u043c\u0435\u0442\u0438\u043a\u043e\u043d \u041a\u0440\u043e\u0441\u0441\u043f\u043e\u043b\u0438\u043c\u0435\u0440, \u0414\u0438\u043c\u0435\u0442\u0438\u043a\u043e\u043d\/\u0432\u0438\u043d\u0438\u043b\u0442\u0440\u0438\u043c\u0435\u0442\u0438\u043b\u0441\u0438\u043b\u043e\u043a\u0441\u0438\u0441\u0438\u043b\u0438\u043a\u0430\u0442\u043d\u044b\u0439 \u043a\u0440\u043e\u0441\u0441\u043f\u043e\u043b\u0438\u043c\u0435\u0440, \u043c\u0438\u043a\u0440\u043e\u043a\u0440\u0438\u0441\u0442\u0430\u043b\u043b\u0438\u0447\u0435\u0441\u043a\u0438\u0439 \u0432\u043e\u0441\u043a, \u0444\u0435\u043d\u043e\u043a\u0441\u0438\u044d\u0442\u0430\u043d\u043e\u043b, \u0434\u0438\u0441\u0442\u0435\u0430\u0440\u0434\u0438\u043c\u043e\u043d\u0438\u0439 \u0433\u0435\u043a\u0442\u043e\u0440\u0438\u0442, \u043f\u0440\u043e\u043f\u0438\u043b\u0435\u043d\u043a\u0430\u0440\u0431\u043e\u043d\u0430\u0442, \u043e\u0437\u043e\u043a\u0435\u0440\u0438\u0442, \u044d\u0442\u0438\u043b\u0433\u0435\u043a\u0441\u0438\u043b\u0433\u043b\u0438\u0446\u0435\u0440\u0438\u043d, \u043e\u043a\u0441\u0438\u0434 \u043e\u043b\u043e\u0432\u0430, \u043a\u0430\u0440\u043c\u0438\u043d (CI 75470), \u043e\u043a\u0441\u0438\u0434\u044b \u0436\u0435\u043b\u0435\u0437\u0430 (CI 77491), \u0441\u043b\u044e\u0434\u0430 (CI 77019), Red 40 Lake (CI 16035), \u0434\u0438\u043e\u043a\u0441\u0438\u0434 \u0442\u0438\u0442\u0430\u043d\u0430 (CI 77891), Yellow 5 Lake ( CI 19140).<\/p>","protected":false},"excerpt":{"rendered":"<p>Startint kreminiai \u0161e\u0161eliai. U\u017etepkite aki\u0173 \u0161e\u0161\u0117lius aplikatoriumi arba teptuku. Saugoti nuo vaik\u0173. Saugoti nuo \u0161viesos. Laikyti sausoje, v\u0117sioje vietoje. Kiekis: 10ml Sud\u0117tis: Isododecane, Trimethylsiloxysilicate, Cyclopentasiloxane, Dimethicone, Calcium Sodium Borosilicate, Boron Nitride, Silica, Octyldodecyl Stearoyl Stearate, Phenyl Trimethicone, C30-45 Alkyl Cetearyl Dimethicone Crosspolymer, Cyclomethicone (and) Dimethicone Crosspolymer, Dimethicone \/Vinyltrimethylsiloxysilicate Crosspolymer, Microcrystalline Wax, Phenoxyethanol, Disteardimonium Hectorite, Propylene [&#8230;]\n","protected":false},"featured_media":6608,"comment_status":"open","ping_status":"closed","template":"","meta":[],"product_brand":[],"product_cat":[27,101,20],"product_tag":[118,135],"class_list":{"0":"post-6640","1":"product","2":"type-product","3":"status-publish","4":"has-post-thumbnail","6":"product_cat-akims","7":"product_cat-kreminiai-akiu-seseliai","8":"product_cat-priemones-makiazui","9":"product_tag-akiu-seseliai-kreminiai-seseliai-alena-tofil","10":"product_tag-alenatofil","12":"first","13":"outofstock","14":"sale","15":"shipping-taxable","16":"purchasable","17":"product-type-simple"},"yoast_head":"<!-- This site is optimized with the Yoast SEO Premium plugin v27.5 (Yoast SEO v27.5) - https:\/\/yoast.com\/product\/yoast-seo-premium-wordpress\/ -->\n<title>Kreminiai aki\u0173 \u0161e\u0161\u0117liai STARTINT FAME 17 - MS akademija<\/title>\n<meta name=\"robots\" content=\"index, follow, max-snippet:-1, max-image-preview:large, max-video-preview:-1\" \/>\n<link rel=\"canonical\" href=\"https:\/\/msakademija.com\/ru\/product\/\u043a\u0440\u0435\u043c-\u0434\u043b\u044f-\u043a\u043e\u0436\u0438-\u0432\u043e\u043a\u0440\u0443\u0433-\u0433\u043b\u0430\u0437-startint-fame-17\/\" \/>\n<meta property=\"og:locale\" content=\"ru_RU\" \/>\n<meta property=\"og:type\" content=\"article\" \/>\n<meta property=\"og:title\" content=\"Kreminiai aki\u0173 \u0161e\u0161\u0117liai STARTINT FAME 17\" \/>\n<meta property=\"og:description\" content=\"Startint kreminiai \u0161e\u0161eliai. U\u017etepkite aki\u0173 \u0161e\u0161\u0117lius aplikatoriumi arba teptuku. Saugoti nuo vaik\u0173. Saugoti nuo \u0161viesos. Laikyti sausoje, v\u0117sioje vietoje. Kiekis: 10ml Sud\u0117tis: Isododecane, Trimethylsiloxysilicate, Cyclopentasiloxane, Dimethicone, Calcium Sodium Borosilicate, Boron Nitride, Silica, Octyldodecyl Stearoyl Stearate, Phenyl Trimethicone, C30-45 Alkyl Cetearyl Dimethicone Crosspolymer, Cyclomethicone (and) Dimethicone Crosspolymer, Dimethicone \/Vinyltrimethylsiloxysilicate Crosspolymer, Microcrystalline Wax, Phenoxyethanol, Disteardimonium Hectorite, Propylene [...]\" \/>\n<meta property=\"og:url\" content=\"https:\/\/msakademija.com\/ru\/product\/\u043a\u0440\u0435\u043c-\u0434\u043b\u044f-\u043a\u043e\u0436\u0438-\u0432\u043e\u043a\u0440\u0443\u0433-\u0433\u043b\u0430\u0437-startint-fame-17\/\" \/>\n<meta property=\"og:site_name\" content=\"MS akademija\" \/>\n<meta property=\"article:publisher\" content=\"https:\/\/www.facebook.com\/msakademijavilnius\/\" \/>\n<meta property=\"article:modified_time\" content=\"2025-07-17T04:31:00+00:00\" \/>\n<meta property=\"og:image\" content=\"https:\/\/msakademija.com\/wp-content\/uploads\/2021\/06\/17.jpg\" \/>\n\t<meta property=\"og:image:width\" content=\"970\" \/>\n\t<meta property=\"og:image:height\" content=\"1455\" \/>\n\t<meta property=\"og:image:type\" content=\"image\/jpeg\" \/>\n<meta name=\"twitter:card\" content=\"summary_large_image\" \/>\n<meta name=\"twitter:label1\" content=\"\u0426\u0435\u043d\u0430\" \/>\n\t<meta name=\"twitter:data1\" content=\"&euro;13.50\" \/>\n\t<meta name=\"twitter:label2\" content=\"\u0414\u043e\u0441\u0442\u0443\u043f\u043d\u043e\u0441\u0442\u044c\" \/>\n\t<meta name=\"twitter:data2\" content=\"\u0420\u0430\u0441\u043f\u0440\u043e\u0434\u0430\u043d\u043e\" \/>\n<script type=\"application\/ld+json\" class=\"yoast-schema-graph\">{\"@context\":\"https:\\\/\\\/schema.org\",\"@graph\":[{\"@type\":\"WebPage\",\"@id\":\"https:\\\/\\\/msakademija.com\\\/produktas\\\/kreminiai-akiu-seseliai-startint-fame-17\\\/\",\"url\":\"https:\\\/\\\/msakademija.com\\\/produktas\\\/kreminiai-akiu-seseliai-startint-fame-17\\\/\",\"name\":\"Kreminiai aki\u0173 \u0161e\u0161\u0117liai STARTINT FAME 17 - MS akademija\",\"isPartOf\":{\"@id\":\"https:\\\/\\\/msakademija.com\\\/#website\"},\"primaryImageOfPage\":{\"@id\":\"https:\\\/\\\/msakademija.com\\\/produktas\\\/kreminiai-akiu-seseliai-startint-fame-17\\\/#primaryimage\"},\"image\":{\"@id\":\"https:\\\/\\\/msakademija.com\\\/produktas\\\/kreminiai-akiu-seseliai-startint-fame-17\\\/#primaryimage\"},\"thumbnailUrl\":\"https:\\\/\\\/msakademija.com\\\/wp-content\\\/uploads\\\/2021\\\/06\\\/17.jpg\",\"datePublished\":\"2021-06-22T12:21:52+00:00\",\"dateModified\":\"2025-07-17T04:31:00+00:00\",\"breadcrumb\":{\"@id\":\"https:\\\/\\\/msakademija.com\\\/produktas\\\/kreminiai-akiu-seseliai-startint-fame-17\\\/#breadcrumb\"},\"inLanguage\":\"ru-RU\",\"potentialAction\":[{\"@type\":\"ReadAction\",\"target\":[\"https:\\\/\\\/msakademija.com\\\/produktas\\\/kreminiai-akiu-seseliai-startint-fame-17\\\/\"]}]},{\"@type\":\"ImageObject\",\"inLanguage\":\"ru-RU\",\"@id\":\"https:\\\/\\\/msakademija.com\\\/produktas\\\/kreminiai-akiu-seseliai-startint-fame-17\\\/#primaryimage\",\"url\":\"https:\\\/\\\/msakademija.com\\\/wp-content\\\/uploads\\\/2021\\\/06\\\/17.jpg\",\"contentUrl\":\"https:\\\/\\\/msakademija.com\\\/wp-content\\\/uploads\\\/2021\\\/06\\\/17.jpg\",\"width\":970,\"height\":1455},{\"@type\":\"BreadcrumbList\",\"@id\":\"https:\\\/\\\/msakademija.com\\\/produktas\\\/kreminiai-akiu-seseliai-startint-fame-17\\\/#breadcrumb\",\"itemListElement\":[{\"@type\":\"ListItem\",\"position\":1,\"name\":\"Home\",\"item\":\"https:\\\/\\\/msakademija.com\\\/\"},{\"@type\":\"ListItem\",\"position\":2,\"name\":\"Parduotuv\u0117\",\"item\":\"https:\\\/\\\/msakademija.com\\\/makiazo-priemoniu-parduotuve\\\/\"},{\"@type\":\"ListItem\",\"position\":3,\"name\":\"Kreminiai aki\u0173 \u0161e\u0161\u0117liai STARTINT FAME 17\"}]},{\"@type\":\"WebSite\",\"@id\":\"https:\\\/\\\/msakademija.com\\\/#website\",\"url\":\"https:\\\/\\\/msakademija.com\\\/\",\"name\":\"MS akademija\",\"description\":\"Makia\u017eo ir \u0161ukuosenos akademija\",\"publisher\":{\"@id\":\"https:\\\/\\\/msakademija.com\\\/#organization\"},\"potentialAction\":[{\"@type\":\"SearchAction\",\"target\":{\"@type\":\"EntryPoint\",\"urlTemplate\":\"https:\\\/\\\/msakademija.com\\\/?s={search_term_string}\"},\"query-input\":{\"@type\":\"PropertyValueSpecification\",\"valueRequired\":true,\"valueName\":\"search_term_string\"}}],\"inLanguage\":\"ru-RU\"},{\"@type\":\"Organization\",\"@id\":\"https:\\\/\\\/msakademija.com\\\/#organization\",\"name\":\"MS akademija\",\"url\":\"https:\\\/\\\/msakademija.com\\\/\",\"logo\":{\"@type\":\"ImageObject\",\"inLanguage\":\"ru-RU\",\"@id\":\"https:\\\/\\\/msakademija.com\\\/#\\\/schema\\\/logo\\\/image\\\/\",\"url\":\"https:\\\/\\\/msakademija.com\\\/wp-content\\\/uploads\\\/2021\\\/05\\\/logo_juodas_HEADERMS.png\",\"contentUrl\":\"https:\\\/\\\/msakademija.com\\\/wp-content\\\/uploads\\\/2021\\\/05\\\/logo_juodas_HEADERMS.png\",\"width\":500,\"height\":210,\"caption\":\"MS akademija\"},\"image\":{\"@id\":\"https:\\\/\\\/msakademija.com\\\/#\\\/schema\\\/logo\\\/image\\\/\"},\"sameAs\":[\"https:\\\/\\\/www.facebook.com\\\/msakademijavilnius\\\/\",\"https:\\\/\\\/www.instagram.com\\\/msakademija\\\/\"]}]}<\/script>\n<meta property=\"product:brand\" content=\"Alena Tofil\" \/>\n<meta property=\"product:price:amount\" content=\"13.50\" \/>\n<meta property=\"product:price:currency\" content=\"EUR\" \/>\n<meta property=\"og:availability\" content=\"out of stock\" \/>\n<meta property=\"product:availability\" content=\"out of stock\" \/>\n<meta property=\"product:condition\" content=\"new\" \/>\n<!-- \/ Yoast SEO Premium plugin. -->","yoast_head_json":{"title":"\u041a\u0440\u0435\u043c\u043e\u0432\u044b\u0435 \u0442\u0435\u043d\u0438 \u0434\u043b\u044f \u0432\u0435\u043a STARTINT FAME 17 - MS akademija","robots":{"index":"index","follow":"follow","max-snippet":"max-snippet:-1","max-image-preview":"max-image-preview:large","max-video-preview":"max-video-preview:-1"},"canonical":"https:\/\/msakademija.com\/ru\/product\/\u043a\u0440\u0435\u043c-\u0434\u043b\u044f-\u043a\u043e\u0436\u0438-\u0432\u043e\u043a\u0440\u0443\u0433-\u0433\u043b\u0430\u0437-startint-fame-17\/","og_locale":"ru_RU","og_type":"article","og_title":"Kreminiai aki\u0173 \u0161e\u0161\u0117liai STARTINT FAME 17","og_description":"Startint kreminiai \u0161e\u0161eliai. U\u017etepkite aki\u0173 \u0161e\u0161\u0117lius aplikatoriumi arba teptuku. Saugoti nuo vaik\u0173. Saugoti nuo \u0161viesos. Laikyti sausoje, v\u0117sioje vietoje. Kiekis: 10ml Sud\u0117tis: Isododecane, Trimethylsiloxysilicate, Cyclopentasiloxane, Dimethicone, Calcium Sodium Borosilicate, Boron Nitride, Silica, Octyldodecyl Stearoyl Stearate, Phenyl Trimethicone, C30-45 Alkyl Cetearyl Dimethicone Crosspolymer, Cyclomethicone (and) Dimethicone Crosspolymer, Dimethicone \/Vinyltrimethylsiloxysilicate Crosspolymer, Microcrystalline Wax, Phenoxyethanol, Disteardimonium Hectorite, Propylene [...]","og_url":"https:\/\/msakademija.com\/ru\/product\/\u043a\u0440\u0435\u043c-\u0434\u043b\u044f-\u043a\u043e\u0436\u0438-\u0432\u043e\u043a\u0440\u0443\u0433-\u0433\u043b\u0430\u0437-startint-fame-17\/","og_site_name":"MS akademija","article_publisher":"https:\/\/www.facebook.com\/msakademijavilnius\/","article_modified_time":"2025-07-17T04:31:00+00:00","og_image":[{"width":970,"height":1455,"url":"https:\/\/msakademija.com\/wp-content\/uploads\/2021\/06\/17.jpg","type":"image\/jpeg"}],"twitter_card":"summary_large_image","twitter_misc":{"\u0426\u0435\u043d\u0430":"&euro;13.50","\u0414\u043e\u0441\u0442\u0443\u043f\u043d\u043e\u0441\u0442\u044c":"\u0420\u0430\u0441\u043f\u0440\u043e\u0434\u0430\u043d\u043e"},"schema":{"@context":"https:\/\/schema.org","@graph":[{"@type":"WebPage","@id":"https:\/\/msakademija.com\/produktas\/kreminiai-akiu-seseliai-startint-fame-17\/","url":"https:\/\/msakademija.com\/produktas\/kreminiai-akiu-seseliai-startint-fame-17\/","name":"\u041a\u0440\u0435\u043c\u043e\u0432\u044b\u0435 \u0442\u0435\u043d\u0438 \u0434\u043b\u044f \u0432\u0435\u043a STARTINT FAME 17 - MS akademija","isPartOf":{"@id":"https:\/\/msakademija.com\/#website"},"primaryImageOfPage":{"@id":"https:\/\/msakademija.com\/produktas\/kreminiai-akiu-seseliai-startint-fame-17\/#primaryimage"},"image":{"@id":"https:\/\/msakademija.com\/produktas\/kreminiai-akiu-seseliai-startint-fame-17\/#primaryimage"},"thumbnailUrl":"https:\/\/msakademija.com\/wp-content\/uploads\/2021\/06\/17.jpg","datePublished":"2021-06-22T12:21:52+00:00","dateModified":"2025-07-17T04:31:00+00:00","breadcrumb":{"@id":"https:\/\/msakademija.com\/produktas\/kreminiai-akiu-seseliai-startint-fame-17\/#breadcrumb"},"inLanguage":"ru-RU","potentialAction":[{"@type":"ReadAction","target":["https:\/\/msakademija.com\/produktas\/kreminiai-akiu-seseliai-startint-fame-17\/"]}]},{"@type":"ImageObject","inLanguage":"ru-RU","@id":"https:\/\/msakademija.com\/produktas\/kreminiai-akiu-seseliai-startint-fame-17\/#primaryimage","url":"https:\/\/msakademija.com\/wp-content\/uploads\/2021\/06\/17.jpg","contentUrl":"https:\/\/msakademija.com\/wp-content\/uploads\/2021\/06\/17.jpg","width":970,"height":1455},{"@type":"BreadcrumbList","@id":"https:\/\/msakademija.com\/produktas\/kreminiai-akiu-seseliai-startint-fame-17\/#breadcrumb","itemListElement":[{"@type":"ListItem","position":1,"name":"Home","item":"https:\/\/msakademija.com\/"},{"@type":"ListItem","position":2,"name":"Parduotuv\u0117","item":"https:\/\/msakademija.com\/makiazo-priemoniu-parduotuve\/"},{"@type":"ListItem","position":3,"name":"Kreminiai aki\u0173 \u0161e\u0161\u0117liai STARTINT FAME 17"}]},{"@type":"WebSite","@id":"https:\/\/msakademija.com\/#website","url":"https:\/\/msakademija.com\/","name":"\u0410\u043a\u0430\u0434\u0435\u043c\u0438\u044f MS","description":"\u0410\u043a\u0430\u0434\u0435\u043c\u0438\u044f \u043c\u0430\u043a\u0438\u044f\u0436\u0430 \u0438 \u043f\u0440\u0438\u0447\u0435\u0441\u043e\u043a","publisher":{"@id":"https:\/\/msakademija.com\/#organization"},"potentialAction":[{"@type":"SearchAction","target":{"@type":"EntryPoint","urlTemplate":"https:\/\/msakademija.com\/?s={search_term_string}"},"query-input":{"@type":"PropertyValueSpecification","valueRequired":true,"valueName":"search_term_string"}}],"inLanguage":"ru-RU"},{"@type":"Organization","@id":"https:\/\/msakademija.com\/#organization","name":"\u0410\u043a\u0430\u0434\u0435\u043c\u0438\u044f MS","url":"https:\/\/msakademija.com\/","logo":{"@type":"ImageObject","inLanguage":"ru-RU","@id":"https:\/\/msakademija.com\/#\/schema\/logo\/image\/","url":"https:\/\/msakademija.com\/wp-content\/uploads\/2021\/05\/logo_juodas_HEADERMS.png","contentUrl":"https:\/\/msakademija.com\/wp-content\/uploads\/2021\/05\/logo_juodas_HEADERMS.png","width":500,"height":210,"caption":"MS akademija"},"image":{"@id":"https:\/\/msakademija.com\/#\/schema\/logo\/image\/"},"sameAs":["https:\/\/www.facebook.com\/msakademijavilnius\/","https:\/\/www.instagram.com\/msakademija\/"]}]},"product_brand":"Alena Tofil","product_price_amount":"13.50","product_price_currency":"EUR","og_availability":"out of stock","product_availability":"out of stock","product_condition":"new"},"jetpack_sharing_enabled":true,"_links":{"self":[{"href":"https:\/\/msakademija.com\/ru\/wp-json\/wp\/v2\/product\/6640","targetHints":{"allow":["GET"]}}],"collection":[{"href":"https:\/\/msakademija.com\/ru\/wp-json\/wp\/v2\/product"}],"about":[{"href":"https:\/\/msakademija.com\/ru\/wp-json\/wp\/v2\/types\/product"}],"replies":[{"embeddable":true,"href":"https:\/\/msakademija.com\/ru\/wp-json\/wp\/v2\/comments?post=6640"}],"wp:featuredmedia":[{"embeddable":true,"href":"https:\/\/msakademija.com\/ru\/wp-json\/wp\/v2\/media\/6608"}],"wp:attachment":[{"href":"https:\/\/msakademija.com\/ru\/wp-json\/wp\/v2\/media?parent=6640"}],"wp:term":[{"taxonomy":"product_brand","embeddable":true,"href":"https:\/\/msakademija.com\/ru\/wp-json\/wp\/v2\/product_brand?post=6640"},{"taxonomy":"product_cat","embeddable":true,"href":"https:\/\/msakademija.com\/ru\/wp-json\/wp\/v2\/product_cat?post=6640"},{"taxonomy":"product_tag","embeddable":true,"href":"https:\/\/msakademija.com\/ru\/wp-json\/wp\/v2\/product_tag?post=6640"}],"curies":[{"name":"wp","href":"https:\/\/api.w.org\/{rel}","templated":true}]}}