{"id":6752,"date":"2021-06-22T21:31:43","date_gmt":"2021-06-22T18:31:43","guid":{"rendered":"https:\/\/msakademija.com\/?post_type=product&#038;p=6752"},"modified":"2026-03-20T22:49:03","modified_gmt":"2026-03-20T20:49:03","slug":"%d0%bf%d0%b0%d0%bb%d0%b8%d1%82%d1%80%d0%b0-%d0%b4%d0%bb%d1%8f-%d0%bc%d0%b0%d0%ba%d0%b8%d1%8f%d0%b6%d0%b0-%d1%81-%d0%bb%d0%be%d0%bf%d0%b0%d1%82%d0%be%d1%87%d0%ba%d0%be%d0%b9","status":"publish","type":"product","link":"https:\/\/msakademija.com\/ru\/produktas\/makiazo-palete-su-mentele\/","title":{"rendered":"\u041f\u0410\u041b\u0418\u0422\u0420\u0410 \u0414\u041b\u042f \u041c\u0410\u041a\u0418\u042f\u0416\u0410 \u0421 \u041b\u041e\u041f\u0410\u0422\u041e\u0427\u041a\u041e\u0419"},"content":{"rendered":"<p>\u041f\u0430\u043b\u0438\u0442\u0440\u0430 \u0434\u043b\u044f \u0441\u043c\u0435\u0448\u0438\u0432\u0430\u043d\u0438\u044f \u0441\u0440\u0435\u0434\u0441\u0442\u0432 \u0434\u043b\u044f \u043c\u0430\u043a\u0438\u044f\u0436\u0430 \u0441 \u043b\u043e\u043f\u0430\u0442\u043e\u0447\u043a\u043e\u0439<\/p>\n<p>\u0420\u0430\u0437\u043c\u0435\u0440\u044b: 15 \u0441\u043c*10 \u0441\u043c*2,3 \u043c\u043c<\/p>","protected":false},"excerpt":{"rendered":"<p>\u041f\u0430\u043b\u0438\u0442\u0440\u0430 \u0434\u043b\u044f \u0441\u043c\u0435\u0448\u0438\u0432\u0430\u043d\u0438\u044f \u0441\u0440\u0435\u0434\u0441\u0442\u0432 \u0434\u043b\u044f \u043c\u0430\u043a\u0438\u044f\u0436\u0430 \u0441 \u043b\u043e\u043f\u0430\u0442\u043e\u0447\u043a\u043e\u0439 \u0420\u0430\u0437\u043c\u0435\u0440\u044b: 15 \u0441\u043c*10 \u0441\u043c*2,3 \u043c\u043c<\/p>","protected":false},"featured_media":6759,"comment_status":"open","ping_status":"closed","template":"","meta":[],"product_brand":[],"product_cat":[41],"product_tag":[],"class_list":{"0":"post-6752","1":"product","2":"type-product","3":"status-publish","4":"has-post-thumbnail","6":"product_cat-kitos-priemones","8":"first","9":"instock","10":"shipping-taxable","11":"purchasable","12":"product-type-simple"},"yoast_head":"<!-- This site is optimized with the Yoast SEO Premium plugin v27.5 (Yoast SEO v27.5) - https:\/\/yoast.com\/product\/yoast-seo-premium-wordpress\/ -->\n<title>MAKIA\u017dO PALET\u0116 SU MENTELE - MS akademija<\/title>\n<meta name=\"robots\" content=\"index, follow, max-snippet:-1, max-image-preview:large, max-video-preview:-1\" \/>\n<link rel=\"canonical\" href=\"https:\/\/msakademija.com\/ru\/product\/\u043f\u0430\u043b\u0438\u0442\u0440\u0430-\u0434\u043b\u044f-\u043c\u0430\u043a\u0438\u044f\u0436\u0430-\u0441-\u043b\u043e\u043f\u0430\u0442\u043e\u0447\u043a\u043e\u0439\/\" \/>\n<meta property=\"og:locale\" content=\"ru_RU\" \/>\n<meta property=\"og:type\" content=\"article\" \/>\n<meta property=\"og:title\" content=\"MAKIA\u017dO PALET\u0116 SU MENTELE\" \/>\n<meta property=\"og:description\" content=\"Palet\u0117 makia\u017eo priemoni\u0173 mai\u0161ymui su mentele I\u0161matavimai : 15cm*10cm*2,3mm\" \/>\n<meta property=\"og:url\" content=\"https:\/\/msakademija.com\/ru\/product\/\u043f\u0430\u043b\u0438\u0442\u0440\u0430-\u0434\u043b\u044f-\u043c\u0430\u043a\u0438\u044f\u0436\u0430-\u0441-\u043b\u043e\u043f\u0430\u0442\u043e\u0447\u043a\u043e\u0439\/\" \/>\n<meta property=\"og:site_name\" content=\"MS akademija\" \/>\n<meta property=\"article:publisher\" content=\"https:\/\/www.facebook.com\/msakademijavilnius\/\" \/>\n<meta property=\"article:modified_time\" content=\"2026-03-20T20:49:03+00:00\" \/>\n<meta property=\"og:image\" content=\"https:\/\/msakademija.com\/wp-content\/uploads\/2021\/06\/Makeup-Palette-Clear-Acrylic-Nail-Stamping-Plates-Polish-Gel-Mixing-Spatula-Foundation-Eyeshadow-Stainless-Steel-Rod_1024x1024.jpg\" \/>\n\t<meta property=\"og:image:width\" content=\"800\" \/>\n\t<meta property=\"og:image:height\" content=\"800\" \/>\n\t<meta property=\"og:image:type\" content=\"image\/jpeg\" \/>\n<meta name=\"twitter:card\" content=\"summary_large_image\" \/>\n<meta name=\"twitter:label1\" content=\"\u0426\u0435\u043d\u0430\" \/>\n\t<meta name=\"twitter:data1\" content=\"&euro;11.00\" \/>\n\t<meta name=\"twitter:label2\" content=\"\u0414\u043e\u0441\u0442\u0443\u043f\u043d\u043e\u0441\u0442\u044c\" \/>\n\t<meta name=\"twitter:data2\" content=\"\u0412 \u043d\u0430\u043b\u0438\u0447\u0438\u0438\" \/>\n<script type=\"application\/ld+json\" class=\"yoast-schema-graph\">{\"@context\":\"https:\\\/\\\/schema.org\",\"@graph\":[{\"@type\":\"WebPage\",\"@id\":\"https:\\\/\\\/msakademija.com\\\/produktas\\\/makiazo-palete-su-mentele\\\/\",\"url\":\"https:\\\/\\\/msakademija.com\\\/produktas\\\/makiazo-palete-su-mentele\\\/\",\"name\":\"MAKIA\u017dO PALET\u0116 SU MENTELE - MS akademija\",\"isPartOf\":{\"@id\":\"https:\\\/\\\/msakademija.com\\\/#website\"},\"primaryImageOfPage\":{\"@id\":\"https:\\\/\\\/msakademija.com\\\/produktas\\\/makiazo-palete-su-mentele\\\/#primaryimage\"},\"image\":{\"@id\":\"https:\\\/\\\/msakademija.com\\\/produktas\\\/makiazo-palete-su-mentele\\\/#primaryimage\"},\"thumbnailUrl\":\"https:\\\/\\\/msakademija.com\\\/wp-content\\\/uploads\\\/2021\\\/06\\\/Makeup-Palette-Clear-Acrylic-Nail-Stamping-Plates-Polish-Gel-Mixing-Spatula-Foundation-Eyeshadow-Stainless-Steel-Rod_1024x1024.jpg\",\"datePublished\":\"2021-06-22T18:31:43+00:00\",\"dateModified\":\"2026-03-20T20:49:03+00:00\",\"breadcrumb\":{\"@id\":\"https:\\\/\\\/msakademija.com\\\/produktas\\\/makiazo-palete-su-mentele\\\/#breadcrumb\"},\"inLanguage\":\"ru-RU\",\"potentialAction\":[{\"@type\":\"ReadAction\",\"target\":[\"https:\\\/\\\/msakademija.com\\\/produktas\\\/makiazo-palete-su-mentele\\\/\"]}]},{\"@type\":\"ImageObject\",\"inLanguage\":\"ru-RU\",\"@id\":\"https:\\\/\\\/msakademija.com\\\/produktas\\\/makiazo-palete-su-mentele\\\/#primaryimage\",\"url\":\"https:\\\/\\\/msakademija.com\\\/wp-content\\\/uploads\\\/2021\\\/06\\\/Makeup-Palette-Clear-Acrylic-Nail-Stamping-Plates-Polish-Gel-Mixing-Spatula-Foundation-Eyeshadow-Stainless-Steel-Rod_1024x1024.jpg\",\"contentUrl\":\"https:\\\/\\\/msakademija.com\\\/wp-content\\\/uploads\\\/2021\\\/06\\\/Makeup-Palette-Clear-Acrylic-Nail-Stamping-Plates-Polish-Gel-Mixing-Spatula-Foundation-Eyeshadow-Stainless-Steel-Rod_1024x1024.jpg\",\"width\":800,\"height\":800},{\"@type\":\"BreadcrumbList\",\"@id\":\"https:\\\/\\\/msakademija.com\\\/produktas\\\/makiazo-palete-su-mentele\\\/#breadcrumb\",\"itemListElement\":[{\"@type\":\"ListItem\",\"position\":1,\"name\":\"Home\",\"item\":\"https:\\\/\\\/msakademija.com\\\/\"},{\"@type\":\"ListItem\",\"position\":2,\"name\":\"Parduotuv\u0117\",\"item\":\"https:\\\/\\\/msakademija.com\\\/makiazo-priemoniu-parduotuve\\\/\"},{\"@type\":\"ListItem\",\"position\":3,\"name\":\"MAKIA\u017dO PALET\u0116 SU MENTELE\"}]},{\"@type\":\"WebSite\",\"@id\":\"https:\\\/\\\/msakademija.com\\\/#website\",\"url\":\"https:\\\/\\\/msakademija.com\\\/\",\"name\":\"MS akademija\",\"description\":\"Makia\u017eo ir \u0161ukuosenos akademija\",\"publisher\":{\"@id\":\"https:\\\/\\\/msakademija.com\\\/#organization\"},\"potentialAction\":[{\"@type\":\"SearchAction\",\"target\":{\"@type\":\"EntryPoint\",\"urlTemplate\":\"https:\\\/\\\/msakademija.com\\\/?s={search_term_string}\"},\"query-input\":{\"@type\":\"PropertyValueSpecification\",\"valueRequired\":true,\"valueName\":\"search_term_string\"}}],\"inLanguage\":\"ru-RU\"},{\"@type\":\"Organization\",\"@id\":\"https:\\\/\\\/msakademija.com\\\/#organization\",\"name\":\"MS akademija\",\"url\":\"https:\\\/\\\/msakademija.com\\\/\",\"logo\":{\"@type\":\"ImageObject\",\"inLanguage\":\"ru-RU\",\"@id\":\"https:\\\/\\\/msakademija.com\\\/#\\\/schema\\\/logo\\\/image\\\/\",\"url\":\"https:\\\/\\\/msakademija.com\\\/wp-content\\\/uploads\\\/2021\\\/05\\\/logo_juodas_HEADERMS.png\",\"contentUrl\":\"https:\\\/\\\/msakademija.com\\\/wp-content\\\/uploads\\\/2021\\\/05\\\/logo_juodas_HEADERMS.png\",\"width\":500,\"height\":210,\"caption\":\"MS akademija\"},\"image\":{\"@id\":\"https:\\\/\\\/msakademija.com\\\/#\\\/schema\\\/logo\\\/image\\\/\"},\"sameAs\":[\"https:\\\/\\\/www.facebook.com\\\/msakademijavilnius\\\/\",\"https:\\\/\\\/www.instagram.com\\\/msakademija\\\/\"]}]}<\/script>\n<meta property=\"product:price:amount\" content=\"11.00\" \/>\n<meta property=\"product:price:currency\" content=\"EUR\" \/>\n<meta property=\"og:availability\" content=\"instock\" \/>\n<meta property=\"product:availability\" content=\"instock\" \/>\n<meta property=\"product:condition\" content=\"new\" \/>\n<!-- \/ Yoast SEO Premium plugin. -->","yoast_head_json":{"title":"\u041f\u0410\u041b\u0415\u0422\u0410 \u041c\u0410\u041a\u0418\u0420\u041e\u0412\u041a\u0418 \u0421 \u041c\u0415\u041d\u0422\u0415\u041b\u0415\u041c - MS akademija","robots":{"index":"index","follow":"follow","max-snippet":"max-snippet:-1","max-image-preview":"max-image-preview:large","max-video-preview":"max-video-preview:-1"},"canonical":"https:\/\/msakademija.com\/ru\/product\/\u043f\u0430\u043b\u0438\u0442\u0440\u0430-\u0434\u043b\u044f-\u043c\u0430\u043a\u0438\u044f\u0436\u0430-\u0441-\u043b\u043e\u043f\u0430\u0442\u043e\u0447\u043a\u043e\u0439\/","og_locale":"ru_RU","og_type":"article","og_title":"MAKIA\u017dO PALET\u0116 SU MENTELE","og_description":"Palet\u0117 makia\u017eo priemoni\u0173 mai\u0161ymui su mentele I\u0161matavimai : 15cm*10cm*2,3mm","og_url":"https:\/\/msakademija.com\/ru\/product\/\u043f\u0430\u043b\u0438\u0442\u0440\u0430-\u0434\u043b\u044f-\u043c\u0430\u043a\u0438\u044f\u0436\u0430-\u0441-\u043b\u043e\u043f\u0430\u0442\u043e\u0447\u043a\u043e\u0439\/","og_site_name":"MS akademija","article_publisher":"https:\/\/www.facebook.com\/msakademijavilnius\/","article_modified_time":"2026-03-20T20:49:03+00:00","og_image":[{"width":800,"height":800,"url":"https:\/\/msakademija.com\/wp-content\/uploads\/2021\/06\/Makeup-Palette-Clear-Acrylic-Nail-Stamping-Plates-Polish-Gel-Mixing-Spatula-Foundation-Eyeshadow-Stainless-Steel-Rod_1024x1024.jpg","type":"image\/jpeg"}],"twitter_card":"summary_large_image","twitter_misc":{"\u0426\u0435\u043d\u0430":"&euro;11.00","\u0414\u043e\u0441\u0442\u0443\u043f\u043d\u043e\u0441\u0442\u044c":"\u0412 \u043d\u0430\u043b\u0438\u0447\u0438\u0438"},"schema":{"@context":"https:\/\/schema.org","@graph":[{"@type":"WebPage","@id":"https:\/\/msakademija.com\/produktas\/makiazo-palete-su-mentele\/","url":"https:\/\/msakademija.com\/produktas\/makiazo-palete-su-mentele\/","name":"\u041f\u0410\u041b\u0415\u0422\u0410 \u041c\u0410\u041a\u0418\u0420\u041e\u0412\u041a\u0418 \u0421 \u041c\u0415\u041d\u0422\u0415\u041b\u0415\u041c - MS akademija","isPartOf":{"@id":"https:\/\/msakademija.com\/#website"},"primaryImageOfPage":{"@id":"https:\/\/msakademija.com\/produktas\/makiazo-palete-su-mentele\/#primaryimage"},"image":{"@id":"https:\/\/msakademija.com\/produktas\/makiazo-palete-su-mentele\/#primaryimage"},"thumbnailUrl":"https:\/\/msakademija.com\/wp-content\/uploads\/2021\/06\/Makeup-Palette-Clear-Acrylic-Nail-Stamping-Plates-Polish-Gel-Mixing-Spatula-Foundation-Eyeshadow-Stainless-Steel-Rod_1024x1024.jpg","datePublished":"2021-06-22T18:31:43+00:00","dateModified":"2026-03-20T20:49:03+00:00","breadcrumb":{"@id":"https:\/\/msakademija.com\/produktas\/makiazo-palete-su-mentele\/#breadcrumb"},"inLanguage":"ru-RU","potentialAction":[{"@type":"ReadAction","target":["https:\/\/msakademija.com\/produktas\/makiazo-palete-su-mentele\/"]}]},{"@type":"ImageObject","inLanguage":"ru-RU","@id":"https:\/\/msakademija.com\/produktas\/makiazo-palete-su-mentele\/#primaryimage","url":"https:\/\/msakademija.com\/wp-content\/uploads\/2021\/06\/Makeup-Palette-Clear-Acrylic-Nail-Stamping-Plates-Polish-Gel-Mixing-Spatula-Foundation-Eyeshadow-Stainless-Steel-Rod_1024x1024.jpg","contentUrl":"https:\/\/msakademija.com\/wp-content\/uploads\/2021\/06\/Makeup-Palette-Clear-Acrylic-Nail-Stamping-Plates-Polish-Gel-Mixing-Spatula-Foundation-Eyeshadow-Stainless-Steel-Rod_1024x1024.jpg","width":800,"height":800},{"@type":"BreadcrumbList","@id":"https:\/\/msakademija.com\/produktas\/makiazo-palete-su-mentele\/#breadcrumb","itemListElement":[{"@type":"ListItem","position":1,"name":"Home","item":"https:\/\/msakademija.com\/"},{"@type":"ListItem","position":2,"name":"Parduotuv\u0117","item":"https:\/\/msakademija.com\/makiazo-priemoniu-parduotuve\/"},{"@type":"ListItem","position":3,"name":"MAKIA\u017dO PALET\u0116 SU MENTELE"}]},{"@type":"WebSite","@id":"https:\/\/msakademija.com\/#website","url":"https:\/\/msakademija.com\/","name":"\u0410\u043a\u0430\u0434\u0435\u043c\u0438\u044f MS","description":"\u0410\u043a\u0430\u0434\u0435\u043c\u0438\u044f \u043c\u0430\u043a\u0438\u044f\u0436\u0430 \u0438 \u043f\u0440\u0438\u0447\u0435\u0441\u043e\u043a","publisher":{"@id":"https:\/\/msakademija.com\/#organization"},"potentialAction":[{"@type":"SearchAction","target":{"@type":"EntryPoint","urlTemplate":"https:\/\/msakademija.com\/?s={search_term_string}"},"query-input":{"@type":"PropertyValueSpecification","valueRequired":true,"valueName":"search_term_string"}}],"inLanguage":"ru-RU"},{"@type":"Organization","@id":"https:\/\/msakademija.com\/#organization","name":"\u0410\u043a\u0430\u0434\u0435\u043c\u0438\u044f MS","url":"https:\/\/msakademija.com\/","logo":{"@type":"ImageObject","inLanguage":"ru-RU","@id":"https:\/\/msakademija.com\/#\/schema\/logo\/image\/","url":"https:\/\/msakademija.com\/wp-content\/uploads\/2021\/05\/logo_juodas_HEADERMS.png","contentUrl":"https:\/\/msakademija.com\/wp-content\/uploads\/2021\/05\/logo_juodas_HEADERMS.png","width":500,"height":210,"caption":"MS akademija"},"image":{"@id":"https:\/\/msakademija.com\/#\/schema\/logo\/image\/"},"sameAs":["https:\/\/www.facebook.com\/msakademijavilnius\/","https:\/\/www.instagram.com\/msakademija\/"]}]},"product_price_amount":"11.00","product_price_currency":"EUR","og_availability":"instock","product_availability":"instock","product_condition":"new"},"jetpack_sharing_enabled":true,"_links":{"self":[{"href":"https:\/\/msakademija.com\/ru\/wp-json\/wp\/v2\/product\/6752","targetHints":{"allow":["GET"]}}],"collection":[{"href":"https:\/\/msakademija.com\/ru\/wp-json\/wp\/v2\/product"}],"about":[{"href":"https:\/\/msakademija.com\/ru\/wp-json\/wp\/v2\/types\/product"}],"replies":[{"embeddable":true,"href":"https:\/\/msakademija.com\/ru\/wp-json\/wp\/v2\/comments?post=6752"}],"wp:featuredmedia":[{"embeddable":true,"href":"https:\/\/msakademija.com\/ru\/wp-json\/wp\/v2\/media\/6759"}],"wp:attachment":[{"href":"https:\/\/msakademija.com\/ru\/wp-json\/wp\/v2\/media?parent=6752"}],"wp:term":[{"taxonomy":"product_brand","embeddable":true,"href":"https:\/\/msakademija.com\/ru\/wp-json\/wp\/v2\/product_brand?post=6752"},{"taxonomy":"product_cat","embeddable":true,"href":"https:\/\/msakademija.com\/ru\/wp-json\/wp\/v2\/product_cat?post=6752"},{"taxonomy":"product_tag","embeddable":true,"href":"https:\/\/msakademija.com\/ru\/wp-json\/wp\/v2\/product_tag?post=6752"}],"curies":[{"name":"wp","href":"https:\/\/api.w.org\/{rel}","templated":true}]}}