{"id":8134,"date":"2022-06-29T00:08:17","date_gmt":"2022-06-28T21:08:17","guid":{"rendered":"https:\/\/msakademija.com\/produktas\/blakstienu-klijai-2\/"},"modified":"2026-04-28T19:51:02","modified_gmt":"2026-04-28T16:51:02","slug":"%d0%ba%d0%bb%d0%b5%d0%b9-%d0%b4%d0%bb%d1%8f-%d1%80%d0%b5%d1%81%d0%bd%d0%b8%d1%86-2","status":"publish","type":"product","link":"https:\/\/msakademija.com\/ru\/produktas\/blakstienu-klijai-2\/","title":{"rendered":"\u041a\u043b\u0435\u0439 \u0434\u043b\u044f \u0440\u0435\u0441\u043d\u0438\u0446 Alena Tofil \u0431\u0435\u043b\u044b\u0439 (\u043f\u0440\u043e\u0437\u0440\u0430\u0447\u043d\u044b\u0439)"},"content":{"rendered":"<p>\u041a\u043b\u0435\u0439 \u0434\u043b\u044f \u0440\u0435\u0441\u043d\u0438\u0446<\/p>\n<h1>\u041a\u043b\u0435\u0439 \u0434\u043b\u044f \u043d\u0430\u043a\u043b\u0435\u0438\u0432\u0430\u043d\u0438\u044f \u0440\u0435\u0441\u043d\u0438\u0446<\/h1>\n<p>\u0412\u043e\u0434\u043e\u0441\u0442\u043e\u0439\u043a\u0438\u0439, \u0431\u044b\u0441\u0442\u0440\u043e\u0441\u043e\u0445\u043d\u0443\u0449\u0438\u0439 \u0431\u0435\u043b\u044b\u0439 \u043a\u043b\u0435\u0439 \u0434\u043b\u044f \u043d\u0430\u043a\u043b\u0430\u0434\u043d\u044b\u0445 \u0440\u0435\u0441\u043d\u0438\u0446.<\/p>\n<p>\u041f\u043e\u0434\u0445\u043e\u0434\u0438\u0442 \u043a\u0430\u043a \u0434\u043b\u044f \u043f\u0443\u0447\u043a\u043e\u0432 \u043d\u0430\u043a\u043b\u0430\u0434\u043d\u044b\u0445 \u0440\u0435\u0441\u043d\u0438\u0446, \u0442\u0430\u043a \u0438 \u0434\u043b\u044f \u043e\u0442\u0434\u0435\u043b\u044c\u043d\u044b\u0445 \u043d\u0430\u043a\u043b\u0430\u0434\u043d\u044b\u0445 \u0440\u0435\u0441\u043d\u0438\u0446<\/p>\n<p>\u0421\u043f\u043e\u0441\u043e\u0431 \u043f\u0440\u0438\u043c\u0435\u043d\u0435\u043d\u0438\u044f: \u0437\u0430\u043f\u0435\u0447\u0430\u0442\u0430\u0442\u044c \u043f\u043e\u043b\u043e\u0441\u043a\u0438 \u0440\u0435\u0441\u043d\u0438\u0446:<\/p>\n<ul>\n<li>\u041d\u0430\u043d\u0435\u0441\u0438\u0442\u0435 \u043a\u043b\u0435\u0439 \u043d\u0430 \u043e\u0441\u043d\u043e\u0432\u0430\u043d\u0438\u0435 \u043f\u043e\u043b\u043e\u0441\u043a\u0438 \u043d\u0430\u043a\u043b\u0430\u0434\u043d\u044b\u0445 \u0440\u0435\u0441\u043d\u0438\u0446, \u043f\u043e\u0434\u043e\u0436\u0434\u0438\u0442\u0435 \u043d\u0435\u0441\u043a\u043e\u043b\u044c\u043a\u043e \u0441\u0435\u043a\u0443\u043d\u0434, \u0447\u0442\u043e\u0431\u044b \u043a\u043b\u0435\u0439 \u0441\u0442\u0430\u043b \u043b\u0438\u043f\u043a\u0438\u043c \u0438 \u0432\u0430\u043c \u0431\u044b\u043b\u043e \u043b\u0435\u0433\u0447\u0435 \u043f\u0440\u0438\u043a\u043b\u0435\u0438\u0442\u044c \u0440\u0435\u0441\u043d\u0438\u0446\u044b. \u0417\u0430\u043a\u0440\u043e\u0439\u0442\u0435 \u043e\u0434\u0438\u043d \u0433\u043b\u0430\u0437 \u0438 \u043f\u0440\u0438\u043a\u043b\u0435\u0439\u0442\u0435 \u0440\u0435\u0441\u043d\u0438\u0446\u044b \u0440\u044f\u0434\u043e\u043c \u0441 \u0435\u0441\u0442\u0435\u0441\u0442\u0432\u0435\u043d\u043d\u043e\u0439 \u043b\u0438\u043d\u0438\u0435\u0439 \u0440\u043e\u0441\u0442\u0430 \u0440\u0435\u0441\u043d\u0438\u0446. \u041f\u043e\u043a\u0430 \u043a\u043b\u0435\u0439 \u0441\u043e\u0445\u043d\u0435\u0442, \u0441\u043b\u0435\u0433\u043a\u0430 \u043d\u0430\u0434\u0430\u0432\u0438\u0442\u0435 \u043d\u0430 \u0440\u0435\u0441\u043d\u0438\u0446\u044b, \u0447\u0442\u043e\u0431\u044b \u043e\u043d\u0438 \u043f\u0440\u0438\u043a\u043b\u0435\u0438\u043b\u0438\u0441\u044c \u043a \u0432\u0435\u043a\u0443.<\/li>\n<li>\u0412\u044b \u043c\u043e\u0436\u0435\u0442\u0435 \u0438\u0441\u043f\u043e\u043b\u044c\u0437\u043e\u0432\u0430\u0442\u044c \u043a\u0430\u0440\u0430\u043d\u0434\u0430\u0448 \u0434\u043b\u044f \u0433\u043b\u0430\u0437, \u0447\u0442\u043e\u0431\u044b \u0437\u0430\u043c\u0430\u0441\u043a\u0438\u0440\u043e\u0432\u0430\u0442\u044c \u043a\u043b\u0435\u0435\u0432\u0443\u044e \u043b\u0438\u043d\u0438\u044e \u043d\u0430\u043a\u043b\u0430\u0434\u043d\u044b\u0445 \u0440\u0435\u0441\u043d\u0438\u0446. \u041c\u043e\u0436\u043d\u043e \u043d\u0430\u043d\u0435\u0441\u0442\u0438 \u0442\u0443\u0448\u044c \u043d\u0430 \u0440\u0435\u0441\u043d\u0438\u0446\u044b.<\/li>\n<\/ul>\n<p>\u041a\u0430\u043a \u0438\u0441\u043f\u043e\u043b\u044c\u0437\u043e\u0432\u0430\u0442\u044c \u0434\u043b\u044f \u0437\u0430\u043f\u0435\u0447\u0430\u0442\u044b\u0432\u0430\u043d\u0438\u044f \u043d\u0430\u043a\u043b\u0430\u0434\u043d\u044b\u0445 \u0440\u0435\u0441\u043d\u0438\u0446 \u0432 \u043f\u0443\u0447\u043a\u0438:<\/p>\n<ul>\n<li>\u0412\u044b\u0434\u0430\u0432\u0438\u0442\u0435 \u043a\u043b\u0435\u0439 \u0434\u043b\u044f \u0440\u0435\u0441\u043d\u0438\u0446 \u0432 \u043a\u043e\u0440\u043e\u0431\u043a\u0443 \u0434\u043b\u044f \u0437\u0430\u0432\u0438\u0432\u043a\u0438 \u0440\u0435\u0441\u043d\u0438\u0446. \u041f\u0438\u043d\u0446\u0435\u0442\u043e\u043c \u0432\u043e\u0437\u044c\u043c\u0438\u0442\u0435 \u043f\u0443\u0447\u043e\u043a \u0440\u0435\u0441\u043d\u0438\u0446 \u0438 \u043e\u043a\u0443\u043d\u0438\u0442\u0435 \u0435\u0433\u043e \u043a\u043e\u0440\u0435\u043d\u044c \u0432 \u043a\u043b\u0435\u0439. \u041f\u043e\u0434\u043e\u0436\u0434\u0438\u0442\u0435 \u043d\u0435\u0441\u043a\u043e\u043b\u044c\u043a\u043e \u0441\u0435\u043a\u0443\u043d\u0434, \u0447\u0442\u043e\u0431\u044b \u043a\u043b\u0435\u0439 \u0441\u0442\u0430\u043b \u043b\u0438\u043f\u043a\u0438\u043c \u0438 \u0432\u0430\u043c \u0431\u044b\u043b\u043e \u043b\u0435\u0433\u0447\u0435 \u043f\u0440\u0438\u043a\u043b\u0435\u0438\u0442\u044c \u0440\u0435\u0441\u043d\u0438\u0446\u044b. \u0417\u0430\u043a\u0440\u043e\u0439\u0442\u0435 \u043e\u0434\u0438\u043d \u0433\u043b\u0430\u0437 \u0438 \u043f\u0440\u0438\u043a\u043b\u0435\u0439\u0442\u0435 \u0440\u0435\u0441\u043d\u0438\u0446\u044b \u0431\u043b\u0438\u0437\u043a\u043e \u043a \u0435\u0441\u0442\u0435\u0441\u0442\u0432\u0435\u043d\u043d\u043e\u0439 \u043b\u0438\u043d\u0438\u0438 \u0440\u043e\u0441\u0442\u0430 \u0440\u0435\u0441\u043d\u0438\u0446. \u041f\u043e\u043a\u0430 \u043a\u043b\u0435\u0439 \u0441\u043e\u0445\u043d\u0435\u0442, \u0441\u043b\u0435\u0433\u043a\u0430 \u043d\u0430\u0434\u0430\u0432\u0438\u0442\u0435 \u043d\u0430 \u0440\u0435\u0441\u043d\u0438\u0446\u044b, \u0447\u0442\u043e\u0431\u044b \u043f\u0440\u0438\u043a\u043b\u0435\u0438\u0442\u044c \u0438\u0445 \u043a \u0432\u0435\u043a\u0443.<\/li>\n<li>\u0412\u044b \u043c\u043e\u0436\u0435\u0442\u0435 \u0438\u0441\u043f\u043e\u043b\u044c\u0437\u043e\u0432\u0430\u0442\u044c \u043a\u0430\u0440\u0430\u043d\u0434\u0430\u0448 \u0434\u043b\u044f \u0433\u043b\u0430\u0437, \u0447\u0442\u043e\u0431\u044b \u0437\u0430\u043c\u0430\u0441\u043a\u0438\u0440\u043e\u0432\u0430\u0442\u044c \u043a\u043b\u0435\u0435\u0432\u0443\u044e \u043b\u0438\u043d\u0438\u044e \u043d\u0430\u043a\u043b\u0430\u0434\u043d\u044b\u0445 \u0440\u0435\u0441\u043d\u0438\u0446. \u041c\u043e\u0436\u043d\u043e \u043d\u0430\u043d\u0435\u0441\u0442\u0438 \u0442\u0443\u0448\u044c \u043d\u0430 \u0440\u0435\u0441\u043d\u0438\u0446\u044b.<\/li>\n<\/ul>\n<p>\u041d\u0438\u043a\u043e\u0433\u0434\u0430 \u043d\u0435 \u043d\u0430\u043d\u043e\u0441\u0438\u0442\u0435 \u043a\u043b\u0435\u0439, \u043a\u043e\u0433\u0434\u0430 \u043e\u043d \u0443\u0436\u0435 \u0437\u0430\u0441\u0442\u044b\u043b. \u0415\u0441\u043b\u0438 \u043a\u043b\u0435\u0439 \u0434\u043b\u044f \u0440\u0435\u0441\u043d\u0438\u0446 \u0437\u0430\u0442\u0432\u0435\u0440\u0434\u0435\u043b, \u0432\u044b\u0434\u0430\u0432\u0438\u0442\u0435 \u043d\u043e\u0432\u044b\u0439. \u041f\u043e\u0441\u043a\u043e\u043b\u044c\u043a\u0443 \u0442\u0443\u0448\u044c \u0431\u044b\u0441\u0442\u0440\u043e \u0441\u043e\u0445\u043d\u0435\u0442, \u0441\u0442\u0430\u0440\u0430\u0439\u0442\u0435\u0441\u044c \u043d\u0435 \u0432\u044b\u0434\u0430\u0432\u043b\u0438\u0432\u0430\u0442\u044c \u0431\u043e\u043b\u044c\u0448\u043e\u0435 \u043a\u043e\u043b\u0438\u0447\u0435\u0441\u0442\u0432\u043e \u0432 \u043a\u043e\u0440\u043e\u0431\u043e\u0447\u043a\u0443 \u0438\u043b\u0438 \u043a\u043e\u043b\u044c\u0446\u043e \u0434\u043b\u044f \u043a\u043b\u0435\u044f.<\/p>\n<p>\u0427\u0442\u043e\u0431\u044b \u0441\u043d\u044f\u0442\u044c \u043d\u0430\u043a\u043b\u0430\u0434\u043d\u044b\u0435 \u0440\u0435\u0441\u043d\u0438\u0446\u044b: \u0441\u043c\u043e\u0447\u0438\u0442\u0435 \u0432\u0430\u0442\u043d\u044b\u0439 \u0434\u0438\u0441\u043a \u0441\u0440\u0435\u0434\u0441\u0442\u0432\u043e\u043c \u0434\u043b\u044f \u0441\u043d\u044f\u0442\u0438\u044f \u043c\u0430\u043a\u0438\u044f\u0436\u0430 \u0441 \u0433\u043b\u0430\u0437 \u0438 \u0430\u043a\u043a\u0443\u0440\u0430\u0442\u043d\u043e \u043f\u0440\u043e\u0432\u0435\u0434\u0438\u0442\u0435 \u043f\u043e \u043d\u0435\u043c\u0443. \u041a\u043b\u0435\u0439 \u0434\u043e\u043b\u0436\u0435\u043d \u043b\u0435\u0433\u043a\u043e \u0440\u0430\u0441\u0442\u0432\u043e\u0440\u0438\u0442\u044c\u0441\u044f, \u0430 \u043d\u0430\u043a\u043b\u0430\u0434\u043d\u044b\u0435 \u0440\u0435\u0441\u043d\u0438\u0446\u044b - \u0443\u043f\u0430\u0441\u0442\u044c (\u043f\u043e\u0434\u043b\u043e\u0436\u0438\u0442\u0435 \u043f\u043e\u0434 \u0433\u043b\u0430\u0437 \u0441\u0430\u043b\u0444\u0435\u0442\u043a\u0443, \u0447\u0442\u043e\u0431\u044b \u043f\u043e\u0439\u043c\u0430\u0442\u044c \u043f\u0430\u0434\u0430\u044e\u0449\u0438\u0435 \u043d\u0430\u043a\u043b\u0430\u0434\u043d\u044b\u0435 \u0440\u0435\u0441\u043d\u0438\u0446\u044b).<\/p>\n<p>\u0421\u043e\u0432\u0435\u0442: \u0414\u043b\u044f \u0431\u043e\u043b\u0435\u0435 \u044d\u0444\u0444\u0435\u043a\u0442\u043d\u043e\u0433\u043e \u044d\u0444\u0444\u0435\u043a\u0442\u0430 \u0438\u0441\u043a\u0443\u0441\u0441\u0442\u0432\u0435\u043d\u043d\u044b\u0435 \u0440\u0435\u0441\u043d\u0438\u0446\u044b \u043c\u043e\u0436\u043d\u043e \u043f\u043e\u0434\u043a\u0440\u0430\u0441\u0438\u0442\u044c \u0442\u0443\u0448\u044c\u044e, \u043d\u043e \u043d\u0435 \u0434\u0435\u043b\u0430\u0439\u0442\u0435 \u044d\u0442\u043e\u0433\u043e, \u0435\u0441\u043b\u0438 \u0432\u044b \u043f\u043b\u0430\u043d\u0438\u0440\u0443\u0435\u0442\u0435 \u043d\u0430\u043d\u043e\u0441\u0438\u0442\u044c \u0435\u0435 \u043d\u0435\u0441\u043a\u043e\u043b\u044c\u043a\u043e \u0440\u0430\u0437.<\/p>\n<p>&nbsp;<\/p>","protected":false},"excerpt":{"rendered":"<p>Blakstien\u0173 klijai Priklijuojam\u0173 blakstien\u0173 klijai Vandeniui atspar\u016bs greitai d\u017ei\u016bstantys baltos spalvos blakstien\u0173 klijai dirbtin\u0117ms blakstienoms klijuoti. Tinka tiek dirbtin\u0117ms blakstienoms kuok\u0161teliais, tiek vientisoms dirbtin\u0117ms blakstienoms klijuoti Kaip naudoti, norint u\u017eklijuoti juostines blakstienas: Ant dirbtini\u0173 blakstien\u0173 juostel\u0117s pagrindo tepkite klijus, palaukite kelet\u0105 sekund\u017ei\u0173, kol blakstien\u0173 klijai taps lipn\u016bs ir gal\u0117site lengviau priklijuoti blakstienas. U\u017emerkite vien\u0105 ak\u012f [&#8230;]\n","protected":false},"featured_media":8133,"comment_status":"open","ping_status":"closed","template":"","meta":[],"product_brand":[],"product_cat":[27,32,20],"product_tag":[],"class_list":{"0":"post-8134","1":"product","2":"type-product","3":"status-publish","4":"has-post-thumbnail","6":"product_cat-akims","7":"product_cat-dirbtines-blakstienos-ir-klijai","8":"product_cat-priemones-makiazui","10":"first","11":"instock","12":"shipping-taxable","13":"purchasable","14":"product-type-simple"},"yoast_head":"<!-- This site is optimized with the Yoast SEO Premium plugin v27.5 (Yoast SEO v27.5) - https:\/\/yoast.com\/product\/yoast-seo-premium-wordpress\/ -->\n<title>Blakstien\u0173 klijai Alena Tofil balti (permatomi) - MS akademija<\/title>\n<meta name=\"description\" content=\"Priklijuojam\u0173 blakstien\u0173 klijai. Vandeniui atspar\u016bs , greitai d\u017ei\u016bstantys baltos spalvos klijai skirti dirbtin\u0117ms blakstienoms klijuoti. Tinka tiek dirbtin\u0117ms blakstienoms kuok\u0161teliais, tiek vientisoms dirbtin\u0117ms blakstienoms klijuoti. Klijai yra baltos spalvos (permatomi)\" \/>\n<meta name=\"robots\" content=\"index, follow, max-snippet:-1, max-image-preview:large, max-video-preview:-1\" \/>\n<link rel=\"canonical\" href=\"https:\/\/msakademija.com\/ru\/product\/\u043a\u043b\u0435\u0439-\u0434\u043b\u044f-\u0440\u0435\u0441\u043d\u0438\u0446-2\/\" \/>\n<meta property=\"og:locale\" content=\"ru_RU\" \/>\n<meta property=\"og:type\" content=\"article\" \/>\n<meta property=\"og:title\" content=\"Blakstien\u0173 klijai Alena Tofil balti (permatomi)\" \/>\n<meta property=\"og:description\" content=\"Priklijuojam\u0173 blakstien\u0173 klijai. Vandeniui atspar\u016bs , greitai d\u017ei\u016bstantys baltos spalvos klijai skirti dirbtin\u0117ms blakstienoms klijuoti. Tinka tiek dirbtin\u0117ms blakstienoms kuok\u0161teliais, tiek vientisoms dirbtin\u0117ms blakstienoms klijuoti. Klijai yra baltos spalvos (permatomi)\" \/>\n<meta property=\"og:url\" content=\"https:\/\/msakademija.com\/ru\/product\/\u043a\u043b\u0435\u0439-\u0434\u043b\u044f-\u0440\u0435\u0441\u043d\u0438\u0446-2\/\" \/>\n<meta property=\"og:site_name\" content=\"MS akademija\" \/>\n<meta property=\"article:publisher\" content=\"https:\/\/www.facebook.com\/msakademijavilnius\/\" \/>\n<meta property=\"article:modified_time\" content=\"2026-04-28T16:51:02+00:00\" \/>\n<meta property=\"og:image\" content=\"https:\/\/msakademija.com\/wp-content\/uploads\/2022\/06\/img_4891.jpeg\" \/>\n\t<meta property=\"og:image:width\" content=\"1284\" \/>\n\t<meta property=\"og:image:height\" content=\"1561\" \/>\n\t<meta property=\"og:image:type\" content=\"image\/jpeg\" \/>\n<meta name=\"twitter:card\" content=\"summary_large_image\" \/>\n<meta name=\"twitter:label1\" content=\"\u0426\u0435\u043d\u0430\" \/>\n\t<meta name=\"twitter:data1\" content=\"&euro;15.00\" \/>\n\t<meta name=\"twitter:label2\" content=\"\u0414\u043e\u0441\u0442\u0443\u043f\u043d\u043e\u0441\u0442\u044c\" \/>\n\t<meta name=\"twitter:data2\" content=\"\u0412 \u043d\u0430\u043b\u0438\u0447\u0438\u0438\" \/>\n<script type=\"application\/ld+json\" class=\"yoast-schema-graph\">{\"@context\":\"https:\\\/\\\/schema.org\",\"@graph\":[{\"@type\":\"WebPage\",\"@id\":\"https:\\\/\\\/msakademija.com\\\/produktas\\\/blakstienu-klijai-2\\\/\",\"url\":\"https:\\\/\\\/msakademija.com\\\/produktas\\\/blakstienu-klijai-2\\\/\",\"name\":\"Blakstien\u0173 klijai Alena Tofil balti (permatomi) - MS akademija\",\"isPartOf\":{\"@id\":\"https:\\\/\\\/msakademija.com\\\/#website\"},\"primaryImageOfPage\":{\"@id\":\"https:\\\/\\\/msakademija.com\\\/produktas\\\/blakstienu-klijai-2\\\/#primaryimage\"},\"image\":{\"@id\":\"https:\\\/\\\/msakademija.com\\\/produktas\\\/blakstienu-klijai-2\\\/#primaryimage\"},\"thumbnailUrl\":\"https:\\\/\\\/msakademija.com\\\/wp-content\\\/uploads\\\/2022\\\/06\\\/img_4891.jpeg\",\"datePublished\":\"2022-06-28T21:08:17+00:00\",\"dateModified\":\"2026-04-28T16:51:02+00:00\",\"description\":\"Priklijuojam\u0173 blakstien\u0173 klijai. Vandeniui atspar\u016bs , greitai d\u017ei\u016bstantys baltos spalvos klijai skirti dirbtin\u0117ms blakstienoms klijuoti. Tinka tiek dirbtin\u0117ms blakstienoms kuok\u0161teliais, tiek vientisoms dirbtin\u0117ms blakstienoms klijuoti. Klijai yra baltos spalvos (permatomi)\",\"breadcrumb\":{\"@id\":\"https:\\\/\\\/msakademija.com\\\/produktas\\\/blakstienu-klijai-2\\\/#breadcrumb\"},\"inLanguage\":\"ru-RU\",\"potentialAction\":[{\"@type\":\"ReadAction\",\"target\":[\"https:\\\/\\\/msakademija.com\\\/produktas\\\/blakstienu-klijai-2\\\/\"]}]},{\"@type\":\"ImageObject\",\"inLanguage\":\"ru-RU\",\"@id\":\"https:\\\/\\\/msakademija.com\\\/produktas\\\/blakstienu-klijai-2\\\/#primaryimage\",\"url\":\"https:\\\/\\\/msakademija.com\\\/wp-content\\\/uploads\\\/2022\\\/06\\\/img_4891.jpeg\",\"contentUrl\":\"https:\\\/\\\/msakademija.com\\\/wp-content\\\/uploads\\\/2022\\\/06\\\/img_4891.jpeg\",\"width\":1284,\"height\":1561},{\"@type\":\"BreadcrumbList\",\"@id\":\"https:\\\/\\\/msakademija.com\\\/produktas\\\/blakstienu-klijai-2\\\/#breadcrumb\",\"itemListElement\":[{\"@type\":\"ListItem\",\"position\":1,\"name\":\"Home\",\"item\":\"https:\\\/\\\/msakademija.com\\\/\"},{\"@type\":\"ListItem\",\"position\":2,\"name\":\"Parduotuv\u0117\",\"item\":\"https:\\\/\\\/msakademija.com\\\/makiazo-priemoniu-parduotuve\\\/\"},{\"@type\":\"ListItem\",\"position\":3,\"name\":\"Blakstien\u0173 klijai Alena Tofil balti (permatomi)\"}]},{\"@type\":\"WebSite\",\"@id\":\"https:\\\/\\\/msakademija.com\\\/#website\",\"url\":\"https:\\\/\\\/msakademija.com\\\/\",\"name\":\"MS akademija\",\"description\":\"Makia\u017eo ir \u0161ukuosenos akademija\",\"publisher\":{\"@id\":\"https:\\\/\\\/msakademija.com\\\/#organization\"},\"potentialAction\":[{\"@type\":\"SearchAction\",\"target\":{\"@type\":\"EntryPoint\",\"urlTemplate\":\"https:\\\/\\\/msakademija.com\\\/?s={search_term_string}\"},\"query-input\":{\"@type\":\"PropertyValueSpecification\",\"valueRequired\":true,\"valueName\":\"search_term_string\"}}],\"inLanguage\":\"ru-RU\"},{\"@type\":\"Organization\",\"@id\":\"https:\\\/\\\/msakademija.com\\\/#organization\",\"name\":\"MS akademija\",\"url\":\"https:\\\/\\\/msakademija.com\\\/\",\"logo\":{\"@type\":\"ImageObject\",\"inLanguage\":\"ru-RU\",\"@id\":\"https:\\\/\\\/msakademija.com\\\/#\\\/schema\\\/logo\\\/image\\\/\",\"url\":\"https:\\\/\\\/msakademija.com\\\/wp-content\\\/uploads\\\/2021\\\/05\\\/logo_juodas_HEADERMS.png\",\"contentUrl\":\"https:\\\/\\\/msakademija.com\\\/wp-content\\\/uploads\\\/2021\\\/05\\\/logo_juodas_HEADERMS.png\",\"width\":500,\"height\":210,\"caption\":\"MS akademija\"},\"image\":{\"@id\":\"https:\\\/\\\/msakademija.com\\\/#\\\/schema\\\/logo\\\/image\\\/\"},\"sameAs\":[\"https:\\\/\\\/www.facebook.com\\\/msakademijavilnius\\\/\",\"https:\\\/\\\/www.instagram.com\\\/msakademija\\\/\"]}]}<\/script>\n<meta property=\"product:price:amount\" content=\"15.00\" \/>\n<meta property=\"product:price:currency\" content=\"EUR\" \/>\n<meta property=\"og:availability\" content=\"instock\" \/>\n<meta property=\"product:availability\" content=\"instock\" \/>\n<meta property=\"product:condition\" content=\"new\" \/>\n<!-- \/ Yoast SEO Premium plugin. -->","yoast_head_json":{"title":"\u041a\u043b\u0435\u0439 \u0434\u043b\u044f \u0440\u0435\u0441\u043d\u0438\u0446 Alena Tofil \u0431\u0435\u043b\u044b\u0439 (\u043f\u043e\u043b\u0443\u043f\u0440\u043e\u0437\u0440\u0430\u0447\u043d\u044b\u0439) - MS akademija","description":"\u041a\u043b\u0435\u0439 \u0434\u043b\u044f \u043f\u0440\u0438\u043a\u043b\u0435\u0438\u0432\u0430\u043d\u0438\u044f \u0440\u0435\u0441\u043d\u0438\u0446. \u0412\u043e\u0434\u043e\u0441\u0442\u043e\u0439\u043a\u0438\u0439, \u0431\u044b\u0441\u0442\u0440\u043e\u0441\u043e\u0445\u043d\u0443\u0449\u0438\u0439, \u0431\u0435\u043b\u044b\u0439 \u043a\u043b\u0435\u0439 \u0434\u043b\u044f \u043d\u0430\u043a\u043b\u0430\u0434\u043d\u044b\u0445 \u0440\u0435\u0441\u043d\u0438\u0446. \u041f\u043e\u0434\u0445\u043e\u0434\u0438\u0442 \u043a\u0430\u043a \u0434\u043b\u044f \u043d\u0430\u043a\u043b\u0430\u0434\u043d\u044b\u0445 \u0440\u0435\u0441\u043d\u0438\u0446 \u0432 \u043f\u0443\u0447\u043a\u0430\u0445, \u0442\u0430\u043a \u0438 \u0434\u043b\u044f \u043f\u0440\u0438\u043a\u043b\u0435\u0438\u0432\u0430\u043d\u0438\u044f \u043d\u0430\u043a\u043b\u0430\u0434\u043d\u044b\u0445 \u0440\u0435\u0441\u043d\u0438\u0446 \u043f\u043e \u043e\u0434\u043d\u043e\u0439 \u0448\u0442\u0443\u043a\u0435. \u041a\u043b\u0435\u0439 \u0431\u0435\u043b\u043e\u0433\u043e \u0446\u0432\u0435\u0442\u0430 (\u043f\u0440\u043e\u0437\u0440\u0430\u0447\u043d\u044b\u0439)","robots":{"index":"index","follow":"follow","max-snippet":"max-snippet:-1","max-image-preview":"max-image-preview:large","max-video-preview":"max-video-preview:-1"},"canonical":"https:\/\/msakademija.com\/ru\/product\/\u043a\u043b\u0435\u0439-\u0434\u043b\u044f-\u0440\u0435\u0441\u043d\u0438\u0446-2\/","og_locale":"ru_RU","og_type":"article","og_title":"Blakstien\u0173 klijai Alena Tofil balti (permatomi)","og_description":"Priklijuojam\u0173 blakstien\u0173 klijai. Vandeniui atspar\u016bs , greitai d\u017ei\u016bstantys baltos spalvos klijai skirti dirbtin\u0117ms blakstienoms klijuoti. Tinka tiek dirbtin\u0117ms blakstienoms kuok\u0161teliais, tiek vientisoms dirbtin\u0117ms blakstienoms klijuoti. Klijai yra baltos spalvos (permatomi)","og_url":"https:\/\/msakademija.com\/ru\/product\/\u043a\u043b\u0435\u0439-\u0434\u043b\u044f-\u0440\u0435\u0441\u043d\u0438\u0446-2\/","og_site_name":"MS akademija","article_publisher":"https:\/\/www.facebook.com\/msakademijavilnius\/","article_modified_time":"2026-04-28T16:51:02+00:00","og_image":[{"width":1284,"height":1561,"url":"https:\/\/msakademija.com\/wp-content\/uploads\/2022\/06\/img_4891.jpeg","type":"image\/jpeg"}],"twitter_card":"summary_large_image","twitter_misc":{"\u0426\u0435\u043d\u0430":"&euro;15.00","\u0414\u043e\u0441\u0442\u0443\u043f\u043d\u043e\u0441\u0442\u044c":"\u0412 \u043d\u0430\u043b\u0438\u0447\u0438\u0438"},"schema":{"@context":"https:\/\/schema.org","@graph":[{"@type":"WebPage","@id":"https:\/\/msakademija.com\/produktas\/blakstienu-klijai-2\/","url":"https:\/\/msakademija.com\/produktas\/blakstienu-klijai-2\/","name":"\u041a\u043b\u0435\u0439 \u0434\u043b\u044f \u0440\u0435\u0441\u043d\u0438\u0446 Alena Tofil \u0431\u0435\u043b\u044b\u0439 (\u043f\u043e\u043b\u0443\u043f\u0440\u043e\u0437\u0440\u0430\u0447\u043d\u044b\u0439) - MS akademija","isPartOf":{"@id":"https:\/\/msakademija.com\/#website"},"primaryImageOfPage":{"@id":"https:\/\/msakademija.com\/produktas\/blakstienu-klijai-2\/#primaryimage"},"image":{"@id":"https:\/\/msakademija.com\/produktas\/blakstienu-klijai-2\/#primaryimage"},"thumbnailUrl":"https:\/\/msakademija.com\/wp-content\/uploads\/2022\/06\/img_4891.jpeg","datePublished":"2022-06-28T21:08:17+00:00","dateModified":"2026-04-28T16:51:02+00:00","description":"\u041a\u043b\u0435\u0439 \u0434\u043b\u044f \u043f\u0440\u0438\u043a\u043b\u0435\u0438\u0432\u0430\u043d\u0438\u044f \u0440\u0435\u0441\u043d\u0438\u0446. \u0412\u043e\u0434\u043e\u0441\u0442\u043e\u0439\u043a\u0438\u0439, \u0431\u044b\u0441\u0442\u0440\u043e\u0441\u043e\u0445\u043d\u0443\u0449\u0438\u0439, \u0431\u0435\u043b\u044b\u0439 \u043a\u043b\u0435\u0439 \u0434\u043b\u044f \u043d\u0430\u043a\u043b\u0430\u0434\u043d\u044b\u0445 \u0440\u0435\u0441\u043d\u0438\u0446. \u041f\u043e\u0434\u0445\u043e\u0434\u0438\u0442 \u043a\u0430\u043a \u0434\u043b\u044f \u043d\u0430\u043a\u043b\u0430\u0434\u043d\u044b\u0445 \u0440\u0435\u0441\u043d\u0438\u0446 \u0432 \u043f\u0443\u0447\u043a\u0430\u0445, \u0442\u0430\u043a \u0438 \u0434\u043b\u044f \u043f\u0440\u0438\u043a\u043b\u0435\u0438\u0432\u0430\u043d\u0438\u044f \u043d\u0430\u043a\u043b\u0430\u0434\u043d\u044b\u0445 \u0440\u0435\u0441\u043d\u0438\u0446 \u043f\u043e \u043e\u0434\u043d\u043e\u0439 \u0448\u0442\u0443\u043a\u0435. \u041a\u043b\u0435\u0439 \u0431\u0435\u043b\u043e\u0433\u043e \u0446\u0432\u0435\u0442\u0430 (\u043f\u0440\u043e\u0437\u0440\u0430\u0447\u043d\u044b\u0439)","breadcrumb":{"@id":"https:\/\/msakademija.com\/produktas\/blakstienu-klijai-2\/#breadcrumb"},"inLanguage":"ru-RU","potentialAction":[{"@type":"ReadAction","target":["https:\/\/msakademija.com\/produktas\/blakstienu-klijai-2\/"]}]},{"@type":"ImageObject","inLanguage":"ru-RU","@id":"https:\/\/msakademija.com\/produktas\/blakstienu-klijai-2\/#primaryimage","url":"https:\/\/msakademija.com\/wp-content\/uploads\/2022\/06\/img_4891.jpeg","contentUrl":"https:\/\/msakademija.com\/wp-content\/uploads\/2022\/06\/img_4891.jpeg","width":1284,"height":1561},{"@type":"BreadcrumbList","@id":"https:\/\/msakademija.com\/produktas\/blakstienu-klijai-2\/#breadcrumb","itemListElement":[{"@type":"ListItem","position":1,"name":"Home","item":"https:\/\/msakademija.com\/"},{"@type":"ListItem","position":2,"name":"Parduotuv\u0117","item":"https:\/\/msakademija.com\/makiazo-priemoniu-parduotuve\/"},{"@type":"ListItem","position":3,"name":"Blakstien\u0173 klijai Alena Tofil balti (permatomi)"}]},{"@type":"WebSite","@id":"https:\/\/msakademija.com\/#website","url":"https:\/\/msakademija.com\/","name":"\u0410\u043a\u0430\u0434\u0435\u043c\u0438\u044f MS","description":"\u0410\u043a\u0430\u0434\u0435\u043c\u0438\u044f \u043c\u0430\u043a\u0438\u044f\u0436\u0430 \u0438 \u043f\u0440\u0438\u0447\u0435\u0441\u043e\u043a","publisher":{"@id":"https:\/\/msakademija.com\/#organization"},"potentialAction":[{"@type":"SearchAction","target":{"@type":"EntryPoint","urlTemplate":"https:\/\/msakademija.com\/?s={search_term_string}"},"query-input":{"@type":"PropertyValueSpecification","valueRequired":true,"valueName":"search_term_string"}}],"inLanguage":"ru-RU"},{"@type":"Organization","@id":"https:\/\/msakademija.com\/#organization","name":"\u0410\u043a\u0430\u0434\u0435\u043c\u0438\u044f MS","url":"https:\/\/msakademija.com\/","logo":{"@type":"ImageObject","inLanguage":"ru-RU","@id":"https:\/\/msakademija.com\/#\/schema\/logo\/image\/","url":"https:\/\/msakademija.com\/wp-content\/uploads\/2021\/05\/logo_juodas_HEADERMS.png","contentUrl":"https:\/\/msakademija.com\/wp-content\/uploads\/2021\/05\/logo_juodas_HEADERMS.png","width":500,"height":210,"caption":"MS akademija"},"image":{"@id":"https:\/\/msakademija.com\/#\/schema\/logo\/image\/"},"sameAs":["https:\/\/www.facebook.com\/msakademijavilnius\/","https:\/\/www.instagram.com\/msakademija\/"]}]},"product_price_amount":"15.00","product_price_currency":"EUR","og_availability":"instock","product_availability":"instock","product_condition":"new"},"jetpack_sharing_enabled":true,"_links":{"self":[{"href":"https:\/\/msakademija.com\/ru\/wp-json\/wp\/v2\/product\/8134","targetHints":{"allow":["GET"]}}],"collection":[{"href":"https:\/\/msakademija.com\/ru\/wp-json\/wp\/v2\/product"}],"about":[{"href":"https:\/\/msakademija.com\/ru\/wp-json\/wp\/v2\/types\/product"}],"replies":[{"embeddable":true,"href":"https:\/\/msakademija.com\/ru\/wp-json\/wp\/v2\/comments?post=8134"}],"wp:featuredmedia":[{"embeddable":true,"href":"https:\/\/msakademija.com\/ru\/wp-json\/wp\/v2\/media\/8133"}],"wp:attachment":[{"href":"https:\/\/msakademija.com\/ru\/wp-json\/wp\/v2\/media?parent=8134"}],"wp:term":[{"taxonomy":"product_brand","embeddable":true,"href":"https:\/\/msakademija.com\/ru\/wp-json\/wp\/v2\/product_brand?post=8134"},{"taxonomy":"product_cat","embeddable":true,"href":"https:\/\/msakademija.com\/ru\/wp-json\/wp\/v2\/product_cat?post=8134"},{"taxonomy":"product_tag","embeddable":true,"href":"https:\/\/msakademija.com\/ru\/wp-json\/wp\/v2\/product_tag?post=8134"}],"curies":[{"name":"wp","href":"https:\/\/api.w.org\/{rel}","templated":true}]}}