{"id":8373,"date":"2022-10-22T19:33:34","date_gmt":"2022-10-22T16:33:34","guid":{"rendered":"https:\/\/msakademija.com\/?post_type=product&#038;p=8373"},"modified":"2025-05-23T12:52:55","modified_gmt":"2025-05-23T09:52:55","slug":"%d0%bf%d0%be%d0%b4%d0%b0%d1%80%d0%be%d1%87%d0%bd%d1%8b%d0%b9-%d1%81%d0%b5%d1%80%d1%82%d0%b8%d1%84%d0%b8%d0%ba%d0%b0%d1%82-2","status":"publish","type":"product","link":"https:\/\/msakademija.com\/ru\/produktas\/dovanu-kuponas\/","title":{"rendered":"\u041f\u041e\u0414\u0410\u0420\u041e\u0427\u041d\u042b\u0419 \u0421\u0415\u0420\u0422\u0418\u0424\u0418\u041a\u0410\u0422: \u0423\u0420\u041e\u041a \u041c\u0410\u041a\u0418\u042f\u0416\u0410 \u0414\u041b\u042f \u0421\u0415\u0411\u042f"},"content":{"rendered":"<h3>\u041f\u041e\u0414\u0410\u0420\u041e\u0427\u041d\u042b\u0419 \u0412\u0410\u0423\u0427\u0415\u0420:<\/h3>\n<p>\u0418\u041d\u0414\u0418\u0412\u0418\u0414\u0423\u0410\u041b\u042c\u041d\u042b\u0419 \u0423\u0420\u041e\u041a \u0421\u0410\u041c\u041e\u041c\u0410\u041a\u0418\u042f\u0416\u0410<\/p>\n<p>\u041f\u041e\u0414\u0410\u0420\u041e\u0427\u041d\u042b\u0419 \u0421\u0415\u0420\u0422\u0418\u0424\u0418\u041a\u0410\u0422 \u0414\u0415\u0419\u0421\u0422\u0412\u0418\u0422\u0415\u041b\u0415\u041d \u0412 \u0422\u0415\u0427\u0415\u041d\u0418\u0415 3 \u041c\u0415\u0421\u042f\u0426\u0415\u0412<\/p>\n<p>\u0412\u0410\u0423\u0427\u0415\u0420 \u041d\u0415 \u041f\u041e\u0414\u041b\u0415\u0416\u0418\u0422 \u0412\u041e\u0417\u0412\u0420\u0410\u0422\u0423 \u0418 \u041e\u0411\u041c\u0415\u041d\u0423 \u041d\u0410 \u041d\u0410\u041b\u0418\u0427\u041d\u042b\u0415 \u0414\u0415\u041d\u042c\u0413\u0418<\/p>\n<p><strong>\u041f\u043e\u0434\u0430\u0440\u043e\u0447\u043d\u044b\u0439 \u0441\u0435\u0440\u0442\u0438\u0444\u0438\u043a\u0430\u0442 - \u041a\u0423\u0420\u0421\u042b \u041c\u0410\u041a\u0418\u042f\u0416\u0410 \u0414\u041b\u042f \u0414\u0415\u0412\u0423\u0428\u0415\u041a \u0418 \u0416\u0415\u041d\u0429\u0418\u041d, \u041a\u041e\u0422\u041e\u0420\u042b\u0415 \u0425\u041e\u0422\u042f\u0422 \u0412\u042b\u0413\u041b\u042f\u0414\u0415\u0422\u042c \u0425\u041e\u0420\u041e\u0428\u041e \u041a\u0410\u0416\u0414\u042b\u0419 \u0414\u0415\u041d\u042c. \u0412\u041e \u0412\u0420\u0415\u041c\u042f \u041a\u0423\u0420\u0421\u0410 \u0412\u042b \u0423\u0417\u041d\u0410\u0415\u0422\u0415, \u041a\u0410\u041a \u041f\u0420\u0410\u0412\u0418\u041b\u042c\u041d\u041e \u0412\u042b\u0411\u0420\u0410\u0422\u042c \u041a\u041e\u0421\u041c\u0415\u0422\u0418\u041a\u0423 \u0418 \u0421\u0420\u0415\u0414\u0421\u0422\u0412\u0410 \u0414\u041b\u042f \u041c\u0410\u041a\u0418\u042f\u0416\u0410, \u041a\u0410\u041a \u0411\u042b\u0421\u0422\u0420\u041e \u0418 \u042d\u0424\u0424\u0415\u041a\u0422\u0418\u0412\u041d\u041e \u041d\u0410\u041d\u0415\u0421\u0422\u0418 \u0414\u041d\u0415\u0412\u041d\u041e\u0419 \u0418\u041b\u0418 \u0412\u0415\u0427\u0415\u0420\u041d\u0418\u0419 \u041c\u0410\u041a\u0418\u042f\u0416.<\/strong><\/p>\n<p>\u0412\u0441\u0435 \u0438\u043d\u0441\u0442\u0440\u0443\u043c\u0435\u043d\u0442\u044b, \u043a\u0438\u0441\u0442\u0438 \u0438 \u043a\u043e\u0441\u043c\u0435\u0442\u0438\u043a\u0430 \u043f\u0440\u0435\u0434\u043e\u0441\u0442\u0430\u0432\u043b\u044f\u044e\u0442\u0441\u044f \u0431\u0435\u0441\u043f\u043b\u0430\u0442\u043d\u043e.<\/p>\n<h4>\u041f\u043e\u0434\u0430\u0440\u043e\u0447\u043d\u044b\u0439 \u0432\u0430\u0443\u0447\u0435\u0440. \u0417\u0430\u0432\u0435\u0440\u0448\u0438\u0442\u0435 \u043a\u0443\u0440\u0441:<br \/>\n1. \u0423\u0437\u043d\u0430\u0439\u0442\u0435, \u043a\u0430\u043a \u0441\u0434\u0435\u043b\u0430\u0442\u044c \u043a\u0440\u0430\u0441\u0438\u0432\u044b\u0439 \u043c\u0430\u043a\u0438\u044f\u0436 \u0434\u043b\u044f \u043b\u044e\u0431\u043e\u0433\u043e \u0441\u043b\u0443\u0447\u0430\u044f, \u043e\u0442 \u0434\u043d\u0435\u0432\u043d\u043e\u0433\u043e \u0434\u043e \u0432\u0435\u0447\u0435\u0440\u043d\u0435\u0433\u043e. \u0412\u044b \u0441\u0442\u0430\u043d\u0435\u0442\u0435 \u0435\u0449\u0435 \u043a\u0440\u0430\u0441\u0438\u0432\u0435\u0435 \u0438 \u0443\u0432\u0435\u0440\u0435\u043d\u043d\u0435\u0435 \u0432 \u0441\u0435\u0431\u0435!<br \/>\n2. \u0412\u044b \u0441\u043c\u043e\u0436\u0435\u0442\u0435 \u0441\u043e\u0437\u0434\u0430\u0442\u044c \u0432\u0435\u043b\u0438\u043a\u043e\u043b\u0435\u043f\u043d\u044b\u0439 \u043c\u0430\u043a\u0438\u044f\u0436 \u0437\u0430 15 \u043c\u0438\u043d\u0443\u0442. \u0412\u044b \u043b\u0435\u0433\u043a\u043e \u043f\u043e\u0439\u043c\u0435\u0442\u0435, \u043a\u0430\u043a \u0441\u043a\u0440\u044b\u0442\u044c \u043d\u0435\u0434\u043e\u0441\u0442\u0430\u0442\u043a\u0438 \u0438 \u043f\u043e\u0434\u0447\u0435\u0440\u043a\u043d\u0443\u0442\u044c \u0441\u0432\u043e\u044e \u0435\u0441\u0442\u0435\u0441\u0442\u0432\u0435\u043d\u043d\u0443\u044e \u043a\u0440\u0430\u0441\u043e\u0442\u0443<\/h4>\n<p>3. \u041f\u043e\u0441\u043b\u0435 \u043a\u0443\u0440\u0441\u0430 \u0432\u044b \u0441\u0442\u0430\u043d\u0435\u0442\u0435 \u0412\u0410\u0428\u0418\u041c \u0421\u041e\u0411\u0421\u0422\u0412\u0415\u041d\u041d\u042b\u041c \u0412\u0418\u0417\u0423\u0410\u041b\u0418\u0421\u0422\u041e\u041c. \u0412\u044b \u043d\u0430\u0443\u0447\u0438\u0442\u0435\u0441\u044c \u043f\u043e\u043d\u0438\u043c\u0430\u0442\u044c \u0432\u0441\u0435 \u043e \u043a\u0438\u0441\u0442\u044f\u0445 \u0434\u043b\u044f \u043c\u0430\u043a\u0438\u044f\u0436\u0430, \u043a\u043e\u0441\u043c\u0435\u0442\u0438\u043a\u0435 \u0438 \u0434\u0440\u0443\u0433\u0438\u0445 \u043f\u0440\u043e\u0434\u0443\u043a\u0442\u0430\u0445.<br \/>\n4. \u0412\u044b \u043f\u043e\u0439\u043c\u0435\u0442\u0435, \u043a\u0430\u043a \u0443\u0445\u0430\u0436\u0438\u0432\u0430\u0442\u044c \u0437\u0430 \u043f\u0440\u043e\u0431\u043b\u0435\u043c\u043d\u043e\u0439 \u043a\u043e\u0436\u0435\u0439 \u0438 \u043a\u0430\u043a \u0441\u043a\u0440\u044b\u0442\u044c \u0435\u0435 \u043d\u0435\u0434\u043e\u0441\u0442\u0430\u0442\u043a\u0438<br \/>\n5. \u0423\u0437\u043d\u0430\u0439\u0442\u0435, \u0447\u0442\u043e \u043e\u0431\u044f\u0437\u0430\u0442\u0435\u043b\u044c\u043d\u043e \u0434\u043e\u043b\u0436\u043d\u043e \u0431\u044b\u0442\u044c \u0432 \u0432\u0430\u0448\u0435\u043c \u043a\u043e\u0441\u043c\u0435\u0442\u0438\u0447\u0435\u0441\u043a\u043e\u043c \u043a\u0430\u0431\u0438\u043d\u0435\u0442\u0435, \u0430 \u043e\u0442 \u0447\u0435\u0433\u043e \u043c\u043e\u0436\u043d\u043e \u043b\u0435\u0433\u043a\u043e \u043e\u0442\u043a\u0430\u0437\u0430\u0442\u044c\u0441\u044f<br \/>\n6. \u0412\u044b \u043f\u043e\u043b\u0443\u0447\u0438\u0442\u0435 \u0441\u0435\u0440\u0442\u0438\u0444\u0438\u043a\u0430\u0442 \u043e\u0431 \u0443\u0447\u0430\u0441\u0442\u0438\u0438 \u0432 \u043a\u0443\u0440\u0441\u0435<\/p>\n<h4>\u041a\u041b\u0410\u0421\u0421\u0418\u0427\u0415\u0421\u041a\u0418\u0419 \u0412\u0415\u0427\u0415\u0420\u041d\u0418\u0419 \u041c\u0410\u041a\u0418\u042f\u0416<\/h4>\n<p>- \u0412\u044b\u0431\u043e\u0440 \u0434\u043e\u043b\u0433\u043e\u0432\u0435\u0447\u043d\u043e\u0439 \u043e\u0441\u043d\u043e\u0432\u044b. \u041c\u0430\u0441\u043a\u0438\u0440\u043e\u0432\u043a\u0430 \u043f\u0440\u043e\u0431\u043b\u0435\u043c\u043d\u044b\u0445 \u0437\u043e\u043d \u043b\u0438\u0446\u0430. \u041c\u043e\u0434\u0435\u043b\u0438\u0440\u043e\u0432\u0430\u043d\u0438\u0435 \u043b\u0438\u0446\u0430 \u0441 \u043f\u043e\u043c\u043e\u0449\u044c\u044e \u043f\u043e\u043f\u0443\u043b\u044f\u0440\u043d\u043e\u0439 \u0442\u0435\u0445\u043d\u0438\u043a\u0438 \u0441\u0442\u0440\u043e\u0431\u0438\u043d\u0433\u0430. \u0421\u0435\u043a\u0440\u0435\u0442\u044b \u044d\u0444\u0444\u0435\u043a\u0442\u0430 \u0441\u0438\u044f\u044e\u0449\u0435\u0439 \u043a\u043e\u0436\u0438.<\/p>\n<p>- \u041a\u043e\u0440\u0440\u0435\u043a\u0446\u0438\u044f \u0444\u043e\u0440\u043c\u044b \u0433\u043b\u0430\u0437. \u041c\u0430\u043a\u0438\u044f\u0436 \u0433\u043b\u0430\u0437 \u0432 \u0431\u043e\u043b\u0435\u0435 \u044f\u0440\u043a\u0438\u0445 \u0442\u043e\u043d\u0430\u0445. \u0418\u0441\u043f\u043e\u043b\u044c\u0437\u043e\u0432\u0430\u043d\u0438\u0435 \u0431\u043b\u0435\u0441\u0442\u043e\u043a \u0432 \u043c\u0430\u043a\u0438\u044f\u0436\u0435.<\/p>\n<p>- \u041d\u0430\u043d\u0435\u0441\u0435\u043d\u0438\u0435 \u043f\u043e\u0434\u0432\u043e\u0434\u043a\u0438 \u0434\u043b\u044f \u0433\u043b\u0430\u0437 (\u043a\u0430\u0440\u0430\u043d\u0434\u0430\u0448 \u0438\u043b\u0438 \u043b\u0430\u0439\u043d\u0435\u0440). \u041d\u0430\u043a\u043b\u0435\u0438\u0432\u0430\u043d\u0438\u0435 \u043d\u0430\u043a\u043b\u0430\u0434\u043d\u044b\u0445 \u0440\u0435\u0441\u043d\u0438\u0446<\/p>\n<p>- \u041c\u0430\u043a\u0438\u044f\u0436 \u0431\u0440\u043e\u0432\u0435\u0439. \u0421\u043f\u043e\u0441\u043e\u0431\u044b \u043a\u043e\u0440\u0440\u0435\u043a\u0446\u0438\u0438 \u0444\u043e\u0440\u043c\u044b \u0431\u0440\u043e\u0432\u0435\u0439<br \/>\n- \u041e\u0441\u043e\u0431\u0435\u043d\u043d\u043e\u0441\u0442\u0438 \u043e\u043a\u0440\u0430\u0448\u0438\u0432\u0430\u043d\u0438\u044f \u0433\u0443\u0431 \u043f\u0440\u0430\u0432\u0438\u043b\u044c\u043d\u043e\u0439 \u0444\u043e\u0440\u043c\u044b. \u041b\u0443\u0447\u0448\u0438\u0435 \u0438\u043d\u0441\u0442\u0440\u0443\u043c\u0435\u043d\u0442\u044b \u0434\u043b\u044f \u043c\u0430\u043a\u0438\u044f\u0436\u0430 \u0433\u0443\u0431. \u041e\u0441\u043e\u0431\u0435\u043d\u043d\u043e\u0441\u0442\u0438 \u0444\u0438\u043a\u0441\u0430\u0446\u0438\u0438 \u0438\u043d\u0441\u0442\u0440\u0443\u043c\u0435\u043d\u0442\u043e\u0432<\/p>\n<p>\u041f\u043e\u0434\u0430\u0440\u043e\u0447\u043d\u044b\u0439 \u0432\u0430\u0443\u0447\u0435\u0440 \u0434\u0435\u0439\u0441\u0442\u0432\u0438\u0442\u0435\u043b\u0435\u043d \u0432 \u0442\u0435\u0447\u0435\u043d\u0438\u0435 3 \u043c\u0435\u0441\u044f\u0446\u0435\u0432. \u0412\u0410\u0423\u0427\u0415\u0420 \u041d\u0415 \u041f\u041e\u0414\u041b\u0415\u0416\u0418\u0422 \u0412\u041e\u0417\u0412\u0420\u0410\u0422\u0423 \u0418 \u041e\u0411\u041c\u0415\u041d\u0423. \u041e\u043d \u0442\u0430\u043a\u0436\u0435 \u043d\u0435 \u043f\u043e\u0434\u043b\u0435\u0436\u0438\u0442 \u043e\u0431\u043c\u0435\u043d\u0443 \u043d\u0430 \u0434\u0440\u0443\u0433\u0438\u0435 \u0443\u0441\u043b\u0443\u0433\u0438 \u0438\u043b\u0438 \u043a\u043e\u0441\u043c\u0435\u0442\u0438\u043a\u0443.<\/p>\n<p>\u0417\u0430\u0440\u0435\u0433\u0438\u0441\u0442\u0440\u0438\u0440\u043e\u0432\u0430\u0442\u044c\u0441\u044f \u043c\u043e\u0436\u043d\u043e \u043f\u043e \u0442\u0435\u043b\u0435\u0444\u043e\u043d\u0443 +37067205534 \u0438\u043b\u0438 \u043f\u043e \u044d\u043b\u0435\u043a\u0442\u0440\u043e\u043d\u043d\u043e\u0439 \u043f\u043e\u0447\u0442\u0435 info@msakademija.com.<\/p>\n<p>\u041f\u043e\u0434\u0430\u0440\u043e\u0447\u043d\u044b\u0439 \u0432\u0430\u0443\u0447\u0435\u0440 \u043f\u0435\u0440\u0441\u043e\u043d\u0430\u043b\u0438\u0437\u0438\u0440\u043e\u0432\u0430\u043d. \u041f\u043e\u0436\u0430\u043b\u0443\u0439\u0441\u0442\u0430, \u0443\u043a\u0430\u0436\u0438\u0442\u0435 \u0432 \u043a\u043e\u043c\u043c\u0435\u043d\u0442\u0430\u0440\u0438\u0438, \u043a\u043e\u043c\u0443 \u043e\u043d \u0431\u0443\u0434\u0435\u0442 \u0430\u0434\u0440\u0435\u0441\u043e\u0432\u0430\u043d<\/p>\n<p>\u0417\u0430\u043f\u0438\u0441\u0430\u0442\u044c\u0441\u044f \u043d\u0430 \u0443\u0440\u043e\u043a \"\u041c\u0430\u043a\u0438\u044f\u0436 \u0441\u0432\u043e\u0438\u043c\u0438 \u0440\u0443\u043a\u0430\u043c\u0438\" \u043c\u043e\u0436\u043d\u043e \u0442\u043e\u043b\u044c\u043a\u043e \u0432 \u0431\u0443\u0434\u043d\u0438\u0435 \u0434\u043d\u0438 \u0441 9 \u0443\u0442\u0440\u0430 \u0434\u043e 4 \u0432\u0435\u0447\u0435\u0440\u0430.<\/p>","protected":false},"excerpt":{"rendered":"<p>DOVAN\u0172 KUPONAS: INDIVIDUALI MAKIA\u017dO SAU PAMOKA DOVAN\u0172 KUPONAS GALIOJA 3 M\u0116NESIUS KUPONAS NEG\u0104\u017dINAMAS IR \u012e PINIGUS NEKEI\u010cIAMAS Dovan\u0173 kuponas &#8211; MAKIA\u017dO SAU KURSAI, MERGINOMS IR MOTERIMS, KURIOMS SVARBU ATRODYTI PUIKIAI KIEKVIEN\u0104 DIEN\u0104. KURS\u0172 METU I\u0160MOKSITE PASIRINKTI TINKAM\u0104 KOSMETIK\u0104 IR PRIEMONES MAKIA\u017dUI ATLIKTI BEI GREITAI IR KOKYBI\u0160KAI PASIDARYTI SAU DIENIN\u012e ARBA VAKARIN\u012e MAKIA\u017d\u0104. Visos priemon\u0117s, teptukai [&#8230;]\n","protected":false},"featured_media":9902,"comment_status":"open","ping_status":"closed","template":"","meta":[],"product_brand":[],"product_cat":[117],"product_tag":[120],"class_list":{"0":"post-8373","1":"product","2":"type-product","3":"status-publish","4":"has-post-thumbnail","6":"product_cat-kursai","7":"product_tag-dovana-dovanu-kuponas","9":"first","10":"instock","11":"virtual","12":"purchasable","13":"product-type-simple"},"yoast_head":"<!-- This site is optimized with the Yoast SEO Premium plugin v27.5 (Yoast SEO v27.5) - https:\/\/yoast.com\/product\/yoast-seo-premium-wordpress\/ -->\n<title>DOVAN\u0172 KUPONAS : MAKIA\u017dO SAU PAMOKA - MS akademija<\/title>\n<meta name=\"description\" content=\"DOVAN\u0172 KUPONAS. INDIVIDUALI MAKIA\u017dO SAU PAMOKA. PUIKI DOVANA MAMAI, DRAUGEI, \u017dMONAI art\u0117jan\u010di\u0173 \u0161ven\u010di\u0173 proga. Galioja net 3 m\u0117nesius\" \/>\n<meta name=\"robots\" content=\"index, follow, max-snippet:-1, max-image-preview:large, max-video-preview:-1\" \/>\n<link rel=\"canonical\" href=\"https:\/\/msakademija.com\/ru\/product\/\u043f\u043e\u0434\u0430\u0440\u043e\u0447\u043d\u044b\u0439-\u0441\u0435\u0440\u0442\u0438\u0444\u0438\u043a\u0430\u0442-2\/\" \/>\n<meta property=\"og:locale\" content=\"ru_RU\" \/>\n<meta property=\"og:type\" content=\"article\" \/>\n<meta property=\"og:title\" content=\"DOVAN\u0172 KUPONAS : MAKIA\u017dO SAU PAMOKA\" \/>\n<meta property=\"og:description\" content=\"DOVAN\u0172 KUPONAS. INDIVIDUALI MAKIA\u017dO SAU PAMOKA. PUIKI DOVANA MAMAI, DRAUGEI, \u017dMONAI art\u0117jan\u010di\u0173 \u0161ven\u010di\u0173 proga. Galioja net 3 m\u0117nesius\" \/>\n<meta property=\"og:url\" content=\"https:\/\/msakademija.com\/ru\/product\/\u043f\u043e\u0434\u0430\u0440\u043e\u0447\u043d\u044b\u0439-\u0441\u0435\u0440\u0442\u0438\u0444\u0438\u043a\u0430\u0442-2\/\" \/>\n<meta property=\"og:site_name\" content=\"MS akademija\" \/>\n<meta property=\"article:publisher\" content=\"https:\/\/www.facebook.com\/msakademijavilnius\/\" \/>\n<meta property=\"article:modified_time\" content=\"2025-05-23T09:52:55+00:00\" \/>\n<meta property=\"og:image\" content=\"https:\/\/msakademija.com\/wp-content\/uploads\/2024\/04\/img_5686-1.png\" \/>\n\t<meta property=\"og:image:width\" content=\"1748\" \/>\n\t<meta property=\"og:image:height\" content=\"1240\" \/>\n\t<meta property=\"og:image:type\" content=\"image\/png\" \/>\n<meta name=\"twitter:card\" content=\"summary_large_image\" \/>\n<meta name=\"twitter:label1\" content=\"\u0426\u0435\u043d\u0430\" \/>\n\t<meta name=\"twitter:data1\" content=\"&euro;150.00\" \/>\n\t<meta name=\"twitter:label2\" content=\"\u0414\u043e\u0441\u0442\u0443\u043f\u043d\u043e\u0441\u0442\u044c\" \/>\n\t<meta name=\"twitter:data2\" content=\"\u0412 \u043d\u0430\u043b\u0438\u0447\u0438\u0438\" \/>\n<script type=\"application\/ld+json\" class=\"yoast-schema-graph\">{\"@context\":\"https:\\\/\\\/schema.org\",\"@graph\":[{\"@type\":\"WebPage\",\"@id\":\"https:\\\/\\\/msakademija.com\\\/en\\\/product\\\/gift-voucher\\\/\",\"url\":\"https:\\\/\\\/msakademija.com\\\/en\\\/product\\\/gift-voucher\\\/\",\"name\":\"DOVAN\u0172 KUPONAS : MAKIA\u017dO SAU PAMOKA - MS akademija\",\"isPartOf\":{\"@id\":\"https:\\\/\\\/msakademija.com\\\/#website\"},\"primaryImageOfPage\":{\"@id\":\"https:\\\/\\\/msakademija.com\\\/en\\\/product\\\/gift-voucher\\\/#primaryimage\"},\"image\":{\"@id\":\"https:\\\/\\\/msakademija.com\\\/en\\\/product\\\/gift-voucher\\\/#primaryimage\"},\"thumbnailUrl\":\"https:\\\/\\\/msakademija.com\\\/wp-content\\\/uploads\\\/2024\\\/04\\\/img_5686-1.png\",\"datePublished\":\"2022-10-22T16:33:34+00:00\",\"dateModified\":\"2025-05-23T09:52:55+00:00\",\"description\":\"DOVAN\u0172 KUPONAS. INDIVIDUALI MAKIA\u017dO SAU PAMOKA. PUIKI DOVANA MAMAI, DRAUGEI, \u017dMONAI art\u0117jan\u010di\u0173 \u0161ven\u010di\u0173 proga. Galioja net 3 m\u0117nesius\",\"breadcrumb\":{\"@id\":\"https:\\\/\\\/msakademija.com\\\/en\\\/product\\\/gift-voucher\\\/#breadcrumb\"},\"inLanguage\":\"ru-RU\",\"potentialAction\":[{\"@type\":\"ReadAction\",\"target\":[\"https:\\\/\\\/msakademija.com\\\/en\\\/product\\\/gift-voucher\\\/\"]}]},{\"@type\":\"ImageObject\",\"inLanguage\":\"ru-RU\",\"@id\":\"https:\\\/\\\/msakademija.com\\\/en\\\/product\\\/gift-voucher\\\/#primaryimage\",\"url\":\"https:\\\/\\\/msakademija.com\\\/wp-content\\\/uploads\\\/2024\\\/04\\\/img_5686-1.png\",\"contentUrl\":\"https:\\\/\\\/msakademija.com\\\/wp-content\\\/uploads\\\/2024\\\/04\\\/img_5686-1.png\",\"width\":1748,\"height\":1240},{\"@type\":\"BreadcrumbList\",\"@id\":\"https:\\\/\\\/msakademija.com\\\/en\\\/product\\\/gift-voucher\\\/#breadcrumb\",\"itemListElement\":[{\"@type\":\"ListItem\",\"position\":1,\"name\":\"Home\",\"item\":\"https:\\\/\\\/msakademija.com\\\/\"},{\"@type\":\"ListItem\",\"position\":2,\"name\":\"Parduotuv\u0117\",\"item\":\"https:\\\/\\\/msakademija.com\\\/makiazo-priemoniu-parduotuve\\\/\"},{\"@type\":\"ListItem\",\"position\":3,\"name\":\"DOVAN\u0172 KUPONAS : MAKIA\u017dO SAU PAMOKA\"}]},{\"@type\":\"WebSite\",\"@id\":\"https:\\\/\\\/msakademija.com\\\/#website\",\"url\":\"https:\\\/\\\/msakademija.com\\\/\",\"name\":\"MS akademija\",\"description\":\"Makia\u017eo ir \u0161ukuosenos akademija\",\"publisher\":{\"@id\":\"https:\\\/\\\/msakademija.com\\\/#organization\"},\"potentialAction\":[{\"@type\":\"SearchAction\",\"target\":{\"@type\":\"EntryPoint\",\"urlTemplate\":\"https:\\\/\\\/msakademija.com\\\/?s={search_term_string}\"},\"query-input\":{\"@type\":\"PropertyValueSpecification\",\"valueRequired\":true,\"valueName\":\"search_term_string\"}}],\"inLanguage\":\"ru-RU\"},{\"@type\":\"Organization\",\"@id\":\"https:\\\/\\\/msakademija.com\\\/#organization\",\"name\":\"MS akademija\",\"url\":\"https:\\\/\\\/msakademija.com\\\/\",\"logo\":{\"@type\":\"ImageObject\",\"inLanguage\":\"ru-RU\",\"@id\":\"https:\\\/\\\/msakademija.com\\\/#\\\/schema\\\/logo\\\/image\\\/\",\"url\":\"https:\\\/\\\/msakademija.com\\\/wp-content\\\/uploads\\\/2021\\\/05\\\/logo_juodas_HEADERMS.png\",\"contentUrl\":\"https:\\\/\\\/msakademija.com\\\/wp-content\\\/uploads\\\/2021\\\/05\\\/logo_juodas_HEADERMS.png\",\"width\":500,\"height\":210,\"caption\":\"MS akademija\"},\"image\":{\"@id\":\"https:\\\/\\\/msakademija.com\\\/#\\\/schema\\\/logo\\\/image\\\/\"},\"sameAs\":[\"https:\\\/\\\/www.facebook.com\\\/msakademijavilnius\\\/\",\"https:\\\/\\\/www.instagram.com\\\/msakademija\\\/\"]}]}<\/script>\n<meta property=\"product:price:amount\" content=\"150.00\" \/>\n<meta property=\"product:price:currency\" content=\"EUR\" \/>\n<meta property=\"og:availability\" content=\"instock\" \/>\n<meta property=\"product:availability\" content=\"instock\" \/>\n<meta property=\"product:condition\" content=\"new\" \/>\n<!-- \/ Yoast SEO Premium plugin. -->","yoast_head_json":{"title":"\u041f\u043e\u0434\u0430\u0440\u043e\u0447\u043d\u044b\u0439 \u043a\u0443\u043f\u043e\u043d: \u0441\u0434\u0435\u043b\u0430\u0439 \u0441\u0432\u043e\u0439 \u0434\u043e\u043c - MS akademija","description":"\u041f\u041e\u0414\u0410\u0420\u041e\u0427\u041d\u042b\u0419 \u0412\u0410\u0423\u0427\u0415\u0420. \u0418\u041d\u0414\u0418\u0412\u0418\u0414\u0423\u0410\u041b\u042c\u041d\u042b\u0419 \u041f\u041e\u0414\u0410\u0420\u041e\u041a \u041d\u0410 \u0417\u0410\u041a\u0410\u0417. \u0418\u0434\u0435\u0430\u043b\u044c\u043d\u044b\u0439 \u043f\u043e\u0434\u0430\u0440\u043e\u043a \u043c\u0430\u043c\u0435, \u043f\u043e\u0434\u0440\u0443\u0433\u0435, \u0431\u043b\u0438\u0437\u043a\u043e\u043c\u0443 \u0447\u0435\u043b\u043e\u0432\u0435\u043a\u0443 \u043f\u043e \u0441\u043b\u0443\u0447\u0430\u044e \u043f\u0440\u0435\u0434\u0441\u0442\u043e\u044f\u0449\u0438\u0445 \u043f\u0440\u0430\u0437\u0434\u043d\u0438\u043a\u043e\u0432. \u0414\u0435\u0439\u0441\u0442\u0432\u0438\u0442\u0435\u043b\u0435\u043d \u0434\u0430\u0436\u0435 \u0432 \u0442\u0435\u0447\u0435\u043d\u0438\u0435 3 \u043c\u0435\u0441\u044f\u0446\u0435\u0432","robots":{"index":"index","follow":"follow","max-snippet":"max-snippet:-1","max-image-preview":"max-image-preview:large","max-video-preview":"max-video-preview:-1"},"canonical":"https:\/\/msakademija.com\/ru\/product\/\u043f\u043e\u0434\u0430\u0440\u043e\u0447\u043d\u044b\u0439-\u0441\u0435\u0440\u0442\u0438\u0444\u0438\u043a\u0430\u0442-2\/","og_locale":"ru_RU","og_type":"article","og_title":"DOVAN\u0172 KUPONAS : MAKIA\u017dO SAU PAMOKA","og_description":"DOVAN\u0172 KUPONAS. INDIVIDUALI MAKIA\u017dO SAU PAMOKA. PUIKI DOVANA MAMAI, DRAUGEI, \u017dMONAI art\u0117jan\u010di\u0173 \u0161ven\u010di\u0173 proga. Galioja net 3 m\u0117nesius","og_url":"https:\/\/msakademija.com\/ru\/product\/\u043f\u043e\u0434\u0430\u0440\u043e\u0447\u043d\u044b\u0439-\u0441\u0435\u0440\u0442\u0438\u0444\u0438\u043a\u0430\u0442-2\/","og_site_name":"MS akademija","article_publisher":"https:\/\/www.facebook.com\/msakademijavilnius\/","article_modified_time":"2025-05-23T09:52:55+00:00","og_image":[{"width":1748,"height":1240,"url":"https:\/\/msakademija.com\/wp-content\/uploads\/2024\/04\/img_5686-1.png","type":"image\/png"}],"twitter_card":"summary_large_image","twitter_misc":{"\u0426\u0435\u043d\u0430":"&euro;150.00","\u0414\u043e\u0441\u0442\u0443\u043f\u043d\u043e\u0441\u0442\u044c":"\u0412 \u043d\u0430\u043b\u0438\u0447\u0438\u0438"},"schema":{"@context":"https:\/\/schema.org","@graph":[{"@type":"WebPage","@id":"https:\/\/msakademija.com\/en\/product\/gift-voucher\/","url":"https:\/\/msakademija.com\/en\/product\/gift-voucher\/","name":"\u041f\u043e\u0434\u0430\u0440\u043e\u0447\u043d\u044b\u0439 \u043a\u0443\u043f\u043e\u043d: \u0441\u0434\u0435\u043b\u0430\u0439 \u0441\u0432\u043e\u0439 \u0434\u043e\u043c - MS akademija","isPartOf":{"@id":"https:\/\/msakademija.com\/#website"},"primaryImageOfPage":{"@id":"https:\/\/msakademija.com\/en\/product\/gift-voucher\/#primaryimage"},"image":{"@id":"https:\/\/msakademija.com\/en\/product\/gift-voucher\/#primaryimage"},"thumbnailUrl":"https:\/\/msakademija.com\/wp-content\/uploads\/2024\/04\/img_5686-1.png","datePublished":"2022-10-22T16:33:34+00:00","dateModified":"2025-05-23T09:52:55+00:00","description":"\u041f\u041e\u0414\u0410\u0420\u041e\u0427\u041d\u042b\u0419 \u0412\u0410\u0423\u0427\u0415\u0420. \u0418\u041d\u0414\u0418\u0412\u0418\u0414\u0423\u0410\u041b\u042c\u041d\u042b\u0419 \u041f\u041e\u0414\u0410\u0420\u041e\u041a \u041d\u0410 \u0417\u0410\u041a\u0410\u0417. \u0418\u0434\u0435\u0430\u043b\u044c\u043d\u044b\u0439 \u043f\u043e\u0434\u0430\u0440\u043e\u043a \u043c\u0430\u043c\u0435, \u043f\u043e\u0434\u0440\u0443\u0433\u0435, \u0431\u043b\u0438\u0437\u043a\u043e\u043c\u0443 \u0447\u0435\u043b\u043e\u0432\u0435\u043a\u0443 \u043f\u043e \u0441\u043b\u0443\u0447\u0430\u044e \u043f\u0440\u0435\u0434\u0441\u0442\u043e\u044f\u0449\u0438\u0445 \u043f\u0440\u0430\u0437\u0434\u043d\u0438\u043a\u043e\u0432. \u0414\u0435\u0439\u0441\u0442\u0432\u0438\u0442\u0435\u043b\u0435\u043d \u0434\u0430\u0436\u0435 \u0432 \u0442\u0435\u0447\u0435\u043d\u0438\u0435 3 \u043c\u0435\u0441\u044f\u0446\u0435\u0432","breadcrumb":{"@id":"https:\/\/msakademija.com\/en\/product\/gift-voucher\/#breadcrumb"},"inLanguage":"ru-RU","potentialAction":[{"@type":"ReadAction","target":["https:\/\/msakademija.com\/en\/product\/gift-voucher\/"]}]},{"@type":"ImageObject","inLanguage":"ru-RU","@id":"https:\/\/msakademija.com\/en\/product\/gift-voucher\/#primaryimage","url":"https:\/\/msakademija.com\/wp-content\/uploads\/2024\/04\/img_5686-1.png","contentUrl":"https:\/\/msakademija.com\/wp-content\/uploads\/2024\/04\/img_5686-1.png","width":1748,"height":1240},{"@type":"BreadcrumbList","@id":"https:\/\/msakademija.com\/en\/product\/gift-voucher\/#breadcrumb","itemListElement":[{"@type":"ListItem","position":1,"name":"Home","item":"https:\/\/msakademija.com\/"},{"@type":"ListItem","position":2,"name":"Parduotuv\u0117","item":"https:\/\/msakademija.com\/makiazo-priemoniu-parduotuve\/"},{"@type":"ListItem","position":3,"name":"DOVAN\u0172 KUPONAS : MAKIA\u017dO SAU PAMOKA"}]},{"@type":"WebSite","@id":"https:\/\/msakademija.com\/#website","url":"https:\/\/msakademija.com\/","name":"\u0410\u043a\u0430\u0434\u0435\u043c\u0438\u044f MS","description":"\u0410\u043a\u0430\u0434\u0435\u043c\u0438\u044f \u043c\u0430\u043a\u0438\u044f\u0436\u0430 \u0438 \u043f\u0440\u0438\u0447\u0435\u0441\u043e\u043a","publisher":{"@id":"https:\/\/msakademija.com\/#organization"},"potentialAction":[{"@type":"SearchAction","target":{"@type":"EntryPoint","urlTemplate":"https:\/\/msakademija.com\/?s={search_term_string}"},"query-input":{"@type":"PropertyValueSpecification","valueRequired":true,"valueName":"search_term_string"}}],"inLanguage":"ru-RU"},{"@type":"Organization","@id":"https:\/\/msakademija.com\/#organization","name":"\u0410\u043a\u0430\u0434\u0435\u043c\u0438\u044f MS","url":"https:\/\/msakademija.com\/","logo":{"@type":"ImageObject","inLanguage":"ru-RU","@id":"https:\/\/msakademija.com\/#\/schema\/logo\/image\/","url":"https:\/\/msakademija.com\/wp-content\/uploads\/2021\/05\/logo_juodas_HEADERMS.png","contentUrl":"https:\/\/msakademija.com\/wp-content\/uploads\/2021\/05\/logo_juodas_HEADERMS.png","width":500,"height":210,"caption":"MS akademija"},"image":{"@id":"https:\/\/msakademija.com\/#\/schema\/logo\/image\/"},"sameAs":["https:\/\/www.facebook.com\/msakademijavilnius\/","https:\/\/www.instagram.com\/msakademija\/"]}]},"product_price_amount":"150.00","product_price_currency":"EUR","og_availability":"instock","product_availability":"instock","product_condition":"new"},"jetpack_sharing_enabled":true,"_links":{"self":[{"href":"https:\/\/msakademija.com\/ru\/wp-json\/wp\/v2\/product\/8373","targetHints":{"allow":["GET"]}}],"collection":[{"href":"https:\/\/msakademija.com\/ru\/wp-json\/wp\/v2\/product"}],"about":[{"href":"https:\/\/msakademija.com\/ru\/wp-json\/wp\/v2\/types\/product"}],"replies":[{"embeddable":true,"href":"https:\/\/msakademija.com\/ru\/wp-json\/wp\/v2\/comments?post=8373"}],"wp:featuredmedia":[{"embeddable":true,"href":"https:\/\/msakademija.com\/ru\/wp-json\/wp\/v2\/media\/9902"}],"wp:attachment":[{"href":"https:\/\/msakademija.com\/ru\/wp-json\/wp\/v2\/media?parent=8373"}],"wp:term":[{"taxonomy":"product_brand","embeddable":true,"href":"https:\/\/msakademija.com\/ru\/wp-json\/wp\/v2\/product_brand?post=8373"},{"taxonomy":"product_cat","embeddable":true,"href":"https:\/\/msakademija.com\/ru\/wp-json\/wp\/v2\/product_cat?post=8373"},{"taxonomy":"product_tag","embeddable":true,"href":"https:\/\/msakademija.com\/ru\/wp-json\/wp\/v2\/product_tag?post=8373"}],"curies":[{"name":"wp","href":"https:\/\/api.w.org\/{rel}","templated":true}]}}