{"id":8378,"date":"2022-11-01T13:20:01","date_gmt":"2022-11-01T11:20:01","guid":{"rendered":"https:\/\/msakademija.com\/?post_type=product&#038;p=8378"},"modified":"2026-01-20T18:42:53","modified_gmt":"2026-01-20T16:42:53","slug":"%d0%ba%d1%83%d1%80%d1%81-%d0%bc%d0%b0%d0%ba%d0%b8%d1%8f%d0%b6%d0%b0-%d0%b4%d0%bb%d1%8f-%d0%bf%d1%80%d0%be%d1%84%d0%b5%d1%81%d1%81%d0%b8%d0%be%d0%bd%d0%b0%d0%bb%d0%be%d0%b2","status":"publish","type":"product","link":"https:\/\/msakademija.com\/ru\/produktas\/makiazo-kursas-pro\/","title":{"rendered":"\u041a\u0423\u0420\u0421\u042b \u041c\u0410\u041a\u0418\u042f\u0416\u0410 \u0414\u041b\u042f \u041d\u0410\u0427\u0418\u041d\u0410\u042e\u0429\u0418\u0425 \u041f\u0420\u041e\u0424\u0418 (\u041f\u0420\u041e\u0424\u0415\u0421\u0421\u0418\u041e\u041d\u0410\u041b\u041e\u0412)"},"content":{"rendered":"<p>\u041a\u0443\u0440\u0441\u044b \u043c\u0430\u043a\u0438\u044f\u0436\u0430 PRO \u0434\u043b\u044f \u0442\u0435\u0445, \u043a\u0442\u043e \u044d\u043a\u043e\u043d\u043e\u043c\u0438\u0442 \u0432\u0440\u0435\u043c\u044f \u0438 \u043d\u0435 \u0438\u043c\u0435\u0435\u0442 \u043e\u043f\u044b\u0442\u0430 \u0432 \u043c\u0430\u043a\u0438\u044f\u0436\u0435. \u041f\u0440\u043e\u0433\u0440\u0430\u043c\u043c\u0430 \u043a\u0443\u0440\u0441\u043e\u0432 \u043c\u0430\u043a\u0438\u044f\u0436\u0430 \u043e\u0441\u043d\u043e\u0432\u0430\u043d\u0430 \u043d\u0430 \u043f\u043e\u0441\u043b\u0435\u0434\u043d\u0438\u0445 \u0442\u0435\u043d\u0434\u0435\u043d\u0446\u0438\u044f\u0445. \u0412 \u043f\u0440\u043e\u0433\u0440\u0430\u043c\u043c\u0435 \u043e\u0431\u0443\u0447\u0435\u043d\u0438\u044f \u043c\u0430\u043a\u0438\u044f\u0436\u0443 \u0443\u0434\u0435\u043b\u044f\u0435\u0442\u0441\u044f \u0432\u043d\u0438\u043c\u0430\u043d\u0438\u0435 \u043a\u0430\u043a \u0442\u0435\u043e\u0440\u0435\u0442\u0438\u0447\u0435\u0441\u043a\u043e\u0439, \u0442\u0430\u043a \u0438 \u043f\u0440\u0430\u043a\u0442\u0438\u0447\u0435\u0441\u043a\u043e\u0439 \u0447\u0430\u0441\u0442\u0438, \u0430 \u0442\u0430\u043a\u0436\u0435 \u043f\u0441\u0438\u0445\u043e\u043b\u043e\u0433\u0438\u0447\u0435\u0441\u043a\u0438\u043c \u0430\u0441\u043f\u0435\u043a\u0442\u0430\u043c \u0440\u0430\u0431\u043e\u0442\u044b \u0441 \u043a\u043b\u0438\u0435\u043d\u0442\u0430\u043c\u0438.<\/p>\n<p><strong>\u041f\u0440\u043e\u0434\u043e\u043b\u0436\u0438\u0442\u0435\u043b\u044c\u043d\u043e\u0441\u0442\u044c: \u0432\u0441\u0435\u0433\u043e 7 \u0437\u0430\u043d\u044f\u0442\u0438\u0439<\/strong><\/p>\n<p><strong>\u0413\u0440\u0443\u043f\u043f\u0430: \u0434\u043e 7 \u0447\u0435\u043b\u043e\u0432\u0435\u043a&nbsp;<\/strong><\/p>\n<div><strong>\u0418\u043d\u0442\u0435\u043d\u0441\u0438\u0432\u043d\u043e\u0441\u0442\u044c: 9 \u0430\u043a\u0440\u043e\u0432\/\u0443\u0440\u043e\u043a.<\/strong><br \/>\n<strong>&nbsp;\u0426\u0415\u041d\u0410 : 480 EUR<\/strong><\/div>\n<div>\u041a\u0443\u0440\u0441\u044b \u043c\u0430\u043a\u0438\u044f\u0436\u0430 \u0441 29 \u0441\u0435\u043d\u0442\u044f\u0431\u0440\u044f 2025 \u0433\u043e\u0434\u0430<\/div>\n<div><\/div>\n<div>\u0413\u0420\u0423\u041f\u041f\u0410 \u041f\u041e\u041b\u041d\u041e\u0413\u041e \u0414\u041d\u042f \u0421 11 \u0414\u041e 15 \u0427\u0410\u0421\u041e\u0412<\/div>\n<div><\/div>\n<div>\u041f\u041e\u0427\u0415\u041c\u0423 \u0412\u042b \u0414\u041e\u041b\u0416\u041d\u042b \u0412\u042b\u0411\u0420\u0410\u0422\u042c \u041d\u0410\u0421:<br \/>\n1. \u041d\u0435\u0431\u043e\u043b\u044c\u0448\u0430\u044f \u0433\u0440\u0443\u043f\u043f\u0430 - \u0432\u044b\u0441\u043e\u043a\u043e\u0435 \u0432\u043d\u0438\u043c\u0430\u043d\u0438\u0435 \u043a \u043a\u0430\u0436\u0434\u043e\u043c\u0443 \u0443\u0447\u0430\u0441\u0442\u043d\u0438\u043a\u0443<br \/>\n2. \u0413\u043e\u0434 \u043e\u0431\u0443\u0447\u0435\u043d\u0438\u044f jus:<br \/>\n1. \u0423\u0437\u043d\u0430\u0439\u0442\u0435 \u0432\u0441\u0435 \u043e \u043c\u0430\u043a\u0438\u044f\u0436\u0435 \u043e\u0442 \u0410 \u0434\u043e \u042f;<br \/>\n2. \u0438\u0437\u0443\u0447\u0438\u0442\u044c \u0441\u0430\u043c\u044b\u0435 \u043f\u043e\u043f\u0443\u043b\u044f\u0440\u043d\u044b\u0435 \u0442\u0435\u0445\u043d\u0438\u043a\u0438 \u043c\u0430\u043a\u0438\u044f\u0436\u0430;<\/div>\n<div>\u041c\u042b \u0413\u0410\u0420\u0410\u041d\u0422\u0418\u0420\u0423\u0415\u041c:<br \/>\n- \u0445\u043e\u0440\u043e\u0448\u043e \u043e\u0431\u043e\u0440\u0443\u0434\u043e\u0432\u0430\u043d\u043d\u043e\u0435, \u0443\u0434\u043e\u0431\u043d\u043e\u0435 \u0438 \u0445\u043e\u0440\u043e\u0448\u043e \u043e\u0441\u0432\u0435\u0449\u0435\u043d\u043d\u043e\u0435 \u0440\u0430\u0431\u043e\u0447\u0435\u0435 \u043c\u0435\u0441\u0442\u043e \u043d\u0430 \u043f\u0440\u043e\u0442\u044f\u0436\u0435\u043d\u0438\u0438 \u0432\u0441\u0435\u0445 \u043b\u0435\u0442 \u043e\u0431\u0443\u0447\u0435\u043d\u0438\u044f;<br \/>\n- \u0412\u044b \u043f\u043e\u043b\u0443\u0447\u0438\u0442\u0435 \u043c\u0430\u0442\u0435\u0440\u0438\u0430\u043b\u044b \u0434\u043b\u044f \u043a\u0443\u0440\u0441\u0430, \u043a\u043e\u043d\u0441\u043f\u0435\u043a\u0442\u044b \u0437\u0430\u043d\u044f\u0442\u0438\u0439;<br \/>\n- \u041c\u044b \u043f\u0440\u0435\u0434\u043e\u0441\u0442\u0430\u0432\u0438\u043c \u0432\u0441\u044e \u043a\u043e\u0441\u043c\u0435\u0442\u0438\u043a\u0443 \u0438 \u0438\u043d\u0441\u0442\u0440\u0443\u043c\u0435\u043d\u0442\u044b.<\/div>\n<div><\/div>\n<div><\/div>\n<div>\u041f\u0420\u041e\u0413\u0420\u0410\u041c\u041c\u0410:<br \/>\n\u041f\u0440\u043e\u0444\u0435\u0441\u0441\u0438\u043e\u043d\u0430\u043b\u044c\u043d\u044b\u0435 \u0441\u0440\u0435\u0434\u0441\u0442\u0432\u0430 \u0434\u043b\u044f \u043c\u0430\u043a\u0438\u044f\u0436\u0430 \u0438 \u043a\u0438\u0441\u0442\u0438, \u0440\u0430\u0437\u043d\u043e\u043e\u0431\u0440\u0430\u0437\u0438\u0435 \u0438 \u0432\u044b\u0431\u043e\u0440.<br \/>\n\u041f\u043e\u0434\u0433\u043e\u0442\u043e\u0432\u043a\u0430 \u043a\u043e\u0436\u0438 \u043a \u043d\u0430\u043d\u0435\u0441\u0435\u043d\u0438\u044e \u043c\u0430\u043a\u0438\u044f\u0436\u0430. \u0421\u043f\u0435\u0446\u0438\u0444\u0438\u043a\u0430 \u0440\u0430\u0431\u043e\u0442\u044b \u0441 \u043f\u0440\u043e\u0431\u043b\u0435\u043c\u043d\u043e\u0439 \u043a\u043e\u0436\u0435\u0439 \u043b\u0438\u0446\u0430 (\u043c\u0435\u0442\u043e\u0434\u044b \u0438 \u0441\u0440\u0435\u0434\u0441\u0442\u0432\u0430 \u043c\u0430\u0441\u043a\u0438\u0440\u043e\u0432\u043a\u0438).<br \/>\n\u041c\u043e\u0434\u0435\u043b\u0438\u0440\u043e\u0432\u0430\u043d\u0438\u0435 \u043b\u0438\u0446\u0430, \u0442\u0435\u0445\u043d\u0438\u043a\u0430 \u0441\u0442\u0440\u043e\u0431\u0438\u043d\u0433\u0430 \u0432 \u043c\u0430\u043a\u0438\u044f\u0436\u0435.<br \/>\n\u0415\u0441\u0442\u0435\u0441\u0442\u0432\u0435\u043d\u043d\u044b\u0439 \u0434\u043d\u0435\u0432\u043d\u043e\u0439 \u043c\u0430\u043a\u0438\u044f\u0436.<br \/>\n\u041a\u043e\u0440\u0440\u0435\u043a\u0446\u0438\u044f \u0444\u043e\u0440\u043c\u044b \u0433\u043b\u0430\u0437.<br \/>\n\u041f\u043e\u0434\u0432\u043e\u0434\u043a\u0430 \u0434\u043b\u044f \u0433\u043b\u0430\u0437<br \/>\n\u041e\u0441\u043e\u0431\u0435\u043d\u043d\u043e\u0441\u0442\u0438 \u043f\u043e\u043c\u0430\u0434\u044b<br \/>\n\u0414\u043d\u0435\u0432\u043d\u043e\u0439 \u043c\u0430\u043a\u0438\u044f\u0436<br \/>\n\u041a\u043b\u0430\u0441\u0441\u0438\u0447\u0435\u0441\u043a\u0438\u0439 \u0432\u0435\u0447\u0435\u0440\u043d\u0438\u0439 \u043c\u0430\u043a\u0438\u044f\u0436.<br \/>\n\u0420\u0435\u0442\u0440\u043e\/\u0425\u043e\u043b\u043b\u0438\u0432\u0443\u0434\u0441\u043a\u0438\u0439 \u043c\u0430\u043a\u0438\u044f\u0436<br \/>\n\u041c\u0430\u043a\u0438\u044f\u0436 \u0434\u043b\u044f \u0437\u0440\u0435\u043b\u043e\u0439 \u043a\u043e\u0436\u0438<br \/>\n\u0414\u044b\u043c\u0447\u0430\u0442\u044b\u0439 \u043c\u0430\u043a\u0438\u044f\u0436<br \/>\n\u041c\u0430\u043a\u0438\u044f\u0436 \u043d\u0435\u0432\u0435\u0441\u0442\u044b<\/div>\n<div><\/div>\n<div>\u0420\u0415\u0413\u0418\u0421\u0422\u0420\u0410\u0426\u0418\u042f:<br \/>\n\u041b\u0438\u0447\u043d\u044b\u043c \u0441\u043e\u043e\u0431\u0449\u0435\u043d\u0438\u0435\u043c;<br \/>\n\u0422\u0435\u043b: 867205534<br \/>\nE-mail: info@msakademija.com<br \/>\n\u041f\u043e\u0436\u0430\u043b\u0443\u0439\u0441\u0442\u0430, \u0443\u043a\u0430\u0436\u0438\u0442\u0435 \u0441\u0432\u043e\u0439:<br \/>\n1. \u0418\u043c\u044f, \u0444\u0430\u043c\u0438\u043b\u0438\u044f (\u043b\u0438\u0442\u043e\u0432\u0441\u043a\u0438\u043c\u0438 \u0431\u0443\u043a\u0432\u0430\u043c\u0438)<br \/>\n2. \u041d\u043e\u043c\u0435\u0440 \u0442\u0435\u043b\u0435\u0444\u043e\u043d\u0430:<br \/>\n\u0412\u044b \u043f\u043e\u043b\u0443\u0447\u0438\u0442\u0435 \u043f\u043e\u0434\u0442\u0432\u0435\u0440\u0436\u0434\u0435\u043d\u0438\u0435 \u043e \u0440\u0435\u0433\u0438\u0441\u0442\u0440\u0430\u0446\u0438\u0438 \u0438 \u0440\u0435\u043a\u0432\u0438\u0437\u0438\u0442\u044b \u0434\u043b\u044f \u0432\u043d\u0435\u0441\u0435\u043d\u0438\u044f \u043f\u0440\u0435\u0434\u043e\u043f\u043b\u0430\u0442\u044b<\/div>","protected":false},"excerpt":{"rendered":"<p>PRO makia\u017eo kursai, skirti taupantiems laik\u0105 ir neturintiems jokios patirties viza\u017ee. Makia\u017eo kurso programa sudaryta remiantis naujausiomis tendencijomis. Makia\u017eo kurs\u0173 mokym\u0173 programoje daug d\u0117mesio skiriama tiek teorinei, tiek praktinei dalims, taip pat psichologiniams darbo su klientais ypatumams. Trukm\u0117:&nbsp; viso 7 u\u017esi\u0117mimai Grup\u0117: Iki 7 \u017emoni\u0173&nbsp; INTENSYVUMAS:&nbsp; 9 ak. val.\/pamoka. &nbsp;KAINA : 480 EUR Makia\u017eo kursai [&#8230;]\n","protected":false},"featured_media":10429,"comment_status":"open","ping_status":"closed","template":"","meta":[],"product_brand":[],"product_cat":[117],"product_tag":[121],"class_list":{"0":"post-8378","1":"product","2":"type-product","3":"status-publish","4":"has-post-thumbnail","6":"product_cat-kursai","7":"product_tag-makiazo-makiazas-pamoka-kursai-makiazo-kursai-makiazo-sau-kursai","9":"first","10":"instock","11":"virtual","12":"purchasable","13":"product-type-simple"},"yoast_head":"<!-- This site is optimized with the Yoast SEO Premium plugin v27.5 (Yoast SEO v27.5) - https:\/\/yoast.com\/product\/yoast-seo-premium-wordpress\/ -->\n<title>MAKIA\u017dO KURSAI PRADEDANTIESIEMS PRO (PROFESIONAL\u016aS) - MS akademija<\/title>\n<meta name=\"description\" content=\"PRO makia\u017eo kursai, skirti taupantiems laik\u0105 ir neturintiems jokios patirties viza\u017ee. Registruokis \u012f Makia\u017eo Kursus. I\u0161duodamas sertifikatas\" \/>\n<meta name=\"robots\" content=\"index, follow, max-snippet:-1, max-image-preview:large, max-video-preview:-1\" \/>\n<link rel=\"canonical\" href=\"https:\/\/msakademija.com\/ru\/product\/\u043a\u0443\u0440\u0441-\u043c\u0430\u043a\u0438\u044f\u0436\u0430-\u0434\u043b\u044f-\u043f\u0440\u043e\u0444\u0435\u0441\u0441\u0438\u043e\u043d\u0430\u043b\u043e\u0432\/\" \/>\n<meta property=\"og:locale\" content=\"ru_RU\" \/>\n<meta property=\"og:type\" content=\"article\" \/>\n<meta property=\"og:title\" content=\"MAKIA\u017dO KURSAI PRADEDANTIESIEMS PRO (PROFESIONAL\u016aS)\" \/>\n<meta property=\"og:description\" content=\"PRO makia\u017eo kursai, skirti taupantiems laik\u0105 ir neturintiems jokios patirties viza\u017ee. Registruokis \u012f Makia\u017eo Kursus. I\u0161duodamas sertifikatas\" \/>\n<meta property=\"og:url\" content=\"https:\/\/msakademija.com\/ru\/product\/\u043a\u0443\u0440\u0441-\u043c\u0430\u043a\u0438\u044f\u0436\u0430-\u0434\u043b\u044f-\u043f\u0440\u043e\u0444\u0435\u0441\u0441\u0438\u043e\u043d\u0430\u043b\u043e\u0432\/\" \/>\n<meta property=\"og:site_name\" content=\"MS akademija\" \/>\n<meta property=\"article:publisher\" content=\"https:\/\/www.facebook.com\/msakademijavilnius\/\" \/>\n<meta property=\"article:modified_time\" content=\"2026-01-20T16:42:53+00:00\" \/>\n<meta property=\"og:image\" content=\"https:\/\/msakademija.com\/wp-content\/uploads\/2022\/11\/457327448_959044192902318_8820345810769959620_n.jpg\" \/>\n\t<meta property=\"og:image:width\" content=\"1080\" \/>\n\t<meta property=\"og:image:height\" content=\"1080\" \/>\n\t<meta property=\"og:image:type\" content=\"image\/jpeg\" \/>\n<meta name=\"twitter:card\" content=\"summary_large_image\" \/>\n<meta name=\"twitter:label1\" content=\"\u0426\u0435\u043d\u0430\" \/>\n\t<meta name=\"twitter:data1\" content=\"&euro;600.00\" \/>\n\t<meta name=\"twitter:label2\" content=\"\u0414\u043e\u0441\u0442\u0443\u043f\u043d\u043e\u0441\u0442\u044c\" \/>\n\t<meta name=\"twitter:data2\" content=\"\u0412 \u043d\u0430\u043b\u0438\u0447\u0438\u0438\" \/>\n<script type=\"application\/ld+json\" class=\"yoast-schema-graph\">{\"@context\":\"https:\\\/\\\/schema.org\",\"@graph\":[{\"@type\":\"WebPage\",\"@id\":\"https:\\\/\\\/msakademija.com\\\/produktas\\\/makiazo-kursas-pro\\\/\",\"url\":\"https:\\\/\\\/msakademija.com\\\/produktas\\\/makiazo-kursas-pro\\\/\",\"name\":\"MAKIA\u017dO KURSAI PRADEDANTIESIEMS PRO (PROFESIONAL\u016aS) - MS akademija\",\"isPartOf\":{\"@id\":\"https:\\\/\\\/msakademija.com\\\/#website\"},\"primaryImageOfPage\":{\"@id\":\"https:\\\/\\\/msakademija.com\\\/produktas\\\/makiazo-kursas-pro\\\/#primaryimage\"},\"image\":{\"@id\":\"https:\\\/\\\/msakademija.com\\\/produktas\\\/makiazo-kursas-pro\\\/#primaryimage\"},\"thumbnailUrl\":\"https:\\\/\\\/msakademija.com\\\/wp-content\\\/uploads\\\/2022\\\/11\\\/457327448_959044192902318_8820345810769959620_n.jpg\",\"datePublished\":\"2022-11-01T11:20:01+00:00\",\"dateModified\":\"2026-01-20T16:42:53+00:00\",\"description\":\"PRO makia\u017eo kursai, skirti taupantiems laik\u0105 ir neturintiems jokios patirties viza\u017ee. Registruokis \u012f Makia\u017eo Kursus. I\u0161duodamas sertifikatas\",\"breadcrumb\":{\"@id\":\"https:\\\/\\\/msakademija.com\\\/produktas\\\/makiazo-kursas-pro\\\/#breadcrumb\"},\"inLanguage\":\"ru-RU\",\"potentialAction\":[{\"@type\":\"ReadAction\",\"target\":[\"https:\\\/\\\/msakademija.com\\\/produktas\\\/makiazo-kursas-pro\\\/\"]}]},{\"@type\":\"ImageObject\",\"inLanguage\":\"ru-RU\",\"@id\":\"https:\\\/\\\/msakademija.com\\\/produktas\\\/makiazo-kursas-pro\\\/#primaryimage\",\"url\":\"https:\\\/\\\/msakademija.com\\\/wp-content\\\/uploads\\\/2022\\\/11\\\/457327448_959044192902318_8820345810769959620_n.jpg\",\"contentUrl\":\"https:\\\/\\\/msakademija.com\\\/wp-content\\\/uploads\\\/2022\\\/11\\\/457327448_959044192902318_8820345810769959620_n.jpg\",\"width\":1080,\"height\":1080,\"caption\":\"vizazo kursai\"},{\"@type\":\"BreadcrumbList\",\"@id\":\"https:\\\/\\\/msakademija.com\\\/produktas\\\/makiazo-kursas-pro\\\/#breadcrumb\",\"itemListElement\":[{\"@type\":\"ListItem\",\"position\":1,\"name\":\"Home\",\"item\":\"https:\\\/\\\/msakademija.com\\\/\"},{\"@type\":\"ListItem\",\"position\":2,\"name\":\"Parduotuv\u0117\",\"item\":\"https:\\\/\\\/msakademija.com\\\/makiazo-priemoniu-parduotuve\\\/\"},{\"@type\":\"ListItem\",\"position\":3,\"name\":\"MAKIA\u017dO KURSAI PRADEDANTIESIEMS PRO (PROFESIONAL\u016aS)\"}]},{\"@type\":\"WebSite\",\"@id\":\"https:\\\/\\\/msakademija.com\\\/#website\",\"url\":\"https:\\\/\\\/msakademija.com\\\/\",\"name\":\"MS akademija\",\"description\":\"Makia\u017eo ir \u0161ukuosenos akademija\",\"publisher\":{\"@id\":\"https:\\\/\\\/msakademija.com\\\/#organization\"},\"potentialAction\":[{\"@type\":\"SearchAction\",\"target\":{\"@type\":\"EntryPoint\",\"urlTemplate\":\"https:\\\/\\\/msakademija.com\\\/?s={search_term_string}\"},\"query-input\":{\"@type\":\"PropertyValueSpecification\",\"valueRequired\":true,\"valueName\":\"search_term_string\"}}],\"inLanguage\":\"ru-RU\"},{\"@type\":\"Organization\",\"@id\":\"https:\\\/\\\/msakademija.com\\\/#organization\",\"name\":\"MS akademija\",\"url\":\"https:\\\/\\\/msakademija.com\\\/\",\"logo\":{\"@type\":\"ImageObject\",\"inLanguage\":\"ru-RU\",\"@id\":\"https:\\\/\\\/msakademija.com\\\/#\\\/schema\\\/logo\\\/image\\\/\",\"url\":\"https:\\\/\\\/msakademija.com\\\/wp-content\\\/uploads\\\/2021\\\/05\\\/logo_juodas_HEADERMS.png\",\"contentUrl\":\"https:\\\/\\\/msakademija.com\\\/wp-content\\\/uploads\\\/2021\\\/05\\\/logo_juodas_HEADERMS.png\",\"width\":500,\"height\":210,\"caption\":\"MS akademija\"},\"image\":{\"@id\":\"https:\\\/\\\/msakademija.com\\\/#\\\/schema\\\/logo\\\/image\\\/\"},\"sameAs\":[\"https:\\\/\\\/www.facebook.com\\\/msakademijavilnius\\\/\",\"https:\\\/\\\/www.instagram.com\\\/msakademija\\\/\"]}]}<\/script>\n<meta property=\"product:price:amount\" content=\"600.00\" \/>\n<meta property=\"product:price:currency\" content=\"EUR\" \/>\n<meta property=\"og:availability\" content=\"instock\" \/>\n<meta property=\"product:availability\" content=\"instock\" \/>\n<meta property=\"product:condition\" content=\"new\" \/>\n<!-- \/ Yoast SEO Premium plugin. -->","yoast_head_json":{"title":"\u041a\u0423\u0420\u0421\u042b \u041c\u0410\u041a\u0418\u042f\u0416\u0410 \u0414\u041b\u042f \u041f\u0420\u041e\u0424\u0415\u0421\u0421\u0418\u041e\u041d\u0410\u041b\u041e\u0412 - MS akademija","description":"\u041a\u0443\u0440\u0441\u044b \u043c\u0430\u043a\u0438\u044f\u0436\u0430 PRO \u0434\u043b\u044f \u0442\u0435\u0445, \u043a\u0442\u043e \u044d\u043a\u043e\u043d\u043e\u043c\u0438\u0442 \u0432\u0440\u0435\u043c\u044f \u0438 \u043d\u0435 \u0438\u043c\u0435\u0435\u0442 \u043e\u043f\u044b\u0442\u0430 \u0432 \u043c\u0430\u043a\u0438\u044f\u0436\u0435. \u0417\u0430\u0440\u0435\u0433\u0438\u0441\u0442\u0440\u0438\u0440\u0443\u0439\u0442\u0435\u0441\u044c \u043d\u0430 \u043a\u0443\u0440\u0441 \"\u041c\u0430\u043a\u0438\u044f\u0436\". \u0412\u044b\u0434\u0430\u043d\u043d\u044b\u0439 \u0441\u0435\u0440\u0442\u0438\u0444\u0438\u043a\u0430\u0442","robots":{"index":"index","follow":"follow","max-snippet":"max-snippet:-1","max-image-preview":"max-image-preview:large","max-video-preview":"max-video-preview:-1"},"canonical":"https:\/\/msakademija.com\/ru\/product\/\u043a\u0443\u0440\u0441-\u043c\u0430\u043a\u0438\u044f\u0436\u0430-\u0434\u043b\u044f-\u043f\u0440\u043e\u0444\u0435\u0441\u0441\u0438\u043e\u043d\u0430\u043b\u043e\u0432\/","og_locale":"ru_RU","og_type":"article","og_title":"MAKIA\u017dO KURSAI PRADEDANTIESIEMS PRO (PROFESIONAL\u016aS)","og_description":"PRO makia\u017eo kursai, skirti taupantiems laik\u0105 ir neturintiems jokios patirties viza\u017ee. Registruokis \u012f Makia\u017eo Kursus. I\u0161duodamas sertifikatas","og_url":"https:\/\/msakademija.com\/ru\/product\/\u043a\u0443\u0440\u0441-\u043c\u0430\u043a\u0438\u044f\u0436\u0430-\u0434\u043b\u044f-\u043f\u0440\u043e\u0444\u0435\u0441\u0441\u0438\u043e\u043d\u0430\u043b\u043e\u0432\/","og_site_name":"MS akademija","article_publisher":"https:\/\/www.facebook.com\/msakademijavilnius\/","article_modified_time":"2026-01-20T16:42:53+00:00","og_image":[{"width":1080,"height":1080,"url":"https:\/\/msakademija.com\/wp-content\/uploads\/2022\/11\/457327448_959044192902318_8820345810769959620_n.jpg","type":"image\/jpeg"}],"twitter_card":"summary_large_image","twitter_misc":{"\u0426\u0435\u043d\u0430":"&euro;600.00","\u0414\u043e\u0441\u0442\u0443\u043f\u043d\u043e\u0441\u0442\u044c":"\u0412 \u043d\u0430\u043b\u0438\u0447\u0438\u0438"},"schema":{"@context":"https:\/\/schema.org","@graph":[{"@type":"WebPage","@id":"https:\/\/msakademija.com\/produktas\/makiazo-kursas-pro\/","url":"https:\/\/msakademija.com\/produktas\/makiazo-kursas-pro\/","name":"\u041a\u0423\u0420\u0421\u042b \u041c\u0410\u041a\u0418\u042f\u0416\u0410 \u0414\u041b\u042f \u041f\u0420\u041e\u0424\u0415\u0421\u0421\u0418\u041e\u041d\u0410\u041b\u041e\u0412 - MS akademija","isPartOf":{"@id":"https:\/\/msakademija.com\/#website"},"primaryImageOfPage":{"@id":"https:\/\/msakademija.com\/produktas\/makiazo-kursas-pro\/#primaryimage"},"image":{"@id":"https:\/\/msakademija.com\/produktas\/makiazo-kursas-pro\/#primaryimage"},"thumbnailUrl":"https:\/\/msakademija.com\/wp-content\/uploads\/2022\/11\/457327448_959044192902318_8820345810769959620_n.jpg","datePublished":"2022-11-01T11:20:01+00:00","dateModified":"2026-01-20T16:42:53+00:00","description":"\u041a\u0443\u0440\u0441\u044b \u043c\u0430\u043a\u0438\u044f\u0436\u0430 PRO \u0434\u043b\u044f \u0442\u0435\u0445, \u043a\u0442\u043e \u044d\u043a\u043e\u043d\u043e\u043c\u0438\u0442 \u0432\u0440\u0435\u043c\u044f \u0438 \u043d\u0435 \u0438\u043c\u0435\u0435\u0442 \u043e\u043f\u044b\u0442\u0430 \u0432 \u043c\u0430\u043a\u0438\u044f\u0436\u0435. \u0417\u0430\u0440\u0435\u0433\u0438\u0441\u0442\u0440\u0438\u0440\u0443\u0439\u0442\u0435\u0441\u044c \u043d\u0430 \u043a\u0443\u0440\u0441 \"\u041c\u0430\u043a\u0438\u044f\u0436\". \u0412\u044b\u0434\u0430\u043d\u043d\u044b\u0439 \u0441\u0435\u0440\u0442\u0438\u0444\u0438\u043a\u0430\u0442","breadcrumb":{"@id":"https:\/\/msakademija.com\/produktas\/makiazo-kursas-pro\/#breadcrumb"},"inLanguage":"ru-RU","potentialAction":[{"@type":"ReadAction","target":["https:\/\/msakademija.com\/produktas\/makiazo-kursas-pro\/"]}]},{"@type":"ImageObject","inLanguage":"ru-RU","@id":"https:\/\/msakademija.com\/produktas\/makiazo-kursas-pro\/#primaryimage","url":"https:\/\/msakademija.com\/wp-content\/uploads\/2022\/11\/457327448_959044192902318_8820345810769959620_n.jpg","contentUrl":"https:\/\/msakademija.com\/wp-content\/uploads\/2022\/11\/457327448_959044192902318_8820345810769959620_n.jpg","width":1080,"height":1080,"caption":"vizazo kursai"},{"@type":"BreadcrumbList","@id":"https:\/\/msakademija.com\/produktas\/makiazo-kursas-pro\/#breadcrumb","itemListElement":[{"@type":"ListItem","position":1,"name":"Home","item":"https:\/\/msakademija.com\/"},{"@type":"ListItem","position":2,"name":"Parduotuv\u0117","item":"https:\/\/msakademija.com\/makiazo-priemoniu-parduotuve\/"},{"@type":"ListItem","position":3,"name":"MAKIA\u017dO KURSAI PRADEDANTIESIEMS PRO (PROFESIONAL\u016aS)"}]},{"@type":"WebSite","@id":"https:\/\/msakademija.com\/#website","url":"https:\/\/msakademija.com\/","name":"\u0410\u043a\u0430\u0434\u0435\u043c\u0438\u044f MS","description":"\u0410\u043a\u0430\u0434\u0435\u043c\u0438\u044f \u043c\u0430\u043a\u0438\u044f\u0436\u0430 \u0438 \u043f\u0440\u0438\u0447\u0435\u0441\u043e\u043a","publisher":{"@id":"https:\/\/msakademija.com\/#organization"},"potentialAction":[{"@type":"SearchAction","target":{"@type":"EntryPoint","urlTemplate":"https:\/\/msakademija.com\/?s={search_term_string}"},"query-input":{"@type":"PropertyValueSpecification","valueRequired":true,"valueName":"search_term_string"}}],"inLanguage":"ru-RU"},{"@type":"Organization","@id":"https:\/\/msakademija.com\/#organization","name":"\u0410\u043a\u0430\u0434\u0435\u043c\u0438\u044f MS","url":"https:\/\/msakademija.com\/","logo":{"@type":"ImageObject","inLanguage":"ru-RU","@id":"https:\/\/msakademija.com\/#\/schema\/logo\/image\/","url":"https:\/\/msakademija.com\/wp-content\/uploads\/2021\/05\/logo_juodas_HEADERMS.png","contentUrl":"https:\/\/msakademija.com\/wp-content\/uploads\/2021\/05\/logo_juodas_HEADERMS.png","width":500,"height":210,"caption":"MS akademija"},"image":{"@id":"https:\/\/msakademija.com\/#\/schema\/logo\/image\/"},"sameAs":["https:\/\/www.facebook.com\/msakademijavilnius\/","https:\/\/www.instagram.com\/msakademija\/"]}]},"product_price_amount":"600.00","product_price_currency":"EUR","og_availability":"instock","product_availability":"instock","product_condition":"new"},"jetpack_sharing_enabled":true,"_links":{"self":[{"href":"https:\/\/msakademija.com\/ru\/wp-json\/wp\/v2\/product\/8378","targetHints":{"allow":["GET"]}}],"collection":[{"href":"https:\/\/msakademija.com\/ru\/wp-json\/wp\/v2\/product"}],"about":[{"href":"https:\/\/msakademija.com\/ru\/wp-json\/wp\/v2\/types\/product"}],"replies":[{"embeddable":true,"href":"https:\/\/msakademija.com\/ru\/wp-json\/wp\/v2\/comments?post=8378"}],"wp:featuredmedia":[{"embeddable":true,"href":"https:\/\/msakademija.com\/ru\/wp-json\/wp\/v2\/media\/10429"}],"wp:attachment":[{"href":"https:\/\/msakademija.com\/ru\/wp-json\/wp\/v2\/media?parent=8378"}],"wp:term":[{"taxonomy":"product_brand","embeddable":true,"href":"https:\/\/msakademija.com\/ru\/wp-json\/wp\/v2\/product_brand?post=8378"},{"taxonomy":"product_cat","embeddable":true,"href":"https:\/\/msakademija.com\/ru\/wp-json\/wp\/v2\/product_cat?post=8378"},{"taxonomy":"product_tag","embeddable":true,"href":"https:\/\/msakademija.com\/ru\/wp-json\/wp\/v2\/product_tag?post=8378"}],"curies":[{"name":"wp","href":"https:\/\/api.w.org\/{rel}","templated":true}]}}