{"id":9849,"date":"2024-04-04T00:40:46","date_gmt":"2024-04-03T21:40:46","guid":{"rendered":"https:\/\/msakademija.com\/?post_type=product&#038;p=9849"},"modified":"2026-03-14T21:02:11","modified_gmt":"2026-03-14T19:02:11","slug":"revlon-professional-style-masters-photo-finisher-3-%d0%bb%d0%b0%d0%ba-%d0%b4%d0%bb%d1%8f-%d0%b2%d0%be%d0%bb%d0%be%d1%81-%d1%81%d0%b8%d0%bb%d1%8c%d0%bd%d0%be%d0%b9-%d1%84%d0%b8%d0%ba%d1%81%d0%b0%d1%86","status":"publish","type":"product","link":"https:\/\/msakademija.com\/ru\/produktas\/revlon-professional-style-masters-photo-finisher-3-stiprios-fiksacijos-plauku-lakas\/","title":{"rendered":"Revlon Professional Style Masters Photo Finisher 3 \u043b\u0430\u043a \u0434\u043b\u044f \u0432\u043e\u043b\u043e\u0441 \u0441\u0438\u043b\u044c\u043d\u043e\u0439 \u0444\u0438\u043a\u0441\u0430\u0446\u0438\u0438"},"content":{"rendered":"<div id=\"rewrite-result\" class=\"styles_rewriteResult__Nej81\">\n<div class=\"styles_resultArea__Y7sp9 styles_outputBackground__TJhLY\"><span class=\"\">Revlon Professional Style Masters Photo Finisher 3 <\/span><\/div>\n<div><\/div>\n<div class=\"styles_resultArea__Y7sp9 styles_outputBackground__TJhLY\"><span class=\"\">\u041b\u0430\u043a \u043d\u0430\u0434\u0435\u0436\u043d\u043e \u0444\u0438\u043a\u0441\u0438\u0440\u0443\u0435\u0442 \u0432\u043e\u043b\u043e\u0441\u044b, \u043d\u0435 \u0434\u0435\u043b\u0430\u044f \u0438\u0445 \u043b\u0438\u043f\u043a\u0438\u043c\u0438 \u0438 \u043d\u0435 \u0443\u0442\u044f\u0436\u0435\u043b\u044f\u044f. <\/span><\/div>\n<div><\/div>\n<div class=\"styles_resultArea__Y7sp9 styles_outputBackground__TJhLY\"><span class=\"\">\u041f\u0440\u043e\u0444\u0435\u0441\u0441\u0438\u043e\u043d\u0430\u043b\u044c\u043d\u044b\u0435 \u043c\u0430\u0441\u0442\u0435\u0440\u0430 \u0441\u0442\u0438\u043b\u044f Revlon \u0411\u043b\u0430\u0433\u043e\u0434\u0430\u0440\u044f \u0443\u043d\u0438\u043a\u0430\u043b\u044c\u043d\u043e\u0439 \u043a\u043e\u043d\u0441\u0442\u0440\u0443\u043a\u0446\u0438\u0438, \u043e\u0441\u043d\u043e\u0432\u0430\u043d\u043d\u043e\u0439 \u043d\u0430 \u043f\u0435\u0440\u0435\u0434\u043e\u0432\u044b\u0445 \u0442\u0435\u0445\u043d\u043e\u043b\u043e\u0433\u0438\u044f\u0445, \u044d\u0442\u043e\u0442 \u043f\u0440\u0438\u0431\u043e\u0440 \u043f\u043e\u0437\u0432\u043e\u043b\u044f\u0435\u0442 \u0431\u0435\u0437 \u043e\u0441\u043e\u0431\u044b\u0445 \u0443\u0441\u0438\u043b\u0438\u0439 \u0441\u043e\u0437\u0434\u0430\u0432\u0430\u0442\u044c \u0441\u043c\u0435\u043b\u044b\u0435 \u0438 \u0436\u0438\u0432\u043e\u043f\u0438\u0441\u043d\u044b\u0435 \u043f\u0440\u0438\u0447\u0435\u0441\u043a\u0438. <\/span><\/div>\n<div class=\"styles_resultArea__Y7sp9 styles_outputBackground__TJhLY\"><span class=\"\">\u0421\u043f\u0440\u0435\u0439 \u043e\u0441\u043d\u0430\u0449\u0435\u043d \u0434\u043e\u0437\u0430\u0442\u043e\u0440\u043e\u043c, \u043a\u043e\u0442\u043e\u0440\u044b\u0439 \u0440\u0430\u0441\u043f\u044b\u043b\u044f\u0435\u0442 \u043b\u0430\u043a \u0434\u043b\u044f \u0432\u043e\u043b\u043e\u0441 \u043f\u043e \u0441\u043f\u0435\u0446\u0438\u0430\u043b\u044c\u043d\u043e\u043c\u0443 \u043f\u0440\u0438\u043d\u0446\u0438\u043f\u0443. <\/span><\/div>\n<div class=\"styles_resultArea__Y7sp9 styles_outputBackground__TJhLY\"><span class=\"\">\u041e\u0431\u0440\u0430\u0437\u043e\u0432\u0430\u0432\u0448\u0430\u044f\u0441\u044f \u0434\u044b\u043c\u043a\u0430 \u043e\u0431\u0435\u0441\u043f\u0435\u0447\u0438\u0432\u0430\u0435\u0442 \u0438\u0434\u0435\u0430\u043b\u044c\u043d\u043e\u0435 \u0440\u0430\u0441\u043f\u0440\u0435\u0434\u0435\u043b\u0435\u043d\u0438\u0435 \u043b\u0430\u043a\u0430 \u0434\u043b\u044f \u0432\u043e\u043b\u043e\u0441 Revlon Style Masters Photo Finisher 3, \u043f\u0440\u0435\u0434\u043e\u0442\u0432\u0440\u0430\u0449\u0430\u044f \u043f\u043e\u044f\u0432\u043b\u0435\u043d\u0438\u0435 \u0438\u0437\u043b\u0438\u0448\u043a\u043e\u0432 \u043f\u0440\u043e\u0434\u0443\u043a\u0442\u0430 \u0438 \u043e\u0431\u0435\u0441\u043f\u0435\u0447\u0438\u0432\u0430\u044f \u0442\u043e\u0447\u043d\u044b\u0439 \u0440\u0435\u0437\u0443\u043b\u044c\u0442\u0430\u0442. \u041b\u0430\u043a \u0434\u043b\u044f \u0432\u043e\u043b\u043e\u0441 Revlon \u043e\u0431\u043b\u0430\u0434\u0430\u0435\u0442 \u0443\u0434\u0438\u0432\u0438\u0442\u0435\u043b\u044c\u043d\u043e\u0439 \u0441\u043f\u043e\u0441\u043e\u0431\u043d\u043e\u0441\u0442\u044c\u044e \u0431\u044b\u0441\u0442\u0440\u043e \u0432\u044b\u0441\u044b\u0445\u0430\u0442\u044c, \u0447\u0442\u043e \u0434\u0435\u043b\u0430\u0435\u0442 \u0435\u0433\u043e \u043d\u0435\u043e\u0446\u0435\u043d\u0438\u043c\u044b\u043c \u043f\u043e\u043c\u043e\u0449\u043d\u0438\u043a\u043e\u043c \u0434\u043b\u044f \u043b\u0435\u0433\u043a\u043e\u0439 \u0438 \u0442\u043e\u0447\u043d\u043e\u0439 \u0444\u0438\u043a\u0441\u0430\u0446\u0438\u0438 \u043b\u044e\u0431\u043e\u0439 \u0436\u0435\u043b\u0430\u0435\u043c\u043e\u0439 \u043f\u0440\u0438\u0447\u0435\u0441\u043a\u0438. <\/span><\/div>\n<div class=\"styles_resultArea__Y7sp9 styles_outputBackground__TJhLY\"><span class=\"\">\u042d\u0442\u043e \u0438\u0441\u043a\u043b\u044e\u0447\u0438\u0442\u0435\u043b\u044c\u043d\u043e\u0435 \u043a\u0430\u0447\u0435\u0441\u0442\u0432\u043e \u0434\u0435\u043b\u0430\u0435\u0442 \u0435\u0433\u043e \u043d\u0435\u0437\u0430\u043c\u0435\u043d\u0438\u043c\u044b\u043c \u0438\u043d\u0441\u0442\u0440\u0443\u043c\u0435\u043d\u0442\u043e\u043c \u043a\u0430\u043a \u0434\u043b\u044f \u0441\u043e\u0437\u0434\u0430\u043d\u0438\u044f \u043f\u043e\u0432\u0441\u0435\u0434\u043d\u0435\u0432\u043d\u044b\u0445 \u043e\u0431\u0440\u0430\u0437\u043e\u0432, \u0442\u0430\u043a \u0438 \u0434\u043b\u044f \u0441\u043e\u0437\u0434\u0430\u043d\u0438\u044f \u0443\u043d\u0438\u043a\u0430\u043b\u044c\u043d\u044b\u0445 \u0438 \u044d\u043a\u0441\u043a\u043b\u044e\u0437\u0438\u0432\u043d\u044b\u0445 \u043f\u0440\u0438\u0447\u0435\u0441\u043e\u043a. <\/span><\/div>\n<div class=\"styles_resultArea__Y7sp9 styles_outputBackground__TJhLY\"><span class=\"\">\u0420\u0430\u0437\u0440\u0430\u0431\u043e\u0442\u0430\u043d\u043d\u044b\u0439 \u0441 \u0443\u0447\u0435\u0442\u043e\u043c \u0443\u043d\u0438\u043a\u0430\u043b\u044c\u043d\u044b\u0445 \u043f\u043e\u0442\u0440\u0435\u0431\u043d\u043e\u0441\u0442\u0435\u0439 \u043a\u0430\u0436\u0434\u043e\u0433\u043e \u043a\u043b\u0438\u0435\u043d\u0442\u0430, \u044d\u0442\u043e\u0442 \u043b\u0430\u043a \u0434\u043b\u044f \u0432\u043e\u043b\u043e\u0441 Revlon \u043e\u0431\u0435\u0441\u043f\u0435\u0447\u0438\u0432\u0430\u0435\u0442 \u0434\u043b\u0438\u0442\u0435\u043b\u044c\u043d\u0443\u044e \u0444\u0438\u043a\u0441\u0430\u0446\u0438\u044e, \u0441\u043e\u0445\u0440\u0430\u043d\u044f\u044f \u0436\u0435\u043b\u0430\u0435\u043c\u044b\u0439 \u0441\u0442\u0438\u043b\u044c \u043e\u0442 \u0440\u0430\u0441\u0441\u0432\u0435\u0442\u0430 \u0434\u043e \u0437\u0430\u043a\u0430\u0442\u0430. \u0411\u0443\u0434\u044c\u0442\u0435 \u0443\u0432\u0435\u0440\u0435\u043d\u044b, \u0447\u0442\u043e \u043f\u0440\u0438 \u043d\u0435\u043e\u0431\u0445\u043e\u0434\u0438\u043c\u043e\u0441\u0442\u0438 \u044d\u0442\u043e\u0442 \u043f\u0440\u043e\u0434\u0443\u043a\u0442 \u043c\u043e\u0436\u043d\u043e \u043b\u0435\u0433\u043a\u043e \u0443\u0434\u0430\u043b\u0438\u0442\u044c.<\/span><\/div>\n<\/div>\n<div>\n<p><span lang=\"lt\" xml:lang=\"lt\">\u041a\u043b\u044e\u0447\u0435\u0432\u044b\u0435 \u043e\u0441\u043e\u0431\u0435\u043d\u043d\u043e\u0441\u0442\u0438 \u043f\u0440\u043e\u0434\u0443\u043a\u0442\u0430:<\/span><\/p>\n<ul>\n<li><span lang=\"lt\" xml:lang=\"lt\">\u043e\u0431\u0435\u0441\u043f\u0435\u0447\u0438\u0432\u0430\u0435\u0442 \u043f\u0440\u043e\u0447\u043d\u0443\u044e \u0444\u0438\u043a\u0441\u0430\u0446\u0438\u044e;<\/span><\/li>\n<li><span lang=\"lt\" xml:lang=\"lt\">\u0420\u0430\u0432\u043d\u043e\u043c\u0435\u0440\u043d\u043e \u0440\u0430\u0441\u043f\u0440\u0435\u0434\u0435\u043b\u044f\u0435\u0442\u0441\u044f \u043f\u043e \u0432\u043e\u043b\u043e\u0441\u0430\u043c;<\/span><\/li>\n<li><span lang=\"lt\" xml:lang=\"lt\">\u043e\u0431\u043b\u0430\u0434\u0430\u0435\u0442 \u0431\u044b\u0441\u0442\u0440\u043e\u0441\u043e\u0445\u043d\u0443\u0449\u0435\u0439 \u0444\u043e\u0440\u043c\u0443\u043b\u043e\u0439;<\/span><\/li>\n<li><span lang=\"lt\" xml:lang=\"lt\">\u0421\u043e\u0437\u0434\u0430\u043d\u043d\u043e\u0435 \u0438\u0437\u043e\u0431\u0440\u0430\u0436\u0435\u043d\u0438\u0435 \u0434\u0435\u0440\u0436\u0438\u0442\u0441\u044f \u0434\u043e 24 \u0447\u0430\u0441\u043e\u0432;<\/span><\/li>\n<li><span lang=\"lt\" xml:lang=\"lt\">\u041d\u0435 \u043e\u0441\u0442\u0430\u0432\u043b\u044f\u0435\u0442 \u0441\u043b\u0435\u0434\u043e\u0432 \u043d\u0430 \u043f\u043e\u0432\u0435\u0440\u0445\u043d\u043e\u0441\u0442\u0438 \u0432\u043e\u043b\u043e\u0441;<\/span><\/li>\n<li><span lang=\"lt\" xml:lang=\"lt\">\u043d\u0435 \u0443\u0442\u044f\u0436\u0435\u043b\u044f\u0435\u0442 \u0438 \u043d\u0435 \u0443\u0442\u044f\u0436\u0435\u043b\u044f\u0435\u0442 \u0432\u043e\u043b\u043e\u0441\u044b;<\/span><\/li>\n<li><span lang=\"lt\" xml:lang=\"lt\">\u0437\u0430\u0449\u0438\u0449\u0430\u0435\u0442 \u0432\u043e\u043b\u043e\u0441\u044b \u043e\u0442 \u0432\u043e\u0437\u0434\u0435\u0439\u0441\u0442\u0432\u0438\u044f \u0432\u043b\u0430\u0433\u0438.<\/span><\/li>\n<\/ul>\n<p><strong><span lang=\"lt\" xml:lang=\"lt\">Revlon Professional Style Masters Photo Finisher 3<\/span><\/strong><span lang=\"lt\" xml:lang=\"lt\">\u00a0\u041b\u0430\u043a \u0434\u043b\u044f \u0432\u043e\u043b\u043e\u0441 \u0432\u043e\u043f\u043b\u043e\u0449\u0430\u0435\u0442 \u0432 \u0436\u0438\u0437\u043d\u044c \u0434\u0430\u0436\u0435 \u0441\u0430\u043c\u044b\u0435 \u0441\u043c\u0435\u043b\u044b\u0435 \u0438\u0434\u0435\u0438. \u0421 \u0435\u0433\u043e \u043f\u043e\u043c\u043e\u0449\u044c\u044e \u043b\u0435\u0433\u043a\u043e \u0434\u043e\u0431\u0438\u0442\u044c\u0441\u044f \u0436\u0435\u043b\u0430\u0435\u043c\u043e\u0433\u043e \u0440\u0435\u0437\u0443\u043b\u044c\u0442\u0430\u0442\u0430 \u0434\u043b\u044f \u0442\u043e\u043d\u043a\u0438\u0445, \u0433\u0443\u0441\u0442\u044b\u0445 \u0438\u043b\u0438 \u043f\u043b\u043e\u0442\u043d\u044b\u0445 \u0432\u043e\u043b\u043e\u0441.<\/span><\/p>\n<p><span lang=\"lt\" xml:lang=\"lt\">\u0414\u0438\u0437\u0430\u0439\u043d \u043c\u043e\u0436\u0435\u0442 \u043e\u0442\u043b\u0438\u0447\u0430\u0442\u044c\u0441\u044f \u043e\u0442 \u043f\u0440\u0435\u0434\u0441\u0442\u0430\u0432\u043b\u0435\u043d\u043d\u043e\u0433\u043e \u043d\u0430 \u0444\u043e\u0442\u043e.<\/span><\/p>\n<p><span lang=\"lt\" xml:lang=\"lt\">\u0421\u043f\u043e\u0441\u043e\u0431 \u043f\u0440\u0438\u043c\u0435\u043d\u0435\u043d\u0438\u044f: \u0440\u0430\u0441\u043f\u044b\u043b\u0438\u0442\u0435 \u0441\u043f\u0440\u0435\u0439 \u043d\u0430 \u0440\u0430\u0441\u0441\u0442\u043e\u044f\u043d\u0438\u0438 25-30 \u0441\u043c \u043e\u0442 \u043f\u0440\u0438\u0447\u0435\u0441\u043a\u0438 \u0438 \u0434\u0430\u0439\u0442\u0435 \u0432\u044b\u0441\u043e\u0445\u043d\u0443\u0442\u044c.<\/span><\/p>\n<\/div>\n<div class=\"styles_container__EnKbP undefined\"><\/div>","protected":false},"excerpt":{"rendered":"<p>Revlon Professional Style Masters Photo Finisher 3 Plauk\u0173 lakas tvirtai sukimba su plaukais, nesukeldamas lipnumo ir neapsunkindamas j\u0173. Revlon professional style masters d\u0117l savo unikalaus dizaino, pagr\u012fsto pa\u017eangiomis technologijomis, \u0161is prietaisas suteikia galimyb\u0119 be vargo susikurti dr\u0105sias ir vaizdingas \u0161ukuosenas. Specialiu principu veikiantis produkto pur\u0161kiklis turi dozatori\u0173, kuris i\u0161sklaido plauk\u0173 lak\u0105. Susidariusi dulksna u\u017etikrina ideal\u0173 [&#8230;]\n","protected":false},"featured_media":9850,"comment_status":"open","ping_status":"closed","template":"","meta":[],"product_brand":[],"product_cat":[17,16],"product_tag":[143,144,142,145],"class_list":{"0":"post-9849","1":"product","2":"type-product","3":"status-publish","4":"has-post-thumbnail","6":"product_cat-plauku-formavimo-priemones","7":"product_cat-plauku-prieziuros-ir-formavimo-priemones","8":"product_tag-lakas","9":"product_tag-plaukams","10":"product_tag-plauku-lakas","11":"product_tag-sukuosenoms","13":"first","14":"instock","15":"sale","16":"shipping-taxable","17":"purchasable","18":"product-type-simple"},"yoast_head":"<!-- This site is optimized with the Yoast SEO Premium plugin v27.5 (Yoast SEO v27.5) - https:\/\/yoast.com\/product\/yoast-seo-premium-wordpress\/ -->\n<title>Revlon Professional Style Masters Photo Finisher 3 stiprios fiksacijos plauk\u0173 lakas - MS akademija<\/title>\n<meta name=\"description\" content=\"Revlon Professional Style Masters Photo Finisher 3 plauk\u0173 lakas tvirtai sukimba su plaukais, nesukeldamas lipnumo ir neapsunkindamas j\u0173.\" \/>\n<meta name=\"robots\" content=\"index, follow, max-snippet:-1, max-image-preview:large, max-video-preview:-1\" \/>\n<link rel=\"canonical\" href=\"https:\/\/msakademija.com\/ru\/product\/revlon-professional-style-masters-photo-finisher-3-\u043b\u0430\u043a-\u0434\u043b\u044f-\u0432\u043e\u043b\u043e\u0441-\u0441\u0438\u043b\u044c\u043d\u043e\u0439-\u0444\u0438\u043a\u0441\u0430\u0446\/\" \/>\n<meta property=\"og:locale\" content=\"ru_RU\" \/>\n<meta property=\"og:type\" content=\"article\" \/>\n<meta property=\"og:title\" content=\"Revlon Professional Style Masters Photo Finisher 3 stiprios fiksacijos plauk\u0173 lakas\" \/>\n<meta property=\"og:description\" content=\"Revlon Professional Style Masters Photo Finisher 3 plauk\u0173 lakas tvirtai sukimba su plaukais, nesukeldamas lipnumo ir neapsunkindamas j\u0173.\" \/>\n<meta property=\"og:url\" content=\"https:\/\/msakademija.com\/ru\/product\/revlon-professional-style-masters-photo-finisher-3-\u043b\u0430\u043a-\u0434\u043b\u044f-\u0432\u043e\u043b\u043e\u0441-\u0441\u0438\u043b\u044c\u043d\u043e\u0439-\u0444\u0438\u043a\u0441\u0430\u0446\/\" \/>\n<meta property=\"og:site_name\" content=\"MS akademija\" \/>\n<meta property=\"article:publisher\" content=\"https:\/\/www.facebook.com\/msakademijavilnius\/\" \/>\n<meta property=\"article:modified_time\" content=\"2026-03-14T19:02:11+00:00\" \/>\n<meta property=\"og:image\" content=\"https:\/\/msakademija.com\/wp-content\/uploads\/2024\/04\/revlon-professional-style-masters-photo-finisher-3-stiprios-fiksacijos-plauku-lakas.jpg\" \/>\n\t<meta property=\"og:image:width\" content=\"800\" \/>\n\t<meta property=\"og:image:height\" content=\"800\" \/>\n\t<meta property=\"og:image:type\" content=\"image\/jpeg\" \/>\n<meta name=\"twitter:card\" content=\"summary_large_image\" \/>\n<meta name=\"twitter:label1\" content=\"\u0426\u0435\u043d\u0430\" \/>\n\t<meta name=\"twitter:data1\" content=\"&euro;15.00\" \/>\n\t<meta name=\"twitter:label2\" content=\"\u0414\u043e\u0441\u0442\u0443\u043f\u043d\u043e\u0441\u0442\u044c\" \/>\n\t<meta name=\"twitter:data2\" content=\"\u0412 \u043d\u0430\u043b\u0438\u0447\u0438\u0438\" \/>\n<script type=\"application\/ld+json\" class=\"yoast-schema-graph\">{\"@context\":\"https:\\\/\\\/schema.org\",\"@graph\":[{\"@type\":\"WebPage\",\"@id\":\"https:\\\/\\\/msakademija.com\\\/produktas\\\/revlon-professional-style-masters-photo-finisher-3-stiprios-fiksacijos-plauku-lakas\\\/\",\"url\":\"https:\\\/\\\/msakademija.com\\\/produktas\\\/revlon-professional-style-masters-photo-finisher-3-stiprios-fiksacijos-plauku-lakas\\\/\",\"name\":\"Revlon Professional Style Masters Photo Finisher 3 stiprios fiksacijos plauk\u0173 lakas - MS akademija\",\"isPartOf\":{\"@id\":\"https:\\\/\\\/msakademija.com\\\/#website\"},\"primaryImageOfPage\":{\"@id\":\"https:\\\/\\\/msakademija.com\\\/produktas\\\/revlon-professional-style-masters-photo-finisher-3-stiprios-fiksacijos-plauku-lakas\\\/#primaryimage\"},\"image\":{\"@id\":\"https:\\\/\\\/msakademija.com\\\/produktas\\\/revlon-professional-style-masters-photo-finisher-3-stiprios-fiksacijos-plauku-lakas\\\/#primaryimage\"},\"thumbnailUrl\":\"https:\\\/\\\/msakademija.com\\\/wp-content\\\/uploads\\\/2024\\\/04\\\/revlon-professional-style-masters-photo-finisher-3-stiprios-fiksacijos-plauku-lakas.jpg\",\"datePublished\":\"2024-04-03T21:40:46+00:00\",\"dateModified\":\"2026-03-14T19:02:11+00:00\",\"description\":\"Revlon Professional Style Masters Photo Finisher 3 plauk\u0173 lakas tvirtai sukimba su plaukais, nesukeldamas lipnumo ir neapsunkindamas j\u0173.\",\"breadcrumb\":{\"@id\":\"https:\\\/\\\/msakademija.com\\\/produktas\\\/revlon-professional-style-masters-photo-finisher-3-stiprios-fiksacijos-plauku-lakas\\\/#breadcrumb\"},\"inLanguage\":\"ru-RU\",\"potentialAction\":[{\"@type\":\"ReadAction\",\"target\":[\"https:\\\/\\\/msakademija.com\\\/produktas\\\/revlon-professional-style-masters-photo-finisher-3-stiprios-fiksacijos-plauku-lakas\\\/\"]}]},{\"@type\":\"ImageObject\",\"inLanguage\":\"ru-RU\",\"@id\":\"https:\\\/\\\/msakademija.com\\\/produktas\\\/revlon-professional-style-masters-photo-finisher-3-stiprios-fiksacijos-plauku-lakas\\\/#primaryimage\",\"url\":\"https:\\\/\\\/msakademija.com\\\/wp-content\\\/uploads\\\/2024\\\/04\\\/revlon-professional-style-masters-photo-finisher-3-stiprios-fiksacijos-plauku-lakas.jpg\",\"contentUrl\":\"https:\\\/\\\/msakademija.com\\\/wp-content\\\/uploads\\\/2024\\\/04\\\/revlon-professional-style-masters-photo-finisher-3-stiprios-fiksacijos-plauku-lakas.jpg\",\"width\":800,\"height\":800,\"caption\":\"plauku lakas\"},{\"@type\":\"BreadcrumbList\",\"@id\":\"https:\\\/\\\/msakademija.com\\\/produktas\\\/revlon-professional-style-masters-photo-finisher-3-stiprios-fiksacijos-plauku-lakas\\\/#breadcrumb\",\"itemListElement\":[{\"@type\":\"ListItem\",\"position\":1,\"name\":\"Home\",\"item\":\"https:\\\/\\\/msakademija.com\\\/\"},{\"@type\":\"ListItem\",\"position\":2,\"name\":\"Parduotuv\u0117\",\"item\":\"https:\\\/\\\/msakademija.com\\\/makiazo-priemoniu-parduotuve\\\/\"},{\"@type\":\"ListItem\",\"position\":3,\"name\":\"Revlon Professional Style Masters Photo Finisher 3 stiprios fiksacijos plauk\u0173 lakas\"}]},{\"@type\":\"WebSite\",\"@id\":\"https:\\\/\\\/msakademija.com\\\/#website\",\"url\":\"https:\\\/\\\/msakademija.com\\\/\",\"name\":\"MS akademija\",\"description\":\"Makia\u017eo ir \u0161ukuosenos akademija\",\"publisher\":{\"@id\":\"https:\\\/\\\/msakademija.com\\\/#organization\"},\"potentialAction\":[{\"@type\":\"SearchAction\",\"target\":{\"@type\":\"EntryPoint\",\"urlTemplate\":\"https:\\\/\\\/msakademija.com\\\/?s={search_term_string}\"},\"query-input\":{\"@type\":\"PropertyValueSpecification\",\"valueRequired\":true,\"valueName\":\"search_term_string\"}}],\"inLanguage\":\"ru-RU\"},{\"@type\":\"Organization\",\"@id\":\"https:\\\/\\\/msakademija.com\\\/#organization\",\"name\":\"MS akademija\",\"url\":\"https:\\\/\\\/msakademija.com\\\/\",\"logo\":{\"@type\":\"ImageObject\",\"inLanguage\":\"ru-RU\",\"@id\":\"https:\\\/\\\/msakademija.com\\\/#\\\/schema\\\/logo\\\/image\\\/\",\"url\":\"https:\\\/\\\/msakademija.com\\\/wp-content\\\/uploads\\\/2021\\\/05\\\/logo_juodas_HEADERMS.png\",\"contentUrl\":\"https:\\\/\\\/msakademija.com\\\/wp-content\\\/uploads\\\/2021\\\/05\\\/logo_juodas_HEADERMS.png\",\"width\":500,\"height\":210,\"caption\":\"MS akademija\"},\"image\":{\"@id\":\"https:\\\/\\\/msakademija.com\\\/#\\\/schema\\\/logo\\\/image\\\/\"},\"sameAs\":[\"https:\\\/\\\/www.facebook.com\\\/msakademijavilnius\\\/\",\"https:\\\/\\\/www.instagram.com\\\/msakademija\\\/\"]}]}<\/script>\n<meta property=\"product:brand\" content=\"Revlon\" \/>\n<meta property=\"product:price:amount\" content=\"15.00\" \/>\n<meta property=\"product:price:currency\" content=\"EUR\" \/>\n<meta property=\"og:availability\" content=\"instock\" \/>\n<meta property=\"product:availability\" content=\"instock\" \/>\n<meta property=\"product:condition\" content=\"new\" \/>\n<!-- \/ Yoast SEO Premium plugin. -->","yoast_head_json":{"title":"Revlon Professional Style Masters Photo Finisher 3 \u043b\u0430\u043a \u0434\u043b\u044f \u0432\u043e\u043b\u043e\u0441 \u0441\u0438\u043b\u044c\u043d\u043e\u0439 \u0444\u0438\u043a\u0441\u0430\u0446\u0438\u0438 - MS Academy","description":"\u041b\u0430\u043a \u0434\u043b\u044f \u0432\u043e\u043b\u043e\u0441 Revlon Professional Style Masters Photo Finisher 3 \u043d\u0430\u0434\u0435\u0436\u043d\u043e \u0444\u0438\u043a\u0441\u0438\u0440\u0443\u0435\u0442 \u0432\u043e\u043b\u043e\u0441\u044b, \u043d\u0435 \u0434\u0435\u043b\u0430\u044f \u0438\u0445 \u043b\u0438\u043f\u043a\u0438\u043c\u0438 \u0438 \u043d\u0435 \u0443\u0442\u044f\u0436\u0435\u043b\u044f\u044f.","robots":{"index":"index","follow":"follow","max-snippet":"max-snippet:-1","max-image-preview":"max-image-preview:large","max-video-preview":"max-video-preview:-1"},"canonical":"https:\/\/msakademija.com\/ru\/product\/revlon-professional-style-masters-photo-finisher-3-\u043b\u0430\u043a-\u0434\u043b\u044f-\u0432\u043e\u043b\u043e\u0441-\u0441\u0438\u043b\u044c\u043d\u043e\u0439-\u0444\u0438\u043a\u0441\u0430\u0446\/","og_locale":"ru_RU","og_type":"article","og_title":"Revlon Professional Style Masters Photo Finisher 3 stiprios fiksacijos plauk\u0173 lakas","og_description":"Revlon Professional Style Masters Photo Finisher 3 plauk\u0173 lakas tvirtai sukimba su plaukais, nesukeldamas lipnumo ir neapsunkindamas j\u0173.","og_url":"https:\/\/msakademija.com\/ru\/product\/revlon-professional-style-masters-photo-finisher-3-\u043b\u0430\u043a-\u0434\u043b\u044f-\u0432\u043e\u043b\u043e\u0441-\u0441\u0438\u043b\u044c\u043d\u043e\u0439-\u0444\u0438\u043a\u0441\u0430\u0446\/","og_site_name":"MS akademija","article_publisher":"https:\/\/www.facebook.com\/msakademijavilnius\/","article_modified_time":"2026-03-14T19:02:11+00:00","og_image":[{"width":800,"height":800,"url":"https:\/\/msakademija.com\/wp-content\/uploads\/2024\/04\/revlon-professional-style-masters-photo-finisher-3-stiprios-fiksacijos-plauku-lakas.jpg","type":"image\/jpeg"}],"twitter_card":"summary_large_image","twitter_misc":{"\u0426\u0435\u043d\u0430":"&euro;15.00","\u0414\u043e\u0441\u0442\u0443\u043f\u043d\u043e\u0441\u0442\u044c":"\u0412 \u043d\u0430\u043b\u0438\u0447\u0438\u0438"},"schema":{"@context":"https:\/\/schema.org","@graph":[{"@type":"WebPage","@id":"https:\/\/msakademija.com\/produktas\/revlon-professional-style-masters-photo-finisher-3-stiprios-fiksacijos-plauku-lakas\/","url":"https:\/\/msakademija.com\/produktas\/revlon-professional-style-masters-photo-finisher-3-stiprios-fiksacijos-plauku-lakas\/","name":"Revlon Professional Style Masters Photo Finisher 3 \u043b\u0430\u043a \u0434\u043b\u044f \u0432\u043e\u043b\u043e\u0441 \u0441\u0438\u043b\u044c\u043d\u043e\u0439 \u0444\u0438\u043a\u0441\u0430\u0446\u0438\u0438 - MS Academy","isPartOf":{"@id":"https:\/\/msakademija.com\/#website"},"primaryImageOfPage":{"@id":"https:\/\/msakademija.com\/produktas\/revlon-professional-style-masters-photo-finisher-3-stiprios-fiksacijos-plauku-lakas\/#primaryimage"},"image":{"@id":"https:\/\/msakademija.com\/produktas\/revlon-professional-style-masters-photo-finisher-3-stiprios-fiksacijos-plauku-lakas\/#primaryimage"},"thumbnailUrl":"https:\/\/msakademija.com\/wp-content\/uploads\/2024\/04\/revlon-professional-style-masters-photo-finisher-3-stiprios-fiksacijos-plauku-lakas.jpg","datePublished":"2024-04-03T21:40:46+00:00","dateModified":"2026-03-14T19:02:11+00:00","description":"\u041b\u0430\u043a \u0434\u043b\u044f \u0432\u043e\u043b\u043e\u0441 Revlon Professional Style Masters Photo Finisher 3 \u043d\u0430\u0434\u0435\u0436\u043d\u043e \u0444\u0438\u043a\u0441\u0438\u0440\u0443\u0435\u0442 \u0432\u043e\u043b\u043e\u0441\u044b, \u043d\u0435 \u0434\u0435\u043b\u0430\u044f \u0438\u0445 \u043b\u0438\u043f\u043a\u0438\u043c\u0438 \u0438 \u043d\u0435 \u0443\u0442\u044f\u0436\u0435\u043b\u044f\u044f.","breadcrumb":{"@id":"https:\/\/msakademija.com\/produktas\/revlon-professional-style-masters-photo-finisher-3-stiprios-fiksacijos-plauku-lakas\/#breadcrumb"},"inLanguage":"ru-RU","potentialAction":[{"@type":"ReadAction","target":["https:\/\/msakademija.com\/produktas\/revlon-professional-style-masters-photo-finisher-3-stiprios-fiksacijos-plauku-lakas\/"]}]},{"@type":"ImageObject","inLanguage":"ru-RU","@id":"https:\/\/msakademija.com\/produktas\/revlon-professional-style-masters-photo-finisher-3-stiprios-fiksacijos-plauku-lakas\/#primaryimage","url":"https:\/\/msakademija.com\/wp-content\/uploads\/2024\/04\/revlon-professional-style-masters-photo-finisher-3-stiprios-fiksacijos-plauku-lakas.jpg","contentUrl":"https:\/\/msakademija.com\/wp-content\/uploads\/2024\/04\/revlon-professional-style-masters-photo-finisher-3-stiprios-fiksacijos-plauku-lakas.jpg","width":800,"height":800,"caption":"plauku lakas"},{"@type":"BreadcrumbList","@id":"https:\/\/msakademija.com\/produktas\/revlon-professional-style-masters-photo-finisher-3-stiprios-fiksacijos-plauku-lakas\/#breadcrumb","itemListElement":[{"@type":"ListItem","position":1,"name":"Home","item":"https:\/\/msakademija.com\/"},{"@type":"ListItem","position":2,"name":"Parduotuv\u0117","item":"https:\/\/msakademija.com\/makiazo-priemoniu-parduotuve\/"},{"@type":"ListItem","position":3,"name":"Revlon Professional Style Masters Photo Finisher 3 stiprios fiksacijos plauk\u0173 lakas"}]},{"@type":"WebSite","@id":"https:\/\/msakademija.com\/#website","url":"https:\/\/msakademija.com\/","name":"\u0410\u043a\u0430\u0434\u0435\u043c\u0438\u044f MS","description":"\u0410\u043a\u0430\u0434\u0435\u043c\u0438\u044f \u043c\u0430\u043a\u0438\u044f\u0436\u0430 \u0438 \u043f\u0440\u0438\u0447\u0435\u0441\u043e\u043a","publisher":{"@id":"https:\/\/msakademija.com\/#organization"},"potentialAction":[{"@type":"SearchAction","target":{"@type":"EntryPoint","urlTemplate":"https:\/\/msakademija.com\/?s={search_term_string}"},"query-input":{"@type":"PropertyValueSpecification","valueRequired":true,"valueName":"search_term_string"}}],"inLanguage":"ru-RU"},{"@type":"Organization","@id":"https:\/\/msakademija.com\/#organization","name":"\u0410\u043a\u0430\u0434\u0435\u043c\u0438\u044f MS","url":"https:\/\/msakademija.com\/","logo":{"@type":"ImageObject","inLanguage":"ru-RU","@id":"https:\/\/msakademija.com\/#\/schema\/logo\/image\/","url":"https:\/\/msakademija.com\/wp-content\/uploads\/2021\/05\/logo_juodas_HEADERMS.png","contentUrl":"https:\/\/msakademija.com\/wp-content\/uploads\/2021\/05\/logo_juodas_HEADERMS.png","width":500,"height":210,"caption":"MS akademija"},"image":{"@id":"https:\/\/msakademija.com\/#\/schema\/logo\/image\/"},"sameAs":["https:\/\/www.facebook.com\/msakademijavilnius\/","https:\/\/www.instagram.com\/msakademija\/"]}]},"product_brand":"Revlon","product_price_amount":"15.00","product_price_currency":"EUR","og_availability":"instock","product_availability":"instock","product_condition":"new"},"jetpack_sharing_enabled":true,"_links":{"self":[{"href":"https:\/\/msakademija.com\/ru\/wp-json\/wp\/v2\/product\/9849","targetHints":{"allow":["GET"]}}],"collection":[{"href":"https:\/\/msakademija.com\/ru\/wp-json\/wp\/v2\/product"}],"about":[{"href":"https:\/\/msakademija.com\/ru\/wp-json\/wp\/v2\/types\/product"}],"replies":[{"embeddable":true,"href":"https:\/\/msakademija.com\/ru\/wp-json\/wp\/v2\/comments?post=9849"}],"wp:featuredmedia":[{"embeddable":true,"href":"https:\/\/msakademija.com\/ru\/wp-json\/wp\/v2\/media\/9850"}],"wp:attachment":[{"href":"https:\/\/msakademija.com\/ru\/wp-json\/wp\/v2\/media?parent=9849"}],"wp:term":[{"taxonomy":"product_brand","embeddable":true,"href":"https:\/\/msakademija.com\/ru\/wp-json\/wp\/v2\/product_brand?post=9849"},{"taxonomy":"product_cat","embeddable":true,"href":"https:\/\/msakademija.com\/ru\/wp-json\/wp\/v2\/product_cat?post=9849"},{"taxonomy":"product_tag","embeddable":true,"href":"https:\/\/msakademija.com\/ru\/wp-json\/wp\/v2\/product_tag?post=9849"}],"curies":[{"name":"wp","href":"https:\/\/api.w.org\/{rel}","templated":true}]}}