{"id":9852,"date":"2024-04-04T00:50:55","date_gmt":"2024-04-03T21:50:55","guid":{"rendered":"https:\/\/msakademija.com\/?post_type=product&#038;p=9852"},"modified":"2026-03-14T21:02:11","modified_gmt":"2026-03-14T19:02:11","slug":"schwarzkopf-professional-osis-volume-up-volumising-treatment","status":"publish","type":"product","link":"https:\/\/msakademija.com\/ru\/produktas\/schwarzkopf-professional-osis-volume-up-apimties-suteikianti-priemone\/","title":{"rendered":"\u0421\u0440\u0435\u0434\u0441\u0442\u0432\u043e \u0434\u043b\u044f \u043f\u0440\u0438\u0434\u0430\u043d\u0438\u044f \u043e\u0431\u044a\u0435\u043c\u0430 Schwarzkopf Professional OSiS+ Volume Up"},"content":{"rendered":"<p><strong>Schwarzkopf OSiS+<\/strong>\u00a0\u043b\u0438\u043d\u0435\u0439\u043a\u0430 \u043f\u0440\u043e\u0434\u0443\u043a\u0442\u043e\u0432 \u0441\u043f\u0440\u0430\u0432\u043b\u044f\u0435\u0442\u0441\u044f \u0434\u0430\u0436\u0435 \u0441 \u0441\u0430\u043c\u044b\u043c\u0438 \u0441\u043b\u043e\u0436\u043d\u044b\u043c\u0438 \u0437\u0430\u0434\u0430\u0447\u0430\u043c\u0438 \u0441\u0442\u0430\u0439\u043b\u0438\u043d\u0433\u0430! \u042d\u0442\u043e \u0441\u0440\u0435\u0434\u0441\u0442\u0432\u0430, \u043a\u043e\u0442\u043e\u0440\u044b\u0435 \u043f\u043e\u0437\u0432\u043e\u043b\u044f\u0442 \u0432\u0430\u043c \u0434\u0430\u0442\u044c \u0432\u043e\u043b\u044e \u0444\u0430\u043d\u0442\u0430\u0437\u0438\u0438 \u0438 \u0441\u043e\u0437\u0434\u0430\u0442\u044c \u0442\u043e, \u0447\u0442\u043e \u0434\u0435\u0439\u0441\u0442\u0432\u0438\u0442\u0435\u043b\u044c\u043d\u043e \u043f\u043e\u0434\u0447\u0435\u0440\u043a\u043d\u0435\u0442 \u0438\u043d\u0434\u0438\u0432\u0438\u0434\u0443\u0430\u043b\u044c\u043d\u043e\u0441\u0442\u044c \u043a\u0430\u0436\u0434\u043e\u0433\u043e \u0447\u0435\u043b\u043e\u0432\u0435\u043a\u0430.<\/p>\n<p><strong>Schwarzkopf Professional Osis+ Volume Up\u00a0<\/strong>\u0421\u043f\u0440\u0435\u0439 \u043c\u0433\u043d\u043e\u0432\u0435\u043d\u043d\u043e \u0443\u043b\u0443\u0447\u0448\u0430\u0435\u0442 \u0442\u0435\u043a\u0441\u0442\u0443\u0440\u0443 \u0432\u043e\u043b\u043e\u0441 \u0438 \u043f\u0440\u0438\u0434\u0430\u0435\u0442 \u0438\u043c \u0436\u0435\u043b\u0430\u0435\u043c\u044b\u0439 \u043e\u0431\u044a\u0435\u043c.<\/p>\n<p>\u0421\u043f\u0435\u0446\u0438\u0430\u043b\u044c\u043d\u0430\u044f \u0444\u043e\u0440\u043c\u0443\u043b\u0430 \u043f\u043e\u043c\u043e\u0433\u0430\u0435\u0442 \u0441\u043e\u0437\u0434\u0430\u0442\u044c \u044d\u0444\u0444\u0435\u043a\u0442 \u0433\u0443\u0441\u0442\u044b\u0445, \u043f\u0443\u0448\u0438\u0441\u0442\u044b\u0445 \u0438 \u043a\u0440\u0430\u0441\u0438\u0432\u043e \u0443\u043b\u043e\u0436\u0435\u043d\u043d\u044b\u0445 \u0432\u043e\u043b\u043e\u0441. \u042d\u0442\u043e \u0434\u0435\u043b\u0430\u0435\u0442 \u0434\u0430\u043d\u043d\u043e\u0435 \u0441\u0440\u0435\u0434\u0441\u0442\u0432\u043e \u0434\u043b\u044f \u0443\u0445\u043e\u0434\u0430 \u0437\u0430 \u0432\u043e\u043b\u043e\u0441\u0430\u043c\u0438 \u043d\u0430\u0441\u0442\u043e\u044f\u0449\u0438\u043c \u0441\u043f\u0430\u0441\u0435\u043d\u0438\u0435\u043c \u0434\u043b\u044f \u0442\u0435\u0445, \u0443 \u043a\u043e\u0433\u043e \u0442\u043e\u043d\u043a\u0438\u0435 \u0432\u043e\u043b\u043e\u0441\u044b, \u043f\u0440\u0438\u043b\u0438\u043f\u0430\u044e\u0449\u0438\u0435 \u043a \u043a\u043e\u0436\u0435 \u0433\u043e\u043b\u043e\u0432\u044b.\u00a0<strong>Schwarzkopf Osis+ Volume Up\u00a0<\/strong>\u041a\u043e\u043c\u043f\u043e\u043d\u0435\u043d\u0442\u044b, \u0432\u0445\u043e\u0434\u044f\u0449\u0438\u0435 \u0432 \u0441\u043e\u0441\u0442\u0430\u0432 \u0441\u043f\u0440\u0435\u044f, \u043b\u0435\u0433\u043a\u043e \u043f\u0440\u0438\u043f\u043e\u0434\u043d\u0438\u043c\u0430\u044e\u0442 \u0438 \u0443\u043a\u0440\u0435\u043f\u043b\u044f\u044e\u0442 \u043f\u0440\u0438\u0447\u0435\u0441\u043a\u0443. \u0412 \u0440\u0435\u0437\u0443\u043b\u044c\u0442\u0430\u0442\u0435 \u0434\u0430\u0436\u0435 \u0432 \u043a\u043e\u043d\u0446\u0435 \u0434\u043d\u044f \u0432\u043e\u043b\u043e\u0441\u044b \u0432\u044b\u0433\u043b\u044f\u0434\u044f\u0442 \u0442\u0430\u043a, \u043a\u0430\u043a \u0431\u0443\u0434\u0442\u043e \u0438\u0445 \u0442\u043e\u043b\u044c\u043a\u043e \u0447\u0442\u043e \u0443\u043b\u043e\u0436\u0438\u043b\u0438.<\/p>\n<p>\u0424\u043e\u0440\u043c\u0443\u043b\u0430 \u0441\u0440\u0435\u0434\u043d\u0435\u0439 \u0444\u0438\u043a\u0441\u0430\u0446\u0438\u0438 \u043f\u043e\u043c\u043e\u0433\u0430\u0435\u0442 \u044d\u0444\u0444\u0435\u043a\u0442\u0438\u0432\u043d\u043e \u0441\u043e\u0437\u0434\u0430\u0442\u044c \u0436\u0435\u043b\u0430\u0435\u043c\u044b\u0439 \u043e\u0431\u0440\u0430\u0437, \u043d\u0435 \u0443\u0442\u044f\u0436\u0435\u043b\u044f\u044f \u0438 \u043d\u0435 \u0443\u0442\u044f\u0436\u0435\u043b\u044f\u044f \u043f\u0440\u044f\u0434\u0438. \u0412 \u0440\u0435\u0437\u0443\u043b\u044c\u0442\u0430\u0442\u0435\u00a0<strong>Schwarzkopf Osis+ Volume Up<\/strong>\u00a0\u0421\u043f\u0440\u0435\u0439 \u043f\u043e\u0437\u0432\u043e\u043b\u044f\u0435\u0442 \u0441\u043e\u0437\u0434\u0430\u0432\u0430\u0442\u044c \u0435\u0441\u0442\u0435\u0441\u0442\u0432\u0435\u043d\u043d\u044b\u0435 \u043f\u0440\u0438\u0447\u0435\u0441\u043a\u0438, \u043f\u043e\u0434\u0445\u043e\u0434\u044f\u0449\u0438\u0435 \u043a\u0430\u043a \u0434\u043b\u044f \u043f\u043e\u0432\u0441\u0435\u0434\u043d\u0435\u0432\u043d\u043e\u0439 \u0436\u0438\u0437\u043d\u0438, \u0442\u0430\u043a \u0438 \u0434\u043b\u044f \u043e\u0441\u043e\u0431\u044b\u0445 \u0441\u043b\u0443\u0447\u0430\u0435\u0432. \u0410 \u0441\u043f\u0435\u0446\u0438\u0430\u043b\u044c\u043d\u0430\u044f \u0444\u043e\u0440\u043c\u0443\u043b\u0430 \u043f\u0440\u0435\u0434\u043e\u0442\u0432\u0440\u0430\u0449\u0430\u0435\u0442 \u043f\u043e\u044f\u0432\u043b\u0435\u043d\u0438\u0435 \u0432\u0438\u0434\u0438\u043c\u044b\u0445 \u043e\u0441\u0442\u0430\u0442\u043a\u043e\u0432 \u043f\u0440\u043e\u0434\u0443\u043a\u0442\u0430 \u043d\u0430 \u0432\u043e\u043b\u043e\u0441\u0430\u0445 \u0438\u043b\u0438 \u043d\u0430 \u043a\u043e\u0436\u0435 \u0433\u043e\u043b\u043e\u0432\u044b.<\/p>\n<p>\u041a\u043b\u044e\u0447\u0435\u0432\u044b\u0435 \u043e\u0441\u043e\u0431\u0435\u043d\u043d\u043e\u0441\u0442\u0438 \u043f\u0440\u043e\u0434\u0443\u043a\u0442\u0430:<\/p>\n<ul>\n<li>\u041f\u0440\u0438\u043f\u043e\u0434\u043d\u0438\u043c\u0430\u0435\u0442 \u0432\u043e\u043b\u043e\u0441\u044b \u0443 \u043a\u043e\u0440\u043d\u0435\u0439;<\/li>\n<li>\u043f\u0440\u0438\u0434\u0430\u0435\u0442 \u043f\u0440\u0438\u0447\u0435\u0441\u043a\u0435 \u043e\u0431\u044a\u0435\u043c;<\/li>\n<li>\u044d\u0444\u0444\u0435\u043a\u0442\u0438\u0432\u043d\u043e \u0443\u043a\u0440\u0435\u043f\u043b\u044f\u0435\u0442 \u0441\u043e\u0437\u0434\u0430\u043d\u043d\u044b\u0439 \u043e\u0431\u0440\u0430\u0437;<\/li>\n<li>\u043d\u0435 \u0443\u0442\u044f\u0436\u0435\u043b\u044f\u0435\u0442 \u043f\u0440\u0438\u0447\u0435\u0441\u043a\u0443;<\/li>\n<li>\u0441\u043e\u0445\u0440\u0430\u043d\u044f\u0435\u0442 \u044d\u043b\u0430\u0441\u0442\u0438\u0447\u043d\u043e\u0441\u0442\u044c \u043f\u0440\u044f\u0434\u0435\u0439;<\/li>\n<li>\u043d\u0435 \u043e\u0441\u0442\u0430\u0432\u043b\u044f\u0435\u0442 \u0441\u043b\u0435\u0434\u043e\u0432 \u043d\u0430 \u043f\u043e\u0432\u0435\u0440\u0445\u043d\u043e\u0441\u0442\u0438 \u0432\u043e\u043b\u043e\u0441;<\/li>\n<li>\u0434\u0430\u0435\u0442 \u0434\u043b\u0438\u0442\u0435\u043b\u044c\u043d\u044b\u0439 \u044d\u0444\u0444\u0435\u043a\u0442.<\/li>\n<\/ul>\n<p><strong>Schwarzkopf Professional Osis+ Volume Up\u00a0<\/strong>\u0421\u043f\u0440\u0435\u0439 \u0434\u043b\u044f \u0432\u043e\u043b\u043e\u0441 \u043f\u043e\u0437\u0432\u043e\u043b\u044f\u0435\u0442 \u0441\u043e\u0437\u0434\u0430\u0442\u044c \u043e\u0431\u0440\u0430\u0437 \u0432\u0430\u0448\u0435\u0439 \u043c\u0435\u0447\u0442\u044b \u0431\u0435\u0437 \u043e\u0433\u0440\u0430\u043d\u0438\u0447\u0435\u043d\u0438\u0439 \u0438 \u043a\u043e\u043c\u043f\u0440\u043e\u043c\u0438\u0441\u0441\u043e\u0432.<\/p>\n<p>\u0414\u0438\u0437\u0430\u0439\u043d \u043c\u043e\u0436\u0435\u0442 \u043e\u0442\u043b\u0438\u0447\u0430\u0442\u044c\u0441\u044f \u043e\u0442 \u043f\u0440\u0435\u0434\u0441\u0442\u0430\u0432\u043b\u0435\u043d\u043d\u043e\u0433\u043e \u043d\u0430 \u0444\u043e\u0442\u043e.<\/p>\n<p>\u0421\u043f\u043e\u0441\u043e\u0431 \u043f\u0440\u0438\u043c\u0435\u043d\u0435\u043d\u0438\u044f: \u0434\u0435\u0440\u0436\u0430 \u0444\u043b\u0430\u043a\u043e\u043d \u043d\u0430 \u0440\u0430\u0441\u0441\u0442\u043e\u044f\u043d\u0438\u0438 25-30 \u0441\u043c, \u0440\u0430\u0441\u043f\u044b\u043b\u0438\u0442\u0435 \u0441\u0440\u0435\u0434\u0441\u0442\u0432\u043e \u043d\u0430 \u0441\u0443\u0445\u0438\u0435 \u0432\u043e\u043b\u043e\u0441\u044b \u043a\u043e\u0440\u043e\u0442\u043a\u0438\u043c\u0438 \u0434\u0432\u0438\u0436\u0435\u043d\u0438\u044f\u043c\u0438.<\/p>","protected":false},"excerpt":{"rendered":"<p>Schwarzkopf OSiS+\u00a0produkt\u0173 linija priima net sud\u0117tingiausius stiliaus i\u0161\u0161\u016bkius! Tai priemon\u0117s, kurios leid\u017eia i\u0161laisvinti savo fantazij\u0105 ir kurti tai, kas i\u0161 ties\u0173 pabr\u0117\u017et\u0173 kiekvieno \u017emogaus individualum\u0105. Schwarzkopf Professional Osis+ Volume Up\u00a0plauk\u0173 pur\u0161kiklis akimirksniu i\u0161ry\u0161kina plauk\u0173 tekst\u016br\u0105 ir suteikia \u0161ukuosenai trok\u0161tamos apimties. Speciali produkto formul\u0117 padeda sukurti tanki\u0173, puri\u0173 ir dailiai suformuot\u0173 plauk\u0173 efekt\u0105. D\u0117l to \u0161i [&#8230;]\n","protected":false},"featured_media":9853,"comment_status":"open","ping_status":"closed","template":"","meta":[],"product_brand":[],"product_cat":[17,16],"product_tag":[148,143,147,149],"class_list":{"0":"post-9852","1":"product","2":"type-product","3":"status-publish","4":"has-post-thumbnail","6":"product_cat-plauku-formavimo-priemones","7":"product_cat-plauku-prieziuros-ir-formavimo-priemones","8":"product_tag-apimciai","9":"product_tag-lakas","10":"product_tag-plauku","11":"product_tag-volume","13":"first","14":"instock","15":"shipping-taxable","16":"purchasable","17":"product-type-simple"},"yoast_head":"<!-- This site is optimized with the Yoast SEO Premium plugin v27.5 (Yoast SEO v27.5) - https:\/\/yoast.com\/product\/yoast-seo-premium-wordpress\/ -->\n<title>Schwarzkopf Professional OSiS+ Volume Up apimties suteikianti priemon\u0117 - MS akademija<\/title>\n<meta name=\"description\" content=\"Schwarzkopf Professional Osis+ Volume Up \u00a0plauk\u0173 pur\u0161kiklis akimirksniu i\u0161ry\u0161kina plauk\u0173 tekst\u016br\u0105 ir suteikia \u0161ukuosenai trok\u0161tamos apimties.\" \/>\n<meta name=\"robots\" content=\"index, follow, max-snippet:-1, max-image-preview:large, max-video-preview:-1\" \/>\n<link rel=\"canonical\" href=\"https:\/\/msakademija.com\/ru\/product\/schwarzkopf-professional-osis-volume-up-volumising-treatment\/\" \/>\n<meta property=\"og:locale\" content=\"ru_RU\" \/>\n<meta property=\"og:type\" content=\"article\" \/>\n<meta property=\"og:title\" content=\"Schwarzkopf Professional OSiS+ Volume Up apimties suteikianti priemon\u0117\" \/>\n<meta property=\"og:description\" content=\"Schwarzkopf Professional Osis+ Volume Up \u00a0plauk\u0173 pur\u0161kiklis akimirksniu i\u0161ry\u0161kina plauk\u0173 tekst\u016br\u0105 ir suteikia \u0161ukuosenai trok\u0161tamos apimties.\" \/>\n<meta property=\"og:url\" content=\"https:\/\/msakademija.com\/ru\/product\/schwarzkopf-professional-osis-volume-up-volumising-treatment\/\" \/>\n<meta property=\"og:site_name\" content=\"MS akademija\" \/>\n<meta property=\"article:publisher\" content=\"https:\/\/www.facebook.com\/msakademijavilnius\/\" \/>\n<meta property=\"article:modified_time\" content=\"2026-03-14T19:02:11+00:00\" \/>\n<meta property=\"og:image\" content=\"https:\/\/msakademija.com\/wp-content\/uploads\/2024\/04\/schwarzkopf-professional-osis-volume-up-apimties-suteikianti-priemone.jpg\" \/>\n\t<meta property=\"og:image:width\" content=\"800\" \/>\n\t<meta property=\"og:image:height\" content=\"800\" \/>\n\t<meta property=\"og:image:type\" content=\"image\/jpeg\" \/>\n<meta name=\"twitter:card\" content=\"summary_large_image\" \/>\n<meta name=\"twitter:label1\" content=\"\u0426\u0435\u043d\u0430\" \/>\n\t<meta name=\"twitter:data1\" content=\"&euro;13.00\" \/>\n\t<meta name=\"twitter:label2\" content=\"\u0414\u043e\u0441\u0442\u0443\u043f\u043d\u043e\u0441\u0442\u044c\" \/>\n\t<meta name=\"twitter:data2\" content=\"\u0412 \u043d\u0430\u043b\u0438\u0447\u0438\u0438\" \/>\n<script type=\"application\/ld+json\" class=\"yoast-schema-graph\">{\"@context\":\"https:\\\/\\\/schema.org\",\"@graph\":[{\"@type\":\"WebPage\",\"@id\":\"https:\\\/\\\/msakademija.com\\\/produktas\\\/schwarzkopf-professional-osis-volume-up-apimties-suteikianti-priemone\\\/\",\"url\":\"https:\\\/\\\/msakademija.com\\\/produktas\\\/schwarzkopf-professional-osis-volume-up-apimties-suteikianti-priemone\\\/\",\"name\":\"Schwarzkopf Professional OSiS+ Volume Up apimties suteikianti priemon\u0117 - MS akademija\",\"isPartOf\":{\"@id\":\"https:\\\/\\\/msakademija.com\\\/#website\"},\"primaryImageOfPage\":{\"@id\":\"https:\\\/\\\/msakademija.com\\\/produktas\\\/schwarzkopf-professional-osis-volume-up-apimties-suteikianti-priemone\\\/#primaryimage\"},\"image\":{\"@id\":\"https:\\\/\\\/msakademija.com\\\/produktas\\\/schwarzkopf-professional-osis-volume-up-apimties-suteikianti-priemone\\\/#primaryimage\"},\"thumbnailUrl\":\"https:\\\/\\\/msakademija.com\\\/wp-content\\\/uploads\\\/2024\\\/04\\\/schwarzkopf-professional-osis-volume-up-apimties-suteikianti-priemone.jpg\",\"datePublished\":\"2024-04-03T21:50:55+00:00\",\"dateModified\":\"2026-03-14T19:02:11+00:00\",\"description\":\"Schwarzkopf Professional Osis+ Volume Up \u00a0plauk\u0173 pur\u0161kiklis akimirksniu i\u0161ry\u0161kina plauk\u0173 tekst\u016br\u0105 ir suteikia \u0161ukuosenai trok\u0161tamos apimties.\",\"breadcrumb\":{\"@id\":\"https:\\\/\\\/msakademija.com\\\/produktas\\\/schwarzkopf-professional-osis-volume-up-apimties-suteikianti-priemone\\\/#breadcrumb\"},\"inLanguage\":\"ru-RU\",\"potentialAction\":[{\"@type\":\"ReadAction\",\"target\":[\"https:\\\/\\\/msakademija.com\\\/produktas\\\/schwarzkopf-professional-osis-volume-up-apimties-suteikianti-priemone\\\/\"]}]},{\"@type\":\"ImageObject\",\"inLanguage\":\"ru-RU\",\"@id\":\"https:\\\/\\\/msakademija.com\\\/produktas\\\/schwarzkopf-professional-osis-volume-up-apimties-suteikianti-priemone\\\/#primaryimage\",\"url\":\"https:\\\/\\\/msakademija.com\\\/wp-content\\\/uploads\\\/2024\\\/04\\\/schwarzkopf-professional-osis-volume-up-apimties-suteikianti-priemone.jpg\",\"contentUrl\":\"https:\\\/\\\/msakademija.com\\\/wp-content\\\/uploads\\\/2024\\\/04\\\/schwarzkopf-professional-osis-volume-up-apimties-suteikianti-priemone.jpg\",\"width\":800,\"height\":800,\"caption\":\"lakas apimciai\"},{\"@type\":\"BreadcrumbList\",\"@id\":\"https:\\\/\\\/msakademija.com\\\/produktas\\\/schwarzkopf-professional-osis-volume-up-apimties-suteikianti-priemone\\\/#breadcrumb\",\"itemListElement\":[{\"@type\":\"ListItem\",\"position\":1,\"name\":\"Home\",\"item\":\"https:\\\/\\\/msakademija.com\\\/\"},{\"@type\":\"ListItem\",\"position\":2,\"name\":\"Parduotuv\u0117\",\"item\":\"https:\\\/\\\/msakademija.com\\\/makiazo-priemoniu-parduotuve\\\/\"},{\"@type\":\"ListItem\",\"position\":3,\"name\":\"Schwarzkopf Professional OSiS+ Volume Up apimties suteikianti priemon\u0117\"}]},{\"@type\":\"WebSite\",\"@id\":\"https:\\\/\\\/msakademija.com\\\/#website\",\"url\":\"https:\\\/\\\/msakademija.com\\\/\",\"name\":\"MS akademija\",\"description\":\"Makia\u017eo ir \u0161ukuosenos akademija\",\"publisher\":{\"@id\":\"https:\\\/\\\/msakademija.com\\\/#organization\"},\"potentialAction\":[{\"@type\":\"SearchAction\",\"target\":{\"@type\":\"EntryPoint\",\"urlTemplate\":\"https:\\\/\\\/msakademija.com\\\/?s={search_term_string}\"},\"query-input\":{\"@type\":\"PropertyValueSpecification\",\"valueRequired\":true,\"valueName\":\"search_term_string\"}}],\"inLanguage\":\"ru-RU\"},{\"@type\":\"Organization\",\"@id\":\"https:\\\/\\\/msakademija.com\\\/#organization\",\"name\":\"MS akademija\",\"url\":\"https:\\\/\\\/msakademija.com\\\/\",\"logo\":{\"@type\":\"ImageObject\",\"inLanguage\":\"ru-RU\",\"@id\":\"https:\\\/\\\/msakademija.com\\\/#\\\/schema\\\/logo\\\/image\\\/\",\"url\":\"https:\\\/\\\/msakademija.com\\\/wp-content\\\/uploads\\\/2021\\\/05\\\/logo_juodas_HEADERMS.png\",\"contentUrl\":\"https:\\\/\\\/msakademija.com\\\/wp-content\\\/uploads\\\/2021\\\/05\\\/logo_juodas_HEADERMS.png\",\"width\":500,\"height\":210,\"caption\":\"MS akademija\"},\"image\":{\"@id\":\"https:\\\/\\\/msakademija.com\\\/#\\\/schema\\\/logo\\\/image\\\/\"},\"sameAs\":[\"https:\\\/\\\/www.facebook.com\\\/msakademijavilnius\\\/\",\"https:\\\/\\\/www.instagram.com\\\/msakademija\\\/\"]}]}<\/script>\n<meta property=\"product:brand\" content=\"Schwarzkopf Professional\" \/>\n<meta property=\"product:price:amount\" content=\"13.00\" \/>\n<meta property=\"product:price:currency\" content=\"EUR\" \/>\n<meta property=\"og:availability\" content=\"instock\" \/>\n<meta property=\"product:availability\" content=\"instock\" \/>\n<meta property=\"product:condition\" content=\"new\" \/>\n<!-- \/ Yoast SEO Premium plugin. -->","yoast_head_json":{"title":"Schwarzkopf Professional OSiS+ Volume Up Volumising Treatment - \u0410\u043a\u0430\u0434\u0435\u043c\u0438\u044f MS","description":"\u0421\u043f\u0440\u0435\u0439 \u0434\u043b\u044f \u0432\u043e\u043b\u043e\u0441 Schwarzkopf Professional Osis+ Volume Up \u043c\u0433\u043d\u043e\u0432\u0435\u043d\u043d\u043e \u0443\u043b\u0443\u0447\u0448\u0430\u0435\u0442 \u0442\u0435\u043a\u0441\u0442\u0443\u0440\u0443 \u0432\u043e\u043b\u043e\u0441 \u0438 \u043f\u0440\u0438\u0434\u0430\u0435\u0442 \u0438\u043c \u043d\u0435\u043e\u0431\u0445\u043e\u0434\u0438\u043c\u044b\u0439 \u043e\u0431\u044a\u0435\u043c.","robots":{"index":"index","follow":"follow","max-snippet":"max-snippet:-1","max-image-preview":"max-image-preview:large","max-video-preview":"max-video-preview:-1"},"canonical":"https:\/\/msakademija.com\/ru\/product\/schwarzkopf-professional-osis-volume-up-volumising-treatment\/","og_locale":"ru_RU","og_type":"article","og_title":"Schwarzkopf Professional OSiS+ Volume Up apimties suteikianti priemon\u0117","og_description":"Schwarzkopf Professional Osis+ Volume Up \u00a0plauk\u0173 pur\u0161kiklis akimirksniu i\u0161ry\u0161kina plauk\u0173 tekst\u016br\u0105 ir suteikia \u0161ukuosenai trok\u0161tamos apimties.","og_url":"https:\/\/msakademija.com\/ru\/product\/schwarzkopf-professional-osis-volume-up-volumising-treatment\/","og_site_name":"MS akademija","article_publisher":"https:\/\/www.facebook.com\/msakademijavilnius\/","article_modified_time":"2026-03-14T19:02:11+00:00","og_image":[{"width":800,"height":800,"url":"https:\/\/msakademija.com\/wp-content\/uploads\/2024\/04\/schwarzkopf-professional-osis-volume-up-apimties-suteikianti-priemone.jpg","type":"image\/jpeg"}],"twitter_card":"summary_large_image","twitter_misc":{"\u0426\u0435\u043d\u0430":"&euro;13.00","\u0414\u043e\u0441\u0442\u0443\u043f\u043d\u043e\u0441\u0442\u044c":"\u0412 \u043d\u0430\u043b\u0438\u0447\u0438\u0438"},"schema":{"@context":"https:\/\/schema.org","@graph":[{"@type":"WebPage","@id":"https:\/\/msakademija.com\/produktas\/schwarzkopf-professional-osis-volume-up-apimties-suteikianti-priemone\/","url":"https:\/\/msakademija.com\/produktas\/schwarzkopf-professional-osis-volume-up-apimties-suteikianti-priemone\/","name":"Schwarzkopf Professional OSiS+ Volume Up Volumising Treatment - \u0410\u043a\u0430\u0434\u0435\u043c\u0438\u044f MS","isPartOf":{"@id":"https:\/\/msakademija.com\/#website"},"primaryImageOfPage":{"@id":"https:\/\/msakademija.com\/produktas\/schwarzkopf-professional-osis-volume-up-apimties-suteikianti-priemone\/#primaryimage"},"image":{"@id":"https:\/\/msakademija.com\/produktas\/schwarzkopf-professional-osis-volume-up-apimties-suteikianti-priemone\/#primaryimage"},"thumbnailUrl":"https:\/\/msakademija.com\/wp-content\/uploads\/2024\/04\/schwarzkopf-professional-osis-volume-up-apimties-suteikianti-priemone.jpg","datePublished":"2024-04-03T21:50:55+00:00","dateModified":"2026-03-14T19:02:11+00:00","description":"\u0421\u043f\u0440\u0435\u0439 \u0434\u043b\u044f \u0432\u043e\u043b\u043e\u0441 Schwarzkopf Professional Osis+ Volume Up \u043c\u0433\u043d\u043e\u0432\u0435\u043d\u043d\u043e \u0443\u043b\u0443\u0447\u0448\u0430\u0435\u0442 \u0442\u0435\u043a\u0441\u0442\u0443\u0440\u0443 \u0432\u043e\u043b\u043e\u0441 \u0438 \u043f\u0440\u0438\u0434\u0430\u0435\u0442 \u0438\u043c \u043d\u0435\u043e\u0431\u0445\u043e\u0434\u0438\u043c\u044b\u0439 \u043e\u0431\u044a\u0435\u043c.","breadcrumb":{"@id":"https:\/\/msakademija.com\/produktas\/schwarzkopf-professional-osis-volume-up-apimties-suteikianti-priemone\/#breadcrumb"},"inLanguage":"ru-RU","potentialAction":[{"@type":"ReadAction","target":["https:\/\/msakademija.com\/produktas\/schwarzkopf-professional-osis-volume-up-apimties-suteikianti-priemone\/"]}]},{"@type":"ImageObject","inLanguage":"ru-RU","@id":"https:\/\/msakademija.com\/produktas\/schwarzkopf-professional-osis-volume-up-apimties-suteikianti-priemone\/#primaryimage","url":"https:\/\/msakademija.com\/wp-content\/uploads\/2024\/04\/schwarzkopf-professional-osis-volume-up-apimties-suteikianti-priemone.jpg","contentUrl":"https:\/\/msakademija.com\/wp-content\/uploads\/2024\/04\/schwarzkopf-professional-osis-volume-up-apimties-suteikianti-priemone.jpg","width":800,"height":800,"caption":"lakas apimciai"},{"@type":"BreadcrumbList","@id":"https:\/\/msakademija.com\/produktas\/schwarzkopf-professional-osis-volume-up-apimties-suteikianti-priemone\/#breadcrumb","itemListElement":[{"@type":"ListItem","position":1,"name":"Home","item":"https:\/\/msakademija.com\/"},{"@type":"ListItem","position":2,"name":"Parduotuv\u0117","item":"https:\/\/msakademija.com\/makiazo-priemoniu-parduotuve\/"},{"@type":"ListItem","position":3,"name":"Schwarzkopf Professional OSiS+ Volume Up apimties suteikianti priemon\u0117"}]},{"@type":"WebSite","@id":"https:\/\/msakademija.com\/#website","url":"https:\/\/msakademija.com\/","name":"\u0410\u043a\u0430\u0434\u0435\u043c\u0438\u044f MS","description":"\u0410\u043a\u0430\u0434\u0435\u043c\u0438\u044f \u043c\u0430\u043a\u0438\u044f\u0436\u0430 \u0438 \u043f\u0440\u0438\u0447\u0435\u0441\u043e\u043a","publisher":{"@id":"https:\/\/msakademija.com\/#organization"},"potentialAction":[{"@type":"SearchAction","target":{"@type":"EntryPoint","urlTemplate":"https:\/\/msakademija.com\/?s={search_term_string}"},"query-input":{"@type":"PropertyValueSpecification","valueRequired":true,"valueName":"search_term_string"}}],"inLanguage":"ru-RU"},{"@type":"Organization","@id":"https:\/\/msakademija.com\/#organization","name":"\u0410\u043a\u0430\u0434\u0435\u043c\u0438\u044f MS","url":"https:\/\/msakademija.com\/","logo":{"@type":"ImageObject","inLanguage":"ru-RU","@id":"https:\/\/msakademija.com\/#\/schema\/logo\/image\/","url":"https:\/\/msakademija.com\/wp-content\/uploads\/2021\/05\/logo_juodas_HEADERMS.png","contentUrl":"https:\/\/msakademija.com\/wp-content\/uploads\/2021\/05\/logo_juodas_HEADERMS.png","width":500,"height":210,"caption":"MS akademija"},"image":{"@id":"https:\/\/msakademija.com\/#\/schema\/logo\/image\/"},"sameAs":["https:\/\/www.facebook.com\/msakademijavilnius\/","https:\/\/www.instagram.com\/msakademija\/"]}]},"product_brand":"Schwarzkopf Professional","product_price_amount":"13.00","product_price_currency":"EUR","og_availability":"instock","product_availability":"instock","product_condition":"new"},"jetpack_sharing_enabled":true,"_links":{"self":[{"href":"https:\/\/msakademija.com\/ru\/wp-json\/wp\/v2\/product\/9852","targetHints":{"allow":["GET"]}}],"collection":[{"href":"https:\/\/msakademija.com\/ru\/wp-json\/wp\/v2\/product"}],"about":[{"href":"https:\/\/msakademija.com\/ru\/wp-json\/wp\/v2\/types\/product"}],"replies":[{"embeddable":true,"href":"https:\/\/msakademija.com\/ru\/wp-json\/wp\/v2\/comments?post=9852"}],"wp:featuredmedia":[{"embeddable":true,"href":"https:\/\/msakademija.com\/ru\/wp-json\/wp\/v2\/media\/9853"}],"wp:attachment":[{"href":"https:\/\/msakademija.com\/ru\/wp-json\/wp\/v2\/media?parent=9852"}],"wp:term":[{"taxonomy":"product_brand","embeddable":true,"href":"https:\/\/msakademija.com\/ru\/wp-json\/wp\/v2\/product_brand?post=9852"},{"taxonomy":"product_cat","embeddable":true,"href":"https:\/\/msakademija.com\/ru\/wp-json\/wp\/v2\/product_cat?post=9852"},{"taxonomy":"product_tag","embeddable":true,"href":"https:\/\/msakademija.com\/ru\/wp-json\/wp\/v2\/product_tag?post=9852"}],"curies":[{"name":"wp","href":"https:\/\/api.w.org\/{rel}","templated":true}]}}